{"id":11029,"date":"2017-08-05T09:53:07","date_gmt":"2017-08-05T12:53:07","guid":{"rendered":"http:\/\/www.institutosantosdumont.org.br\/?page_id=11029"},"modified":"2025-08-05T10:10:22","modified_gmt":"2025-08-05T13:10:22","slug":"saude-anita-garibaldi","status":"publish","type":"page","link":"https:\/\/institutosantosdumont.org.br\/en\/unidades\/saude-anita-garibaldi\/","title":{"rendered":"Anita Garibaldi Health Education and Research Center (Anita)"},"content":{"rendered":"<div data-elementor-type=\"wp-post\" data-elementor-id=\"11029\" class=\"elementor elementor-11029\" data-elementor-post-type=\"page\">\n\t\t\t\t\t\t<section class=\"elementor-section elementor-top-section elementor-element elementor-element-dn6vid3 elementor-section-boxed elementor-section-height-default elementor-section-height-default\" data-id=\"dn6vid3\" data-element_type=\"section\">\n\t\t\t\t\t\t<div class=\"elementor-container elementor-column-gap-default\">\n\t\t\t\t\t<div class=\"elementor-column elementor-col-100 elementor-top-column elementor-element elementor-element-17sebj3\" data-id=\"17sebj3\" data-element_type=\"column\">\n\t\t\t<div class=\"elementor-widget-wrap elementor-element-populated\">\n\t\t\t\t\t\t<div class=\"elementor-element elementor-element-myatpac elementor-widget elementor-widget-spacer\" data-id=\"myatpac\" data-element_type=\"widget\" data-widget_type=\"spacer.default\">\n\t\t\t\t<div class=\"elementor-widget-container\">\n\t\t\t\t\t\t\t<div class=\"elementor-spacer\">\n\t\t\t<div class=\"elementor-spacer-inner\"><\/div>\n\t\t<\/div>\n\t\t\t\t\t\t<\/div>\n\t\t\t\t<\/div>\n\t\t\t\t<div class=\"elementor-element elementor-element-pkqh925 elementor-widget elementor-widget-spacer\" data-id=\"pkqh925\" data-element_type=\"widget\" data-widget_type=\"spacer.default\">\n\t\t\t\t<div class=\"elementor-widget-container\">\n\t\t\t\t\t\t\t<div class=\"elementor-spacer\">\n\t\t\t<div class=\"elementor-spacer-inner\"><\/div>\n\t\t<\/div>\n\t\t\t\t\t\t<\/div>\n\t\t\t\t<\/div>\n\t\t\t\t<div class=\"elementor-element elementor-element-xsevhnd elementor-widget elementor-widget-text-editor\" data-id=\"xsevhnd\" data-element_type=\"widget\" data-widget_type=\"text-editor.default\">\n\t\t\t\t<div class=\"elementor-widget-container\">\n\t\t\t\t\t\t\t\t\t<p>Health Education is the essence of this unit at Instituto Santos Dumont (ISD) dedicated to <strong>training<\/strong>, to the <strong>development<\/strong> and the <strong>Permanent Education<\/strong> of health professionals. The ISD believes that investing in teaching and research in health is to contribute to a fairer and more humane transformation of the Brazilian social reality.<\/p><p>O <strong>Anita Garibaldi Health Education and Research Center (Anita)<\/strong>, founded in 2008, is a great school for undergraduate students, medical and multidisciplinary residencies, professionals and researchers in the health sciences and related fields.<\/p><p>A <strong>education and interprofessional work<\/strong> in health developed at Anita seek to reorient training and the health care model from the perspective of integrality and humanization of care, valuing users and their needs as fundamental elements for strengthening the Unified Health System (SUS).<\/p><p>Located in Maca\u00edba, in Rio Grande do Norte, Anita is part of the SUS as an outpatient reference service for multidisciplinary care for <strong>maternal and child health<\/strong> is for <strong>auditory, physical and intellectual rehabilitation and, more recently, visual,<\/strong> in the proposal of Community Based Education.<\/p><p>Health care actions are aimed exclusively at users of the Unified Health System (SUS) and appointments are made through referrals made by the Basic Health Units, following the procedures used by the Reference and Counter-reference System and by the System Regulation (SISREG).<\/p>\t\t\t\t\t\t\t\t<\/div>\n\t\t\t\t<\/div>\n\t\t\t\t<section class=\"elementor-section elementor-inner-section elementor-element elementor-element-cziilqn elementor-section-height-min-height elementor-section-content-bottom elementor-section-boxed elementor-section-height-default\" data-id=\"cziilqn\" data-element_type=\"section\">\n\t\t\t\t\t\t<div class=\"elementor-container elementor-column-gap-wider\">\n\t\t\t\t\t<div class=\"elementor-column elementor-col-33 elementor-inner-column elementor-element elementor-element-awlkvwr\" data-id=\"awlkvwr\" data-element_type=\"column\" data-settings=\"{&quot;background_background&quot;:&quot;classic&quot;}\">\n\t\t\t<div class=\"elementor-widget-wrap elementor-element-populated\">\n\t\t\t\t\t\t<div class=\"elementor-element elementor-element-vegjzrf elementor-widget elementor-widget-heading\" data-id=\"vegjzrf\" data-element_type=\"widget\" data-widget_type=\"heading.default\">\n\t\t\t\t<div class=\"elementor-widget-container\">\n\t\t\t\t\t<h3 class=\"elementor-heading-title elementor-size-large\">Education and Interprofessional Work<\/h3>\t\t\t\t<\/div>\n\t\t\t\t<\/div>\n\t\t\t\t\t<\/div>\n\t\t<\/div>\n\t\t\t\t<div class=\"elementor-column elementor-col-33 elementor-inner-column elementor-element elementor-element-5m0a9rx\" data-id=\"5m0a9rx\" data-element_type=\"column\" data-settings=\"{&quot;background_background&quot;:&quot;classic&quot;}\">\n\t\t\t<div class=\"elementor-widget-wrap elementor-element-populated\">\n\t\t\t\t\t\t<div class=\"elementor-element elementor-element-b3a4j9g elementor-widget elementor-widget-heading\" data-id=\"b3a4j9g\" data-element_type=\"widget\" data-widget_type=\"heading.default\">\n\t\t\t\t<div class=\"elementor-widget-container\">\n\t\t\t\t\t<h3 class=\"elementor-heading-title elementor-size-large\">Permanent Education in Health<\/h3>\t\t\t\t<\/div>\n\t\t\t\t<\/div>\n\t\t\t\t\t<\/div>\n\t\t<\/div>\n\t\t\t\t<div class=\"elementor-column elementor-col-33 elementor-inner-column elementor-element elementor-element-axzdda7\" data-id=\"axzdda7\" data-element_type=\"column\" data-settings=\"{&quot;background_background&quot;:&quot;classic&quot;}\">\n\t\t\t<div class=\"elementor-widget-wrap elementor-element-populated\">\n\t\t\t\t\t\t<div class=\"elementor-element elementor-element-ayo9oa1 elementor-widget elementor-widget-heading\" data-id=\"ayo9oa1\" data-element_type=\"widget\" data-widget_type=\"heading.default\">\n\t\t\t\t<div class=\"elementor-widget-container\">\n\t\t\t\t\t<h3 class=\"elementor-heading-title elementor-size-large\">Maternal and Child Health and People with Disabilities<\/h3>\t\t\t\t<\/div>\n\t\t\t\t<\/div>\n\t\t\t\t\t<\/div>\n\t\t<\/div>\n\t\t\t\t\t<\/div>\n\t\t<\/section>\n\t\t\t\t<div class=\"elementor-element elementor-element-k9hwktk elementor-widget elementor-widget-spacer\" data-id=\"k9hwktk\" data-element_type=\"widget\" data-widget_type=\"spacer.default\">\n\t\t\t\t<div class=\"elementor-widget-container\">\n\t\t\t\t\t\t\t<div class=\"elementor-spacer\">\n\t\t\t<div class=\"elementor-spacer-inner\"><\/div>\n\t\t<\/div>\n\t\t\t\t\t\t<\/div>\n\t\t\t\t<\/div>\n\t\t\t\t<div class=\"elementor-element elementor-element-ok3onsl elementor-widget elementor-widget-text-editor\" data-id=\"ok3onsl\" data-element_type=\"widget\" data-widget_type=\"text-editor.default\">\n\t\t\t\t<div class=\"elementor-widget-container\">\n\t\t\t\t\t\t\t\t\t<p>A <a href=\"http:\/\/www.ufrn.br\/\" target=\"_blank\" rel=\"noopener noreferrer nofollow\"><strong>Federal University of Rio Grande do Norte (UFRN)<\/strong><\/a> is Anita&#039;s main partner for the development of integrated teaching, research and extension actions.<\/p><p>The articulation strategies with the <strong><a href=\"http:\/\/dab.saude.gov.br\/portaldab\/smp_ras.php\" target=\"_blank\" rel=\"noopener noreferrer\">Health Care Networks in the SUS<\/a><\/strong>,<strong>\u00a0<\/strong>according to the priorities of the federal, state and municipal health agendas, represent the mechanism through which the ethical-political-pedagogical proposal of the ISD reaches the <strong>Permanent Education in Health.<\/strong><\/p><h2><strong>Maternal and Child Health<\/strong><\/h2><p>In nearly a decade of acting as <strong>SUS outpatient referral center<\/strong> In the State of Rio Grande do Norte, CEPS activities include:<\/p>\t\t\t\t\t\t\t\t<\/div>\n\t\t\t\t<\/div>\n\t\t\t\t<section class=\"elementor-section elementor-inner-section elementor-element elementor-element-d01ypqu elementor-section-boxed elementor-section-height-default elementor-section-height-default\" data-id=\"d01ypqu\" data-element_type=\"section\">\n\t\t\t\t\t\t<div class=\"elementor-container elementor-column-gap-default\">\n\t\t\t\t\t<div class=\"elementor-column elementor-col-50 elementor-inner-column elementor-element elementor-element-6v4iney\" data-id=\"6v4iney\" data-element_type=\"column\">\n\t\t\t<div class=\"elementor-widget-wrap elementor-element-populated\">\n\t\t\t\t\t\t<div class=\"elementor-element elementor-element-n2ghlx7 elementor-widget elementor-widget-text-editor\" data-id=\"n2ghlx7\" data-element_type=\"widget\" data-widget_type=\"text-editor.default\">\n\t\t\t\t<div class=\"elementor-widget-container\">\n\t\t\t\t\t\t\t\t\t<ul><li>High-risk prenatal care;<\/li><li>Specialized assistance to pregnant women and children with HIV\/AIDS;<\/li><li>Multidisciplinary care service for Autistic Spectrum Disorder (ASD);<\/li><li>Infectology in pregnancy;<\/li><li>Fetal medicine;<\/li><li>Nursing in Women&#039;s Health and Children&#039;s Health;<\/li><\/ul>\t\t\t\t\t\t\t\t<\/div>\n\t\t\t\t<\/div>\n\t\t\t\t\t<\/div>\n\t\t<\/div>\n\t\t\t\t<div class=\"elementor-column elementor-col-50 elementor-inner-column elementor-element elementor-element-d2g6k98\" data-id=\"d2g6k98\" data-element_type=\"column\">\n\t\t\t<div class=\"elementor-widget-wrap elementor-element-populated\">\n\t\t\t\t\t\t<div class=\"elementor-element elementor-element-qfcw46w elementor-widget elementor-widget-text-editor\" data-id=\"qfcw46w\" data-element_type=\"widget\" data-widget_type=\"text-editor.default\">\n\t\t\t\t<div class=\"elementor-widget-container\">\n\t\t\t\t\t\t\t\t\t<ul><li>Pediatrics;<\/li><li>Child neurology;<\/li><li>Electroencephalography;<\/li><li>Ultrasonography;<\/li><li>Children&#039;s physiotherapy and women&#039;s health;<\/li><li>Adult and child psychology;<\/li><li>Clinical Laboratory.<\/li><\/ul>\t\t\t\t\t\t\t\t<\/div>\n\t\t\t\t<\/div>\n\t\t\t\t\t<\/div>\n\t\t<\/div>\n\t\t\t\t\t<\/div>\n\t\t<\/section>\n\t\t\t\t<div class=\"elementor-element elementor-element-4bvmfzp elementor-widget elementor-widget-text-editor\" data-id=\"4bvmfzp\" data-element_type=\"widget\" data-widget_type=\"text-editor.default\">\n\t\t\t\t<div class=\"elementor-widget-container\">\n\t\t\t\t\t\t\t\t\t<h2><strong>Health of People with Disabilities<\/strong><\/h2><p>In 2016, Ordinance No. 1,430 of the Ministry of Health qualified CEPS as a <strong>Specialized Rehabilitation Center<\/strong> Hearing, Physical and Intellectual (CER-III).<\/p><p><span style=\"font-weight: 400;\">On August 6, 2021, Ordinance N\u00ba 1.842, signed by Minister Marcelo Queiroga, made official the change of category of the Anita Garibaldi Specialized Rehabilitation Center (CER Anita) from III to IV. From then on, in addition to rehabilitation services for hearing, intellectual and motor disabilities, CER IV Anita, operated by the Santos Dumont Institute (ISD), began to serve patients with visual impairments.<\/span><\/p><p><span style=\"font-weight: 400;\">The first CER IV in Greater Natal, and the second in Rio Grande do Norte, will assist patients from the 7th Health Region, which includes the municipalities of Maca\u00edba, Natal, Parnamirim, Extremoz and S\u00e3o Gon\u00e7alo do Amarante. This region concentrates 1,371,945 inhabitants, which corresponds to almost 39% of the Potiguar population.\u00a0<\/span><\/p><p>The CER managed by ISD is the first in the Northeast region to take care of the health of people with disabilities integrated into a research and innovation system, through the work developed together with the <a href=\"https:\/\/institutosantosdumont.org.br\/en\/unidades\/instituto-neurociencias\/\" target=\"_blank\" rel=\"noopener noreferrer\"><strong>Edmond and Lily Safra International Institute of Neuroscience (IIN-ELS)<\/strong><\/a>.<\/p><p>CER IV actions are organized into clinics:<\/p>\t\t\t\t\t\t\t\t<\/div>\n\t\t\t\t<\/div>\n\t\t\t\t<div class=\"elementor-element elementor-element-ls2uost elementor-widget elementor-widget-text-editor\" data-id=\"ls2uost\" data-element_type=\"widget\" data-widget_type=\"text-editor.default\">\n\t\t\t\t<div class=\"elementor-widget-container\">\n\t\t\t\t\t\t\t\t\t<ul><li>Epilepsy (child and adult);<\/li><li>Parkinson&#039;s;<\/li><li>Autistic Spectrum Disorder (ASD);<\/li><li>Spinal Cord Injury (children and adults);<\/li><li>Microcephaly;<\/li><li>Hearing Impairment (children and adults);<\/li><li>Prematurity;<\/li><li>Neurogenic bladder.<\/li><\/ul>\t\t\t\t\t\t\t\t<\/div>\n\t\t\t\t<\/div>\n\t\t\t\t<div class=\"elementor-element elementor-element-imqark3 elementor-widget elementor-widget-text-editor\" data-id=\"imqark3\" data-element_type=\"widget\" data-widget_type=\"text-editor.default\">\n\t\t\t\t<div class=\"elementor-widget-container\">\n\t\t\t\t\t\t\t\t\t<h2><strong>Multiprofessional Residency in Health Care for Persons with Disabilities<\/strong><\/h2><p>O<a href=\"https:\/\/institutosantosdumont.org.br\/en\/residencia-multiprofissional\/\" target=\"_blank\" rel=\"noopener noreferrer\"><strong> Multiprofessional Residency Program in Health Care for Persons with Disabilities<\/strong><\/a><strong>,\u00a0<\/strong>approved through the public call of the Ministry of Education, in 2017, is a pioneer in Brazil.\u00a0<\/p><p>Offered by the Anita Garibaldi Health Education and Research Center, it is aimed at professionals in the areas of\u00a0<strong>physiotherapy<\/strong>,\u00a0<strong>speech therapy, psychology<\/strong>\u00a0It is\u00a0<strong>social service<\/strong>, bringing together the areas of teaching, research and extension, strengthening both the Care Network for Persons with Disabilities in the context of the Unified Health System (SUS) and the <a href=\"http:\/\/www.pessoacomdeficiencia.gov.br\/app\/viver-sem-limite\" target=\"_blank\" rel=\"noopener noreferrer\"><strong>National Plan for the Rights of Persons with Disabilities - Living Without Limits Plan<\/strong><\/a>. In addition, the Program contemplates the interface of joint action with the Postgraduate Program in Neuroengineering of the\u00a0<strong><a href=\"https:\/\/institutosantosdumont.org.br\/en\/instituto-neurociencias\/\" target=\"_blank\" rel=\"noopener noreferrer\">Edmond and Lily Safra International Institute of Neuroscience (IIN-ELS)<\/a>.<\/strong><\/p>\t\t\t\t\t\t\t\t<\/div>\n\t\t\t\t<\/div>\n\t\t\t\t<section class=\"elementor-section elementor-inner-section elementor-element elementor-element-g2rlj35 elementor-section-boxed elementor-section-height-default elementor-section-height-default\" data-id=\"g2rlj35\" data-element_type=\"section\">\n\t\t\t\t\t\t<div class=\"elementor-container elementor-column-gap-default\">\n\t\t\t\t\t<div class=\"elementor-column elementor-col-100 elementor-inner-column elementor-element elementor-element-c0ll7de\" data-id=\"c0ll7de\" data-element_type=\"column\">\n\t\t\t<div class=\"elementor-widget-wrap elementor-element-populated\">\n\t\t\t\t\t\t<div class=\"elementor-element elementor-element-9rlgnmx elementor-widget elementor-widget-image\" data-id=\"9rlgnmx\" data-element_type=\"widget\" data-widget_type=\"image.default\">\n\t\t\t\t<div class=\"elementor-widget-container\">\n\t\t\t\t\t\t\t\t\t\t\t\t<figure class=\"wp-caption\">\n\t\t\t\t\t\t\t\t\t\t<img fetchpriority=\"high\" decoding=\"async\" width=\"768\" height=\"512\" src=\"https:\/\/institutosantosdumont.org.br\/wp-content\/uploads\/2021\/08\/Atendimento-de-Fisioterapia-no-Anita-Garibaldi-_-Foto-ASCOM-ISD-2-768x512.jpg\" class=\"attachment-medium_large size-medium_large wp-image-22380\" alt=\"\" srcset=\"https:\/\/institutosantosdumont.org.br\/wp-content\/uploads\/2021\/08\/Atendimento-de-Fisioterapia-no-Anita-Garibaldi-_-Foto-ASCOM-ISD-2-768x512.jpg 768w, https:\/\/institutosantosdumont.org.br\/wp-content\/uploads\/2021\/08\/Atendimento-de-Fisioterapia-no-Anita-Garibaldi-_-Foto-ASCOM-ISD-2-300x200.jpg 300w, https:\/\/institutosantosdumont.org.br\/wp-content\/uploads\/2021\/08\/Atendimento-de-Fisioterapia-no-Anita-Garibaldi-_-Foto-ASCOM-ISD-2-1024x683.jpg 1024w\" sizes=\"(max-width: 768px) 100vw, 768px\" \/>\t\t\t\t\t\t\t\t\t\t\t<figcaption class=\"widget-image-caption wp-caption-text\">Physiotherapy service at Anita Garibaldi _ Photo ASCOM ISD<\/figcaption>\n\t\t\t\t\t\t\t\t\t\t<\/figure>\n\t\t\t\t\t\t\t\t\t<\/div>\n\t\t\t\t<\/div>\n\t\t\t\t\t<\/div>\n\t\t<\/div>\n\t\t\t\t\t<\/div>\n\t\t<\/section>\n\t\t\t\t\t<\/div>\n\t\t<\/div>\n\t\t\t\t\t<\/div>\n\t\t<\/section>\n\t\t\t\t<section class=\"elementor-section elementor-top-section elementor-element elementor-element-z2lvq3y elementor-section-boxed elementor-section-height-default elementor-section-height-default\" data-id=\"z2lvq3y\" data-element_type=\"section\">\n\t\t\t\t\t\t<div class=\"elementor-container elementor-column-gap-default\">\n\t\t\t\t\t<div class=\"elementor-column elementor-col-100 elementor-top-column elementor-element elementor-element-cdwr9yb\" data-id=\"cdwr9yb\" data-element_type=\"column\">\n\t\t\t<div class=\"elementor-widget-wrap elementor-element-populated\">\n\t\t\t\t\t\t<div class=\"elementor-element elementor-element-wsu17lt elementor-view-framed elementor-shape-circle elementor-widget elementor-widget-icon\" data-id=\"wsu17lt\" data-element_type=\"widget\" data-widget_type=\"icon.default\">\n\t\t\t\t<div class=\"elementor-widget-container\">\n\t\t\t\t\t\t\t<div class=\"elementor-icon-wrapper\">\n\t\t\t<div class=\"elementor-icon\">\n\t\t\t\t\t\t\t<i class=\"fa fa-phone\" aria-hidden=\"true\"><\/i>\n\t\t\t\t\t\t<\/div>\n\t\t<\/div>\n\t\t\t\t\t\t<\/div>\n\t\t\t\t<\/div>\n\t\t\t\t<div class=\"elementor-element elementor-element-bbec599 elementor-align-center elementor-widget elementor-widget-button\" data-id=\"bbec599\" data-element_type=\"widget\" data-widget_type=\"button.default\">\n\t\t\t\t<div class=\"elementor-widget-container\">\n\t\t\t\t\t\t\t\t\t<div class=\"elementor-button-wrapper\">\n\t\t\t\t\t<a class=\"elementor-button elementor-button-link elementor-size-lg\" href=\"#\">\n\t\t\t\t\t\t<span class=\"elementor-button-content-wrapper\">\n\t\t\t\t\t\t<span class=\"elementor-button-icon\">\n\t\t\t\t\t\t\t\t\t<i class=\"fa fa-exclamation-triangle\" aria-hidden=\"true\"><\/i>\n\t\t\t\t\t\t\t<\/span>\n\t\t\t\t\t\t\t\t\t<span class=\"elementor-button-text\">IMPORTANT: Appointments can only be scheduled over the phone.<\/span>\n\t\t\t\t\t<\/span>\n\t\t\t\t\t<\/a>\n\t\t\t\t<\/div>\n\t\t\t\t\t\t\t\t<\/div>\n\t\t\t\t<\/div>\n\t\t\t\t<div class=\"elementor-element elementor-element-5tnhcsk elementor-widget elementor-widget-text-editor\" data-id=\"5tnhcsk\" data-element_type=\"widget\" data-widget_type=\"text-editor.default\">\n\t\t\t\t<div class=\"elementor-widget-container\">\n\t\t\t\t\t\t\t\t\t<p>The Anita Garibaldi Health Education and Research Center is open from Monday to Friday (with the exception of national and local holidays), from 8 am to 5 pm.<\/p><p style=\"text-align: left;\"><strong>Schedule appointments and exams:<\/strong>\u00a0+55 (84)\u00a04042-0044 | (84) 4042-0033<\/p><p style=\"text-align: left;\"><strong>Administrative affairs:<\/strong> +55 (84) 3271-3311<\/p>\t\t\t\t\t\t\t\t<\/div>\n\t\t\t\t<\/div>\n\t\t\t\t<div class=\"elementor-element elementor-element-a3q0yyf elementor-view-framed elementor-shape-circle elementor-widget elementor-widget-icon\" data-id=\"a3q0yyf\" data-element_type=\"widget\" data-widget_type=\"icon.default\">\n\t\t\t\t<div class=\"elementor-widget-container\">\n\t\t\t\t\t\t\t<div class=\"elementor-icon-wrapper\">\n\t\t\t<div class=\"elementor-icon\">\n\t\t\t\t\t\t\t<i class=\"fa fa-home\" aria-hidden=\"true\"><\/i>\n\t\t\t\t\t\t<\/div>\n\t\t<\/div>\n\t\t\t\t\t\t<\/div>\n\t\t\t\t<\/div>\n\t\t\t\t<div class=\"elementor-element elementor-element-2viefmh elementor-widget elementor-widget-text-editor\" data-id=\"2viefmh\" data-element_type=\"widget\" data-widget_type=\"text-editor.default\">\n\t\t\t\t<div class=\"elementor-widget-container\">\n\t\t\t\t\t\t\t\t\t<p>Jundia\u00ed Avenue (RN 160), No. 2010, Campinas, Maca\u00edba\/RN.&nbsp;<\/p><p>ZIP Code: 59.285-668<\/p><p><strong>Location:&nbsp;<a href=\"https:\/\/g.page\/cepsanitagaribaldi\" target=\"_blank\" rel=\"noopener noreferrer nofollow\">https:\/\/g.page\/cepsanitagaribaldi<\/a><\/strong><\/p>\t\t\t\t\t\t\t\t<\/div>\n\t\t\t\t<\/div>\n\t\t\t\t<div class=\"elementor-element elementor-element-5ba068z elementor-widget elementor-widget-spacer\" data-id=\"5ba068z\" data-element_type=\"widget\" data-widget_type=\"spacer.default\">\n\t\t\t\t<div class=\"elementor-widget-container\">\n\t\t\t\t\t\t\t<div class=\"elementor-spacer\">\n\t\t\t<div class=\"elementor-spacer-inner\"><\/div>\n\t\t<\/div>\n\t\t\t\t\t\t<\/div>\n\t\t\t\t<\/div>\n\t\t\t\t\t<\/div>\n\t\t<\/div>\n\t\t\t\t\t<\/div>\n\t\t<\/section>\n\t\t\t\t<\/div>","protected":false},"excerpt":{"rendered":"<p>Health Education is the essence of this unit of the Santos Dumont Institute (ISD) dedicated to the training, development and ongoing education of health professionals. ISD believes that investing in health education and research contributes to a more just and humane transformation of Brazilian social reality. The Center for Health Education [\u2026]<\/p>","protected":false},"author":6,"featured_media":0,"parent":11023,"menu_order":0,"comment_status":"closed","ping_status":"closed","template":"","meta":{"_acf_changed":false,"footnotes":""},"class_list":["post-11029","page","type-page","status-publish","hentry"],"acf":[],"_links":{"self":[{"href":"https:\/\/institutosantosdumont.org.br\/en\/wp-json\/wp\/v2\/pages\/11029","targetHints":{"allow":["GET"]}}],"collection":[{"href":"https:\/\/institutosantosdumont.org.br\/en\/wp-json\/wp\/v2\/pages"}],"about":[{"href":"https:\/\/institutosantosdumont.org.br\/en\/wp-json\/wp\/v2\/types\/page"}],"author":[{"embeddable":true,"href":"https:\/\/institutosantosdumont.org.br\/en\/wp-json\/wp\/v2\/users\/6"}],"replies":[{"embeddable":true,"href":"https:\/\/institutosantosdumont.org.br\/en\/wp-json\/wp\/v2\/comments?post=11029"}],"version-history":[{"count":5,"href":"https:\/\/institutosantosdumont.org.br\/en\/wp-json\/wp\/v2\/pages\/11029\/revisions"}],"predecessor-version":[{"id":33087,"href":"https:\/\/institutosantosdumont.org.br\/en\/wp-json\/wp\/v2\/pages\/11029\/revisions\/33087"}],"up":[{"embeddable":true,"href":"https:\/\/institutosantosdumont.org.br\/en\/wp-json\/wp\/v2\/pages\/11023"}],"wp:attachment":[{"href":"https:\/\/institutosantosdumont.org.br\/en\/wp-json\/wp\/v2\/media?parent=11029"}],"curies":[{"name":"wp","href":"https:\/\/api.w.org\/{rel}","templated":true}]}}