{"id":11057,"date":"2017-08-06T19:25:07","date_gmt":"2017-08-06T22:25:07","guid":{"rendered":"http:\/\/www.institutosantosdumont.org.br\/?page_id=11057"},"modified":"2025-01-08T11:17:30","modified_gmt":"2025-01-08T14:17:30","slug":"sala-imprensa","status":"publish","type":"page","link":"https:\/\/institutosantosdumont.org.br\/en\/sala-imprensa\/","title":{"rendered":"Press room"},"content":{"rendered":"<div data-elementor-type=\"wp-post\" data-elementor-id=\"11057\" class=\"elementor elementor-11057\" data-elementor-post-type=\"page\">\n\t\t\t\t\t\t<section class=\"elementor-section elementor-top-section elementor-element elementor-element-alz5499 elementor-section-boxed elementor-section-height-default elementor-section-height-default\" data-id=\"alz5499\" data-element_type=\"section\">\n\t\t\t\t\t\t<div class=\"elementor-container elementor-column-gap-default\">\n\t\t\t\t\t<div class=\"elementor-column elementor-col-100 elementor-top-column elementor-element elementor-element-reb84bb\" data-id=\"reb84bb\" data-element_type=\"column\">\n\t\t\t<div class=\"elementor-widget-wrap elementor-element-populated\">\n\t\t\t\t\t\t<div class=\"elementor-element elementor-element-8aycqt0 elementor-widget elementor-widget-spacer\" data-id=\"8aycqt0\" data-element_type=\"widget\" data-widget_type=\"spacer.default\">\n\t\t\t\t<div class=\"elementor-widget-container\">\n\t\t\t\t\t\t\t<div class=\"elementor-spacer\">\n\t\t\t<div class=\"elementor-spacer-inner\"><\/div>\n\t\t<\/div>\n\t\t\t\t\t\t<\/div>\n\t\t\t\t<\/div>\n\t\t\t\t<section class=\"elementor-section elementor-inner-section elementor-element elementor-element-84ff3b4 elementor-section-boxed elementor-section-height-default elementor-section-height-default\" data-id=\"84ff3b4\" data-element_type=\"section\">\n\t\t\t\t\t\t<div class=\"elementor-container elementor-column-gap-default\">\n\t\t\t\t\t<div class=\"elementor-column elementor-col-50 elementor-inner-column elementor-element elementor-element-f40f983\" data-id=\"f40f983\" data-element_type=\"column\">\n\t\t\t<div class=\"elementor-widget-wrap elementor-element-populated\">\n\t\t\t\t\t\t<div class=\"elementor-element elementor-element-121e053 elementor-widget elementor-widget-image\" data-id=\"121e053\" data-element_type=\"widget\" data-widget_type=\"image.default\">\n\t\t\t\t<div class=\"elementor-widget-container\">\n\t\t\t\t\t\t\t\t\t\t\t\t\t\t\t\t<a href=\"https:\/\/institutosantosdumont.org.br\/en\/2019\/05\/29\/isd-midia-saude-mulher-mortalidade-materna\/\" target=\"_blank\">\n\t\t\t\t\t\t\t<img fetchpriority=\"high\" decoding=\"async\" width=\"800\" height=\"534\" src=\"https:\/\/institutosantosdumont.org.br\/wp-content\/uploads\/2021\/07\/IMG_6155-1024x683.jpg\" class=\"attachment-large size-large wp-image-22134\" alt=\"\" srcset=\"https:\/\/institutosantosdumont.org.br\/wp-content\/uploads\/2021\/07\/IMG_6155-1024x683.jpg 1024w, https:\/\/institutosantosdumont.org.br\/wp-content\/uploads\/2021\/07\/IMG_6155-300x200.jpg 300w, https:\/\/institutosantosdumont.org.br\/wp-content\/uploads\/2021\/07\/IMG_6155-768x512.jpg 768w\" sizes=\"(max-width: 800px) 100vw, 800px\" \/>\t\t\t\t\t\t\t\t<\/a>\n\t\t\t\t\t\t\t\t\t\t\t\t\t\t\t<\/div>\n\t\t\t\t<\/div>\n\t\t\t\t\t<\/div>\n\t\t<\/div>\n\t\t\t\t<div class=\"elementor-column elementor-col-50 elementor-inner-column elementor-element elementor-element-ce3bd37\" data-id=\"ce3bd37\" data-element_type=\"column\">\n\t\t\t<div class=\"elementor-widget-wrap elementor-element-populated\">\n\t\t\t\t\t\t<div class=\"elementor-element elementor-element-8bc85b1 elementor-widget elementor-widget-image\" data-id=\"8bc85b1\" data-element_type=\"widget\" data-widget_type=\"image.default\">\n\t\t\t\t<div class=\"elementor-widget-container\">\n\t\t\t\t\t\t\t\t\t\t\t\t\t\t\t\t<a href=\"https:\/\/institutosantosdumont.org.br\/en\/2019\/01\/14\/ciencia-usada-melhoria-rendimento-esporte\/\" target=\"_blank\">\n\t\t\t\t\t\t\t<img decoding=\"async\" width=\"600\" height=\"400\" src=\"https:\/\/institutosantosdumont.org.br\/wp-content\/uploads\/2021\/08\/EDITADA-4.jpg\" class=\"attachment-large size-large wp-image-22278\" alt=\"\" srcset=\"https:\/\/institutosantosdumont.org.br\/wp-content\/uploads\/2021\/08\/EDITADA-4.jpg 600w, https:\/\/institutosantosdumont.org.br\/wp-content\/uploads\/2021\/08\/EDITADA-4-300x200.jpg 300w\" sizes=\"(max-width: 600px) 100vw, 600px\" \/>\t\t\t\t\t\t\t\t<\/a>\n\t\t\t\t\t\t\t\t\t\t\t\t\t\t\t<\/div>\n\t\t\t\t<\/div>\n\t\t\t\t\t<\/div>\n\t\t<\/div>\n\t\t\t\t\t<\/div>\n\t\t<\/section>\n\t\t\t\t<div class=\"elementor-element elementor-element-qhcrxi0 elementor-widget elementor-widget-text-editor\" data-id=\"qhcrxi0\" data-element_type=\"widget\" data-widget_type=\"text-editor.default\">\n\t\t\t\t<div class=\"elementor-widget-container\">\n\t\t\t\t\t\t\t\t\t<p>The Santos Dumont Institute Communication Office (ISD) assists journalists and communication vehicles, offering information and support for the production of content involving the Institute or the areas in which it operates.<\/p>\n<p>Diverse news about the ISD can be found in the main menu of the site, in the tab&nbsp;<a href=\"https:\/\/institutosantosdumont.org.br\/en\/noticias\/\" target=\"_blank\" rel=\"noopener\">News<\/a>. To find out about the events and activities of the Institute&nbsp;<strong><a href=\"https:\/\/institutosantosdumont.org.br\/en\/eventos-e-atividades\/\" target=\"_blank\" rel=\"noopener noreferrer\">CLICK HERE<\/a>;&nbsp;<\/strong>for videos, <strong><a href=\"https:\/\/www.youtube.com\/channel\/UCZ-EPym4mHvHrRgkRkej1tQ\" target=\"_blank\" rel=\"noopener noreferrer\">HERE<\/a>.<\/strong><\/p>\n<p>The ISD communication team can also help press professionals with:<\/p>\n<ul>\n<li>Suggestions of guidelines for reports;<\/li>\n<li>Scheduling interviews with ISD sources in the various areas in which the Institute operates;<\/li>\n<li>Provision of support material (documents and images), if necessary;<\/li>\n<li>Scheduling dates for filming or photography at ISD Units, among other demands.<\/li>\n<\/ul>\n<h2><span style=\"text-decoration: underline;\"><strong>Press service<\/strong><\/span><\/h2>\n<p><strong>Contacts:<\/strong><\/p>\n<p>Email:<a href=\"mailto:comunicacao@isd.org.br\"> comunicacao@isd.org.br<\/a><\/p>\n<p>Phone\/WhatsApp: (84) 99416-1880<\/p>\n<p><span style=\"font-weight: bold; font-size: 1.3em;\">Advisors:<\/span><\/p>\n<p>Naomi Lamarck:<a style=\"background-color: #ffffff;\" href=\"mailto:comunicacao@isd.org.br\">&nbsp;<\/a><b>naomi.lamarck@isd.org.br<\/b><span style=\"font-weight: bold; font-size: 1.3em;\"><br><\/span><\/p>\n<p>Norton Raphael: <b>norton.amorim@isd.org.br<\/b><\/p>\n<p><b style=\"color: inherit; font-family: inherit; font-size: 2rem;\">OTHER CONTACTS<\/b><\/p>\n<h3><strong>For the public interested in:<\/strong><\/h3>\n<ul>\n<li><strong>CONSULTATIONS AND SERVICES \u2013&nbsp;<\/strong>For information about scheduling the<strong> Anita Garibaldi Health Education and Research Center (CEPS)<\/strong>:<strong> <a href=\"https:\/\/institutosantosdumont.org.br\/en\/unidades\/saude-anita-garibaldi\/\" target=\"_blank\" rel=\"noopener noreferrer\">CLICK HERE<\/a><\/strong>;<\/li>\n<li><strong>MASTER IN NEUROENGINEERING:<\/strong> For information about the program and other actions of the<strong>&nbsp;Edmond and Lily Safra International Institute of Neuroscience (IIN-ELS)<\/strong>:&nbsp;<a href=\"https:\/\/institutosantosdumont.org.br\/en\/instituto-neurociencias\/\" target=\"_blank\" rel=\"noopener noreferrer\"><strong>CLICK HERE<\/strong><\/a>;<\/li>\n<li><strong>MULTIPROFESSIONAL RESIDENCE IN HEALTH CARE FOR PEOPLE WITH DISABILITIES:&nbsp;&nbsp;<\/strong>For program information,&nbsp;<strong><a href=\"https:\/\/institutosantosdumont.org.br\/en\/residencia-multiprofissional\/\">CLICK HERE<\/a><\/strong><\/li>\n<\/ul>\t\t\t\t\t\t\t\t<\/div>\n\t\t\t\t<\/div>\n\t\t\t\t<div class=\"elementor-element elementor-element-2004097 elementor-widget elementor-widget-spacer\" data-id=\"2004097\" data-element_type=\"widget\" data-widget_type=\"spacer.default\">\n\t\t\t\t<div class=\"elementor-widget-container\">\n\t\t\t\t\t\t\t<div class=\"elementor-spacer\">\n\t\t\t<div class=\"elementor-spacer-inner\"><\/div>\n\t\t<\/div>\n\t\t\t\t\t\t<\/div>\n\t\t\t\t<\/div>\n\t\t\t\t<div class=\"elementor-element elementor-element-df0b409 elementor-button-success elementor-align-center elementor-widget elementor-widget-button\" data-id=\"df0b409\" data-element_type=\"widget\" data-widget_type=\"button.default\">\n\t\t\t\t<div class=\"elementor-widget-container\">\n\t\t\t\t\t\t\t\t\t<div class=\"elementor-button-wrapper\">\n\t\t\t\t\t<a class=\"elementor-button elementor-button-link elementor-size-xl\" href=\"https:\/\/institutosantosdumont.org.br\/en\/noticias\/\">\n\t\t\t\t\t\t<span class=\"elementor-button-content-wrapper\">\n\t\t\t\t\t\t<span class=\"elementor-button-icon\">\n\t\t\t\t\t\t\t\t\t<i class=\"fa fa-newspaper-o\" aria-hidden=\"true\"><\/i>\n\t\t\t\t\t\t\t<\/span>\n\t\t\t\t\t\t\t\t\t<span class=\"elementor-button-text\">Click here to see our latest news<\/span>\n\t\t\t\t\t<\/span>\n\t\t\t\t\t<\/a>\n\t\t\t\t<\/div>\n\t\t\t\t\t\t\t\t<\/div>\n\t\t\t\t<\/div>\n\t\t\t\t<div class=\"elementor-element elementor-element-21cbfe4 elementor-widget elementor-widget-spacer\" data-id=\"21cbfe4\" data-element_type=\"widget\" data-widget_type=\"spacer.default\">\n\t\t\t\t<div class=\"elementor-widget-container\">\n\t\t\t\t\t\t\t<div class=\"elementor-spacer\">\n\t\t\t<div class=\"elementor-spacer-inner\"><\/div>\n\t\t<\/div>\n\t\t\t\t\t\t<\/div>\n\t\t\t\t<\/div>\n\t\t\t\t<div class=\"elementor-element elementor-element-ddf903b elementor-button-success elementor-align-center elementor-widget elementor-widget-button\" data-id=\"ddf903b\" data-element_type=\"widget\" data-widget_type=\"button.default\">\n\t\t\t\t<div class=\"elementor-widget-container\">\n\t\t\t\t\t\t\t\t\t<div class=\"elementor-button-wrapper\">\n\t\t\t\t\t<a class=\"elementor-button elementor-button-link elementor-size-xl\" href=\"https:\/\/www.youtube.com\/c\/InstitutoSantosDumont\" target=\"_blank\" rel=\"noopener noreferrer nofollow\">\n\t\t\t\t\t\t<span class=\"elementor-button-content-wrapper\">\n\t\t\t\t\t\t<span class=\"elementor-button-icon\">\n\t\t\t\t\t\t\t\t\t<i class=\"fa fa-tv\" aria-hidden=\"true\"><\/i>\n\t\t\t\t\t\t\t<\/span>\n\t\t\t\t\t\t\t\t\t<span class=\"elementor-button-text\">Follow our Youtube channel<\/span>\n\t\t\t\t\t<\/span>\n\t\t\t\t\t<\/a>\n\t\t\t\t<\/div>\n\t\t\t\t\t\t\t\t<\/div>\n\t\t\t\t<\/div>\n\t\t\t\t<div class=\"elementor-element elementor-element-560d680 elementor-widget elementor-widget-spacer\" data-id=\"560d680\" data-element_type=\"widget\" data-widget_type=\"spacer.default\">\n\t\t\t\t<div class=\"elementor-widget-container\">\n\t\t\t\t\t\t\t<div class=\"elementor-spacer\">\n\t\t\t<div class=\"elementor-spacer-inner\"><\/div>\n\t\t<\/div>\n\t\t\t\t\t\t<\/div>\n\t\t\t\t<\/div>\n\t\t\t\t<div class=\"elementor-element elementor-element-e31607f elementor-align-center elementor-widget elementor-widget-button\" data-id=\"e31607f\" data-element_type=\"widget\" data-widget_type=\"button.default\">\n\t\t\t\t<div class=\"elementor-widget-container\">\n\t\t\t\t\t\t\t\t\t<div class=\"elementor-button-wrapper\">\n\t\t\t\t\t<a class=\"elementor-button elementor-button-link elementor-size-lg\" href=\"https:\/\/institutosantosdumont.org.br\/wp-content\/uploads\/2019\/08\/Revista-ISD-2019-V2-compactado-12MB.pdf\" target=\"_blank\">\n\t\t\t\t\t\t<span class=\"elementor-button-content-wrapper\">\n\t\t\t\t\t\t<span class=\"elementor-button-icon\">\n\t\t\t\t\t\t\t\t\t<i class=\"fa fa-book\" aria-hidden=\"true\"><\/i>\n\t\t\t\t\t\t\t<\/span>\n\t\t\t\t\t\t\t\t\t<span class=\"elementor-button-text\">Access here the PDF of the ISD Magazine launched in 2019 or see below in Flipbook version<\/span>\n\t\t\t\t\t<\/span>\n\t\t\t\t\t<\/a>\n\t\t\t\t<\/div>\n\t\t\t\t\t\t\t\t<\/div>\n\t\t\t\t<\/div>\n\t\t\t\t<div class=\"elementor-element elementor-element-362d88a elementor-widget elementor-widget-html\" data-id=\"362d88a\" data-element_type=\"widget\" data-widget_type=\"html.default\">\n\t\t\t\t<div class=\"elementor-widget-container\">\n\t\t\t\t\t<style>.embed-container { position: relative; padding-bottom:56.25%; height:0; overflow: hidden; max-width: 100%; } .embed-container iframe, .embed-container object, .embed-container embed { position: absolute; top: 0; left: 0; width: 100%; height: 100%;}<\/style><div class='embed-container' data-page-width='452' data-page-height='640' id='ypembedcontainer' ><iframe   src=\"https:\/\/www.yumpu.com\/pt\/embed\/view\/JsLAfgVpDNEvUq14\" frameborder=\"0\" allowfullscreen=\"true\"  allowtransparency=\"true\"><\/iframe><\/div><script src='https:\/\/players.yumpu.com\/modules\/embed\/yp_r_iframe.js' ><\/script>\t\t\t\t<\/div>\n\t\t\t\t<\/div>\n\t\t\t\t<div class=\"elementor-element elementor-element-d061b39 elementor-widget elementor-widget-spacer\" data-id=\"d061b39\" data-element_type=\"widget\" data-widget_type=\"spacer.default\">\n\t\t\t\t<div class=\"elementor-widget-container\">\n\t\t\t\t\t\t\t<div class=\"elementor-spacer\">\n\t\t\t<div class=\"elementor-spacer-inner\"><\/div>\n\t\t<\/div>\n\t\t\t\t\t\t<\/div>\n\t\t\t\t<\/div>\n\t\t\t\t<div class=\"elementor-element elementor-element-bb61b74 elementor-button-success elementor-align-center elementor-widget elementor-widget-button\" data-id=\"bb61b74\" data-element_type=\"widget\" data-widget_type=\"button.default\">\n\t\t\t\t<div class=\"elementor-widget-container\">\n\t\t\t\t\t\t\t\t\t<div class=\"elementor-button-wrapper\">\n\t\t\t\t\t<a class=\"elementor-button elementor-button-link elementor-size-xl\" href=\"#\">\n\t\t\t\t\t\t<span class=\"elementor-button-content-wrapper\">\n\t\t\t\t\t\t<span class=\"elementor-button-icon\">\n\t\t\t\t\t\t\t\t\t<i class=\"fa fa-photo\" aria-hidden=\"true\"><\/i>\n\t\t\t\t\t\t\t<\/span>\n\t\t\t\t\t\t\t\t\t<span class=\"elementor-button-text\">logos<\/span>\n\t\t\t\t\t<\/span>\n\t\t\t\t\t<\/a>\n\t\t\t\t<\/div>\n\t\t\t\t\t\t\t\t<\/div>\n\t\t\t\t<\/div>\n\t\t\t\t<div class=\"elementor-element elementor-element-78e29b4 elementor-widget elementor-widget-text-editor\" data-id=\"78e29b4\" data-element_type=\"widget\" data-widget_type=\"text-editor.default\">\n\t\t\t\t<div class=\"elementor-widget-container\">\n\t\t\t\t\t\t\t\t\t<p><a href=\"https:\/\/institutosantosdumont.org.br\/wp-content\/uploads\/2019\/07\/ISD_logoensinopesquisa-BR_alta.png\" target=\"_blank\" rel=\"noopener\"><strong>Santos Dumont Institute Brand \u2013 PNG format<\/strong><\/a><\/p><p><a href=\"https:\/\/institutosantosdumont.org.br\/wp-content\/uploads\/2019\/07\/ISD-logo-IINELS-01.jpg\" target=\"_blank\" rel=\"noopener\"><strong>Edmond and Lily Safra International Institute of Neuroscience Brand \u2013 JPG Format<\/strong><\/a><\/p><p><a href=\"https:\/\/institutosantosdumont.org.br\/wp-content\/uploads\/2019\/07\/ISD-logo-GARIBALDI-01.jpg\" target=\"_blank\" rel=\"noopener\"><strong>Anita Garibaldi Center for Health Education and Research Brand \u2013 JPG Format<\/strong><\/a><\/p><p><a href=\"https:\/\/institutosantosdumont.org.br\/wp-content\/uploads\/2020\/10\/Marca-Minist\u00e9rio-da-Educa\u00e7\u00e3o-MEC.png\" target=\"_blank\" rel=\"noopener\"><strong>Brand of the Ministry of Education \u2013 PNG Format<\/strong><\/a><\/p><p><i>The availability of other file formats can be consulted with ISD&#039;s Ascom.<\/i><\/p>\t\t\t\t\t\t\t\t<\/div>\n\t\t\t\t<\/div>\n\t\t\t\t<div class=\"elementor-element elementor-element-8p1yl7b elementor-widget elementor-widget-spacer\" data-id=\"8p1yl7b\" data-element_type=\"widget\" data-widget_type=\"spacer.default\">\n\t\t\t\t<div class=\"elementor-widget-container\">\n\t\t\t\t\t\t\t<div class=\"elementor-spacer\">\n\t\t\t<div class=\"elementor-spacer-inner\"><\/div>\n\t\t<\/div>\n\t\t\t\t\t\t<\/div>\n\t\t\t\t<\/div>\n\t\t\t\t<div class=\"elementor-element elementor-element-whhww9m elementor-widget elementor-widget-spacer\" data-id=\"whhww9m\" data-element_type=\"widget\" data-widget_type=\"spacer.default\">\n\t\t\t\t<div class=\"elementor-widget-container\">\n\t\t\t\t\t\t\t<div class=\"elementor-spacer\">\n\t\t\t<div class=\"elementor-spacer-inner\"><\/div>\n\t\t<\/div>\n\t\t\t\t\t\t<\/div>\n\t\t\t\t<\/div>\n\t\t\t\t\t<\/div>\n\t\t<\/div>\n\t\t\t\t\t<\/div>\n\t\t<\/section>\n\t\t\t\t<\/div>","protected":false},"excerpt":{"rendered":"<p>The Communications Department of the Santos Dumont Institute (ISD) assists journalists and media outlets by providing information and support for the production of content involving the Institute or the areas in which it operates. Various news about the ISD can be found on the main menu of the website, under the News tab. To learn about the events and activities of the [\u2026]<\/p>","protected":false},"author":6,"featured_media":0,"parent":0,"menu_order":0,"comment_status":"closed","ping_status":"closed","template":"","meta":{"_acf_changed":false,"footnotes":""},"class_list":["post-11057","page","type-page","status-publish","hentry"],"acf":[],"_links":{"self":[{"href":"https:\/\/institutosantosdumont.org.br\/en\/wp-json\/wp\/v2\/pages\/11057","targetHints":{"allow":["GET"]}}],"collection":[{"href":"https:\/\/institutosantosdumont.org.br\/en\/wp-json\/wp\/v2\/pages"}],"about":[{"href":"https:\/\/institutosantosdumont.org.br\/en\/wp-json\/wp\/v2\/types\/page"}],"author":[{"embeddable":true,"href":"https:\/\/institutosantosdumont.org.br\/en\/wp-json\/wp\/v2\/users\/6"}],"replies":[{"embeddable":true,"href":"https:\/\/institutosantosdumont.org.br\/en\/wp-json\/wp\/v2\/comments?post=11057"}],"version-history":[{"count":0,"href":"https:\/\/institutosantosdumont.org.br\/en\/wp-json\/wp\/v2\/pages\/11057\/revisions"}],"wp:attachment":[{"href":"https:\/\/institutosantosdumont.org.br\/en\/wp-json\/wp\/v2\/media?parent=11057"}],"curies":[{"name":"wp","href":"https:\/\/api.w.org\/{rel}","templated":true}]}}