{"id":11137,"date":"2017-08-07T11:28:07","date_gmt":"2017-08-07T14:28:07","guid":{"rendered":"http:\/\/www.institutosantosdumont.org.br\/?page_id=11137"},"modified":"2025-10-29T16:53:02","modified_gmt":"2025-10-29T19:53:02","slug":"educaca-permanente","status":"publish","type":"page","link":"https:\/\/institutosantosdumont.org.br\/en\/ensino\/educaca-permanente\/","title":{"rendered":"Permanent Education"},"content":{"rendered":"<div data-elementor-type=\"wp-post\" data-elementor-id=\"11137\" class=\"elementor elementor-11137\" data-elementor-post-type=\"page\">\n\t\t\t\t\t\t<section class=\"elementor-section elementor-top-section elementor-element elementor-element-jx6pwe9 elementor-section-boxed elementor-section-height-default elementor-section-height-default\" data-id=\"jx6pwe9\" data-element_type=\"section\">\n\t\t\t\t\t\t<div class=\"elementor-container elementor-column-gap-default\">\n\t\t\t\t\t<div class=\"elementor-column elementor-col-100 elementor-top-column elementor-element elementor-element-meudy55\" data-id=\"meudy55\" data-element_type=\"column\">\n\t\t\t<div class=\"elementor-widget-wrap elementor-element-populated\">\n\t\t\t\t\t\t<div class=\"elementor-element elementor-element-19r9jg9 elementor-widget elementor-widget-spacer\" data-id=\"19r9jg9\" data-element_type=\"widget\" data-widget_type=\"spacer.default\">\n\t\t\t\t<div class=\"elementor-widget-container\">\n\t\t\t\t\t\t\t<div class=\"elementor-spacer\">\n\t\t\t<div class=\"elementor-spacer-inner\"><\/div>\n\t\t<\/div>\n\t\t\t\t\t\t<\/div>\n\t\t\t\t<\/div>\n\t\t\t\t<div class=\"elementor-element elementor-element-6b30ca7 elementor-widget elementor-widget-image\" data-id=\"6b30ca7\" data-element_type=\"widget\" data-widget_type=\"image.default\">\n\t\t\t\t<div class=\"elementor-widget-container\">\n\t\t\t\t\t\t\t\t\t\t\t\t\t\t\t<img fetchpriority=\"high\" decoding=\"async\" width=\"800\" height=\"450\" src=\"https:\/\/institutosantosdumont.org.br\/wp-content\/uploads\/2025\/06\/II-Jornada-da-Rede-de-Cuidados-do-RN-reune-autoridades-e-destaca-papel-do-PTS-na-transformacao-do-cuidado-a-pessoa-com-deficiencia-Foto_Ascom_ISD-1024x576.jpeg\" class=\"attachment-large size-large wp-image-32470\" alt=\"\" srcset=\"https:\/\/institutosantosdumont.org.br\/wp-content\/uploads\/2025\/06\/II-Jornada-da-Rede-de-Cuidados-do-RN-reune-autoridades-e-destaca-papel-do-PTS-na-transformacao-do-cuidado-a-pessoa-com-deficiencia-Foto_Ascom_ISD-1024x576.jpeg 1024w, https:\/\/institutosantosdumont.org.br\/wp-content\/uploads\/2025\/06\/II-Jornada-da-Rede-de-Cuidados-do-RN-reune-autoridades-e-destaca-papel-do-PTS-na-transformacao-do-cuidado-a-pessoa-com-deficiencia-Foto_Ascom_ISD-300x169.jpeg 300w, https:\/\/institutosantosdumont.org.br\/wp-content\/uploads\/2025\/06\/II-Jornada-da-Rede-de-Cuidados-do-RN-reune-autoridades-e-destaca-papel-do-PTS-na-transformacao-do-cuidado-a-pessoa-com-deficiencia-Foto_Ascom_ISD-768x432.jpeg 768w, https:\/\/institutosantosdumont.org.br\/wp-content\/uploads\/2025\/06\/II-Jornada-da-Rede-de-Cuidados-do-RN-reune-autoridades-e-destaca-papel-do-PTS-na-transformacao-do-cuidado-a-pessoa-com-deficiencia-Foto_Ascom_ISD-1536x865.jpeg 1536w, https:\/\/institutosantosdumont.org.br\/wp-content\/uploads\/2025\/06\/II-Jornada-da-Rede-de-Cuidados-do-RN-reune-autoridades-e-destaca-papel-do-PTS-na-transformacao-do-cuidado-a-pessoa-com-deficiencia-Foto_Ascom_ISD-2048x1153.jpeg 2048w, https:\/\/institutosantosdumont.org.br\/wp-content\/uploads\/2025\/06\/II-Jornada-da-Rede-de-Cuidados-do-RN-reune-autoridades-e-destaca-papel-do-PTS-na-transformacao-do-cuidado-a-pessoa-com-deficiencia-Foto_Ascom_ISD-18x10.jpeg 18w\" sizes=\"(max-width: 800px) 100vw, 800px\" \/>\t\t\t\t\t\t\t\t\t\t\t\t\t\t\t<\/div>\n\t\t\t\t<\/div>\n\t\t\t\t<div class=\"elementor-element elementor-element-0bb7rqn elementor-widget elementor-widget-spacer\" data-id=\"0bb7rqn\" data-element_type=\"widget\" data-widget_type=\"spacer.default\">\n\t\t\t\t<div class=\"elementor-widget-container\">\n\t\t\t\t\t\t\t<div class=\"elementor-spacer\">\n\t\t\t<div class=\"elementor-spacer-inner\"><\/div>\n\t\t<\/div>\n\t\t\t\t\t\t<\/div>\n\t\t\t\t<\/div>\n\t\t\t\t<div class=\"elementor-element elementor-element-c7a81dd elementor-widget elementor-widget-text-editor\" data-id=\"c7a81dd\" data-element_type=\"widget\" data-widget_type=\"text-editor.default\">\n\t\t\t\t<div class=\"elementor-widget-container\">\n\t\t\t\t\t\t\t\t\t<p>The concern with strengthening the Unified Health System (SUS) goes beyond the physical structure of the Santos Dumont Institute (ISD). With the goal of developing continuing education programs for healthcare professionals, the Institute has established agreements with municipalities within the 7th Health Region of Rio Grande do Norte, encompassing Maca\u00edba, S\u00e3o Gon\u00e7alo do Amarante, and Extremoz.\u00a0<\/p>\t\t\t\t\t\t\t\t<\/div>\n\t\t\t\t<\/div>\n\t\t\t\t<div class=\"elementor-element elementor-element-0e2a012 elementor-widget elementor-widget-text-editor\" data-id=\"0e2a012\" data-element_type=\"widget\" data-widget_type=\"text-editor.default\">\n\t\t\t\t<div class=\"elementor-widget-container\">\n\t\t\t\t\t\t\t\t\t<p>In 2025, ISD&#039;s continuing education and training initiatives included representatives from all primary health care units in the municipality of Maca\u00edba. Furthermore, initiatives such as...\u00a0<strong>Day of the Care Network for People with Disabilities<\/strong> and the <strong>Seminar for Strengthening the Care Network for People in Situations of Sexual Violence <\/strong>They brought together coordinators and professionals from all Specialized Rehabilitation Centers in the state of Rio Grande do Norte.<strong><br \/><\/strong><\/p>\t\t\t\t\t\t\t\t<\/div>\n\t\t\t\t<\/div>\n\t\t\t\t<section class=\"elementor-section elementor-inner-section elementor-element elementor-element-e4b7c22 elementor-section-boxed elementor-section-height-default elementor-section-height-default\" data-id=\"e4b7c22\" data-element_type=\"section\">\n\t\t\t\t\t\t<div class=\"elementor-container elementor-column-gap-default\">\n\t\t\t\t\t<div class=\"elementor-column elementor-col-50 elementor-inner-column elementor-element elementor-element-fd85fec\" data-id=\"fd85fec\" data-element_type=\"column\">\n\t\t\t<div class=\"elementor-widget-wrap elementor-element-populated\">\n\t\t\t\t\t\t<div class=\"elementor-element elementor-element-82d9d55 elementor-widget elementor-widget-image\" data-id=\"82d9d55\" data-element_type=\"widget\" data-widget_type=\"image.default\">\n\t\t\t\t<div class=\"elementor-widget-container\">\n\t\t\t\t\t\t\t\t\t\t\t\t\t\t\t<img decoding=\"async\" width=\"768\" height=\"432\" src=\"https:\/\/institutosantosdumont.org.br\/wp-content\/uploads\/2025\/06\/II-Jornada-da-Rede-de-Cuidados-do-RN-reune-autoridades-e-destaca-papel-do-PTS-na-transformacao-do-cuidado-a-pessoa-com-deficiencia-Foto_Ascom_ISD-768x432.jpeg\" class=\"attachment-medium_large size-medium_large wp-image-32470\" alt=\"\" srcset=\"https:\/\/institutosantosdumont.org.br\/wp-content\/uploads\/2025\/06\/II-Jornada-da-Rede-de-Cuidados-do-RN-reune-autoridades-e-destaca-papel-do-PTS-na-transformacao-do-cuidado-a-pessoa-com-deficiencia-Foto_Ascom_ISD-768x432.jpeg 768w, https:\/\/institutosantosdumont.org.br\/wp-content\/uploads\/2025\/06\/II-Jornada-da-Rede-de-Cuidados-do-RN-reune-autoridades-e-destaca-papel-do-PTS-na-transformacao-do-cuidado-a-pessoa-com-deficiencia-Foto_Ascom_ISD-300x169.jpeg 300w, https:\/\/institutosantosdumont.org.br\/wp-content\/uploads\/2025\/06\/II-Jornada-da-Rede-de-Cuidados-do-RN-reune-autoridades-e-destaca-papel-do-PTS-na-transformacao-do-cuidado-a-pessoa-com-deficiencia-Foto_Ascom_ISD-1024x576.jpeg 1024w, https:\/\/institutosantosdumont.org.br\/wp-content\/uploads\/2025\/06\/II-Jornada-da-Rede-de-Cuidados-do-RN-reune-autoridades-e-destaca-papel-do-PTS-na-transformacao-do-cuidado-a-pessoa-com-deficiencia-Foto_Ascom_ISD-1536x865.jpeg 1536w, https:\/\/institutosantosdumont.org.br\/wp-content\/uploads\/2025\/06\/II-Jornada-da-Rede-de-Cuidados-do-RN-reune-autoridades-e-destaca-papel-do-PTS-na-transformacao-do-cuidado-a-pessoa-com-deficiencia-Foto_Ascom_ISD-2048x1153.jpeg 2048w, https:\/\/institutosantosdumont.org.br\/wp-content\/uploads\/2025\/06\/II-Jornada-da-Rede-de-Cuidados-do-RN-reune-autoridades-e-destaca-papel-do-PTS-na-transformacao-do-cuidado-a-pessoa-com-deficiencia-Foto_Ascom_ISD-18x10.jpeg 18w\" sizes=\"(max-width: 768px) 100vw, 768px\" \/>\t\t\t\t\t\t\t\t\t\t\t\t\t\t\t<\/div>\n\t\t\t\t<\/div>\n\t\t\t\t\t<\/div>\n\t\t<\/div>\n\t\t\t\t<div class=\"elementor-column elementor-col-50 elementor-inner-column elementor-element elementor-element-00863c3\" data-id=\"00863c3\" data-element_type=\"column\">\n\t\t\t<div class=\"elementor-widget-wrap elementor-element-populated\">\n\t\t\t\t\t\t<div class=\"elementor-element elementor-element-611073d elementor-widget elementor-widget-image\" data-id=\"611073d\" data-element_type=\"widget\" data-widget_type=\"image.default\">\n\t\t\t\t<div class=\"elementor-widget-container\">\n\t\t\t\t\t\t\t\t\t\t\t\t\t\t\t<img decoding=\"async\" width=\"768\" height=\"576\" src=\"https:\/\/institutosantosdumont.org.br\/wp-content\/uploads\/2025\/06\/II-Jornada-da-Rede-de-Cuidados-do-RN-reune-autoridades-e-destaca-papel-do-PTS-na-transformacao-do-cuidado-a-pessoa-com-deficiencia-Foto_Ascom_ISD-4-768x576.jpeg\" class=\"attachment-medium_large size-medium_large wp-image-32467\" alt=\"\" srcset=\"https:\/\/institutosantosdumont.org.br\/wp-content\/uploads\/2025\/06\/II-Jornada-da-Rede-de-Cuidados-do-RN-reune-autoridades-e-destaca-papel-do-PTS-na-transformacao-do-cuidado-a-pessoa-com-deficiencia-Foto_Ascom_ISD-4-768x576.jpeg 768w, https:\/\/institutosantosdumont.org.br\/wp-content\/uploads\/2025\/06\/II-Jornada-da-Rede-de-Cuidados-do-RN-reune-autoridades-e-destaca-papel-do-PTS-na-transformacao-do-cuidado-a-pessoa-com-deficiencia-Foto_Ascom_ISD-4-300x225.jpeg 300w, https:\/\/institutosantosdumont.org.br\/wp-content\/uploads\/2025\/06\/II-Jornada-da-Rede-de-Cuidados-do-RN-reune-autoridades-e-destaca-papel-do-PTS-na-transformacao-do-cuidado-a-pessoa-com-deficiencia-Foto_Ascom_ISD-4-1024x768.jpeg 1024w, https:\/\/institutosantosdumont.org.br\/wp-content\/uploads\/2025\/06\/II-Jornada-da-Rede-de-Cuidados-do-RN-reune-autoridades-e-destaca-papel-do-PTS-na-transformacao-do-cuidado-a-pessoa-com-deficiencia-Foto_Ascom_ISD-4-1536x1152.jpeg 1536w, https:\/\/institutosantosdumont.org.br\/wp-content\/uploads\/2025\/06\/II-Jornada-da-Rede-de-Cuidados-do-RN-reune-autoridades-e-destaca-papel-do-PTS-na-transformacao-do-cuidado-a-pessoa-com-deficiencia-Foto_Ascom_ISD-4-16x12.jpeg 16w, https:\/\/institutosantosdumont.org.br\/wp-content\/uploads\/2025\/06\/II-Jornada-da-Rede-de-Cuidados-do-RN-reune-autoridades-e-destaca-papel-do-PTS-na-transformacao-do-cuidado-a-pessoa-com-deficiencia-Foto_Ascom_ISD-4.jpeg 1600w\" sizes=\"(max-width: 768px) 100vw, 768px\" \/>\t\t\t\t\t\t\t\t\t\t\t\t\t\t\t<\/div>\n\t\t\t\t<\/div>\n\t\t\t\t\t<\/div>\n\t\t<\/div>\n\t\t\t\t\t<\/div>\n\t\t<\/section>\n\t\t\t\t<div class=\"elementor-element elementor-element-650c5da elementor-widget elementor-widget-text-editor\" data-id=\"650c5da\" data-element_type=\"widget\" data-widget_type=\"text-editor.default\">\n\t\t\t\t<div class=\"elementor-widget-container\">\n\t\t\t\t\t\t\t\t\t<p>The schedule of activities includes debates and studies of clinical cases related to the Health Axis for Persons with Disabilities, with topics such as Empowerment, Care Network for Persons with Disabilities; the Women&#039;s Health Axis, where issues such as teenage pregnancy, family planning and the child&#039;s health booklet are discussed; in addition to ongoing education activities on the Sexual Violence Network for professionals in Maca\u00edba.<\/p><p>The courses are taught by Multidisciplinary Preceptors or Doctors who work at Anita, and also include the participation of residents of the Multiprofessional Residency Program in Health Care for Persons with Disabilities.<\/p>\t\t\t\t\t\t\t\t<\/div>\n\t\t\t\t<\/div>\n\t\t\t\t<section class=\"elementor-section elementor-inner-section elementor-element elementor-element-79becf2 elementor-section-boxed elementor-section-height-default elementor-section-height-default\" data-id=\"79becf2\" data-element_type=\"section\">\n\t\t\t\t\t\t<div class=\"elementor-container elementor-column-gap-default\">\n\t\t\t\t\t<div class=\"elementor-column elementor-col-50 elementor-inner-column elementor-element elementor-element-d3a9ca8\" data-id=\"d3a9ca8\" data-element_type=\"column\">\n\t\t\t<div class=\"elementor-widget-wrap elementor-element-populated\">\n\t\t\t\t\t\t<div class=\"elementor-element elementor-element-74e7801 elementor-widget elementor-widget-image\" data-id=\"74e7801\" data-element_type=\"widget\" data-widget_type=\"image.default\">\n\t\t\t\t<div class=\"elementor-widget-container\">\n\t\t\t\t\t\t\t\t\t\t\t\t<figure class=\"wp-caption\">\n\t\t\t\t\t\t\t\t\t\t<img loading=\"lazy\" decoding=\"async\" width=\"2048\" height=\"1415\" src=\"https:\/\/institutosantosdumont.org.br\/wp-content\/uploads\/2025\/10\/Seminario-discute-fortalecimento-da-rede-de-cuidados-as-pessoas-em-situacao-de-violencia-sexual-no-RN-2-2048x1415-1.jpeg\" class=\"attachment-full size-full wp-image-33916\" alt=\"\" srcset=\"https:\/\/institutosantosdumont.org.br\/wp-content\/uploads\/2025\/10\/Seminario-discute-fortalecimento-da-rede-de-cuidados-as-pessoas-em-situacao-de-violencia-sexual-no-RN-2-2048x1415-1.jpeg 2048w, https:\/\/institutosantosdumont.org.br\/wp-content\/uploads\/2025\/10\/Seminario-discute-fortalecimento-da-rede-de-cuidados-as-pessoas-em-situacao-de-violencia-sexual-no-RN-2-2048x1415-1-300x207.jpeg 300w, https:\/\/institutosantosdumont.org.br\/wp-content\/uploads\/2025\/10\/Seminario-discute-fortalecimento-da-rede-de-cuidados-as-pessoas-em-situacao-de-violencia-sexual-no-RN-2-2048x1415-1-1024x708.jpeg 1024w, https:\/\/institutosantosdumont.org.br\/wp-content\/uploads\/2025\/10\/Seminario-discute-fortalecimento-da-rede-de-cuidados-as-pessoas-em-situacao-de-violencia-sexual-no-RN-2-2048x1415-1-768x531.jpeg 768w, https:\/\/institutosantosdumont.org.br\/wp-content\/uploads\/2025\/10\/Seminario-discute-fortalecimento-da-rede-de-cuidados-as-pessoas-em-situacao-de-violencia-sexual-no-RN-2-2048x1415-1-1536x1061.jpeg 1536w, https:\/\/institutosantosdumont.org.br\/wp-content\/uploads\/2025\/10\/Seminario-discute-fortalecimento-da-rede-de-cuidados-as-pessoas-em-situacao-de-violencia-sexual-no-RN-2-2048x1415-1-18x12.jpeg 18w\" sizes=\"(max-width: 2048px) 100vw, 2048px\" \/>\t\t\t\t\t\t\t\t\t\t\t<figcaption class=\"widget-image-caption wp-caption-text\">Seminar on providing support to people in situations of sexual violence addresses topics such as rights, protection mechanisms, and forms of support provided for by law.<\/figcaption>\n\t\t\t\t\t\t\t\t\t\t<\/figure>\n\t\t\t\t\t\t\t\t\t<\/div>\n\t\t\t\t<\/div>\n\t\t\t\t\t<\/div>\n\t\t<\/div>\n\t\t\t\t<div class=\"elementor-column elementor-col-50 elementor-inner-column elementor-element elementor-element-753ad7b\" data-id=\"753ad7b\" data-element_type=\"column\">\n\t\t\t<div class=\"elementor-widget-wrap elementor-element-populated\">\n\t\t\t\t\t\t<div class=\"elementor-element elementor-element-662e1cf elementor-blockquote--skin-quotation elementor-blockquote--align-right elementor-widget elementor-widget-blockquote\" data-id=\"662e1cf\" data-element_type=\"widget\" data-widget_type=\"blockquote.default\">\n\t\t\t\t<div class=\"elementor-widget-container\">\n\t\t\t\t\t\t\t<blockquote class=\"elementor-blockquote\">\n\t\t\t<p class=\"elementor-blockquote__content\">\n\t\t\t\tThe improvement is aimed at nurses, as they are full-time in the Health Units, they know the patients in depth, as well as the community in general. Success in good monitoring and care depends a lot on the vision of these nurses, who are the network&#039;s gateway to the necessary services. \t\t\t<\/p>\n\t\t\t\t\t\t\t<div class=\"e-q-footer\">\n\t\t\t\t\t\t\t\t\t\t\t<cite class=\"elementor-blockquote__author\">Monise Pontes, multidisciplinary nurse preceptor at ISD<\/cite>\n\t\t\t\t\t\t\t\t\t\t\t\t\t\t<\/div>\n\t\t\t\t\t<\/blockquote>\n\t\t\t\t\t\t<\/div>\n\t\t\t\t<\/div>\n\t\t\t\t\t<\/div>\n\t\t<\/div>\n\t\t\t\t\t<\/div>\n\t\t<\/section>\n\t\t\t\t<div class=\"elementor-element elementor-element-6d858db elementor-widget-divider--view-line elementor-widget elementor-widget-divider\" data-id=\"6d858db\" data-element_type=\"widget\" data-widget_type=\"divider.default\">\n\t\t\t\t<div class=\"elementor-widget-container\">\n\t\t\t\t\t\t\t<div class=\"elementor-divider\">\n\t\t\t<span class=\"elementor-divider-separator\">\n\t\t\t\t\t\t<\/span>\n\t\t<\/div>\n\t\t\t\t\t\t<\/div>\n\t\t\t\t<\/div>\n\t\t\t\t<div class=\"elementor-element elementor-element-fca5a6d elementor-align-center elementor-widget elementor-widget-button\" data-id=\"fca5a6d\" data-element_type=\"widget\" data-widget_type=\"button.default\">\n\t\t\t\t<div class=\"elementor-widget-container\">\n\t\t\t\t\t\t\t\t\t<div class=\"elementor-button-wrapper\">\n\t\t\t\t\t<a class=\"elementor-button elementor-button-link elementor-size-sm\" href=\"https:\/\/institutosantosdumont.org.br\/en\/jornada-da-rede-de-cuidados-pcd\/\">\n\t\t\t\t\t\t<span class=\"elementor-button-content-wrapper\">\n\t\t\t\t\t\t\t\t\t<span class=\"elementor-button-text\">Day of the Care Network for People with Disabilities<\/span>\n\t\t\t\t\t<\/span>\n\t\t\t\t\t<\/a>\n\t\t\t\t<\/div>\n\t\t\t\t\t\t\t\t<\/div>\n\t\t\t\t<\/div>\n\t\t\t\t<div class=\"elementor-element elementor-element-e0495d3 elementor-align-center elementor-widget elementor-widget-button\" data-id=\"e0495d3\" data-element_type=\"widget\" data-widget_type=\"button.default\">\n\t\t\t\t<div class=\"elementor-widget-container\">\n\t\t\t\t\t\t\t\t\t<div class=\"elementor-button-wrapper\">\n\t\t\t\t\t<a class=\"elementor-button elementor-button-link elementor-size-sm\" href=\"https:\/\/institutosantosdumont.org.br\/en\/seminario-discute-fortalecimento-da-rede-de-cuidados-as-pessoas-em-situacao-de-violencia-sexual-no-rn\/\">\n\t\t\t\t\t\t<span class=\"elementor-button-content-wrapper\">\n\t\t\t\t\t\t\t\t\t<span class=\"elementor-button-text\">Seminar for Strengthening the Care Network for People in Situations of Sexual Violence<\/span>\n\t\t\t\t\t<\/span>\n\t\t\t\t\t<\/a>\n\t\t\t\t<\/div>\n\t\t\t\t\t\t\t\t<\/div>\n\t\t\t\t<\/div>\n\t\t\t\t<div class=\"elementor-element elementor-element-dcb11ce elementor-align-center elementor-widget elementor-widget-button\" data-id=\"dcb11ce\" data-element_type=\"widget\" data-widget_type=\"button.default\">\n\t\t\t\t<div class=\"elementor-widget-container\">\n\t\t\t\t\t\t\t\t\t<div class=\"elementor-button-wrapper\">\n\t\t\t\t\t<a class=\"elementor-button elementor-button-link elementor-size-sm\" href=\"https:\/\/institutosantosdumont.org.br\/en\/cartilhas-informativas\/\">\n\t\t\t\t\t\t<span class=\"elementor-button-content-wrapper\">\n\t\t\t\t\t\t\t\t\t<span class=\"elementor-button-text\">Check out our information brochures<\/span>\n\t\t\t\t\t<\/span>\n\t\t\t\t\t<\/a>\n\t\t\t\t<\/div>\n\t\t\t\t\t\t\t\t<\/div>\n\t\t\t\t<\/div>\n\t\t\t\t\t<\/div>\n\t\t<\/div>\n\t\t\t\t\t<\/div>\n\t\t<\/section>\n\t\t\t\t<\/div>","protected":false},"excerpt":{"rendered":"<p>The concern with strengthening the Unified Health System (SUS) goes beyond the physical structure of the Santos Dumont Institute (ISD). With the aim of developing ongoing education actions aimed at health professionals, the Institute has signed agreements with city halls in municipalities that make up the 7th Health Region of Rio Grande [\u2026]<\/p>","protected":false},"author":6,"featured_media":0,"parent":150,"menu_order":0,"comment_status":"closed","ping_status":"closed","template":"","meta":{"_acf_changed":false,"footnotes":""},"class_list":["post-11137","page","type-page","status-publish","hentry"],"acf":[],"_links":{"self":[{"href":"https:\/\/institutosantosdumont.org.br\/en\/wp-json\/wp\/v2\/pages\/11137","targetHints":{"allow":["GET"]}}],"collection":[{"href":"https:\/\/institutosantosdumont.org.br\/en\/wp-json\/wp\/v2\/pages"}],"about":[{"href":"https:\/\/institutosantosdumont.org.br\/en\/wp-json\/wp\/v2\/types\/page"}],"author":[{"embeddable":true,"href":"https:\/\/institutosantosdumont.org.br\/en\/wp-json\/wp\/v2\/users\/6"}],"replies":[{"embeddable":true,"href":"https:\/\/institutosantosdumont.org.br\/en\/wp-json\/wp\/v2\/comments?post=11137"}],"version-history":[{"count":3,"href":"https:\/\/institutosantosdumont.org.br\/en\/wp-json\/wp\/v2\/pages\/11137\/revisions"}],"predecessor-version":[{"id":33919,"href":"https:\/\/institutosantosdumont.org.br\/en\/wp-json\/wp\/v2\/pages\/11137\/revisions\/33919"}],"up":[{"embeddable":true,"href":"https:\/\/institutosantosdumont.org.br\/en\/wp-json\/wp\/v2\/pages\/150"}],"wp:attachment":[{"href":"https:\/\/institutosantosdumont.org.br\/en\/wp-json\/wp\/v2\/media?parent=11137"}],"curies":[{"name":"wp","href":"https:\/\/api.w.org\/{rel}","templated":true}]}}