{"id":11264,"date":"2017-08-09T00:33:05","date_gmt":"2017-08-09T03:33:05","guid":{"rendered":"http:\/\/www.institutosantosdumont.org.br\/?page_id=11264"},"modified":"2018-10-25T11:19:50","modified_gmt":"2018-10-25T14:19:50","slug":"neuropsicologia-autismo","status":"publish","type":"page","link":"https:\/\/institutosantosdumont.org.br\/en\/extensao\/neuropsicologia-autismo\/","title":{"rendered":"Neuropsychology \u2013 Autism"},"content":{"rendered":"<div data-elementor-type=\"wp-post\" data-elementor-id=\"11264\" class=\"elementor elementor-11264 elementor-bc-flex-widget\" data-elementor-post-type=\"page\">\n\t\t\t\t\t\t<section class=\"elementor-section elementor-top-section elementor-element elementor-element-ijtqjj9 elementor-section-boxed elementor-section-height-default elementor-section-height-default\" data-id=\"ijtqjj9\" data-element_type=\"section\">\n\t\t\t\t\t\t<div class=\"elementor-container elementor-column-gap-default\">\n\t\t\t\t\t<div class=\"elementor-column elementor-col-100 elementor-top-column elementor-element elementor-element-tofsdct\" data-id=\"tofsdct\" data-element_type=\"column\">\n\t\t\t<div class=\"elementor-widget-wrap elementor-element-populated\">\n\t\t\t\t\t\t<div class=\"elementor-element elementor-element-77l9bnk elementor-widget elementor-widget-spacer\" data-id=\"77l9bnk\" data-element_type=\"widget\" data-widget_type=\"spacer.default\">\n\t\t\t\t<div class=\"elementor-widget-container\">\n\t\t\t\t\t\t\t<div class=\"elementor-spacer\">\n\t\t\t<div class=\"elementor-spacer-inner\"><\/div>\n\t\t<\/div>\n\t\t\t\t\t\t<\/div>\n\t\t\t\t<\/div>\n\t\t\t\t<div class=\"elementor-element elementor-element-dcimrmf elementor-widget elementor-widget-text-editor\" data-id=\"dcimrmf\" data-element_type=\"widget\" data-widget_type=\"text-editor.default\">\n\t\t\t\t<div class=\"elementor-widget-container\">\n\t\t\t\t\t\t\t\t\t<p><span style=\"font-weight: 400;\">According to the medical literature, the <strong>Autistic Spectrum Disorder (ASD)<\/strong> it is &#039;a group of disorders characterized by a shared spectrum of qualitative impairments in communication and social interaction, associated with repetitive behaviors and restricted interests&#039;.<\/span><\/p><p><span style=\"font-weight: 400;\">The TEA nomenclature was given, because today it is known that autism has different levels of intensity and variable symptoms. The same symptom can occur in a severe, mild or moderate form, depending on the age of the child, how much stimulation he receives and the appropriate intervention. <\/span><\/p><p><span style=\"font-weight: 400;\">O <strong>Multidisciplinary Autism Spectrum Disorder Care Service (SEMEA)<\/strong> refers to the multidisciplinary and interdisciplinary care offered by CEPS for children and adolescents from Maca\u00edba and the metropolitan region of Natal (RN) who have characteristics of ASD.<\/span><\/p><p><span style=\"font-weight: 400;\">SEMEA began to be structured at CEPS in 2016 and has already established itself as a reference service in the region. It is organized and structured to <strong>ASD diagnosis and treatment<\/strong>, providing evaluation and confirmation of the clinical diagnosis of this type of disorder in an interprofessional way and integrated to the tripod of action of the ISD (teaching-research-extension).<\/span><\/p><p><span style=\"font-weight: 400;\">Among the objectives of the project are to offer <strong>multidisciplinary outpatient care<\/strong> (speech therapy, physical therapy, neurological and neuropsychological) to children and adolescents with suspected and\/or diagnosed ASD; provide guidance to parents through educational groups; carry out theoretical-practical health education activities about the Disorder for undergraduates, graduate students and health professionals; to offer <strong>equine therapy<\/strong> as a complementary therapeutic resource; promote continuing education actions for professionals closest to children so that they have a closer look at signs that may suggest early ASD.<\/span><\/p><p><span style=\"font-weight: 400;\">Among the special activities offered by SEMEA are equine therapy, promoted in partnership with <strong>Federal University of Rio Grande do Norte (UFRN)<\/strong> through <strong>Agricultural School of Jundia\u00ed (EAJ)<\/strong>. CEPS collaborates permanently with the <strong>Fighting Owl Mothers Association, from Natal (RN)<\/strong>, which organizes cinema sessions specially designed for those with ASD characteristics.<\/span><\/p>\t\t\t\t\t\t\t\t<\/div>\n\t\t\t\t<\/div>\n\t\t\t\t<div class=\"elementor-element elementor-element-jwjuo9m elementor-widget elementor-widget-spacer\" data-id=\"jwjuo9m\" data-element_type=\"widget\" data-widget_type=\"spacer.default\">\n\t\t\t\t<div class=\"elementor-widget-container\">\n\t\t\t\t\t\t\t<div class=\"elementor-spacer\">\n\t\t\t<div class=\"elementor-spacer-inner\"><\/div>\n\t\t<\/div>\n\t\t\t\t\t\t<\/div>\n\t\t\t\t<\/div>\n\t\t\t\t\t<\/div>\n\t\t<\/div>\n\t\t\t\t\t<\/div>\n\t\t<\/section>\n\t\t\t\t<\/div>","protected":false},"excerpt":{"rendered":"<p>Segundo a literatura m\u00e9dica, o Transtorno do Espectro Autista (TEA) \u00e9 \u2018um grupo de transtornos caracterizados por um espectro compartilhado de preju\u00edzos qualitativos na comunica\u00e7\u00e3o e intera\u00e7\u00e3o social, associados a comportamentos repetitivos e interesses restritos\u2019. A nomenclatura\u00a0TEA\u00a0foi dada, porque hoje se sabe que o autismo tem n\u00edveis de intensidade diferentes e sintomas vari\u00e1veis. O mesmo [&hellip;]<\/p>","protected":false},"author":6,"featured_media":0,"parent":154,"menu_order":0,"comment_status":"closed","ping_status":"closed","template":"template-page.php","meta":{"_acf_changed":false,"footnotes":""},"class_list":["post-11264","page","type-page","status-publish","hentry"],"acf":[],"_links":{"self":[{"href":"https:\/\/institutosantosdumont.org.br\/en\/wp-json\/wp\/v2\/pages\/11264","targetHints":{"allow":["GET"]}}],"collection":[{"href":"https:\/\/institutosantosdumont.org.br\/en\/wp-json\/wp\/v2\/pages"}],"about":[{"href":"https:\/\/institutosantosdumont.org.br\/en\/wp-json\/wp\/v2\/types\/page"}],"author":[{"embeddable":true,"href":"https:\/\/institutosantosdumont.org.br\/en\/wp-json\/wp\/v2\/users\/6"}],"replies":[{"embeddable":true,"href":"https:\/\/institutosantosdumont.org.br\/en\/wp-json\/wp\/v2\/comments?post=11264"}],"version-history":[{"count":0,"href":"https:\/\/institutosantosdumont.org.br\/en\/wp-json\/wp\/v2\/pages\/11264\/revisions"}],"up":[{"embeddable":true,"href":"https:\/\/institutosantosdumont.org.br\/en\/wp-json\/wp\/v2\/pages\/154"}],"wp:attachment":[{"href":"https:\/\/institutosantosdumont.org.br\/en\/wp-json\/wp\/v2\/media?parent=11264"}],"curies":[{"name":"wp","href":"https:\/\/api.w.org\/{rel}","templated":true}]}}