{"id":13667,"date":"2018-04-19T16:09:44","date_gmt":"2018-04-19T19:09:44","guid":{"rendered":"http:\/\/www.institutosantosdumont.org.br\/?page_id=13667"},"modified":"2022-02-09T09:45:16","modified_gmt":"2022-02-09T12:45:16","slug":"about-us","status":"publish","type":"page","link":"https:\/\/institutosantosdumont.org.br\/en\/about-us\/","title":{"rendered":"About Us"},"content":{"rendered":"<div data-elementor-type=\"wp-post\" data-elementor-id=\"13667\" class=\"elementor elementor-13667\" data-elementor-post-type=\"page\">\n\t\t\t\t\t\t<section class=\"elementor-section elementor-top-section elementor-element elementor-element-irtulka elementor-section-boxed elementor-section-height-default elementor-section-height-default\" data-id=\"irtulka\" data-element_type=\"section\">\n\t\t\t\t\t\t<div class=\"elementor-container elementor-column-gap-default\">\n\t\t\t\t\t<div class=\"elementor-column elementor-col-100 elementor-top-column elementor-element elementor-element-mvhxoci\" data-id=\"mvhxoci\" data-element_type=\"column\">\n\t\t\t<div class=\"elementor-widget-wrap elementor-element-populated\">\n\t\t\t\t\t\t<section class=\"elementor-section elementor-inner-section elementor-element elementor-element-275e9cb3 elementor-section-boxed elementor-section-height-default elementor-section-height-default\" data-id=\"275e9cb3\" data-element_type=\"section\">\n\t\t\t\t\t\t<div class=\"elementor-container elementor-column-gap-default\">\n\t\t\t\t\t<div class=\"elementor-column elementor-col-50 elementor-inner-column elementor-element elementor-element-2b8b7b7d\" data-id=\"2b8b7b7d\" data-element_type=\"column\">\n\t\t\t<div class=\"elementor-widget-wrap elementor-element-populated\">\n\t\t\t\t\t\t<div class=\"elementor-element elementor-element-1026f15 elementor-widget elementor-widget-image\" data-id=\"1026f15\" data-element_type=\"widget\" data-widget_type=\"image.default\">\n\t\t\t\t<div class=\"elementor-widget-container\">\n\t\t\t\t\t\t\t\t\t\t\t\t\t\t\t<img fetchpriority=\"high\" decoding=\"async\" width=\"800\" height=\"600\" src=\"https:\/\/institutosantosdumont.org.br\/wp-content\/uploads\/2021\/12\/Fisioterapia-no-0G-e-no-Anita-com-crian\u00e7a-com-microcefalia-e-adultos-_-Fotos-e-V\u00eddeos-Ascom-ISD-13-1024x768.jpg\" class=\"attachment-large size-large wp-image-23003\" alt=\"\" srcset=\"https:\/\/institutosantosdumont.org.br\/wp-content\/uploads\/2021\/12\/Fisioterapia-no-0G-e-no-Anita-com-crian\u00e7a-com-microcefalia-e-adultos-_-Fotos-e-V\u00eddeos-Ascom-ISD-13-1024x768.jpg 1024w, https:\/\/institutosantosdumont.org.br\/wp-content\/uploads\/2021\/12\/Fisioterapia-no-0G-e-no-Anita-com-crian\u00e7a-com-microcefalia-e-adultos-_-Fotos-e-V\u00eddeos-Ascom-ISD-13-300x225.jpg 300w, https:\/\/institutosantosdumont.org.br\/wp-content\/uploads\/2021\/12\/Fisioterapia-no-0G-e-no-Anita-com-crian\u00e7a-com-microcefalia-e-adultos-_-Fotos-e-V\u00eddeos-Ascom-ISD-13-768x576.jpg 768w\" sizes=\"(max-width: 800px) 100vw, 800px\" \/>\t\t\t\t\t\t\t\t\t\t\t\t\t\t\t<\/div>\n\t\t\t\t<\/div>\n\t\t\t\t\t<\/div>\n\t\t<\/div>\n\t\t\t\t<div class=\"elementor-column elementor-col-50 elementor-inner-column elementor-element elementor-element-621ac14c\" data-id=\"621ac14c\" data-element_type=\"column\">\n\t\t\t<div class=\"elementor-widget-wrap elementor-element-populated\">\n\t\t\t\t\t\t<div class=\"elementor-element elementor-element-83316b9 elementor-widget elementor-widget-image\" data-id=\"83316b9\" data-element_type=\"widget\" data-widget_type=\"image.default\">\n\t\t\t\t<div class=\"elementor-widget-container\">\n\t\t\t\t\t\t\t\t\t\t\t\t\t\t\t<img decoding=\"async\" width=\"800\" height=\"600\" src=\"https:\/\/institutosantosdumont.org.br\/wp-content\/uploads\/2022\/01\/Renova\u00e7\u00e3o-do-contrato-do-MEC-com-o-ISD-possibilitar\u00e1-amplia\u00e7\u00e3o-de-atendimentos-\u00e0-popula\u00e7\u00e3o-_-Foto-ASCOM-ISD-1024x768.jpeg\" class=\"attachment-large size-large wp-image-23213\" alt=\"\" srcset=\"https:\/\/institutosantosdumont.org.br\/wp-content\/uploads\/2022\/01\/Renova\u00e7\u00e3o-do-contrato-do-MEC-com-o-ISD-possibilitar\u00e1-amplia\u00e7\u00e3o-de-atendimentos-\u00e0-popula\u00e7\u00e3o-_-Foto-ASCOM-ISD.jpeg 1024w, https:\/\/institutosantosdumont.org.br\/wp-content\/uploads\/2022\/01\/Renova\u00e7\u00e3o-do-contrato-do-MEC-com-o-ISD-possibilitar\u00e1-amplia\u00e7\u00e3o-de-atendimentos-\u00e0-popula\u00e7\u00e3o-_-Foto-ASCOM-ISD-300x225.jpeg 300w, https:\/\/institutosantosdumont.org.br\/wp-content\/uploads\/2022\/01\/Renova\u00e7\u00e3o-do-contrato-do-MEC-com-o-ISD-possibilitar\u00e1-amplia\u00e7\u00e3o-de-atendimentos-\u00e0-popula\u00e7\u00e3o-_-Foto-ASCOM-ISD-768x576.jpeg 768w\" sizes=\"(max-width: 800px) 100vw, 800px\" \/>\t\t\t\t\t\t\t\t\t\t\t\t\t\t\t<\/div>\n\t\t\t\t<\/div>\n\t\t\t\t\t<\/div>\n\t\t<\/div>\n\t\t\t\t\t<\/div>\n\t\t<\/section>\n\t\t\t\t<div class=\"elementor-element elementor-element-kqgbvas elementor-widget elementor-widget-text-editor\" data-id=\"kqgbvas\" data-element_type=\"widget\" data-widget_type=\"text-editor.default\">\n\t\t\t\t<div class=\"elementor-widget-container\">\n\t\t\t\t\t\t\t\t\t<p>Ideated by the neuroscientist <a href=\"http:\/\/www.beyondboundariesnicolelis.net\" target=\"_blank\" rel=\"noopener noreferrer nofollow\"><strong>Miguel Nicolelis<\/strong><\/a>, the <b>Santos Dumont Institute (<em>Santos Dumont Institute<\/em> \u2013 ISD)<\/b> seeks inspiration in the iconic and innovative figure of <strong>Santos Dumont<\/strong>, father of aviation and one of the greatest Brazilian scientists of all times. The Northeast of Brazil was intentionally chosen for ISD acting to foster human, social and financial development of such a region. The Institution considers social responsibility and innovation as drivers for all actions of teaching, research and extension developed in areas of Education, Neurosciences, Neuroengineering, Maternal and Child Health as well as in Rehabilitation.<\/p><p>The <strong>Brazilian presidential decree of February 27, 2014<\/strong>, qualified ISD as a <strong>Social Organization<\/strong>. This unique kind of partnership between the public and private sectors enables the Government to fund a<strong> non-profit organization<\/strong> to perform services with <strong>public interest<\/strong>. Currently, ISD develops its activities through a management contract signed with the <strong>Brazilian Ministry of Education (MEC)<\/strong>.<\/p><p>To give wings to such a challenging and rewarding project, ISD has established a crucial partnership with the\u00a0<a href=\"http:\/\/www.ufrn.br\/\" target=\"_blank\" rel=\"noopener noreferrer nofollow\"><strong>Federal University of Rio Grande do Norte\/UFRN<\/strong><\/a> (as Portuguese abbreviation) to join efforts in several projects. The Institute also has partnership with other institutions in Brazil as well as in other countries like USA, Scotland, Japan, France, Mexico, Portugal, Sweden and Switzerland.\u00a0<\/p><p>The ISD fulfills its Mission through projects and activities in the following Units:<\/p>\t\t\t\t\t\t\t\t<\/div>\n\t\t\t\t<\/div>\n\t\t\t\t<section class=\"elementor-section elementor-inner-section elementor-element elementor-element-1bd5afe1 elementor-section-boxed elementor-section-height-default elementor-section-height-default\" data-id=\"1bd5afe1\" data-element_type=\"section\" data-settings=\"{&quot;background_background&quot;:&quot;classic&quot;}\">\n\t\t\t\t\t\t<div class=\"elementor-container elementor-column-gap-no\">\n\t\t\t\t\t<div class=\"elementor-column elementor-col-50 elementor-inner-column elementor-element elementor-element-6559e687\" data-id=\"6559e687\" data-element_type=\"column\" data-settings=\"{&quot;background_background&quot;:&quot;classic&quot;}\">\n\t\t\t<div class=\"elementor-widget-wrap elementor-element-populated\">\n\t\t\t\t\t\t<div class=\"elementor-element elementor-element-72e8e1a2 elementor-widget elementor-widget-image\" data-id=\"72e8e1a2\" data-element_type=\"widget\" data-widget_type=\"image.default\">\n\t\t\t\t<div class=\"elementor-widget-container\">\n\t\t\t\t\t\t\t\t\t\t\t\t\t\t\t<img decoding=\"async\" width=\"1200\" height=\"675\" src=\"https:\/\/institutosantosdumont.org.br\/wp-content\/uploads\/2017\/06\/campus-cerebro-iinels.jpg\" class=\"attachment-full size-full wp-image-14896\" alt=\"\" srcset=\"https:\/\/institutosantosdumont.org.br\/wp-content\/uploads\/2017\/06\/campus-cerebro-iinels.jpg 1200w, https:\/\/institutosantosdumont.org.br\/wp-content\/uploads\/2017\/06\/campus-cerebro-iinels-300x169.jpg 300w, https:\/\/institutosantosdumont.org.br\/wp-content\/uploads\/2017\/06\/campus-cerebro-iinels-768x432.jpg 768w, https:\/\/institutosantosdumont.org.br\/wp-content\/uploads\/2017\/06\/campus-cerebro-iinels-1024x576.jpg 1024w\" sizes=\"(max-width: 1200px) 100vw, 1200px\" \/>\t\t\t\t\t\t\t\t\t\t\t\t\t\t\t<\/div>\n\t\t\t\t<\/div>\n\t\t\t\t<div class=\"elementor-element elementor-element-55dde69 elementor-widget elementor-widget-heading\" data-id=\"55dde69\" data-element_type=\"widget\" data-widget_type=\"heading.default\">\n\t\t\t\t<div class=\"elementor-widget-container\">\n\t\t\t\t\t<h3 class=\"elementor-heading-title elementor-size-large\">Edmond and Lily Safra International Institute of Neurosciences<\/h3>\t\t\t\t<\/div>\n\t\t\t\t<\/div>\n\t\t\t\t<div class=\"elementor-element elementor-element-72b85185 elementor-widget elementor-widget-text-editor\" data-id=\"72b85185\" data-element_type=\"widget\" data-widget_type=\"text-editor.default\">\n\t\t\t\t<div class=\"elementor-widget-container\">\n\t\t\t\t\t\t\t\t\t<p>Located in Maca\u00edba-RN, IIN-ELS (as Portuguese abbreviation) develops innovative translational scientific research in two main lines: Brain-Machine Interface (BMIs) and Neuromodulation. Since 2013, it offers the first Master&#039;s Degree in Neuroengineering approved by <strong>Brazilian Government \/ CAPES<\/strong>. You can find further information <a href=\"https:\/\/institutosantosdumont.org.br\/en\/instituto-neurociencias\/\" target=\"_blank\" rel=\"noopener\"><strong>HERE<\/strong><\/a> (in Portuguese).<\/p>\t\t\t\t\t\t\t\t<\/div>\n\t\t\t\t<\/div>\n\t\t\t\t\t<\/div>\n\t\t<\/div>\n\t\t\t\t<div class=\"elementor-column elementor-col-50 elementor-inner-column elementor-element elementor-element-91c73fa\" data-id=\"91c73fa\" data-element_type=\"column\" data-settings=\"{&quot;background_background&quot;:&quot;classic&quot;}\">\n\t\t\t<div class=\"elementor-widget-wrap elementor-element-populated\">\n\t\t\t\t\t\t<div class=\"elementor-element elementor-element-27b62aed elementor-widget elementor-widget-image\" data-id=\"27b62aed\" data-element_type=\"widget\" data-widget_type=\"image.default\">\n\t\t\t\t<div class=\"elementor-widget-container\">\n\t\t\t\t\t\t\t\t\t\t\t\t\t\t\t<img loading=\"lazy\" decoding=\"async\" width=\"6000\" height=\"4000\" src=\"https:\/\/institutosantosdumont.org.br\/wp-content\/uploads\/2017\/05\/Fachada-do-CEPS-Anita-Garibaldi-_-Foto-ASCOM-ISD-1-1.jpg\" class=\"attachment-full size-full wp-image-22361\" alt=\"\" srcset=\"https:\/\/institutosantosdumont.org.br\/wp-content\/uploads\/2017\/05\/Fachada-do-CEPS-Anita-Garibaldi-_-Foto-ASCOM-ISD-1-1.jpg 6000w, https:\/\/institutosantosdumont.org.br\/wp-content\/uploads\/2017\/05\/Fachada-do-CEPS-Anita-Garibaldi-_-Foto-ASCOM-ISD-1-1-300x200.jpg 300w, https:\/\/institutosantosdumont.org.br\/wp-content\/uploads\/2017\/05\/Fachada-do-CEPS-Anita-Garibaldi-_-Foto-ASCOM-ISD-1-1-768x512.jpg 768w, https:\/\/institutosantosdumont.org.br\/wp-content\/uploads\/2017\/05\/Fachada-do-CEPS-Anita-Garibaldi-_-Foto-ASCOM-ISD-1-1-1024x683.jpg 1024w\" sizes=\"(max-width: 6000px) 100vw, 6000px\" \/>\t\t\t\t\t\t\t\t\t\t\t\t\t\t\t<\/div>\n\t\t\t\t<\/div>\n\t\t\t\t<div class=\"elementor-element elementor-element-46f98947 elementor-widget elementor-widget-heading\" data-id=\"46f98947\" data-element_type=\"widget\" data-widget_type=\"heading.default\">\n\t\t\t\t<div class=\"elementor-widget-container\">\n\t\t\t\t\t<h3 class=\"elementor-heading-title elementor-size-large\">Anita Garibaldi Center for Education and Research in Health (Anita)<\/h3>\t\t\t\t<\/div>\n\t\t\t\t<\/div>\n\t\t\t\t<div class=\"elementor-element elementor-element-75427c3e elementor-widget elementor-widget-text-editor\" data-id=\"75427c3e\" data-element_type=\"widget\" data-widget_type=\"text-editor.default\">\n\t\t\t\t<div class=\"elementor-widget-container\">\n\t\t\t\t\t\t\t\t\t<p><span style=\"color: #ffffff;\">Also located in Maca\u00edba, Anita (as Portuguese abbreviation) dedicates its efforts to training, development, and continuing education of health professionals. It integrates the\u00a0<strong>Brazilian National Health System (SUS)<\/strong>\u00a0as a reference service for multidisciplinary attention to maternal and child health, as well as rehabilitation in the state of Rio Grande do Norte. You can find further information <a style=\"color: #ffffff;\" href=\"https:\/\/institutosantosdumont.org.br\/en\/unidades\/saude-anita-garibaldi\/\" target=\"_blank\" rel=\"noopener\"><strong>HERE<\/strong><\/a> (in Portuguese).<\/span><\/p>\t\t\t\t\t\t\t\t<\/div>\n\t\t\t\t<\/div>\n\t\t\t\t\t<\/div>\n\t\t<\/div>\n\t\t\t\t\t<\/div>\n\t\t<\/section>\n\t\t\t\t<div class=\"elementor-element elementor-element-pr743d4 elementor-widget elementor-widget-spacer\" data-id=\"pr743d4\" data-element_type=\"widget\" data-widget_type=\"spacer.default\">\n\t\t\t\t<div class=\"elementor-widget-container\">\n\t\t\t\t\t\t\t<div class=\"elementor-spacer\">\n\t\t\t<div class=\"elementor-spacer-inner\"><\/div>\n\t\t<\/div>\n\t\t\t\t\t\t<\/div>\n\t\t\t\t<\/div>\n\t\t\t\t<section class=\"elementor-section elementor-inner-section elementor-element elementor-element-8mi3sgf elementor-section-boxed elementor-section-height-default elementor-section-height-default\" data-id=\"8mi3sgf\" data-element_type=\"section\" data-settings=\"{&quot;background_background&quot;:&quot;classic&quot;}\">\n\t\t\t\t\t\t<div class=\"elementor-container elementor-column-gap-default\">\n\t\t\t\t\t<div class=\"elementor-column elementor-col-50 elementor-inner-column elementor-element elementor-element-chlmbsv\" data-id=\"chlmbsv\" data-element_type=\"column\" data-settings=\"{&quot;background_background&quot;:&quot;classic&quot;}\">\n\t\t\t<div class=\"elementor-widget-wrap elementor-element-populated\">\n\t\t\t\t\t\t<div class=\"elementor-element elementor-element-ihwg5u9 elementor-view-default elementor-widget elementor-widget-icon\" data-id=\"ihwg5u9\" data-element_type=\"widget\" data-widget_type=\"icon.default\">\n\t\t\t\t<div class=\"elementor-widget-container\">\n\t\t\t\t\t\t\t<div class=\"elementor-icon-wrapper\">\n\t\t\t<div class=\"elementor-icon\">\n\t\t\t\t\t\t\t<i class=\"fa fa-bullseye\" aria-hidden=\"true\"><\/i>\n\t\t\t\t\t\t<\/div>\n\t\t<\/div>\n\t\t\t\t\t\t<\/div>\n\t\t\t\t<\/div>\n\t\t\t\t\t<\/div>\n\t\t<\/div>\n\t\t\t\t<div class=\"elementor-column elementor-col-50 elementor-inner-column elementor-element elementor-element-crzzu46\" data-id=\"crzzu46\" data-element_type=\"column\" data-settings=\"{&quot;background_background&quot;:&quot;classic&quot;}\">\n\t\t\t<div class=\"elementor-widget-wrap elementor-element-populated\">\n\t\t\t\t\t\t<div class=\"elementor-element elementor-element-j528ltm elementor-widget elementor-widget-heading\" data-id=\"j528ltm\" data-element_type=\"widget\" data-widget_type=\"heading.default\">\n\t\t\t\t<div class=\"elementor-widget-container\">\n\t\t\t\t\t<h3 class=\"elementor-heading-title elementor-size-large\">MISSION<\/h3>\t\t\t\t<\/div>\n\t\t\t\t<\/div>\n\t\t\t\t<div class=\"elementor-element elementor-element-051qccu elementor-widget elementor-widget-text-editor\" data-id=\"051qccu\" data-element_type=\"widget\" data-widget_type=\"text-editor.default\">\n\t\t\t\t<div class=\"elementor-widget-container\">\n\t\t\t\t\t\t\t\t\t<p style=\"text-align: left;\"><span style=\"color: #ffffff;\">To promote education for life, forming citizens through integrated teaching,<\/span><br \/><span style=\"color: #ffffff;\">research and extension actions, and to contribute to a fairer and more humanized shift in\u00a0<\/span><span style=\"color: #ffffff;\">the Brazilian social reality.<\/span><\/p>\t\t\t\t\t\t\t\t<\/div>\n\t\t\t\t<\/div>\n\t\t\t\t\t<\/div>\n\t\t<\/div>\n\t\t\t\t\t<\/div>\n\t\t<\/section>\n\t\t\t\t<div class=\"elementor-element elementor-element-poqubud elementor-widget elementor-widget-spacer\" data-id=\"poqubud\" data-element_type=\"widget\" data-widget_type=\"spacer.default\">\n\t\t\t\t<div class=\"elementor-widget-container\">\n\t\t\t\t\t\t\t<div class=\"elementor-spacer\">\n\t\t\t<div class=\"elementor-spacer-inner\"><\/div>\n\t\t<\/div>\n\t\t\t\t\t\t<\/div>\n\t\t\t\t<\/div>\n\t\t\t\t<section class=\"elementor-section elementor-inner-section elementor-element elementor-element-62t6jqc elementor-section-boxed elementor-section-height-default elementor-section-height-default\" data-id=\"62t6jqc\" data-element_type=\"section\" data-settings=\"{&quot;background_background&quot;:&quot;classic&quot;}\">\n\t\t\t\t\t\t<div class=\"elementor-container elementor-column-gap-default\">\n\t\t\t\t\t<div class=\"elementor-column elementor-col-50 elementor-inner-column elementor-element elementor-element-r9ixq8j\" data-id=\"r9ixq8j\" data-element_type=\"column\" data-settings=\"{&quot;background_background&quot;:&quot;classic&quot;}\">\n\t\t\t<div class=\"elementor-widget-wrap elementor-element-populated\">\n\t\t\t\t\t\t<div class=\"elementor-element elementor-element-m0w973i elementor-view-default elementor-widget elementor-widget-icon\" data-id=\"m0w973i\" data-element_type=\"widget\" data-widget_type=\"icon.default\">\n\t\t\t\t<div class=\"elementor-widget-container\">\n\t\t\t\t\t\t\t<div class=\"elementor-icon-wrapper\">\n\t\t\t<div class=\"elementor-icon\">\n\t\t\t\t\t\t\t<i class=\"fa fa-eye\" aria-hidden=\"true\"><\/i>\n\t\t\t\t\t\t<\/div>\n\t\t<\/div>\n\t\t\t\t\t\t<\/div>\n\t\t\t\t<\/div>\n\t\t\t\t\t<\/div>\n\t\t<\/div>\n\t\t\t\t<div class=\"elementor-column elementor-col-50 elementor-inner-column elementor-element elementor-element-csjnhur\" data-id=\"csjnhur\" data-element_type=\"column\" data-settings=\"{&quot;background_background&quot;:&quot;classic&quot;}\">\n\t\t\t<div class=\"elementor-widget-wrap elementor-element-populated\">\n\t\t\t\t\t\t<div class=\"elementor-element elementor-element-q572kka elementor-widget elementor-widget-heading\" data-id=\"q572kka\" data-element_type=\"widget\" data-widget_type=\"heading.default\">\n\t\t\t\t<div class=\"elementor-widget-container\">\n\t\t\t\t\t<h3 class=\"elementor-heading-title elementor-size-large\">VISION<\/h3>\t\t\t\t<\/div>\n\t\t\t\t<\/div>\n\t\t\t\t<div class=\"elementor-element elementor-element-ekpne3o elementor-widget elementor-widget-text-editor\" data-id=\"ekpne3o\" data-element_type=\"widget\" data-widget_type=\"text-editor.default\">\n\t\t\t\t<div class=\"elementor-widget-container\">\n\t\t\t\t\t\t\t\t\t<p style=\"text-align: left;\"><span style=\"color: #ffffff;\">To be internationally recognized as a hub of Education, Science, and Technology in the fields of Maternal and Child Health, Rehabilitation, Neurosciences and Neuroengineering.<\/span><\/p>\t\t\t\t\t\t\t\t<\/div>\n\t\t\t\t<\/div>\n\t\t\t\t\t<\/div>\n\t\t<\/div>\n\t\t\t\t\t<\/div>\n\t\t<\/section>\n\t\t\t\t<div class=\"elementor-element elementor-element-qiqoxtj elementor-widget elementor-widget-spacer\" data-id=\"qiqoxtj\" data-element_type=\"widget\" data-widget_type=\"spacer.default\">\n\t\t\t\t<div class=\"elementor-widget-container\">\n\t\t\t\t\t\t\t<div class=\"elementor-spacer\">\n\t\t\t<div class=\"elementor-spacer-inner\"><\/div>\n\t\t<\/div>\n\t\t\t\t\t\t<\/div>\n\t\t\t\t<\/div>\n\t\t\t\t<div class=\"elementor-element elementor-element-0416be1 elementor-widget elementor-widget-text-editor\" data-id=\"0416be1\" data-element_type=\"widget\" data-widget_type=\"text-editor.default\">\n\t\t\t\t<div class=\"elementor-widget-container\">\n\t\t\t\t\t\t\t\t\t<p>Are you curious about the history and work of the <strong>Santos Dumont Institute<\/strong>? Below you can access the ISD&#039;s magazine, made in 2019, that brings information about the operation and the facilities of the <strong>Edmond and Lily Safra International Institute of Neurosciences<\/strong> and the <strong>Anita Garibaldi Center for Education and Research in Health<\/strong>. The publication also has data about the cycle of the management contract with the Brazilian Ministry of Education between 2014 and 2018.<\/p>\t\t\t\t\t\t\t\t<\/div>\n\t\t\t\t<\/div>\n\t\t\t\t<div class=\"elementor-element elementor-element-3831286f elementor-button-danger elementor-align-center elementor-widget elementor-widget-button\" data-id=\"3831286f\" data-element_type=\"widget\" data-widget_type=\"button.default\">\n\t\t\t\t<div class=\"elementor-widget-container\">\n\t\t\t\t\t\t\t\t\t<div class=\"elementor-button-wrapper\">\n\t\t\t\t\t<a class=\"elementor-button elementor-button-link elementor-size-xl\" href=\"https:\/\/institutosantosdumont.org.br\/wp-content\/uploads\/2019\/08\/Santos-Dumont-Institute-English-Magazine-2019-compactado.pdf\" target=\"_blank\">\n\t\t\t\t\t\t<span class=\"elementor-button-content-wrapper\">\n\t\t\t\t\t\t<span class=\"elementor-button-icon\">\n\t\t\t\t\t\t\t\t\t<i class=\"fa fa-book\" aria-hidden=\"true\"><\/i>\n\t\t\t\t\t\t\t<\/span>\n\t\t\t\t\t\t\t\t\t<span class=\"elementor-button-text\">Magazine: Find the PDF file here or take a look at the Flipbook version below.<\/span>\n\t\t\t\t\t<\/span>\n\t\t\t\t\t<\/a>\n\t\t\t\t<\/div>\n\t\t\t\t\t\t\t\t<\/div>\n\t\t\t\t<\/div>\n\t\t\t\t<div class=\"elementor-element elementor-element-74218005 elementor-widget elementor-widget-html\" data-id=\"74218005\" data-element_type=\"widget\" data-widget_type=\"html.default\">\n\t\t\t\t<div class=\"elementor-widget-container\">\n\t\t\t\t\t<style>.embed-container { position: relative; padding-bottom:56.25%; height:0; overflow: hidden; max-width: 100%; } .embed-container iframe, .embed-container object, .embed-container embed { position: absolute; top: 0; left: 0; width: 100%; height: 100%;}<\/style><div class='embed-container' data-page-width='452' data-page-height='640' id='ypembedcontainer' ><iframe   src=\"https:\/\/www.yumpu.com\/en\/embed\/view\/9R67ehcTZ4G1WqUA\" frameborder=\"0\" allowfullscreen=\"true\"  allowtransparency=\"true\"><\/iframe><\/div><script src='https:\/\/players.yumpu.com\/modules\/embed\/yp_r_iframe.js' ><\/script>\t\t\t\t<\/div>\n\t\t\t\t<\/div>\n\t\t\t\t<div class=\"elementor-element elementor-element-ilwmkvb elementor-widget elementor-widget-spacer\" data-id=\"ilwmkvb\" data-element_type=\"widget\" data-widget_type=\"spacer.default\">\n\t\t\t\t<div class=\"elementor-widget-container\">\n\t\t\t\t\t\t\t<div class=\"elementor-spacer\">\n\t\t\t<div class=\"elementor-spacer-inner\"><\/div>\n\t\t<\/div>\n\t\t\t\t\t\t<\/div>\n\t\t\t\t<\/div>\n\t\t\t\t\t<\/div>\n\t\t<\/div>\n\t\t\t\t\t<\/div>\n\t\t<\/section>\n\t\t\t\t<\/div>","protected":false},"excerpt":{"rendered":"<p>Ideated by the neuroscientist Miguel Nicolelis, the Santos Dumont Institute (Instituto Santos Dumont \u2013 ISD) seeks inspiration in the iconic and innovative figure of Santos Dumont, father of aviation and one of the greatest Brazilian scientists of all times. The Northeast of Brazil was intentionally chosen for ISD acting to foster human, social and financial [\u2026]<\/p>","protected":false},"author":6,"featured_media":0,"parent":0,"menu_order":0,"comment_status":"closed","ping_status":"closed","template":"template-page.php","meta":{"_acf_changed":false,"footnotes":""},"class_list":["post-13667","page","type-page","status-publish","hentry"],"acf":[],"_links":{"self":[{"href":"https:\/\/institutosantosdumont.org.br\/en\/wp-json\/wp\/v2\/pages\/13667","targetHints":{"allow":["GET"]}}],"collection":[{"href":"https:\/\/institutosantosdumont.org.br\/en\/wp-json\/wp\/v2\/pages"}],"about":[{"href":"https:\/\/institutosantosdumont.org.br\/en\/wp-json\/wp\/v2\/types\/page"}],"author":[{"embeddable":true,"href":"https:\/\/institutosantosdumont.org.br\/en\/wp-json\/wp\/v2\/users\/6"}],"replies":[{"embeddable":true,"href":"https:\/\/institutosantosdumont.org.br\/en\/wp-json\/wp\/v2\/comments?post=13667"}],"version-history":[{"count":0,"href":"https:\/\/institutosantosdumont.org.br\/en\/wp-json\/wp\/v2\/pages\/13667\/revisions"}],"wp:attachment":[{"href":"https:\/\/institutosantosdumont.org.br\/en\/wp-json\/wp\/v2\/media?parent=13667"}],"curies":[{"name":"wp","href":"https:\/\/api.w.org\/{rel}","templated":true}]}}