{"id":15970,"date":"2019-02-21T16:41:09","date_gmt":"2019-02-21T19:41:09","guid":{"rendered":"http:\/\/www.institutosantosdumont.org.br\/?page_id=15970"},"modified":"2020-07-04T08:32:40","modified_gmt":"2020-07-04T11:32:40","slug":"orgaos-controle","status":"publish","type":"page","link":"https:\/\/institutosantosdumont.org.br\/en\/orgaos-controle\/","title":{"rendered":"Federal Control Bodies"},"content":{"rendered":"<div data-elementor-type=\"wp-post\" data-elementor-id=\"15970\" class=\"elementor elementor-15970\" data-elementor-post-type=\"page\">\n\t\t\t\t\t\t<section class=\"elementor-section elementor-top-section elementor-element elementor-element-ohtljyz elementor-section-boxed elementor-section-height-default elementor-section-height-default\" data-id=\"ohtljyz\" data-element_type=\"section\">\n\t\t\t\t\t\t<div class=\"elementor-container elementor-column-gap-default\">\n\t\t\t\t\t<div class=\"elementor-column elementor-col-100 elementor-top-column elementor-element elementor-element-qwnlzwv\" data-id=\"qwnlzwv\" data-element_type=\"column\">\n\t\t\t<div class=\"elementor-widget-wrap elementor-element-populated\">\n\t\t\t\t\t\t<div class=\"elementor-element elementor-element-kcbrxiu elementor-widget elementor-widget-spacer\" data-id=\"kcbrxiu\" data-element_type=\"widget\" data-widget_type=\"spacer.default\">\n\t\t\t\t<div class=\"elementor-widget-container\">\n\t\t\t\t\t\t\t<div class=\"elementor-spacer\">\n\t\t\t<div class=\"elementor-spacer-inner\"><\/div>\n\t\t<\/div>\n\t\t\t\t\t\t<\/div>\n\t\t\t\t<\/div>\n\t\t\t\t<div class=\"elementor-element elementor-element-dqrgwms elementor-widget elementor-widget-spacer\" data-id=\"dqrgwms\" data-element_type=\"widget\" data-widget_type=\"spacer.default\">\n\t\t\t\t<div class=\"elementor-widget-container\">\n\t\t\t\t\t\t\t<div class=\"elementor-spacer\">\n\t\t\t<div class=\"elementor-spacer-inner\"><\/div>\n\t\t<\/div>\n\t\t\t\t\t\t<\/div>\n\t\t\t\t<\/div>\n\t\t\t\t<div class=\"elementor-element elementor-element-rescunn elementor-widget elementor-widget-text-editor\" data-id=\"rescunn\" data-element_type=\"widget\" data-widget_type=\"text-editor.default\">\n\t\t\t\t<div class=\"elementor-widget-container\">\n\t\t\t\t\t\t\t\t\t<p>The Instituto de Ensino e Pesquisa Alberto Santos Dumont \u2013ISD manages resources from the Public Power through\u00a0<a href=\"https:\/\/institutosantosdumont.org.br\/en\/contrato-gestao-mec\/\">Management Agreement<\/a>\u00a0with the Ministry of Education (MEC) and is guided by the constitutional principles of Public Administration. Its activities are assessed, monitored and supervised by the federal control bodies and by the Commission for Monitoring and Evaluation of the Management Contract (CAACG\/MEC), constituted by the Supervisory Body, which, every six months, analyzes the fulfillment of goals and indicators agreed with the MEC .<\/p><p>Under this Agreement, between 2014 and 2019, R$ 101.2 million were transferred, out of the R$ 247 million originally planned.<\/p><p>The Management Agreement, entered into between the Instituto de Ensino e Pesquisa Alberto Santos Dumont \u2013ISD and the Ministry of Education \u2013MEC, was analyzed by the Federal Court of Auditors through the audit process TC 009.796\/2015-0, and whose analysis was continued in cases TC 016.008\/2016-2 and TC 015.677\/2019-2.<\/p><p>Through Judgment 1975\/2019, issued under TC 015.677\/2019-2, the Court recognized the full compliance, by ISD, of the notes under its responsibility, previously conveyed in Judgments 1335\/2016 and 2194\/2018<\/p><p>Considering that the Court recognized that the ISD complied with all the recommendations made within the scope of the audit procedure and that there are no further measures to be taken by the Institute, at the present time, in the context of the processes of the Federal Court of Auditors, it is presented at <a href=\"https:\/\/institutosantosdumont.org.br\/wp-content\/uploads\/2020\/07\/S\u00edntese-dos-Ac\u00f3rd\u00e3os-do-TCU-dirigidos-ao-ISD_Atualiza\u00e7\u00e3o-Junho-2020.pdf\">attached table<\/a> a summary of the Judgments of the Federal Court of Accounts addressed to the ISD, with their respective determinations, measures and results. Click <a href=\"https:\/\/institutosantosdumont.org.br\/wp-content\/uploads\/2020\/07\/S\u00edntese-dos-Ac\u00f3rd\u00e3os-do-TCU-dirigidos-ao-ISD_Atualiza\u00e7\u00e3o-Junho-2020.pdf\">here<\/a>\u00a0or the button below to access the document.<\/p>\t\t\t\t\t\t\t\t<\/div>\n\t\t\t\t<\/div>\n\t\t\t\t<div class=\"elementor-element elementor-element-0988649 elementor-button-success elementor-align-center elementor-widget elementor-widget-button\" data-id=\"0988649\" data-element_type=\"widget\" data-widget_type=\"button.default\">\n\t\t\t\t<div class=\"elementor-widget-container\">\n\t\t\t\t\t\t\t\t\t<div class=\"elementor-button-wrapper\">\n\t\t\t\t\t<a class=\"elementor-button elementor-button-link elementor-size-xl\" href=\"https:\/\/institutosantosdumont.org.br\/wp-content\/uploads\/2020\/07\/S\u00edntese-dos-Ac\u00f3rd\u00e3os-do-TCU-dirigidos-ao-ISD_Atualiza\u00e7\u00e3o-Junho-2020.pdf\">\n\t\t\t\t\t\t<span class=\"elementor-button-content-wrapper\">\n\t\t\t\t\t\t\t\t\t<span class=\"elementor-button-text\">Summary of TCU Judgments addressed to ISD<\/span>\n\t\t\t\t\t<\/span>\n\t\t\t\t\t<\/a>\n\t\t\t\t<\/div>\n\t\t\t\t\t\t\t\t<\/div>\n\t\t\t\t<\/div>\n\t\t\t\t<section class=\"elementor-section elementor-inner-section elementor-element elementor-element-akbqpry elementor-section-boxed elementor-section-height-default elementor-section-height-default\" data-id=\"akbqpry\" data-element_type=\"section\" data-settings=\"{&quot;background_background&quot;:&quot;classic&quot;}\">\n\t\t\t\t\t\t<div class=\"elementor-container elementor-column-gap-no\">\n\t\t\t\t\t<div class=\"elementor-column elementor-col-100 elementor-inner-column elementor-element elementor-element-ijlftbm\" data-id=\"ijlftbm\" data-element_type=\"column\" data-settings=\"{&quot;background_background&quot;:&quot;classic&quot;}\">\n\t\t\t<div class=\"elementor-widget-wrap\">\n\t\t\t\t\t\t\t<\/div>\n\t\t<\/div>\n\t\t\t\t\t<\/div>\n\t\t<\/section>\n\t\t\t\t<div class=\"elementor-element elementor-element-piogood elementor-widget elementor-widget-spacer\" data-id=\"piogood\" data-element_type=\"widget\" data-widget_type=\"spacer.default\">\n\t\t\t\t<div class=\"elementor-widget-container\">\n\t\t\t\t\t\t\t<div class=\"elementor-spacer\">\n\t\t\t<div class=\"elementor-spacer-inner\"><\/div>\n\t\t<\/div>\n\t\t\t\t\t\t<\/div>\n\t\t\t\t<\/div>\n\t\t\t\t<div class=\"elementor-element elementor-element-wdiulbn elementor-widget elementor-widget-spacer\" data-id=\"wdiulbn\" data-element_type=\"widget\" data-widget_type=\"spacer.default\">\n\t\t\t\t<div class=\"elementor-widget-container\">\n\t\t\t\t\t\t\t<div class=\"elementor-spacer\">\n\t\t\t<div class=\"elementor-spacer-inner\"><\/div>\n\t\t<\/div>\n\t\t\t\t\t\t<\/div>\n\t\t\t\t<\/div>\n\t\t\t\t<div class=\"elementor-element elementor-element-slqxocn elementor-widget elementor-widget-spacer\" data-id=\"slqxocn\" data-element_type=\"widget\" data-widget_type=\"spacer.default\">\n\t\t\t\t<div class=\"elementor-widget-container\">\n\t\t\t\t\t\t\t<div class=\"elementor-spacer\">\n\t\t\t<div class=\"elementor-spacer-inner\"><\/div>\n\t\t<\/div>\n\t\t\t\t\t\t<\/div>\n\t\t\t\t<\/div>\n\t\t\t\t\t<\/div>\n\t\t<\/div>\n\t\t\t\t\t<\/div>\n\t\t<\/section>\n\t\t\t\t<\/div>","protected":false},"excerpt":{"rendered":"<p>The Alberto Santos Dumont Teaching and Research Institute \u2013 ISD manages resources from the Government through a Management Contract with the Ministry of Education (MEC) and is guided by the constitutional principles of Public Administration. Its activities are evaluated, monitored and supervised by federal control bodies and by the Monitoring and Evaluation Committee of [\u2026]<\/p>","protected":false},"author":6,"featured_media":0,"parent":0,"menu_order":0,"comment_status":"closed","ping_status":"closed","template":"template-page.php","meta":{"_acf_changed":false,"footnotes":""},"class_list":["post-15970","page","type-page","status-publish","hentry"],"acf":[],"_links":{"self":[{"href":"https:\/\/institutosantosdumont.org.br\/en\/wp-json\/wp\/v2\/pages\/15970","targetHints":{"allow":["GET"]}}],"collection":[{"href":"https:\/\/institutosantosdumont.org.br\/en\/wp-json\/wp\/v2\/pages"}],"about":[{"href":"https:\/\/institutosantosdumont.org.br\/en\/wp-json\/wp\/v2\/types\/page"}],"author":[{"embeddable":true,"href":"https:\/\/institutosantosdumont.org.br\/en\/wp-json\/wp\/v2\/users\/6"}],"replies":[{"embeddable":true,"href":"https:\/\/institutosantosdumont.org.br\/en\/wp-json\/wp\/v2\/comments?post=15970"}],"version-history":[{"count":0,"href":"https:\/\/institutosantosdumont.org.br\/en\/wp-json\/wp\/v2\/pages\/15970\/revisions"}],"wp:attachment":[{"href":"https:\/\/institutosantosdumont.org.br\/en\/wp-json\/wp\/v2\/media?parent=15970"}],"curies":[{"name":"wp","href":"https:\/\/api.w.org\/{rel}","templated":true}]}}