{"id":18671,"date":"2020-05-06T17:51:32","date_gmt":"2020-05-06T20:51:32","guid":{"rendered":"http:\/\/www.institutosantosdumont.org.br\/?page_id=18671"},"modified":"2020-05-06T19:34:31","modified_gmt":"2020-05-06T22:34:31","slug":"informativos-isd-covid-19","status":"publish","type":"page","link":"https:\/\/institutosantosdumont.org.br\/en\/informativos-isd-covid-19\/","title":{"rendered":"ISD Information: Covid-19"},"content":{"rendered":"<div data-elementor-type=\"wp-post\" data-elementor-id=\"18671\" class=\"elementor elementor-18671\" data-elementor-post-type=\"page\">\n\t\t\t\t\t\t<section class=\"elementor-section elementor-top-section elementor-element elementor-element-c50226e elementor-section-boxed elementor-section-height-default elementor-section-height-default\" data-id=\"c50226e\" data-element_type=\"section\">\n\t\t\t\t\t\t<div class=\"elementor-container elementor-column-gap-default\">\n\t\t\t\t\t<div class=\"elementor-column elementor-col-100 elementor-top-column elementor-element elementor-element-92b011d\" data-id=\"92b011d\" data-element_type=\"column\">\n\t\t\t<div class=\"elementor-widget-wrap elementor-element-populated\">\n\t\t\t\t\t\t<div class=\"elementor-element elementor-element-e3abe15 elementor-position-top elementor-widget elementor-widget-image-box\" data-id=\"e3abe15\" data-element_type=\"widget\" data-widget_type=\"image-box.default\">\n\t\t\t\t<div class=\"elementor-widget-container\">\n\t\t\t\t\t<div class=\"elementor-image-box-wrapper\"><figure class=\"elementor-image-box-img\"><a href=\"https:\/\/institutosantosdumont.org.br\/wp-content\/uploads\/2020\/05\/ISD-informativo-Covid19-e-gravidez_Orienta\u00e7\u00f5es-para-a-linha-de-cuidado-no-ciclo-grav\u00eddico-puerperal-no-Rio-Grande-do-Norte.pdf\" tabindex=\"-1\"><img fetchpriority=\"high\" decoding=\"async\" width=\"583\" height=\"827\" src=\"https:\/\/institutosantosdumont.org.br\/wp-content\/uploads\/2020\/05\/CAPA-Informativo-ISD_Covid19-e-Gravidez.jpg\" class=\"attachment-medium_large size-medium_large wp-image-18677\" alt=\"\" srcset=\"https:\/\/institutosantosdumont.org.br\/wp-content\/uploads\/2020\/05\/CAPA-Informativo-ISD_Covid19-e-Gravidez.jpg 583w, https:\/\/institutosantosdumont.org.br\/wp-content\/uploads\/2020\/05\/CAPA-Informativo-ISD_Covid19-e-Gravidez-211x300.jpg 211w\" sizes=\"(max-width: 583px) 100vw, 583px\" \/><\/a><\/figure><div class=\"elementor-image-box-content\"><h3 class=\"elementor-image-box-title\"><a href=\"https:\/\/institutosantosdumont.org.br\/wp-content\/uploads\/2020\/05\/ISD-informativo-Covid19-e-gravidez_Orienta\u00e7\u00f5es-para-a-linha-de-cuidado-no-ciclo-grav\u00eddico-puerperal-no-Rio-Grande-do-Norte.pdf\">Covid-19 and Pregnancy<\/a><\/h3><p class=\"elementor-image-box-description\">This newsletter addresses aspects related to COVID-19 in the pregnancy-puerperal cycle, through topics that seek to meet the main demands identified in the current context of the pandemic in Rio Grande do Norte. The guidelines are not prescriptive in nature and aim to support the organization of lines of care for women&#039;s health, according to the reality of each health service that is part of the Rede Cegonha.<\/p><\/div><\/div>\t\t\t\t<\/div>\n\t\t\t\t<\/div>\n\t\t\t\t\t<\/div>\n\t\t<\/div>\n\t\t\t\t\t<\/div>\n\t\t<\/section>\n\t\t\t\t<section class=\"elementor-section elementor-top-section elementor-element elementor-element-6593ca4 elementor-section-boxed elementor-section-height-default elementor-section-height-default\" data-id=\"6593ca4\" data-element_type=\"section\">\n\t\t\t\t\t\t<div class=\"elementor-container elementor-column-gap-default\">\n\t\t\t\t\t<div class=\"elementor-column elementor-col-100 elementor-top-column elementor-element elementor-element-aae2d42\" data-id=\"aae2d42\" data-element_type=\"column\">\n\t\t\t<div class=\"elementor-widget-wrap elementor-element-populated\">\n\t\t\t\t\t\t<div class=\"elementor-element elementor-element-89eeb08 elementor-button-success elementor-align-center elementor-widget elementor-widget-button\" data-id=\"89eeb08\" data-element_type=\"widget\" data-widget_type=\"button.default\">\n\t\t\t\t<div class=\"elementor-widget-container\">\n\t\t\t\t\t\t\t\t\t<div class=\"elementor-button-wrapper\">\n\t\t\t\t\t<a class=\"elementor-button elementor-button-link elementor-size-sm\" href=\"https:\/\/institutosantosdumont.org.br\/en\/2020\/05\/06\/coronavirus-informativo-traz-orientacoes-sobre-gravidas-e-puerperas-no-contexto-da-pandemia\/\">\n\t\t\t\t\t\t<span class=\"elementor-button-content-wrapper\">\n\t\t\t\t\t\t\t\t\t<span class=\"elementor-button-text\">Click to read more and download<\/span>\n\t\t\t\t\t<\/span>\n\t\t\t\t\t<\/a>\n\t\t\t\t<\/div>\n\t\t\t\t\t\t\t\t<\/div>\n\t\t\t\t<\/div>\n\t\t\t\t\t<\/div>\n\t\t<\/div>\n\t\t\t\t\t<\/div>\n\t\t<\/section>\n\t\t\t\t<\/div>","protected":false},"excerpt":{"rendered":"<p>Covid-19 and Pregnancy This newsletter addresses aspects related to COVID-19 in the pregnancy-puerperal cycle, through topics that seek to meet the main demands identified in the current context of the pandemic in Rio Grande do Norte. The guidelines are not prescriptive in nature and aim to support the organization of women\u2019s health care lines, in accordance with [\u2026]<\/p>","protected":false},"author":10,"featured_media":0,"parent":0,"menu_order":0,"comment_status":"closed","ping_status":"closed","template":"template-page.php","meta":{"_acf_changed":false,"footnotes":""},"class_list":["post-18671","page","type-page","status-publish","hentry"],"acf":[],"_links":{"self":[{"href":"https:\/\/institutosantosdumont.org.br\/en\/wp-json\/wp\/v2\/pages\/18671","targetHints":{"allow":["GET"]}}],"collection":[{"href":"https:\/\/institutosantosdumont.org.br\/en\/wp-json\/wp\/v2\/pages"}],"about":[{"href":"https:\/\/institutosantosdumont.org.br\/en\/wp-json\/wp\/v2\/types\/page"}],"author":[{"embeddable":true,"href":"https:\/\/institutosantosdumont.org.br\/en\/wp-json\/wp\/v2\/users\/10"}],"replies":[{"embeddable":true,"href":"https:\/\/institutosantosdumont.org.br\/en\/wp-json\/wp\/v2\/comments?post=18671"}],"version-history":[{"count":0,"href":"https:\/\/institutosantosdumont.org.br\/en\/wp-json\/wp\/v2\/pages\/18671\/revisions"}],"wp:attachment":[{"href":"https:\/\/institutosantosdumont.org.br\/en\/wp-json\/wp\/v2\/media?parent=18671"}],"curies":[{"name":"wp","href":"https:\/\/api.w.org\/{rel}","templated":true}]}}