{"id":18781,"date":"2020-05-11T17:02:02","date_gmt":"2020-05-11T20:02:02","guid":{"rendered":"http:\/\/www.institutosantosdumont.org.br\/?page_id=18781"},"modified":"2020-06-17T09:05:15","modified_gmt":"2020-06-17T12:05:15","slug":"serie-isd-contra-a-covid-19-perguntas-e-respostas","status":"publish","type":"page","link":"https:\/\/institutosantosdumont.org.br\/en\/serie-isd-contra-a-covid-19-perguntas-e-respostas\/","title":{"rendered":"ISD Series against Covid-19: Questions and Answers"},"content":{"rendered":"<div data-elementor-type=\"wp-post\" data-elementor-id=\"18781\" class=\"elementor elementor-18781\" data-elementor-post-type=\"page\">\n\t\t\t\t\t\t<section class=\"elementor-section elementor-top-section elementor-element elementor-element-e8b1f90 elementor-section-boxed elementor-section-height-default elementor-section-height-default\" data-id=\"e8b1f90\" data-element_type=\"section\">\n\t\t\t\t\t\t<div class=\"elementor-container elementor-column-gap-default\">\n\t\t\t\t\t<div class=\"elementor-column elementor-col-100 elementor-top-column elementor-element elementor-element-2182e37\" data-id=\"2182e37\" data-element_type=\"column\">\n\t\t\t<div class=\"elementor-widget-wrap elementor-element-populated\">\n\t\t\t\t\t\t<div class=\"elementor-element elementor-element-8799ab1 elementor-widget elementor-widget-text-editor\" data-id=\"8799ab1\" data-element_type=\"widget\" data-widget_type=\"text-editor.default\">\n\t\t\t\t<div class=\"elementor-widget-container\">\n\t\t\t\t\t\t\t\t\t<p><span style=\"font-weight: 400;\">The \u201cISD against Covid-19\u201d series brings together a set of questions and answers to unravel, based on science and official sources, the most common issues related to the disease caused by the new coronavirus.\u00a0<\/span><span style=\"font-weight: 400;\">The series is produced by students of the master&#039;s degree in neuroengineering and is part of a systematic content production line structured at the Institute to promote health education and reinforce the dissemination of verified information about the moment, combat misinformation and what the World Health Organization (WHO) called infodemic.\u00a0<\/span><span style=\"font-weight: 400;\">All materials will be published on this page and can be downloaded and reproduced.\u00a0<\/span><\/p>\t\t\t\t\t\t\t\t<\/div>\n\t\t\t\t<\/div>\n\t\t\t\t\t<\/div>\n\t\t<\/div>\n\t\t\t\t\t<\/div>\n\t\t<\/section>\n\t\t\t\t<section class=\"elementor-section elementor-top-section elementor-element elementor-element-adc9f9d elementor-section-boxed elementor-section-height-default elementor-section-height-default\" data-id=\"adc9f9d\" data-element_type=\"section\">\n\t\t\t\t\t\t<div class=\"elementor-container elementor-column-gap-default\">\n\t\t\t\t\t<div class=\"elementor-column elementor-col-100 elementor-top-column elementor-element elementor-element-5037c10\" data-id=\"5037c10\" data-element_type=\"column\">\n\t\t\t<div class=\"elementor-widget-wrap elementor-element-populated\">\n\t\t\t\t\t\t<div class=\"elementor-element elementor-element-57e3035 elementor-arrows-position-inside elementor-pagination-position-outside elementor-widget elementor-widget-image-carousel\" data-id=\"57e3035\" data-element_type=\"widget\" data-settings=\"{&quot;image_spacing_custom&quot;:{&quot;unit&quot;:&quot;px&quot;,&quot;size&quot;:30,&quot;sizes&quot;:[]},&quot;navigation&quot;:&quot;both&quot;,&quot;autoplay&quot;:&quot;yes&quot;,&quot;pause_on_hover&quot;:&quot;yes&quot;,&quot;pause_on_interaction&quot;:&quot;yes&quot;,&quot;autoplay_speed&quot;:5000,&quot;infinite&quot;:&quot;yes&quot;,&quot;speed&quot;:500,&quot;image_spacing_custom_tablet&quot;:{&quot;unit&quot;:&quot;px&quot;,&quot;size&quot;:&quot;&quot;,&quot;sizes&quot;:[]},&quot;image_spacing_custom_mobile&quot;:{&quot;unit&quot;:&quot;px&quot;,&quot;size&quot;:&quot;&quot;,&quot;sizes&quot;:[]}}\" data-widget_type=\"image-carousel.default\">\n\t\t\t\t<div class=\"elementor-widget-container\">\n\t\t\t\t\t\t\t<div class=\"elementor-image-carousel-wrapper swiper\" role=\"region\" aria-roledescription=\"carousel\" aria-label=\"Image Carousel\" dir=\"ltr\" data-no-translation-aria-label=\"\">\n\t\t\t<div class=\"elementor-image-carousel swiper-wrapper\" aria-live=\"off\">\n\t\t\t\t\t\t\t\t<div class=\"swiper-slide\" role=\"group\" aria-roledescription=\"slide\" aria-label=\"1 of 18\" data-no-translation-aria-label=\"\"><a data-elementor-open-lightbox=\"yes\" data-elementor-lightbox-slideshow=\"57e3035\" data-elementor-lightbox-title=\"FAQ017-INSTAGRAM-FEED\" data-e-action-hash=\"#elementor-action%3Aaction%3Dlightbox%26settings%3DeyJpZCI6MTk0OTcsInVybCI6Imh0dHBzOlwvXC9pbnN0aXR1dG9zYW50b3NkdW1vbnQub3JnLmJyXC93cC1jb250ZW50XC91cGxvYWRzXC8yMDIwXC8wNlwvRkFRMDE3LUlOU1RBR1JBTS1GRUVELnBuZyIsInNsaWRlc2hvdyI6IjU3ZTMwMzUifQ%3D%3D\" href=\"https:\/\/institutosantosdumont.org.br\/wp-content\/uploads\/2020\/06\/FAQ017-INSTAGRAM-FEED.png\"><figure class=\"swiper-slide-inner\"><img decoding=\"async\" class=\"swiper-slide-image\" src=\"https:\/\/institutosantosdumont.org.br\/wp-content\/uploads\/2020\/06\/FAQ017-INSTAGRAM-FEED.png\" alt=\"FAQ017-INSTAGRAM-FEED\" \/><\/figure><\/a><\/div><div class=\"swiper-slide\" role=\"group\" aria-roledescription=\"slide\" aria-label=\"2 of 18\" data-no-translation-aria-label=\"\"><a data-elementor-open-lightbox=\"yes\" data-elementor-lightbox-slideshow=\"57e3035\" data-elementor-lightbox-title=\"FAQ018-INSTAGRAM-FEED\" data-e-action-hash=\"#elementor-action%3Aaction%3Dlightbox%26settings%3DeyJpZCI6MTkzNjcsInVybCI6Imh0dHBzOlwvXC9pbnN0aXR1dG9zYW50b3NkdW1vbnQub3JnLmJyXC93cC1jb250ZW50XC91cGxvYWRzXC8yMDIwXC8wNlwvRkFRMDE4LUlOU1RBR1JBTS1GRUVELnBuZyIsInNsaWRlc2hvdyI6IjU3ZTMwMzUifQ%3D%3D\" href=\"https:\/\/institutosantosdumont.org.br\/wp-content\/uploads\/2020\/06\/FAQ018-INSTAGRAM-FEED.png\"><figure class=\"swiper-slide-inner\"><img decoding=\"async\" class=\"swiper-slide-image\" src=\"https:\/\/institutosantosdumont.org.br\/wp-content\/uploads\/2020\/06\/FAQ018-INSTAGRAM-FEED.png\" alt=\"FAQ018-INSTAGRAM-FEED\" \/><\/figure><\/a><\/div><div class=\"swiper-slide\" role=\"group\" aria-roledescription=\"slide\" aria-label=\"3 of 18\" data-no-translation-aria-label=\"\"><a data-elementor-open-lightbox=\"yes\" data-elementor-lightbox-slideshow=\"57e3035\" data-elementor-lightbox-title=\"FAQ020-INSTAGRAM-FEED\" data-e-action-hash=\"#elementor-action%3Aaction%3Dlightbox%26settings%3DeyJpZCI6MTkzNDAsInVybCI6Imh0dHBzOlwvXC9pbnN0aXR1dG9zYW50b3NkdW1vbnQub3JnLmJyXC93cC1jb250ZW50XC91cGxvYWRzXC8yMDIwXC8wNlwvRkFRMDIwLUlOU1RBR1JBTS1GRUVELnBuZyIsInNsaWRlc2hvdyI6IjU3ZTMwMzUifQ%3D%3D\" href=\"https:\/\/institutosantosdumont.org.br\/wp-content\/uploads\/2020\/06\/FAQ020-INSTAGRAM-FEED.png\"><figure class=\"swiper-slide-inner\"><img decoding=\"async\" class=\"swiper-slide-image\" src=\"https:\/\/institutosantosdumont.org.br\/wp-content\/uploads\/2020\/06\/FAQ020-INSTAGRAM-FEED.png\" alt=\"FAQ020-INSTAGRAM-FEED\" \/><\/figure><\/a><\/div><div class=\"swiper-slide\" role=\"group\" aria-roledescription=\"slide\" aria-label=\"4 of 18\" data-no-translation-aria-label=\"\"><a data-elementor-open-lightbox=\"yes\" data-elementor-lightbox-slideshow=\"57e3035\" data-elementor-lightbox-title=\"FAQ019-INSTAGRAM-FEED\" data-e-action-hash=\"#elementor-action%3Aaction%3Dlightbox%26settings%3DeyJpZCI6MTkzNDEsInVybCI6Imh0dHBzOlwvXC9pbnN0aXR1dG9zYW50b3NkdW1vbnQub3JnLmJyXC93cC1jb250ZW50XC91cGxvYWRzXC8yMDIwXC8wNlwvRkFRMDE5LUlOU1RBR1JBTS1GRUVELnBuZyIsInNsaWRlc2hvdyI6IjU3ZTMwMzUifQ%3D%3D\" href=\"https:\/\/institutosantosdumont.org.br\/wp-content\/uploads\/2020\/06\/FAQ019-INSTAGRAM-FEED.png\"><figure class=\"swiper-slide-inner\"><img decoding=\"async\" class=\"swiper-slide-image\" src=\"https:\/\/institutosantosdumont.org.br\/wp-content\/uploads\/2020\/06\/FAQ019-INSTAGRAM-FEED.png\" alt=\"FAQ019-INSTAGRAM-FEED\" \/><\/figure><\/a><\/div><div class=\"swiper-slide\" role=\"group\" aria-roledescription=\"slide\" aria-label=\"5 of 18\" data-no-translation-aria-label=\"\"><a data-elementor-open-lightbox=\"yes\" data-elementor-lightbox-slideshow=\"57e3035\" data-elementor-lightbox-title=\"ISD responde se Covid-19 pode ser transmitida por alimentos\" data-e-action-hash=\"#elementor-action%3Aaction%3Dlightbox%26settings%3DeyJpZCI6MTkzMTAsInVybCI6Imh0dHBzOlwvXC9pbnN0aXR1dG9zYW50b3NkdW1vbnQub3JnLmJyXC93cC1jb250ZW50XC91cGxvYWRzXC8yMDIwXC8wNlwvSVNELXJlc3BvbmRlLXNlLUNvdmlkLTE5LXBvZGUtc2VyLXRyYW5zbWl0aWRhLXBvci1hbGltZW50b3MucG5nIiwic2xpZGVzaG93IjoiNTdlMzAzNSJ9\" href=\"https:\/\/institutosantosdumont.org.br\/wp-content\/uploads\/2020\/06\/ISD-responde-se-Covid-19-pode-ser-transmitida-por-alimentos.png\"><figure class=\"swiper-slide-inner\"><img decoding=\"async\" class=\"swiper-slide-image\" src=\"https:\/\/institutosantosdumont.org.br\/wp-content\/uploads\/2020\/06\/ISD-responde-se-Covid-19-pode-ser-transmitida-por-alimentos.png\" alt=\"ISD responde se Covid-19 pode ser transmitida por alimentos\" \/><\/figure><\/a><\/div><div class=\"swiper-slide\" role=\"group\" aria-roledescription=\"slide\" aria-label=\"6 of 18\" data-no-translation-aria-label=\"\"><a data-elementor-open-lightbox=\"yes\" data-elementor-lightbox-slideshow=\"57e3035\" data-elementor-lightbox-title=\"S\u00e9rie ISD contra a Covid-19 explica se animais de estima\u00e7\u00e3o podem contrair a doen\u00e7a\" data-e-action-hash=\"#elementor-action%3Aaction%3Dlightbox%26settings%3DeyJpZCI6MTkyMjUsInVybCI6Imh0dHBzOlwvXC9pbnN0aXR1dG9zYW50b3NkdW1vbnQub3JnLmJyXC93cC1jb250ZW50XC91cGxvYWRzXC8yMDIwXC8wNVwvU1x1MDBlOXJpZS1JU0QtY29udHJhLWEtQ292aWQtMTktZXhwbGljYS1zZS1hbmltYWlzLWRlLWVzdGltYVx1MDBlN1x1MDBlM28tcG9kZW0tY29udHJhaXItYS1kb2VuXHUwMGU3YS5wbmciLCJzbGlkZXNob3ciOiI1N2UzMDM1In0%3D\" href=\"https:\/\/institutosantosdumont.org.br\/wp-content\/uploads\/2020\/05\/S\u00e9rie-ISD-contra-a-Covid-19-explica-se-animais-de-estima\u00e7\u00e3o-podem-contrair-a-doen\u00e7a.png\"><figure class=\"swiper-slide-inner\"><img decoding=\"async\" class=\"swiper-slide-image\" src=\"https:\/\/institutosantosdumont.org.br\/wp-content\/uploads\/2020\/05\/S\u00e9rie-ISD-contra-a-Covid-19-explica-se-animais-de-estima\u00e7\u00e3o-podem-contrair-a-doen\u00e7a.png\" alt=\"S\u00e9rie ISD contra a Covid-19 explica se animais de estima\u00e7\u00e3o podem contrair a doen\u00e7a\" \/><\/figure><\/a><\/div><div class=\"swiper-slide\" role=\"group\" aria-roledescription=\"slide\" aria-label=\"7 of 18\" data-no-translation-aria-label=\"\"><a data-elementor-open-lightbox=\"yes\" data-elementor-lightbox-slideshow=\"57e3035\" data-elementor-lightbox-title=\"FAQ014-INSTAGRAM-FEED\" data-e-action-hash=\"#elementor-action%3Aaction%3Dlightbox%26settings%3DeyJpZCI6MTkwOTEsInVybCI6Imh0dHBzOlwvXC9pbnN0aXR1dG9zYW50b3NkdW1vbnQub3JnLmJyXC93cC1jb250ZW50XC91cGxvYWRzXC8yMDIwXC8wNVwvRkFRMDE0LUlOU1RBR1JBTS1GRUVELnBuZyIsInNsaWRlc2hvdyI6IjU3ZTMwMzUifQ%3D%3D\" href=\"https:\/\/institutosantosdumont.org.br\/wp-content\/uploads\/2020\/05\/FAQ014-INSTAGRAM-FEED.png\"><figure class=\"swiper-slide-inner\"><img decoding=\"async\" class=\"swiper-slide-image\" src=\"https:\/\/institutosantosdumont.org.br\/wp-content\/uploads\/2020\/05\/FAQ014-INSTAGRAM-FEED.png\" alt=\"FAQ014-INSTAGRAM-FEED\" \/><\/figure><\/a><\/div><div class=\"swiper-slide\" role=\"group\" aria-roledescription=\"slide\" aria-label=\"8 of 18\" data-no-translation-aria-label=\"\"><a data-elementor-open-lightbox=\"yes\" data-elementor-lightbox-slideshow=\"57e3035\" data-elementor-lightbox-title=\"FAQ015-INSTAGRAM-FEED\" data-e-action-hash=\"#elementor-action%3Aaction%3Dlightbox%26settings%3DeyJpZCI6MTkwOTAsInVybCI6Imh0dHBzOlwvXC9pbnN0aXR1dG9zYW50b3NkdW1vbnQub3JnLmJyXC93cC1jb250ZW50XC91cGxvYWRzXC8yMDIwXC8wNVwvRkFRMDE1LUlOU1RBR1JBTS1GRUVELnBuZyIsInNsaWRlc2hvdyI6IjU3ZTMwMzUifQ%3D%3D\" href=\"https:\/\/institutosantosdumont.org.br\/wp-content\/uploads\/2020\/05\/FAQ015-INSTAGRAM-FEED.png\"><figure class=\"swiper-slide-inner\"><img decoding=\"async\" class=\"swiper-slide-image\" src=\"https:\/\/institutosantosdumont.org.br\/wp-content\/uploads\/2020\/05\/FAQ015-INSTAGRAM-FEED.png\" alt=\"FAQ015-INSTAGRAM-FEED\" \/><\/figure><\/a><\/div><div class=\"swiper-slide\" role=\"group\" aria-roledescription=\"slide\" aria-label=\"9 of 18\" data-no-translation-aria-label=\"\"><a data-elementor-open-lightbox=\"yes\" data-elementor-lightbox-slideshow=\"57e3035\" data-elementor-lightbox-title=\"FAQ011-INSTAGRAM-FEED\" data-e-action-hash=\"#elementor-action%3Aaction%3Dlightbox%26settings%3DeyJpZCI6MTkwODQsInVybCI6Imh0dHBzOlwvXC9pbnN0aXR1dG9zYW50b3NkdW1vbnQub3JnLmJyXC93cC1jb250ZW50XC91cGxvYWRzXC8yMDIwXC8wNVwvRkFRMDExLUlOU1RBR1JBTS1GRUVELnBuZyIsInNsaWRlc2hvdyI6IjU3ZTMwMzUifQ%3D%3D\" href=\"https:\/\/institutosantosdumont.org.br\/wp-content\/uploads\/2020\/05\/FAQ011-INSTAGRAM-FEED.png\"><figure class=\"swiper-slide-inner\"><img decoding=\"async\" class=\"swiper-slide-image\" src=\"https:\/\/institutosantosdumont.org.br\/wp-content\/uploads\/2020\/05\/FAQ011-INSTAGRAM-FEED.png\" alt=\"FAQ011-INSTAGRAM-FEED\" \/><\/figure><\/a><\/div><div class=\"swiper-slide\" role=\"group\" aria-roledescription=\"slide\" aria-label=\"10 of 18\" data-no-translation-aria-label=\"\"><a data-elementor-open-lightbox=\"yes\" data-elementor-lightbox-slideshow=\"57e3035\" data-elementor-lightbox-title=\"FAQ012-INSTAGRAM-FEED\" data-e-action-hash=\"#elementor-action%3Aaction%3Dlightbox%26settings%3DeyJpZCI6MTkwODUsInVybCI6Imh0dHBzOlwvXC9pbnN0aXR1dG9zYW50b3NkdW1vbnQub3JnLmJyXC93cC1jb250ZW50XC91cGxvYWRzXC8yMDIwXC8wNVwvRkFRMDEyLUlOU1RBR1JBTS1GRUVELnBuZyIsInNsaWRlc2hvdyI6IjU3ZTMwMzUifQ%3D%3D\" href=\"https:\/\/institutosantosdumont.org.br\/wp-content\/uploads\/2020\/05\/FAQ012-INSTAGRAM-FEED.png\"><figure class=\"swiper-slide-inner\"><img decoding=\"async\" class=\"swiper-slide-image\" src=\"https:\/\/institutosantosdumont.org.br\/wp-content\/uploads\/2020\/05\/FAQ012-INSTAGRAM-FEED.png\" alt=\"FAQ012-INSTAGRAM-FEED\" \/><\/figure><\/a><\/div><div class=\"swiper-slide\" role=\"group\" aria-roledescription=\"slide\" aria-label=\"11 of 18\" data-no-translation-aria-label=\"\"><a data-elementor-open-lightbox=\"yes\" data-elementor-lightbox-slideshow=\"57e3035\" data-elementor-lightbox-title=\"FAQ009-INSTAGRAM-FEED\" data-e-action-hash=\"#elementor-action%3Aaction%3Dlightbox%26settings%3DeyJpZCI6MTkwODAsInVybCI6Imh0dHBzOlwvXC9pbnN0aXR1dG9zYW50b3NkdW1vbnQub3JnLmJyXC93cC1jb250ZW50XC91cGxvYWRzXC8yMDIwXC8wNVwvRkFRMDA5LUlOU1RBR1JBTS1GRUVELnBuZyIsInNsaWRlc2hvdyI6IjU3ZTMwMzUifQ%3D%3D\" href=\"https:\/\/institutosantosdumont.org.br\/wp-content\/uploads\/2020\/05\/FAQ009-INSTAGRAM-FEED.png\"><figure class=\"swiper-slide-inner\"><img decoding=\"async\" class=\"swiper-slide-image\" src=\"https:\/\/institutosantosdumont.org.br\/wp-content\/uploads\/2020\/05\/FAQ009-INSTAGRAM-FEED.png\" alt=\"FAQ009-INSTAGRAM-FEED\" \/><\/figure><\/a><\/div><div class=\"swiper-slide\" role=\"group\" aria-roledescription=\"slide\" aria-label=\"12 of 18\" data-no-translation-aria-label=\"\"><a data-elementor-open-lightbox=\"yes\" data-elementor-lightbox-slideshow=\"57e3035\" data-elementor-lightbox-title=\"FAQ010-INSTAGRAM-FEED\" data-e-action-hash=\"#elementor-action%3Aaction%3Dlightbox%26settings%3DeyJpZCI6MTkwODEsInVybCI6Imh0dHBzOlwvXC9pbnN0aXR1dG9zYW50b3NkdW1vbnQub3JnLmJyXC93cC1jb250ZW50XC91cGxvYWRzXC8yMDIwXC8wNVwvRkFRMDEwLUlOU1RBR1JBTS1GRUVELnBuZyIsInNsaWRlc2hvdyI6IjU3ZTMwMzUifQ%3D%3D\" href=\"https:\/\/institutosantosdumont.org.br\/wp-content\/uploads\/2020\/05\/FAQ010-INSTAGRAM-FEED.png\"><figure class=\"swiper-slide-inner\"><img decoding=\"async\" class=\"swiper-slide-image\" src=\"https:\/\/institutosantosdumont.org.br\/wp-content\/uploads\/2020\/05\/FAQ010-INSTAGRAM-FEED.png\" alt=\"FAQ010-INSTAGRAM-FEED\" \/><\/figure><\/a><\/div><div class=\"swiper-slide\" role=\"group\" aria-roledescription=\"slide\" aria-label=\"13 of 18\" data-no-translation-aria-label=\"\"><a data-elementor-open-lightbox=\"yes\" data-elementor-lightbox-slideshow=\"57e3035\" data-elementor-lightbox-title=\"FAQ007-INSTAGRAM-FEED\" data-e-action-hash=\"#elementor-action%3Aaction%3Dlightbox%26settings%3DeyJpZCI6MTkwODIsInVybCI6Imh0dHBzOlwvXC9pbnN0aXR1dG9zYW50b3NkdW1vbnQub3JnLmJyXC93cC1jb250ZW50XC91cGxvYWRzXC8yMDIwXC8wNVwvRkFRMDA3LUlOU1RBR1JBTS1GRUVELTEucG5nIiwic2xpZGVzaG93IjoiNTdlMzAzNSJ9\" href=\"https:\/\/institutosantosdumont.org.br\/wp-content\/uploads\/2020\/05\/FAQ007-INSTAGRAM-FEED-1.png\"><figure class=\"swiper-slide-inner\"><img decoding=\"async\" class=\"swiper-slide-image\" src=\"https:\/\/institutosantosdumont.org.br\/wp-content\/uploads\/2020\/05\/FAQ007-INSTAGRAM-FEED-1.png\" alt=\"FAQ007-INSTAGRAM-FEED\" \/><\/figure><\/a><\/div><div class=\"swiper-slide\" role=\"group\" aria-roledescription=\"slide\" aria-label=\"14 of 18\" data-no-translation-aria-label=\"\"><a data-elementor-open-lightbox=\"yes\" data-elementor-lightbox-slideshow=\"57e3035\" data-elementor-lightbox-title=\"FAQ008-INSTAGRAM-FEED\" data-e-action-hash=\"#elementor-action%3Aaction%3Dlightbox%26settings%3DeyJpZCI6MTkwODMsInVybCI6Imh0dHBzOlwvXC9pbnN0aXR1dG9zYW50b3NkdW1vbnQub3JnLmJyXC93cC1jb250ZW50XC91cGxvYWRzXC8yMDIwXC8wNVwvRkFRMDA4LUlOU1RBR1JBTS1GRUVELTEucG5nIiwic2xpZGVzaG93IjoiNTdlMzAzNSJ9\" href=\"https:\/\/institutosantosdumont.org.br\/wp-content\/uploads\/2020\/05\/FAQ008-INSTAGRAM-FEED-1.png\"><figure class=\"swiper-slide-inner\"><img decoding=\"async\" class=\"swiper-slide-image\" src=\"https:\/\/institutosantosdumont.org.br\/wp-content\/uploads\/2020\/05\/FAQ008-INSTAGRAM-FEED-1.png\" alt=\"FAQ008-INSTAGRAM-FEED\" \/><\/figure><\/a><\/div><div class=\"swiper-slide\" role=\"group\" aria-roledescription=\"slide\" aria-label=\"15 of 18\" data-no-translation-aria-label=\"\"><a data-elementor-open-lightbox=\"yes\" data-elementor-lightbox-slideshow=\"57e3035\" data-elementor-lightbox-title=\"Quando devo procurar um hospital\" data-e-action-hash=\"#elementor-action%3Aaction%3Dlightbox%26settings%3DeyJpZCI6MTg4MDYsInVybCI6Imh0dHBzOlwvXC9pbnN0aXR1dG9zYW50b3NkdW1vbnQub3JnLmJyXC93cC1jb250ZW50XC91cGxvYWRzXC8yMDIwXC8wNVwvUXVhbmRvLWRldm8tcHJvY3VyYXItdW0taG9zcGl0YWwucG5nIiwic2xpZGVzaG93IjoiNTdlMzAzNSJ9\" href=\"https:\/\/institutosantosdumont.org.br\/wp-content\/uploads\/2020\/05\/Quando-devo-procurar-um-hospital.png\"><figure class=\"swiper-slide-inner\"><img decoding=\"async\" class=\"swiper-slide-image\" src=\"https:\/\/institutosantosdumont.org.br\/wp-content\/uploads\/2020\/05\/Quando-devo-procurar-um-hospital.png\" alt=\"Quando devo procurar um hospital\" \/><\/figure><\/a><\/div><div class=\"swiper-slide\" role=\"group\" aria-roledescription=\"slide\" aria-label=\"16 of 18\" data-no-translation-aria-label=\"\"><a data-elementor-open-lightbox=\"yes\" data-elementor-lightbox-slideshow=\"57e3035\" data-elementor-lightbox-title=\"O que fazer caso apresente sintomas leves da Covid-19\" data-e-action-hash=\"#elementor-action%3Aaction%3Dlightbox%26settings%3DeyJpZCI6MTg4MDcsInVybCI6Imh0dHBzOlwvXC9pbnN0aXR1dG9zYW50b3NkdW1vbnQub3JnLmJyXC93cC1jb250ZW50XC91cGxvYWRzXC8yMDIwXC8wNVwvTy1xdWUtZmF6ZXItY2Fzby1hcHJlc2VudGUtc2ludG9tYXMtbGV2ZXMtZGEtQ292aWQtMTkucG5nIiwic2xpZGVzaG93IjoiNTdlMzAzNSJ9\" href=\"https:\/\/institutosantosdumont.org.br\/wp-content\/uploads\/2020\/05\/O-que-fazer-caso-apresente-sintomas-leves-da-Covid-19.png\"><figure class=\"swiper-slide-inner\"><img decoding=\"async\" class=\"swiper-slide-image\" src=\"https:\/\/institutosantosdumont.org.br\/wp-content\/uploads\/2020\/05\/O-que-fazer-caso-apresente-sintomas-leves-da-Covid-19.png\" alt=\"O que fazer caso apresente sintomas leves da Covid-19\" \/><\/figure><\/a><\/div><div class=\"swiper-slide\" role=\"group\" aria-roledescription=\"slide\" aria-label=\"17 of 18\" data-no-translation-aria-label=\"\"><a data-elementor-open-lightbox=\"yes\" data-elementor-lightbox-slideshow=\"57e3035\" data-elementor-lightbox-title=\"Qual o per\u00edodo de incuba\u00e7\u00e3o da Covid-19\" data-e-action-hash=\"#elementor-action%3Aaction%3Dlightbox%26settings%3DeyJpZCI6MTg3ODcsInVybCI6Imh0dHBzOlwvXC9pbnN0aXR1dG9zYW50b3NkdW1vbnQub3JnLmJyXC93cC1jb250ZW50XC91cGxvYWRzXC8yMDIwXC8wNVwvUXVhbC1vLXBlclx1MDBlZG9kby1kZS1pbmN1YmFcdTAwZTdcdTAwZTNvLWRhLUNvdmlkLTE5LnBuZyIsInNsaWRlc2hvdyI6IjU3ZTMwMzUifQ%3D%3D\" href=\"https:\/\/institutosantosdumont.org.br\/wp-content\/uploads\/2020\/05\/Qual-o-per\u00edodo-de-incuba\u00e7\u00e3o-da-Covid-19.png\"><figure class=\"swiper-slide-inner\"><img decoding=\"async\" class=\"swiper-slide-image\" src=\"https:\/\/institutosantosdumont.org.br\/wp-content\/uploads\/2020\/05\/Qual-o-per\u00edodo-de-incuba\u00e7\u00e3o-da-Covid-19.png\" alt=\"Qual o per\u00edodo de incuba\u00e7\u00e3o da Covid-19\" \/><\/figure><\/a><\/div><div class=\"swiper-slide\" role=\"group\" aria-roledescription=\"slide\" aria-label=\"18 of 18\" data-no-translation-aria-label=\"\"><a data-elementor-open-lightbox=\"yes\" data-elementor-lightbox-slideshow=\"57e3035\" data-elementor-lightbox-title=\"O que \u00e9 um coronav\u00edrus\" data-e-action-hash=\"#elementor-action%3Aaction%3Dlightbox%26settings%3DeyJpZCI6MTg3ODYsInVybCI6Imh0dHBzOlwvXC9pbnN0aXR1dG9zYW50b3NkdW1vbnQub3JnLmJyXC93cC1jb250ZW50XC91cGxvYWRzXC8yMDIwXC8wNVwvTy1xdWUtXHUwMGU5LXVtLWNvcm9uYXZcdTAwZWRydXMucG5nIiwic2xpZGVzaG93IjoiNTdlMzAzNSJ9\" href=\"https:\/\/institutosantosdumont.org.br\/wp-content\/uploads\/2020\/05\/O-que-\u00e9-um-coronav\u00edrus.png\"><figure class=\"swiper-slide-inner\"><img decoding=\"async\" class=\"swiper-slide-image\" src=\"https:\/\/institutosantosdumont.org.br\/wp-content\/uploads\/2020\/05\/O-que-\u00e9-um-coronav\u00edrus.png\" alt=\"O que \u00e9 um coronav\u00edrus\" \/><\/figure><\/a><\/div>\t\t\t<\/div>\n\t\t\t\t\t\t\t\t\t\t\t\t<div class=\"elementor-swiper-button elementor-swiper-button-prev\" role=\"button\" tabindex=\"0\">\n\t\t\t\t\t\t<i aria-hidden=\"true\" class=\"eicon-chevron-left\"><\/i>\t\t\t\t\t<\/div>\n\t\t\t\t\t<div class=\"elementor-swiper-button elementor-swiper-button-next\" role=\"button\" tabindex=\"0\">\n\t\t\t\t\t\t<i aria-hidden=\"true\" class=\"eicon-chevron-right\"><\/i>\t\t\t\t\t<\/div>\n\t\t\t\t\n\t\t\t\t\t\t\t\t\t<div class=\"swiper-pagination\"><\/div>\n\t\t\t\t\t\t\t\t\t<\/div>\n\t\t\t\t\t\t<\/div>\n\t\t\t\t<\/div>\n\t\t\t\t\t<\/div>\n\t\t<\/div>\n\t\t\t\t\t<\/div>\n\t\t<\/section>\n\t\t\t\t<\/div>","protected":false},"excerpt":{"rendered":"<p>The \u201cISD against Covid-19\u201d series brings together a set of questions and answers to unravel, based on science and official sources, the most common issues related to the disease caused by the new coronavirus. The series is produced by students of the master\u2019s degree in neuroengineering and is part of a systematic production line of content structured [\u2026]<\/p>","protected":false},"author":10,"featured_media":0,"parent":0,"menu_order":0,"comment_status":"closed","ping_status":"closed","template":"template-page.php","meta":{"_acf_changed":false,"footnotes":""},"class_list":["post-18781","page","type-page","status-publish","hentry"],"acf":[],"_links":{"self":[{"href":"https:\/\/institutosantosdumont.org.br\/en\/wp-json\/wp\/v2\/pages\/18781","targetHints":{"allow":["GET"]}}],"collection":[{"href":"https:\/\/institutosantosdumont.org.br\/en\/wp-json\/wp\/v2\/pages"}],"about":[{"href":"https:\/\/institutosantosdumont.org.br\/en\/wp-json\/wp\/v2\/types\/page"}],"author":[{"embeddable":true,"href":"https:\/\/institutosantosdumont.org.br\/en\/wp-json\/wp\/v2\/users\/10"}],"replies":[{"embeddable":true,"href":"https:\/\/institutosantosdumont.org.br\/en\/wp-json\/wp\/v2\/comments?post=18781"}],"version-history":[{"count":0,"href":"https:\/\/institutosantosdumont.org.br\/en\/wp-json\/wp\/v2\/pages\/18781\/revisions"}],"wp:attachment":[{"href":"https:\/\/institutosantosdumont.org.br\/en\/wp-json\/wp\/v2\/media?parent=18781"}],"curies":[{"name":"wp","href":"https:\/\/api.w.org\/{rel}","templated":true}]}}