{"id":23398,"date":"2022-02-09T09:50:28","date_gmt":"2022-02-09T12:50:28","guid":{"rendered":"http:\/\/www.institutosantosdumont.org.br\/?page_id=23398"},"modified":"2022-02-09T10:05:38","modified_gmt":"2022-02-09T13:05:38","slug":"history","status":"publish","type":"page","link":"https:\/\/institutosantosdumont.org.br\/en\/history\/","title":{"rendered":"History"},"content":{"rendered":"<div data-elementor-type=\"wp-post\" data-elementor-id=\"23398\" class=\"elementor elementor-23398\" data-elementor-post-type=\"page\">\n\t\t\t\t\t\t<section class=\"elementor-section elementor-top-section elementor-element elementor-element-4a4ssb9 elementor-section-boxed elementor-section-height-default elementor-section-height-default\" data-id=\"4a4ssb9\" data-element_type=\"section\">\n\t\t\t\t\t\t<div class=\"elementor-container elementor-column-gap-default\">\n\t\t\t\t\t<div class=\"elementor-column elementor-col-100 elementor-top-column elementor-element elementor-element-5afmo6v\" data-id=\"5afmo6v\" data-element_type=\"column\">\n\t\t\t<div class=\"elementor-widget-wrap elementor-element-populated\">\n\t\t\t\t\t\t<div class=\"elementor-element elementor-element-n3k91t8 elementor-widget elementor-widget-text-editor\" data-id=\"n3k91t8\" data-element_type=\"widget\" data-widget_type=\"text-editor.default\">\n\t\t\t\t<div class=\"elementor-widget-container\">\n\t\t\t\t\t\t\t\t\t<p style=\"text-align: left;\">Created by the neuroscientist Miguel Nicolelis, the Santos Dumont Institute was built and qualified as a Social Organization in the year of 2014. It&#039;s units, however, have been operating for more than 10 years in the Northeast Region of Brazil thanks to a partnership with the Alberto Santos Dumont Association for Research Support (AASDAP), which managed the space in its early years of activity.<\/p><p style=\"text-align: left;\"><span style=\"font-size: 18.2px;\">The first ISD unit to start operating was the Edmond and Lily Safra International Institute of Neurosciences (IIN-ELS), in 2006, which at the time was named Natal&#039;s International Institute of Neurosciences. In 2007, the Institute received the name \u201cEdmond and Lily Safra\u201d thanks to a donation from mrs. Lily Safra, because of her interest in the neurosciences field. The donated amount can&#039;t be disclosed due to contract matters. Since 2014, the Edmond and Lily Safra International Institute of Neurosciences is maintained thanks to a contract signed with the Brazilian Ministry of Education (MEC, as Portuguese abbreviation).\u00a0<\/span><\/p><p style=\"text-align: left;\">IIN-ELS presents itself as an advanced research center in neurosciences, with permanent and associate researchers that work between the main research fields developed in the Institute. In the early days, electrophysiology studies with microelectrode arrays implanted in the nervous system were rare in Brazil, even more so when combined with histological and immunohistochemical, behavioral and quantitative analysis methods.<\/p>\t\t\t\t\t\t\t\t<\/div>\n\t\t\t\t<\/div>\n\t\t\t\t<section class=\"elementor-section elementor-inner-section elementor-element elementor-element-e62a1c9 elementor-section-boxed elementor-section-height-default elementor-section-height-default\" data-id=\"e62a1c9\" data-element_type=\"section\">\n\t\t\t\t\t\t<div class=\"elementor-container elementor-column-gap-default\">\n\t\t\t\t\t<div class=\"elementor-column elementor-col-50 elementor-inner-column elementor-element elementor-element-bf5a177\" data-id=\"bf5a177\" data-element_type=\"column\">\n\t\t\t<div class=\"elementor-widget-wrap elementor-element-populated\">\n\t\t\t\t\t\t<div class=\"elementor-element elementor-element-1hz4s3f elementor-widget elementor-widget-image\" data-id=\"1hz4s3f\" data-element_type=\"widget\" data-widget_type=\"image.default\">\n\t\t\t\t<div class=\"elementor-widget-container\">\n\t\t\t\t\t\t\t\t\t\t\t\t<figure class=\"wp-caption\">\n\t\t\t\t\t\t\t\t\t\t\t<a href=\"https:\/\/institutosantosdumont.org.br\/wp-content\/uploads\/2017\/09\/0748_editada.jpg\" data-elementor-open-lightbox=\"yes\" data-elementor-lightbox-title=\"0748_editada\" data-e-action-hash=\"#elementor-action%3Aaction%3Dlightbox%26settings%3DeyJpZCI6MTMxNTgsInVybCI6Imh0dHBzOlwvXC9pbnN0aXR1dG9zYW50b3NkdW1vbnQub3JnLmJyXC93cC1jb250ZW50XC91cGxvYWRzXC8yMDE3XC8wOVwvMDc0OF9lZGl0YWRhLmpwZyJ9\">\n\t\t\t\t\t\t\t<img fetchpriority=\"high\" decoding=\"async\" width=\"768\" height=\"576\" src=\"https:\/\/institutosantosdumont.org.br\/wp-content\/uploads\/2017\/09\/0748_editada-768x576.jpg\" class=\"attachment-medium_large size-medium_large wp-image-13158\" alt=\"\" srcset=\"https:\/\/institutosantosdumont.org.br\/wp-content\/uploads\/2017\/09\/0748_editada-768x576.jpg 768w, https:\/\/institutosantosdumont.org.br\/wp-content\/uploads\/2017\/09\/0748_editada-300x225.jpg 300w, https:\/\/institutosantosdumont.org.br\/wp-content\/uploads\/2017\/09\/0748_editada-1024x768.jpg 1024w, https:\/\/institutosantosdumont.org.br\/wp-content\/uploads\/2017\/09\/0748_editada.jpg 2048w\" sizes=\"(max-width: 768px) 100vw, 768px\" \/>\t\t\t\t\t\t\t\t<\/a>\n\t\t\t\t\t\t\t\t\t\t\t<figcaption class=\"widget-image-caption wp-caption-text\">Building where the IIN-ELS started its activities, in Natal (RN). Photo 2012 - ISD Memory Archive<\/figcaption>\n\t\t\t\t\t\t\t\t\t\t<\/figure>\n\t\t\t\t\t\t\t\t\t<\/div>\n\t\t\t\t<\/div>\n\t\t\t\t\t<\/div>\n\t\t<\/div>\n\t\t\t\t<div class=\"elementor-column elementor-col-50 elementor-inner-column elementor-element elementor-element-790f1a4\" data-id=\"790f1a4\" data-element_type=\"column\">\n\t\t\t<div class=\"elementor-widget-wrap elementor-element-populated\">\n\t\t\t\t\t\t<div class=\"elementor-element elementor-element-kpixv2p elementor-widget elementor-widget-image\" data-id=\"kpixv2p\" data-element_type=\"widget\" data-widget_type=\"image.default\">\n\t\t\t\t<div class=\"elementor-widget-container\">\n\t\t\t\t\t\t\t\t\t\t\t\t<figure class=\"wp-caption\">\n\t\t\t\t\t\t\t\t\t\t<img decoding=\"async\" width=\"768\" height=\"510\" src=\"https:\/\/institutosantosdumont.org.br\/wp-content\/uploads\/2017\/09\/Mostra-2013.1-206_editada-768x510.jpg\" class=\"attachment-medium_large size-medium_large wp-image-13157\" alt=\"\" srcset=\"https:\/\/institutosantosdumont.org.br\/wp-content\/uploads\/2017\/09\/Mostra-2013.1-206_editada-768x510.jpg 768w, https:\/\/institutosantosdumont.org.br\/wp-content\/uploads\/2017\/09\/Mostra-2013.1-206_editada-300x199.jpg 300w, https:\/\/institutosantosdumont.org.br\/wp-content\/uploads\/2017\/09\/Mostra-2013.1-206_editada-1024x680.jpg 1024w, https:\/\/institutosantosdumont.org.br\/wp-content\/uploads\/2017\/09\/Mostra-2013.1-206_editada.jpg 2000w\" sizes=\"(max-width: 768px) 100vw, 768px\" \/>\t\t\t\t\t\t\t\t\t\t\t<figcaption class=\"widget-image-caption wp-caption-text\">Exhibition of works from the CEC Natal Science and Physics workshop. Photo from 2013 - ISD Memory Archive<\/figcaption>\n\t\t\t\t\t\t\t\t\t\t<\/figure>\n\t\t\t\t\t\t\t\t\t<\/div>\n\t\t\t\t<\/div>\n\t\t\t\t\t<\/div>\n\t\t<\/div>\n\t\t\t\t\t<\/div>\n\t\t<\/section>\n\t\t\t\t<div class=\"elementor-element elementor-element-dr2mtzx elementor-widget elementor-widget-text-editor\" data-id=\"dr2mtzx\" data-element_type=\"widget\" data-widget_type=\"text-editor.default\">\n\t\t\t\t<div class=\"elementor-widget-container\">\n\t\t\t\t\t\t\t\t\t<p>In February 2007, the<b> Science Education Center (CEC)\u00a0<\/b>Alfredo J. Monteverde School, in Natal (RN), founded by AASDAP and managed by ISD since 2014. In the same year, in September, the Center for Scientific Education (CEC) Alfredo J. Monteverde School in Maca\u00edba (RN) was inaugurated.<\/p><p>In operation in Rio Grande do Norte since 2008, the <a href=\"https:\/\/institutosantosdumont.org.br\/en\/unidades\/saude-anita-garibaldi\/\" target=\"_blank\" rel=\"noopener noreferrer\"><strong>Anita Garibaldi Health Education and Research Center (Anita)<\/strong><\/a>, located in Maca\u00edba, is part of the Unified Health System (SUS) as a school for health professions.<\/p>\t\t\t\t\t\t\t\t<\/div>\n\t\t\t\t<\/div>\n\t\t\t\t<div class=\"elementor-element elementor-element-3p3tpqo elementor-widget elementor-widget-text-editor\" data-id=\"3p3tpqo\" data-element_type=\"widget\" data-widget_type=\"text-editor.default\">\n\t\t\t\t<div class=\"elementor-widget-container\">\n\t\t\t\t\t\t\t\t\t<p>In 2010, still under the management of AASDAP, the Serrinha-BA CEC was inaugurated. And in 2013, the IIN-ELS started to offer, in the municipality of Maca\u00edba, the <b>first Graduate Program in Neuroengineering in Brazil<\/b>, in the area of Biomedical Engineering, authorized by the Coordination for the Improvement of Higher Education Personnel (CAPES). This is an area of knowledge that integrates engineering and neuroscience techniques for the study and understanding of the functioning of the nervous system, as well as for the creation of interfaces between the human brain and artificial devices.<\/p><p>In 2014, the IIN-ELS leaves the neighborhood of Candel\u00e1ria, in Natal, and starts operating in Maca\u00edba. On October 17, 2016, ISD expanded its area of activity, expanding the scope of CEPS services through Ordinance No. ).<\/p><p>\u00a0<\/p><p><span style=\"font-weight: 400;\">On August 6, 2021, Ordinance N\u00ba 1.842, signed by Minister Marcelo Queiroga, made official the change of category of the Anita Garibaldi Specialized Rehabilitation Center (CER Anita) from III to IV. From then on, in addition to rehabilitation services for hearing, intellectual and motor disabilities, the<\/span><b> <\/b>CER IV Anita<span style=\"font-weight: 400;\">, operated by the Santos Dumont Institute (ISD), began to serve visually impaired patients.<\/span><\/p><p>\u00a0<\/p><p><span style=\"font-weight: 400;\">O<\/span><b> first CER IV of Grande Natal<\/b><span style=\"font-weight: 400;\">, and the second in Rio Grande do Norte, serves patients from the 7th Health Region, which includes the municipalities of Maca\u00edba, Natal, Parnamirim, Extremoz and S\u00e3o Gon\u00e7alo do Amarante. This region concentrates 1,371,945 inhabitants, which corresponds to almost 39% of the potiguar population. To finance the procedures, the Ministry of Health will make an annual contribution of R$ 1,740,000.00. <\/span><\/p>\t\t\t\t\t\t\t\t<\/div>\n\t\t\t\t<\/div>\n\t\t\t\t<section class=\"elementor-section elementor-inner-section elementor-element elementor-element-df972aa elementor-section-boxed elementor-section-height-default elementor-section-height-default\" data-id=\"df972aa\" data-element_type=\"section\">\n\t\t\t\t\t\t<div class=\"elementor-container elementor-column-gap-default\">\n\t\t\t\t\t<div class=\"elementor-column elementor-col-50 elementor-inner-column elementor-element elementor-element-5dfc015\" data-id=\"5dfc015\" data-element_type=\"column\">\n\t\t\t<div class=\"elementor-widget-wrap elementor-element-populated\">\n\t\t\t\t\t\t<div class=\"elementor-element elementor-element-mnji3us elementor-widget elementor-widget-image\" data-id=\"mnji3us\" data-element_type=\"widget\" data-widget_type=\"image.default\">\n\t\t\t\t<div class=\"elementor-widget-container\">\n\t\t\t\t\t\t\t\t\t\t\t\t<figure class=\"wp-caption\">\n\t\t\t\t\t\t\t\t\t\t<img decoding=\"async\" width=\"768\" height=\"510\" src=\"https:\/\/institutosantosdumont.org.br\/wp-content\/uploads\/2017\/09\/1WB3896_editada-768x510.jpg\" class=\"attachment-medium_large size-medium_large wp-image-13160\" alt=\"\" srcset=\"https:\/\/institutosantosdumont.org.br\/wp-content\/uploads\/2017\/09\/1WB3896_editada-768x510.jpg 768w, https:\/\/institutosantosdumont.org.br\/wp-content\/uploads\/2017\/09\/1WB3896_editada-300x199.jpg 300w, https:\/\/institutosantosdumont.org.br\/wp-content\/uploads\/2017\/09\/1WB3896_editada-1024x680.jpg 1024w, https:\/\/institutosantosdumont.org.br\/wp-content\/uploads\/2017\/09\/1WB3896_editada.jpg 2000w\" sizes=\"(max-width: 768px) 100vw, 768px\" \/>\t\t\t\t\t\t\t\t\t\t\t<figcaption class=\"widget-image-caption wp-caption-text\">Anita facade on the day of its opening. Photo from 2008 - ISD Memory Archive<\/figcaption>\n\t\t\t\t\t\t\t\t\t\t<\/figure>\n\t\t\t\t\t\t\t\t\t<\/div>\n\t\t\t\t<\/div>\n\t\t\t\t\t<\/div>\n\t\t<\/div>\n\t\t\t\t<div class=\"elementor-column elementor-col-50 elementor-inner-column elementor-element elementor-element-e422f2c\" data-id=\"e422f2c\" data-element_type=\"column\">\n\t\t\t<div class=\"elementor-widget-wrap elementor-element-populated\">\n\t\t\t\t\t\t<div class=\"elementor-element elementor-element-dss2wab elementor-widget elementor-widget-image\" data-id=\"dss2wab\" data-element_type=\"widget\" data-widget_type=\"image.default\">\n\t\t\t\t<div class=\"elementor-widget-container\">\n\t\t\t\t\t\t\t\t\t\t\t\t<figure class=\"wp-caption\">\n\t\t\t\t\t\t\t\t\t\t<img loading=\"lazy\" decoding=\"async\" width=\"800\" height=\"633\" src=\"https:\/\/institutosantosdumont.org.br\/wp-content\/uploads\/2019\/01\/2018-11-19-Panoramica-painel-Andruchak-Foto-Ariane-Mondo_tratadaJNeto_menor-1024x810.jpg\" class=\"attachment-large size-large wp-image-15561\" alt=\"\" srcset=\"https:\/\/institutosantosdumont.org.br\/wp-content\/uploads\/2019\/01\/2018-11-19-Panoramica-painel-Andruchak-Foto-Ariane-Mondo_tratadaJNeto_menor-1024x810.jpg 1024w, https:\/\/institutosantosdumont.org.br\/wp-content\/uploads\/2019\/01\/2018-11-19-Panoramica-painel-Andruchak-Foto-Ariane-Mondo_tratadaJNeto_menor-300x237.jpg 300w, https:\/\/institutosantosdumont.org.br\/wp-content\/uploads\/2019\/01\/2018-11-19-Panoramica-painel-Andruchak-Foto-Ariane-Mondo_tratadaJNeto_menor-768x607.jpg 768w, https:\/\/institutosantosdumont.org.br\/wp-content\/uploads\/2019\/01\/2018-11-19-Panoramica-painel-Andruchak-Foto-Ariane-Mondo_tratadaJNeto_menor.jpg 1600w\" sizes=\"(max-width: 800px) 100vw, 800px\" \/>\t\t\t\t\t\t\t\t\t\t\t<figcaption class=\"widget-image-caption wp-caption-text\">Anita&#039;s fa\u00e7ade received a work by the plastic artist Marcos Andruchak, painted collaboratively in celebration of the Center&#039;s 10th anniversary. Photo: Ascom ISD 2018.<\/figcaption>\n\t\t\t\t\t\t\t\t\t\t<\/figure>\n\t\t\t\t\t\t\t\t\t<\/div>\n\t\t\t\t<\/div>\n\t\t\t\t\t<\/div>\n\t\t<\/div>\n\t\t\t\t\t<\/div>\n\t\t<\/section>\n\t\t\t\t<div class=\"elementor-element elementor-element-6i5egte elementor-widget elementor-widget-text-editor\" data-id=\"6i5egte\" data-element_type=\"widget\" data-widget_type=\"text-editor.default\">\n\t\t\t\t<div class=\"elementor-widget-container\">\n\t\t\t\t\t\t\t\t\t<p>In 2018, Anita celebrated its 10th anniversary with a series of actions involving former employees, partners in education and the community, as well as supporters of public authorities and suppliers.<\/p>\t\t\t\t\t\t\t\t<\/div>\n\t\t\t\t<\/div>\n\t\t\t\t<div class=\"elementor-element elementor-element-0748564 elementor-widget elementor-widget-text-editor\" data-id=\"0748564\" data-element_type=\"widget\" data-widget_type=\"text-editor.default\">\n\t\t\t\t<div class=\"elementor-widget-container\">\n\t\t\t\t\t\t\t\t\t<p>In 2019, the IIN-ELS celebrated one year in its new headquarters with the planting of the <a href=\"https:\/\/institutosantosdumont.org.br\/en\/2019\/04\/02\/baoba-ciencia\/\" target=\"_blank\" rel=\"noopener\"><strong>Baobab of Science<\/strong><\/a>, in addition to the panel painted exclusively and offered as a gift by the artist Anna Benigna (images <a href=\"https:\/\/www.facebook.com\/pg\/ISDnarede\/photos\/?tab=album&amp;album_id=1976737645786742\" target=\"_blank\" rel=\"noopener noreferrer nofollow\"><strong>HERE<\/strong><\/a>).<\/p>\t\t\t\t\t\t\t\t<\/div>\n\t\t\t\t<\/div>\n\t\t\t\t<section class=\"elementor-section elementor-inner-section elementor-element elementor-element-b0400ee elementor-section-boxed elementor-section-height-default elementor-section-height-default\" data-id=\"b0400ee\" data-element_type=\"section\">\n\t\t\t\t\t\t<div class=\"elementor-container elementor-column-gap-default\">\n\t\t\t\t\t<div class=\"elementor-column elementor-col-50 elementor-inner-column elementor-element elementor-element-9bf206d\" data-id=\"9bf206d\" data-element_type=\"column\">\n\t\t\t<div class=\"elementor-widget-wrap elementor-element-populated\">\n\t\t\t\t\t\t<div class=\"elementor-element elementor-element-5f88aef elementor-widget elementor-widget-image\" data-id=\"5f88aef\" data-element_type=\"widget\" data-widget_type=\"image.default\">\n\t\t\t\t<div class=\"elementor-widget-container\">\n\t\t\t\t\t\t\t\t\t\t\t\t<figure class=\"wp-caption\">\n\t\t\t\t\t\t\t\t\t\t<img loading=\"lazy\" decoding=\"async\" width=\"800\" height=\"640\" src=\"https:\/\/institutosantosdumont.org.br\/wp-content\/uploads\/2019\/04\/IMG_3629_CEL_menor-1024x819.jpg\" class=\"attachment-large size-large wp-image-16217\" alt=\"\" srcset=\"https:\/\/institutosantosdumont.org.br\/wp-content\/uploads\/2019\/04\/IMG_3629_CEL_menor-1024x819.jpg 1024w, https:\/\/institutosantosdumont.org.br\/wp-content\/uploads\/2019\/04\/IMG_3629_CEL_menor-300x240.jpg 300w, https:\/\/institutosantosdumont.org.br\/wp-content\/uploads\/2019\/04\/IMG_3629_CEL_menor-768x614.jpg 768w, https:\/\/institutosantosdumont.org.br\/wp-content\/uploads\/2019\/04\/IMG_3629_CEL_menor.jpg 1500w\" sizes=\"(max-width: 800px) 100vw, 800px\" \/>\t\t\t\t\t\t\t\t\t\t\t<figcaption class=\"widget-image-caption wp-caption-text\">The artist Anna Benigna and the work made especially for the first anniversary of the new IIN-ELS headquarters. Photo: Ascom ISD 2019.<\/figcaption>\n\t\t\t\t\t\t\t\t\t\t<\/figure>\n\t\t\t\t\t\t\t\t\t<\/div>\n\t\t\t\t<\/div>\n\t\t\t\t\t<\/div>\n\t\t<\/div>\n\t\t\t\t<div class=\"elementor-column elementor-col-50 elementor-inner-column elementor-element elementor-element-42b2ded\" data-id=\"42b2ded\" data-element_type=\"column\">\n\t\t\t<div class=\"elementor-widget-wrap elementor-element-populated\">\n\t\t\t\t\t\t<div class=\"elementor-element elementor-element-vggf3k7 elementor-widget elementor-widget-image\" data-id=\"vggf3k7\" data-element_type=\"widget\" data-widget_type=\"image.default\">\n\t\t\t\t<div class=\"elementor-widget-container\">\n\t\t\t\t\t\t\t\t\t\t\t\t<figure class=\"wp-caption\">\n\t\t\t\t\t\t\t\t\t\t<img loading=\"lazy\" decoding=\"async\" width=\"800\" height=\"533\" src=\"https:\/\/institutosantosdumont.org.br\/wp-content\/uploads\/2019\/04\/10-anos-IINELS.jpg\" class=\"attachment-large size-large wp-image-16216\" alt=\"\" srcset=\"https:\/\/institutosantosdumont.org.br\/wp-content\/uploads\/2019\/04\/10-anos-IINELS.jpg 960w, https:\/\/institutosantosdumont.org.br\/wp-content\/uploads\/2019\/04\/10-anos-IINELS-300x200.jpg 300w, https:\/\/institutosantosdumont.org.br\/wp-content\/uploads\/2019\/04\/10-anos-IINELS-768x512.jpg 768w\" sizes=\"(max-width: 800px) 100vw, 800px\" \/>\t\t\t\t\t\t\t\t\t\t\t<figcaption class=\"widget-image-caption wp-caption-text\">Moving IIN-ELS buildings. Photos: ISD Memory Archive<\/figcaption>\n\t\t\t\t\t\t\t\t\t\t<\/figure>\n\t\t\t\t\t\t\t\t\t<\/div>\n\t\t\t\t<\/div>\n\t\t\t\t\t<\/div>\n\t\t<\/div>\n\t\t\t\t\t<\/div>\n\t\t<\/section>\n\t\t\t\t<div class=\"elementor-element elementor-element-cc9a38f elementor-widget elementor-widget-spacer\" data-id=\"cc9a38f\" data-element_type=\"widget\" data-widget_type=\"spacer.default\">\n\t\t\t\t<div class=\"elementor-widget-container\">\n\t\t\t\t\t\t\t<div class=\"elementor-spacer\">\n\t\t\t<div class=\"elementor-spacer-inner\"><\/div>\n\t\t<\/div>\n\t\t\t\t\t\t<\/div>\n\t\t\t\t<\/div>\n\t\t\t\t<div class=\"elementor-element elementor-element-1p8puk9 elementor-widget elementor-widget-text-editor\" data-id=\"1p8puk9\" data-element_type=\"widget\" data-widget_type=\"text-editor.default\">\n\t\t\t\t<div class=\"elementor-widget-container\">\n\t\t\t\t\t\t\t\t\t<p>Understand what Santos Dumont Institute (ISD) is by watching the institutional video. The Institute&#039;s actions are divided into three lines of action: <b>science education, health education, and research in neuroscience and neuroengineering<\/b>, changing the reality of the Brazilian Northeast.<\/p>\t\t\t\t\t\t\t\t<\/div>\n\t\t\t\t<\/div>\n\t\t\t\t<div class=\"elementor-element elementor-element-okiqmac elementor-widget elementor-widget-video\" data-id=\"okiqmac\" data-element_type=\"widget\" data-settings=\"{&quot;youtube_url&quot;:&quot;https:\\\/\\\/www.youtube.com\\\/watch?v=iHNW8Rimbfc&quot;,&quot;video_type&quot;:&quot;youtube&quot;,&quot;controls&quot;:&quot;yes&quot;}\" data-widget_type=\"video.default\">\n\t\t\t\t<div class=\"elementor-widget-container\">\n\t\t\t\t\t\t\t<div class=\"elementor-wrapper elementor-open-inline\">\n\t\t\t<div class=\"elementor-video\"><\/div>\t\t<\/div>\n\t\t\t\t\t\t<\/div>\n\t\t\t\t<\/div>\n\t\t\t\t<div class=\"elementor-element elementor-element-91zgrew elementor-widget elementor-widget-spacer\" data-id=\"91zgrew\" data-element_type=\"widget\" data-widget_type=\"spacer.default\">\n\t\t\t\t<div class=\"elementor-widget-container\">\n\t\t\t\t\t\t\t<div class=\"elementor-spacer\">\n\t\t\t<div class=\"elementor-spacer-inner\"><\/div>\n\t\t<\/div>\n\t\t\t\t\t\t<\/div>\n\t\t\t\t<\/div>\n\t\t\t\t\t<\/div>\n\t\t<\/div>\n\t\t\t\t\t<\/div>\n\t\t<\/section>\n\t\t\t\t<\/div>","protected":false},"excerpt":{"rendered":"<p>Created by the neuroscientist Miguel Nicolelis, the Santos Dumont Institute was built and qualified as a Social Organization in the year of 2014. It&#039;s units, however, have been operating for more than 10 years in the Northeast Region of Brazil thanks to a partnership with the Associa\u00e7\u00e3o Alberto Santos Dumont para Apoio \u00e0 Pesquisa (AASDAP), [\u2026]<\/p>","protected":false},"author":10,"featured_media":0,"parent":0,"menu_order":0,"comment_status":"closed","ping_status":"closed","template":"template-page.php","meta":{"_acf_changed":false,"footnotes":""},"class_list":["post-23398","page","type-page","status-publish","hentry"],"acf":[],"_links":{"self":[{"href":"https:\/\/institutosantosdumont.org.br\/en\/wp-json\/wp\/v2\/pages\/23398","targetHints":{"allow":["GET"]}}],"collection":[{"href":"https:\/\/institutosantosdumont.org.br\/en\/wp-json\/wp\/v2\/pages"}],"about":[{"href":"https:\/\/institutosantosdumont.org.br\/en\/wp-json\/wp\/v2\/types\/page"}],"author":[{"embeddable":true,"href":"https:\/\/institutosantosdumont.org.br\/en\/wp-json\/wp\/v2\/users\/10"}],"replies":[{"embeddable":true,"href":"https:\/\/institutosantosdumont.org.br\/en\/wp-json\/wp\/v2\/comments?post=23398"}],"version-history":[{"count":0,"href":"https:\/\/institutosantosdumont.org.br\/en\/wp-json\/wp\/v2\/pages\/23398\/revisions"}],"wp:attachment":[{"href":"https:\/\/institutosantosdumont.org.br\/en\/wp-json\/wp\/v2\/media?parent=23398"}],"curies":[{"name":"wp","href":"https:\/\/api.w.org\/{rel}","templated":true}]}}