{"id":23405,"date":"2022-02-09T10:22:12","date_gmt":"2022-02-09T13:22:12","guid":{"rendered":"http:\/\/www.institutosantosdumont.org.br\/?page_id=23405"},"modified":"2022-03-10T16:05:28","modified_gmt":"2022-03-10T19:05:28","slug":"center-specialized-in-rehabilitation-cer-iv-isd","status":"publish","type":"page","link":"https:\/\/institutosantosdumont.org.br\/en\/center-specialized-in-rehabilitation-cer-iv-isd\/","title":{"rendered":"Center Specialized in Rehabilitation (CER IV ISD)"},"content":{"rendered":"<div data-elementor-type=\"wp-post\" data-elementor-id=\"23405\" class=\"elementor elementor-23405\" data-elementor-post-type=\"page\">\n\t\t\t\t\t\t<section class=\"elementor-section elementor-top-section elementor-element elementor-element-3909784 elementor-section-boxed elementor-section-height-default elementor-section-height-default\" data-id=\"3909784\" data-element_type=\"section\">\n\t\t\t\t\t\t<div class=\"elementor-container elementor-column-gap-default\">\n\t\t\t\t\t<div class=\"elementor-column elementor-col-100 elementor-top-column elementor-element elementor-element-8ffe787\" data-id=\"8ffe787\" data-element_type=\"column\">\n\t\t\t<div class=\"elementor-widget-wrap elementor-element-populated\">\n\t\t\t\t\t\t<div class=\"elementor-element elementor-element-29382c9 elementor-widget elementor-widget-text-editor\" data-id=\"29382c9\" data-element_type=\"widget\" data-widget_type=\"text-editor.default\">\n\t\t\t\t<div class=\"elementor-widget-container\">\n\t\t\t\t\t\t\t\t\t<p>The Santos Dumont Institute is inserted in the Healthcare Network for People with Disabilities as a Center Specialized in Rehabilitation (CER, as Portuguese abbreviation), covering the cities of Maca\u00edba, Natal, Parnamirim, S\u00e3o Gon\u00e7alo do Amarante and Extremoz. A government ordinance (Portaria\/GM\/MS N\u00ba 1.842, effective August 6th 2021) officially changed the category of the Center Specialized in Rehabilitation, elevating it from CER III to CER IV. The institution assists patients with physical, visual, intellectual and auditory disabilities.<\/p><p>The CER IV ISD is a joint operation of its two units: the Anita Garibaldi Center for Education and Research in Health (Anita) and the Edmond and Lily Safra International Institute of Neurosciences (IIN-ELS), prioritizing the integration between the healthcare of people with disabilities, teaching activities and translational research, as well as the integration between the health service, teaching and community. All the actions are agreed with different management levels of the Brazilian Unified Health Service (SUS) to fill the assistive voids and build responses to the social demands.<\/p><p>The Santos Dumont Institute is a pioneer in offering a <strong>Master&#039;s Degree Program in Neuroengineering<\/strong> with a multidisciplinary research field that integrates neurosciences and engineering methods in order to study the nervous system and develop solutions for the limitations and dysfunctions associated with this system that are applicable to the people assisted by the CER IV ISD.<\/p><p>The institution is also a pioneer in the <b>Multiprofessional Residency Program in the Healthcare of the Person with Disability,<\/b> whose objective is to educate and train health professionals capable of developing the actions defined in the National Right&#039;s Plan for People with Disabilities \u2013 \u201cLiving Without Borders\u201d and that are committed to the reduction of inequalities in health services faced by this public.<\/p>\t\t\t\t\t\t\t\t<\/div>\n\t\t\t\t<\/div>\n\t\t\t\t\t<\/div>\n\t\t<\/div>\n\t\t\t\t\t<\/div>\n\t\t<\/section>\n\t\t\t\t<section class=\"elementor-section elementor-top-section elementor-element elementor-element-59b273d elementor-section-boxed elementor-section-height-default elementor-section-height-default\" data-id=\"59b273d\" data-element_type=\"section\">\n\t\t\t\t\t\t<div class=\"elementor-container elementor-column-gap-default\">\n\t\t\t\t\t<div class=\"elementor-column elementor-col-33 elementor-top-column elementor-element elementor-element-b60b95b\" data-id=\"b60b95b\" data-element_type=\"column\">\n\t\t\t<div class=\"elementor-widget-wrap elementor-element-populated\">\n\t\t\t\t\t\t<div class=\"elementor-element elementor-element-c4bc9a0 elementor-widget elementor-widget-image\" data-id=\"c4bc9a0\" data-element_type=\"widget\" data-widget_type=\"image.default\">\n\t\t\t\t<div class=\"elementor-widget-container\">\n\t\t\t\t\t\t\t\t\t\t\t\t\t\t\t<img fetchpriority=\"high\" decoding=\"async\" width=\"800\" height=\"534\" src=\"https:\/\/institutosantosdumont.org.br\/wp-content\/uploads\/2022\/02\/Preceptora-multiprofissional-Fisioterapeuta-Camila-Sim\u00e3o-com-o-paciente-Leonardo-Lima-e1644343169594-1024x683.jpg\" class=\"attachment-large size-large wp-image-23355\" alt=\"\" srcset=\"https:\/\/institutosantosdumont.org.br\/wp-content\/uploads\/2022\/02\/Preceptora-multiprofissional-Fisioterapeuta-Camila-Sim\u00e3o-com-o-paciente-Leonardo-Lima-e1644343169594-1024x683.jpg 1024w, https:\/\/institutosantosdumont.org.br\/wp-content\/uploads\/2022\/02\/Preceptora-multiprofissional-Fisioterapeuta-Camila-Sim\u00e3o-com-o-paciente-Leonardo-Lima-e1644343169594-300x200.jpg 300w, https:\/\/institutosantosdumont.org.br\/wp-content\/uploads\/2022\/02\/Preceptora-multiprofissional-Fisioterapeuta-Camila-Sim\u00e3o-com-o-paciente-Leonardo-Lima-e1644343169594-768x512.jpg 768w\" sizes=\"(max-width: 800px) 100vw, 800px\" \/>\t\t\t\t\t\t\t\t\t\t\t\t\t\t\t<\/div>\n\t\t\t\t<\/div>\n\t\t\t\t\t<\/div>\n\t\t<\/div>\n\t\t\t\t<div class=\"elementor-column elementor-col-33 elementor-top-column elementor-element elementor-element-cb03cf7\" data-id=\"cb03cf7\" data-element_type=\"column\">\n\t\t\t<div class=\"elementor-widget-wrap elementor-element-populated\">\n\t\t\t\t\t\t<div class=\"elementor-element elementor-element-1f6d238 elementor-widget elementor-widget-image\" data-id=\"1f6d238\" data-element_type=\"widget\" data-widget_type=\"image.default\">\n\t\t\t\t<div class=\"elementor-widget-container\">\n\t\t\t\t\t\t\t\t\t\t\t\t\t\t\t<img decoding=\"async\" width=\"800\" height=\"600\" src=\"https:\/\/institutosantosdumont.org.br\/wp-content\/uploads\/2022\/02\/Aplica\u00e7\u00e3o-de-toxina-botul\u00ednica-em-pacientes-com-espasticidade-muscular-e1644343766601-1-1024x768.jpg\" class=\"attachment-large size-large wp-image-23357\" alt=\"\" srcset=\"https:\/\/institutosantosdumont.org.br\/wp-content\/uploads\/2022\/02\/Aplica\u00e7\u00e3o-de-toxina-botul\u00ednica-em-pacientes-com-espasticidade-muscular-e1644343766601-1-1024x768.jpg 1024w, https:\/\/institutosantosdumont.org.br\/wp-content\/uploads\/2022\/02\/Aplica\u00e7\u00e3o-de-toxina-botul\u00ednica-em-pacientes-com-espasticidade-muscular-e1644343766601-1-300x225.jpg 300w, https:\/\/institutosantosdumont.org.br\/wp-content\/uploads\/2022\/02\/Aplica\u00e7\u00e3o-de-toxina-botul\u00ednica-em-pacientes-com-espasticidade-muscular-e1644343766601-1-768x576.jpg 768w, https:\/\/institutosantosdumont.org.br\/wp-content\/uploads\/2022\/02\/Aplica\u00e7\u00e3o-de-toxina-botul\u00ednica-em-pacientes-com-espasticidade-muscular-e1644343766601-1.jpg 2000w\" sizes=\"(max-width: 800px) 100vw, 800px\" \/>\t\t\t\t\t\t\t\t\t\t\t\t\t\t\t<\/div>\n\t\t\t\t<\/div>\n\t\t\t\t\t<\/div>\n\t\t<\/div>\n\t\t\t\t<div class=\"elementor-column elementor-col-33 elementor-top-column elementor-element elementor-element-78c4ee0\" data-id=\"78c4ee0\" data-element_type=\"column\">\n\t\t\t<div class=\"elementor-widget-wrap elementor-element-populated\">\n\t\t\t\t\t\t<div class=\"elementor-element elementor-element-e16a040 elementor-widget elementor-widget-image\" data-id=\"e16a040\" data-element_type=\"widget\" data-widget_type=\"image.default\">\n\t\t\t\t<div class=\"elementor-widget-container\">\n\t\t\t\t\t\t\t\t\t\t\t\t\t\t\t<img decoding=\"async\" width=\"800\" height=\"533\" src=\"https:\/\/institutosantosdumont.org.br\/wp-content\/uploads\/2022\/02\/Preceptora-multiprofissional-terapeuta-ocupacional-Thays-Br\u00edgido-em-atendimento-na-sala-de-Integra\u00e7\u00e3o-Sensorial-do-Anita-1024x682.jpeg\" class=\"attachment-large size-large wp-image-23325\" alt=\"\" srcset=\"https:\/\/institutosantosdumont.org.br\/wp-content\/uploads\/2022\/02\/Preceptora-multiprofissional-terapeuta-ocupacional-Thays-Br\u00edgido-em-atendimento-na-sala-de-Integra\u00e7\u00e3o-Sensorial-do-Anita-1024x682.jpeg 1024w, https:\/\/institutosantosdumont.org.br\/wp-content\/uploads\/2022\/02\/Preceptora-multiprofissional-terapeuta-ocupacional-Thays-Br\u00edgido-em-atendimento-na-sala-de-Integra\u00e7\u00e3o-Sensorial-do-Anita-300x200.jpeg 300w, https:\/\/institutosantosdumont.org.br\/wp-content\/uploads\/2022\/02\/Preceptora-multiprofissional-terapeuta-ocupacional-Thays-Br\u00edgido-em-atendimento-na-sala-de-Integra\u00e7\u00e3o-Sensorial-do-Anita-768x512.jpeg 768w, https:\/\/institutosantosdumont.org.br\/wp-content\/uploads\/2022\/02\/Preceptora-multiprofissional-terapeuta-ocupacional-Thays-Br\u00edgido-em-atendimento-na-sala-de-Integra\u00e7\u00e3o-Sensorial-do-Anita.jpeg 1280w\" sizes=\"(max-width: 800px) 100vw, 800px\" \/>\t\t\t\t\t\t\t\t\t\t\t\t\t\t\t<\/div>\n\t\t\t\t<\/div>\n\t\t\t\t\t<\/div>\n\t\t<\/div>\n\t\t\t\t\t<\/div>\n\t\t<\/section>\n\t\t\t\t<section class=\"elementor-section elementor-top-section elementor-element elementor-element-2815496 elementor-section-boxed elementor-section-height-default elementor-section-height-default\" data-id=\"2815496\" data-element_type=\"section\">\n\t\t\t\t\t\t<div class=\"elementor-container elementor-column-gap-default\">\n\t\t\t\t\t<div class=\"elementor-column elementor-col-100 elementor-top-column elementor-element elementor-element-105c29c\" data-id=\"105c29c\" data-element_type=\"column\">\n\t\t\t<div class=\"elementor-widget-wrap elementor-element-populated\">\n\t\t\t\t\t\t<div class=\"elementor-element elementor-element-1100a91 elementor-widget-divider--view-line elementor-widget elementor-widget-divider\" data-id=\"1100a91\" data-element_type=\"widget\" data-widget_type=\"divider.default\">\n\t\t\t\t<div class=\"elementor-widget-container\">\n\t\t\t\t\t\t\t<div class=\"elementor-divider\">\n\t\t\t<span class=\"elementor-divider-separator\">\n\t\t\t\t\t\t<\/span>\n\t\t<\/div>\n\t\t\t\t\t\t<\/div>\n\t\t\t\t<\/div>\n\t\t\t\t\t<\/div>\n\t\t<\/div>\n\t\t\t\t\t<\/div>\n\t\t<\/section>\n\t\t\t\t<section class=\"elementor-section elementor-top-section elementor-element elementor-element-fd1bc6f elementor-section-boxed elementor-section-height-default elementor-section-height-default\" data-id=\"fd1bc6f\" data-element_type=\"section\">\n\t\t\t\t\t\t<div class=\"elementor-container elementor-column-gap-default\">\n\t\t\t\t\t<div class=\"elementor-column elementor-col-100 elementor-top-column elementor-element elementor-element-93374a6\" data-id=\"93374a6\" data-element_type=\"column\">\n\t\t\t<div class=\"elementor-widget-wrap elementor-element-populated\">\n\t\t\t\t\t\t<div class=\"elementor-element elementor-element-973abbf elementor-widget elementor-widget-text-editor\" data-id=\"973abbf\" data-element_type=\"widget\" data-widget_type=\"text-editor.default\">\n\t\t\t\t<div class=\"elementor-widget-container\">\n\t\t\t\t\t\t\t\t\t<h2><strong>Clinics<\/strong><\/h2>\t\t\t\t\t\t\t\t<\/div>\n\t\t\t\t<\/div>\n\t\t\t\t\t<\/div>\n\t\t<\/div>\n\t\t\t\t\t<\/div>\n\t\t<\/section>\n\t\t\t\t<section class=\"elementor-section elementor-top-section elementor-element elementor-element-cebf2d9 elementor-section-boxed elementor-section-height-default elementor-section-height-default\" data-id=\"cebf2d9\" data-element_type=\"section\">\n\t\t\t\t\t\t<div class=\"elementor-container elementor-column-gap-default\">\n\t\t\t\t\t<div class=\"elementor-column elementor-col-100 elementor-top-column elementor-element elementor-element-91e675f\" data-id=\"91e675f\" data-element_type=\"column\">\n\t\t\t<div class=\"elementor-widget-wrap elementor-element-populated\">\n\t\t\t\t\t\t<div class=\"elementor-element elementor-element-f93f314 elementor-widget elementor-widget-text-editor\" data-id=\"f93f314\" data-element_type=\"widget\" data-widget_type=\"text-editor.default\">\n\t\t\t\t<div class=\"elementor-widget-container\">\n\t\t\t\t\t\t\t\t\t<p>The actions of CER IV ISD are organized in specialized clinics, destined for the use of the people from the 7th Health Region of Rio Grande do Norte, with some of them with statewide cover. Each clinic presents specific inclusion criteria, which are described below:<\/p>\t\t\t\t\t\t\t\t<\/div>\n\t\t\t\t<\/div>\n\t\t\t\t<div class=\"elementor-element elementor-element-c1711fa elementor-widget elementor-widget-accordion\" data-id=\"c1711fa\" data-element_type=\"widget\" data-widget_type=\"accordion.default\">\n\t\t\t\t<div class=\"elementor-widget-container\">\n\t\t\t\t\t\t\t<div class=\"elementor-accordion\">\n\t\t\t\t\t\t\t<div class=\"elementor-accordion-item\">\n\t\t\t\t\t<div id=\"elementor-tab-title-2021\" class=\"elementor-tab-title\" data-tab=\"1\" role=\"button\" aria-controls=\"elementor-tab-content-2021\" aria-expanded=\"false\">\n\t\t\t\t\t\t\t\t\t\t\t\t\t<span class=\"elementor-accordion-icon elementor-accordion-icon-left\" aria-hidden=\"true\">\n\t\t\t\t\t\t\t\t\t\t\t\t\t\t\t<span class=\"elementor-accordion-icon-closed\"><i class=\"fas fa-plus\"><\/i><\/span>\n\t\t\t\t\t\t\t\t<span class=\"elementor-accordion-icon-opened\"><i class=\"fas fa-minus\"><\/i><\/span>\n\t\t\t\t\t\t\t\t\t\t\t\t\t\t<\/span>\n\t\t\t\t\t\t\t\t\t\t\t\t<a class=\"elementor-accordion-title\" tabindex=\"0\">Parkinson&#039;s Disease<\/a>\n\t\t\t\t\t<\/div>\n\t\t\t\t\t<div id=\"elementor-tab-content-2021\" class=\"elementor-tab-content elementor-clearfix\" data-tab=\"1\" role=\"region\" aria-labelledby=\"elementor-tab-title-2021\"><p><span style=\"font-weight: 400;\">Individuals of all ages with the Parkinson&#039;s Disease diagnosis.<\/span><\/p><\/div>\n\t\t\t\t<\/div>\n\t\t\t\t\t\t\t<div class=\"elementor-accordion-item\">\n\t\t\t\t\t<div id=\"elementor-tab-title-2022\" class=\"elementor-tab-title\" data-tab=\"2\" role=\"button\" aria-controls=\"elementor-tab-content-2022\" aria-expanded=\"false\">\n\t\t\t\t\t\t\t\t\t\t\t\t\t<span class=\"elementor-accordion-icon elementor-accordion-icon-left\" aria-hidden=\"true\">\n\t\t\t\t\t\t\t\t\t\t\t\t\t\t\t<span class=\"elementor-accordion-icon-closed\"><i class=\"fas fa-plus\"><\/i><\/span>\n\t\t\t\t\t\t\t\t<span class=\"elementor-accordion-icon-opened\"><i class=\"fas fa-minus\"><\/i><\/span>\n\t\t\t\t\t\t\t\t\t\t\t\t\t\t<\/span>\n\t\t\t\t\t\t\t\t\t\t\t\t<a class=\"elementor-accordion-title\" tabindex=\"0\">Spinal Cord Injury (Adults)<\/a>\n\t\t\t\t\t<\/div>\n\t\t\t\t\t<div id=\"elementor-tab-content-2022\" class=\"elementor-tab-content elementor-clearfix\" data-tab=\"2\" role=\"region\" aria-labelledby=\"elementor-tab-title-2022\"><p>Individuals over 17 years old with paraplesia or quadraparesis due to spinal cord injury that live in the city of Maca\u00edba.<\/p><\/div>\n\t\t\t\t<\/div>\n\t\t\t\t\t\t\t<div class=\"elementor-accordion-item\">\n\t\t\t\t\t<div id=\"elementor-tab-title-2023\" class=\"elementor-tab-title\" data-tab=\"3\" role=\"button\" aria-controls=\"elementor-tab-content-2023\" aria-expanded=\"false\">\n\t\t\t\t\t\t\t\t\t\t\t\t\t<span class=\"elementor-accordion-icon elementor-accordion-icon-left\" aria-hidden=\"true\">\n\t\t\t\t\t\t\t\t\t\t\t\t\t\t\t<span class=\"elementor-accordion-icon-closed\"><i class=\"fas fa-plus\"><\/i><\/span>\n\t\t\t\t\t\t\t\t<span class=\"elementor-accordion-icon-opened\"><i class=\"fas fa-minus\"><\/i><\/span>\n\t\t\t\t\t\t\t\t\t\t\t\t\t\t<\/span>\n\t\t\t\t\t\t\t\t\t\t\t\t<a class=\"elementor-accordion-title\" tabindex=\"0\">Spinal Cord Injury (Children and Teenagers)<\/a>\n\t\t\t\t\t<\/div>\n\t\t\t\t\t<div id=\"elementor-tab-content-2023\" class=\"elementor-tab-content elementor-clearfix\" data-tab=\"3\" role=\"region\" aria-labelledby=\"elementor-tab-title-2023\"><p>Children and teenagers from 0 to 16 years old with congenital or acquired spinal cord injury. For people tied to the Neurinho Association, there are no territorial restrictions (statewide coverage).\u00a0<\/p><\/div>\n\t\t\t\t<\/div>\n\t\t\t\t\t\t\t<div class=\"elementor-accordion-item\">\n\t\t\t\t\t<div id=\"elementor-tab-title-2024\" class=\"elementor-tab-title\" data-tab=\"4\" role=\"button\" aria-controls=\"elementor-tab-content-2024\" aria-expanded=\"false\">\n\t\t\t\t\t\t\t\t\t\t\t\t\t<span class=\"elementor-accordion-icon elementor-accordion-icon-left\" aria-hidden=\"true\">\n\t\t\t\t\t\t\t\t\t\t\t\t\t\t\t<span class=\"elementor-accordion-icon-closed\"><i class=\"fas fa-plus\"><\/i><\/span>\n\t\t\t\t\t\t\t\t<span class=\"elementor-accordion-icon-opened\"><i class=\"fas fa-minus\"><\/i><\/span>\n\t\t\t\t\t\t\t\t\t\t\t\t\t\t<\/span>\n\t\t\t\t\t\t\t\t\t\t\t\t<a class=\"elementor-accordion-title\" tabindex=\"0\">Microcephaly<\/a>\n\t\t\t\t\t<\/div>\n\t\t\t\t\t<div id=\"elementor-tab-content-2024\" class=\"elementor-tab-content elementor-clearfix\" data-tab=\"4\" role=\"region\" aria-labelledby=\"elementor-tab-title-2024\"><p>Children from 0 to 5 years old with congenital microcephaly. For people tied to the Neurinho Association, there are no territorial restrictions (statewide coverage).<\/p><\/div>\n\t\t\t\t<\/div>\n\t\t\t\t\t\t\t<div class=\"elementor-accordion-item\">\n\t\t\t\t\t<div id=\"elementor-tab-title-2025\" class=\"elementor-tab-title\" data-tab=\"5\" role=\"button\" aria-controls=\"elementor-tab-content-2025\" aria-expanded=\"false\">\n\t\t\t\t\t\t\t\t\t\t\t\t\t<span class=\"elementor-accordion-icon elementor-accordion-icon-left\" aria-hidden=\"true\">\n\t\t\t\t\t\t\t\t\t\t\t\t\t\t\t<span class=\"elementor-accordion-icon-closed\"><i class=\"fas fa-plus\"><\/i><\/span>\n\t\t\t\t\t\t\t\t<span class=\"elementor-accordion-icon-opened\"><i class=\"fas fa-minus\"><\/i><\/span>\n\t\t\t\t\t\t\t\t\t\t\t\t\t\t<\/span>\n\t\t\t\t\t\t\t\t\t\t\t\t<a class=\"elementor-accordion-title\" tabindex=\"0\">prematurity<\/a>\n\t\t\t\t\t<\/div>\n\t\t\t\t\t<div id=\"elementor-tab-content-2025\" class=\"elementor-tab-content elementor-clearfix\" data-tab=\"5\" role=\"region\" aria-labelledby=\"elementor-tab-title-2025\"><p>Children from 0 to 3 years old who were born with gestational age less than 37 weeks and high perinatal risk for neurological disorders (<span style=\"font-weight: 400;\">neonatal hypoxia, low birth weight, small for gestational age, periventricular hemorrhage, among other risk factors).<\/span><\/p><\/div>\n\t\t\t\t<\/div>\n\t\t\t\t\t\t\t<div class=\"elementor-accordion-item\">\n\t\t\t\t\t<div id=\"elementor-tab-title-2026\" class=\"elementor-tab-title\" data-tab=\"6\" role=\"button\" aria-controls=\"elementor-tab-content-2026\" aria-expanded=\"false\">\n\t\t\t\t\t\t\t\t\t\t\t\t\t<span class=\"elementor-accordion-icon elementor-accordion-icon-left\" aria-hidden=\"true\">\n\t\t\t\t\t\t\t\t\t\t\t\t\t\t\t<span class=\"elementor-accordion-icon-closed\"><i class=\"fas fa-plus\"><\/i><\/span>\n\t\t\t\t\t\t\t\t<span class=\"elementor-accordion-icon-opened\"><i class=\"fas fa-minus\"><\/i><\/span>\n\t\t\t\t\t\t\t\t\t\t\t\t\t\t<\/span>\n\t\t\t\t\t\t\t\t\t\t\t\t<a class=\"elementor-accordion-title\" tabindex=\"0\">neurodevelopment<\/a>\n\t\t\t\t\t<\/div>\n\t\t\t\t\t<div id=\"elementor-tab-content-2026\" class=\"elementor-tab-content elementor-clearfix\" data-tab=\"6\" role=\"region\" aria-labelledby=\"elementor-tab-title-2026\"><p>Children from 0 to 3 years old followed by the maternal-infant service of Anita with delays on the neuropsychomotor development (for the people who live in the city of Maca\u00edba, the age group is extended to 16 years old).<\/p><\/div>\n\t\t\t\t<\/div>\n\t\t\t\t\t\t\t<div class=\"elementor-accordion-item\">\n\t\t\t\t\t<div id=\"elementor-tab-title-2027\" class=\"elementor-tab-title\" data-tab=\"7\" role=\"button\" aria-controls=\"elementor-tab-content-2027\" aria-expanded=\"false\">\n\t\t\t\t\t\t\t\t\t\t\t\t\t<span class=\"elementor-accordion-icon elementor-accordion-icon-left\" aria-hidden=\"true\">\n\t\t\t\t\t\t\t\t\t\t\t\t\t\t\t<span class=\"elementor-accordion-icon-closed\"><i class=\"fas fa-plus\"><\/i><\/span>\n\t\t\t\t\t\t\t\t<span class=\"elementor-accordion-icon-opened\"><i class=\"fas fa-minus\"><\/i><\/span>\n\t\t\t\t\t\t\t\t\t\t\t\t\t\t<\/span>\n\t\t\t\t\t\t\t\t\t\t\t\t<a class=\"elementor-accordion-title\" tabindex=\"0\">Neurogenic Bladder<\/a>\n\t\t\t\t\t<\/div>\n\t\t\t\t\t<div id=\"elementor-tab-content-2027\" class=\"elementor-tab-content elementor-clearfix\" data-tab=\"7\" role=\"region\" aria-labelledby=\"elementor-tab-title-2027\"><p>Children from 0 to 12 years old with bladder and bowel disorders \u2013 for diagnosis investigation and therapeutic management of the condition (statewide coverage). For the users of the other specialized clinics from the CER IV ISD there is no age limit.\u00a0<\/p><\/div>\n\t\t\t\t<\/div>\n\t\t\t\t\t\t\t<div class=\"elementor-accordion-item\">\n\t\t\t\t\t<div id=\"elementor-tab-title-2028\" class=\"elementor-tab-title\" data-tab=\"8\" role=\"button\" aria-controls=\"elementor-tab-content-2028\" aria-expanded=\"false\">\n\t\t\t\t\t\t\t\t\t\t\t\t\t<span class=\"elementor-accordion-icon elementor-accordion-icon-left\" aria-hidden=\"true\">\n\t\t\t\t\t\t\t\t\t\t\t\t\t\t\t<span class=\"elementor-accordion-icon-closed\"><i class=\"fas fa-plus\"><\/i><\/span>\n\t\t\t\t\t\t\t\t<span class=\"elementor-accordion-icon-opened\"><i class=\"fas fa-minus\"><\/i><\/span>\n\t\t\t\t\t\t\t\t\t\t\t\t\t\t<\/span>\n\t\t\t\t\t\t\t\t\t\t\t\t<a class=\"elementor-accordion-title\" tabindex=\"0\">Autism Spectrum Disorder<\/a>\n\t\t\t\t\t<\/div>\n\t\t\t\t\t<div id=\"elementor-tab-content-2028\" class=\"elementor-tab-content elementor-clearfix\" data-tab=\"8\" role=\"region\" aria-labelledby=\"elementor-tab-title-2028\"><p>Children from 0 to 5 years old with suspicions or confirmed diagnosis of Autism Spectrum Disorder for early stimulation. Children from 6 to 12 years old for evaluation and confirmation of diagnosis.<\/p><\/div>\n\t\t\t\t<\/div>\n\t\t\t\t\t\t\t<div class=\"elementor-accordion-item\">\n\t\t\t\t\t<div id=\"elementor-tab-title-2029\" class=\"elementor-tab-title\" data-tab=\"9\" role=\"button\" aria-controls=\"elementor-tab-content-2029\" aria-expanded=\"false\">\n\t\t\t\t\t\t\t\t\t\t\t\t\t<span class=\"elementor-accordion-icon elementor-accordion-icon-left\" aria-hidden=\"true\">\n\t\t\t\t\t\t\t\t\t\t\t\t\t\t\t<span class=\"elementor-accordion-icon-closed\"><i class=\"fas fa-plus\"><\/i><\/span>\n\t\t\t\t\t\t\t\t<span class=\"elementor-accordion-icon-opened\"><i class=\"fas fa-minus\"><\/i><\/span>\n\t\t\t\t\t\t\t\t\t\t\t\t\t\t<\/span>\n\t\t\t\t\t\t\t\t\t\t\t\t<a class=\"elementor-accordion-title\" tabindex=\"0\">Refractory Epilepsy<\/a>\n\t\t\t\t\t<\/div>\n\t\t\t\t\t<div id=\"elementor-tab-content-2029\" class=\"elementor-tab-content elementor-clearfix\" data-tab=\"9\" role=\"region\" aria-labelledby=\"elementor-tab-title-2029\"><p>Individuals of all ages with refractory epilepsy, who have been taking at least two medications for six months and still have epileptic seizures (statewide cover).<\/p><\/div>\n\t\t\t\t<\/div>\n\t\t\t\t\t\t\t<div class=\"elementor-accordion-item\">\n\t\t\t\t\t<div id=\"elementor-tab-title-20210\" class=\"elementor-tab-title\" data-tab=\"10\" role=\"button\" aria-controls=\"elementor-tab-content-20210\" aria-expanded=\"false\">\n\t\t\t\t\t\t\t\t\t\t\t\t\t<span class=\"elementor-accordion-icon elementor-accordion-icon-left\" aria-hidden=\"true\">\n\t\t\t\t\t\t\t\t\t\t\t\t\t\t\t<span class=\"elementor-accordion-icon-closed\"><i class=\"fas fa-plus\"><\/i><\/span>\n\t\t\t\t\t\t\t\t<span class=\"elementor-accordion-icon-opened\"><i class=\"fas fa-minus\"><\/i><\/span>\n\t\t\t\t\t\t\t\t\t\t\t\t\t\t<\/span>\n\t\t\t\t\t\t\t\t\t\t\t\t<a class=\"elementor-accordion-title\" tabindex=\"0\">Auditory Health<\/a>\n\t\t\t\t\t<\/div>\n\t\t\t\t\t<div id=\"elementor-tab-content-20210\" class=\"elementor-tab-content elementor-clearfix\" data-tab=\"10\" role=\"region\" aria-labelledby=\"elementor-tab-title-20210\"><p>Individuals of all ages with hearing disabilities for auditory tests, auditory rehabilitation, selection, indication, dispensation and adaptation of the Individual Sound Amplification Device (AASI, as Portuguese abbreviation).<\/p><p><strong>Audit tests:<\/strong><\/p><ul><li>Ear test (otoacoustic emissions);<\/li><li>Brainstem Auditory Evoked Potential;<\/li><li>Tonal and vocal audiometry;<\/li><li><span style=\"font-weight: 400;\">Immittancemetry;<\/span><\/li><li>Visual Reinforcement Audiometry;<\/li><li><span style=\"font-weight: 400;\">Insertion gain;<\/span><\/li><li>Acuphenometry (exam indicated to measure the frequency and intensity of tinnitus).<\/li><\/ul><\/div>\n\t\t\t\t<\/div>\n\t\t\t\t\t\t\t\t<\/div>\n\t\t\t\t\t\t<\/div>\n\t\t\t\t<\/div>\n\t\t\t\t<div class=\"elementor-element elementor-element-ffc6115 elementor-widget-divider--view-line elementor-widget elementor-widget-divider\" data-id=\"ffc6115\" data-element_type=\"widget\" data-widget_type=\"divider.default\">\n\t\t\t\t<div class=\"elementor-widget-container\">\n\t\t\t\t\t\t\t<div class=\"elementor-divider\">\n\t\t\t<span class=\"elementor-divider-separator\">\n\t\t\t\t\t\t<\/span>\n\t\t<\/div>\n\t\t\t\t\t\t<\/div>\n\t\t\t\t<\/div>\n\t\t\t\t\t<\/div>\n\t\t<\/div>\n\t\t\t\t\t<\/div>\n\t\t<\/section>\n\t\t\t\t<\/div>","protected":false},"excerpt":{"rendered":"<p>The Santos Dumont Institute is inserted in the Healthcare Network for People with Disabilities as a Center Specialized in Rehabilitation (CER, as portuguese abbreviation), covering the cities of Maca\u00edba, Natal, Parnamirim, S\u00e3o Gon\u00e7alo do Amarante e Extremoz. A government ordinance (Portaria\/GM\/MS N\u00ba 1.842, from August 6th 2021) officially changed the category of the Center Specialized [&hellip;]<\/p>","protected":false},"author":10,"featured_media":0,"parent":0,"menu_order":0,"comment_status":"closed","ping_status":"closed","template":"template-page.php","meta":{"_acf_changed":false,"footnotes":""},"class_list":["post-23405","page","type-page","status-publish","hentry"],"acf":[],"_links":{"self":[{"href":"https:\/\/institutosantosdumont.org.br\/en\/wp-json\/wp\/v2\/pages\/23405","targetHints":{"allow":["GET"]}}],"collection":[{"href":"https:\/\/institutosantosdumont.org.br\/en\/wp-json\/wp\/v2\/pages"}],"about":[{"href":"https:\/\/institutosantosdumont.org.br\/en\/wp-json\/wp\/v2\/types\/page"}],"author":[{"embeddable":true,"href":"https:\/\/institutosantosdumont.org.br\/en\/wp-json\/wp\/v2\/users\/10"}],"replies":[{"embeddable":true,"href":"https:\/\/institutosantosdumont.org.br\/en\/wp-json\/wp\/v2\/comments?post=23405"}],"version-history":[{"count":0,"href":"https:\/\/institutosantosdumont.org.br\/en\/wp-json\/wp\/v2\/pages\/23405\/revisions"}],"wp:attachment":[{"href":"https:\/\/institutosantosdumont.org.br\/en\/wp-json\/wp\/v2\/media?parent=23405"}],"curies":[{"name":"wp","href":"https:\/\/api.w.org\/{rel}","templated":true}]}}