{"id":23729,"date":"2022-03-09T14:35:48","date_gmt":"2022-03-09T17:35:48","guid":{"rendered":"http:\/\/www.institutosantosdumont.org.br\/?page_id=23729"},"modified":"2022-03-10T14:56:02","modified_gmt":"2022-03-10T17:56:02","slug":"permanent-education-in-health","status":"publish","type":"page","link":"https:\/\/institutosantosdumont.org.br\/en\/permanent-education-in-health\/","title":{"rendered":"Permanent Education in Health"},"content":{"rendered":"<div data-elementor-type=\"wp-post\" data-elementor-id=\"23729\" class=\"elementor elementor-23729\" data-elementor-post-type=\"page\">\n\t\t\t\t\t\t<section class=\"elementor-section elementor-top-section elementor-element elementor-element-jx6pwe9 elementor-section-boxed elementor-section-height-default elementor-section-height-default\" data-id=\"jx6pwe9\" data-element_type=\"section\">\n\t\t\t\t\t\t<div class=\"elementor-container elementor-column-gap-default\">\n\t\t\t\t\t<div class=\"elementor-column elementor-col-100 elementor-top-column elementor-element elementor-element-meudy55\" data-id=\"meudy55\" data-element_type=\"column\">\n\t\t\t<div class=\"elementor-widget-wrap elementor-element-populated\">\n\t\t\t\t\t\t<div class=\"elementor-element elementor-element-19r9jg9 elementor-widget elementor-widget-spacer\" data-id=\"19r9jg9\" data-element_type=\"widget\" data-widget_type=\"spacer.default\">\n\t\t\t\t<div class=\"elementor-widget-container\">\n\t\t\t\t\t\t\t<div class=\"elementor-spacer\">\n\t\t\t<div class=\"elementor-spacer-inner\"><\/div>\n\t\t<\/div>\n\t\t\t\t\t\t<\/div>\n\t\t\t\t<\/div>\n\t\t\t\t<div class=\"elementor-element elementor-element-0bb7rqn elementor-widget elementor-widget-spacer\" data-id=\"0bb7rqn\" data-element_type=\"widget\" data-widget_type=\"spacer.default\">\n\t\t\t\t<div class=\"elementor-widget-container\">\n\t\t\t\t\t\t\t<div class=\"elementor-spacer\">\n\t\t\t<div class=\"elementor-spacer-inner\"><\/div>\n\t\t<\/div>\n\t\t\t\t\t\t<\/div>\n\t\t\t\t<\/div>\n\t\t\t\t<div class=\"elementor-element elementor-element-ja5rk9i elementor-widget elementor-widget-text-editor\" data-id=\"ja5rk9i\" data-element_type=\"widget\" data-widget_type=\"text-editor.default\">\n\t\t\t\t<div class=\"elementor-widget-container\">\n\t\t\t\t\t\t\t\t\t<p><span style=\"font-size: 18.2px;\">The concern with strengthening the Brazilian Unified Health System (SUS) goes beyond the physical structure of the Santos Dumont Institute (ISD). Aiming to develop permanent education actions With the objective of developing permanent education actions directed at health professionals, the Institute signed agreements with city halls of municipalities that are part of the 7th Health Region of Rio Grande do Norte, covering the cities of Maca\u00edba, S\u00e3o Gon\u00e7alo from Amarante and Extremoz.<\/span><\/p><p><span style=\"font-size: 18.2px;\">\u00a0<\/span><\/p><p><span style=\"font-size: 18.2px;\">In 2021, ISD professionals presented and discussed theoretical contents and exchanged experiences with health workers and professionals from different areas linked to the units of the Family Health Strategy Program, Municipal Departments and state agencies.<\/span><\/p>\t\t\t\t\t\t\t\t<\/div>\n\t\t\t\t<\/div>\n\t\t\t\t<section class=\"elementor-section elementor-inner-section elementor-element elementor-element-e4b7c22 elementor-section-boxed elementor-section-height-default elementor-section-height-default\" data-id=\"e4b7c22\" data-element_type=\"section\">\n\t\t\t\t\t\t<div class=\"elementor-container elementor-column-gap-default\">\n\t\t\t\t\t<div class=\"elementor-column elementor-col-50 elementor-inner-column elementor-element elementor-element-fd85fec\" data-id=\"fd85fec\" data-element_type=\"column\">\n\t\t\t<div class=\"elementor-widget-wrap elementor-element-populated\">\n\t\t\t\t\t\t<div class=\"elementor-element elementor-element-82d9d55 elementor-widget elementor-widget-image\" data-id=\"82d9d55\" data-element_type=\"widget\" data-widget_type=\"image.default\">\n\t\t\t\t<div class=\"elementor-widget-container\">\n\t\t\t\t\t\t\t\t\t\t\t\t\t\t\t<img fetchpriority=\"high\" decoding=\"async\" width=\"768\" height=\"512\" src=\"https:\/\/institutosantosdumont.org.br\/wp-content\/uploads\/2021\/10\/capacita\u00e7\u00e3o-768x512.jpg\" class=\"attachment-medium_large size-medium_large wp-image-22757\" alt=\"\" srcset=\"https:\/\/institutosantosdumont.org.br\/wp-content\/uploads\/2021\/10\/capacita\u00e7\u00e3o-768x512.jpg 768w, https:\/\/institutosantosdumont.org.br\/wp-content\/uploads\/2021\/10\/capacita\u00e7\u00e3o-300x200.jpg 300w, https:\/\/institutosantosdumont.org.br\/wp-content\/uploads\/2021\/10\/capacita\u00e7\u00e3o-1024x683.jpg 1024w\" sizes=\"(max-width: 768px) 100vw, 768px\" \/>\t\t\t\t\t\t\t\t\t\t\t\t\t\t\t<\/div>\n\t\t\t\t<\/div>\n\t\t\t\t\t<\/div>\n\t\t<\/div>\n\t\t\t\t<div class=\"elementor-column elementor-col-50 elementor-inner-column elementor-element elementor-element-00863c3\" data-id=\"00863c3\" data-element_type=\"column\">\n\t\t\t<div class=\"elementor-widget-wrap elementor-element-populated\">\n\t\t\t\t\t\t<div class=\"elementor-element elementor-element-611073d elementor-widget elementor-widget-image\" data-id=\"611073d\" data-element_type=\"widget\" data-widget_type=\"image.default\">\n\t\t\t\t<div class=\"elementor-widget-container\">\n\t\t\t\t\t\t\t\t\t\t\t\t\t\t\t<img decoding=\"async\" width=\"768\" height=\"576\" src=\"https:\/\/institutosantosdumont.org.br\/wp-content\/uploads\/2021\/09\/WhatsApp-Image-2021-08-31-at-14.52.21-768x576.jpeg\" class=\"attachment-medium_large size-medium_large wp-image-22471\" alt=\"\" srcset=\"https:\/\/institutosantosdumont.org.br\/wp-content\/uploads\/2021\/09\/WhatsApp-Image-2021-08-31-at-14.52.21-768x576.jpeg 768w, https:\/\/institutosantosdumont.org.br\/wp-content\/uploads\/2021\/09\/WhatsApp-Image-2021-08-31-at-14.52.21-300x225.jpeg 300w, https:\/\/institutosantosdumont.org.br\/wp-content\/uploads\/2021\/09\/WhatsApp-Image-2021-08-31-at-14.52.21-1024x768.jpeg 1024w, https:\/\/institutosantosdumont.org.br\/wp-content\/uploads\/2021\/09\/WhatsApp-Image-2021-08-31-at-14.52.21.jpeg 1280w\" sizes=\"(max-width: 768px) 100vw, 768px\" \/>\t\t\t\t\t\t\t\t\t\t\t\t\t\t\t<\/div>\n\t\t\t\t<\/div>\n\t\t\t\t\t<\/div>\n\t\t<\/div>\n\t\t\t\t\t<\/div>\n\t\t<\/section>\n\t\t\t\t<div class=\"elementor-element elementor-element-60ad69c elementor-widget elementor-widget-text-editor\" data-id=\"60ad69c\" data-element_type=\"widget\" data-widget_type=\"text-editor.default\">\n\t\t\t\t<div class=\"elementor-widget-container\">\n\t\t\t\t\t\t\t\t\t<p><span style=\"font-size: 18.2px;\">The schedule of activities includes debates and clinical case studies related to the Health of the Person with Disabilities, with topics such as: Ableism, Care Network for Persons with Disabilities; and also related to Women&#039;s Health, where issues such as teenage pregnancy, family planning and the child&#039;s health book are discussed. In addition to Continuing Education activities, there is also a specific training for the Sexual Violence Network for professionals in Maca\u00edba.<\/span><\/p><p><span style=\"font-size: 18.2px;\">The courses are taught by Multiprofessional Preceptors or Doctors who work at Anita, and also include the participation of residents of the Multiprofessional Residency Program in Health Care for People with Disabilities.<\/span><\/p>\t\t\t\t\t\t\t\t<\/div>\n\t\t\t\t<\/div>\n\t\t\t\t<section class=\"elementor-section elementor-inner-section elementor-element elementor-element-79becf2 elementor-section-boxed elementor-section-height-default elementor-section-height-default\" data-id=\"79becf2\" data-element_type=\"section\">\n\t\t\t\t\t\t<div class=\"elementor-container elementor-column-gap-default\">\n\t\t\t\t\t<div class=\"elementor-column elementor-col-50 elementor-inner-column elementor-element elementor-element-d3a9ca8\" data-id=\"d3a9ca8\" data-element_type=\"column\">\n\t\t\t<div class=\"elementor-widget-wrap elementor-element-populated\">\n\t\t\t\t\t\t<div class=\"elementor-element elementor-element-74e7801 elementor-widget elementor-widget-image\" data-id=\"74e7801\" data-element_type=\"widget\" data-widget_type=\"image.default\">\n\t\t\t\t<div class=\"elementor-widget-container\">\n\t\t\t\t\t\t\t\t\t\t\t\t<figure class=\"wp-caption\">\n\t\t\t\t\t\t\t\t\t\t<img decoding=\"async\" width=\"4032\" height=\"3024\" src=\"https:\/\/institutosantosdumont.org.br\/wp-content\/uploads\/2021\/12\/ISD-planeja-a\u00e7\u00f5es-de-educa\u00e7\u00e3o-continuada-com-profissionais-de-sa\u00fade-de-Maca\u00edba-Foto-ASCOM-ISD.jpg\" class=\"attachment-full size-full wp-image-23129\" alt=\"\" srcset=\"https:\/\/institutosantosdumont.org.br\/wp-content\/uploads\/2021\/12\/ISD-planeja-a\u00e7\u00f5es-de-educa\u00e7\u00e3o-continuada-com-profissionais-de-sa\u00fade-de-Maca\u00edba-Foto-ASCOM-ISD.jpg 4032w, https:\/\/institutosantosdumont.org.br\/wp-content\/uploads\/2021\/12\/ISD-planeja-a\u00e7\u00f5es-de-educa\u00e7\u00e3o-continuada-com-profissionais-de-sa\u00fade-de-Maca\u00edba-Foto-ASCOM-ISD-300x225.jpg 300w, https:\/\/institutosantosdumont.org.br\/wp-content\/uploads\/2021\/12\/ISD-planeja-a\u00e7\u00f5es-de-educa\u00e7\u00e3o-continuada-com-profissionais-de-sa\u00fade-de-Maca\u00edba-Foto-ASCOM-ISD-768x576.jpg 768w, https:\/\/institutosantosdumont.org.br\/wp-content\/uploads\/2021\/12\/ISD-planeja-a\u00e7\u00f5es-de-educa\u00e7\u00e3o-continuada-com-profissionais-de-sa\u00fade-de-Maca\u00edba-Foto-ASCOM-ISD-1024x768.jpg 1024w\" sizes=\"(max-width: 4032px) 100vw, 4032px\" \/>\t\t\t\t\t\t\t\t\t\t\t<figcaption class=\"widget-image-caption wp-caption-text\">Last meeting of 2021 with nurses from Maca\u00edba to jointly define the themes of continuing education actions for 2022.<\/figcaption>\n\t\t\t\t\t\t\t\t\t\t<\/figure>\n\t\t\t\t\t\t\t\t\t<\/div>\n\t\t\t\t<\/div>\n\t\t\t\t\t<\/div>\n\t\t<\/div>\n\t\t\t\t<div class=\"elementor-column elementor-col-50 elementor-inner-column elementor-element elementor-element-753ad7b\" data-id=\"753ad7b\" data-element_type=\"column\">\n\t\t\t<div class=\"elementor-widget-wrap elementor-element-populated\">\n\t\t\t\t\t\t<div class=\"elementor-element elementor-element-662e1cf elementor-blockquote--skin-quotation elementor-blockquote--align-right elementor-widget elementor-widget-blockquote\" data-id=\"662e1cf\" data-element_type=\"widget\" data-widget_type=\"blockquote.default\">\n\t\t\t\t<div class=\"elementor-widget-container\">\n\t\t\t\t\t\t\t<blockquote class=\"elementor-blockquote\">\n\t\t\t<p class=\"elementor-blockquote__content\">\n\t\t\t\t<i>The improvement is aimed at nurses as they are full-time in the Health Units and know the patients in depth, as well as the community in general. Success in good follow-up and care depends a lot on the vision of these nurses, who are the gateway to the network for the necessary services. <\/i>\t\t\t<\/p>\n\t\t\t\t\t\t\t<div class=\"e-q-footer\">\n\t\t\t\t\t\t\t\t\t\t\t<cite class=\"elementor-blockquote__author\">Monise Pontes, nurse multiprofessional preceptor at ISD<\/cite>\n\t\t\t\t\t\t\t\t\t\t\t\t\t\t<\/div>\n\t\t\t\t\t<\/blockquote>\n\t\t\t\t\t\t<\/div>\n\t\t\t\t<\/div>\n\t\t\t\t\t<\/div>\n\t\t<\/div>\n\t\t\t\t\t<\/div>\n\t\t<\/section>\n\t\t\t\t<div class=\"elementor-element elementor-element-6d858db elementor-widget-divider--view-line elementor-widget elementor-widget-divider\" data-id=\"6d858db\" data-element_type=\"widget\" data-widget_type=\"divider.default\">\n\t\t\t\t<div class=\"elementor-widget-container\">\n\t\t\t\t\t\t\t<div class=\"elementor-divider\">\n\t\t\t<span class=\"elementor-divider-separator\">\n\t\t\t\t\t\t<\/span>\n\t\t<\/div>\n\t\t\t\t\t\t<\/div>\n\t\t\t\t<\/div>\n\t\t\t\t\t<\/div>\n\t\t<\/div>\n\t\t\t\t\t<\/div>\n\t\t<\/section>\n\t\t\t\t<\/div>","protected":false},"excerpt":{"rendered":"<p>The concern with strengthening the brazilian Unified Health System (SUS) goes beyond the physical structure of the Santos Dumont Institute (ISD). Aiming to develop permanent education actions With the objective of developing permanent education actions directed at health professionals, the Institute signed agreements with city halls of municipalities that are part of the 7th Health [&hellip;]<\/p>","protected":false},"author":10,"featured_media":0,"parent":0,"menu_order":0,"comment_status":"closed","ping_status":"closed","template":"template-page.php","meta":{"_acf_changed":false,"footnotes":""},"class_list":["post-23729","page","type-page","status-publish","hentry"],"acf":[],"_links":{"self":[{"href":"https:\/\/institutosantosdumont.org.br\/en\/wp-json\/wp\/v2\/pages\/23729","targetHints":{"allow":["GET"]}}],"collection":[{"href":"https:\/\/institutosantosdumont.org.br\/en\/wp-json\/wp\/v2\/pages"}],"about":[{"href":"https:\/\/institutosantosdumont.org.br\/en\/wp-json\/wp\/v2\/types\/page"}],"author":[{"embeddable":true,"href":"https:\/\/institutosantosdumont.org.br\/en\/wp-json\/wp\/v2\/users\/10"}],"replies":[{"embeddable":true,"href":"https:\/\/institutosantosdumont.org.br\/en\/wp-json\/wp\/v2\/comments?post=23729"}],"version-history":[{"count":0,"href":"https:\/\/institutosantosdumont.org.br\/en\/wp-json\/wp\/v2\/pages\/23729\/revisions"}],"wp:attachment":[{"href":"https:\/\/institutosantosdumont.org.br\/en\/wp-json\/wp\/v2\/media?parent=23729"}],"curies":[{"name":"wp","href":"https:\/\/api.w.org\/{rel}","templated":true}]}}