{"id":25047,"date":"2022-10-04T14:05:50","date_gmt":"2022-10-04T17:05:50","guid":{"rendered":"http:\/\/www.institutosantosdumont.org.br\/?page_id=25047"},"modified":"2023-03-02T16:15:09","modified_gmt":"2023-03-02T19:15:09","slug":"viii-simposio-de-neuroengenharia-edicao-atual","status":"publish","type":"page","link":"https:\/\/institutosantosdumont.org.br\/en\/simposio-de-neuroengenharia\/viii-simposio-de-neuroengenharia-edicao-atual\/","title":{"rendered":"VIII Symposium on Neuroengineering"},"content":{"rendered":"<div data-elementor-type=\"wp-post\" data-elementor-id=\"25047\" class=\"elementor elementor-25047\" data-elementor-post-type=\"page\">\n\t\t\t\t\t\t<section class=\"elementor-section elementor-top-section elementor-element elementor-element-718542b elementor-section-boxed elementor-section-height-default elementor-section-height-default\" data-id=\"718542b\" data-element_type=\"section\">\n\t\t\t\t\t\t<div class=\"elementor-container elementor-column-gap-default\">\n\t\t\t\t\t<div class=\"elementor-column elementor-col-100 elementor-top-column elementor-element elementor-element-318fc9f\" data-id=\"318fc9f\" data-element_type=\"column\">\n\t\t\t<div class=\"elementor-widget-wrap elementor-element-populated\">\n\t\t\t\t\t\t<div class=\"elementor-element elementor-element-88216f5 elementor-widget elementor-widget-image\" data-id=\"88216f5\" data-element_type=\"widget\" data-widget_type=\"image.default\">\n\t\t\t\t<div class=\"elementor-widget-container\">\n\t\t\t\t\t\t\t\t\t\t\t\t\t\t\t<img fetchpriority=\"high\" decoding=\"async\" width=\"800\" height=\"299\" src=\"https:\/\/institutosantosdumont.org.br\/wp-content\/uploads\/2022\/09\/Banner-desktop-1-1024x383.png\" class=\"attachment-large size-large wp-image-25043\" alt=\"\" srcset=\"https:\/\/institutosantosdumont.org.br\/wp-content\/uploads\/2022\/09\/Banner-desktop-1-1024x383.png 1024w, https:\/\/institutosantosdumont.org.br\/wp-content\/uploads\/2022\/09\/Banner-desktop-1-300x112.png 300w, https:\/\/institutosantosdumont.org.br\/wp-content\/uploads\/2022\/09\/Banner-desktop-1-768x287.png 768w\" sizes=\"(max-width: 800px) 100vw, 800px\" \/>\t\t\t\t\t\t\t\t\t\t\t\t\t\t\t<\/div>\n\t\t\t\t<\/div>\n\t\t\t\t<div class=\"elementor-element elementor-element-ca29c31 elementor-widget elementor-widget-text-editor\" data-id=\"ca29c31\" data-element_type=\"widget\" data-widget_type=\"text-editor.default\">\n\t\t\t\t<div class=\"elementor-widget-container\">\n\t\t\t\t\t\t\t\t\t<p>The eighth edition of the International Symposium on Neuroengineering at Instituto Santos Dumont takes place from November 9 to 11, 2022, in a hybrid format.\u00a0<\/p><p>Registered people will be able to participate in the activities either in person, at the headquarters of the Edmond and Lily Safra International Institute of Neurosciences (IIN-ELS) in Maca\u00edba (RN), or remotely, through the event platform.\u00a0<\/p><p>For more information about registration, schedule, rules and deadlines for submitting scientific papers, click on the link below and access the event&#039;s official platform:<\/p>\t\t\t\t\t\t\t\t<\/div>\n\t\t\t\t<\/div>\n\t\t\t\t<div class=\"elementor-element elementor-element-3424651 elementor-button-success elementor-align-center elementor-widget elementor-widget-button\" data-id=\"3424651\" data-element_type=\"widget\" data-widget_type=\"button.default\">\n\t\t\t\t<div class=\"elementor-widget-container\">\n\t\t\t\t\t\t\t\t\t<div class=\"elementor-button-wrapper\">\n\t\t\t\t\t<a class=\"elementor-button elementor-button-link elementor-size-sm\" href=\"https:\/\/eventos.congresse.me\/neuroengenharia\" target=\"_blank\" rel=\"noopener noreferrer nofollow\">\n\t\t\t\t\t\t<span class=\"elementor-button-content-wrapper\">\n\t\t\t\t\t\t\t\t\t<span class=\"elementor-button-text\">VIII Symposium on Neuroengineering<\/span>\n\t\t\t\t\t<\/span>\n\t\t\t\t\t<\/a>\n\t\t\t\t<\/div>\n\t\t\t\t\t\t\t\t<\/div>\n\t\t\t\t<\/div>\n\t\t\t\t\t<\/div>\n\t\t<\/div>\n\t\t\t\t\t<\/div>\n\t\t<\/section>\n\t\t\t\t<section class=\"elementor-section elementor-top-section elementor-element elementor-element-c954ca5 elementor-section-boxed elementor-section-height-default elementor-section-height-default\" data-id=\"c954ca5\" data-element_type=\"section\">\n\t\t\t\t\t\t<div class=\"elementor-container elementor-column-gap-default\">\n\t\t\t\t\t<div class=\"elementor-column elementor-col-100 elementor-top-column elementor-element elementor-element-ccb0400\" data-id=\"ccb0400\" data-element_type=\"column\">\n\t\t\t<div class=\"elementor-widget-wrap elementor-element-populated\">\n\t\t\t\t\t\t<div class=\"elementor-element elementor-element-09552c1 elementor-button-success elementor-align-center elementor-widget elementor-widget-button\" data-id=\"09552c1\" data-element_type=\"widget\" data-widget_type=\"button.default\">\n\t\t\t\t<div class=\"elementor-widget-container\">\n\t\t\t\t\t\t\t\t\t<div class=\"elementor-button-wrapper\">\n\t\t\t\t\t<a class=\"elementor-button elementor-button-link elementor-size-sm\" href=\"https:\/\/institutosantosdumont.org.br\/wp-content\/uploads\/2022\/11\/Programa\u00e7\u00e3o-VIII-Simp\u00f3sio-de-Neuroengenharia-1.pdf\">\n\t\t\t\t\t\t<span class=\"elementor-button-content-wrapper\">\n\t\t\t\t\t\t\t\t\t<span class=\"elementor-button-text\">Event schedule<\/span>\n\t\t\t\t\t<\/span>\n\t\t\t\t\t<\/a>\n\t\t\t\t<\/div>\n\t\t\t\t\t\t\t\t<\/div>\n\t\t\t\t<\/div>\n\t\t\t\t\t<\/div>\n\t\t<\/div>\n\t\t\t\t\t<\/div>\n\t\t<\/section>\n\t\t\t\t<section class=\"elementor-section elementor-top-section elementor-element elementor-element-a6019ce elementor-section-boxed elementor-section-height-default elementor-section-height-default\" data-id=\"a6019ce\" data-element_type=\"section\">\n\t\t\t\t\t\t<div class=\"elementor-container elementor-column-gap-default\">\n\t\t\t\t\t<div class=\"elementor-column elementor-col-100 elementor-top-column elementor-element elementor-element-5ced728\" data-id=\"5ced728\" data-element_type=\"column\">\n\t\t\t<div class=\"elementor-widget-wrap elementor-element-populated\">\n\t\t\t\t\t\t<div class=\"elementor-element elementor-element-fd956e0 elementor-widget elementor-widget-heading\" data-id=\"fd956e0\" data-element_type=\"widget\" data-widget_type=\"heading.default\">\n\t\t\t\t<div class=\"elementor-widget-container\">\n\t\t\t\t\t<h2 class=\"elementor-heading-title elementor-size-default\">Support:<\/h2>\t\t\t\t<\/div>\n\t\t\t\t<\/div>\n\t\t\t\t\t<\/div>\n\t\t<\/div>\n\t\t\t\t\t<\/div>\n\t\t<\/section>\n\t\t\t\t<section class=\"elementor-section elementor-top-section elementor-element elementor-element-fdc46ba elementor-section-boxed elementor-section-height-default elementor-section-height-default\" data-id=\"fdc46ba\" data-element_type=\"section\">\n\t\t\t\t\t\t<div class=\"elementor-container elementor-column-gap-default\">\n\t\t\t\t\t<div class=\"elementor-column elementor-col-100 elementor-top-column elementor-element elementor-element-d45c1b1\" data-id=\"d45c1b1\" data-element_type=\"column\">\n\t\t\t<div class=\"elementor-widget-wrap elementor-element-populated\">\n\t\t\t\t\t\t<div class=\"elementor-element elementor-element-1cb5766 elementor-widget elementor-widget-image\" data-id=\"1cb5766\" data-element_type=\"widget\" data-widget_type=\"image.default\">\n\t\t\t\t<div class=\"elementor-widget-container\">\n\t\t\t\t\t\t\t\t\t\t\t\t\t\t\t\t<a href=\"https:\/\/www.brainlatam.com\/brainTv\" target=\"_blank\" rel=\"noopener noreferrer nofollow\">\n\t\t\t\t\t\t\t<img decoding=\"async\" width=\"150\" height=\"150\" src=\"https:\/\/institutosantosdumont.org.br\/wp-content\/uploads\/2022\/10\/brain-support-com-slogan-2-150x150.png\" class=\"attachment-thumbnail size-thumbnail wp-image-25055\" alt=\"\" \/>\t\t\t\t\t\t\t\t<\/a>\n\t\t\t\t\t\t\t\t\t\t\t\t\t\t\t<\/div>\n\t\t\t\t<\/div>\n\t\t\t\t\t<\/div>\n\t\t<\/div>\n\t\t\t\t\t<\/div>\n\t\t<\/section>\n\t\t\t\t<\/div>","protected":false},"excerpt":{"rendered":"<p>The eighth edition of the Santos Dumont Institute&#039;s International Symposium on Neuroengineering will take place from November 9 to 11, 2022, in a hybrid format. Registered participants will be able to participate in the activities either in person, at the Edmond and Lily Safra International Institute of Neuroscience (IIN-ELS) headquarters in Maca\u00edba, Rio Grande do Norte, or remotely, via [\u2026]<\/p>","protected":false},"author":10,"featured_media":21691,"parent":21715,"menu_order":0,"comment_status":"closed","ping_status":"closed","template":"template-page.php","meta":{"_acf_changed":false,"footnotes":""},"class_list":["post-25047","page","type-page","status-publish","has-post-thumbnail","hentry"],"acf":[],"_links":{"self":[{"href":"https:\/\/institutosantosdumont.org.br\/en\/wp-json\/wp\/v2\/pages\/25047","targetHints":{"allow":["GET"]}}],"collection":[{"href":"https:\/\/institutosantosdumont.org.br\/en\/wp-json\/wp\/v2\/pages"}],"about":[{"href":"https:\/\/institutosantosdumont.org.br\/en\/wp-json\/wp\/v2\/types\/page"}],"author":[{"embeddable":true,"href":"https:\/\/institutosantosdumont.org.br\/en\/wp-json\/wp\/v2\/users\/10"}],"replies":[{"embeddable":true,"href":"https:\/\/institutosantosdumont.org.br\/en\/wp-json\/wp\/v2\/comments?post=25047"}],"version-history":[{"count":0,"href":"https:\/\/institutosantosdumont.org.br\/en\/wp-json\/wp\/v2\/pages\/25047\/revisions"}],"up":[{"embeddable":true,"href":"https:\/\/institutosantosdumont.org.br\/en\/wp-json\/wp\/v2\/pages\/21715"}],"wp:featuredmedia":[{"embeddable":true,"href":"https:\/\/institutosantosdumont.org.br\/en\/wp-json\/wp\/v2\/media\/21691"}],"wp:attachment":[{"href":"https:\/\/institutosantosdumont.org.br\/en\/wp-json\/wp\/v2\/media?parent=25047"}],"curies":[{"name":"wp","href":"https:\/\/api.w.org\/{rel}","templated":true}]}}