{"id":29468,"date":"2024-05-24T12:12:24","date_gmt":"2024-05-24T15:12:24","guid":{"rendered":"https:\/\/www.institutosantosdumont.org.br\/?page_id=29468"},"modified":"2026-05-12T11:40:53","modified_gmt":"2026-05-12T14:40:53","slug":"membros-ceua-isd","status":"publish","type":"page","link":"https:\/\/institutosantosdumont.org.br\/en\/membros-ceua-isd\/","title":{"rendered":"CEUA\/ISD members"},"content":{"rendered":"<div data-elementor-type=\"wp-post\" data-elementor-id=\"29468\" class=\"elementor elementor-29468\" data-elementor-post-type=\"page\">\n\t\t\t\t\t\t<section class=\"elementor-section elementor-top-section elementor-element elementor-element-f5f30b4 elementor-section-boxed elementor-section-height-default elementor-section-height-default\" data-id=\"f5f30b4\" data-element_type=\"section\">\n\t\t\t\t\t\t<div class=\"elementor-container elementor-column-gap-default\">\n\t\t\t\t\t<div class=\"elementor-column elementor-col-100 elementor-top-column elementor-element elementor-element-d4c94e8\" data-id=\"d4c94e8\" data-element_type=\"column\">\n\t\t\t<div class=\"elementor-widget-wrap elementor-element-populated\">\n\t\t\t\t\t\t<div class=\"elementor-element elementor-element-9143696 elementor-widget elementor-widget-text-editor\" data-id=\"9143696\" data-element_type=\"widget\" data-widget_type=\"text-editor.default\">\n\t\t\t\t<div class=\"elementor-widget-container\">\n\t\t\t\t\t\t\t\t\t<p><span style=\"font-weight: 400;\">The CEUA\/ISD is made up of six full members and five substitutes. The work is carried out voluntarily and independently, in two-year terms.\u00a0<\/span><\/p>\t\t\t\t\t\t\t\t<\/div>\n\t\t\t\t<\/div>\n\t\t\t\t\t<\/div>\n\t\t<\/div>\n\t\t\t\t\t<\/div>\n\t\t<\/section>\n\t\t<div class=\"elementor-element elementor-element-ddbd948 e-flex e-con-boxed e-con e-parent\" data-id=\"ddbd948\" data-element_type=\"container\">\n\t\t\t\t\t<div class=\"e-con-inner\">\n\t\t\t\t<div class=\"elementor-element elementor-element-d9b21b6 elementor-widget elementor-widget-text-editor\" data-id=\"d9b21b6\" data-element_type=\"widget\" data-widget_type=\"text-editor.default\">\n\t\t\t\t<div class=\"elementor-widget-container\">\n\t\t\t\t\t\t\t\t\t<table style=\"margin: 0px; padding: 0px; width: 679.2px; background: #ffffff; border-radius: 10px; overflow: hidden; box-shadow: rgba(0, 0, 0, 0.07) 0px 2px 16px; color: #216161; font-family: 'Raleway', sans-serif; font-size: medium;\">\n<thead style=\"margin: 0px; padding: 0px;\">\n<tr style=\"margin: 0px; padding: 0px; background: #f3efef;\">\n<th style=\"margin: 0px; padding: 0.9rem 1.1rem; font-weight: 700; font-size: 0.72rem; letter-spacing: 0.08em; text-transform: uppercase; text-align: center;\">Member<\/th>\n<th style=\"margin: 0px; padding: 0.9rem 1.1rem; font-weight: 700; font-size: 0.72rem; letter-spacing: 0.08em; text-transform: uppercase; text-align: center;\">Function<\/th>\n<th style=\"margin: 0px; padding: 0.9rem 1.1rem; font-weight: 700; font-size: 0.72rem; letter-spacing: 0.08em; text-transform: uppercase; text-align: center;\">Level of Education<\/th>\n<th style=\"margin: 0px; padding: 0.9rem 1.1rem; font-weight: 700; font-size: 0.72rem; letter-spacing: 0.08em; text-transform: uppercase; text-align: center;\">Training Area<\/th>\n<\/tr>\n<\/thead>\n<tbody style=\"margin: 0px; padding: 0px;\">\n<tr style=\"margin: 0px; padding: 0px; border-bottom: 1px solid #eeebe4; transition: background 0.15s;\">\n<td style=\"margin: 0px; padding: 0.85rem 1.1rem; font-size: 0.9rem; vertical-align: middle;\">Andressa Radiske<\/td>\n<td style=\"margin: 0px; padding: 0.85rem 1.1rem; font-size: 0.9rem; color: #216161; vertical-align: middle;\">Coordinator<\/td>\n<td style=\"margin: 0px; padding: 0.85rem 1.1rem; font-size: 0.9rem; color: #216161; vertical-align: middle;\"><span class=\"badge badge-doutorado\" style=\"margin: 0px; padding: 0.2rem 0.55rem; display: inline-block; border-radius: 20px; font-size: 0.75rem; white-space: nowrap; background: #e8f0e8; color: #2a5c2a;\">Doctorate degree<\/span><\/td>\n<td style=\"margin: 0px; padding: 0.85rem 1.1rem; font-size: 0.9rem; color: #216161; vertical-align: middle;\">biomedicine<\/td>\n<\/tr>\n<tr style=\"margin: 0px; padding: 0px; border-bottom: 1px solid #eeebe4; transition: background 0.15s;\">\n<td style=\"margin: 0px; padding: 0.85rem 1.1rem; font-size: 0.9rem; vertical-align: middle;\">Val\u00e9ria Arboes Petronilo<\/td>\n<td style=\"margin: 0px; padding: 0.85rem 1.1rem; font-size: 0.9rem; color: #216161; vertical-align: middle;\">Veterinary Doctor (Full Member)<\/td>\n<td style=\"margin: 0px; padding: 0.85rem 1.1rem; font-size: 0.9rem; color: #216161; vertical-align: middle;\"><span class=\"badge badge-graduacao\" style=\"margin: 0px; padding: 0.2rem 0.55rem; display: inline-block; border-radius: 20px; font-size: 0.75rem; white-space: nowrap; background: #f5ede8; color: #6e3a1e;\">Graduation<\/span><\/td>\n<td style=\"margin: 0px; padding: 0.85rem 1.1rem; font-size: 0.9rem; color: #216161; vertical-align: middle;\">veterinary Medicine<\/td>\n<\/tr>\n<tr style=\"margin: 0px; padding: 0px; border-bottom: 1px solid #eeebe4; transition: background 0.15s;\">\n<td style=\"margin: 0px; padding: 0.85rem 1.1rem; font-size: 0.9rem; vertical-align: middle;\">Jo\u00e3o Ciro Fagundes Neto<\/td>\n<td style=\"margin: 0px; padding: 0.85rem 1.1rem; font-size: 0.9rem; color: #216161; vertical-align: middle;\">Veterinarian (Alternate)<\/td>\n<td style=\"margin: 0px; padding: 0.85rem 1.1rem; font-size: 0.9rem; color: #216161; vertical-align: middle;\"><span class=\"badge badge-mestrado\" style=\"margin: 0px; padding: 0.2rem 0.55rem; display: inline-block; border-radius: 20px; font-size: 0.75rem; white-space: nowrap; background: #e8edf5; color: #1e3a6e;\">Master&#039;s degree<\/span><\/td>\n<td style=\"margin: 0px; padding: 0.85rem 1.1rem; font-size: 0.9rem; color: #216161; vertical-align: middle;\">veterinary Medicine<\/td>\n<\/tr>\n<tr style=\"margin: 0px; padding: 0px; border-bottom: 1px solid #eeebe4; transition: background 0.15s;\">\n<td style=\"margin: 0px; padding: 0.85rem 1.1rem; font-size: 0.9rem; vertical-align: middle;\">Gabriel Alves Vasiljevic Mendes<\/td>\n<td style=\"margin: 0px; padding: 0.85rem 1.1rem; font-size: 0.9rem; color: #216161; vertical-align: middle;\">Professor (Full Professor)<\/td>\n<td style=\"margin: 0px; padding: 0.85rem 1.1rem; font-size: 0.9rem; color: #216161; vertical-align: middle;\"><span class=\"badge badge-doutorado\" style=\"margin: 0px; padding: 0.2rem 0.55rem; display: inline-block; border-radius: 20px; font-size: 0.75rem; white-space: nowrap; background: #e8f0e8; color: #2a5c2a;\">Doctorate degree<\/span><\/td>\n<td style=\"margin: 0px; padding: 0.85rem 1.1rem; font-size: 0.9rem; color: #216161; vertical-align: middle;\">computer Science<\/td>\n<\/tr>\n<tr style=\"margin: 0px; padding: 0px; border-bottom: 1px solid #eeebe4; transition: background 0.15s;\">\n<td style=\"margin: 0px; padding: 0.85rem 1.1rem; font-size: 0.9rem; vertical-align: middle;\">Andr\u00e9 Felipe Oliveira de Azevedo Dantas<\/td>\n<td style=\"margin: 0px; padding: 0.85rem 1.1rem; font-size: 0.9rem; color: #216161; vertical-align: middle;\">Alternate Teacher<\/td>\n<td style=\"margin: 0px; padding: 0.85rem 1.1rem; font-size: 0.9rem; color: #216161; vertical-align: middle;\"><span class=\"badge badge-doutorado\" style=\"margin: 0px; padding: 0.2rem 0.55rem; display: inline-block; border-radius: 20px; font-size: 0.75rem; white-space: nowrap; background: #e8f0e8; color: #2a5c2a;\">Doctorate degree<\/span><\/td>\n<td style=\"margin: 0px; padding: 0.85rem 1.1rem; font-size: 0.9rem; color: #216161; vertical-align: middle;\">Computer Engineering<\/td>\n<\/tr>\n<tr style=\"margin: 0px; padding: 0px; border-bottom: 1px solid #eeebe4; transition: background 0.15s;\">\n<td style=\"margin: 0px; padding: 0.85rem 1.1rem; font-size: 0.9rem; vertical-align: middle;\">Ramon Hypolito Lima<\/td>\n<td style=\"margin: 0px; padding: 0.85rem 1.1rem; font-size: 0.9rem; color: #216161; vertical-align: middle;\">Biologist (Full Professor)<\/td>\n<td style=\"margin: 0px; padding: 0.85rem 1.1rem; font-size: 0.9rem; color: #216161; vertical-align: middle;\"><span class=\"badge badge-doutorado\" style=\"margin: 0px; padding: 0.2rem 0.55rem; display: inline-block; border-radius: 20px; font-size: 0.75rem; white-space: nowrap; background: #e8f0e8; color: #2a5c2a;\">Doctorate degree<\/span><\/td>\n<td style=\"margin: 0px; padding: 0.85rem 1.1rem; font-size: 0.9rem; color: #216161; vertical-align: middle;\">biological Sciences<\/td>\n<\/tr>\n<tr style=\"margin: 0px; padding: 0px; border-bottom: 1px solid #eeebe4; transition: background 0.15s;\">\n<td style=\"margin: 0px; padding: 0.85rem 1.1rem; font-size: 0.9rem; vertical-align: middle;\">Felipe Porto Fiuza<\/td>\n<td style=\"margin: 0px; padding: 0.85rem 1.1rem; font-size: 0.9rem; color: #216161; vertical-align: middle;\">Biologist (Alternate)<\/td>\n<td style=\"margin: 0px; padding: 0.85rem 1.1rem; font-size: 0.9rem; color: #216161; vertical-align: middle;\"><span class=\"badge badge-doutorado\" style=\"margin: 0px; padding: 0.2rem 0.55rem; display: inline-block; border-radius: 20px; font-size: 0.75rem; white-space: nowrap; background: #e8f0e8; color: #2a5c2a;\">Doctorate degree<\/span><\/td>\n<td style=\"margin: 0px; padding: 0.85rem 1.1rem; font-size: 0.9rem; color: #216161; vertical-align: middle;\">biological Sciences<\/td>\n<\/tr>\n<tr style=\"margin: 0px; padding: 0px; border-bottom: 1px solid #eeebe4; transition: background 0.15s;\">\n<td style=\"margin: 0px; padding: 0.85rem 1.1rem; font-size: 0.9rem; vertical-align: middle;\">Fernando da Silva Fiorin<\/td>\n<td style=\"margin: 0px; padding: 0.85rem 1.1rem; font-size: 0.9rem; color: #216161; vertical-align: middle;\">Researcher (Full Professor)<\/td>\n<td style=\"margin: 0px; padding: 0.85rem 1.1rem; font-size: 0.9rem; color: #216161; vertical-align: middle;\"><span class=\"badge badge-doutorado\" style=\"margin: 0px; padding: 0.2rem 0.55rem; display: inline-block; border-radius: 20px; font-size: 0.75rem; white-space: nowrap; background: #e8f0e8; color: #2a5c2a;\">Doctorate degree<\/span><\/td>\n<td style=\"margin: 0px; padding: 0.85rem 1.1rem; font-size: 0.9rem; color: #216161; vertical-align: middle;\">Physical education<\/td>\n<\/tr>\n<tr style=\"margin: 0px; padding: 0px; border-bottom: 1px solid #eeebe4; transition: background 0.15s;\">\n<td style=\"margin: 0px; padding: 0.85rem 1.1rem; font-size: 0.9rem; vertical-align: middle;\">Fabricio Lima Brazil<\/td>\n<td style=\"margin: 0px; padding: 0.85rem 1.1rem; font-size: 0.9rem; color: #216161; vertical-align: middle;\">Researcher (Alternate)<\/td>\n<td style=\"margin: 0px; padding: 0.85rem 1.1rem; font-size: 0.9rem; color: #216161; vertical-align: middle;\"><span class=\"badge badge-doutorado\" style=\"margin: 0px; padding: 0.2rem 0.55rem; display: inline-block; border-radius: 20px; font-size: 0.75rem; white-space: nowrap; background: #e8f0e8; color: #2a5c2a;\">Doctorate degree<\/span><\/td>\n<td style=\"margin: 0px; padding: 0.85rem 1.1rem; font-size: 0.9rem; color: #216161; vertical-align: middle;\">Electrical engineering<\/td>\n<\/tr>\n<tr style=\"margin: 0px; padding: 0px; border-bottom: 1px solid #eeebe4; transition: background 0.15s;\">\n<td style=\"margin: 0px; padding: 0.85rem 1.1rem; font-size: 0.9rem; vertical-align: middle;\">Nailson Carvalho Batista<\/td>\n<td style=\"margin: 0px; padding: 0.85rem 1.1rem; font-size: 0.9rem; color: #216161; vertical-align: middle;\">SPA Representative (Holder)<\/td>\n<td style=\"margin: 0px; padding: 0.85rem 1.1rem; font-size: 0.9rem; color: #216161; vertical-align: middle;\"><span class=\"badge badge-especializacao\" style=\"margin: 0px; padding: 0.2rem 0.55rem; display: inline-block; border-radius: 20px; font-size: 0.75rem; white-space: nowrap; background: #f5f0e8; color: #6e5a1e;\">Specialization<\/span><\/td>\n<td style=\"margin: 0px; padding: 0.85rem 1.1rem; font-size: 0.9rem; color: #216161; vertical-align: middle;\">veterinary Medicine<\/td>\n<\/tr>\n<tr style=\"margin: 0px; padding: 0px; border-bottom: 1px solid #eeebe4; transition: background 0.15s;\">\n<td style=\"margin: 0px; padding: 0.85rem 1.1rem; font-size: 0.9rem; vertical-align: middle;\">Ricardo Duarte de Ara\u00fajo<\/td>\n<td style=\"margin: 0px; padding: 0.85rem 1.1rem; font-size: 0.9rem; color: #216161; vertical-align: middle;\">SPA Representative (Alternate)<\/td>\n<td style=\"margin: 0px; padding: 0.85rem 1.1rem; font-size: 0.9rem; color: #216161; vertical-align: middle;\"><span class=\"badge badge-graduacao\" style=\"margin: 0px; padding: 0.2rem 0.55rem; display: inline-block; border-radius: 20px; font-size: 0.75rem; white-space: nowrap; background: #f5ede8; color: #6e3a1e;\">Graduation<\/span><\/td>\n<td style=\"margin: 0px; padding: 0.85rem 1.1rem; font-size: 0.9rem; color: #216161; vertical-align: middle;\">biological Sciences<\/td>\n<\/tr>\n<tr style=\"margin: 0px; padding: 0px; border-bottom: 1px solid #eeebe4; transition: background 0.15s;\">\n<td style=\"margin: 0px; padding: 0.85rem 1.1rem; font-size: 0.9rem; vertical-align: middle;\">Alan Michel Bezerra Furtunato<\/td>\n<td style=\"margin: 0px; padding: 0.85rem 1.1rem; font-size: 0.9rem; color: #216161; vertical-align: middle;\">Technical Researcher (Full Professor)<\/td>\n<td style=\"margin: 0px; padding: 0.85rem 1.1rem; font-size: 0.9rem; color: #216161; vertical-align: middle;\"><span class=\"badge badge-doutorado\" style=\"margin: 0px; padding: 0.2rem 0.55rem; display: inline-block; border-radius: 20px; font-size: 0.75rem; white-space: nowrap; background: #e8f0e8; color: #2a5c2a;\">Doctorate degree<\/span><\/td>\n<td style=\"margin: 0px; padding: 0.85rem 1.1rem; font-size: 0.9rem; color: #216161; vertical-align: middle;\">biomedicine<\/td>\n<\/tr>\n<tr style=\"margin: 0px; padding: 0px; border-bottom-width: medium; border-bottom-style: none; border-bottom-color: currentcolor; transition: background 0.15s;\">\n<td style=\"margin: 0px; padding: 0.85rem 1.1rem; font-size: 0.9rem; vertical-align: middle;\">Joao Rodrigo DeOliveira<\/td>\n<td style=\"margin: 0px; padding: 0.85rem 1.1rem; font-size: 0.9rem; color: #216161; vertical-align: middle;\">Technical Researcher (Alternate)<\/td>\n<td style=\"margin: 0px; padding: 0.85rem 1.1rem; font-size: 0.9rem; color: #216161; vertical-align: middle;\"><span class=\"badge badge-doutorado\" style=\"margin: 0px; padding: 0.2rem 0.55rem; display: inline-block; border-radius: 20px; font-size: 0.75rem; white-space: nowrap; background: #e8f0e8; color: #2a5c2a;\">Doctorate degree<\/span><\/td>\n<td style=\"margin: 0px; padding: 0.85rem 1.1rem; font-size: 0.9rem; color: #216161; vertical-align: middle;\">Physiotherapy<\/td>\n<\/tr>\n<\/tbody>\n<\/table>\n\n\t\t\t\t\t\t\t\t<\/div>\n\t\t\t\t<\/div>\n\t\t\t\t\t<\/div>\n\t\t\t\t<\/div>\n\t\t\t\t<\/div>","protected":false},"excerpt":{"rendered":"<p>O CEUA\/ISD \u00e9 formado por seis membros titulares e cinco suplentes.\u00a0O trabalho \u00e9 realizado de forma volunt\u00e1ria e independente, em mandatos com dura\u00e7\u00e3o de dois anos.\u00a0 Membro Fun\u00e7\u00e3o N\u00edvel de Forma\u00e7\u00e3o \u00c1rea de Forma\u00e7\u00e3o Andressa Radiske Coordenadora Doutorado Biomedicina Val\u00e9ria Arboes Petronilo M\u00e9dica Veterin\u00e1ria (Titular) Gradua\u00e7\u00e3o Medicina Veterin\u00e1ria Jo\u00e3o Ciro Fagundes Neto M\u00e9dico Veterin\u00e1rio (Suplente) [&hellip;]<\/p>","protected":false},"author":15,"featured_media":0,"parent":0,"menu_order":0,"comment_status":"closed","ping_status":"closed","template":"","meta":{"_acf_changed":false,"footnotes":""},"class_list":["post-29468","page","type-page","status-publish","hentry"],"acf":[],"_links":{"self":[{"href":"https:\/\/institutosantosdumont.org.br\/en\/wp-json\/wp\/v2\/pages\/29468","targetHints":{"allow":["GET"]}}],"collection":[{"href":"https:\/\/institutosantosdumont.org.br\/en\/wp-json\/wp\/v2\/pages"}],"about":[{"href":"https:\/\/institutosantosdumont.org.br\/en\/wp-json\/wp\/v2\/types\/page"}],"author":[{"embeddable":true,"href":"https:\/\/institutosantosdumont.org.br\/en\/wp-json\/wp\/v2\/users\/15"}],"replies":[{"embeddable":true,"href":"https:\/\/institutosantosdumont.org.br\/en\/wp-json\/wp\/v2\/comments?post=29468"}],"version-history":[{"count":3,"href":"https:\/\/institutosantosdumont.org.br\/en\/wp-json\/wp\/v2\/pages\/29468\/revisions"}],"predecessor-version":[{"id":35080,"href":"https:\/\/institutosantosdumont.org.br\/en\/wp-json\/wp\/v2\/pages\/29468\/revisions\/35080"}],"wp:attachment":[{"href":"https:\/\/institutosantosdumont.org.br\/en\/wp-json\/wp\/v2\/media?parent=29468"}],"curies":[{"name":"wp","href":"https:\/\/api.w.org\/{rel}","templated":true}]}}