{"id":31158,"date":"2024-12-10T11:30:45","date_gmt":"2024-12-10T14:30:45","guid":{"rendered":"https:\/\/www.institutosantosdumont.org.br\/?page_id=31158"},"modified":"2024-12-16T09:54:14","modified_gmt":"2024-12-16T12:54:14","slug":"x-simposio-de-neuroengenharia","status":"publish","type":"page","link":"https:\/\/institutosantosdumont.org.br\/en\/x-simposio-de-neuroengenharia\/","title":{"rendered":"X Neuroengineering Symposium"},"content":{"rendered":"<div data-elementor-type=\"wp-page\" data-elementor-id=\"31158\" class=\"elementor elementor-31158\" data-elementor-post-type=\"page\">\n\t\t\t\t\t\t<section class=\"elementor-section elementor-top-section elementor-element elementor-element-6af1a2f elementor-section-boxed elementor-section-height-default elementor-section-height-default\" data-id=\"6af1a2f\" data-element_type=\"section\">\n\t\t\t\t\t\t<div class=\"elementor-container elementor-column-gap-default\">\n\t\t\t\t\t<div class=\"elementor-column elementor-col-100 elementor-top-column elementor-element elementor-element-1a45de8\" data-id=\"1a45de8\" data-element_type=\"column\">\n\t\t\t<div class=\"elementor-widget-wrap elementor-element-populated\">\n\t\t\t\t<div class=\"elementor-element elementor-element-6ee5068 e-flex e-con-boxed e-con e-parent\" data-id=\"6ee5068\" data-element_type=\"container\">\n\t\t\t\t\t<div class=\"e-con-inner\">\n\t\t\t\t\t<\/div>\n\t\t\t\t<\/div>\n\t\t\t\t<div class=\"elementor-element elementor-element-dc5f7dc elementor-widget elementor-widget-text-editor\" data-id=\"dc5f7dc\" data-element_type=\"widget\" data-widget_type=\"text-editor.default\">\n\t\t\t\t<div class=\"elementor-widget-container\">\n\t\t\t\t\t\t\t\t\t<p><a href=\"https:\/\/institutosantosdumont.org.br\/wp-content\/uploads\/2024\/05\/Logo-Simposio-Neuroengenharia-2024-eng_date.png\"><img fetchpriority=\"high\" decoding=\"async\" class=\"aligncenter wp-image-29136\" src=\"https:\/\/institutosantosdumont.org.br\/wp-content\/uploads\/2024\/05\/Logo-Simposio-Neuroengenharia-2024-eng_date-1024x382.png\" alt=\"\" width=\"430\" height=\"160\" srcset=\"https:\/\/institutosantosdumont.org.br\/wp-content\/uploads\/2024\/05\/Logo-Simposio-Neuroengenharia-2024-eng_date-1024x382.png 1024w, https:\/\/institutosantosdumont.org.br\/wp-content\/uploads\/2024\/05\/Logo-Simposio-Neuroengenharia-2024-eng_date-300x112.png 300w, https:\/\/institutosantosdumont.org.br\/wp-content\/uploads\/2024\/05\/Logo-Simposio-Neuroengenharia-2024-eng_date-768x286.png 768w, https:\/\/institutosantosdumont.org.br\/wp-content\/uploads\/2024\/05\/Logo-Simposio-Neuroengenharia-2024-eng_date-1536x573.png 1536w, https:\/\/institutosantosdumont.org.br\/wp-content\/uploads\/2024\/05\/Logo-Simposio-Neuroengenharia-2024-eng_date-18x7.png 18w, https:\/\/institutosantosdumont.org.br\/wp-content\/uploads\/2024\/05\/Logo-Simposio-Neuroengenharia-2024-eng_date.png 1920w\" sizes=\"(max-width: 430px) 100vw, 430px\" \/><\/a><\/p><p>\u00a0<\/p><p>The X Neuroengineering Symposium took place on <strong>November 12-14, 2024<\/strong>, in Rio Grande do Norte, Brazil. This international forum promotes an opportunity for researchers, educators, practitioners, and consumers to share knowledge, recent innovations and developments, non-clinical and clinical applications from animals to humans, in all aspects of neuroengineering, neuroscience and rehabilitation.<\/p><p>The Neuroengineering Symposium (SN), launched in 2015 by ISD, arose from an interest in integrating our local community of neuroengineering students and researchers with the national and international scientific community.<\/p><p>In its 10th version, the event will focus on how neuroengineering can help the health of people with disabilities, both in the context of rehabilitation and increasing quality of life. This will take place in the thematic areas of Biomechanics, Neuromodulation, Serious Games, Brain-Machine Interfaces, Human-Machine Interfaces, Robotics in Rehabilitation, Signal Processing, Augmentative and Alternative Communication, Neurophysiology, Electrophysiology, and Neuroanatomy.<\/p><p>In addition, due to the consolidation of the symposium as a traditional event, we will increase national and international attendance, which already includes Latin and North America, Europe and Asia.<\/p><p><b>Submissions<\/b><\/p><p>Authors are invited to make a submission to the Neuroengineering Symposium. All submissions will be assessed by the Committee to determine whether they meet the aims and scope of this Symposium. Those considered to be a good fit will be sent for peer review before determining whether they will be accepted or not.<\/p><p>The scientific committee Abstracts (2 pages) and Regular Full Papers (4 pages) submissions with theoretical and practical contributions to the following technical areas (although not limited to them):<\/p><p>Main topics:<\/p><ol><li>Biomechanics and movements analysis in rehabilitation<\/li><li>Neuromodulation and advances in neuroprosthetic and functional electrical stimulation systems<\/li><li>Virtual reality and serious games in neuroengineering<\/li><li>\u00a0Brain-machine interfaces in assistance and rehabilitation<\/li><li>Sensors and Instrumentation \u2013 advances and applications<\/li><li>Human-machine interfaces in assistance and rehabilitation<\/li><li>Exoskeletons and Robotics in rehabilitation<\/li><li>Neurotechnology and its clinical applications<\/li><li>Cognitive science and its clinical applications<\/li><li>Signal and data processing for Neurotechnology and Analysis<\/li><li>Augmentative and Alternative Communication<\/li><li>Neurophysiology and electrophysiology<\/li><li>Neuroanatomy and Image Analysis<\/li><\/ol><div>\u00a0<\/div>\t\t\t\t\t\t\t\t<\/div>\n\t\t\t\t<\/div>\n\t\t\t\t\t<\/div>\n\t\t<\/div>\n\t\t\t\t\t<\/div>\n\t\t<\/section>\n\t\t\t\t<section class=\"elementor-section elementor-top-section elementor-element elementor-element-bb911e6 elementor-section-boxed elementor-section-height-default elementor-section-height-default\" data-id=\"bb911e6\" data-element_type=\"section\">\n\t\t\t\t\t\t<div class=\"elementor-container elementor-column-gap-default\">\n\t\t\t\t\t<div class=\"elementor-column elementor-col-100 elementor-top-column elementor-element elementor-element-35dd972\" data-id=\"35dd972\" data-element_type=\"column\">\n\t\t\t<div class=\"elementor-widget-wrap elementor-element-populated\">\n\t\t\t\t\t\t<div class=\"elementor-element elementor-element-4dd3bcc elementor-widget elementor-widget-spacer\" data-id=\"4dd3bcc\" data-element_type=\"widget\" data-widget_type=\"spacer.default\">\n\t\t\t\t<div class=\"elementor-widget-container\">\n\t\t\t\t\t\t\t<div class=\"elementor-spacer\">\n\t\t\t<div class=\"elementor-spacer-inner\"><\/div>\n\t\t<\/div>\n\t\t\t\t\t\t<\/div>\n\t\t\t\t<\/div>\n\t\t\t\t<div class=\"elementor-element elementor-element-94573bd elementor-button-success elementor-align-center elementor-widget elementor-widget-button\" data-id=\"94573bd\" data-element_type=\"widget\" data-widget_type=\"button.default\">\n\t\t\t\t<div class=\"elementor-widget-container\">\n\t\t\t\t\t\t\t\t\t<div class=\"elementor-button-wrapper\">\n\t\t\t\t\t<a class=\"elementor-button elementor-button-link elementor-size-md\" href=\"https:\/\/institutosantosdumont.org.br\/en\/eventos\/anais-do-simposio\/\">\n\t\t\t\t\t\t<span class=\"elementor-button-content-wrapper\">\n\t\t\t\t\t\t\t\t\t<span class=\"elementor-button-text\">Symposium Proceedings<\/span>\n\t\t\t\t\t<\/span>\n\t\t\t\t\t<\/a>\n\t\t\t\t<\/div>\n\t\t\t\t\t\t\t\t<\/div>\n\t\t\t\t<\/div>\n\t\t\t\t<div class=\"elementor-element elementor-element-8a59c8a elementor-widget elementor-widget-spacer\" data-id=\"8a59c8a\" data-element_type=\"widget\" data-widget_type=\"spacer.default\">\n\t\t\t\t<div class=\"elementor-widget-container\">\n\t\t\t\t\t\t\t<div class=\"elementor-spacer\">\n\t\t\t<div class=\"elementor-spacer-inner\"><\/div>\n\t\t<\/div>\n\t\t\t\t\t\t<\/div>\n\t\t\t\t<\/div>\n\t\t\t\t<div class=\"elementor-element elementor-element-5a1d9c8 elementor-widget-divider--view-line elementor-widget elementor-widget-divider\" data-id=\"5a1d9c8\" data-element_type=\"widget\" data-widget_type=\"divider.default\">\n\t\t\t\t<div class=\"elementor-widget-container\">\n\t\t\t\t\t\t\t<div class=\"elementor-divider\">\n\t\t\t<span class=\"elementor-divider-separator\">\n\t\t\t\t\t\t<\/span>\n\t\t<\/div>\n\t\t\t\t\t\t<\/div>\n\t\t\t\t<\/div>\n\t\t<div class=\"elementor-element elementor-element-4eb9834 e-flex e-con-boxed e-con e-parent\" data-id=\"4eb9834\" data-element_type=\"container\">\n\t\t\t\t\t<div class=\"e-con-inner\">\n\t\t\t\t<div class=\"elementor-element elementor-element-eb82542 elementor-widget elementor-widget-text-editor\" data-id=\"eb82542\" data-element_type=\"widget\" data-widget_type=\"text-editor.default\">\n\t\t\t\t<div class=\"elementor-widget-container\">\n\t\t\t\t\t\t\t\t\t<p><strong>IMPORTANT DATES AND LINKS:<\/strong><\/p>\t\t\t\t\t\t\t\t<\/div>\n\t\t\t\t<\/div>\n\t\t\t\t<div class=\"elementor-element elementor-element-e2783c8 e-n-tabs-mobile elementor-widget elementor-widget-n-tabs\" data-id=\"e2783c8\" data-element_type=\"widget\" data-settings=\"{&quot;tabs_justify_horizontal&quot;:&quot;start&quot;,&quot;horizontal_scroll&quot;:&quot;disable&quot;}\" data-widget_type=\"nested-tabs.default\">\n\t\t\t\t<div class=\"elementor-widget-container\">\n\t\t\t\t\t\t\t<div class=\"e-n-tabs\" data-widget-number=\"237470664\" aria-label=\"Pesta\u00f1as. Abr\u00ed items con Enter o la Barra Espaciadora; cerr\u00e1 con Esc y naveg\u00e1 utilizando el teclado de flechas.\" data-no-translation-aria-label=\"\">\n\t\t\t<div class=\"e-n-tabs-heading\" role=\"tablist\">\n\t\t\t\t\t<button id=\"e-n-tab-title-2374706641\" data-tab-title-id=\"e-n-tab-title-2374706641\" class=\"e-n-tab-title\" aria-selected=\"true\" data-tab-index=\"1\" role=\"tab\" tabindex=\"0\" aria-controls=\"e-n-tab-content-2374706641\" style=\"--n-tabs-title-order: 1;\">\n\t\t\t\t\t\t<span class=\"e-n-tab-title-text\">\n\t\t\t\tRegistrations\t\t\t<\/span>\n\t\t<\/button>\n\t\t\t\t<button id=\"e-n-tab-title-2374706642\" data-tab-title-id=\"e-n-tab-title-2374706642\" class=\"e-n-tab-title\" aria-selected=\"false\" data-tab-index=\"2\" role=\"tab\" tabindex=\"-1\" aria-controls=\"e-n-tab-content-2374706642\" style=\"--n-tabs-title-order: 2;\">\n\t\t\t\t\t\t<span class=\"e-n-tab-title-text\">\n\t\t\t\tMotor Imagery Challenge\t\t\t<\/span>\n\t\t<\/button>\n\t\t\t\t<button id=\"e-n-tab-title-2374706643\" data-tab-title-id=\"e-n-tab-title-2374706643\" class=\"e-n-tab-title\" aria-selected=\"false\" data-tab-index=\"3\" role=\"tab\" tabindex=\"-1\" aria-controls=\"e-n-tab-content-2374706643\" style=\"--n-tabs-title-order: 3;\">\n\t\t\t\t\t\t<span class=\"e-n-tab-title-text\">\n\t\t\t\tFull Paper and Abstracts\t\t\t<\/span>\n\t\t<\/button>\n\t\t\t\t<button id=\"e-n-tab-title-2374706644\" data-tab-title-id=\"e-n-tab-title-2374706644\" class=\"e-n-tab-title\" aria-selected=\"false\" data-tab-index=\"4\" role=\"tab\" tabindex=\"-1\" aria-controls=\"e-n-tab-content-2374706644\" style=\"--n-tabs-title-order: 4;\">\n\t\t\t\t\t\t<span class=\"e-n-tab-title-text\">\n\t\t\t\tProposals Tutorial\t\t\t<\/span>\n\t\t<\/button>\n\t\t\t\t\t<\/div>\n\t\t\t<div class=\"e-n-tabs-content\">\n\t\t\t\t<div id=\"e-n-tab-content-2374706641\" role=\"tabpanel\" aria-labelledby=\"e-n-tab-title-2374706641\" data-tab-index=\"1\" style=\"--n-tabs-title-order: 1;\" class=\"e-active elementor-element elementor-element-0983680 e-flex e-con-boxed e-con e-child\" data-id=\"0983680\" data-element_type=\"container\">\n\t\t\t\t\t<div class=\"e-con-inner\">\n\t\t\t\t<div class=\"elementor-element elementor-element-0069daf elementor-button-success elementor-align-center elementor-widget elementor-widget-button\" data-id=\"0069daf\" data-element_type=\"widget\" data-widget_type=\"button.default\">\n\t\t\t\t<div class=\"elementor-widget-container\">\n\t\t\t\t\t\t\t\t\t<div class=\"elementor-button-wrapper\">\n\t\t\t\t\t<a class=\"elementor-button elementor-button-link elementor-size-sm\" href=\"https:\/\/eventos.congresse.me\/xns\/edicoes\/XNS\" target=\"_blank\" rel=\"noopener noreferrer nofollow\">\n\t\t\t\t\t\t<span class=\"elementor-button-content-wrapper\">\n\t\t\t\t\t\t\t\t\t<span class=\"elementor-button-text\">Congresse.me<\/span>\n\t\t\t\t\t<\/span>\n\t\t\t\t\t<\/a>\n\t\t\t\t<\/div>\n\t\t\t\t\t\t\t\t<\/div>\n\t\t\t\t<\/div>\n\t\t\t\t\t<\/div>\n\t\t\t\t<\/div>\n\t\t<div id=\"e-n-tab-content-2374706642\" role=\"tabpanel\" aria-labelledby=\"e-n-tab-title-2374706642\" data-tab-index=\"2\" style=\"--n-tabs-title-order: 2;\" class=\"elementor-element elementor-element-a34313a e-flex e-con-boxed e-con e-child\" data-id=\"a34313a\" data-element_type=\"container\">\n\t\t\t\t\t<div class=\"e-con-inner\">\n\t\t\t\t<div class=\"elementor-element elementor-element-4c987fd elementor-widget elementor-widget-text-editor\" data-id=\"4c987fd\" data-element_type=\"widget\" data-widget_type=\"text-editor.default\">\n\t\t\t\t<div class=\"elementor-widget-container\">\n\t\t\t\t\t\t\t\t\t<p>The goal of this competition is to promote the development of accurate machine learning models for the detection of human motor imagery of the upper limbs using electroencephalography (EEG) signals collected from 16 surface electrodes from the scalp of five subjects.\u00a0<\/p><p>These signals were collected during six experimental sessions with 80 motor imagery trials, with 40 corresponding to the imagination of the left hand, and 40 corresponding to the imagination of the right hand.<\/p>\t\t\t\t\t\t\t\t<\/div>\n\t\t\t\t<\/div>\n\t\t\t\t<div class=\"elementor-element elementor-element-926c0ef elementor-button-success elementor-align-center elementor-widget elementor-widget-button\" data-id=\"926c0ef\" data-element_type=\"widget\" data-widget_type=\"button.default\">\n\t\t\t\t<div class=\"elementor-widget-container\">\n\t\t\t\t\t\t\t\t\t<div class=\"elementor-button-wrapper\">\n\t\t\t\t\t<a class=\"elementor-button elementor-button-link elementor-size-sm\" href=\"https:\/\/www.kaggle.com\/t\/440b9c4cab3342d28bcc786ceffc0ff6\" target=\"_blank\" rel=\"noopener noreferrer nofollow\">\n\t\t\t\t\t\t<span class=\"elementor-button-content-wrapper\">\n\t\t\t\t\t\t\t\t\t<span class=\"elementor-button-text\">Click here to learn more<\/span>\n\t\t\t\t\t<\/span>\n\t\t\t\t\t<\/a>\n\t\t\t\t<\/div>\n\t\t\t\t\t\t\t\t<\/div>\n\t\t\t\t<\/div>\n\t\t\t\t\t<\/div>\n\t\t\t\t<\/div>\n\t\t<div id=\"e-n-tab-content-2374706643\" role=\"tabpanel\" aria-labelledby=\"e-n-tab-title-2374706643\" data-tab-index=\"3\" style=\"--n-tabs-title-order: 3;\" class=\"elementor-element elementor-element-7f93734 e-con-full e-flex e-con e-child\" data-id=\"7f93734\" data-element_type=\"container\">\n\t\t<div class=\"elementor-element elementor-element-6af24b0 e-flex e-con-boxed e-con e-child\" data-id=\"6af24b0\" data-element_type=\"container\">\n\t\t\t\t\t<div class=\"e-con-inner\">\n\t\t\t\t<div class=\"elementor-element elementor-element-bf0a2f5 elementor-widget elementor-widget-text-editor\" data-id=\"bf0a2f5\" data-element_type=\"widget\" data-widget_type=\"text-editor.default\">\n\t\t\t\t<div class=\"elementor-widget-container\">\n\t\t\t\t\t\t\t\t\t<ul><li><strong>Submission:<\/strong> From May 13th<span style=\"font-weight: 400;\">to September 10th\u00a0<\/span><\/li><li><strong>First Acceptance note:<\/strong> September 24th, 2024<\/li><li><strong>Final submission:<\/strong> October 1st, 2024<\/li><li><strong>Final Acceptance note:<\/strong> October 4th, 2024<\/li><\/ul><div>\u00a0<\/div>\t\t\t\t\t\t\t\t<\/div>\n\t\t\t\t<\/div>\n\t\t\t\t\t<\/div>\n\t\t\t\t<\/div>\n\t\t\t\t<\/div>\n\t\t<div id=\"e-n-tab-content-2374706644\" role=\"tabpanel\" aria-labelledby=\"e-n-tab-title-2374706644\" data-tab-index=\"4\" style=\"--n-tabs-title-order: 4;\" class=\"elementor-element elementor-element-b7e134c e-con-full e-flex e-con e-child\" data-id=\"b7e134c\" data-element_type=\"container\">\n\t\t<div class=\"elementor-element elementor-element-4d136c8 e-flex e-con-boxed e-con e-child\" data-id=\"4d136c8\" data-element_type=\"container\">\n\t\t\t\t\t<div class=\"e-con-inner\">\n\t\t\t\t<div class=\"elementor-element elementor-element-953008d elementor-widget elementor-widget-text-editor\" data-id=\"953008d\" data-element_type=\"widget\" data-widget_type=\"text-editor.default\">\n\t\t\t\t<div class=\"elementor-widget-container\">\n\t\t\t\t\t\t\t\t\t<ul>\n<li><strong>Submission:<\/strong> From May 13th to August 26th<\/li>\n<li><strong style=\"background-color: transparent; color: var( --e-global-color-text ); font-family: var( --e-global-typography-text-font-family ), Sans-serif; text-align: var(--text-align);\">Acceptance note:<\/strong><span style=\"background-color: transparent; color: var( --e-global-color-text ); font-family: var( --e-global-typography-text-font-family ), Sans-serif; font-weight: var( --e-global-typography-text-font-weight ); text-align: var(--text-align);\"> Aug 30th, 2024<\/span><\/li>\n<\/ul>\n<div>&nbsp;<\/div>\t\t\t\t\t\t\t\t<\/div>\n\t\t\t\t<\/div>\n\t\t\t\t\t<\/div>\n\t\t\t\t<\/div>\n\t\t\t\t<\/div>\n\t\t\t\t\t<\/div>\n\t\t<\/div>\n\t\t\t\t\t\t<\/div>\n\t\t\t\t<\/div>\n\t\t\t\t\t<\/div>\n\t\t\t\t<\/div>\n\t\t\t\t\t<\/div>\n\t\t<\/div>\n\t\t\t\t\t<\/div>\n\t\t<\/section>\n\t\t\t\t<\/div>","protected":false},"excerpt":{"rendered":"<p>\u00a0 The X Neuroengineering Symposium took place on November 12-14, 2024, in Rio Grande do Norte, Brazil. This international forum promotes an opportunity for researchers, educators, practitioners, and consumers to share knowledge, recent innovations and developments, non-clinical and clinical applications from animals to humans, in all aspects of neuroengineering, neuroscience and rehabilitation. The Neuroengineering Symposium [\u2026]<\/p>","protected":false},"author":17,"featured_media":0,"parent":0,"menu_order":0,"comment_status":"closed","ping_status":"closed","template":"","meta":{"_acf_changed":false,"footnotes":""},"class_list":["post-31158","page","type-page","status-publish","hentry"],"acf":[],"_links":{"self":[{"href":"https:\/\/institutosantosdumont.org.br\/en\/wp-json\/wp\/v2\/pages\/31158","targetHints":{"allow":["GET"]}}],"collection":[{"href":"https:\/\/institutosantosdumont.org.br\/en\/wp-json\/wp\/v2\/pages"}],"about":[{"href":"https:\/\/institutosantosdumont.org.br\/en\/wp-json\/wp\/v2\/types\/page"}],"author":[{"embeddable":true,"href":"https:\/\/institutosantosdumont.org.br\/en\/wp-json\/wp\/v2\/users\/17"}],"replies":[{"embeddable":true,"href":"https:\/\/institutosantosdumont.org.br\/en\/wp-json\/wp\/v2\/comments?post=31158"}],"version-history":[{"count":1,"href":"https:\/\/institutosantosdumont.org.br\/en\/wp-json\/wp\/v2\/pages\/31158\/revisions"}],"predecessor-version":[{"id":31652,"href":"https:\/\/institutosantosdumont.org.br\/en\/wp-json\/wp\/v2\/pages\/31158\/revisions\/31652"}],"wp:attachment":[{"href":"https:\/\/institutosantosdumont.org.br\/en\/wp-json\/wp\/v2\/media?parent=31158"}],"curies":[{"name":"wp","href":"https:\/\/api.w.org\/{rel}","templated":true}]}}