{"id":33190,"date":"2025-08-20T15:49:38","date_gmt":"2025-08-20T18:49:38","guid":{"rendered":"https:\/\/institutosantosdumont.org.br\/?page_id=33190"},"modified":"2026-03-12T08:12:01","modified_gmt":"2026-03-12T11:12:01","slug":"convenios-e-emendas-parlamentares","status":"publish","type":"page","link":"https:\/\/institutosantosdumont.org.br\/en\/convenios-e-emendas-parlamentares\/","title":{"rendered":"Parliamentary Agreements and Amendments"},"content":{"rendered":"<div data-elementor-type=\"wp-page\" data-elementor-id=\"33190\" class=\"elementor elementor-33190\" data-elementor-post-type=\"page\">\n\t\t\t\t<div class=\"elementor-element elementor-element-6f0956c e-con-full e-flex e-con e-parent\" data-id=\"6f0956c\" data-element_type=\"container\">\n\t\t\t\t<div class=\"elementor-element elementor-element-1a284e1 elementor-widget-divider--view-line elementor-widget elementor-widget-divider\" data-id=\"1a284e1\" data-element_type=\"widget\" data-widget_type=\"divider.default\">\n\t\t\t\t<div class=\"elementor-widget-container\">\n\t\t\t\t\t\t\t<div class=\"elementor-divider\">\n\t\t\t<span class=\"elementor-divider-separator\">\n\t\t\t\t\t\t<\/span>\n\t\t<\/div>\n\t\t\t\t\t\t<\/div>\n\t\t\t\t<\/div>\n\t\t\t\t<div class=\"elementor-element elementor-element-c836b2a elementor-widget elementor-widget-n-accordion\" data-id=\"c836b2a\" data-element_type=\"widget\" data-settings=\"{&quot;default_state&quot;:&quot;all_collapsed&quot;,&quot;max_items_expended&quot;:&quot;multiple&quot;,&quot;n_accordion_animation_duration&quot;:{&quot;unit&quot;:&quot;ms&quot;,&quot;size&quot;:400,&quot;sizes&quot;:[]}}\" data-widget_type=\"nested-accordion.default\">\n\t\t\t\t<div class=\"elementor-widget-container\">\n\t\t\t\t\t\t\t<div class=\"e-n-accordion\" aria-label=\"Accordion. Open links with Enter or Space, close with Escape, and navigate with Arrow Keys\">\n\t\t\t\t\t\t<details id=\"e-n-accordion-item-2090\" class=\"e-n-accordion-item\" >\n\t\t\t\t<summary class=\"e-n-accordion-item-title\" data-accordion-index=\"1\" tabindex=\"0\" aria-expanded=\"false\" aria-controls=\"e-n-accordion-item-2090\" >\n\t\t\t\t\t<span class='e-n-accordion-item-title-header'><div class=\"e-n-accordion-item-title-text\"> 1 - AGREEMENT 904830\/2020 <\/div><\/span>\n\t\t\t\t\t\t\t\t\t<\/summary>\n\t\t\t\t<div role=\"region\" aria-labelledby=\"e-n-accordion-item-2090\" class=\"elementor-element elementor-element-0d94992 e-con-full e-flex e-con e-child\" data-id=\"0d94992\" data-element_type=\"container\">\n\t\t\t\t<div class=\"elementor-element elementor-element-99a5b26 elementor-widget__width-initial elementor-widget elementor-widget-text-editor\" data-id=\"99a5b26\" data-element_type=\"widget\" data-widget_type=\"text-editor.default\">\n\t\t\t\t<div class=\"elementor-widget-container\">\n\t\t\t\t\t\t\t\t\t<table width=\"545\"><tbody><tr><td width=\"203\"><strong>OBJECT:<\/strong><\/td><td width=\"342\">ACQUISITION OF EQUIPMENT AND PERMANENT MATERIAL<\/td><\/tr><tr><td width=\"203\"><strong>GRANTING AUTHORITY:<\/strong><\/td><td width=\"342\">MINISTRY OF HEALTH<\/td><\/tr><tr><td width=\"203\"><strong>SITUATION\/STATUS:<\/strong><\/td><td width=\"342\">IN EXECUTION<\/td><\/tr><tr><td width=\"203\"><strong>PERIOD OF VALIDITY:<\/strong><\/td><td width=\"342\">12\/04\/2020 to 11\/18\/2025<\/td><\/tr><tr><td width=\"203\"><strong>AUTHOR OF THE AMENDMENT:<\/strong><\/td><td width=\"342\">\u00a0<\/td><\/tr><tr><td width=\"203\"><strong>AMENDMENT NO.\/YEAR:<\/strong><\/td><td width=\"342\">\u00a0<\/td><\/tr><tr><td width=\"203\"><strong>OBSERVATION:<\/strong><\/td><td width=\"342\">PROGRAM RESOURCE \u2013 \u201cCARE NETWORK FOR PEOPLE WITH DISABILITIES\u201d, COMPONENT \u2013 \u201cSPECIALIZED REHABILITATION CENTER\/REHABILITATION SERVICE\u201d<\/td><\/tr><\/tbody><\/table>\t\t\t\t\t\t\t\t<\/div>\n\t\t\t\t<\/div>\n\t\t\t\t<div class=\"elementor-element elementor-element-bd47751 elementor-widget elementor-widget-heading\" data-id=\"bd47751\" data-element_type=\"widget\" data-widget_type=\"heading.default\">\n\t\t\t\t<div class=\"elementor-widget-container\">\n\t\t\t\t\t<h5 class=\"elementor-heading-title elementor-size-default\">Values:<\/h5>\t\t\t\t<\/div>\n\t\t\t\t<\/div>\n\t\t\t\t<div class=\"elementor-element elementor-element-969f14f elementor-widget__width-initial elementor-widget elementor-widget-text-editor\" data-id=\"969f14f\" data-element_type=\"widget\" data-widget_type=\"text-editor.default\">\n\t\t\t\t<div class=\"elementor-widget-container\">\n\t\t\t\t\t\t\t\t\t<table style=\"width: 409pt;\" border=\"0\" width=\"545\" cellspacing=\"0\" cellpadding=\"0\"><colgroup> <col style=\"mso-width-source: userset; mso-width-alt: 7224; width: 152pt;\" width=\"203\" \/> <col style=\"mso-width-source: userset; mso-width-alt: 12174; width: 257pt;\" width=\"342\" \/> <\/colgroup><tbody><tr style=\"height: 17.4pt;\"><td style=\"height: 17.4pt; width: 152pt;\" width=\"203\" height=\"23\"><strong>GLOBAL VALUE:<\/strong><\/td><td style=\"width: 257pt;\" width=\"342\">\u00a0R$ 1,499,321.00<\/td><\/tr><tr style=\"height: 17.4pt;\"><td style=\"height: 17.4pt;\" height=\"23\"><strong>AMENDMENT:<\/strong><\/td><td>\u00a0R$ \u2013\u00a0\u00a0<\/td><\/tr><tr style=\"height: 17.4pt;\"><td style=\"height: 17.4pt;\" height=\"23\"><strong>AMOUNT COMMITTED:<\/strong><\/td><td>\u00a0R$ 1,309,659.50<\/td><\/tr><tr style=\"height: 17.4pt;\"><td style=\"height: 17.4pt;\" height=\"23\"><strong>RELEASED AMOUNT:<\/strong><\/td><td>\u00a0R$ 189,661.50<\/td><\/tr><tr style=\"height: 17.4pt;\"><td style=\"height: 17.4pt;\" height=\"23\"><strong>TOTAL IN FINANCIAL TRANSACTIONS:<\/strong><\/td><td>\u00a0R$ 189,661.50<\/td><\/tr><tr style=\"height: 17.4pt;\"><td style=\"height: 17.4pt;\" height=\"23\"><strong>ACCOUNT BALANCE:<\/strong><\/td><td>\u00a0R$ <span data-sheets-root=\"1\">9.819,38<\/span><\/td><\/tr><tr style=\"height: 87.0pt;\"><td style=\"height: 87.0pt; width: 152pt;\" width=\"203\" height=\"116\"><strong>LINK TO CONSULT THE AGREEMENT DATA, CONTRACTUAL INSTRUMENT AND WORK PLAN:<\/strong><\/td><td style=\"width: 257pt;\" width=\"342\"><a href=\"https:\/\/discricionarias.transferegov.sistema.gov.br\/voluntarias\/ConsultarProposta\/ResultadoDaConsultaDeConvenioSelecionarConvenio.do?sequencialConvenio=904830&amp;Usr=guest&amp;Pwd=guest\" data-wplink-edit=\"true\" target=\"_blank\" rel=\"noopener noreferrer nofollow\"><span style=\"font-family: Raleway; mso-generic-font-family: auto; mso-font-charset: 0;\">https:\/\/discricionarias.transferegov.sistema.gov.br\/voluntarias\/<br \/>ConsultProposal\/<br \/>ResultOfConventionQuerySelectConvention.do?sequentialConvention=904830&amp;Usr=guest&amp;Pwd=guest<\/span><\/a><\/td><\/tr><\/tbody><\/table>\t\t\t\t\t\t\t\t<\/div>\n\t\t\t\t<\/div>\n\t\t\t\t<\/div>\n\t\t\t\t\t<\/details>\n\t\t\t\t\t\t<details id=\"e-n-accordion-item-2091\" class=\"e-n-accordion-item\" >\n\t\t\t\t<summary class=\"e-n-accordion-item-title\" data-accordion-index=\"2\" tabindex=\"-1\" aria-expanded=\"false\" aria-controls=\"e-n-accordion-item-2091\" >\n\t\t\t\t\t<span class='e-n-accordion-item-title-header'><div class=\"e-n-accordion-item-title-text\"> 2 - AGREEMENT 921295\/2021 <\/div><\/span>\n\t\t\t\t\t\t\t\t\t<\/summary>\n\t\t\t\t<div role=\"region\" aria-labelledby=\"e-n-accordion-item-2091\" class=\"elementor-element elementor-element-d957183 e-con-full e-flex e-con e-child\" data-id=\"d957183\" data-element_type=\"container\">\n\t\t\t\t<div class=\"elementor-element elementor-element-da26d20 elementor-widget__width-initial elementor-widget elementor-widget-text-editor\" data-id=\"da26d20\" data-element_type=\"widget\" data-widget_type=\"text-editor.default\">\n\t\t\t\t<div class=\"elementor-widget-container\">\n\t\t\t\t\t\t\t\t\t<table width=\"545\"><tbody><tr><td width=\"203\"><strong>OBJECT:<\/strong><\/td><td width=\"342\">RENOVATION OF SPECIALIZED HEALTH CARE UNIT<\/td><\/tr><tr><td width=\"203\"><strong>GRANTING AUTHORITY:<\/strong><\/td><td width=\"342\">MINISTRY OF HEALTH<\/td><\/tr><tr><td width=\"203\"><strong>SITUATION\/STATUS:<\/strong><\/td><td width=\"342\">IN EXECUTION<\/td><\/tr><tr><td width=\"203\"><strong>PERIOD OF VALIDITY:<\/strong><\/td><td width=\"342\">December 30, 2021 to August 30, 2025<\/td><\/tr><tr><td width=\"203\"><strong>AUTHOR OF THE AMENDMENT:<\/strong><\/td><td width=\"342\">\u00a0<\/td><\/tr><tr><td width=\"203\"><strong>AMENDMENT NO.\/YEAR:<\/strong><\/td><td width=\"342\">\u00a0<\/td><\/tr><tr><td width=\"203\"><strong>OBSERVATION:<\/strong><\/td><td width=\"342\">PROGRAM RESOURCE \u2013 \u201cCARE NETWORK FOR PEOPLE WITH DISABILITIES\u201d, COMPONENT \u2013 \u201cORTHOPEDIC WORKSHOP\/REHABILITATION SERVICE\u201d<\/td><\/tr><\/tbody><\/table>\t\t\t\t\t\t\t\t<\/div>\n\t\t\t\t<\/div>\n\t\t\t\t<div class=\"elementor-element elementor-element-fea2a80 elementor-widget__width-initial elementor-widget elementor-widget-text-editor\" data-id=\"fea2a80\" data-element_type=\"widget\" data-widget_type=\"text-editor.default\">\n\t\t\t\t<div class=\"elementor-widget-container\">\n\t\t\t\t\t\t\t\t\t<table style=\"width: 409pt;\" border=\"0\" width=\"545\" cellspacing=\"0\" cellpadding=\"0\"><colgroup> <col style=\"mso-width-source: userset; mso-width-alt: 7224; width: 152pt;\" width=\"203\" \/> <col style=\"mso-width-source: userset; mso-width-alt: 12174; width: 257pt;\" width=\"342\" \/> <\/colgroup><tbody><tr style=\"height: 17.4pt;\"><td style=\"height: 17.4pt; width: 152pt;\" width=\"203\" height=\"23\"><strong>GLOBAL VALUE:<\/strong><\/td><td style=\"width: 257pt;\" width=\"342\">\u00a0R$ 451,200.00<\/td><\/tr><tr style=\"height: 17.4pt;\"><td style=\"height: 17.4pt;\" height=\"23\"><strong>AMENDMENT:<\/strong><\/td><td>\u00a0R$ \u2013\u00a0\u00a0<\/td><\/tr><tr style=\"height: 17.4pt;\"><td style=\"height: 17.4pt;\" height=\"23\"><strong>AMOUNT COMMITTED:<\/strong><\/td><td>\u00a0R$ 451,200.00<\/td><\/tr><tr style=\"height: 17.4pt;\"><td style=\"height: 17.4pt;\" height=\"23\"><strong>RELEASED AMOUNT:<\/strong><\/td><td>\u00a0R$ 451,200.00<\/td><\/tr><tr style=\"height: 17.4pt;\"><td style=\"height: 17.4pt;\" height=\"23\"><strong>TOTAL IN FINANCIAL TRANSACTIONS:<\/strong><\/td><td>\u00a0R$ 397,754.34<\/td><\/tr><tr style=\"height: 17.4pt;\"><td style=\"height: 17.4pt;\" height=\"23\"><strong>ACCOUNT BALANCE:<\/strong><\/td><td>\u00a0R$ <span data-sheets-root=\"1\">65.186,54<\/span><\/td><\/tr><tr style=\"height: 87.0pt;\"><td style=\"height: 87.0pt; width: 152pt;\" width=\"203\" height=\"116\"><strong>LINK TO CONSULT THE AGREEMENT DATA, CONTRACTUAL INSTRUMENT AND WORK PLAN:<\/strong><\/td><td style=\"width: 257pt;\" width=\"342\">\u00a0https:\/\/discricionarias.transferegov.sistema.gov.br\/voluntarias\/<br \/>ConsultProposal\/ResultOfConvenioConsultationSelectConvenio.do?sequentialConvenio=921295&amp;Usr=guest&amp;Pwd=guest<\/td><\/tr><\/tbody><\/table>\t\t\t\t\t\t\t\t<\/div>\n\t\t\t\t<\/div>\n\t\t\t\t<\/div>\n\t\t\t\t\t<\/details>\n\t\t\t\t\t\t<details id=\"e-n-accordion-item-2092\" class=\"e-n-accordion-item\" >\n\t\t\t\t<summary class=\"e-n-accordion-item-title\" data-accordion-index=\"3\" tabindex=\"-1\" aria-expanded=\"false\" aria-controls=\"e-n-accordion-item-2092\" >\n\t\t\t\t\t<span class='e-n-accordion-item-title-header'><div class=\"e-n-accordion-item-title-text\"> 3 - AGREEMENT 969921\/2024 <\/div><\/span>\n\t\t\t\t\t\t\t\t\t<\/summary>\n\t\t\t\t<div role=\"region\" aria-labelledby=\"e-n-accordion-item-2092\" class=\"elementor-element elementor-element-0b3aedb e-con-full e-flex e-con e-child\" data-id=\"0b3aedb\" data-element_type=\"container\">\n\t\t\t\t<div class=\"elementor-element elementor-element-9e1d1d8 elementor-widget__width-initial elementor-widget elementor-widget-text-editor\" data-id=\"9e1d1d8\" data-element_type=\"widget\" data-widget_type=\"text-editor.default\">\n\t\t\t\t<div class=\"elementor-widget-container\">\n\t\t\t\t\t\t\t\t\t<table width=\"545\"><tbody><tr><td width=\"203\"><strong>OBJECT:<\/strong><\/td><td width=\"342\">TEACHING, STUDY AND RESEARCH IN SPECIALIZED HEALTH CARE<\/td><\/tr><tr><td width=\"203\"><strong>GRANTING AUTHORITY:<\/strong><\/td><td width=\"342\">MINISTRY OF HEALTH<\/td><\/tr><tr><td width=\"203\"><strong>SITUATION\/STATUS:<\/strong><\/td><td width=\"342\">IN EXECUTION<\/td><\/tr><tr><td width=\"203\"><strong>PERIOD OF VALIDITY:<\/strong><\/td><td width=\"342\">12\/12\/2024 to 05\/06\/2026<\/td><\/tr><tr><td width=\"203\"><strong>AUTHOR OF THE AMENDMENT:<\/strong><\/td><td width=\"342\">\u00a0<\/td><\/tr><tr><td width=\"203\"><strong>AMENDMENT NO.\/YEAR:<\/strong><\/td><td width=\"342\">\u00a0<\/td><\/tr><tr><td width=\"203\"><strong>OBSERVATION:<\/strong><\/td><td width=\"342\">PROGRAM RESOURCE \u2013 \u201cSPECIALIZED HEALTH CARE\u201d, COMPONENT \u2013 \u201cCARE NETWORK FOR PEOPLE WITH DISABILITIES \u2013 IMPLEMENTATION OF THE NATIONAL POLICY FOR PEOPLE WITH DISABILITIES\u201d<\/td><\/tr><\/tbody><\/table>\t\t\t\t\t\t\t\t<\/div>\n\t\t\t\t<\/div>\n\t\t\t\t<div class=\"elementor-element elementor-element-386b620 elementor-widget__width-initial elementor-widget elementor-widget-text-editor\" data-id=\"386b620\" data-element_type=\"widget\" data-widget_type=\"text-editor.default\">\n\t\t\t\t<div class=\"elementor-widget-container\">\n\t\t\t\t\t\t\t\t\t<table style=\"width: 409pt;\" border=\"0\" width=\"545\" cellspacing=\"0\" cellpadding=\"0\"><colgroup> <col style=\"mso-width-source: userset; mso-width-alt: 7224; width: 152pt;\" width=\"203\" \/> <col style=\"mso-width-source: userset; mso-width-alt: 12174; width: 257pt;\" width=\"342\" \/> <\/colgroup><tbody><tr style=\"height: 17.4pt;\"><td style=\"height: 17.4pt; width: 152pt;\" width=\"203\" height=\"23\"><strong>GLOBAL VALUE:<\/strong><\/td><td style=\"width: 257pt;\" width=\"342\">\u00a0R$ 500,000.00<\/td><\/tr><tr style=\"height: 17.4pt;\"><td style=\"height: 17.4pt;\" height=\"23\"><strong>AMENDMENT:<\/strong><\/td><td>\u00a0R$ \u2013\u00a0\u00a0<\/td><\/tr><tr style=\"height: 17.4pt;\"><td style=\"height: 17.4pt;\" height=\"23\"><strong>AMOUNT COMMITTED:<\/strong><\/td><td>\u00a0R$ 500,000.00<\/td><\/tr><tr style=\"height: 17.4pt;\"><td style=\"height: 17.4pt;\" height=\"23\"><strong>RELEASED AMOUNT:<\/strong><\/td><td>R$<\/td><\/tr><tr style=\"height: 17.4pt;\"><td style=\"height: 17.4pt;\" height=\"23\"><strong>TOTAL IN FINANCIAL TRANSACTIONS:<\/strong><\/td><td>\u00a0R$\u00a0<\/td><\/tr><tr style=\"height: 17.4pt;\"><td style=\"height: 17.4pt;\" height=\"23\"><strong>ACCOUNT BALANCE:<\/strong><\/td><td>\u00a0R$\u00a0<\/td><\/tr><tr style=\"height: 87.0pt;\"><td style=\"height: 87.0pt; width: 152pt;\" width=\"203\" height=\"116\"><strong>LINK TO CONSULT THE AGREEMENT DATA, CONTRACTUAL INSTRUMENT AND WORK PLAN:<\/strong><\/td><td style=\"width: 257pt;\" width=\"342\">https:\/\/discricionarias.transferegov.sistema.gov.br\/voluntarias\/ConsultarProposta\/ResultadoDaConsultaDeConvenioSelecionarConvenio.do?sequencialConvenio=969921&amp;Usr=guest&amp;Pwd=guest<\/td><\/tr><\/tbody><\/table>\t\t\t\t\t\t\t\t<\/div>\n\t\t\t\t<\/div>\n\t\t\t\t<\/div>\n\t\t\t\t\t<\/details>\n\t\t\t\t\t\t<details id=\"e-n-accordion-item-2093\" class=\"e-n-accordion-item\" >\n\t\t\t\t<summary class=\"e-n-accordion-item-title\" data-accordion-index=\"4\" tabindex=\"-1\" aria-expanded=\"false\" aria-controls=\"e-n-accordion-item-2093\" >\n\t\t\t\t\t<span class='e-n-accordion-item-title-header'><div class=\"e-n-accordion-item-title-text\"> 4 - AGREEMENT 989223\/2025 <\/div><\/span>\n\t\t\t\t\t\t\t\t\t<\/summary>\n\t\t\t\t<div role=\"region\" aria-labelledby=\"e-n-accordion-item-2093\" class=\"elementor-element elementor-element-4c5caea e-con-full e-flex e-con e-child\" data-id=\"4c5caea\" data-element_type=\"container\">\n\t\t\t\t<div class=\"elementor-element elementor-element-e73b22a elementor-widget__width-initial elementor-widget elementor-widget-text-editor\" data-id=\"e73b22a\" data-element_type=\"widget\" data-widget_type=\"text-editor.default\">\n\t\t\t\t<div class=\"elementor-widget-container\">\n\t\t\t\t\t\t\t\t\t<table width=\"545\"><tbody><tr><td width=\"203\"><strong>OBJECT:<\/strong><\/td><td width=\"342\">ACQUISITION OF EQUIPMENT AND PERMANENT MATERIAL<\/td><\/tr><tr><td width=\"203\"><strong>GRANTING AUTHORITY:<\/strong><\/td><td width=\"342\">MINISTRY OF HEALTH<\/td><\/tr><tr><td width=\"203\"><strong>SITUATION\/STATUS:<\/strong><\/td><td width=\"342\">IN EXECUTION<\/td><\/tr><tr><td width=\"203\"><strong>PERIOD OF VALIDITY:<\/strong><\/td><td width=\"342\">31\/12\/2025 to 24\/06\/2027<\/td><\/tr><tr><td width=\"203\"><strong>AUTHOR OF THE AMENDMENT:<\/strong><\/td><td width=\"342\">\u00a0<\/td><\/tr><tr><td width=\"203\"><strong>AMENDMENT NO.\/YEAR:<\/strong><\/td><td width=\"342\">\u00a0<\/td><\/tr><tr><td width=\"203\"><strong>OBSERVATION:<\/strong><\/td><td width=\"342\">PROGRAM RESOURCE \u2013 \u201cSPECIALIZED HEALTH CARE\u201d, COMPONENT \u2013 \u201cCARE NETWORK FOR PEOPLE WITH DISABILITIES \u2013 ORTHOPEDIC WORKSHOP\u201d<\/td><\/tr><\/tbody><\/table>\t\t\t\t\t\t\t\t<\/div>\n\t\t\t\t<\/div>\n\t\t\t\t<div class=\"elementor-element elementor-element-55d3c11 elementor-widget__width-initial elementor-widget elementor-widget-text-editor\" data-id=\"55d3c11\" data-element_type=\"widget\" data-widget_type=\"text-editor.default\">\n\t\t\t\t<div class=\"elementor-widget-container\">\n\t\t\t\t\t\t\t\t\t<table style=\"width: 409pt;\" border=\"0\" width=\"545\" cellspacing=\"0\" cellpadding=\"0\"><colgroup> <col style=\"mso-width-source: userset; mso-width-alt: 7224; width: 152pt;\" width=\"203\" \/> <col style=\"mso-width-source: userset; mso-width-alt: 12174; width: 257pt;\" width=\"342\" \/> <\/colgroup><tbody><tr style=\"height: 17.4pt;\"><td style=\"height: 17.4pt; width: 152pt;\" width=\"203\" height=\"23\"><strong>GLOBAL VALUE:<\/strong><\/td><td style=\"width: 257pt;\" width=\"342\">\u00a0R$ 550.022,00<\/td><\/tr><tr style=\"height: 17.4pt;\"><td style=\"height: 17.4pt;\" height=\"23\"><strong>COUNTERPART VALUE:<\/strong><\/td><td>\u00a0R$ 22.00 \u2013\u00a0\u00a0<\/td><\/tr><tr style=\"height: 17.4pt;\"><td style=\"height: 17.4pt;\" height=\"23\"><strong>AMOUNT COMMITTED:<\/strong><\/td><td>\u00a0R$ 550,000.00<\/td><\/tr><tr style=\"height: 17.4pt;\"><td style=\"height: 17.4pt;\" height=\"23\"><strong>RELEASED AMOUNT:<\/strong><\/td><td>R$<\/td><\/tr><tr style=\"height: 17.4pt;\"><td style=\"height: 17.4pt;\" height=\"23\"><strong>TOTAL IN FINANCIAL TRANSACTIONS:<\/strong><\/td><td>\u00a0R$\u00a0<\/td><\/tr><tr style=\"height: 17.4pt;\"><td style=\"height: 17.4pt;\" height=\"23\"><strong>ACCOUNT BALANCE:<\/strong><\/td><td>\u00a0R$\u00a0<\/td><\/tr><tr style=\"height: 87.0pt;\"><td style=\"height: 87.0pt; width: 152pt;\" width=\"203\" height=\"116\"><strong>LINK TO CONSULT THE AGREEMENT DATA, CONTRACTUAL INSTRUMENT AND WORK PLAN:<\/strong><\/td><td style=\"width: 257pt;\" width=\"342\">https:\/\/discricionarias.transferegov.sistema.gov.br\/voluntarias\/ConsultarProposta\/ResultadoDaConsultaDeConvenioSelecionarConvenio.do?sequencialConvenio=989223&amp;Usr=guest&amp;Pwd=guest<\/td><\/tr><\/tbody><\/table>\t\t\t\t\t\t\t\t<\/div>\n\t\t\t\t<\/div>\n\t\t\t\t<\/div>\n\t\t\t\t\t<\/details>\n\t\t\t\t\t<\/div>\n\t\t\t\t\t\t<\/div>\n\t\t\t\t<\/div>\n\t\t\t\t<div class=\"elementor-element elementor-element-7c83f41 elementor-align-center elementor-widget elementor-widget-button\" data-id=\"7c83f41\" data-element_type=\"widget\" data-widget_type=\"button.default\">\n\t\t\t\t<div class=\"elementor-widget-container\">\n\t\t\t\t\t\t\t\t\t<div class=\"elementor-button-wrapper\">\n\t\t\t\t\t<a class=\"elementor-button elementor-button-link elementor-size-sm\" href=\"https:\/\/docs.google.com\/spreadsheets\/d\/1jz8swEpa-Zer-aRCclB5WCCYBl-mXjkY\/edit?usp=sharing&#038;ouid=103514793989895546907&#038;rtpof=true&#038;sd=true\" target=\"_blank\" rel=\"noopener noreferrer nofollow\">\n\t\t\t\t\t\t<span class=\"elementor-button-content-wrapper\">\n\t\t\t\t\t\t\t\t\t<span class=\"elementor-button-text\">Access the complete table<\/span>\n\t\t\t\t\t<\/span>\n\t\t\t\t\t<\/a>\n\t\t\t\t<\/div>\n\t\t\t\t\t\t\t\t<\/div>\n\t\t\t\t<\/div>\n\t\t\t\t<\/div>\n\t\t\t\t<\/div>","protected":false},"excerpt":{"rendered":"<p>1 &#8211; CONV\u00caNIO 904830\/2020 OBJETO: AQUISI\u00c7\u00c3O DE EQUIPAMENTO E MATERIAL PERMANENTE ORG\u00c3O CONCEDENTE: MINIST\u00c9RIO DA SA\u00daDE SITUA\u00c7\u00c3O\/STATUS: EM EXECU\u00c7\u00c3O PER\u00cdODO DE VIG\u00caNCIA: 04\/12\/2020 a 18\/11\/2025 AUTOR DA EMENDA: \u00a0 N\u00ba\/ANO DA EMENDA: \u00a0 OBSERVA\u00c7\u00c3O: RECURSO DE PROGRAMA &#8211; \u201cREDE DE CUIDADOS \u00c0 PESSOA COM DEFICI\u00caNCIA\u201d, COMPONENTE &#8211; \u201cCENTRO ESPECIALIZADO EM REABILITA\u00c7\u00c3O\/SERVI\u00c7O DE REABILITA\u00c7\u00c3O\u201d Valores: VALOR [&hellip;]<\/p>","protected":false},"author":10,"featured_media":0,"parent":0,"menu_order":0,"comment_status":"closed","ping_status":"closed","template":"","meta":{"_acf_changed":false,"footnotes":""},"class_list":["post-33190","page","type-page","status-publish","hentry"],"acf":[],"_links":{"self":[{"href":"https:\/\/institutosantosdumont.org.br\/en\/wp-json\/wp\/v2\/pages\/33190","targetHints":{"allow":["GET"]}}],"collection":[{"href":"https:\/\/institutosantosdumont.org.br\/en\/wp-json\/wp\/v2\/pages"}],"about":[{"href":"https:\/\/institutosantosdumont.org.br\/en\/wp-json\/wp\/v2\/types\/page"}],"author":[{"embeddable":true,"href":"https:\/\/institutosantosdumont.org.br\/en\/wp-json\/wp\/v2\/users\/10"}],"replies":[{"embeddable":true,"href":"https:\/\/institutosantosdumont.org.br\/en\/wp-json\/wp\/v2\/comments?post=33190"}],"version-history":[{"count":36,"href":"https:\/\/institutosantosdumont.org.br\/en\/wp-json\/wp\/v2\/pages\/33190\/revisions"}],"predecessor-version":[{"id":34614,"href":"https:\/\/institutosantosdumont.org.br\/en\/wp-json\/wp\/v2\/pages\/33190\/revisions\/34614"}],"wp:attachment":[{"href":"https:\/\/institutosantosdumont.org.br\/en\/wp-json\/wp\/v2\/media?parent=33190"}],"curies":[{"name":"wp","href":"https:\/\/api.w.org\/{rel}","templated":true}]}}