{"id":33468,"date":"2025-09-24T16:04:36","date_gmt":"2025-09-24T19:04:36","guid":{"rendered":"https:\/\/institutosantosdumont.org.br\/?page_id=33468"},"modified":"2025-09-25T11:01:09","modified_gmt":"2025-09-25T14:01:09","slug":"eventos","status":"publish","type":"page","link":"https:\/\/institutosantosdumont.org.br\/en\/eventos\/","title":{"rendered":"Events"},"content":{"rendered":"<div data-elementor-type=\"wp-page\" data-elementor-id=\"33468\" class=\"elementor elementor-33468\" data-elementor-post-type=\"page\">\n\t\t\t\t<div class=\"elementor-element elementor-element-aa7a284 e-flex e-con-boxed e-con e-parent\" data-id=\"aa7a284\" data-element_type=\"container\">\n\t\t\t\t\t<div class=\"e-con-inner\">\n\t\t\t\t<div class=\"elementor-element elementor-element-9e1a8f1 elementor-pagination-position-inside elementor-arrows-position-inside elementor-widget elementor-widget-image-carousel\" data-id=\"9e1a8f1\" data-element_type=\"widget\" data-settings=\"{&quot;navigation&quot;:&quot;both&quot;,&quot;autoplay&quot;:&quot;yes&quot;,&quot;pause_on_hover&quot;:&quot;yes&quot;,&quot;pause_on_interaction&quot;:&quot;yes&quot;,&quot;autoplay_speed&quot;:5000,&quot;infinite&quot;:&quot;yes&quot;,&quot;speed&quot;:500}\" data-widget_type=\"image-carousel.default\">\n\t\t\t\t<div class=\"elementor-widget-container\">\n\t\t\t\t\t\t\t<div class=\"elementor-image-carousel-wrapper swiper\" role=\"region\" aria-roledescription=\"carousel\" aria-label=\"Image carousel\" dir=\"ltr\">\n\t\t\t<div class=\"elementor-image-carousel swiper-wrapper\" aria-live=\"off\">\n\t\t\t\t\t\t\t\t<div class=\"swiper-slide\" role=\"group\" aria-roledescription=\"slide\" aria-label=\"1 de 7\" data-no-translation-aria-label=\"\"><figure class=\"swiper-slide-inner\"><img decoding=\"async\" class=\"swiper-slide-image\" src=\"https:\/\/institutosantosdumont.org.br\/wp-content\/uploads\/2025\/08\/Abertas-as-inscricoes-para-a-Feira-de-Ciencias-e-Mostras-Cientificas-do-ISD-escolas-de-todo-o-RN-podem-participar-Foto_Ascom_ISD-1-300x225.jpg\" alt=\"Abertas as inscri\u00e7\u00f5es para a Feira de Ci\u00eancias e Mostras Cient\u00edficas do ISD; escolas de todo o RN podem participar - Foto_Ascom_ISD (1)\" \/><\/figure><\/div><div class=\"swiper-slide\" role=\"group\" aria-roledescription=\"slide\" aria-label=\"2 de 7\" data-no-translation-aria-label=\"\"><figure class=\"swiper-slide-inner\"><img decoding=\"async\" class=\"swiper-slide-image\" src=\"https:\/\/institutosantosdumont.org.br\/wp-content\/uploads\/2025\/06\/IMG_6265-300x225.jpeg\" alt=\"IMG_6265\" \/><\/figure><\/div><div class=\"swiper-slide\" role=\"group\" aria-roledescription=\"slide\" aria-label=\"3 de 7\" data-no-translation-aria-label=\"\"><figure class=\"swiper-slide-inner\"><img decoding=\"async\" class=\"swiper-slide-image\" src=\"https:\/\/institutosantosdumont.org.br\/wp-content\/uploads\/2025\/06\/II-Jornada-da-Rede-de-Cuidados-do-RN-reune-autoridades-e-destaca-papel-do-PTS-na-transformacao-do-cuidado-a-pessoa-com-deficiencia-Foto_Ascom_ISD-300x169.jpeg\" alt=\"II Jornada da Rede de Cuidados do RN re\u00fane autoridades e destaca papel do PTS na transforma\u00e7\u00e3o do cuidado \u00e0 pessoa com defici\u00eancia - Foto_Ascom_ISD\" \/><\/figure><\/div><div class=\"swiper-slide\" role=\"group\" aria-roledescription=\"slide\" aria-label=\"4 de 7\" data-no-translation-aria-label=\"\"><figure class=\"swiper-slide-inner\"><img decoding=\"async\" class=\"swiper-slide-image\" src=\"https:\/\/institutosantosdumont.org.br\/wp-content\/uploads\/2025\/05\/O-evento-reune-estudantes-pesquisadores-profissionais-e-demais-interessados-nas-areas-de-neuromodulacao-e-neuroengenharia.-Foto-Ascom-ISD-300x225.jpeg\" alt=\"O evento re\u00fane estudantes, pesquisadores, profissionais e demais interessados nas \u00e1reas de neuromodula\u00e7\u00e3o e neuroengenharia. Foto - Ascom ISD\" \/><\/figure><\/div><div class=\"swiper-slide\" role=\"group\" aria-roledescription=\"slide\" aria-label=\"5 de 7\" data-no-translation-aria-label=\"\"><figure class=\"swiper-slide-inner\"><img decoding=\"async\" class=\"swiper-slide-image\" src=\"https:\/\/institutosantosdumont.org.br\/wp-content\/uploads\/2025\/03\/Brain-Week-6-300x225.jpeg\" alt=\"Brain Week (6)\" \/><\/figure><\/div><div class=\"swiper-slide\" role=\"group\" aria-roledescription=\"slide\" aria-label=\"6 de 7\" data-no-translation-aria-label=\"\"><figure class=\"swiper-slide-inner\"><img decoding=\"async\" class=\"swiper-slide-image\" src=\"https:\/\/institutosantosdumont.org.br\/wp-content\/uploads\/2025\/03\/IMG_2393-300x225.jpg\" alt=\"IMG_2393\" \/><\/figure><\/div><div class=\"swiper-slide\" role=\"group\" aria-roledescription=\"slide\" aria-label=\"7 de 7\" data-no-translation-aria-label=\"\"><figure class=\"swiper-slide-inner\"><img decoding=\"async\" class=\"swiper-slide-image\" src=\"https:\/\/institutosantosdumont.org.br\/wp-content\/uploads\/2025\/02\/IMG_4391-300x225.jpg\" alt=\"IMG_4391\" \/><\/figure><\/div>\t\t\t<\/div>\n\t\t\t\t\t\t\t\t\t\t\t\t<div class=\"elementor-swiper-button elementor-swiper-button-prev\" role=\"button\" tabindex=\"0\">\n\t\t\t\t\t\t<i aria-hidden=\"true\" class=\"eicon-chevron-left\"><\/i>\t\t\t\t\t<\/div>\n\t\t\t\t\t<div class=\"elementor-swiper-button elementor-swiper-button-next\" role=\"button\" tabindex=\"0\">\n\t\t\t\t\t\t<i aria-hidden=\"true\" class=\"eicon-chevron-right\"><\/i>\t\t\t\t\t<\/div>\n\t\t\t\t\n\t\t\t\t\t\t\t\t\t<div class=\"swiper-pagination\"><\/div>\n\t\t\t\t\t\t\t\t\t<\/div>\n\t\t\t\t\t\t<\/div>\n\t\t\t\t<\/div>\n\t\t\t\t\t<\/div>\n\t\t\t\t<\/div>\n\t\t<div class=\"elementor-element elementor-element-422f15a e-flex e-con-boxed e-con e-parent\" data-id=\"422f15a\" data-element_type=\"container\">\n\t\t\t\t\t<div class=\"e-con-inner\">\n\t\t\t\t<div class=\"elementor-element elementor-element-36a7965 elementor-widget elementor-widget-heading\" data-id=\"36a7965\" data-element_type=\"widget\" data-widget_type=\"heading.default\">\n\t\t\t\t<div class=\"elementor-widget-container\">\n\t\t\t\t\t<h2 class=\"elementor-heading-title elementor-size-default\"><div data-id=\"10ba852d\" data-element_type=\"widget\" data-widget_type=\"heading.default\" style=\"align-self: auto;flex: 0 1 auto;align-items: normal;flex-flow: row;gap: normal;--widgets-spacing: 20px 20px;--widgets-spacing-row: 20px;--widgets-spacing-column: 20px;width: 1120.8px;margin-bottom: 20px;margin-block-end: 20px;font-size: 16px\"><div><h3><b><span style=\"font-family: Raleway, sans-serif;font-size: 2rem\">Neuroengineering Symposium<\/span><span style=\"font-family: Raleway, sans-serif;font-size: 2rem\"><\/span><\/b><\/h3><\/div><\/div><\/h2>\t\t\t\t<\/div>\n\t\t\t\t<\/div>\n\t\t\t\t<div class=\"elementor-element elementor-element-aa9e1d9 elementor-widget elementor-widget-text-editor\" data-id=\"aa9e1d9\" data-element_type=\"widget\" data-widget_type=\"text-editor.default\">\n\t\t\t\t<div class=\"elementor-widget-container\">\n\t\t\t\t\t\t\t\t\t<p style=\"color: #216161; text-align: justify;\">O\u00a0<span style=\"font-weight: bolder;\">Neuroengineering Symposium<\/span>\u00a0aims to stimulate and expand scientific, technological and extension production in translational and interdisciplinary research; and to provide and encourage technical, scientific and academic cooperation in the NE region, mainly by providing an interdisciplinary laboratory structure open to postgraduate programs from Brazil and abroad. In addition to its scientific and technological character, this symposium has also been an important agent in stimulating the participation of high school students from public schools in the region.<\/p>\t\t\t\t\t\t\t\t<\/div>\n\t\t\t\t<\/div>\n\t\t\t\t<div class=\"elementor-element elementor-element-b2aa057 elementor-align-center elementor-widget elementor-widget-button\" data-id=\"b2aa057\" data-element_type=\"widget\" data-widget_type=\"button.default\">\n\t\t\t\t<div class=\"elementor-widget-container\">\n\t\t\t\t\t\t\t\t\t<div class=\"elementor-button-wrapper\">\n\t\t\t\t\t<a class=\"elementor-button elementor-button-link elementor-size-sm\" href=\"https:\/\/institutosantosdumont.org.br\/en\/simposio-de-neuroengenharia\/\">\n\t\t\t\t\t\t<span class=\"elementor-button-content-wrapper\">\n\t\t\t\t\t\t<span class=\"elementor-button-icon\">\n\t\t\t\t<i aria-hidden=\"true\" class=\"fas fa-chevron-circle-right\"><\/i>\t\t\t<\/span>\n\t\t\t\t\t\t\t\t\t<span class=\"elementor-button-text\">Access the latest edition<\/span>\n\t\t\t\t\t<\/span>\n\t\t\t\t\t<\/a>\n\t\t\t\t<\/div>\n\t\t\t\t\t\t\t\t<\/div>\n\t\t\t\t<\/div>\n\t\t<div class=\"elementor-element elementor-element-50acad6 e-con-full e-flex e-con e-child\" data-id=\"50acad6\" data-element_type=\"container\">\n\t\t\t\t<div class=\"elementor-element elementor-element-8250233 elementor-widget elementor-widget-heading\" data-id=\"8250233\" data-element_type=\"widget\" data-widget_type=\"heading.default\">\n\t\t\t\t<div class=\"elementor-widget-container\">\n\t\t\t\t\t<h2 class=\"elementor-heading-title elementor-size-default\"><div data-id=\"10ba852d\" data-element_type=\"widget\" data-widget_type=\"heading.default\" style=\"align-self: auto;flex: 0 1 auto;align-items: normal;flex-flow: row;gap: normal;--widgets-spacing: 20px 20px;--widgets-spacing-row: 20px;--widgets-spacing-column: 20px;width: 1120.8px;margin-bottom: 20px;margin-block-end: 20px\"><div><h3><b><span style=\"font-size: 32px\">Care Network Journey <\/span><\/b><b style=\"color: inherit;font-family: inherit;font-size: 1.75rem\"><span style=\"font-size: 32px\">the <\/span><span style=\"color: inherit;font-family: inherit;font-size: 32px\">Person with Disabilities<\/span><\/b><\/h3><\/div><\/div><\/h2>\t\t\t\t<\/div>\n\t\t\t\t<\/div>\n\t\t\t\t<div class=\"elementor-element elementor-element-52fbe30 elementor-widget elementor-widget-text-editor\" data-id=\"52fbe30\" data-element_type=\"widget\" data-widget_type=\"text-editor.default\">\n\t\t\t\t<div class=\"elementor-widget-container\">\n\t\t\t\t\t\t\t\t\t<p style=\"text-align: justify;\"><span style=\"color: #216161;\">A <strong>Rio Grande do Norte Care Network for People with Disabilities Conference<\/strong> is an annual extension event organized by ISD, whose main objective is to promote assistance actions centered on the patient and family with a research, teaching and extension character, as well as to strengthen the integration between users and workers who work in the rehabilitation of patients.\u00a0<\/span><\/p>\t\t\t\t\t\t\t\t<\/div>\n\t\t\t\t<\/div>\n\t\t\t\t<div class=\"elementor-element elementor-element-a15ce6e elementor-align-center elementor-widget elementor-widget-button\" data-id=\"a15ce6e\" data-element_type=\"widget\" data-widget_type=\"button.default\">\n\t\t\t\t<div class=\"elementor-widget-container\">\n\t\t\t\t\t\t\t\t\t<div class=\"elementor-button-wrapper\">\n\t\t\t\t\t<a class=\"elementor-button elementor-button-link elementor-size-sm\" href=\"https:\/\/institutosantosdumont.org.br\/en\/jornada-da-rede-de-cuidados-pcd\/\">\n\t\t\t\t\t\t<span class=\"elementor-button-content-wrapper\">\n\t\t\t\t\t\t<span class=\"elementor-button-icon\">\n\t\t\t\t<i aria-hidden=\"true\" class=\"fas fa-chevron-circle-right\"><\/i>\t\t\t<\/span>\n\t\t\t\t\t\t\t\t\t<span class=\"elementor-button-text\">Access the latest edition<\/span>\n\t\t\t\t\t<\/span>\n\t\t\t\t\t<\/a>\n\t\t\t\t<\/div>\n\t\t\t\t\t\t\t\t<\/div>\n\t\t\t\t<\/div>\n\t\t\t\t<\/div>\n\t\t<div class=\"elementor-element elementor-element-c703d4c e-con-full e-flex e-con e-child\" data-id=\"c703d4c\" data-element_type=\"container\">\n\t\t\t\t<div class=\"elementor-element elementor-element-ebc5dbb elementor-widget elementor-widget-heading\" data-id=\"ebc5dbb\" data-element_type=\"widget\" data-widget_type=\"heading.default\">\n\t\t\t\t<div class=\"elementor-widget-container\">\n\t\t\t\t\t<h2 class=\"elementor-heading-title elementor-size-default\">Multidisciplinary Intervention Day in the Neurogenic Bladder<\/h2>\t\t\t\t<\/div>\n\t\t\t\t<\/div>\n\t\t\t\t<div class=\"elementor-element elementor-element-80b8a35 elementor-widget elementor-widget-text-editor\" data-id=\"80b8a35\" data-element_type=\"widget\" data-widget_type=\"text-editor.default\">\n\t\t\t\t<div class=\"elementor-widget-container\">\n\t\t\t\t\t\t\t\t\t<p style=\"text-align: justify;\">The first edition of <b>Multidisciplinary Intervention Day in the Neurogenic Bladder <\/b>The event took place in 2017 and was held in partnership with the Federal University of Rio Grande do Norte (UFRN). The event focused on multidisciplinary care for children with Neurogenic Bladder (NB) in general, discussing current efforts to care for these patients and how care strategies can be advanced. It also focused on the International Classification of Functioning, Disability and Health (ICF) framework for NB, bladder and bowel dysfunction in patients with Spinal Cord Injury, and provided psychological support to families of children with NB.<\/p>\t\t\t\t\t\t\t\t<\/div>\n\t\t\t\t<\/div>\n\t\t\t\t<div class=\"elementor-element elementor-element-0e5982c elementor-align-center elementor-widget elementor-widget-button\" data-id=\"0e5982c\" data-element_type=\"widget\" data-widget_type=\"button.default\">\n\t\t\t\t<div class=\"elementor-widget-container\">\n\t\t\t\t\t\t\t\t\t<div class=\"elementor-button-wrapper\">\n\t\t\t\t\t<a class=\"elementor-button elementor-button-link elementor-size-sm\" href=\"https:\/\/www.sympla.com.br\/evento\/iv-jornada-de-urologia-do-rn-e-vii-jornada-de-intervencao-multiprofissional-na-bexiga-neurogenica\/2897911\" target=\"_blank\" rel=\"noopener noreferrer nofollow\">\n\t\t\t\t\t\t<span class=\"elementor-button-content-wrapper\">\n\t\t\t\t\t\t<span class=\"elementor-button-icon\">\n\t\t\t\t<i aria-hidden=\"true\" class=\"fas fa-chevron-circle-right\"><\/i>\t\t\t<\/span>\n\t\t\t\t\t\t\t\t\t<span class=\"elementor-button-text\">Access the latest edition<\/span>\n\t\t\t\t\t<\/span>\n\t\t\t\t\t<\/a>\n\t\t\t\t<\/div>\n\t\t\t\t\t\t\t\t<\/div>\n\t\t\t\t<\/div>\n\t\t\t\t<\/div>\n\t\t<div class=\"elementor-element elementor-element-0d1d247 e-con-full e-flex e-con e-child\" data-id=\"0d1d247\" data-element_type=\"container\">\n\t\t\t\t<div class=\"elementor-element elementor-element-3efc6ed elementor-widget elementor-widget-heading\" data-id=\"3efc6ed\" data-element_type=\"widget\" data-widget_type=\"heading.default\">\n\t\t\t\t<div class=\"elementor-widget-container\">\n\t\t\t\t\t<h2 class=\"elementor-heading-title elementor-size-default\">ISD Science Fair and Scientific Exhibitions<\/h2>\t\t\t\t<\/div>\n\t\t\t\t<\/div>\n\t\t\t\t<div class=\"elementor-element elementor-element-61916ea elementor-widget elementor-widget-text-editor\" data-id=\"61916ea\" data-element_type=\"widget\" data-widget_type=\"text-editor.default\">\n\t\t\t\t<div class=\"elementor-widget-container\">\n\t\t\t\t\t\t\t\t\t<p>A <b>Science Fair and Scientific Exhibitions<\/b> It is held with the support of the National Council for Scientific and Technological Development (CNPq) and the Ministry of Science, Technology, and Innovation and is part of National Science and Technology Week. The event is held annually at the Edmond and Lily Safra International Institute of Neuroscience (IIN-ELS), a unit of the Santos Dumont Institute in Maca\u00edba.<\/p><p>\u00a0<\/p>\t\t\t\t\t\t\t\t<\/div>\n\t\t\t\t<\/div>\n\t\t\t\t<div class=\"elementor-element elementor-element-113ace9 elementor-align-center elementor-widget elementor-widget-button\" data-id=\"113ace9\" data-element_type=\"widget\" data-widget_type=\"button.default\">\n\t\t\t\t<div class=\"elementor-widget-container\">\n\t\t\t\t\t\t\t\t\t<div class=\"elementor-button-wrapper\">\n\t\t\t\t\t<a class=\"elementor-button elementor-button-link elementor-size-sm\" href=\"https:\/\/institutosantosdumont.org.br\/en\/feira-de-ciencias-mostras-cientificas-do-isd\/\">\n\t\t\t\t\t\t<span class=\"elementor-button-content-wrapper\">\n\t\t\t\t\t\t<span class=\"elementor-button-icon\">\n\t\t\t\t<i aria-hidden=\"true\" class=\"fas fa-chevron-circle-right\"><\/i>\t\t\t<\/span>\n\t\t\t\t\t\t\t\t\t<span class=\"elementor-button-text\">Access the latest edition<\/span>\n\t\t\t\t\t<\/span>\n\t\t\t\t\t<\/a>\n\t\t\t\t<\/div>\n\t\t\t\t\t\t\t\t<\/div>\n\t\t\t\t<\/div>\n\t\t<div class=\"elementor-element elementor-element-3b649d5 e-con-full e-flex e-con e-child\" data-id=\"3b649d5\" data-element_type=\"container\">\n\t\t\t\t<div class=\"elementor-element elementor-element-8e4a434 elementor-widget elementor-widget-heading\" data-id=\"8e4a434\" data-element_type=\"widget\" data-widget_type=\"heading.default\">\n\t\t\t\t<div class=\"elementor-widget-container\">\n\t\t\t\t\t<h2 class=\"elementor-heading-title elementor-size-default\">Brain Week<\/h2>\t\t\t\t<\/div>\n\t\t\t\t<\/div>\n\t\t\t\t<div class=\"elementor-element elementor-element-fe57b09 elementor-widget elementor-widget-text-editor\" data-id=\"fe57b09\" data-element_type=\"widget\" data-widget_type=\"text-editor.default\">\n\t\t\t\t<div class=\"elementor-widget-container\">\n\t\t\t\t\t\t\t\t\t<p>A <b>ISD Brain Week <\/b>offers elementary and middle school students the opportunity to unravel the mysteries of the brain and learn about the world of neuroscience. Supported by the Brain Research Organization (IBRO) and the Dana Foundation, the event&#039;s main objective is to expand and introduce scientific knowledge to the general public, with activities covering a variety of topics. At ISD, programming includes brain-computer interfaces, computer control, and much more!<\/p>\t\t\t\t\t\t\t\t<\/div>\n\t\t\t\t<\/div>\n\t\t\t\t<div class=\"elementor-element elementor-element-46ca7a6 elementor-align-center elementor-widget elementor-widget-button\" data-id=\"46ca7a6\" data-element_type=\"widget\" data-widget_type=\"button.default\">\n\t\t\t\t<div class=\"elementor-widget-container\">\n\t\t\t\t\t\t\t\t\t<div class=\"elementor-button-wrapper\">\n\t\t\t\t\t<a class=\"elementor-button elementor-button-link elementor-size-sm\" href=\"https:\/\/institutosantosdumont.org.br\/en\/semana-do-cerebro-brain-week-2024\/\">\n\t\t\t\t\t\t<span class=\"elementor-button-content-wrapper\">\n\t\t\t\t\t\t<span class=\"elementor-button-icon\">\n\t\t\t\t<i aria-hidden=\"true\" class=\"fas fa-chevron-circle-right\"><\/i>\t\t\t<\/span>\n\t\t\t\t\t\t\t\t\t<span class=\"elementor-button-text\">Access the latest edition<\/span>\n\t\t\t\t\t<\/span>\n\t\t\t\t\t<\/a>\n\t\t\t\t<\/div>\n\t\t\t\t\t\t\t\t<\/div>\n\t\t\t\t<\/div>\n\t\t\t\t<\/div>\n\t\t<div class=\"elementor-element elementor-element-84312fd e-con-full e-flex e-con e-child\" data-id=\"84312fd\" data-element_type=\"container\">\n\t\t\t\t<div class=\"elementor-element elementor-element-6a4a8b8 elementor-widget elementor-widget-heading\" data-id=\"6a4a8b8\" data-element_type=\"widget\" data-widget_type=\"heading.default\">\n\t\t\t\t<div class=\"elementor-widget-container\">\n\t\t\t\t\t<h2 class=\"elementor-heading-title elementor-size-default\">Neural Mechanisms of Cognitive Function\n<\/h2>\t\t\t\t<\/div>\n\t\t\t\t<\/div>\n\t\t\t\t<div class=\"elementor-element elementor-element-d1fba07 elementor-widget elementor-widget-text-editor\" data-id=\"d1fba07\" data-element_type=\"widget\" data-widget_type=\"text-editor.default\">\n\t\t\t\t<div class=\"elementor-widget-container\">\n\t\t\t\t\t\t\t\t\t<p data-start=\"54\" data-end=\"959\">This event aims to promote an integrative discussion on the physiological neural mechanisms and internal states that give rise to cognitive functions. In its first edition, the event featured lectures by renowned researchers from different fields and countries, ensuring representation of gender, cultural, and academic diversity. Topics discussed included the circuitry and cellular basis of cognitive functions, computational models, and brain oscillations.<\/p>\t\t\t\t\t\t\t\t<\/div>\n\t\t\t\t<\/div>\n\t\t\t\t<div class=\"elementor-element elementor-element-0ff94d6 elementor-align-center elementor-widget elementor-widget-button\" data-id=\"0ff94d6\" data-element_type=\"widget\" data-widget_type=\"button.default\">\n\t\t\t\t<div class=\"elementor-widget-container\">\n\t\t\t\t\t\t\t\t\t<div class=\"elementor-button-wrapper\">\n\t\t\t\t\t<a class=\"elementor-button elementor-button-link elementor-size-sm\" href=\"https:\/\/institutosantosdumont.org.br\/en\/semana-do-cerebro-brain-week-2024\/\">\n\t\t\t\t\t\t<span class=\"elementor-button-content-wrapper\">\n\t\t\t\t\t\t<span class=\"elementor-button-icon\">\n\t\t\t\t<i aria-hidden=\"true\" class=\"fas fa-chevron-circle-right\"><\/i>\t\t\t<\/span>\n\t\t\t\t\t\t\t\t\t<span class=\"elementor-button-text\">Access the latest edition<\/span>\n\t\t\t\t\t<\/span>\n\t\t\t\t\t<\/a>\n\t\t\t\t<\/div>\n\t\t\t\t\t\t\t\t<\/div>\n\t\t\t\t<\/div>\n\t\t\t\t<\/div>\n\t\t<div class=\"elementor-element elementor-element-55821a3 e-con-full e-flex e-con e-child\" data-id=\"55821a3\" data-element_type=\"container\">\n\t\t\t\t<div class=\"elementor-element elementor-element-becc2c2 elementor-widget elementor-widget-heading\" data-id=\"becc2c2\" data-element_type=\"widget\" data-widget_type=\"heading.default\">\n\t\t\t\t<div class=\"elementor-widget-container\">\n\t\t\t\t\t<h2 class=\"elementor-heading-title elementor-size-default\">Meeting of the Ethics Committees for Research with Human Beings\n<\/h2>\t\t\t\t<\/div>\n\t\t\t\t<\/div>\n\t\t\t\t<div class=\"elementor-element elementor-element-52a6c37 elementor-widget elementor-widget-text-editor\" data-id=\"52a6c37\" data-element_type=\"widget\" data-widget_type=\"text-editor.default\">\n\t\t\t\t<div class=\"elementor-widget-container\">\n\t\t\t\t\t\t\t\t\t<p data-start=\"54\" data-end=\"959\">The target audience is researchers, members of research committees (RECs), research participants, and those interested in human research. Professionals from all over Brazil participate in the program, building a collective and knowledge-rich dialogue.<\/p>\t\t\t\t\t\t\t\t<\/div>\n\t\t\t\t<\/div>\n\t\t\t\t<div class=\"elementor-element elementor-element-d8708a6 elementor-align-center elementor-widget elementor-widget-button\" data-id=\"d8708a6\" data-element_type=\"widget\" data-widget_type=\"button.default\">\n\t\t\t\t<div class=\"elementor-widget-container\">\n\t\t\t\t\t\t\t\t\t<div class=\"elementor-button-wrapper\">\n\t\t\t\t\t<a class=\"elementor-button elementor-button-link elementor-size-sm\" href=\"https:\/\/institutosantosdumont.org.br\/en\/encontro-dos-comites-de-etica-em-pesquisa-com-seres-humanos\/\">\n\t\t\t\t\t\t<span class=\"elementor-button-content-wrapper\">\n\t\t\t\t\t\t<span class=\"elementor-button-icon\">\n\t\t\t\t<i aria-hidden=\"true\" class=\"fas fa-chevron-circle-right\"><\/i>\t\t\t<\/span>\n\t\t\t\t\t\t\t\t\t<span class=\"elementor-button-text\">Access the latest edition<\/span>\n\t\t\t\t\t<\/span>\n\t\t\t\t\t<\/a>\n\t\t\t\t<\/div>\n\t\t\t\t\t\t\t\t<\/div>\n\t\t\t\t<\/div>\n\t\t\t\t<\/div>\n\t\t\t\t<\/div>\n\t\t\t\t\t<\/div>\n\t\t\t\t<\/div>\n\t\t\t\t<\/div>","protected":false},"excerpt":{"rendered":"<p>Simp\u00f3sio de Neuroengenharia O\u00a0Simp\u00f3sio de Neuroengenharia\u00a0tem a finalidade de estimular e ampliar a produ\u00e7\u00e3o cient\u00edfica, tecnol\u00f3gica e de extens\u00e3o em pesquisas translacionais e interdisciplinares; e de proporcionar e incentivar na regi\u00e3o NE a coopera\u00e7\u00e3o t\u00e9cnica, cient\u00edfica e acad\u00eamica, principalmente disponibilizando uma estrutura de laborat\u00f3rio interdisciplinar aberto aos programas de p\u00f3s-gradua\u00e7\u00e3o do Brasil e do exterior. [&hellip;]<\/p>","protected":false},"author":10,"featured_media":0,"parent":0,"menu_order":0,"comment_status":"closed","ping_status":"closed","template":"","meta":{"_acf_changed":false,"footnotes":""},"class_list":["post-33468","page","type-page","status-publish","hentry"],"acf":[],"_links":{"self":[{"href":"https:\/\/institutosantosdumont.org.br\/en\/wp-json\/wp\/v2\/pages\/33468","targetHints":{"allow":["GET"]}}],"collection":[{"href":"https:\/\/institutosantosdumont.org.br\/en\/wp-json\/wp\/v2\/pages"}],"about":[{"href":"https:\/\/institutosantosdumont.org.br\/en\/wp-json\/wp\/v2\/types\/page"}],"author":[{"embeddable":true,"href":"https:\/\/institutosantosdumont.org.br\/en\/wp-json\/wp\/v2\/users\/10"}],"replies":[{"embeddable":true,"href":"https:\/\/institutosantosdumont.org.br\/en\/wp-json\/wp\/v2\/comments?post=33468"}],"version-history":[{"count":25,"href":"https:\/\/institutosantosdumont.org.br\/en\/wp-json\/wp\/v2\/pages\/33468\/revisions"}],"predecessor-version":[{"id":33509,"href":"https:\/\/institutosantosdumont.org.br\/en\/wp-json\/wp\/v2\/pages\/33468\/revisions\/33509"}],"wp:attachment":[{"href":"https:\/\/institutosantosdumont.org.br\/en\/wp-json\/wp\/v2\/media?parent=33468"}],"curies":[{"name":"wp","href":"https:\/\/api.w.org\/{rel}","templated":true}]}}