{"id":11011,"date":"2017-08-05T09:04:33","date_gmt":"2017-08-05T12:04:33","guid":{"rendered":"http:\/\/www.institutosantosdumont.org.br\/?page_id=11011"},"modified":"2019-02-21T10:47:04","modified_gmt":"2019-02-21T13:47:04","slug":"campus-cerebro","status":"publish","type":"page","link":"https:\/\/institutosantosdumont.org.br\/es\/unidades\/campus-cerebro\/","title":{"rendered":"Campus del cerebro"},"content":{"rendered":"<div data-elementor-type=\"wp-post\" data-elementor-id=\"11011\" class=\"elementor elementor-11011 elementor-bc-flex-widget\" data-elementor-post-type=\"page\">\n\t\t\t\t\t\t<section class=\"elementor-section elementor-top-section elementor-element elementor-element-7xinuz3 elementor-section-boxed elementor-section-height-default elementor-section-height-default\" data-id=\"7xinuz3\" data-element_type=\"section\">\n\t\t\t\t\t\t<div class=\"elementor-container elementor-column-gap-default\">\n\t\t\t\t\t<div class=\"elementor-column elementor-col-100 elementor-top-column elementor-element elementor-element-rgoz27i\" data-id=\"rgoz27i\" data-element_type=\"column\">\n\t\t\t<div class=\"elementor-widget-wrap elementor-element-populated\">\n\t\t\t\t\t\t<div class=\"elementor-element elementor-element-yfvurf5 elementor-widget elementor-widget-spacer\" data-id=\"yfvurf5\" data-element_type=\"widget\" data-widget_type=\"spacer.default\">\n\t\t\t\t<div class=\"elementor-widget-container\">\n\t\t\t\t\t\t\t<div class=\"elementor-spacer\">\n\t\t\t<div class=\"elementor-spacer-inner\"><\/div>\n\t\t<\/div>\n\t\t\t\t\t\t<\/div>\n\t\t\t\t<\/div>\n\t\t\t\t<div class=\"elementor-element elementor-element-e3iovoe elementor-widget elementor-widget-text-editor\" data-id=\"e3iovoe\" data-element_type=\"widget\" data-widget_type=\"text-editor.default\">\n\t\t\t\t<div class=\"elementor-widget-container\">\n\t\t\t\t\t\t\t\t\t<p><span style=\"font-weight: 400;\">El Brain Campus (CC) es un \u00e1rea gestionada por el Instituto Santos Dumont (ISD) que cuenta con edificios dedicados a la educaci\u00f3n y la investigaci\u00f3n en neurociencias y neuroingenier\u00eda. Ud.<\/span><span style=\"font-weight: 400;\">Uno de los edificios alberga el <strong><a href=\"https:\/\/institutosantosdumont.org.br\/es\/instituto-neurociencias\/\" target=\"_blank\" rel=\"noopener noreferrer\">Instituto Internacional de Neurociencias Edmond y Lily Safra (IIN-ELS)<\/a><\/strong>, d\u00f3nde<strong>\u00a0<\/strong>se implementan<\/span><b>\u00a0laboratorios de <strong>electrofisiolog\u00eda, neurorrehabilitaci\u00f3n, neurobiolog\u00eda, neuroingenier\u00eda, neuropr\u00f3tesis, neurociencia computacional, interfaz hombre-m\u00e1quina, microscop\u00eda convencional, microscop\u00eda confocal<\/strong>, neurocirug\u00eda, entre otros espacios.<\/b><span style=\"font-weight: 400;\">\u00a0El edificio tambi\u00e9n cuenta con un auditorio y espacios para reuniones y exposiciones cient\u00edficas.\u00a0<\/span>Desde <a href=\"https:\/\/institutosantosdumont.org.br\/es\/2018\/04\/05\/isd-inicia-operacao-campus-cerebro\/\" target=\"_blank\" rel=\"noopener noreferrer\"><strong>marzo 2018<\/strong><\/a> La sede administrativa de ISD est\u00e1 ubicada en CC.\u00a0<\/p><p><span style=\"font-weight: 400;\">La implementaci\u00f3n del Brain Campus se oficializ\u00f3 mediante Decreto Presidencial de\u00a0<\/span><b>12 de diciembre de 2007<\/b><span style=\"font-weight: 400;\">. Los recursos financieros son proporcionados por el\u00a0<\/span><b>Ministerio de Educaci\u00f3n (MEC)<\/b><span style=\"font-weight: 400;\"> y la ejecuci\u00f3n de la obra estuvo a cargo de <\/span><b>Universidad Federal de Rio Grande do Norte (UFRN)<\/b><span style=\"font-weight: 400;\">, propietario de los terrenos y edificios pertenecientes al Campus.<\/span><\/p><p><span style=\"font-weight: 400;\">La gesti\u00f3n y responsabilidad del Brain Campus recae en el ISD, a trav\u00e9s de un <\/span><b>Contrato de Cesi\u00f3n de Uso de Bien P\u00fablico <\/b><span style=\"font-weight: 400;\">firmado con la UFRN, en mayo de 2016, que permite al Instituto desarrollar actividades de educaci\u00f3n, posgrado e investigaci\u00f3n in situ.\u00a0<\/span><\/p><figure id=\"attachment_15162\" aria-describedby=\"caption-attachment-15162\" style=\"width: 1000px\" class=\"wp-caption alignnone\"><img fetchpriority=\"high\" decoding=\"async\" class=\"wp-image-15162 size-full\" src=\"https:\/\/institutosantosdumont.org.br\/wp-content\/uploads\/2018\/12\/simposio-materia-site.jpg\" alt=\"\" width=\"1000\" height=\"563\" srcset=\"https:\/\/institutosantosdumont.org.br\/wp-content\/uploads\/2018\/12\/simposio-materia-site.jpg 1000w, https:\/\/institutosantosdumont.org.br\/wp-content\/uploads\/2018\/12\/simposio-materia-site-300x169.jpg 300w, https:\/\/institutosantosdumont.org.br\/wp-content\/uploads\/2018\/12\/simposio-materia-site-768x432.jpg 768w\" sizes=\"(max-width: 1000px) 100vw, 1000px\" \/><figcaption id=\"caption-attachment-15162\" class=\"wp-caption-text\">Simposio de Neuroingenier\u00eda 2018<\/figcaption><\/figure>\t\t\t\t\t\t\t\t<\/div>\n\t\t\t\t<\/div>\n\t\t\t\t<div class=\"elementor-element elementor-element-j9jltza elementor-widget elementor-widget-spacer\" data-id=\"j9jltza\" data-element_type=\"widget\" data-widget_type=\"spacer.default\">\n\t\t\t\t<div class=\"elementor-widget-container\">\n\t\t\t\t\t\t\t<div class=\"elementor-spacer\">\n\t\t\t<div class=\"elementor-spacer-inner\"><\/div>\n\t\t<\/div>\n\t\t\t\t\t\t<\/div>\n\t\t\t\t<\/div>\n\t\t\t\t<div class=\"elementor-element elementor-element-xxvv52b elementor-button-success elementor-align-center elementor-widget elementor-widget-button\" data-id=\"xxvv52b\" data-element_type=\"widget\" data-widget_type=\"button.default\">\n\t\t\t\t<div class=\"elementor-widget-container\">\n\t\t\t\t\t\t\t\t\t<div class=\"elementor-button-wrapper\">\n\t\t\t\t\t<a class=\"elementor-button elementor-button-link elementor-size-xl\" href=\"https:\/\/institutosantosdumont.org.br\/wp-content\/uploads\/2019\/02\/1.-CONTRATO-DE-CESS\u00c3O-DE-USO-DE-BEM-P\u00daBLICO-UFRN-ISD.pdf\" target=\"_blank\">\n\t\t\t\t\t\t<span class=\"elementor-button-content-wrapper\">\n\t\t\t\t\t\t\t\t\t<span class=\"elementor-button-text\">Acceso a la informaci\u00f3n: Ver Contrato de Cesi\u00f3n de Uso de Bien P\u00fablico<\/span>\n\t\t\t\t\t<\/span>\n\t\t\t\t\t<\/a>\n\t\t\t\t<\/div>\n\t\t\t\t\t\t\t\t<\/div>\n\t\t\t\t<\/div>\n\t\t\t\t<div class=\"elementor-element elementor-element-bdl842n elementor-widget elementor-widget-spacer\" data-id=\"bdl842n\" data-element_type=\"widget\" data-widget_type=\"spacer.default\">\n\t\t\t\t<div class=\"elementor-widget-container\">\n\t\t\t\t\t\t\t<div class=\"elementor-spacer\">\n\t\t\t<div class=\"elementor-spacer-inner\"><\/div>\n\t\t<\/div>\n\t\t\t\t\t\t<\/div>\n\t\t\t\t<\/div>\n\t\t\t\t\t<\/div>\n\t\t<\/div>\n\t\t\t\t\t<\/div>\n\t\t<\/section>\n\t\t\t\t<\/div>","protected":false},"excerpt":{"rendered":"<p>O Campus do C\u00e9rebro (CC)\u00a0\u00e9 uma \u00e1rea\u00a0gerida pelo Instituto Santos Dumont (ISD) que possui\u00a0constru\u00e7\u00f5es destinadas aos \u00e2mbitos da educa\u00e7\u00e3o e pesquisa em neuroci\u00eancias e neuroengenharia. Um\u00a0dos edif\u00edcios abriga o Instituto Internacional de Neuroci\u00eancias Edmond e Lily Safra (IIN-ELS), onde\u00a0est\u00e3o implementados\u00a0laborat\u00f3rios de eletrofisiologia, neuroreabilita\u00e7\u00e3o, neurobiologia, neuroengenharia, neuroprost\u00e9tica, neuroci\u00eancia computacional, interface homem-m\u00e1quina, microscopia convencional, microscopia confocal, neurocirurgia, [&hellip;]<\/p>","protected":false},"author":6,"featured_media":0,"parent":11023,"menu_order":0,"comment_status":"closed","ping_status":"closed","template":"template-page.php","meta":{"_acf_changed":false,"footnotes":""},"class_list":["post-11011","page","type-page","status-publish","hentry"],"acf":[],"_links":{"self":[{"href":"https:\/\/institutosantosdumont.org.br\/es\/wp-json\/wp\/v2\/pages\/11011","targetHints":{"allow":["GET"]}}],"collection":[{"href":"https:\/\/institutosantosdumont.org.br\/es\/wp-json\/wp\/v2\/pages"}],"about":[{"href":"https:\/\/institutosantosdumont.org.br\/es\/wp-json\/wp\/v2\/types\/page"}],"author":[{"embeddable":true,"href":"https:\/\/institutosantosdumont.org.br\/es\/wp-json\/wp\/v2\/users\/6"}],"replies":[{"embeddable":true,"href":"https:\/\/institutosantosdumont.org.br\/es\/wp-json\/wp\/v2\/comments?post=11011"}],"version-history":[{"count":0,"href":"https:\/\/institutosantosdumont.org.br\/es\/wp-json\/wp\/v2\/pages\/11011\/revisions"}],"up":[{"embeddable":true,"href":"https:\/\/institutosantosdumont.org.br\/es\/wp-json\/wp\/v2\/pages\/11023"}],"wp:attachment":[{"href":"https:\/\/institutosantosdumont.org.br\/es\/wp-json\/wp\/v2\/media?parent=11011"}],"curies":[{"name":"wp","href":"https:\/\/api.w.org\/{rel}","templated":true}]}}