{"id":11029,"date":"2017-08-05T09:53:07","date_gmt":"2017-08-05T12:53:07","guid":{"rendered":"http:\/\/www.institutosantosdumont.org.br\/?page_id=11029"},"modified":"2025-08-05T10:10:22","modified_gmt":"2025-08-05T13:10:22","slug":"saude-anita-garibaldi","status":"publish","type":"page","link":"https:\/\/institutosantosdumont.org.br\/es\/unidades\/saude-anita-garibaldi\/","title":{"rendered":"Centro de Educaci\u00f3n e Investigaci\u00f3n en Salud Anita Garibaldi (Anita)"},"content":{"rendered":"<div data-elementor-type=\"wp-post\" data-elementor-id=\"11029\" class=\"elementor elementor-11029\" data-elementor-post-type=\"page\">\n\t\t\t\t\t\t<section class=\"elementor-section elementor-top-section elementor-element elementor-element-dn6vid3 elementor-section-boxed elementor-section-height-default elementor-section-height-default\" data-id=\"dn6vid3\" data-element_type=\"section\">\n\t\t\t\t\t\t<div class=\"elementor-container elementor-column-gap-default\">\n\t\t\t\t\t<div class=\"elementor-column elementor-col-100 elementor-top-column elementor-element elementor-element-17sebj3\" data-id=\"17sebj3\" data-element_type=\"column\">\n\t\t\t<div class=\"elementor-widget-wrap elementor-element-populated\">\n\t\t\t\t\t\t<div class=\"elementor-element elementor-element-myatpac elementor-widget elementor-widget-spacer\" data-id=\"myatpac\" data-element_type=\"widget\" data-widget_type=\"spacer.default\">\n\t\t\t\t<div class=\"elementor-widget-container\">\n\t\t\t\t\t\t\t<div class=\"elementor-spacer\">\n\t\t\t<div class=\"elementor-spacer-inner\"><\/div>\n\t\t<\/div>\n\t\t\t\t\t\t<\/div>\n\t\t\t\t<\/div>\n\t\t\t\t<div class=\"elementor-element elementor-element-pkqh925 elementor-widget elementor-widget-spacer\" data-id=\"pkqh925\" data-element_type=\"widget\" data-widget_type=\"spacer.default\">\n\t\t\t\t<div class=\"elementor-widget-container\">\n\t\t\t\t\t\t\t<div class=\"elementor-spacer\">\n\t\t\t<div class=\"elementor-spacer-inner\"><\/div>\n\t\t<\/div>\n\t\t\t\t\t\t<\/div>\n\t\t\t\t<\/div>\n\t\t\t\t<div class=\"elementor-element elementor-element-xsevhnd elementor-widget elementor-widget-text-editor\" data-id=\"xsevhnd\" data-element_type=\"widget\" data-widget_type=\"text-editor.default\">\n\t\t\t\t<div class=\"elementor-widget-container\">\n\t\t\t\t\t\t\t\t\t<p>Educaci\u00f3n para la Salud es la esencia de esta unidad del Instituto Santos Dumont (ISD) dedicada a <strong>capacitaci\u00f3n<\/strong>, hacia <strong>desarrollo<\/strong> y a <strong>educaci\u00f3n permanente<\/strong> de los profesionales de la salud. ISD cree que invertir en educaci\u00f3n e investigaci\u00f3n en salud est\u00e1 contribuyendo a una transformaci\u00f3n m\u00e1s justa y humana de la realidad social brasile\u00f1a.<\/p><p>EL <strong>Centro de Educaci\u00f3n e Investigaci\u00f3n en Salud Anita Garibaldi (Anita)<\/strong>, fundada en 2008, es una gran escuela para estudiantes de pregrado, residencias m\u00e9dicas y multidisciplinarias, profesionales e investigadores en ciencias de la salud y \u00e1reas afines.<\/p><p>EL <strong>educaci\u00f3n y trabajo interprofesional<\/strong> en salud desarrollados en Anita buscan reorientar la formaci\u00f3n y el modelo de atenci\u00f3n en salud desde la perspectiva de la integralidad y humanizaci\u00f3n de la atenci\u00f3n, valorando a los usuarios y sus necesidades como elementos fundamentales para el fortalecimiento del Sistema \u00danico de Salud (SUS).<\/p><p>Ubicada en Maca\u00edba, en Rio Grande do Norte, Anita forma parte del SUS como servicio ambulatorio de referencia para la atenci\u00f3n multidisciplinaria de <strong>salud maternoinfantil<\/strong> y para <strong>rehabilitaci\u00f3n auditiva, f\u00edsica e intelectual y, m\u00e1s recientemente, visual,<\/strong> en la propuesta de Educaci\u00f3n de Base Comunitaria.<\/p><p>Las acciones de atenci\u00f3n en salud est\u00e1n dirigidas exclusivamente a los usuarios del Sistema \u00danico de Salud (SUS) y las citas se realizan a trav\u00e9s de derivaciones realizadas por las Unidades B\u00e1sicas de Salud, siguiendo los procedimientos utilizados por el Sistema de Referencia y Contrarreferencia y el Autoridad Reguladora Nacional del Sistema (SISREG).<\/p>\t\t\t\t\t\t\t\t<\/div>\n\t\t\t\t<\/div>\n\t\t\t\t<section class=\"elementor-section elementor-inner-section elementor-element elementor-element-cziilqn elementor-section-height-min-height elementor-section-content-bottom elementor-section-boxed elementor-section-height-default\" data-id=\"cziilqn\" data-element_type=\"section\">\n\t\t\t\t\t\t<div class=\"elementor-container elementor-column-gap-wider\">\n\t\t\t\t\t<div class=\"elementor-column elementor-col-33 elementor-inner-column elementor-element elementor-element-awlkvwr\" data-id=\"awlkvwr\" data-element_type=\"column\" data-settings=\"{&quot;background_background&quot;:&quot;classic&quot;}\">\n\t\t\t<div class=\"elementor-widget-wrap elementor-element-populated\">\n\t\t\t\t\t\t<div class=\"elementor-element elementor-element-vegjzrf elementor-widget elementor-widget-heading\" data-id=\"vegjzrf\" data-element_type=\"widget\" data-widget_type=\"heading.default\">\n\t\t\t\t<div class=\"elementor-widget-container\">\n\t\t\t\t\t<h3 class=\"elementor-heading-title elementor-size-large\">Educaci\u00f3n y trabajo interprofesional<\/h3>\t\t\t\t<\/div>\n\t\t\t\t<\/div>\n\t\t\t\t\t<\/div>\n\t\t<\/div>\n\t\t\t\t<div class=\"elementor-column elementor-col-33 elementor-inner-column elementor-element elementor-element-5m0a9rx\" data-id=\"5m0a9rx\" data-element_type=\"column\" data-settings=\"{&quot;background_background&quot;:&quot;classic&quot;}\">\n\t\t\t<div class=\"elementor-widget-wrap elementor-element-populated\">\n\t\t\t\t\t\t<div class=\"elementor-element elementor-element-b3a4j9g elementor-widget elementor-widget-heading\" data-id=\"b3a4j9g\" data-element_type=\"widget\" data-widget_type=\"heading.default\">\n\t\t\t\t<div class=\"elementor-widget-container\">\n\t\t\t\t\t<h3 class=\"elementor-heading-title elementor-size-large\">Educaci\u00f3n sanitaria continua<\/h3>\t\t\t\t<\/div>\n\t\t\t\t<\/div>\n\t\t\t\t\t<\/div>\n\t\t<\/div>\n\t\t\t\t<div class=\"elementor-column elementor-col-33 elementor-inner-column elementor-element elementor-element-axzdda7\" data-id=\"axzdda7\" data-element_type=\"column\" data-settings=\"{&quot;background_background&quot;:&quot;classic&quot;}\">\n\t\t\t<div class=\"elementor-widget-wrap elementor-element-populated\">\n\t\t\t\t\t\t<div class=\"elementor-element elementor-element-ayo9oa1 elementor-widget elementor-widget-heading\" data-id=\"ayo9oa1\" data-element_type=\"widget\" data-widget_type=\"heading.default\">\n\t\t\t\t<div class=\"elementor-widget-container\">\n\t\t\t\t\t<h3 class=\"elementor-heading-title elementor-size-large\">Salud maternoinfantil y personas con discapacidad<\/h3>\t\t\t\t<\/div>\n\t\t\t\t<\/div>\n\t\t\t\t\t<\/div>\n\t\t<\/div>\n\t\t\t\t\t<\/div>\n\t\t<\/section>\n\t\t\t\t<div class=\"elementor-element elementor-element-k9hwktk elementor-widget elementor-widget-spacer\" data-id=\"k9hwktk\" data-element_type=\"widget\" data-widget_type=\"spacer.default\">\n\t\t\t\t<div class=\"elementor-widget-container\">\n\t\t\t\t\t\t\t<div class=\"elementor-spacer\">\n\t\t\t<div class=\"elementor-spacer-inner\"><\/div>\n\t\t<\/div>\n\t\t\t\t\t\t<\/div>\n\t\t\t\t<\/div>\n\t\t\t\t<div class=\"elementor-element elementor-element-ok3onsl elementor-widget elementor-widget-text-editor\" data-id=\"ok3onsl\" data-element_type=\"widget\" data-widget_type=\"text-editor.default\">\n\t\t\t\t<div class=\"elementor-widget-container\">\n\t\t\t\t\t\t\t\t\t<p>EL <a href=\"http:\/\/www.ufrn.br\/\" target=\"_blank\" rel=\"noopener noreferrer nofollow\"><strong>Universidad Federal de Rio Grande do Norte (UFRN)<\/strong><\/a> es el principal socio de Anita para el desarrollo de acciones integradas de docencia, investigaci\u00f3n y extensi\u00f3n.<\/p><p>Estrategias de articulaci\u00f3n con <strong><a href=\"http:\/\/dab.saude.gov.br\/portaldab\/smp_ras.php\" target=\"_blank\" rel=\"noopener noreferrer\">Redes de Atenci\u00f3n de Salud en el SUS<\/a><\/strong>,<strong>\u00a0<\/strong>de acuerdo a las prioridades de las agendas de salud federal, estatal y municipal, representan el mecanismo a trav\u00e9s del cual la propuesta \u00e9tico-pol\u00edtica-pedag\u00f3gica del ISD logra <strong>Educaci\u00f3n Continua para la Salud.<\/strong><\/p><h2><strong>Salud maternoinfantil<\/strong><\/h2><p>En casi una d\u00e9cada de trabajar como <strong>Centro de referencia ambulatorio del SUS<\/strong> En el Estado de Rio Grande do Norte, las actividades del CEPS incluyen:<\/p>\t\t\t\t\t\t\t\t<\/div>\n\t\t\t\t<\/div>\n\t\t\t\t<section class=\"elementor-section elementor-inner-section elementor-element elementor-element-d01ypqu elementor-section-boxed elementor-section-height-default elementor-section-height-default\" data-id=\"d01ypqu\" data-element_type=\"section\">\n\t\t\t\t\t\t<div class=\"elementor-container elementor-column-gap-default\">\n\t\t\t\t\t<div class=\"elementor-column elementor-col-50 elementor-inner-column elementor-element elementor-element-6v4iney\" data-id=\"6v4iney\" data-element_type=\"column\">\n\t\t\t<div class=\"elementor-widget-wrap elementor-element-populated\">\n\t\t\t\t\t\t<div class=\"elementor-element elementor-element-n2ghlx7 elementor-widget elementor-widget-text-editor\" data-id=\"n2ghlx7\" data-element_type=\"widget\" data-widget_type=\"text-editor.default\">\n\t\t\t\t<div class=\"elementor-widget-container\">\n\t\t\t\t\t\t\t\t\t<ul><li>Atenci\u00f3n prenatal de alto riesgo;<\/li><li>Asistencia especializada a mujeres embarazadas y ni\u00f1os con VIH\/SIDA;<\/li><li>Servicio de atenci\u00f3n multidisciplinar del Trastorno del Espectro Autista (TEA);<\/li><li>Enfermedades infecciosas durante el embarazo;<\/li><li>Medicina fetal;<\/li><li>Enfermer\u00eda en Salud de la Mujer y Salud del Ni\u00f1o;<\/li><\/ul>\t\t\t\t\t\t\t\t<\/div>\n\t\t\t\t<\/div>\n\t\t\t\t\t<\/div>\n\t\t<\/div>\n\t\t\t\t<div class=\"elementor-column elementor-col-50 elementor-inner-column elementor-element elementor-element-d2g6k98\" data-id=\"d2g6k98\" data-element_type=\"column\">\n\t\t\t<div class=\"elementor-widget-wrap elementor-element-populated\">\n\t\t\t\t\t\t<div class=\"elementor-element elementor-element-qfcw46w elementor-widget elementor-widget-text-editor\" data-id=\"qfcw46w\" data-element_type=\"widget\" data-widget_type=\"text-editor.default\">\n\t\t\t\t<div class=\"elementor-widget-container\">\n\t\t\t\t\t\t\t\t\t<ul><li>Pediatr\u00eda;<\/li><li>Neurolog\u00eda infantil;<\/li><li>Electroencefalograf\u00eda;<\/li><li>Ultrasonido;<\/li><li>Fisioterapia para la salud infantil y femenina;<\/li><li>Psicolog\u00eda de adultos y ni\u00f1os;<\/li><li>Laboratorio de an\u00e1lisis cl\u00ednicos.<\/li><\/ul>\t\t\t\t\t\t\t\t<\/div>\n\t\t\t\t<\/div>\n\t\t\t\t\t<\/div>\n\t\t<\/div>\n\t\t\t\t\t<\/div>\n\t\t<\/section>\n\t\t\t\t<div class=\"elementor-element elementor-element-4bvmfzp elementor-widget elementor-widget-text-editor\" data-id=\"4bvmfzp\" data-element_type=\"widget\" data-widget_type=\"text-editor.default\">\n\t\t\t\t<div class=\"elementor-widget-container\">\n\t\t\t\t\t\t\t\t\t<h2><strong>Salud de las personas con discapacidad<\/strong><\/h2><p>En 2016, la Ordenanza N\u00b0 1.430 del Ministerio de Salud habilit\u00f3 al CEPS como <strong>Centro de Rehabilitaci\u00f3n Especializado<\/strong> Auditivo, F\u00edsico e Intelectual (CER-III).<\/p><p><span style=\"font-weight: 400;\">El 6 de agosto de 2021, la Ordenanza N\u00b0 1.842, suscrita por el ministro Marcelo Queiroga, cambi\u00f3 oficialmente la categor\u00eda del Centro de Rehabilitaci\u00f3n Especializada Anita Garibaldi (CER Anita) de III a IV. A partir de entonces, adem\u00e1s de los servicios de rehabilitaci\u00f3n para discapacidades auditivas, intelectuales y motoras, el CER IV Anita, operado por el Instituto Santos Dumont (ISD), pas\u00f3 a atender a pacientes con discapacidad visual.<\/span><\/p><p><span style=\"font-weight: 400;\">El primer CER IV en el Gran Natal y el segundo en Rio Grande do Norte atender\u00e1n a pacientes de la 7\u00aa Regi\u00f3n Sanitaria, que incluye los municipios de Maca\u00edba, Natal, Parnamirim, Extremoz y S\u00e3o Gon\u00e7alo do Amarante. Esta regi\u00f3n tiene 1.371.945 habitantes, lo que corresponde a casi 39% de la poblaci\u00f3n de Rio Grande do Norte.\u00a0<\/span><\/p><p>El CER gestionado por ISD es el primero en la regi\u00f3n Nordeste en atender la salud de personas con discapacidad integrado en un sistema de investigaci\u00f3n e innovaci\u00f3n, a trav\u00e9s del trabajo desarrollado junto con el <a href=\"https:\/\/institutosantosdumont.org.br\/es\/unidades\/instituto-neurociencias\/\" target=\"_blank\" rel=\"noopener noreferrer\"><strong>Instituto Internacional de Neurociencias Edmond y Lily Safra (IIN-ELS)<\/strong><\/a>.<\/p><p>Las acciones del CER IV se organizan en cl\u00ednicas:<\/p>\t\t\t\t\t\t\t\t<\/div>\n\t\t\t\t<\/div>\n\t\t\t\t<div class=\"elementor-element elementor-element-ls2uost elementor-widget elementor-widget-text-editor\" data-id=\"ls2uost\" data-element_type=\"widget\" data-widget_type=\"text-editor.default\">\n\t\t\t\t<div class=\"elementor-widget-container\">\n\t\t\t\t\t\t\t\t\t<ul><li>Epilepsia (ni\u00f1o y adulto);<\/li><li>Parkinson;<\/li><li>Trastorno del Espectro Autista (TEA);<\/li><li>Lesi\u00f3n de la m\u00e9dula espinal (ni\u00f1o y adulto);<\/li><li>Microcefalia;<\/li><li>Discapacidad auditiva (ni\u00f1os y adultos);<\/li><li>Precocidad;<\/li><li>Vejiga neurog\u00e9nica.<\/li><\/ul>\t\t\t\t\t\t\t\t<\/div>\n\t\t\t\t<\/div>\n\t\t\t\t<div class=\"elementor-element elementor-element-imqark3 elementor-widget elementor-widget-text-editor\" data-id=\"imqark3\" data-element_type=\"widget\" data-widget_type=\"text-editor.default\">\n\t\t\t\t<div class=\"elementor-widget-container\">\n\t\t\t\t\t\t\t\t\t<h2><strong>Residencia Multiprofesional en Atenci\u00f3n a la Salud de Personas con Discapacidad<\/strong><\/h2><p>EL<a href=\"https:\/\/institutosantosdumont.org.br\/es\/residencia-multiprofissional\/\" target=\"_blank\" rel=\"noopener noreferrer\"><strong> Programa de Residencia Multiprofesional en Atenci\u00f3n a la Salud de Personas con Discapacidad<\/strong><\/a><strong>,\u00a0<\/strong>Aprobado mediante convocatoria p\u00fablica del Ministerio de Educaci\u00f3n en 2017, es pionero en Brasil.\u00a0<\/p><p>Ofrecido por el Centro de Educaci\u00f3n e Investigaci\u00f3n en Salud Anita Garibaldi, est\u00e1 dirigido a profesionales de las \u00e1reas de\u00a0<strong>fisioterapia<\/strong>,\u00a0<strong>logopedia, psicolog\u00eda<\/strong>\u00a0y\u00a0<strong>servicio social<\/strong>, reuniendo las \u00e1reas de docencia, investigaci\u00f3n y extensi\u00f3n, fortaleciendo tanto la Red de Atenci\u00f3n a Personas con Discapacidad en el contexto del Sistema \u00danico de Salud (SUS), como la <a href=\"http:\/\/www.pessoacomdeficiencia.gov.br\/app\/viver-sem-limite\" target=\"_blank\" rel=\"noopener noreferrer\"><strong>Plan Nacional por los Derechos de las Personas con Discapacidad \u2013 Plan Viver sem Limite<\/strong><\/a>. Adem\u00e1s, el Programa incluye una interfaz de acci\u00f3n conjunta con el Programa de Postgrado en Neuroingenier\u00eda de la\u00a0<strong><a href=\"https:\/\/institutosantosdumont.org.br\/es\/instituto-neurociencias\/\" target=\"_blank\" rel=\"noopener noreferrer\">Instituto Internacional de Neurociencias Edmond y Lily Safra (IIN-ELS)<\/a>.<\/strong><\/p>\t\t\t\t\t\t\t\t<\/div>\n\t\t\t\t<\/div>\n\t\t\t\t<section class=\"elementor-section elementor-inner-section elementor-element elementor-element-g2rlj35 elementor-section-boxed elementor-section-height-default elementor-section-height-default\" data-id=\"g2rlj35\" data-element_type=\"section\">\n\t\t\t\t\t\t<div class=\"elementor-container elementor-column-gap-default\">\n\t\t\t\t\t<div class=\"elementor-column elementor-col-100 elementor-inner-column elementor-element elementor-element-c0ll7de\" data-id=\"c0ll7de\" data-element_type=\"column\">\n\t\t\t<div class=\"elementor-widget-wrap elementor-element-populated\">\n\t\t\t\t\t\t<div class=\"elementor-element elementor-element-9rlgnmx elementor-widget elementor-widget-image\" data-id=\"9rlgnmx\" data-element_type=\"widget\" data-widget_type=\"image.default\">\n\t\t\t\t<div class=\"elementor-widget-container\">\n\t\t\t\t\t\t\t\t\t\t\t\t<figure class=\"wp-caption\">\n\t\t\t\t\t\t\t\t\t\t<img fetchpriority=\"high\" decoding=\"async\" width=\"768\" height=\"512\" src=\"https:\/\/institutosantosdumont.org.br\/wp-content\/uploads\/2021\/08\/Atendimento-de-Fisioterapia-no-Anita-Garibaldi-_-Foto-ASCOM-ISD-2-768x512.jpg\" class=\"attachment-medium_large size-medium_large wp-image-22380\" alt=\"\" srcset=\"https:\/\/institutosantosdumont.org.br\/wp-content\/uploads\/2021\/08\/Atendimento-de-Fisioterapia-no-Anita-Garibaldi-_-Foto-ASCOM-ISD-2-768x512.jpg 768w, https:\/\/institutosantosdumont.org.br\/wp-content\/uploads\/2021\/08\/Atendimento-de-Fisioterapia-no-Anita-Garibaldi-_-Foto-ASCOM-ISD-2-300x200.jpg 300w, https:\/\/institutosantosdumont.org.br\/wp-content\/uploads\/2021\/08\/Atendimento-de-Fisioterapia-no-Anita-Garibaldi-_-Foto-ASCOM-ISD-2-1024x683.jpg 1024w\" sizes=\"(max-width: 768px) 100vw, 768px\" \/>\t\t\t\t\t\t\t\t\t\t\t<figcaption class=\"widget-image-caption wp-caption-text\">Servicio de fisioterapia en Anita Garibaldi _ Foto ASCOM ISD<\/figcaption>\n\t\t\t\t\t\t\t\t\t\t<\/figure>\n\t\t\t\t\t\t\t\t\t<\/div>\n\t\t\t\t<\/div>\n\t\t\t\t\t<\/div>\n\t\t<\/div>\n\t\t\t\t\t<\/div>\n\t\t<\/section>\n\t\t\t\t\t<\/div>\n\t\t<\/div>\n\t\t\t\t\t<\/div>\n\t\t<\/section>\n\t\t\t\t<section class=\"elementor-section elementor-top-section elementor-element elementor-element-z2lvq3y elementor-section-boxed elementor-section-height-default elementor-section-height-default\" data-id=\"z2lvq3y\" data-element_type=\"section\">\n\t\t\t\t\t\t<div class=\"elementor-container elementor-column-gap-default\">\n\t\t\t\t\t<div class=\"elementor-column elementor-col-100 elementor-top-column elementor-element elementor-element-cdwr9yb\" data-id=\"cdwr9yb\" data-element_type=\"column\">\n\t\t\t<div class=\"elementor-widget-wrap elementor-element-populated\">\n\t\t\t\t\t\t<div class=\"elementor-element elementor-element-wsu17lt elementor-view-framed elementor-shape-circle elementor-widget elementor-widget-icon\" data-id=\"wsu17lt\" data-element_type=\"widget\" data-widget_type=\"icon.default\">\n\t\t\t\t<div class=\"elementor-widget-container\">\n\t\t\t\t\t\t\t<div class=\"elementor-icon-wrapper\">\n\t\t\t<div class=\"elementor-icon\">\n\t\t\t\t\t\t\t<i class=\"fa fa-phone\" aria-hidden=\"true\"><\/i>\n\t\t\t\t\t\t<\/div>\n\t\t<\/div>\n\t\t\t\t\t\t<\/div>\n\t\t\t\t<\/div>\n\t\t\t\t<div class=\"elementor-element elementor-element-bbec599 elementor-align-center elementor-widget elementor-widget-button\" data-id=\"bbec599\" data-element_type=\"widget\" data-widget_type=\"button.default\">\n\t\t\t\t<div class=\"elementor-widget-container\">\n\t\t\t\t\t\t\t\t\t<div class=\"elementor-button-wrapper\">\n\t\t\t\t\t<a class=\"elementor-button elementor-button-link elementor-size-lg\" href=\"#\">\n\t\t\t\t\t\t<span class=\"elementor-button-content-wrapper\">\n\t\t\t\t\t\t<span class=\"elementor-button-icon\">\n\t\t\t\t\t\t\t\t\t<i class=\"fa fa-exclamation-triangle\" aria-hidden=\"true\"><\/i>\n\t\t\t\t\t\t\t<\/span>\n\t\t\t\t\t\t\t\t\t<span class=\"elementor-button-text\">IMPORTANTE: Las citas s\u00f3lo se realizan por tel\u00e9fono.<\/span>\n\t\t\t\t\t<\/span>\n\t\t\t\t\t<\/a>\n\t\t\t\t<\/div>\n\t\t\t\t\t\t\t\t<\/div>\n\t\t\t\t<\/div>\n\t\t\t\t<div class=\"elementor-element elementor-element-5tnhcsk elementor-widget elementor-widget-text-editor\" data-id=\"5tnhcsk\" data-element_type=\"widget\" data-widget_type=\"text-editor.default\">\n\t\t\t\t<div class=\"elementor-widget-container\">\n\t\t\t\t\t\t\t\t\t<p>El Centro de Educaci\u00f3n e Investigaci\u00f3n en Salud Anita Garibaldi est\u00e1 abierto de lunes a viernes (con excepci\u00f3n de feriados nacionales y locales), de 8 am a 5 pm.<\/p><p style=\"text-align: left;\"><strong>Citas y horarios de ex\u00e1menes:<\/strong>\u00a0+55 (84)\u00a04042-0044 | (84) 4042-0033<\/p><p style=\"text-align: left;\"><strong>Asuntos administrativos:<\/strong> +55 (84) 3271-3311<\/p>\t\t\t\t\t\t\t\t<\/div>\n\t\t\t\t<\/div>\n\t\t\t\t<div class=\"elementor-element elementor-element-a3q0yyf elementor-view-framed elementor-shape-circle elementor-widget elementor-widget-icon\" data-id=\"a3q0yyf\" data-element_type=\"widget\" data-widget_type=\"icon.default\">\n\t\t\t\t<div class=\"elementor-widget-container\">\n\t\t\t\t\t\t\t<div class=\"elementor-icon-wrapper\">\n\t\t\t<div class=\"elementor-icon\">\n\t\t\t\t\t\t\t<i class=\"fa fa-home\" aria-hidden=\"true\"><\/i>\n\t\t\t\t\t\t<\/div>\n\t\t<\/div>\n\t\t\t\t\t\t<\/div>\n\t\t\t\t<\/div>\n\t\t\t\t<div class=\"elementor-element elementor-element-2viefmh elementor-widget elementor-widget-text-editor\" data-id=\"2viefmh\" data-element_type=\"widget\" data-widget_type=\"text-editor.default\">\n\t\t\t\t<div class=\"elementor-widget-container\">\n\t\t\t\t\t\t\t\t\t<p>Avenida Jundia\u00ed (RN 160), n\u00ba 2010, Campinas, Maca\u00edba\/RN.&nbsp;<\/p><p>C\u00f3digo postal: 59.285-668<\/p><p><strong>Ubicaci\u00f3n:&nbsp;<a href=\"https:\/\/g.page\/cepsanitagaribaldi\" target=\"_blank\" rel=\"noopener noreferrer nofollow\">https:\/\/g.page\/cepsanitagaribaldi<\/a><\/strong><\/p>\t\t\t\t\t\t\t\t<\/div>\n\t\t\t\t<\/div>\n\t\t\t\t<div class=\"elementor-element elementor-element-5ba068z elementor-widget elementor-widget-spacer\" data-id=\"5ba068z\" data-element_type=\"widget\" data-widget_type=\"spacer.default\">\n\t\t\t\t<div class=\"elementor-widget-container\">\n\t\t\t\t\t\t\t<div class=\"elementor-spacer\">\n\t\t\t<div class=\"elementor-spacer-inner\"><\/div>\n\t\t<\/div>\n\t\t\t\t\t\t<\/div>\n\t\t\t\t<\/div>\n\t\t\t\t\t<\/div>\n\t\t<\/div>\n\t\t\t\t\t<\/div>\n\t\t<\/section>\n\t\t\t\t<\/div>","protected":false},"excerpt":{"rendered":"<p>La Educaci\u00f3n para la Salud es la esencia de esta unidad del Instituto Santos Dumont (ISD), dedicada a la formaci\u00f3n, el desarrollo y la educaci\u00f3n continua de profesionales de la salud. El ISD cree que invertir en educaci\u00f3n e investigaci\u00f3n en salud contribuye a una transformaci\u00f3n m\u00e1s justa y humana de la sociedad brasile\u00f1a. El Centro de Educaci\u00f3n para la Salud [\u2026]<\/p>","protected":false},"author":6,"featured_media":0,"parent":11023,"menu_order":0,"comment_status":"closed","ping_status":"closed","template":"","meta":{"_acf_changed":false,"footnotes":""},"class_list":["post-11029","page","type-page","status-publish","hentry"],"acf":[],"_links":{"self":[{"href":"https:\/\/institutosantosdumont.org.br\/es\/wp-json\/wp\/v2\/pages\/11029","targetHints":{"allow":["GET"]}}],"collection":[{"href":"https:\/\/institutosantosdumont.org.br\/es\/wp-json\/wp\/v2\/pages"}],"about":[{"href":"https:\/\/institutosantosdumont.org.br\/es\/wp-json\/wp\/v2\/types\/page"}],"author":[{"embeddable":true,"href":"https:\/\/institutosantosdumont.org.br\/es\/wp-json\/wp\/v2\/users\/6"}],"replies":[{"embeddable":true,"href":"https:\/\/institutosantosdumont.org.br\/es\/wp-json\/wp\/v2\/comments?post=11029"}],"version-history":[{"count":5,"href":"https:\/\/institutosantosdumont.org.br\/es\/wp-json\/wp\/v2\/pages\/11029\/revisions"}],"predecessor-version":[{"id":33087,"href":"https:\/\/institutosantosdumont.org.br\/es\/wp-json\/wp\/v2\/pages\/11029\/revisions\/33087"}],"up":[{"embeddable":true,"href":"https:\/\/institutosantosdumont.org.br\/es\/wp-json\/wp\/v2\/pages\/11023"}],"wp:attachment":[{"href":"https:\/\/institutosantosdumont.org.br\/es\/wp-json\/wp\/v2\/media?parent=11029"}],"curies":[{"name":"wp","href":"https:\/\/api.w.org\/{rel}","templated":true}]}}