{"id":11043,"date":"2017-08-05T13:59:28","date_gmt":"2017-08-05T16:59:28","guid":{"rendered":"http:\/\/www.institutosantosdumont.org.br\/?page_id=11043"},"modified":"2025-08-05T10:08:19","modified_gmt":"2025-08-05T13:08:19","slug":"instituto-neurociencias","status":"publish","type":"page","link":"https:\/\/institutosantosdumont.org.br\/es\/instituto-neurociencias\/","title":{"rendered":"Instituto Internacional de Neurociencias"},"content":{"rendered":"<div data-elementor-type=\"wp-post\" data-elementor-id=\"11043\" class=\"elementor elementor-11043\" data-elementor-post-type=\"page\">\n\t\t\t\t\t\t<section class=\"elementor-section elementor-top-section elementor-element elementor-element-tx0kfto elementor-section-boxed elementor-section-height-default elementor-section-height-default\" data-id=\"tx0kfto\" data-element_type=\"section\">\n\t\t\t\t\t\t<div class=\"elementor-container elementor-column-gap-default\">\n\t\t\t\t\t<div class=\"elementor-column elementor-col-100 elementor-top-column elementor-element elementor-element-da0znsf\" data-id=\"da0znsf\" data-element_type=\"column\">\n\t\t\t<div class=\"elementor-widget-wrap elementor-element-populated\">\n\t\t\t\t\t\t<div class=\"elementor-element elementor-element-2ndgdft elementor-widget elementor-widget-spacer\" data-id=\"2ndgdft\" data-element_type=\"widget\" data-widget_type=\"spacer.default\">\n\t\t\t\t<div class=\"elementor-widget-container\">\n\t\t\t\t\t\t\t<div class=\"elementor-spacer\">\n\t\t\t<div class=\"elementor-spacer-inner\"><\/div>\n\t\t<\/div>\n\t\t\t\t\t\t<\/div>\n\t\t\t\t<\/div>\n\t\t\t\t<div class=\"elementor-element elementor-element-b8bbb0b elementor-widget elementor-widget-spacer\" data-id=\"b8bbb0b\" data-element_type=\"widget\" data-widget_type=\"spacer.default\">\n\t\t\t\t<div class=\"elementor-widget-container\">\n\t\t\t\t\t\t\t<div class=\"elementor-spacer\">\n\t\t\t<div class=\"elementor-spacer-inner\"><\/div>\n\t\t<\/div>\n\t\t\t\t\t\t<\/div>\n\t\t\t\t<\/div>\n\t\t\t\t<div class=\"elementor-element elementor-element-e88b06a elementor-widget elementor-widget-image\" data-id=\"e88b06a\" data-element_type=\"widget\" data-widget_type=\"image.default\">\n\t\t\t\t<div class=\"elementor-widget-container\">\n\t\t\t\t\t\t\t\t\t\t\t\t\t\t\t<img decoding=\"async\" src=\"https:\/\/institutosantosdumont.org.br\/wp-content\/uploads\/elementor\/thumbs\/IMG_6909-r0fdi1igftdaib8l6iej19wjoo5pc6s9tzpzz0xcmk.jpg\" title=\"IMG_6909\" alt=\"IMG_6909\" loading=\"lazy\" \/>\t\t\t\t\t\t\t\t\t\t\t\t\t\t\t<\/div>\n\t\t\t\t<\/div>\n\t\t\t\t<div class=\"elementor-element elementor-element-cy75klo elementor-widget elementor-widget-text-editor\" data-id=\"cy75klo\" data-element_type=\"widget\" data-widget_type=\"text-editor.default\">\n\t\t\t\t<div class=\"elementor-widget-container\">\n\t\t\t\t\t\t\t\t\t<p><span style=\"font-weight: 400;\">EL<\/span>\u00a0<b>Instituto Internacional de Neurociencias Edmond y Lily Safra (IIN-ELS)\u00a0<\/b><span style=\"font-weight: 400;\">viene desarrollando, desde 2006,\u00a0<\/span><span style=\"font-weight: 400;\">actividades de docencia, investigaci\u00f3n y extensi\u00f3n en Maca\u00edba (RN), con el objetivo de formar y capacitar profesionales en investigaci\u00f3n en <\/span><b>neurociencias<\/b><span style=\"font-weight: 400;\"> y <\/span><b>neuroingenier\u00eda<\/b><span style=\"font-weight: 400;\">.\u00a0<\/span><\/p><p><span style=\"font-weight: 400;\">En 2013, el IIN-ELS cre\u00f3 la primera\u00a0<a href=\"https:\/\/institutosantosdumont.org.br\/es\/pos-graduacao-neuroengenharia\/\"><strong>M\u00e1ster en Neuroingenier\u00eda<\/strong><\/a> en Brasil, recomendado por\u00a0<strong>Coordinaci\u00f3n para el Perfeccionamiento del Personal de Educaci\u00f3n Superior (CAPES \u2013<\/strong><\/span><strong>\u00a0<\/strong><a href=\"https:\/\/sucupira.capes.gov.br\/sucupira\/public\/consultas\/coleta\/programa\/viewPrograma.jsf?popup=true&amp;id_programa=205360\" target=\"_blank\" rel=\"noopener noreferrer nofollow\"><strong>33280010001P2<\/strong>)<\/a>\u00a0<span style=\"font-weight: 400;\">en el \u00e1rea de Ingenier\u00eda Biom\u00e9dica. ISD es miembro institucional de <strong><a href=\"http:\/\/www.sbeb.org.br\/site\/parceiros\/\" target=\"_blank\" rel=\"noopener noreferrer nofollow\">Sociedad Brasile\u00f1a de Ingenier\u00eda Biom\u00e9dica (SBEB)<\/a><\/strong>.\u00a0<\/span><\/p><p><span style=\"font-weight: 400;\">Las materias que ofrece el programa de posgrado de <\/span><span style=\"font-weight: 400;\">Instituto Internacional de Neurociencia Edmond y Lily Safra<\/span><span style=\"font-weight: 400;\"> centrarse en dos l\u00edneas tem\u00e1ticas principales: <\/span><b>interfaz cerebro-m\u00e1quina<\/b><span style=\"font-weight: 400;\"> y <\/span><b>neuromodulaci\u00f3n<\/b><span style=\"font-weight: 400;\">. El curso de maestr\u00eda recibe estudiantes de todas las regiones de Brasil. Se produce la admisi\u00f3n de nuevos alumnos de m\u00e1ster <strong>dos veces al a\u00f1o<\/strong>, a trav\u00e9s de convocatorias p\u00fablicas publicadas en internet.<\/span><\/p><p>EL <strong>Neuroingenier\u00eda<\/strong> es un \u00e1rea de investigaci\u00f3n interdisciplinaria que integra m\u00e9todos de neurociencia e ingenier\u00eda para estudiar el funcionamiento del sistema nervioso y desarrollar soluciones a las limitaciones y disfunciones asociadas al sistema nervioso. Esta \u00e1rea emergente abarca aspectos de investigaci\u00f3n experimental, computacional, te\u00f3rica, cl\u00ednica y aplicada a niveles molecular, celular y sist\u00e9mico. El conocimiento generado en estos estudios permite el desarrollo de tecnolog\u00edas y aplicaciones que van desde <strong>neuropr\u00f3tesis para la mejora de las t\u00e9cnicas de neuromodulaci\u00f3n<\/strong> con potencial terap\u00e9utico. Los trabajos cuentan con enfoques conductuales, electrofisiol\u00f3gicos, histol\u00f3gicos e inmunohistoqu\u00edmicos, combinados con m\u00e9todos de an\u00e1lisis cuantitativos.<\/p>\t\t\t\t\t\t\t\t<\/div>\n\t\t\t\t<\/div>\n\t\t\t\t<div class=\"elementor-element elementor-element-ospa6bk elementor-widget elementor-widget-spacer\" data-id=\"ospa6bk\" data-element_type=\"widget\" data-widget_type=\"spacer.default\">\n\t\t\t\t<div class=\"elementor-widget-container\">\n\t\t\t\t\t\t\t<div class=\"elementor-spacer\">\n\t\t\t<div class=\"elementor-spacer-inner\"><\/div>\n\t\t<\/div>\n\t\t\t\t\t\t<\/div>\n\t\t\t\t<\/div>\n\t\t\t\t<div class=\"elementor-element elementor-element-du2ljck elementor-widget elementor-widget-text-editor\" data-id=\"du2ljck\" data-element_type=\"widget\" data-widget_type=\"text-editor.default\">\n\t\t\t\t<div class=\"elementor-widget-container\">\n\t\t\t\t\t\t\t\t\t<h2><strong>Ejes Tem\u00e1ticos de la Investigaci\u00f3n del IIN-ELS<\/strong><\/h2>\t\t\t\t\t\t\t\t<\/div>\n\t\t\t\t<\/div>\n\t\t\t\t<section class=\"elementor-section elementor-inner-section elementor-element elementor-element-shymaq2 elementor-section-boxed elementor-section-height-default elementor-section-height-default\" data-id=\"shymaq2\" data-element_type=\"section\">\n\t\t\t\t\t\t<div class=\"elementor-container elementor-column-gap-default\">\n\t\t\t\t\t<div class=\"elementor-column elementor-col-50 elementor-inner-column elementor-element elementor-element-nsbprke\" data-id=\"nsbprke\" data-element_type=\"column\">\n\t\t\t<div class=\"elementor-widget-wrap elementor-element-populated\">\n\t\t\t\t\t\t<div class=\"elementor-element elementor-element-pqw4vze elementor-widget elementor-widget-text-editor\" data-id=\"pqw4vze\" data-element_type=\"widget\" data-widget_type=\"text-editor.default\">\n\t\t\t\t<div class=\"elementor-widget-container\">\n\t\t\t\t\t\t\t\t\t<ul><li><p>Rehabilitaci\u00f3n<\/p><\/li><li><p>Interfaz cerebro a cerebro<\/p><\/li><li><p>Pr\u00f3tesis y ortesis<\/p><\/li><li><p>Biocompatibilidad<\/p><\/li><li><p>Enfermedades neurodegenerativas<\/p><\/li><li><p>Enfermedades del neurodesarrollo<\/p><\/li><li><p>Enfermedades psiqui\u00e1tricas<\/p><\/li><li><p>Cognici\u00f3n<\/p><\/li><li><p>Neurociencia computacional<\/p><\/li><li><p>Procesamiento de se\u00f1ales biol\u00f3gicas<\/p><\/li><\/ul>\t\t\t\t\t\t\t\t<\/div>\n\t\t\t\t<\/div>\n\t\t\t\t\t<\/div>\n\t\t<\/div>\n\t\t\t\t<div class=\"elementor-column elementor-col-50 elementor-inner-column elementor-element elementor-element-bels605\" data-id=\"bels605\" data-element_type=\"column\">\n\t\t\t<div class=\"elementor-widget-wrap elementor-element-populated\">\n\t\t\t\t\t\t<div class=\"elementor-element elementor-element-gyjru6b elementor--h-position-center elementor--v-position-middle elementor-arrows-position-inside elementor-pagination-position-inside elementor-widget elementor-widget-slides\" data-id=\"gyjru6b\" data-element_type=\"widget\" data-settings=\"{&quot;autoplay_speed&quot;:4000,&quot;navigation&quot;:&quot;both&quot;,&quot;autoplay&quot;:&quot;yes&quot;,&quot;pause_on_hover&quot;:&quot;yes&quot;,&quot;pause_on_interaction&quot;:&quot;yes&quot;,&quot;infinite&quot;:&quot;yes&quot;,&quot;transition&quot;:&quot;slide&quot;,&quot;transition_speed&quot;:500}\" data-widget_type=\"slides.default\">\n\t\t\t\t<div class=\"elementor-widget-container\">\n\t\t\t\t\t\t\t\t\t<div class=\"elementor-swiper\">\n\t\t\t\t\t<div class=\"elementor-slides-wrapper elementor-main-swiper swiper\" role=\"region\" aria-roledescription=\"carousel\" aria-label=\"Diapositivas\" dir=\"ltr\" data-animation=\"fadeInUp\">\n\t\t\t\t<div class=\"swiper-wrapper elementor-slides\">\n\t\t\t\t\t\t\t\t\t\t<div class=\"elementor-repeater-item-d71pcs1 swiper-slide\" role=\"group\" aria-roledescription=\"slide\"><div class=\"swiper-slide-bg\" role=\"img\" aria-label=\"Imagen_6595\"><\/div><a class=\"swiper-slide-inner\" href=\"http:\/\/jn.physiology.org\/content\/114\/3\/1652\" target=\"_blank\" rel=\"noopener noreferrer nofollow\"><div class=\"swiper-slide-contents\"><div class=\"elementor-slide-heading\">Matrices de microelectrodos<\/div><div class=\"elementor-slide-description\">Desarrollo de matrices de microelectrodos para implantes cerebrales o espinales.<\/div><\/div><\/a><\/div><div class=\"elementor-repeater-item-h09raj9 swiper-slide\" role=\"group\" aria-roledescription=\"slide\"><div class=\"swiper-slide-bg\" role=\"img\" aria-label=\"Imagen_6600\"><\/div><a class=\"swiper-slide-inner\" href=\"https:\/\/www.nature.com\/articles\/srep30383\" target=\"_blank\" rel=\"noopener noreferrer nofollow\"><div class=\"swiper-slide-contents\"><div class=\"elementor-slide-heading\">Interfaz cerebro-m\u00e1quina<\/div><div class=\"elementor-slide-description\">Desarrollo de interfaces cerebro-m\u00e1quina y hombre-m\u00e1quina.<\/div><\/div><\/a><\/div><div class=\"elementor-repeater-item-pxqvcon swiper-slide\" role=\"group\" aria-roledescription=\"slide\"><div class=\"swiper-slide-bg\" role=\"img\" aria-label=\"bbi\"><\/div><a class=\"swiper-slide-inner\" href=\"https:\/\/www.nature.com\/articles\/srep01319\" target=\"_blank\" rel=\"noopener noreferrer nofollow\"><div class=\"swiper-slide-contents\"><div class=\"elementor-slide-heading\">Electrofisiolog\u00eda <\/div><div class=\"elementor-slide-description\">Grabaci\u00f3n intracerebral en roedores con conjuntos de microelectrodos e interfaz cerebro-cerebro<\/div><\/div><\/a><\/div><div class=\"elementor-repeater-item-zjgofaz swiper-slide\" role=\"group\" aria-roledescription=\"slide\"><div class=\"swiper-slide-bg\" role=\"img\" aria-label=\"Imagen_6023\"><\/div><a class=\"swiper-slide-inner\" href=\"http:\/\/isdmicroscopia.com.br\" target=\"_blank\" rel=\"noopener noreferrer nofollow\"><div class=\"swiper-slide-contents\"><div class=\"elementor-slide-heading\">Microscop\u00eda<\/div><div class=\"elementor-slide-description\">Microscop\u00eda confocal y de fluorescencia.<\/div><\/div><\/a><\/div><div class=\"elementor-repeater-item-3z32axj swiper-slide\" role=\"group\" aria-roledescription=\"slide\"><div class=\"swiper-slide-bg\" role=\"img\" aria-label=\"tit\u00ed\"><\/div><a class=\"swiper-slide-inner\" href=\"http:\/\/dx.doi.org\/10.1016\/j.neuron.2014.08.061\" target=\"_blank\" rel=\"noopener noreferrer nofollow\"><div class=\"swiper-slide-contents\"><div class=\"elementor-slide-heading\">Neuromodulaci\u00f3n<\/div><div class=\"elementor-slide-description\">Registro intracerebral en tit\u00edes con conjuntos de microelectrodos y estimulaci\u00f3n de la m\u00e9dula espinal.<\/div><\/div><\/a><\/div>\t\t\t\t<\/div>\n\t\t\t\t\t\t\t\t\t\t\t\t\t\t\t<div class=\"elementor-swiper-button elementor-swiper-button-prev\" role=\"button\" tabindex=\"0\" aria-label=\"Diapositiva anterior\">\n\t\t\t\t\t\t\t<i aria-hidden=\"true\" class=\"eicon-chevron-left\"><\/i>\t\t\t\t\t\t<\/div>\n\t\t\t\t\t\t<div class=\"elementor-swiper-button elementor-swiper-button-next\" role=\"button\" tabindex=\"0\" aria-label=\"Siguiente diapositiva\">\n\t\t\t\t\t\t\t<i aria-hidden=\"true\" class=\"eicon-chevron-right\"><\/i>\t\t\t\t\t\t<\/div>\n\t\t\t\t\t\t\t\t\t\t\t\t\t\t\t\t<div class=\"swiper-pagination\"><\/div>\n\t\t\t\t\t\t\t\t\t\t\t\t<\/div>\n\t\t\t\t<\/div>\n\t\t\t\t\t\t\t\t<\/div>\n\t\t\t\t<\/div>\n\t\t\t\t\t<\/div>\n\t\t<\/div>\n\t\t\t\t\t<\/div>\n\t\t<\/section>\n\t\t\t\t<div class=\"elementor-element elementor-element-q0t49u8 elementor-widget elementor-widget-spacer\" data-id=\"q0t49u8\" data-element_type=\"widget\" data-widget_type=\"spacer.default\">\n\t\t\t\t<div class=\"elementor-widget-container\">\n\t\t\t\t\t\t\t<div class=\"elementor-spacer\">\n\t\t\t<div class=\"elementor-spacer-inner\"><\/div>\n\t\t<\/div>\n\t\t\t\t\t\t<\/div>\n\t\t\t\t<\/div>\n\t\t\t\t<section class=\"elementor-section elementor-inner-section elementor-element elementor-element-1d4fb3d elementor-section-boxed elementor-section-height-default elementor-section-height-default\" data-id=\"1d4fb3d\" data-element_type=\"section\">\n\t\t\t\t\t\t<div class=\"elementor-container elementor-column-gap-default\">\n\t\t\t\t\t<div class=\"elementor-column elementor-col-100 elementor-inner-column elementor-element elementor-element-e940221\" data-id=\"e940221\" data-element_type=\"column\">\n\t\t\t<div class=\"elementor-widget-wrap elementor-element-populated\">\n\t\t\t\t\t\t<div class=\"elementor-element elementor-element-1m0vccv elementor-align-center elementor-button-info elementor-widget elementor-widget-button\" data-id=\"1m0vccv\" data-element_type=\"widget\" data-widget_type=\"button.default\">\n\t\t\t\t<div class=\"elementor-widget-container\">\n\t\t\t\t\t\t\t\t\t<div class=\"elementor-button-wrapper\">\n\t\t\t\t\t<a class=\"elementor-button elementor-button-link elementor-size-lg\" href=\"https:\/\/institutosantosdumont.org.br\/es\/publicacoes-iinels\/\">\n\t\t\t\t\t\t<span class=\"elementor-button-content-wrapper\">\n\t\t\t\t\t\t<span class=\"elementor-button-icon\">\n\t\t\t\t\t\t\t\t\t<i class=\"fa fa-book\" aria-hidden=\"true\"><\/i>\n\t\t\t\t\t\t\t<\/span>\n\t\t\t\t\t\t\t\t\t<span class=\"elementor-button-text\">Publicaciones cient\u00edficas del IIN-ELS<\/span>\n\t\t\t\t\t<\/span>\n\t\t\t\t\t<\/a>\n\t\t\t\t<\/div>\n\t\t\t\t\t\t\t\t<\/div>\n\t\t\t\t<\/div>\n\t\t\t\t\t<\/div>\n\t\t<\/div>\n\t\t\t\t\t<\/div>\n\t\t<\/section>\n\t\t\t\t<div class=\"elementor-element elementor-element-xjyzzvb elementor-widget-divider--view-line elementor-widget elementor-widget-divider\" data-id=\"xjyzzvb\" data-element_type=\"widget\" data-widget_type=\"divider.default\">\n\t\t\t\t<div class=\"elementor-widget-container\">\n\t\t\t\t\t\t\t<div class=\"elementor-divider\">\n\t\t\t<span class=\"elementor-divider-separator\">\n\t\t\t\t\t\t<\/span>\n\t\t<\/div>\n\t\t\t\t\t\t<\/div>\n\t\t\t\t<\/div>\n\t\t\t\t\t<\/div>\n\t\t<\/div>\n\t\t\t\t\t<\/div>\n\t\t<\/section>\n\t\t\t\t<section class=\"elementor-section elementor-top-section elementor-element elementor-element-cre19az elementor-section-boxed elementor-section-height-default elementor-section-height-default\" data-id=\"cre19az\" data-element_type=\"section\">\n\t\t\t\t\t\t<div class=\"elementor-container elementor-column-gap-default\">\n\t\t\t\t\t<div class=\"elementor-column elementor-col-100 elementor-top-column elementor-element elementor-element-q90r1sf\" data-id=\"q90r1sf\" data-element_type=\"column\">\n\t\t\t<div class=\"elementor-widget-wrap elementor-element-populated\">\n\t\t\t\t\t\t<div class=\"elementor-element elementor-element-8biawzn elementor-widget elementor-widget-text-editor\" data-id=\"8biawzn\" data-element_type=\"widget\" data-widget_type=\"text-editor.default\">\n\t\t\t\t<div class=\"elementor-widget-container\">\n\t\t\t\t\t\t\t\t\t<h3><strong>Direcci\u00f3n y contactos:<\/strong><\/h3>\n<p>Avenida Alberto Santos Dumont, 1560 \u2013&nbsp;<br>\u00c1rea Rural \/ Maca\u00edba \u2013 RN<br>CEP 59288-899<br>Tel\u00e9fonos:<\/p>\n<p>+55 (84) 99142-1726 (Asuntos administrativos)<\/p>\n<p>+55 (84) 99127-6085 (Secretar\u00eda acad\u00e9mica)<\/p>\t\t\t\t\t\t\t\t<\/div>\n\t\t\t\t<\/div>\n\t\t\t\t<div class=\"elementor-element elementor-element-fa3u5qz elementor-widget elementor-widget-spacer\" data-id=\"fa3u5qz\" data-element_type=\"widget\" data-widget_type=\"spacer.default\">\n\t\t\t\t<div class=\"elementor-widget-container\">\n\t\t\t\t\t\t\t<div class=\"elementor-spacer\">\n\t\t\t<div class=\"elementor-spacer-inner\"><\/div>\n\t\t<\/div>\n\t\t\t\t\t\t<\/div>\n\t\t\t\t<\/div>\n\t\t\t\t\t<\/div>\n\t\t<\/div>\n\t\t\t\t\t<\/div>\n\t\t<\/section>\n\t\t\t\t<\/div>","protected":false},"excerpt":{"rendered":"<p>El Instituto Internacional de Neurociencia Edmond y Lily Safra (IIN-ELS) desarrolla actividades de docencia, investigaci\u00f3n y extensi\u00f3n en Maca\u00edba (RN) desde 2006, con el objetivo de formar y desarrollar profesionales en investigaci\u00f3n en neurociencia y neuroingenier\u00eda. En 2013, el IIN-ELS cre\u00f3 el primer programa de maestr\u00eda en Neuroingenier\u00eda de Brasil, recomendado por la Coordinaci\u00f3n de Perfeccionamiento del Personal de Nivel Superior (CAPES) [\u2026]<\/p>","protected":false},"author":6,"featured_media":0,"parent":0,"menu_order":0,"comment_status":"closed","ping_status":"closed","template":"","meta":{"_acf_changed":false,"footnotes":""},"class_list":["post-11043","page","type-page","status-publish","hentry"],"acf":[],"_links":{"self":[{"href":"https:\/\/institutosantosdumont.org.br\/es\/wp-json\/wp\/v2\/pages\/11043","targetHints":{"allow":["GET"]}}],"collection":[{"href":"https:\/\/institutosantosdumont.org.br\/es\/wp-json\/wp\/v2\/pages"}],"about":[{"href":"https:\/\/institutosantosdumont.org.br\/es\/wp-json\/wp\/v2\/types\/page"}],"author":[{"embeddable":true,"href":"https:\/\/institutosantosdumont.org.br\/es\/wp-json\/wp\/v2\/users\/6"}],"replies":[{"embeddable":true,"href":"https:\/\/institutosantosdumont.org.br\/es\/wp-json\/wp\/v2\/comments?post=11043"}],"version-history":[{"count":3,"href":"https:\/\/institutosantosdumont.org.br\/es\/wp-json\/wp\/v2\/pages\/11043\/revisions"}],"predecessor-version":[{"id":33084,"href":"https:\/\/institutosantosdumont.org.br\/es\/wp-json\/wp\/v2\/pages\/11043\/revisions\/33084"}],"wp:attachment":[{"href":"https:\/\/institutosantosdumont.org.br\/es\/wp-json\/wp\/v2\/media?parent=11043"}],"curies":[{"name":"wp","href":"https:\/\/api.w.org\/{rel}","templated":true}]}}