{"id":11049,"date":"2017-08-05T14:18:31","date_gmt":"2017-08-05T17:18:31","guid":{"rendered":"http:\/\/www.institutosantosdumont.org.br\/?page_id=11049"},"modified":"2019-01-29T11:12:54","modified_gmt":"2019-01-29T13:12:54","slug":"educacao-cientifica","status":"publish","type":"page","link":"https:\/\/institutosantosdumont.org.br\/es\/unidades\/educacao-cientifica\/","title":{"rendered":"Centros de Educaci\u00f3n Cient\u00edfica"},"content":{"rendered":"<div data-elementor-type=\"wp-post\" data-elementor-id=\"11049\" class=\"elementor elementor-11049 elementor-bc-flex-widget\" data-elementor-post-type=\"page\">\n\t\t\t\t\t\t<section class=\"elementor-section elementor-top-section elementor-element elementor-element-8tqamyu elementor-section-boxed elementor-section-height-default elementor-section-height-default\" data-id=\"8tqamyu\" data-element_type=\"section\">\n\t\t\t\t\t\t<div class=\"elementor-container elementor-column-gap-default\">\n\t\t\t\t\t<div class=\"elementor-column elementor-col-100 elementor-top-column elementor-element elementor-element-2d1bw10\" data-id=\"2d1bw10\" data-element_type=\"column\">\n\t\t\t<div class=\"elementor-widget-wrap elementor-element-populated\">\n\t\t\t\t\t\t<div class=\"elementor-element elementor-element-bez4o0y elementor-widget elementor-widget-spacer\" data-id=\"bez4o0y\" data-element_type=\"widget\" data-widget_type=\"spacer.default\">\n\t\t\t\t<div class=\"elementor-widget-container\">\n\t\t\t\t\t\t\t<div class=\"elementor-spacer\">\n\t\t\t<div class=\"elementor-spacer-inner\"><\/div>\n\t\t<\/div>\n\t\t\t\t\t\t<\/div>\n\t\t\t\t<\/div>\n\t\t\t\t<div class=\"elementor-element elementor-element-8rzz3ez elementor-align-center elementor-widget elementor-widget-button\" data-id=\"8rzz3ez\" data-element_type=\"widget\" data-widget_type=\"button.default\">\n\t\t\t\t<div class=\"elementor-widget-container\">\n\t\t\t\t\t\t\t\t\t<div class=\"elementor-button-wrapper\">\n\t\t\t\t\t<a class=\"elementor-button elementor-button-link elementor-size-xl\" href=\"https:\/\/institutosantosdumont.org.br\/es\/2017\/12\/12\/nota-oficial-centros-educacao-cientifica\/\" target=\"_blank\">\n\t\t\t\t\t\t<span class=\"elementor-button-content-wrapper\">\n\t\t\t\t\t\t<span class=\"elementor-button-icon\">\n\t\t\t\t\t\t\t\t\t<i class=\"fa fa-exclamation-circle\" aria-hidden=\"true\"><\/i>\n\t\t\t\t\t\t\t<\/span>\n\t\t\t\t\t\t\t\t\t<span class=\"elementor-button-text\">Unidades suspendidas en 2017. Haga clic aqu\u00ed para obtener m\u00e1s informaci\u00f3n.<\/span>\n\t\t\t\t\t<\/span>\n\t\t\t\t\t<\/a>\n\t\t\t\t<\/div>\n\t\t\t\t\t\t\t\t<\/div>\n\t\t\t\t<\/div>\n\t\t\t\t<div class=\"elementor-element elementor-element-cn4kcg0 elementor-widget elementor-widget-spacer\" data-id=\"cn4kcg0\" data-element_type=\"widget\" data-widget_type=\"spacer.default\">\n\t\t\t\t<div class=\"elementor-widget-container\">\n\t\t\t\t\t\t\t<div class=\"elementor-spacer\">\n\t\t\t<div class=\"elementor-spacer-inner\"><\/div>\n\t\t<\/div>\n\t\t\t\t\t\t<\/div>\n\t\t\t\t<\/div>\n\t\t\t\t<div class=\"elementor-element elementor-element-auspcqk elementor-widget elementor-widget-text-editor\" data-id=\"auspcqk\" data-element_type=\"widget\" data-widget_type=\"text-editor.default\">\n\t\t\t\t<div class=\"elementor-widget-container\">\n\t\t\t\t\t\t\t\t\t<p>Desde hace m\u00e1s de 10 a\u00f1os en el Nordeste brasile\u00f1o, la\u00a0<strong>Centros de Educaci\u00f3n Cient\u00edfica (CEC)<\/strong>\u00a0del Instituto Santos Dumont (ISD).<\/p><p>El objetivo general es desarrollar un proyecto que promueva la Educaci\u00f3n Cient\u00edfica para estudiantes de educaci\u00f3n b\u00e1sica, con el fin de ofrecer y difundir el ejercicio de la formaci\u00f3n cient\u00edfica que no est\u00e1 al alcance de todos los sectores de nuestra sociedad, y as\u00ed contribuir al proceso de Inclusi\u00f3n Social.<\/p><p>La premisa es ofrecer continuamente a los estudiantes un espacio que construya aprendizajes significativos de contenidos cient\u00edficos, universalmente reconocidos, esenciales para la formaci\u00f3n de ciudadanos conscientes de su rol como agentes de transformaci\u00f3n.<\/p>\t\t\t\t\t\t\t\t<\/div>\n\t\t\t\t<\/div>\n\t\t\t\t<div class=\"elementor-element elementor-element-xi7hezj elementor-widget elementor-widget-spacer\" data-id=\"xi7hezj\" data-element_type=\"widget\" data-widget_type=\"spacer.default\">\n\t\t\t\t<div class=\"elementor-widget-container\">\n\t\t\t\t\t\t\t<div class=\"elementor-spacer\">\n\t\t\t<div class=\"elementor-spacer-inner\"><\/div>\n\t\t<\/div>\n\t\t\t\t\t\t<\/div>\n\t\t\t\t<\/div>\n\t\t\t\t\t<\/div>\n\t\t<\/div>\n\t\t\t\t\t<\/div>\n\t\t<\/section>\n\t\t\t\t<section class=\"elementor-section elementor-top-section elementor-element elementor-element-lqcd8dc elementor-section-boxed elementor-section-height-default elementor-section-height-default\" data-id=\"lqcd8dc\" data-element_type=\"section\">\n\t\t\t\t\t\t<div class=\"elementor-container elementor-column-gap-default\">\n\t\t\t\t\t<div class=\"elementor-column elementor-col-100 elementor-top-column elementor-element elementor-element-7o9sihb\" data-id=\"7o9sihb\" data-element_type=\"column\">\n\t\t\t<div class=\"elementor-widget-wrap elementor-element-populated\">\n\t\t\t\t\t\t<section class=\"elementor-section elementor-inner-section elementor-element elementor-element-j54eceq elementor-section-boxed elementor-section-height-default elementor-section-height-default\" data-id=\"j54eceq\" data-element_type=\"section\">\n\t\t\t\t\t\t<div class=\"elementor-container elementor-column-gap-default\">\n\t\t\t\t\t<div class=\"elementor-column elementor-col-50 elementor-inner-column elementor-element elementor-element-ktkhtga\" data-id=\"ktkhtga\" data-element_type=\"column\">\n\t\t\t<div class=\"elementor-widget-wrap elementor-element-populated\">\n\t\t\t\t\t\t<div class=\"elementor-element elementor-element-gfj4yaw elementor-widget elementor-widget-image\" data-id=\"gfj4yaw\" data-element_type=\"widget\" data-widget_type=\"image.default\">\n\t\t\t\t<div class=\"elementor-widget-container\">\n\t\t\t\t\t\t\t\t\t\t\t\t<figure class=\"wp-caption\">\n\t\t\t\t\t\t\t\t\t\t\t<a href=\"https:\/\/institutosantosdumont.org.br\/wp-content\/uploads\/2017\/08\/alunos-tirando-d\u00favidas-sobre-a-horta-ver\u00e3o_editada.jpg\" data-elementor-open-lightbox=\"yes\" data-elementor-lightbox-title=\"SONY DSC\" data-e-action-hash=\"#elementor-action%3Aaction%3Dlightbox%26settings%3DeyJpZCI6MTE0NDEsInVybCI6Imh0dHBzOlwvXC9pbnN0aXR1dG9zYW50b3NkdW1vbnQub3JnLmJyXC93cC1jb250ZW50XC91cGxvYWRzXC8yMDE3XC8wOFwvYWx1bm9zLXRpcmFuZG8tZFx1MDBmYXZpZGFzLXNvYnJlLWEtaG9ydGEtdmVyXHUwMGUzb19lZGl0YWRhLmpwZyJ9\">\n\t\t\t\t\t\t\t<img fetchpriority=\"high\" decoding=\"async\" width=\"800\" height=\"532\" src=\"https:\/\/institutosantosdumont.org.br\/wp-content\/uploads\/2017\/08\/alunos-tirando-d\u00favidas-sobre-a-horta-ver\u00e3o_editada-1024x681.jpg\" class=\"attachment-large size-large wp-image-11441\" alt=\"\" srcset=\"https:\/\/institutosantosdumont.org.br\/wp-content\/uploads\/2017\/08\/alunos-tirando-d\u00favidas-sobre-a-horta-ver\u00e3o_editada-1024x681.jpg 1024w, https:\/\/institutosantosdumont.org.br\/wp-content\/uploads\/2017\/08\/alunos-tirando-d\u00favidas-sobre-a-horta-ver\u00e3o_editada-300x199.jpg 300w, https:\/\/institutosantosdumont.org.br\/wp-content\/uploads\/2017\/08\/alunos-tirando-d\u00favidas-sobre-a-horta-ver\u00e3o_editada-768x510.jpg 768w, https:\/\/institutosantosdumont.org.br\/wp-content\/uploads\/2017\/08\/alunos-tirando-d\u00favidas-sobre-a-horta-ver\u00e3o_editada.jpg 1300w\" sizes=\"(max-width: 800px) 100vw, 800px\" \/>\t\t\t\t\t\t\t\t<\/a>\n\t\t\t\t\t\t\t\t\t\t\t<figcaption class=\"widget-image-caption wp-caption-text\">Estudiantes del taller de Ciencia y Rob\u00f3tica del CEC Serrinha durante una actividad de estudios ambientales. <\/figcaption>\n\t\t\t\t\t\t\t\t\t\t<\/figure>\n\t\t\t\t\t\t\t\t\t<\/div>\n\t\t\t\t<\/div>\n\t\t\t\t\t<\/div>\n\t\t<\/div>\n\t\t\t\t<div class=\"elementor-column elementor-col-50 elementor-inner-column elementor-element elementor-element-tytqehw\" data-id=\"tytqehw\" data-element_type=\"column\">\n\t\t\t<div class=\"elementor-widget-wrap elementor-element-populated\">\n\t\t\t\t\t\t<div class=\"elementor-element elementor-element-gmckw41 elementor-widget elementor-widget-image\" data-id=\"gmckw41\" data-element_type=\"widget\" data-widget_type=\"image.default\">\n\t\t\t\t<div class=\"elementor-widget-container\">\n\t\t\t\t\t\t\t\t\t\t\t\t<figure class=\"wp-caption\">\n\t\t\t\t\t\t\t\t\t\t\t<a href=\"https:\/\/institutosantosdumont.org.br\/wp-content\/uploads\/2017\/08\/Sem-T\u00edtulo-13_editada.jpg\" data-elementor-open-lightbox=\"yes\" data-elementor-lightbox-title=\"Sem T\u00edtulo-13_editada\" data-e-action-hash=\"#elementor-action%3Aaction%3Dlightbox%26settings%3DeyJpZCI6MTE0NDIsInVybCI6Imh0dHBzOlwvXC9pbnN0aXR1dG9zYW50b3NkdW1vbnQub3JnLmJyXC93cC1jb250ZW50XC91cGxvYWRzXC8yMDE3XC8wOFwvU2VtLVRcdTAwZWR0dWxvLTEzX2VkaXRhZGEuanBnIn0%3D\">\n\t\t\t\t\t\t\t<img decoding=\"async\" width=\"1300\" height=\"731\" src=\"https:\/\/institutosantosdumont.org.br\/wp-content\/uploads\/2017\/08\/Sem-T\u00edtulo-13_editada.jpg\" class=\"attachment-full size-full wp-image-11442\" alt=\"\" srcset=\"https:\/\/institutosantosdumont.org.br\/wp-content\/uploads\/2017\/08\/Sem-T\u00edtulo-13_editada.jpg 1300w, https:\/\/institutosantosdumont.org.br\/wp-content\/uploads\/2017\/08\/Sem-T\u00edtulo-13_editada-300x169.jpg 300w, https:\/\/institutosantosdumont.org.br\/wp-content\/uploads\/2017\/08\/Sem-T\u00edtulo-13_editada-768x432.jpg 768w, https:\/\/institutosantosdumont.org.br\/wp-content\/uploads\/2017\/08\/Sem-T\u00edtulo-13_editada-1024x576.jpg 1024w\" sizes=\"(max-width: 1300px) 100vw, 1300px\" \/>\t\t\t\t\t\t\t\t<\/a>\n\t\t\t\t\t\t\t\t\t\t\t<figcaption class=\"widget-image-caption wp-caption-text\">Estudiantes del taller de Ciencia y Tecnolog\u00eda del CEC Maca\u00edba durante la Exposici\u00f3n de Trabajos Estudiantiles.<\/figcaption>\n\t\t\t\t\t\t\t\t\t\t<\/figure>\n\t\t\t\t\t\t\t\t\t<\/div>\n\t\t\t\t<\/div>\n\t\t\t\t\t<\/div>\n\t\t<\/div>\n\t\t\t\t\t<\/div>\n\t\t<\/section>\n\t\t\t\t\t<\/div>\n\t\t<\/div>\n\t\t\t\t\t<\/div>\n\t\t<\/section>\n\t\t\t\t<section class=\"elementor-section elementor-top-section elementor-element elementor-element-vpax8ta elementor-section-boxed elementor-section-height-default elementor-section-height-default\" data-id=\"vpax8ta\" data-element_type=\"section\">\n\t\t\t\t\t\t<div class=\"elementor-container elementor-column-gap-default\">\n\t\t\t\t\t<div class=\"elementor-column elementor-col-100 elementor-top-column elementor-element elementor-element-vwou4ip\" data-id=\"vwou4ip\" data-element_type=\"column\">\n\t\t\t<div class=\"elementor-widget-wrap elementor-element-populated\">\n\t\t\t\t\t\t<div class=\"elementor-element elementor-element-pqodyf1 elementor-widget elementor-widget-text-editor\" data-id=\"pqodyf1\" data-element_type=\"widget\" data-widget_type=\"text-editor.default\">\n\t\t\t\t<div class=\"elementor-widget-container\">\n\t\t\t\t\t\t\t\t\t<p>Los contenidos impartidos est\u00e1n estrechamente relacionados con la vida de los estudiantes, fomentando la diversidad de ideas y la comprensi\u00f3n de la realidad. Dichos contenidos se tratan en diferentes talleres: rob\u00f3tica, biolog\u00eda, historia, artes, tecnolog\u00eda, f\u00edsica, comunicaci\u00f3n, medio ambiente y qu\u00edmica.<\/p><p>Forman parte de los talleres de educaci\u00f3n cient\u00edfica de los CEC <strong>1.400 estudiantes<\/strong> por a\u00f1o en sus tres unidades: <strong>Natal-RN, Maca\u00edba-RN y Serrinha-BA. <\/strong>\u00a0Una cuarta unidad en la ciudad de\u00a0<strong>Caxias-MA<\/strong>\u00a0Es administrado por el Gobierno del Estado de Maranh\u00e3o, bajo la asistencia pedag\u00f3gica del ISD.<\/p><p>Los talleres de la CCA se llevan a cabo en\u00a0<strong>escuela p\u00fablica regular despu\u00e9s de la escuela<\/strong>, sin divisi\u00f3n de clases por grupos de edad. Cada estudiante participa en dos talleres por a\u00f1o, dos d\u00edas a la semana. Para formar parte de los CEC no hay selecci\u00f3n: el requisito previo es estudiar en\u00a0<strong>red de educaci\u00f3n p\u00fablica<\/strong>, del 6\u00ba al 9\u00ba a\u00f1o de Educaci\u00f3n Primaria II.<\/p>\t\t\t\t\t\t\t\t<\/div>\n\t\t\t\t<\/div>\n\t\t\t\t\t<\/div>\n\t\t<\/div>\n\t\t\t\t\t<\/div>\n\t\t<\/section>\n\t\t\t\t<section class=\"elementor-section elementor-top-section elementor-element elementor-element-a6etvuh elementor-section-boxed elementor-section-height-default elementor-section-height-default\" data-id=\"a6etvuh\" data-element_type=\"section\">\n\t\t\t\t\t\t<div class=\"elementor-container elementor-column-gap-default\">\n\t\t\t\t\t<div class=\"elementor-column elementor-col-100 elementor-top-column elementor-element elementor-element-8jre1ml\" data-id=\"8jre1ml\" data-element_type=\"column\">\n\t\t\t<div class=\"elementor-widget-wrap elementor-element-populated\">\n\t\t\t\t\t\t<section class=\"elementor-section elementor-inner-section elementor-element elementor-element-c33yqnd elementor-section-boxed elementor-section-height-default elementor-section-height-default\" data-id=\"c33yqnd\" data-element_type=\"section\">\n\t\t\t\t\t\t<div class=\"elementor-container elementor-column-gap-default\">\n\t\t\t\t\t<div class=\"elementor-column elementor-col-50 elementor-inner-column elementor-element elementor-element-pne7nz9\" data-id=\"pne7nz9\" data-element_type=\"column\">\n\t\t\t<div class=\"elementor-widget-wrap elementor-element-populated\">\n\t\t\t\t\t\t<div class=\"elementor-element elementor-element-96nj61a elementor-widget elementor-widget-image\" data-id=\"96nj61a\" data-element_type=\"widget\" data-widget_type=\"image.default\">\n\t\t\t\t<div class=\"elementor-widget-container\">\n\t\t\t\t\t\t\t\t\t\t\t\t<figure class=\"wp-caption\">\n\t\t\t\t\t\t\t\t\t\t\t<a href=\"https:\/\/institutosantosdumont.org.br\/wp-content\/uploads\/2017\/08\/IMG_0517.jpg\" data-elementor-open-lightbox=\"yes\" data-elementor-lightbox-title=\"IMG_0517\" data-e-action-hash=\"#elementor-action%3Aaction%3Dlightbox%26settings%3DeyJpZCI6MTE0NDcsInVybCI6Imh0dHBzOlwvXC9pbnN0aXR1dG9zYW50b3NkdW1vbnQub3JnLmJyXC93cC1jb250ZW50XC91cGxvYWRzXC8yMDE3XC8wOFwvSU1HXzA1MTcuanBnIn0%3D\">\n\t\t\t\t\t\t\t<img decoding=\"async\" width=\"800\" height=\"600\" src=\"https:\/\/institutosantosdumont.org.br\/wp-content\/uploads\/2017\/08\/IMG_0517-1024x768.jpg\" class=\"attachment-large size-large wp-image-11447\" alt=\"\" srcset=\"https:\/\/institutosantosdumont.org.br\/wp-content\/uploads\/2017\/08\/IMG_0517-1024x768.jpg 1024w, https:\/\/institutosantosdumont.org.br\/wp-content\/uploads\/2017\/08\/IMG_0517-300x225.jpg 300w, https:\/\/institutosantosdumont.org.br\/wp-content\/uploads\/2017\/08\/IMG_0517-768x576.jpg 768w\" sizes=\"(max-width: 800px) 100vw, 800px\" \/>\t\t\t\t\t\t\t\t<\/a>\n\t\t\t\t\t\t\t\t\t\t\t<figcaption class=\"widget-image-caption wp-caption-text\">Algunos visitantes externos durante la exposici\u00f3n de trabajos de estudiantes del CEC Natal.<\/figcaption>\n\t\t\t\t\t\t\t\t\t\t<\/figure>\n\t\t\t\t\t\t\t\t\t<\/div>\n\t\t\t\t<\/div>\n\t\t\t\t\t<\/div>\n\t\t<\/div>\n\t\t\t\t<div class=\"elementor-column elementor-col-50 elementor-inner-column elementor-element elementor-element-x7dete9\" data-id=\"x7dete9\" data-element_type=\"column\">\n\t\t\t<div class=\"elementor-widget-wrap elementor-element-populated\">\n\t\t\t\t\t\t<div class=\"elementor-element elementor-element-fji07x4 elementor-widget elementor-widget-image\" data-id=\"fji07x4\" data-element_type=\"widget\" data-widget_type=\"image.default\">\n\t\t\t\t<div class=\"elementor-widget-container\">\n\t\t\t\t\t\t\t\t\t\t\t\t<figure class=\"wp-caption\">\n\t\t\t\t\t\t\t\t\t\t<img loading=\"lazy\" decoding=\"async\" width=\"800\" height=\"534\" src=\"https:\/\/institutosantosdumont.org.br\/wp-content\/uploads\/2017\/08\/IMG_9108_editada-1024x683.jpg\" class=\"attachment-large size-large wp-image-11449\" alt=\"\" srcset=\"https:\/\/institutosantosdumont.org.br\/wp-content\/uploads\/2017\/08\/IMG_9108_editada-1024x683.jpg 1024w, https:\/\/institutosantosdumont.org.br\/wp-content\/uploads\/2017\/08\/IMG_9108_editada-300x200.jpg 300w, https:\/\/institutosantosdumont.org.br\/wp-content\/uploads\/2017\/08\/IMG_9108_editada-768x512.jpg 768w, https:\/\/institutosantosdumont.org.br\/wp-content\/uploads\/2017\/08\/IMG_9108_editada.jpg 1300w\" sizes=\"(max-width: 800px) 100vw, 800px\" \/>\t\t\t\t\t\t\t\t\t\t\t<figcaption class=\"widget-image-caption wp-caption-text\">Estudiante del Taller de Ciencia y Comunicaci\u00f3n del CEC Natal tras experimento con lightpainting<\/figcaption>\n\t\t\t\t\t\t\t\t\t\t<\/figure>\n\t\t\t\t\t\t\t\t\t<\/div>\n\t\t\t\t<\/div>\n\t\t\t\t\t<\/div>\n\t\t<\/div>\n\t\t\t\t\t<\/div>\n\t\t<\/section>\n\t\t\t\t\t<\/div>\n\t\t<\/div>\n\t\t\t\t\t<\/div>\n\t\t<\/section>\n\t\t\t\t<section class=\"elementor-section elementor-top-section elementor-element elementor-element-su4hc0x elementor-section-boxed elementor-section-height-default elementor-section-height-default\" data-id=\"su4hc0x\" data-element_type=\"section\">\n\t\t\t\t\t\t<div class=\"elementor-container elementor-column-gap-default\">\n\t\t\t\t\t<div class=\"elementor-column elementor-col-100 elementor-top-column elementor-element elementor-element-vm61e6i\" data-id=\"vm61e6i\" data-element_type=\"column\">\n\t\t\t<div class=\"elementor-widget-wrap elementor-element-populated\">\n\t\t\t\t\t\t<div class=\"elementor-element elementor-element-gll4s66 elementor-widget elementor-widget-text-editor\" data-id=\"gll4s66\" data-element_type=\"widget\" data-widget_type=\"text-editor.default\">\n\t\t\t\t<div class=\"elementor-widget-container\">\n\t\t\t\t\t\t\t\t\t<h2><strong>Equipos:<\/strong><\/h2>\t\t\t\t\t\t\t\t<\/div>\n\t\t\t\t<\/div>\n\t\t\t\t<section class=\"elementor-section elementor-inner-section elementor-element elementor-element-zeeevrm elementor-section-boxed elementor-section-height-default elementor-section-height-default\" data-id=\"zeeevrm\" data-element_type=\"section\">\n\t\t\t\t\t\t<div class=\"elementor-container elementor-column-gap-default\">\n\t\t\t\t\t<div class=\"elementor-column elementor-col-100 elementor-inner-column elementor-element elementor-element-rgtx1z8\" data-id=\"rgtx1z8\" data-element_type=\"column\">\n\t\t\t<div class=\"elementor-widget-wrap elementor-element-populated\">\n\t\t\t\t\t\t<div class=\"elementor-element elementor-element-8z6cjtj elementor-widget elementor-widget-image\" data-id=\"8z6cjtj\" data-element_type=\"widget\" data-widget_type=\"image.default\">\n\t\t\t\t<div class=\"elementor-widget-container\">\n\t\t\t\t\t\t\t\t\t\t\t\t<figure class=\"wp-caption\">\n\t\t\t\t\t\t\t\t\t\t<img loading=\"lazy\" decoding=\"async\" width=\"768\" height=\"556\" src=\"https:\/\/institutosantosdumont.org.br\/wp-content\/uploads\/2017\/08\/equipe_menor-768x556.jpg\" class=\"attachment-medium_large size-medium_large wp-image-11579\" alt=\"\" srcset=\"https:\/\/institutosantosdumont.org.br\/wp-content\/uploads\/2017\/08\/equipe_menor-768x556.jpg 768w, https:\/\/institutosantosdumont.org.br\/wp-content\/uploads\/2017\/08\/equipe_menor-300x217.jpg 300w, https:\/\/institutosantosdumont.org.br\/wp-content\/uploads\/2017\/08\/equipe_menor-1024x741.jpg 1024w, https:\/\/institutosantosdumont.org.br\/wp-content\/uploads\/2017\/08\/equipe_menor.jpg 1500w\" sizes=\"(max-width: 768px) 100vw, 768px\" \/>\t\t\t\t\t\t\t\t\t\t\t<figcaption class=\"widget-image-caption wp-caption-text\">Parte del equipo de CEC Natal<\/figcaption>\n\t\t\t\t\t\t\t\t\t\t<\/figure>\n\t\t\t\t\t\t\t\t\t<\/div>\n\t\t\t\t<\/div>\n\t\t\t\t\t<\/div>\n\t\t<\/div>\n\t\t\t\t\t<\/div>\n\t\t<\/section>\n\t\t\t\t<div class=\"elementor-element elementor-element-pvcnek1 elementor-widget elementor-widget-spacer\" data-id=\"pvcnek1\" data-element_type=\"widget\" data-widget_type=\"spacer.default\">\n\t\t\t\t<div class=\"elementor-widget-container\">\n\t\t\t\t\t\t\t<div class=\"elementor-spacer\">\n\t\t\t<div class=\"elementor-spacer-inner\"><\/div>\n\t\t<\/div>\n\t\t\t\t\t\t<\/div>\n\t\t\t\t<\/div>\n\t\t\t\t<section class=\"elementor-section elementor-inner-section elementor-element elementor-element-erf7zdu elementor-section-boxed elementor-section-height-default elementor-section-height-default\" data-id=\"erf7zdu\" data-element_type=\"section\">\n\t\t\t\t\t\t<div class=\"elementor-container elementor-column-gap-default\">\n\t\t\t\t\t<div class=\"elementor-column elementor-col-100 elementor-inner-column elementor-element elementor-element-fo6cw56\" data-id=\"fo6cw56\" data-element_type=\"column\">\n\t\t\t<div class=\"elementor-widget-wrap elementor-element-populated\">\n\t\t\t\t\t\t<div class=\"elementor-element elementor-element-ojj0zoq elementor-widget elementor-widget-image\" data-id=\"ojj0zoq\" data-element_type=\"widget\" data-widget_type=\"image.default\">\n\t\t\t\t<div class=\"elementor-widget-container\">\n\t\t\t\t\t\t\t\t\t\t\t\t<figure class=\"wp-caption\">\n\t\t\t\t\t\t\t\t\t\t<img loading=\"lazy\" decoding=\"async\" width=\"768\" height=\"531\" src=\"https:\/\/institutosantosdumont.org.br\/wp-content\/uploads\/2017\/08\/Equipe-768x531.jpg\" class=\"attachment-medium_large size-medium_large wp-image-11580\" alt=\"\" srcset=\"https:\/\/institutosantosdumont.org.br\/wp-content\/uploads\/2017\/08\/Equipe-768x531.jpg 768w, https:\/\/institutosantosdumont.org.br\/wp-content\/uploads\/2017\/08\/Equipe-300x208.jpg 300w, https:\/\/institutosantosdumont.org.br\/wp-content\/uploads\/2017\/08\/Equipe-1024x709.jpg 1024w, https:\/\/institutosantosdumont.org.br\/wp-content\/uploads\/2017\/08\/Equipe.jpg 1500w\" sizes=\"(max-width: 768px) 100vw, 768px\" \/>\t\t\t\t\t\t\t\t\t\t\t<figcaption class=\"widget-image-caption wp-caption-text\">Equipo CEC Maca\u00edba<\/figcaption>\n\t\t\t\t\t\t\t\t\t\t<\/figure>\n\t\t\t\t\t\t\t\t\t<\/div>\n\t\t\t\t<\/div>\n\t\t\t\t\t<\/div>\n\t\t<\/div>\n\t\t\t\t\t<\/div>\n\t\t<\/section>\n\t\t\t\t<div class=\"elementor-element elementor-element-pgctmwa elementor-widget elementor-widget-spacer\" data-id=\"pgctmwa\" data-element_type=\"widget\" data-widget_type=\"spacer.default\">\n\t\t\t\t<div class=\"elementor-widget-container\">\n\t\t\t\t\t\t\t<div class=\"elementor-spacer\">\n\t\t\t<div class=\"elementor-spacer-inner\"><\/div>\n\t\t<\/div>\n\t\t\t\t\t\t<\/div>\n\t\t\t\t<\/div>\n\t\t\t\t<section class=\"elementor-section elementor-inner-section elementor-element elementor-element-p7u1z78 elementor-section-boxed elementor-section-height-default elementor-section-height-default\" data-id=\"p7u1z78\" data-element_type=\"section\">\n\t\t\t\t\t\t<div class=\"elementor-container elementor-column-gap-default\">\n\t\t\t\t\t<div class=\"elementor-column elementor-col-100 elementor-inner-column elementor-element elementor-element-s70wec1\" data-id=\"s70wec1\" data-element_type=\"column\">\n\t\t\t<div class=\"elementor-widget-wrap elementor-element-populated\">\n\t\t\t\t\t\t<div class=\"elementor-element elementor-element-s0bmd8l elementor-widget elementor-widget-image\" data-id=\"s0bmd8l\" data-element_type=\"widget\" data-widget_type=\"image.default\">\n\t\t\t\t<div class=\"elementor-widget-container\">\n\t\t\t\t\t\t\t\t\t\t\t\t<figure class=\"wp-caption\">\n\t\t\t\t\t\t\t\t\t\t<img loading=\"lazy\" decoding=\"async\" width=\"768\" height=\"510\" src=\"https:\/\/institutosantosdumont.org.br\/wp-content\/uploads\/2017\/08\/Equipe-junta_menor-768x510.jpg\" class=\"attachment-medium_large size-medium_large wp-image-11581\" alt=\"\" srcset=\"https:\/\/institutosantosdumont.org.br\/wp-content\/uploads\/2017\/08\/Equipe-junta_menor-768x510.jpg 768w, https:\/\/institutosantosdumont.org.br\/wp-content\/uploads\/2017\/08\/Equipe-junta_menor-300x199.jpg 300w, https:\/\/institutosantosdumont.org.br\/wp-content\/uploads\/2017\/08\/Equipe-junta_menor-1024x681.jpg 1024w, https:\/\/institutosantosdumont.org.br\/wp-content\/uploads\/2017\/08\/Equipe-junta_menor.jpg 1500w\" sizes=\"(max-width: 768px) 100vw, 768px\" \/>\t\t\t\t\t\t\t\t\t\t\t<figcaption class=\"widget-image-caption wp-caption-text\">Equipo CEC Serrinha<\/figcaption>\n\t\t\t\t\t\t\t\t\t\t<\/figure>\n\t\t\t\t\t\t\t\t\t<\/div>\n\t\t\t\t<\/div>\n\t\t\t\t\t<\/div>\n\t\t<\/div>\n\t\t\t\t\t<\/div>\n\t\t<\/section>\n\t\t\t\t<div class=\"elementor-element elementor-element-1g53f8x elementor-widget elementor-widget-spacer\" data-id=\"1g53f8x\" data-element_type=\"widget\" data-widget_type=\"spacer.default\">\n\t\t\t\t<div class=\"elementor-widget-container\">\n\t\t\t\t\t\t\t<div class=\"elementor-spacer\">\n\t\t\t<div class=\"elementor-spacer-inner\"><\/div>\n\t\t<\/div>\n\t\t\t\t\t\t<\/div>\n\t\t\t\t<\/div>\n\t\t\t\t\t<\/div>\n\t\t<\/div>\n\t\t\t\t\t<\/div>\n\t\t<\/section>\n\t\t\t\t<\/div>","protected":false},"excerpt":{"rendered":"<p>Unidades suspensas em 2017. Clique aqui para saber mais. H\u00e1 mais de 10 anos no Nordeste brasileiro, funcionam os\u00a0Centros de Educa\u00e7\u00e3o Cient\u00edfica (CECs)\u00a0do Instituto Santos Dumont (ISD). O objetivo geral \u00e9 o de desenvolver um projeto que promova a Educa\u00e7\u00e3o Cient\u00edfica para alunos do ensino b\u00e1sico, a fim de oferecer e difundir o exerc\u00edcio da [&hellip;]<\/p>","protected":false},"author":6,"featured_media":0,"parent":11023,"menu_order":0,"comment_status":"closed","ping_status":"closed","template":"template-page.php","meta":{"_acf_changed":false,"footnotes":""},"class_list":["post-11049","page","type-page","status-publish","hentry"],"acf":[],"_links":{"self":[{"href":"https:\/\/institutosantosdumont.org.br\/es\/wp-json\/wp\/v2\/pages\/11049","targetHints":{"allow":["GET"]}}],"collection":[{"href":"https:\/\/institutosantosdumont.org.br\/es\/wp-json\/wp\/v2\/pages"}],"about":[{"href":"https:\/\/institutosantosdumont.org.br\/es\/wp-json\/wp\/v2\/types\/page"}],"author":[{"embeddable":true,"href":"https:\/\/institutosantosdumont.org.br\/es\/wp-json\/wp\/v2\/users\/6"}],"replies":[{"embeddable":true,"href":"https:\/\/institutosantosdumont.org.br\/es\/wp-json\/wp\/v2\/comments?post=11049"}],"version-history":[{"count":0,"href":"https:\/\/institutosantosdumont.org.br\/es\/wp-json\/wp\/v2\/pages\/11049\/revisions"}],"up":[{"embeddable":true,"href":"https:\/\/institutosantosdumont.org.br\/es\/wp-json\/wp\/v2\/pages\/11023"}],"wp:attachment":[{"href":"https:\/\/institutosantosdumont.org.br\/es\/wp-json\/wp\/v2\/media?parent=11049"}],"curies":[{"name":"wp","href":"https:\/\/api.w.org\/{rel}","templated":true}]}}