{"id":11076,"date":"2017-08-06T21:00:46","date_gmt":"2017-08-07T00:00:46","guid":{"rendered":"http:\/\/www.institutosantosdumont.org.br\/?page_id=11076"},"modified":"2025-07-23T11:38:09","modified_gmt":"2025-07-23T14:38:09","slug":"perguntas-mestrado","status":"publish","type":"page","link":"https:\/\/institutosantosdumont.org.br\/es\/pos-graduacao-neuroengenharia\/perguntas-mestrado\/","title":{"rendered":"Preguntas Frecuentes \u2013 M\u00e1ster en Neuroingenier\u00eda"},"content":{"rendered":"<div data-elementor-type=\"wp-post\" data-elementor-id=\"11076\" class=\"elementor elementor-11076\" data-elementor-post-type=\"page\">\n\t\t\t\t\t\t<section class=\"elementor-section elementor-top-section elementor-element elementor-element-nw4dufm elementor-section-boxed elementor-section-height-default elementor-section-height-default\" data-id=\"nw4dufm\" data-element_type=\"section\">\n\t\t\t\t\t\t<div class=\"elementor-container elementor-column-gap-default\">\n\t\t\t\t\t<div class=\"elementor-column elementor-col-100 elementor-top-column elementor-element elementor-element-nte0q4z\" data-id=\"nte0q4z\" data-element_type=\"column\">\n\t\t\t<div class=\"elementor-widget-wrap elementor-element-populated\">\n\t\t\t\t\t\t<div class=\"elementor-element elementor-element-li29mwe elementor-widget elementor-widget-spacer\" data-id=\"li29mwe\" data-element_type=\"widget\" data-widget_type=\"spacer.default\">\n\t\t\t\t<div class=\"elementor-widget-container\">\n\t\t\t\t\t\t\t<div class=\"elementor-spacer\">\n\t\t\t<div class=\"elementor-spacer-inner\"><\/div>\n\t\t<\/div>\n\t\t\t\t\t\t<\/div>\n\t\t\t\t<\/div>\n\t\t\t\t<div class=\"elementor-element elementor-element-szl85ka elementor-widget elementor-widget-text-editor\" data-id=\"szl85ka\" data-element_type=\"widget\" data-widget_type=\"text-editor.default\">\n\t\t\t\t<div class=\"elementor-widget-container\">\n\t\t\t\t\t\t\t\t\t<p>El Instituto Internacional de Neurociencias Edmond y Lily Safra, del Instituto Santos Dumont (IIN-ELS\/ISD), ofrece desde 2013 la \u00fanica maestr\u00eda en neuroingenier\u00eda de Brasil. A continuaci\u00f3n, consulte las respuestas a las preguntas m\u00e1s frecuentes sobre el curso.<\/p>\t\t\t\t\t\t\t\t<\/div>\n\t\t\t\t<\/div>\n\t\t\t\t<div class=\"elementor-element elementor-element-dbty34i elementor-widget elementor-widget-accordion\" data-id=\"dbty34i\" data-element_type=\"widget\" data-widget_type=\"accordion.default\">\n\t\t\t\t<div class=\"elementor-widget-container\">\n\t\t\t\t\t\t\t<div class=\"elementor-accordion\">\n\t\t\t\t\t\t\t<div class=\"elementor-accordion-item\">\n\t\t\t\t\t<div id=\"elementor-tab-title-5611\" class=\"elementor-tab-title\" data-tab=\"1\" role=\"button\" aria-controls=\"elementor-tab-content-5611\" aria-expanded=\"false\">\n\t\t\t\t\t\t\t\t\t\t\t\t\t<span class=\"elementor-accordion-icon elementor-accordion-icon-left\" aria-hidden=\"true\">\n\t\t\t\t\t\t\t\t\t\t\t\t\t\t\t<span class=\"elementor-accordion-icon-closed\"><i class=\"fas fa-plus\"><\/i><\/span>\n\t\t\t\t\t\t\t\t<span class=\"elementor-accordion-icon-opened\"><i class=\"fas fa-minus\"><\/i><\/span>\n\t\t\t\t\t\t\t\t\t\t\t\t\t\t<\/span>\n\t\t\t\t\t\t\t\t\t\t\t\t<a class=\"elementor-accordion-title\" tabindex=\"0\">\u00bfEl M\u00e1ster en Neuroingenier\u00eda es remunerado?<\/a>\n\t\t\t\t\t<\/div>\n\t\t\t\t\t<div id=\"elementor-tab-content-5611\" class=\"elementor-tab-content elementor-clearfix\" data-tab=\"1\" role=\"region\" aria-labelledby=\"elementor-tab-title-5611\"><p><span style=\"font-weight: 400;\">No, el M\u00e1ster en Neuroingenier\u00eda es gratuito 100%.<\/span><\/p><\/div>\n\t\t\t\t<\/div>\n\t\t\t\t\t\t\t<div class=\"elementor-accordion-item\">\n\t\t\t\t\t<div id=\"elementor-tab-title-5612\" class=\"elementor-tab-title\" data-tab=\"2\" role=\"button\" aria-controls=\"elementor-tab-content-5612\" aria-expanded=\"false\">\n\t\t\t\t\t\t\t\t\t\t\t\t\t<span class=\"elementor-accordion-icon elementor-accordion-icon-left\" aria-hidden=\"true\">\n\t\t\t\t\t\t\t\t\t\t\t\t\t\t\t<span class=\"elementor-accordion-icon-closed\"><i class=\"fas fa-plus\"><\/i><\/span>\n\t\t\t\t\t\t\t\t<span class=\"elementor-accordion-icon-opened\"><i class=\"fas fa-minus\"><\/i><\/span>\n\t\t\t\t\t\t\t\t\t\t\t\t\t\t<\/span>\n\t\t\t\t\t\t\t\t\t\t\t\t<a class=\"elementor-accordion-title\" tabindex=\"0\">\u00bfSe puede cursar el M\u00e1ster en Neuroingenier\u00eda a distancia? (EAD)<\/a>\n\t\t\t\t\t<\/div>\n\t\t\t\t\t<div id=\"elementor-tab-content-5612\" class=\"elementor-tab-content elementor-clearfix\" data-tab=\"2\" role=\"region\" aria-labelledby=\"elementor-tab-title-5612\"><p><span style=\"font-weight: 400;\">No, el M\u00e1ster es presencial y no se puede cursar a distancia.<\/span><\/p><\/div>\n\t\t\t\t<\/div>\n\t\t\t\t\t\t\t<div class=\"elementor-accordion-item\">\n\t\t\t\t\t<div id=\"elementor-tab-title-5613\" class=\"elementor-tab-title\" data-tab=\"3\" role=\"button\" aria-controls=\"elementor-tab-content-5613\" aria-expanded=\"false\">\n\t\t\t\t\t\t\t\t\t\t\t\t\t<span class=\"elementor-accordion-icon elementor-accordion-icon-left\" aria-hidden=\"true\">\n\t\t\t\t\t\t\t\t\t\t\t\t\t\t\t<span class=\"elementor-accordion-icon-closed\"><i class=\"fas fa-plus\"><\/i><\/span>\n\t\t\t\t\t\t\t\t<span class=\"elementor-accordion-icon-opened\"><i class=\"fas fa-minus\"><\/i><\/span>\n\t\t\t\t\t\t\t\t\t\t\t\t\t\t<\/span>\n\t\t\t\t\t\t\t\t\t\t\t\t<a class=\"elementor-accordion-title\" tabindex=\"0\">\u00bfCuando se abre el Proceso de Selecci\u00f3n?<\/a>\n\t\t\t\t\t<\/div>\n\t\t\t\t\t<div id=\"elementor-tab-content-5613\" class=\"elementor-tab-content elementor-clearfix\" data-tab=\"3\" role=\"region\" aria-labelledby=\"elementor-tab-title-5613\"><p>Los procesos de selecci\u00f3n de PPGN se abren dos veces al a\u00f1o: el primero entre mayo y junio y el segundo entre noviembre y diciembre. Mant\u00e9ngase al tanto de nuestras redes sociales para estar al tanto de las \u00faltimas vacantes y las etapas del proceso.<\/p><\/div>\n\t\t\t\t<\/div>\n\t\t\t\t\t\t\t<div class=\"elementor-accordion-item\">\n\t\t\t\t\t<div id=\"elementor-tab-title-5614\" class=\"elementor-tab-title\" data-tab=\"4\" role=\"button\" aria-controls=\"elementor-tab-content-5614\" aria-expanded=\"false\">\n\t\t\t\t\t\t\t\t\t\t\t\t\t<span class=\"elementor-accordion-icon elementor-accordion-icon-left\" aria-hidden=\"true\">\n\t\t\t\t\t\t\t\t\t\t\t\t\t\t\t<span class=\"elementor-accordion-icon-closed\"><i class=\"fas fa-plus\"><\/i><\/span>\n\t\t\t\t\t\t\t\t<span class=\"elementor-accordion-icon-opened\"><i class=\"fas fa-minus\"><\/i><\/span>\n\t\t\t\t\t\t\t\t\t\t\t\t\t\t<\/span>\n\t\t\t\t\t\t\t\t\t\t\t\t<a class=\"elementor-accordion-title\" tabindex=\"0\">\u00bfQui\u00e9n puede aplicar al Proceso de Selecci\u00f3n?<\/a>\n\t\t\t\t\t<\/div>\n\t\t\t\t\t<div id=\"elementor-tab-content-5614\" class=\"elementor-tab-content elementor-clearfix\" data-tab=\"4\" role=\"region\" aria-labelledby=\"elementor-tab-title-5614\"><p>El proceso de selecci\u00f3n est\u00e1 dirigido a candidatos con licenciatura en biolog\u00eda, ingenier\u00eda, ciencias exactas o salud. Se rechazar\u00e1n las plazas que no se encuentren en este \u00e1mbito.<\/p><p>Tenga en cuenta que cada convocatoria puede tener restricciones en cuanto al n\u00famero de solicitudes aceptadas. Consulte su convocatoria actual para obtener m\u00e1s informaci\u00f3n.<\/p><\/div>\n\t\t\t\t<\/div>\n\t\t\t\t\t\t\t<div class=\"elementor-accordion-item\">\n\t\t\t\t\t<div id=\"elementor-tab-title-5615\" class=\"elementor-tab-title\" data-tab=\"5\" role=\"button\" aria-controls=\"elementor-tab-content-5615\" aria-expanded=\"false\">\n\t\t\t\t\t\t\t\t\t\t\t\t\t<span class=\"elementor-accordion-icon elementor-accordion-icon-left\" aria-hidden=\"true\">\n\t\t\t\t\t\t\t\t\t\t\t\t\t\t\t<span class=\"elementor-accordion-icon-closed\"><i class=\"fas fa-plus\"><\/i><\/span>\n\t\t\t\t\t\t\t\t<span class=\"elementor-accordion-icon-opened\"><i class=\"fas fa-minus\"><\/i><\/span>\n\t\t\t\t\t\t\t\t\t\t\t\t\t\t<\/span>\n\t\t\t\t\t\t\t\t\t\t\t\t<a class=\"elementor-accordion-title\" tabindex=\"0\">A\u00fan no he terminado mi carrera, \u00bfpuedo postularme?<\/a>\n\t\t\t\t\t<\/div>\n\t\t\t\t\t<div id=\"elementor-tab-content-5615\" class=\"elementor-tab-content elementor-clearfix\" data-tab=\"5\" role=\"region\" aria-labelledby=\"elementor-tab-title-5615\"><p>Los candidatos que a\u00fan no posean el diploma de finalizaci\u00f3n pero se encuentren en condici\u00f3n de graduados, deber\u00e1n poder acreditar, mediante documento expedido por su universidad de origen, hasta el momento de la preinscripci\u00f3n para los aprobados, que est\u00e1n en condiciones de completar el curso.<br \/>graduaci\u00f3n hasta el \u00faltimo d\u00eda del mes anterior al inicio de actividades, adem\u00e1s de informar la fecha probable de graduaci\u00f3n.<\/p><\/div>\n\t\t\t\t<\/div>\n\t\t\t\t\t\t\t<div class=\"elementor-accordion-item\">\n\t\t\t\t\t<div id=\"elementor-tab-title-5616\" class=\"elementor-tab-title\" data-tab=\"6\" role=\"button\" aria-controls=\"elementor-tab-content-5616\" aria-expanded=\"false\">\n\t\t\t\t\t\t\t\t\t\t\t\t\t<span class=\"elementor-accordion-icon elementor-accordion-icon-left\" aria-hidden=\"true\">\n\t\t\t\t\t\t\t\t\t\t\t\t\t\t\t<span class=\"elementor-accordion-icon-closed\"><i class=\"fas fa-plus\"><\/i><\/span>\n\t\t\t\t\t\t\t\t<span class=\"elementor-accordion-icon-opened\"><i class=\"fas fa-minus\"><\/i><\/span>\n\t\t\t\t\t\t\t\t\t\t\t\t\t\t<\/span>\n\t\t\t\t\t\t\t\t\t\t\t\t<a class=\"elementor-accordion-title\" tabindex=\"0\">\u00bfQu\u00e9 habilidades se desarrollan en el M\u00e1ster en Neuroingenier\u00eda?<\/a>\n\t\t\t\t\t<\/div>\n\t\t\t\t\t<div id=\"elementor-tab-content-5616\" class=\"elementor-tab-content elementor-clearfix\" data-tab=\"6\" role=\"region\" aria-labelledby=\"elementor-tab-title-5616\"><p><span style=\"font-weight: 400;\">El estudiante de Maestr\u00eda en Neuroingenier\u00eda del IIN-ELS desarrolla habilidades en \u00e1reas multidisciplinarias que integran m\u00e9todos de neurociencia e ingenier\u00eda para estudiar el funcionamiento del sistema nervioso y desarrollar soluciones a las limitaciones y disfunciones asociadas a este sistema. Entre las habilidades desarrolladas por los estudiantes de maestr\u00eda del IIN-ELS, podemos mencionar la construcci\u00f3n de arreglos de microelectrodos, cirug\u00eda estereot\u00e1xica, registro electrofisiol\u00f3gico, an\u00e1lisis histol\u00f3gicos e inmunohistoqu\u00edmicos, an\u00e1lisis y procesamiento de se\u00f1ales neuronales, sistemas de realidad virtual, Lokomat y ZeroG en rehabilitaci\u00f3n de pacientes. creaci\u00f3n de prototipos, estimulaci\u00f3n invasiva y no invasiva, entre otros.<\/span><\/p><\/div>\n\t\t\t\t<\/div>\n\t\t\t\t\t\t\t<div class=\"elementor-accordion-item\">\n\t\t\t\t\t<div id=\"elementor-tab-title-5617\" class=\"elementor-tab-title\" data-tab=\"7\" role=\"button\" aria-controls=\"elementor-tab-content-5617\" aria-expanded=\"false\">\n\t\t\t\t\t\t\t\t\t\t\t\t\t<span class=\"elementor-accordion-icon elementor-accordion-icon-left\" aria-hidden=\"true\">\n\t\t\t\t\t\t\t\t\t\t\t\t\t\t\t<span class=\"elementor-accordion-icon-closed\"><i class=\"fas fa-plus\"><\/i><\/span>\n\t\t\t\t\t\t\t\t<span class=\"elementor-accordion-icon-opened\"><i class=\"fas fa-minus\"><\/i><\/span>\n\t\t\t\t\t\t\t\t\t\t\t\t\t\t<\/span>\n\t\t\t\t\t\t\t\t\t\t\t\t<a class=\"elementor-accordion-title\" tabindex=\"0\">\u00bfCu\u00e1les son las perspectivas profesionales tras finalizar el curso?<\/a>\n\t\t\t\t\t<\/div>\n\t\t\t\t\t<div id=\"elementor-tab-content-5617\" class=\"elementor-tab-content elementor-clearfix\" data-tab=\"7\" role=\"region\" aria-labelledby=\"elementor-tab-title-5617\"><p><span style=\"font-weight: 400;\">Los profesionales con una maestr\u00eda en neuroingenier\u00eda pueden trabajar en numerosas \u00e1reas que abarcan aspectos de la investigaci\u00f3n experimental, computacional, te\u00f3rica, cl\u00ednica y aplicada a nivel molecular, celular y de sistemas.  \u00e1reas diversas como interfaz cerebro-m\u00e1quina, neuromodulaci\u00f3n, neurociencia computacional y procesamiento de se\u00f1ales, rehabilitaci\u00f3n, interfaz cerebro-cerebro, pr\u00f3tesis y \u00f3rtesis, biocompatibilidad, enfermedades neurodegenerativas, microcefalia, enfermedades psiqui\u00e1tricas y cognici\u00f3n, entre otras, adem\u00e1s de continuar sus estudios en \u00e1reas de neurociencias y docencia en instituciones educativas.<\/span><\/p><\/div>\n\t\t\t\t<\/div>\n\t\t\t\t\t\t\t<div class=\"elementor-accordion-item\">\n\t\t\t\t\t<div id=\"elementor-tab-title-5618\" class=\"elementor-tab-title\" data-tab=\"8\" role=\"button\" aria-controls=\"elementor-tab-content-5618\" aria-expanded=\"false\">\n\t\t\t\t\t\t\t\t\t\t\t\t\t<span class=\"elementor-accordion-icon elementor-accordion-icon-left\" aria-hidden=\"true\">\n\t\t\t\t\t\t\t\t\t\t\t\t\t\t\t<span class=\"elementor-accordion-icon-closed\"><i class=\"fas fa-plus\"><\/i><\/span>\n\t\t\t\t\t\t\t\t<span class=\"elementor-accordion-icon-opened\"><i class=\"fas fa-minus\"><\/i><\/span>\n\t\t\t\t\t\t\t\t\t\t\t\t\t\t<\/span>\n\t\t\t\t\t\t\t\t\t\t\t\t<a class=\"elementor-accordion-title\" tabindex=\"0\">\u00bfCu\u00e1les son los plazos m\u00e1ximos de calificaci\u00f3n y defensa del trabajo de fin de m\u00e1ster?<\/a>\n\t\t\t\t\t<\/div>\n\t\t\t\t\t<div id=\"elementor-tab-content-5618\" class=\"elementor-tab-content elementor-clearfix\" data-tab=\"8\" role=\"region\" aria-labelledby=\"elementor-tab-title-5618\"><p><span style=\"font-weight: 400;\">El plazo m\u00e1ximo para la calificaci\u00f3n de los estudiantes becados es de hasta 1 (un) a\u00f1o despu\u00e9s de matricularse en la maestr\u00eda. Los estudiantes que no tengan la intenci\u00f3n de solicitar la beca pueden calificar dentro de los 18 meses posteriores a la inscripci\u00f3n en la maestr\u00eda. Para todo estudiante, la defensa del t\u00edtulo de maestr\u00eda deber\u00e1 realizarse, sin falta, dentro de los 2 (dos) a\u00f1os siguientes al ingreso a la maestr\u00eda.<\/span><\/p><\/div>\n\t\t\t\t<\/div>\n\t\t\t\t\t\t\t<div class=\"elementor-accordion-item\">\n\t\t\t\t\t<div id=\"elementor-tab-title-5619\" class=\"elementor-tab-title\" data-tab=\"9\" role=\"button\" aria-controls=\"elementor-tab-content-5619\" aria-expanded=\"false\">\n\t\t\t\t\t\t\t\t\t\t\t\t\t<span class=\"elementor-accordion-icon elementor-accordion-icon-left\" aria-hidden=\"true\">\n\t\t\t\t\t\t\t\t\t\t\t\t\t\t\t<span class=\"elementor-accordion-icon-closed\"><i class=\"fas fa-plus\"><\/i><\/span>\n\t\t\t\t\t\t\t\t<span class=\"elementor-accordion-icon-opened\"><i class=\"fas fa-minus\"><\/i><\/span>\n\t\t\t\t\t\t\t\t\t\t\t\t\t\t<\/span>\n\t\t\t\t\t\t\t\t\t\t\t\t<a class=\"elementor-accordion-title\" tabindex=\"0\">\u00bfEl Programa de Posgrado IIN-ELS ofrece becas? De ser as\u00ed, \u00bfcu\u00e1les son los criterios para adquirir y mantener estas becas?<\/a>\n\t\t\t\t\t<\/div>\n\t\t\t\t\t<div id=\"elementor-tab-content-5619\" class=\"elementor-tab-content elementor-clearfix\" data-tab=\"9\" role=\"region\" aria-labelledby=\"elementor-tab-title-5619\"><p><span style=\"font-weight: 400;\">El Programa de Posgrado del IIN-ELS ofrece becas de acuerdo a la disponibilidad de agencias de financiamiento de investigaci\u00f3n y otras fuentes de recursos. Cuando est\u00e1n disponibles, las becas se asignan de acuerdo con las reglas de becas PPG IIN-ELS.<\/span><\/p><\/div>\n\t\t\t\t<\/div>\n\t\t\t\t\t\t\t<div class=\"elementor-accordion-item\">\n\t\t\t\t\t<div id=\"elementor-tab-title-56110\" class=\"elementor-tab-title\" data-tab=\"10\" role=\"button\" aria-controls=\"elementor-tab-content-56110\" aria-expanded=\"false\">\n\t\t\t\t\t\t\t\t\t\t\t\t\t<span class=\"elementor-accordion-icon elementor-accordion-icon-left\" aria-hidden=\"true\">\n\t\t\t\t\t\t\t\t\t\t\t\t\t\t\t<span class=\"elementor-accordion-icon-closed\"><i class=\"fas fa-plus\"><\/i><\/span>\n\t\t\t\t\t\t\t\t<span class=\"elementor-accordion-icon-opened\"><i class=\"fas fa-minus\"><\/i><\/span>\n\t\t\t\t\t\t\t\t\t\t\t\t\t\t<\/span>\n\t\t\t\t\t\t\t\t\t\t\t\t<a class=\"elementor-accordion-title\" tabindex=\"0\">\u00bfLos becarios IIN-ELS pueden realizar actividades profesionales remuneradas durante la duraci\u00f3n de la beca?<\/a>\n\t\t\t\t\t<\/div>\n\t\t\t\t\t<div id=\"elementor-tab-content-56110\" class=\"elementor-tab-content elementor-clearfix\" data-tab=\"10\" role=\"region\" aria-labelledby=\"elementor-tab-title-56110\"><p><span style=\"font-weight: 400;\">Los becarios del IIN-ELS no deber\u00e1n tener relaci\u00f3n laboral\/funcional, aunque sea de car\u00e1cter acad\u00e9mico, con salario, en la misma regi\u00f3n metropolitana o municipio donde se encuentre ubicado el PGIIN-ELS. Para m\u00e1s detalles consultar el reglamento de becas del Instituto.<\/span><\/p><\/div>\n\t\t\t\t<\/div>\n\t\t\t\t\t\t\t<div class=\"elementor-accordion-item\">\n\t\t\t\t\t<div id=\"elementor-tab-title-56111\" class=\"elementor-tab-title\" data-tab=\"11\" role=\"button\" aria-controls=\"elementor-tab-content-56111\" aria-expanded=\"false\">\n\t\t\t\t\t\t\t\t\t\t\t\t\t<span class=\"elementor-accordion-icon elementor-accordion-icon-left\" aria-hidden=\"true\">\n\t\t\t\t\t\t\t\t\t\t\t\t\t\t\t<span class=\"elementor-accordion-icon-closed\"><i class=\"fas fa-plus\"><\/i><\/span>\n\t\t\t\t\t\t\t\t<span class=\"elementor-accordion-icon-opened\"><i class=\"fas fa-minus\"><\/i><\/span>\n\t\t\t\t\t\t\t\t\t\t\t\t\t\t<\/span>\n\t\t\t\t\t\t\t\t\t\t\t\t<a class=\"elementor-accordion-title\" tabindex=\"0\">\u00bfC\u00f3mo se elige al director y el proyecto en el que trabajar\u00e1 el estudiante de m\u00e1ster?<\/a>\n\t\t\t\t\t<\/div>\n\t\t\t\t\t<div id=\"elementor-tab-content-56111\" class=\"elementor-tab-content elementor-clearfix\" data-tab=\"11\" role=\"region\" aria-labelledby=\"elementor-tab-title-56111\"><p><span style=\"font-weight: 400;\">Durante el proceso de selecci\u00f3n se identifica el perfil acad\u00e9mico del estudiante de maestr\u00eda, considerando sus habilidades e intereses. Despu\u00e9s del inicio de las actividades, los estudiantes de maestr\u00eda son asignados a proyectos en curso y a la disponibilidad de supervisores, de acuerdo con este perfil establecido.<\/span><\/p><\/div>\n\t\t\t\t<\/div>\n\t\t\t\t\t\t\t<div class=\"elementor-accordion-item\">\n\t\t\t\t\t<div id=\"elementor-tab-title-56112\" class=\"elementor-tab-title\" data-tab=\"12\" role=\"button\" aria-controls=\"elementor-tab-content-56112\" aria-expanded=\"false\">\n\t\t\t\t\t\t\t\t\t\t\t\t\t<span class=\"elementor-accordion-icon elementor-accordion-icon-left\" aria-hidden=\"true\">\n\t\t\t\t\t\t\t\t\t\t\t\t\t\t\t<span class=\"elementor-accordion-icon-closed\"><i class=\"fas fa-plus\"><\/i><\/span>\n\t\t\t\t\t\t\t\t<span class=\"elementor-accordion-icon-opened\"><i class=\"fas fa-minus\"><\/i><\/span>\n\t\t\t\t\t\t\t\t\t\t\t\t\t\t<\/span>\n\t\t\t\t\t\t\t\t\t\t\t\t<a class=\"elementor-accordion-title\" tabindex=\"0\">\u00bfCu\u00e1les son los lugares y horarios de actividades para los estudiantes de la Maestr\u00eda en Neuroingenier\u00eda del IIN-ELS?<\/a>\n\t\t\t\t\t<\/div>\n\t\t\t\t\t<div id=\"elementor-tab-content-56112\" class=\"elementor-tab-content elementor-clearfix\" data-tab=\"12\" role=\"region\" aria-labelledby=\"elementor-tab-title-56112\"><p>Los estudiantes de la Maestr\u00eda en Neuroingenier\u00eda del IIN-ELS pueden utilizar toda la infraestructura presente en las unidades del Instituto Santos Dumont para realizar sus funciones investigativas y educativas. Las actividades normalmente se desarrollan entre las 8:00 y las 17:00 horas. Los estudiantes becados deber\u00e1n dedicarse exclusivamente al Programa.<\/p><\/div>\n\t\t\t\t<\/div>\n\t\t\t\t\t\t\t<div class=\"elementor-accordion-item\">\n\t\t\t\t\t<div id=\"elementor-tab-title-56113\" class=\"elementor-tab-title\" data-tab=\"13\" role=\"button\" aria-controls=\"elementor-tab-content-56113\" aria-expanded=\"false\">\n\t\t\t\t\t\t\t\t\t\t\t\t\t<span class=\"elementor-accordion-icon elementor-accordion-icon-left\" aria-hidden=\"true\">\n\t\t\t\t\t\t\t\t\t\t\t\t\t\t\t<span class=\"elementor-accordion-icon-closed\"><i class=\"fas fa-plus\"><\/i><\/span>\n\t\t\t\t\t\t\t\t<span class=\"elementor-accordion-icon-opened\"><i class=\"fas fa-minus\"><\/i><\/span>\n\t\t\t\t\t\t\t\t\t\t\t\t\t\t<\/span>\n\t\t\t\t\t\t\t\t\t\t\t\t<a class=\"elementor-accordion-title\" tabindex=\"0\">\u00bfQu\u00e9 opciones de transporte y alimentaci\u00f3n est\u00e1n disponibles para los estudiantes?<\/a>\n\t\t\t\t\t<\/div>\n\t\t\t\t\t<div id=\"elementor-tab-content-56113\" class=\"elementor-tab-content elementor-clearfix\" data-tab=\"13\" role=\"region\" aria-labelledby=\"elementor-tab-title-56113\"><p>ISD ofrece transporte p\u00fablico gratuito entre Natal y Maca\u00edba para sus estudiantes y empleados. Comun\u00edquese con la Secretar\u00eda de Investigaci\u00f3n y Posgrado (SPPG-IIN-ELS) para obtener detalles sobre horarios y rutas. Tambi\u00e9n hay opciones de camionetas y autobuses del sistema de transporte municipal en Maca\u00edba y Natal. Consulta la p\u00e1gina del ayuntamiento para m\u00e1s informaci\u00f3n.<\/p><p>En cuanto a la alimentaci\u00f3n, el ISD no cuenta con cafeter\u00eda, pero existen varios servicios de entrega a domicilio para llevar comida al Instituto. El centro de Maca\u00edba est\u00e1 cerca y tambi\u00e9n ofrece opciones de comida. El ISD ofrece transporte p\u00fablico gratuito entre sus centros de investigaci\u00f3n y salud y el centro de Maca\u00edba durante el almuerzo. Finalmente, el IIN-ELS cuenta con una peque\u00f1a cocina con refrigerador y microondas, que puede utilizarse para autoservicio.<\/p><\/div>\n\t\t\t\t<\/div>\n\t\t\t\t\t\t\t<div class=\"elementor-accordion-item\">\n\t\t\t\t\t<div id=\"elementor-tab-title-56114\" class=\"elementor-tab-title\" data-tab=\"14\" role=\"button\" aria-controls=\"elementor-tab-content-56114\" aria-expanded=\"false\">\n\t\t\t\t\t\t\t\t\t\t\t\t\t<span class=\"elementor-accordion-icon elementor-accordion-icon-left\" aria-hidden=\"true\">\n\t\t\t\t\t\t\t\t\t\t\t\t\t\t\t<span class=\"elementor-accordion-icon-closed\"><i class=\"fas fa-plus\"><\/i><\/span>\n\t\t\t\t\t\t\t\t<span class=\"elementor-accordion-icon-opened\"><i class=\"fas fa-minus\"><\/i><\/span>\n\t\t\t\t\t\t\t\t\t\t\t\t\t\t<\/span>\n\t\t\t\t\t\t\t\t\t\t\t\t<a class=\"elementor-accordion-title\" tabindex=\"0\">\u00bfC\u00f3mo puede el estudiante demostrar dominio del ingl\u00e9s?<\/a>\n\t\t\t\t\t<\/div>\n\t\t\t\t\t<div id=\"elementor-tab-content-56114\" class=\"elementor-tab-content elementor-clearfix\" data-tab=\"14\" role=\"region\" aria-labelledby=\"elementor-tab-title-56114\"><p><span style=\"font-weight: 400;\">Todos los estudiantes de maestr\u00eda deber\u00e1n presentar prueba de dominio del idioma ingl\u00e9s antes de finalizar la maestr\u00eda. <\/span><\/p><p>Se aceptar\u00e1n los siguientes:<\/p><ul><li>Certificados con una puntuaci\u00f3n de 5,5 en el Sistema Internacional de Evaluaci\u00f3n del Idioma Ingl\u00e9s (IELTS) o equivalente;<\/li><li>Certificados de puntuaciones equivalentes al nivel A2 o superior en los ex\u00e1menes que se enumeran en<br \/>Marco Com\u00fan Europeo de Referencia para las Lenguas (MCER \u2013 Consejo de Europa);<\/li><li>Certificados de competencia emitidos por IES reconocidas por el MEC o sus Fundaciones,<br \/>con una puntuaci\u00f3n igual o superior a 70% o con un resultado aprobado seg\u00fan lo previsto en<br \/>Aviso del respectivo examen.<br \/><br \/><\/li><\/ul><p><span style=\"font-weight: 400;\">Certificados equivalentes a los enumerados en el <\/span><strong><a href=\"http:\/\/www.unifesp.br\/reitoria\/sri\/images\/docs\/equivalencia_testes_profic_ingles.jpg\" target=\"_blank\" rel=\"noopener noreferrer nofollow\">marco com\u00fan europeo de referencia<\/a><\/strong><span style=\"font-weight: 400;\">.<\/span><\/p><p>Se aceptar\u00e1n certificados de ex\u00e1menes realizados hasta 5 a\u00f1os antes de la defensa.<\/p><\/div>\n\t\t\t\t<\/div>\n\t\t\t\t\t\t\t<div class=\"elementor-accordion-item\">\n\t\t\t\t\t<div id=\"elementor-tab-title-56115\" class=\"elementor-tab-title\" data-tab=\"15\" role=\"button\" aria-controls=\"elementor-tab-content-56115\" aria-expanded=\"false\">\n\t\t\t\t\t\t\t\t\t\t\t\t\t<span class=\"elementor-accordion-icon elementor-accordion-icon-left\" aria-hidden=\"true\">\n\t\t\t\t\t\t\t\t\t\t\t\t\t\t\t<span class=\"elementor-accordion-icon-closed\"><i class=\"fas fa-plus\"><\/i><\/span>\n\t\t\t\t\t\t\t\t<span class=\"elementor-accordion-icon-opened\"><i class=\"fas fa-minus\"><\/i><\/span>\n\t\t\t\t\t\t\t\t\t\t\t\t\t\t<\/span>\n\t\t\t\t\t\t\t\t\t\t\t\t<a class=\"elementor-accordion-title\" tabindex=\"0\">\u00bfExiste la intenci\u00f3n de crear un curso de Doctorado en Neuroingenier\u00eda en el IIN-ELS?<\/a>\n\t\t\t\t\t<\/div>\n\t\t\t\t\t<div id=\"elementor-tab-content-56115\" class=\"elementor-tab-content elementor-clearfix\" data-tab=\"15\" role=\"region\" aria-labelledby=\"elementor-tab-title-56115\"><p><span style=\"font-weight: 400;\">S\u00ed, uno de los objetivos del IIN-ELS es promover un programa de doctorado en Neuroingenier\u00eda. El Instituto ha buscado atender los requisitos de la Coordinaci\u00f3n de Perfeccionamiento del Personal de Educaci\u00f3n Superior (Capes) para la apertura de este programa. Actualmente, estudiantes de otras instituciones pueden desarrollar parte de su proyecto doctoral en alianza con el IIN-ELS. Consulte SPPG IIN-ELS para m\u00e1s detalles.<\/span><\/p><\/div>\n\t\t\t\t<\/div>\n\t\t\t\t\t\t\t\t<\/div>\n\t\t\t\t\t\t<\/div>\n\t\t\t\t<\/div>\n\t\t\t\t<div class=\"elementor-element elementor-element-y5b1www elementor-widget elementor-widget-spacer\" data-id=\"y5b1www\" data-element_type=\"widget\" data-widget_type=\"spacer.default\">\n\t\t\t\t<div class=\"elementor-widget-container\">\n\t\t\t\t\t\t\t<div class=\"elementor-spacer\">\n\t\t\t<div class=\"elementor-spacer-inner\"><\/div>\n\t\t<\/div>\n\t\t\t\t\t\t<\/div>\n\t\t\t\t<\/div>\n\t\t\t\t\t<\/div>\n\t\t<\/div>\n\t\t\t\t\t<\/div>\n\t\t<\/section>\n\t\t\t\t<\/div>","protected":false},"excerpt":{"rendered":"<p>El Instituto Internacional de Neurociencias Edmond y Lily Safra del Instituto Santos Dumont (IIN-ELS\/ISD) ofrece la \u00fanica maestr\u00eda en neuroingenier\u00eda de Brasil desde 2013. A continuaci\u00f3n, encontrar\u00e1 respuestas a preguntas frecuentes sobre el programa. \u00bfLa maestr\u00eda en neuroingenier\u00eda es gratuita? No, la maestr\u00eda en neuroingenier\u00eda es gratuita. La maestr\u00eda en neuroingenier\u00eda puede [\u2026]<\/p>","protected":false},"author":6,"featured_media":0,"parent":11066,"menu_order":0,"comment_status":"closed","ping_status":"closed","template":"","meta":{"_acf_changed":false,"footnotes":""},"class_list":["post-11076","page","type-page","status-publish","hentry"],"acf":[],"_links":{"self":[{"href":"https:\/\/institutosantosdumont.org.br\/es\/wp-json\/wp\/v2\/pages\/11076","targetHints":{"allow":["GET"]}}],"collection":[{"href":"https:\/\/institutosantosdumont.org.br\/es\/wp-json\/wp\/v2\/pages"}],"about":[{"href":"https:\/\/institutosantosdumont.org.br\/es\/wp-json\/wp\/v2\/types\/page"}],"author":[{"embeddable":true,"href":"https:\/\/institutosantosdumont.org.br\/es\/wp-json\/wp\/v2\/users\/6"}],"replies":[{"embeddable":true,"href":"https:\/\/institutosantosdumont.org.br\/es\/wp-json\/wp\/v2\/comments?post=11076"}],"version-history":[{"count":9,"href":"https:\/\/institutosantosdumont.org.br\/es\/wp-json\/wp\/v2\/pages\/11076\/revisions"}],"predecessor-version":[{"id":33023,"href":"https:\/\/institutosantosdumont.org.br\/es\/wp-json\/wp\/v2\/pages\/11076\/revisions\/33023"}],"up":[{"embeddable":true,"href":"https:\/\/institutosantosdumont.org.br\/es\/wp-json\/wp\/v2\/pages\/11066"}],"wp:attachment":[{"href":"https:\/\/institutosantosdumont.org.br\/es\/wp-json\/wp\/v2\/media?parent=11076"}],"curies":[{"name":"wp","href":"https:\/\/api.w.org\/{rel}","templated":true}]}}