{"id":11098,"date":"2017-08-06T23:24:50","date_gmt":"2017-08-07T02:24:50","guid":{"rendered":"http:\/\/www.institutosantosdumont.org.br\/?page_id=11098"},"modified":"2026-03-04T15:38:52","modified_gmt":"2026-03-04T18:38:52","slug":"contrato-gestao-mec","status":"publish","type":"page","link":"https:\/\/institutosantosdumont.org.br\/es\/contrato-gestao-mec\/","title":{"rendered":"Contrato de Gesti\u00f3n con MEC y Transferencias"},"content":{"rendered":"<div data-elementor-type=\"wp-post\" data-elementor-id=\"11098\" class=\"elementor elementor-11098\" data-elementor-post-type=\"page\">\n\t\t\t\t\t\t<section class=\"elementor-section elementor-top-section elementor-element elementor-element-q6qa5ll elementor-section-boxed elementor-section-height-default elementor-section-height-default\" data-id=\"q6qa5ll\" data-element_type=\"section\">\n\t\t\t\t\t\t<div class=\"elementor-container elementor-column-gap-default\">\n\t\t\t\t\t<div class=\"elementor-column elementor-col-100 elementor-top-column elementor-element elementor-element-fywdop5\" data-id=\"fywdop5\" data-element_type=\"column\">\n\t\t\t<div class=\"elementor-widget-wrap elementor-element-populated\">\n\t\t\t\t\t\t<div class=\"elementor-element elementor-element-jm9aj92 elementor-widget elementor-widget-spacer\" data-id=\"jm9aj92\" data-element_type=\"widget\" data-widget_type=\"spacer.default\">\n\t\t\t\t<div class=\"elementor-widget-container\">\n\t\t\t\t\t\t\t<div class=\"elementor-spacer\">\n\t\t\t<div class=\"elementor-spacer-inner\"><\/div>\n\t\t<\/div>\n\t\t\t\t\t\t<\/div>\n\t\t\t\t<\/div>\n\t\t\t\t<div class=\"elementor-element elementor-element-wj1y9sh elementor-widget elementor-widget-text-editor\" data-id=\"wj1y9sh\" data-element_type=\"widget\" data-widget_type=\"text-editor.default\">\n\t\t\t\t<div class=\"elementor-widget-container\">\n\t\t\t\t\t\t\t\t\t<p><span style=\"font-weight: 400;\"><img fetchpriority=\"high\" decoding=\"async\" class=\"alignright\" src=\"https:\/\/institutosantosdumont.org.br\/wp-content\/uploads\/2017\/08\/predio-mec.jpg\" alt=\"\" width=\"399\" height=\"219\" \/><\/span><\/p><p><span style=\"font-weight: 400;\">El Instituto Santos Dumont (ISD) es una Organizaci\u00f3n Social supervisada por el\u00a0<\/span><b>Ministerio de Educaci\u00f3n (MEC)<\/b><span style=\"font-weight: 400;\">. Los recursos, deberes y responsabilidades de ambas instituciones en esta alianza, as\u00ed como las formas de control sobre el desempe\u00f1o de las actividades, est\u00e1n regulados por un\u00a0<\/span><b>Contrato de Gesti\u00f3n (CG)<\/b><span style=\"font-weight: 400;\">.<\/span><\/p><p><span style=\"font-weight: 400;\">El CG permite definir y adoptar<\/span><b> estrategias de acci\u00f3n<\/b><span style=\"font-weight: 400;\"> que ofrecen a ISD las mejores condiciones para alcanzar los indicadores y objetivos de desempe\u00f1o acordados. Adem\u00e1s, el <\/span><b>monitoreo del desempe\u00f1o<\/b><span style=\"font-weight: 400;\"> institucional mediante el Contrato de Gesti\u00f3n permite identificar la necesidad de acordar nuevas metas o revisar el volumen de recursos planificados (<\/span><b>T\u00e9rminos aditivos<\/b><span style=\"font-weight: 400;\">).<\/span><\/p><p><span style=\"font-weight: 400;\">Un SO utiliza el CG como gu\u00eda para realizar sus actividades, aunque tiene <\/span>autonom\u00eda gerencial<span style=\"font-weight: 400;\">, administrativo y financiero en la gesti\u00f3n de los recursos p\u00fablicos y bienes recibidos. Corresponde al Estado vigilar, a trav\u00e9s de \u00f3rganos competentes, el uso adecuado de los recursos p\u00fablicos asignados a estas instituciones.<\/span><\/p>\t\t\t\t\t\t\t\t<\/div>\n\t\t\t\t<\/div>\n\t\t\t\t<div class=\"elementor-element elementor-element-08db927 elementor-widget elementor-widget-text-editor\" data-id=\"08db927\" data-element_type=\"widget\" data-widget_type=\"text-editor.default\">\n\t\t\t\t<div class=\"elementor-widget-container\">\n\t\t\t\t\t\t\t\t\t<h2 style=\"text-align: center;\"><strong>TRASPASOS \u2013 CONTRATO DE GESTI\u00d3N CICLO 2021 \u2013 2030<\/strong><\/h2>\t\t\t\t\t\t\t\t<\/div>\n\t\t\t\t<\/div>\n\t\t\t\t<div class=\"elementor-element elementor-element-a0b82a2 elementor-widget elementor-widget-image\" data-id=\"a0b82a2\" data-element_type=\"widget\" data-widget_type=\"image.default\">\n\t\t\t\t<div class=\"elementor-widget-container\">\n\t\t\t\t\t\t\t\t\t\t\t\t\t\t\t<img decoding=\"async\" width=\"800\" height=\"450\" src=\"https:\/\/institutosantosdumont.org.br\/wp-content\/uploads\/2026\/03\/Slide2-1024x576.png\" class=\"attachment-large size-large wp-image-34591\" alt=\"\" srcset=\"https:\/\/institutosantosdumont.org.br\/wp-content\/uploads\/2026\/03\/Slide2-1024x576.png 1024w, https:\/\/institutosantosdumont.org.br\/wp-content\/uploads\/2026\/03\/Slide2-300x169.png 300w, https:\/\/institutosantosdumont.org.br\/wp-content\/uploads\/2026\/03\/Slide2-768x432.png 768w, https:\/\/institutosantosdumont.org.br\/wp-content\/uploads\/2026\/03\/Slide2-18x10.png 18w, https:\/\/institutosantosdumont.org.br\/wp-content\/uploads\/2026\/03\/Slide2.png 1280w\" sizes=\"(max-width: 800px) 100vw, 800px\" \/>\t\t\t\t\t\t\t\t\t\t\t\t\t\t\t<\/div>\n\t\t\t\t<\/div>\n\t\t\t\t<div class=\"elementor-element elementor-element-34eo5tg elementor-widget elementor-widget-text-editor\" data-id=\"34eo5tg\" data-element_type=\"widget\" data-widget_type=\"text-editor.default\">\n\t\t\t\t<div class=\"elementor-widget-container\">\n\t\t\t\t\t\t\t\t\t<p>El ISD gestiona recursos del Sector P\u00fablico, mediante un Contrato de Gesti\u00f3n con el Ministerio de Educaci\u00f3n, para el ciclo 2021-2030, con un presupuesto estimado de R$203,7 millones. A partir de 2025, el Contrato de Gesti\u00f3n pas\u00f3 a involucrar al Ministerio de Deportes, con una contribuci\u00f3n adicional de R$6,4 millones hasta 2030.<\/p>\n<p><span style=\"font-weight: 400;\">Los recursos fueron transferidos en cuotas distribuidas de la siguiente manera:<\/span><\/p>\n<p><b>2021<\/b><span style=\"font-weight: 400;\">:<\/span><\/p>\n<p><span style=\"font-weight: 400;\">Previsi\u00f3n: R$ 18,5 millones<\/span><\/p>\n<p><span style=\"font-weight: 400;\">Recibo: R$ 18,5 millones<\/span><\/p>\n<p><b>2022:<\/b><\/p>\n<p><span style=\"font-weight: 400;\">Pron\u00f3stico: R$ 18,5 millones<\/span><\/p>\n<p><span style=\"font-weight: 400;\">Recibo: R$ 18,5 millones<\/span><\/p>\n<p><span style=\"font-weight: bolder;\">2023:<\/span><\/p>\n<p>Pron\u00f3stico: R$ 18,5 millones<\/p>\n<p>Recibo: R$ 18,5 millones<\/p>\n<p><strong>2024:<\/strong><\/p>\n<p>Previsi\u00f3n: R$ 19,6 millones<\/p>\n<p>Recibo: R$ 19,6 millones<\/p>\n<p><b>2025:<\/b><\/p>\n<p>Pron\u00f3stico: R$ 21,7 millones<\/p>\n<p>Recibo: R$ 21,7 millones<\/p>\t\t\t\t\t\t\t\t<\/div>\n\t\t\t\t<\/div>\n\t\t\t\t<div class=\"elementor-element elementor-element-zikmy8t elementor-widget elementor-widget-spacer\" data-id=\"zikmy8t\" data-element_type=\"widget\" data-widget_type=\"spacer.default\">\n\t\t\t\t<div class=\"elementor-widget-container\">\n\t\t\t\t\t\t\t<div class=\"elementor-spacer\">\n\t\t\t<div class=\"elementor-spacer-inner\"><\/div>\n\t\t<\/div>\n\t\t\t\t\t\t<\/div>\n\t\t\t\t<\/div>\n\t\t\t\t\t<\/div>\n\t\t<\/div>\n\t\t\t\t\t<\/div>\n\t\t<\/section>\n\t\t\t\t<section class=\"elementor-section elementor-top-section elementor-element elementor-element-jywyhpq elementor-section-boxed elementor-section-height-default elementor-section-height-default\" data-id=\"jywyhpq\" data-element_type=\"section\" data-settings=\"{&quot;background_background&quot;:&quot;classic&quot;}\">\n\t\t\t\t\t\t<div class=\"elementor-container elementor-column-gap-no\">\n\t\t\t\t\t<div class=\"elementor-column elementor-col-100 elementor-top-column elementor-element elementor-element-nkldueh\" data-id=\"nkldueh\" data-element_type=\"column\">\n\t\t\t<div class=\"elementor-widget-wrap elementor-element-populated\">\n\t\t\t\t\t\t<section class=\"elementor-section elementor-inner-section elementor-element elementor-element-brcafei elementor-section-content-middle elementor-section-boxed elementor-section-height-default elementor-section-height-default\" data-id=\"brcafei\" data-element_type=\"section\">\n\t\t\t\t\t\t<div class=\"elementor-container elementor-column-gap-no\">\n\t\t\t\t\t<div class=\"elementor-column elementor-col-50 elementor-inner-column elementor-element elementor-element-nbzioeo\" data-id=\"nbzioeo\" data-element_type=\"column\" data-settings=\"{&quot;background_background&quot;:&quot;classic&quot;}\">\n\t\t\t<div class=\"elementor-widget-wrap elementor-element-populated\">\n\t\t\t\t\t\t<div class=\"elementor-element elementor-element-wzzbj73 elementor-widget elementor-widget-spacer\" data-id=\"wzzbj73\" data-element_type=\"widget\" data-widget_type=\"spacer.default\">\n\t\t\t\t<div class=\"elementor-widget-container\">\n\t\t\t\t\t\t\t<div class=\"elementor-spacer\">\n\t\t\t<div class=\"elementor-spacer-inner\"><\/div>\n\t\t<\/div>\n\t\t\t\t\t\t<\/div>\n\t\t\t\t<\/div>\n\t\t\t\t<div class=\"elementor-element elementor-element-lptgdwv elementor-widget elementor-widget-heading\" data-id=\"lptgdwv\" data-element_type=\"widget\" data-widget_type=\"heading.default\">\n\t\t\t\t<div class=\"elementor-widget-container\">\n\t\t\t\t\t<h3 class=\"elementor-heading-title elementor-size-medium\">CONTRATO DE GESTI\u00d3N<br>  2021 - 2030<\/h3>\t\t\t\t<\/div>\n\t\t\t\t<\/div>\n\t\t\t\t<div class=\"elementor-element elementor-element-fgronnt elementor-widget elementor-widget-text-editor\" data-id=\"fgronnt\" data-element_type=\"widget\" data-widget_type=\"text-editor.default\">\n\t\t\t\t<div class=\"elementor-widget-container\">\n\t\t\t\t\t\t\t\t\t<p>hacer el <a href=\"https:\/\/institutosantosdumont.org.br\/wp-content\/uploads\/2022\/01\/Contrato-N-1-2021-Processo-N-23000.006909-2021-18.pdf\" target=\"_blank\" rel=\"noopener noreferrer\"><strong>DESCARGAR<\/strong><\/a> del documento que formaliza la colaboraci\u00f3n entre ISD y MEC, describiendo prop\u00f3sitos y obligaciones<\/p>\t\t\t\t\t\t\t\t<\/div>\n\t\t\t\t<\/div>\n\t\t\t\t<div class=\"elementor-element elementor-element-710cf9c elementor-widget-divider--view-line elementor-widget elementor-widget-divider\" data-id=\"710cf9c\" data-element_type=\"widget\" data-widget_type=\"divider.default\">\n\t\t\t\t<div class=\"elementor-widget-container\">\n\t\t\t\t\t\t\t<div class=\"elementor-divider\">\n\t\t\t<span class=\"elementor-divider-separator\">\n\t\t\t\t\t\t<\/span>\n\t\t<\/div>\n\t\t\t\t\t\t<\/div>\n\t\t\t\t<\/div>\n\t\t\t\t<div class=\"elementor-element elementor-element-def524a elementor-widget elementor-widget-text-editor\" data-id=\"def524a\" data-element_type=\"widget\" data-widget_type=\"text-editor.default\">\n\t\t\t\t<div class=\"elementor-widget-container\">\n\t\t\t\t\t\t\t\t\t<p>Accede al <b>T\u00e9rminos aditivos <\/b>del Contrato de Gesti\u00f3n con el Ministerio de Educaci\u00f3n:\u00a0<\/p><p><strong><a href=\"https:\/\/institutosantosdumont.org.br\/wp-content\/uploads\/2023\/03\/1\u00ba-Termo-Aditivo-Contrato-de-Gesta\u0303o-MEC-ISD.pdf\">1er T\u00e9rmino Aditivo<\/a>, <a href=\"https:\/\/institutosantosdumont.org.br\/wp-content\/uploads\/2023\/11\/2o-Termo-Aditivo.pdf\">2do Anexo<\/a>, <a href=\"https:\/\/institutosantosdumont.org.br\/wp-content\/uploads\/2024\/09\/SEI_MEC-5071194-3o-Termo-Aditivo.pdf\">3er T\u00e9rmino Aditivo<\/a>, <a href=\"https:\/\/institutosantosdumont.org.br\/wp-content\/uploads\/2025\/08\/Termo_Aditivo_5993446.html\">4\u00ba Trimestre<\/a>, <a href=\"https:\/\/institutosantosdumont.org.br\/wp-content\/uploads\/2025\/12\/SEI_MEC-6345439-Termo-Aditivo.pdf\">5\u00aa Adenda<\/a>, <a href=\"https:\/\/institutosantosdumont.org.br\/wp-content\/uploads\/2026\/01\/6o-Termo-Aditivo.pdf\">6\u00aa Adenda<\/a>.<\/strong><\/p><p><em> Publicaciones en el Diario Oficial de la Uni\u00f3n:<\/em><\/p><p><strong><a href=\"https:\/\/institutosantosdumont.org.br\/wp-content\/uploads\/2023\/03\/Publica\u00e7\u00e3o-DOU-1\u00ba-Termo-Aditivo.pdf\">1er<\/a><\/strong>, <strong><a href=\"https:\/\/institutosantosdumont.org.br\/wp-content\/uploads\/2023\/11\/Publicacao-no-Diario-Oficial-da-Uniao-1.pdf\">2do<\/a>, <a href=\"https:\/\/institutosantosdumont.org.br\/wp-content\/uploads\/2024\/09\/Publicacao-Diario-Oficial.pdf\">3er<\/a>, <a href=\"https:\/\/institutosantosdumont.org.br\/wp-content\/uploads\/2025\/08\/Extrato_6029771_INPDFViewer__4_.pdf\">4\u00ba<\/a>, <a href=\"https:\/\/institutosantosdumont.org.br\/wp-content\/uploads\/2025\/12\/Publicacao_6383206_Dou_de_4.12.2025___Secao_3_pag_55___Extrato_de_Termo_Aditivo_no_5_2025-1.pdf\">5\u00ba<\/a>, <a href=\"https:\/\/institutosantosdumont.org.br\/wp-content\/uploads\/2026\/01\/6o-Termo-Aditivo.pdf\">6\u00ba<\/a><\/strong><\/p>\t\t\t\t\t\t\t\t<\/div>\n\t\t\t\t<\/div>\n\t\t\t\t<div class=\"elementor-element elementor-element-m5dj823 elementor-widget elementor-widget-spacer\" data-id=\"m5dj823\" data-element_type=\"widget\" data-widget_type=\"spacer.default\">\n\t\t\t\t<div class=\"elementor-widget-container\">\n\t\t\t\t\t\t\t<div class=\"elementor-spacer\">\n\t\t\t<div class=\"elementor-spacer-inner\"><\/div>\n\t\t<\/div>\n\t\t\t\t\t\t<\/div>\n\t\t\t\t<\/div>\n\t\t\t\t\t<\/div>\n\t\t<\/div>\n\t\t\t\t<div class=\"elementor-column elementor-col-50 elementor-inner-column elementor-element elementor-element-moqhkjh\" data-id=\"moqhkjh\" data-element_type=\"column\" data-settings=\"{&quot;background_background&quot;:&quot;classic&quot;}\">\n\t\t\t<div class=\"elementor-widget-wrap elementor-element-populated\">\n\t\t\t\t\t\t<div class=\"elementor-element elementor-element-qakonbv elementor-view-framed elementor-shape-circle elementor-widget elementor-widget-icon\" data-id=\"qakonbv\" data-element_type=\"widget\" data-widget_type=\"icon.default\">\n\t\t\t\t<div class=\"elementor-widget-container\">\n\t\t\t\t\t\t\t<div class=\"elementor-icon-wrapper\">\n\t\t\t<div class=\"elementor-icon\">\n\t\t\t\t\t\t\t<i class=\"fa fa-file-text-o\" aria-hidden=\"true\"><\/i>\n\t\t\t\t\t\t<\/div>\n\t\t<\/div>\n\t\t\t\t\t\t<\/div>\n\t\t\t\t<\/div>\n\t\t\t\t\t<\/div>\n\t\t<\/div>\n\t\t\t\t\t<\/div>\n\t\t<\/section>\n\t\t\t\t<section class=\"elementor-section elementor-inner-section elementor-element elementor-element-mbwldyc elementor-section-content-middle elementor-reverse-mobile elementor-section-boxed elementor-section-height-default elementor-section-height-default\" data-id=\"mbwldyc\" data-element_type=\"section\">\n\t\t\t\t\t\t<div class=\"elementor-container elementor-column-gap-no\">\n\t\t\t\t\t<div class=\"elementor-column elementor-col-50 elementor-inner-column elementor-element elementor-element-opdindm\" data-id=\"opdindm\" data-element_type=\"column\" data-settings=\"{&quot;background_background&quot;:&quot;classic&quot;}\">\n\t\t\t<div class=\"elementor-widget-wrap elementor-element-populated\">\n\t\t\t\t\t\t<div class=\"elementor-element elementor-element-dhk9trh elementor-view-framed elementor-shape-circle elementor-widget elementor-widget-icon\" data-id=\"dhk9trh\" data-element_type=\"widget\" data-widget_type=\"icon.default\">\n\t\t\t\t<div class=\"elementor-widget-container\">\n\t\t\t\t\t\t\t<div class=\"elementor-icon-wrapper\">\n\t\t\t<div class=\"elementor-icon\">\n\t\t\t\t\t\t\t<i class=\"fa fa-file-text-o\" aria-hidden=\"true\"><\/i>\n\t\t\t\t\t\t<\/div>\n\t\t<\/div>\n\t\t\t\t\t\t<\/div>\n\t\t\t\t<\/div>\n\t\t\t\t\t<\/div>\n\t\t<\/div>\n\t\t\t\t<div class=\"elementor-column elementor-col-50 elementor-inner-column elementor-element elementor-element-zbtumlc\" data-id=\"zbtumlc\" data-element_type=\"column\" data-settings=\"{&quot;background_background&quot;:&quot;classic&quot;}\">\n\t\t\t<div class=\"elementor-widget-wrap elementor-element-populated\">\n\t\t\t\t\t\t<div class=\"elementor-element elementor-element-yq6briy elementor-widget elementor-widget-spacer\" data-id=\"yq6briy\" data-element_type=\"widget\" data-widget_type=\"spacer.default\">\n\t\t\t\t<div class=\"elementor-widget-container\">\n\t\t\t\t\t\t\t<div class=\"elementor-spacer\">\n\t\t\t<div class=\"elementor-spacer-inner\"><\/div>\n\t\t<\/div>\n\t\t\t\t\t\t<\/div>\n\t\t\t\t<\/div>\n\t\t\t\t<div class=\"elementor-element elementor-element-ixcfhcm elementor-widget elementor-widget-heading\" data-id=\"ixcfhcm\" data-element_type=\"widget\" data-widget_type=\"heading.default\">\n\t\t\t\t<div class=\"elementor-widget-container\">\n\t\t\t\t\t<h3 class=\"elementor-heading-title elementor-size-large\">CONTRATO DE GESTI\u00d3N <br>2014 - 2021<\/h3>\t\t\t\t<\/div>\n\t\t\t\t<\/div>\n\t\t\t\t<div class=\"elementor-element elementor-element-0e0164f elementor-widget elementor-widget-text-editor\" data-id=\"0e0164f\" data-element_type=\"widget\" data-widget_type=\"text-editor.default\">\n\t\t\t\t<div class=\"elementor-widget-container\">\n\t\t\t\t\t\t\t\t\t<p>hacer el <a href=\"https:\/\/institutosantosdumont.org.br\/wp-content\/uploads\/2017\/08\/contrato-gestao-mec.pdf\"><strong>DESCARGAR<\/strong> <\/a>del documento que formaliz\u00f3 la alianza entre ISD y MEC, describiendo prop\u00f3sitos y obligaciones.<\/p><p>\u00a0<\/p><p>Descarga el <strong><a href=\"https:\/\/institutosantosdumont.org.br\/wp-content\/uploads\/2022\/03\/Repasses-Contrato-de-Gest%C3%A3o-2014-a-2021-Aditivo-11TA2021.jpg\">mesa de transferencia<\/a> <\/strong>del Contrato de Gesti\u00f3n 2014-2021.<\/p>\t\t\t\t\t\t\t\t<\/div>\n\t\t\t\t<\/div>\n\t\t\t\t<div class=\"elementor-element elementor-element-a205c13 elementor-widget-divider--view-line elementor-widget elementor-widget-divider\" data-id=\"a205c13\" data-element_type=\"widget\" data-widget_type=\"divider.default\">\n\t\t\t\t<div class=\"elementor-widget-container\">\n\t\t\t\t\t\t\t<div class=\"elementor-divider\">\n\t\t\t<span class=\"elementor-divider-separator\">\n\t\t\t\t\t\t<\/span>\n\t\t<\/div>\n\t\t\t\t\t\t<\/div>\n\t\t\t\t<\/div>\n\t\t\t\t<div class=\"elementor-element elementor-element-rxhwxqg elementor-widget elementor-widget-text-editor\" data-id=\"rxhwxqg\" data-element_type=\"widget\" data-widget_type=\"text-editor.default\">\n\t\t\t\t<div class=\"elementor-widget-container\">\n\t\t\t\t\t\t\t\t\t<p>Accede al <b>T\u00e9rminos aditivos <\/b>del Contrato de Gesti\u00f3n con el Ministerio de Educaci\u00f3n:\u00a0<\/p><p><a href=\"https:\/\/institutosantosdumont.org.br\/wp-content\/uploads\/2019\/02\/1o-Termo-Aditivo-MEC-ISD-completo-leve.pdf\" target=\"_blank\" rel=\"noopener\"><strong>1<\/strong><\/a><a href=\"https:\/\/institutosantosdumont.org.br\/wp-content\/uploads\/2019\/02\/1o-Termo-Aditivo-MEC-ISD-completo-leve.pdf\">th<\/a>\u00a0(+ <strong><a href=\"https:\/\/institutosantosdumont.org.br\/wp-content\/uploads\/2017\/09\/anexo-v-primeiro-termo-aditivo-mec.pdf\" target=\"_blank\" rel=\"noopener noreferrer\">ANEXO V<\/a><\/strong>),\u00a0<a href=\"https:\/\/institutosantosdumont.org.br\/wp-content\/uploads\/2017\/09\/segundo-termo-aditivo-mec.pdf\" target=\"_blank\" rel=\"noopener noreferrer\"><strong>2<\/strong><\/a><a href=\"https:\/\/institutosantosdumont.org.br\/wp-content\/uploads\/2017\/09\/segundo-termo-aditivo-mec.pdf\">th<\/a>, <strong><a href=\"https:\/\/institutosantosdumont.org.br\/wp-content\/uploads\/2018\/02\/3-ADITIVO-MEC-ISD.pdf\" target=\"_blank\" rel=\"noopener noreferrer\">3<\/a><a href=\"https:\/\/institutosantosdumont.org.br\/wp-content\/uploads\/2018\/02\/3-ADITIVO-MEC-ISD.pdf\">th<\/a><\/strong>,\u00a0<strong><a href=\"https:\/\/institutosantosdumont.org.br\/wp-content\/uploads\/2018\/02\/4-ADITIVO-MEC-ISD.pdf\" target=\"_blank\" rel=\"noopener noreferrer\">4<\/a><a href=\"https:\/\/institutosantosdumont.org.br\/wp-content\/uploads\/2018\/02\/4-ADITIVO-MEC-ISD.pdf\">th<\/a><\/strong>,\u00a0<a href=\"https:\/\/institutosantosdumont.org.br\/wp-content\/uploads\/2018\/08\/5-Termo-Aditivo-ao-Contrato-de-Gest\u00e3o.pdf\" target=\"_blank\" rel=\"noopener noreferrer\"><strong>5<\/strong><\/a><a href=\"https:\/\/institutosantosdumont.org.br\/wp-content\/uploads\/2018\/08\/5-Termo-Aditivo-ao-Contrato-de-Gest\u00e3o.pdf\">th<\/a>,\u00a0<strong><a href=\"https:\/\/institutosantosdumont.org.br\/wp-content\/uploads\/2019\/02\/6%C2%BA-Termo-Aditivo-ISD-Extrato-e-Retificacao.pdf\" target=\"_blank\" rel=\"noopener\">6<\/a><a href=\"https:\/\/institutosantosdumont.org.br\/wp-content\/uploads\/2019\/02\/6%C2%BA-Termo-Aditivo-ISD-Extrato-e-Retificacao.pdf\">th<\/a>,<\/strong><strong>\u00a0<a href=\"https:\/\/institutosantosdumont.org.br\/wp-content\/uploads\/2019\/10\/7\u00ba-TA-ISD-MEC.pdf\">7mo<\/a>, <a href=\"https:\/\/institutosantosdumont.org.br\/wp-content\/uploads\/2020\/01\/8\u00ba-TERMO-ADITIVO-ISD-com-extrato.pdf\">octavo<\/a>, <a href=\"https:\/\/institutosantosdumont.org.br\/wp-content\/uploads\/2020\/03\/SEI_MEC-1851210-Termo-Aditivo-9\u00ba-assinado.pdf\">noveno<\/a>, <a href=\"https:\/\/institutosantosdumont.org.br\/wp-content\/uploads\/2021\/01\/10\u00ba-TERMO-ADITIVO-ISD.pdf\">10,<\/a>\u00a0<a href=\"https:\/\/drive.google.com\/file\/d\/1QhRyThx0aePIFNdnlidfXZkgg72bFVdh\/view?usp=sharing\" target=\"_blank\" rel=\"noopener noreferrer nofollow\">11.<\/a><\/strong><\/p>\t\t\t\t\t\t\t\t<\/div>\n\t\t\t\t<\/div>\n\t\t\t\t<div class=\"elementor-element elementor-element-pvlem3e elementor-widget elementor-widget-spacer\" data-id=\"pvlem3e\" data-element_type=\"widget\" data-widget_type=\"spacer.default\">\n\t\t\t\t<div class=\"elementor-widget-container\">\n\t\t\t\t\t\t\t<div class=\"elementor-spacer\">\n\t\t\t<div class=\"elementor-spacer-inner\"><\/div>\n\t\t<\/div>\n\t\t\t\t\t\t<\/div>\n\t\t\t\t<\/div>\n\t\t\t\t\t<\/div>\n\t\t<\/div>\n\t\t\t\t\t<\/div>\n\t\t<\/section>\n\t\t\t\t<section class=\"elementor-section elementor-inner-section elementor-element elementor-element-azeveoe elementor-section-content-middle elementor-section-boxed elementor-section-height-default elementor-section-height-default\" data-id=\"azeveoe\" data-element_type=\"section\">\n\t\t\t\t\t\t<div class=\"elementor-container elementor-column-gap-no\">\n\t\t\t\t\t<div class=\"elementor-column elementor-col-50 elementor-inner-column elementor-element elementor-element-xffmaju\" data-id=\"xffmaju\" data-element_type=\"column\" data-settings=\"{&quot;background_background&quot;:&quot;classic&quot;}\">\n\t\t\t<div class=\"elementor-widget-wrap elementor-element-populated\">\n\t\t\t\t\t\t<div class=\"elementor-element elementor-element-nkahc8b elementor-widget elementor-widget-spacer\" data-id=\"nkahc8b\" data-element_type=\"widget\" data-widget_type=\"spacer.default\">\n\t\t\t\t<div class=\"elementor-widget-container\">\n\t\t\t\t\t\t\t<div class=\"elementor-spacer\">\n\t\t\t<div class=\"elementor-spacer-inner\"><\/div>\n\t\t<\/div>\n\t\t\t\t\t\t<\/div>\n\t\t\t\t<\/div>\n\t\t\t\t<div class=\"elementor-element elementor-element-qlemlas elementor-widget elementor-widget-heading\" data-id=\"qlemlas\" data-element_type=\"widget\" data-widget_type=\"heading.default\">\n\t\t\t\t<div class=\"elementor-widget-container\">\n\t\t\t\t\t<h3 class=\"elementor-heading-title elementor-size-large\">Informes<\/h3>\t\t\t\t<\/div>\n\t\t\t\t<\/div>\n\t\t\t\t<div class=\"elementor-element elementor-element-pgmkvap elementor-widget elementor-widget-text-editor\" data-id=\"pgmkvap\" data-element_type=\"widget\" data-widget_type=\"text-editor.default\">\n\t\t\t\t<div class=\"elementor-widget-container\">\n\t\t\t\t\t\t\t\t\t<p>Visita el <a href=\"https:\/\/institutosantosdumont.org.br\/es\/relatorios-contrato-gestao\/\" target=\"_blank\" rel=\"noopener noreferrer\"><strong>P\u00c1GINA<\/strong><\/a> con informes vinculados al Contrato de Gesti\u00f3n de ISD con el Ministerio de Educaci\u00f3n.<\/p>\t\t\t\t\t\t\t\t<\/div>\n\t\t\t\t<\/div>\n\t\t\t\t<div class=\"elementor-element elementor-element-serj461 elementor-widget elementor-widget-spacer\" data-id=\"serj461\" data-element_type=\"widget\" data-widget_type=\"spacer.default\">\n\t\t\t\t<div class=\"elementor-widget-container\">\n\t\t\t\t\t\t\t<div class=\"elementor-spacer\">\n\t\t\t<div class=\"elementor-spacer-inner\"><\/div>\n\t\t<\/div>\n\t\t\t\t\t\t<\/div>\n\t\t\t\t<\/div>\n\t\t\t\t\t<\/div>\n\t\t<\/div>\n\t\t\t\t<div class=\"elementor-column elementor-col-50 elementor-inner-column elementor-element elementor-element-ofumhcl\" data-id=\"ofumhcl\" data-element_type=\"column\" data-settings=\"{&quot;background_background&quot;:&quot;classic&quot;}\">\n\t\t\t<div class=\"elementor-widget-wrap elementor-element-populated\">\n\t\t\t\t\t\t<div class=\"elementor-element elementor-element-awo0en2 elementor-view-framed elementor-shape-circle elementor-widget elementor-widget-icon\" data-id=\"awo0en2\" data-element_type=\"widget\" data-widget_type=\"icon.default\">\n\t\t\t\t<div class=\"elementor-widget-container\">\n\t\t\t\t\t\t\t<div class=\"elementor-icon-wrapper\">\n\t\t\t<div class=\"elementor-icon\">\n\t\t\t\t\t\t\t<i class=\"fa fa-file-text-o\" aria-hidden=\"true\"><\/i>\n\t\t\t\t\t\t<\/div>\n\t\t<\/div>\n\t\t\t\t\t\t<\/div>\n\t\t\t\t<\/div>\n\t\t\t\t\t<\/div>\n\t\t<\/div>\n\t\t\t\t\t<\/div>\n\t\t<\/section>\n\t\t\t\t\t<\/div>\n\t\t<\/div>\n\t\t\t\t\t<\/div>\n\t\t<\/section>\n\t\t\t\t<\/div>","protected":false},"excerpt":{"rendered":"<p>El Instituto Santos Dumont (ISD) es una organizaci\u00f3n social supervisada por el Ministerio de Educaci\u00f3n (MEC). Los recursos, responsabilidades y funciones de ambas instituciones en esta alianza, as\u00ed como las formas de supervisi\u00f3n del desempe\u00f1o de las actividades, se rigen por un Contrato de Gesti\u00f3n (CM). El CM permite la definici\u00f3n y adopci\u00f3n de estrategias de acci\u00f3n que [\u2026]<\/p>","protected":false},"author":6,"featured_media":0,"parent":0,"menu_order":0,"comment_status":"closed","ping_status":"closed","template":"","meta":{"_acf_changed":false,"footnotes":""},"class_list":["post-11098","page","type-page","status-publish","hentry"],"acf":[],"_links":{"self":[{"href":"https:\/\/institutosantosdumont.org.br\/es\/wp-json\/wp\/v2\/pages\/11098","targetHints":{"allow":["GET"]}}],"collection":[{"href":"https:\/\/institutosantosdumont.org.br\/es\/wp-json\/wp\/v2\/pages"}],"about":[{"href":"https:\/\/institutosantosdumont.org.br\/es\/wp-json\/wp\/v2\/types\/page"}],"author":[{"embeddable":true,"href":"https:\/\/institutosantosdumont.org.br\/es\/wp-json\/wp\/v2\/users\/6"}],"replies":[{"embeddable":true,"href":"https:\/\/institutosantosdumont.org.br\/es\/wp-json\/wp\/v2\/comments?post=11098"}],"version-history":[{"count":21,"href":"https:\/\/institutosantosdumont.org.br\/es\/wp-json\/wp\/v2\/pages\/11098\/revisions"}],"predecessor-version":[{"id":34594,"href":"https:\/\/institutosantosdumont.org.br\/es\/wp-json\/wp\/v2\/pages\/11098\/revisions\/34594"}],"wp:attachment":[{"href":"https:\/\/institutosantosdumont.org.br\/es\/wp-json\/wp\/v2\/media?parent=11098"}],"curies":[{"name":"wp","href":"https:\/\/api.w.org\/{rel}","templated":true}]}}