{"id":11127,"date":"2017-08-07T09:17:04","date_gmt":"2017-08-07T12:17:04","guid":{"rendered":"http:\/\/www.institutosantosdumont.org.br\/?page_id=11127"},"modified":"2023-07-07T11:38:43","modified_gmt":"2023-07-07T14:38:43","slug":"ouvidoria","status":"publish","type":"page","link":"https:\/\/institutosantosdumont.org.br\/es\/ouvidoria\/","title":{"rendered":"Defensor del Pueblo"},"content":{"rendered":"<div data-elementor-type=\"wp-post\" data-elementor-id=\"11127\" class=\"elementor elementor-11127\" data-elementor-post-type=\"page\">\n\t\t\t\t\t\t<section class=\"elementor-section elementor-top-section elementor-element elementor-element-q7hvksx elementor-section-boxed elementor-section-height-default elementor-section-height-default\" data-id=\"q7hvksx\" data-element_type=\"section\">\n\t\t\t\t\t\t<div class=\"elementor-container elementor-column-gap-default\">\n\t\t\t\t\t<div class=\"elementor-column elementor-col-100 elementor-top-column elementor-element elementor-element-x0c7jio\" data-id=\"x0c7jio\" data-element_type=\"column\">\n\t\t\t<div class=\"elementor-widget-wrap elementor-element-populated\">\n\t\t\t\t\t\t<div class=\"elementor-element elementor-element-s3q3k8d elementor-widget elementor-widget-spacer\" data-id=\"s3q3k8d\" data-element_type=\"widget\" data-widget_type=\"spacer.default\">\n\t\t\t\t<div class=\"elementor-widget-container\">\n\t\t\t\t\t\t\t<div class=\"elementor-spacer\">\n\t\t\t<div class=\"elementor-spacer-inner\"><\/div>\n\t\t<\/div>\n\t\t\t\t\t\t<\/div>\n\t\t\t\t<\/div>\n\t\t\t\t<div class=\"elementor-element elementor-element-bhvhnmg elementor-widget elementor-widget-text-editor\" data-id=\"bhvhnmg\" data-element_type=\"widget\" data-widget_type=\"text-editor.default\">\n\t\t\t\t<div class=\"elementor-widget-container\">\n\t\t\t\t\t\t\t\t\t<p>El Instituto Santos Dumont (ISD) apoya, a trav\u00e9s de su Defensor\u00eda del Pueblo, la denuncia de violaciones a los lineamientos y principios \u00e9ticos establecidos en su C\u00f3digo de \u00c9tica y Conducta, disponible <strong><a href=\"https:\/\/institutosantosdumont.org.br\/wp-content\/uploads\/2018\/07\/C\u00d3DIGO-DE-CONDUTA_ISD.pdf\" target=\"_blank\" rel=\"noopener noreferrer\">AQU\u00cd<\/a><\/strong>.<\/p>\n<p>Las denuncias recibidas son analizadas por una empresa auditora externa e independiente, garantizando el anonimato y la confidencialidad a los denunciantes.<\/p>\n<ul>\n<li class=\"m_8757896443053307520m_206722911218813996MsoPlainText\"><strong>Servicio telef\u00f3nico: <\/strong>0800 002 9203, de lunes a viernes, de 7 a 21 horas.<\/li>\n<li class=\"m_8757896443053307520m_206722911218813996MsoPlainText\"><strong>Apartado postal: <\/strong>0800 002 9203, de lunes a viernes, despu\u00e9s de las 21 horas, fines de semana y feriados.<strong><br><\/strong><\/li>\n<li class=\"m_8757896443053307520m_206722911218813996MsoPlainText\">&nbsp;<strong>Correo electr\u00f3nico:<\/strong>&nbsp;<strong><a href=\"mailto: ouvidoria.isd@iaudit.com.br\" target=\"_blank\" rel=\"noopener noreferrer\">Ouviria.isd@iaudit.com.br<\/a><\/strong><\/li>\n<\/ul>\n<div><br><\/div>\t\t\t\t\t\t\t\t<\/div>\n\t\t\t\t<\/div>\n\t\t\t\t<div class=\"elementor-element elementor-element-80d94f4 elementor-align-center elementor-widget elementor-widget-button\" data-id=\"80d94f4\" data-element_type=\"widget\" data-widget_type=\"button.default\">\n\t\t\t\t<div class=\"elementor-widget-container\">\n\t\t\t\t\t\t\t\t\t<div class=\"elementor-button-wrapper\">\n\t\t\t\t\t<a class=\"elementor-button elementor-button-link elementor-size-sm\" href=\"https:\/\/denuncia.iauditcloud.com.br\/isd\" target=\"_blank\" rel=\"noopener noreferrer nofollow\">\n\t\t\t\t\t\t<span class=\"elementor-button-content-wrapper\">\n\t\t\t\t\t\t\t\t\t<span class=\"elementor-button-text\">Haga clic aqu\u00ed y haga un informe<\/span>\n\t\t\t\t\t<\/span>\n\t\t\t\t\t<\/a>\n\t\t\t\t<\/div>\n\t\t\t\t\t\t\t\t<\/div>\n\t\t\t\t<\/div>\n\t\t\t\t<div class=\"elementor-element elementor-element-iu892cf elementor-widget elementor-widget-spacer\" data-id=\"iu892cf\" data-element_type=\"widget\" data-widget_type=\"spacer.default\">\n\t\t\t\t<div class=\"elementor-widget-container\">\n\t\t\t\t\t\t\t<div class=\"elementor-spacer\">\n\t\t\t<div class=\"elementor-spacer-inner\"><\/div>\n\t\t<\/div>\n\t\t\t\t\t\t<\/div>\n\t\t\t\t<\/div>\n\t\t\t\t\t<\/div>\n\t\t<\/div>\n\t\t\t\t\t<\/div>\n\t\t<\/section>\n\t\t\t\t<\/div>","protected":false},"excerpt":{"rendered":"<p>El Instituto Santos Dumont (ISD), a trav\u00e9s de su Defensor\u00eda del Pueblo, facilita la denuncia de violaciones a las normas y principios \u00e9ticos establecidos en su C\u00f3digo de \u00c9tica y Conducta, disponible AQU\u00cd. Las denuncias recibidas son analizadas por una firma de auditor\u00eda externa independiente, lo que garantiza el anonimato y la confidencialidad de los denunciantes. Servicio telef\u00f3nico: 0800 002 [\u2026]<\/p>","protected":false},"author":6,"featured_media":0,"parent":0,"menu_order":0,"comment_status":"closed","ping_status":"closed","template":"","meta":{"_acf_changed":false,"footnotes":""},"class_list":["post-11127","page","type-page","status-publish","hentry"],"acf":[],"_links":{"self":[{"href":"https:\/\/institutosantosdumont.org.br\/es\/wp-json\/wp\/v2\/pages\/11127","targetHints":{"allow":["GET"]}}],"collection":[{"href":"https:\/\/institutosantosdumont.org.br\/es\/wp-json\/wp\/v2\/pages"}],"about":[{"href":"https:\/\/institutosantosdumont.org.br\/es\/wp-json\/wp\/v2\/types\/page"}],"author":[{"embeddable":true,"href":"https:\/\/institutosantosdumont.org.br\/es\/wp-json\/wp\/v2\/users\/6"}],"replies":[{"embeddable":true,"href":"https:\/\/institutosantosdumont.org.br\/es\/wp-json\/wp\/v2\/comments?post=11127"}],"version-history":[{"count":0,"href":"https:\/\/institutosantosdumont.org.br\/es\/wp-json\/wp\/v2\/pages\/11127\/revisions"}],"wp:attachment":[{"href":"https:\/\/institutosantosdumont.org.br\/es\/wp-json\/wp\/v2\/media?parent=11127"}],"curies":[{"name":"wp","href":"https:\/\/api.w.org\/{rel}","templated":true}]}}