{"id":11678,"date":"2017-09-15T13:55:34","date_gmt":"2017-09-15T16:55:34","guid":{"rendered":"http:\/\/www.institutosantosdumont.org.br\/?page_id=11678"},"modified":"2025-01-20T16:25:25","modified_gmt":"2025-01-20T19:25:25","slug":"historia-isd","status":"publish","type":"page","link":"https:\/\/institutosantosdumont.org.br\/es\/isd\/historia-isd\/","title":{"rendered":"Historia del Distrito Escolar Independiente"},"content":{"rendered":"<div data-elementor-type=\"wp-post\" data-elementor-id=\"11678\" class=\"elementor elementor-11678\" data-elementor-post-type=\"page\">\n\t\t\t\t\t\t<section class=\"elementor-section elementor-top-section elementor-element elementor-element-4a4ssb9 elementor-section-boxed elementor-section-height-default elementor-section-height-default\" data-id=\"4a4ssb9\" data-element_type=\"section\">\n\t\t\t\t\t\t<div class=\"elementor-container elementor-column-gap-default\">\n\t\t\t\t\t<div class=\"elementor-column elementor-col-100 elementor-top-column elementor-element elementor-element-5afmo6v\" data-id=\"5afmo6v\" data-element_type=\"column\">\n\t\t\t<div class=\"elementor-widget-wrap elementor-element-populated\">\n\t\t\t\t\t\t<div class=\"elementor-element elementor-element-n3k91t8 elementor-widget elementor-widget-text-editor\" data-id=\"n3k91t8\" data-element_type=\"widget\" data-widget_type=\"text-editor.default\">\n\t\t\t\t<div class=\"elementor-widget-container\">\n\t\t\t\t\t\t\t\t\t<p style=\"text-align: left;\">El Instituto Santos Dumont (ISD) fue creado por el neurocient\u00edfico <a href=\"http:\/\/www.nicolelislab.net\/\" target=\"_blank\" rel=\"noopener noreferrer\"><strong>miguel nicolelis<\/strong><\/a> y constituida y calificada como Organizaci\u00f3n Social en 2014. Sus unidades, sin embargo, act\u00faan desde 2006 en el Nordeste brasile\u00f1o, gracias a la colaboraci\u00f3n del Instituto con la <a href=\"http:\/\/aasdap.org.br\/\" target=\"_blank\" rel=\"noopener noreferrer\"><strong>Asociaci\u00f3n Alberto Santos Dumont de Apoyo a la Investigaci\u00f3n (AASDAP)<\/strong><\/a>, gestora de estos espacios en sus primeros a\u00f1os de actividad.<\/p><p style=\"text-align: left;\">La primera unidad ISD que entr\u00f3 en funcionamiento fue la <a href=\"https:\/\/institutosantosdumont.org.br\/es\/instituto-neurociencias\/\" target=\"_blank\" rel=\"noopener noreferrer\"><strong>Instituto Internacional de Neurociencias Edmond y Lily Safra (IIN-ELS)<\/strong><\/a>, que en aquella \u00e9poca se llamaba Instituto Internacional de Neurociencias de Natal. En 2007, el Instituto Internacional de Neurociencia fue nombrado \u201cEdmond y Lily Safra\u201d debido a una donaci\u00f3n de Lily Safra, debido a su inter\u00e9s en el \u00e1rea de la neurociencia. El importe donado al proyecto no puede revelarse por motivos contractuales. Desde 2014, el Instituto Internacional de Neurociencias Edmond and Lily Safra se mantiene mediante un contrato de gesti\u00f3n con el Ministerio de Educaci\u00f3n (MEC).<\/p><p style=\"text-align: left;\">El IIN-ELS se presenta como un centro avanzado de investigaci\u00f3n en neurociencias en Brasil, con un cuerpo de investigadores permanentes y asociados, que act\u00faan en las l\u00edneas centrales de investigaci\u00f3n desarrolladas por el IIN-ELS. En aquella \u00e9poca, los estudios electrofisiol\u00f3gicos con conjuntos de microelectrodos implantados en el sistema nervioso eran raros en Brasil, m\u00e1s a\u00fan cuando se combinaban con abordajes histol\u00f3gicos e inmunohistoqu\u00edmicos, conductuales y m\u00e9todos de an\u00e1lisis cuantitativos.<\/p>\t\t\t\t\t\t\t\t<\/div>\n\t\t\t\t<\/div>\n\t\t\t\t<section class=\"elementor-section elementor-inner-section elementor-element elementor-element-e62a1c9 elementor-section-boxed elementor-section-height-default elementor-section-height-default\" data-id=\"e62a1c9\" data-element_type=\"section\">\n\t\t\t\t\t\t<div class=\"elementor-container elementor-column-gap-default\">\n\t\t\t\t\t<div class=\"elementor-column elementor-col-50 elementor-inner-column elementor-element elementor-element-bf5a177\" data-id=\"bf5a177\" data-element_type=\"column\">\n\t\t\t<div class=\"elementor-widget-wrap elementor-element-populated\">\n\t\t\t\t\t\t<div class=\"elementor-element elementor-element-1hz4s3f elementor-widget elementor-widget-image\" data-id=\"1hz4s3f\" data-element_type=\"widget\" data-widget_type=\"image.default\">\n\t\t\t\t<div class=\"elementor-widget-container\">\n\t\t\t\t\t\t\t\t\t\t\t\t<figure class=\"wp-caption\">\n\t\t\t\t\t\t\t\t\t\t\t<a href=\"https:\/\/institutosantosdumont.org.br\/wp-content\/uploads\/2017\/09\/0748_editada.jpg\" data-elementor-open-lightbox=\"yes\" data-elementor-lightbox-title=\"0748_editada\" data-e-action-hash=\"#elementor-action%3Aaction%3Dlightbox%26settings%3DeyJpZCI6MTMxNTgsInVybCI6Imh0dHBzOlwvXC9pbnN0aXR1dG9zYW50b3NkdW1vbnQub3JnLmJyXC93cC1jb250ZW50XC91cGxvYWRzXC8yMDE3XC8wOVwvMDc0OF9lZGl0YWRhLmpwZyJ9\">\n\t\t\t\t\t\t\t<img fetchpriority=\"high\" decoding=\"async\" width=\"768\" height=\"576\" src=\"https:\/\/institutosantosdumont.org.br\/wp-content\/uploads\/2017\/09\/0748_editada-768x576.jpg\" class=\"attachment-medium_large size-medium_large wp-image-13158\" alt=\"\" srcset=\"https:\/\/institutosantosdumont.org.br\/wp-content\/uploads\/2017\/09\/0748_editada-768x576.jpg 768w, https:\/\/institutosantosdumont.org.br\/wp-content\/uploads\/2017\/09\/0748_editada-300x225.jpg 300w, https:\/\/institutosantosdumont.org.br\/wp-content\/uploads\/2017\/09\/0748_editada-1024x768.jpg 1024w, https:\/\/institutosantosdumont.org.br\/wp-content\/uploads\/2017\/09\/0748_editada.jpg 2048w\" sizes=\"(max-width: 768px) 100vw, 768px\" \/>\t\t\t\t\t\t\t\t<\/a>\n\t\t\t\t\t\t\t\t\t\t\t<figcaption class=\"widget-image-caption wp-caption-text\">Edificio donde el IIN-ELS inici\u00f3 sus actividades, en Natal (RN). Foto de 2012 - Archivo de Memoria ISD<\/figcaption>\n\t\t\t\t\t\t\t\t\t\t<\/figure>\n\t\t\t\t\t\t\t\t\t<\/div>\n\t\t\t\t<\/div>\n\t\t\t\t\t<\/div>\n\t\t<\/div>\n\t\t\t\t<div class=\"elementor-column elementor-col-50 elementor-inner-column elementor-element elementor-element-790f1a4\" data-id=\"790f1a4\" data-element_type=\"column\">\n\t\t\t<div class=\"elementor-widget-wrap elementor-element-populated\">\n\t\t\t\t\t\t<div class=\"elementor-element elementor-element-kpixv2p elementor-widget elementor-widget-image\" data-id=\"kpixv2p\" data-element_type=\"widget\" data-widget_type=\"image.default\">\n\t\t\t\t<div class=\"elementor-widget-container\">\n\t\t\t\t\t\t\t\t\t\t\t\t<figure class=\"wp-caption\">\n\t\t\t\t\t\t\t\t\t\t<img decoding=\"async\" width=\"768\" height=\"510\" src=\"https:\/\/institutosantosdumont.org.br\/wp-content\/uploads\/2017\/09\/Mostra-2013.1-206_editada-768x510.jpg\" class=\"attachment-medium_large size-medium_large wp-image-13157\" alt=\"\" srcset=\"https:\/\/institutosantosdumont.org.br\/wp-content\/uploads\/2017\/09\/Mostra-2013.1-206_editada-768x510.jpg 768w, https:\/\/institutosantosdumont.org.br\/wp-content\/uploads\/2017\/09\/Mostra-2013.1-206_editada-300x199.jpg 300w, https:\/\/institutosantosdumont.org.br\/wp-content\/uploads\/2017\/09\/Mostra-2013.1-206_editada-1024x680.jpg 1024w, https:\/\/institutosantosdumont.org.br\/wp-content\/uploads\/2017\/09\/Mostra-2013.1-206_editada.jpg 2000w\" sizes=\"(max-width: 768px) 100vw, 768px\" \/>\t\t\t\t\t\t\t\t\t\t\t<figcaption class=\"widget-image-caption wp-caption-text\">Exposici\u00f3n de trabajos del taller de Ciencia y F\u00edsica del CEC Natal. Foto de 2013 - Archivo de Memoria ISD<\/figcaption>\n\t\t\t\t\t\t\t\t\t\t<\/figure>\n\t\t\t\t\t\t\t\t\t<\/div>\n\t\t\t\t<\/div>\n\t\t\t\t\t<\/div>\n\t\t<\/div>\n\t\t\t\t\t<\/div>\n\t\t<\/section>\n\t\t\t\t<div class=\"elementor-element elementor-element-dr2mtzx elementor-widget elementor-widget-text-editor\" data-id=\"dr2mtzx\" data-element_type=\"widget\" data-widget_type=\"text-editor.default\">\n\t\t\t\t<div class=\"elementor-widget-container\">\n\t\t\t\t\t\t\t\t\t<p>En febrero de 2007, el <strong>Centro de Educaci\u00f3n Cient\u00edfica (CEC)<\/strong> Escuela Alfredo J. Monteverde, en Natal (RN). En el mismo a\u00f1o se inaugur\u00f3 la Escuela CEC Alfredo J. Monteverde en Maca\u00edba (RN). En 2010, el CEC de Serrinha (BA) abri\u00f3 sus puertas. Las unidades fueron fundadas por AASDAP y administradas desde 2014 hasta 2018 por ISD, cuando fueron discontinuadas.<\/p><p>Operando en Rio Grande do Norte desde 2008, el <a href=\"https:\/\/institutosantosdumont.org.br\/es\/unidades\/saude-anita-garibaldi\/\" target=\"_blank\" rel=\"noopener noreferrer\"><strong>Centro de Educaci\u00f3n e Investigaci\u00f3n en Salud Anita Garibaldi (Anita)<\/strong><\/a>, tambi\u00e9n ubicada en Maca\u00edba, forma parte del Sistema \u00danico de Salud (SUS), a trav\u00e9s del cual ofrece escenarios de pr\u00e1ctica para actividades acad\u00e9micas y pasant\u00edas curriculares para cursos en el \u00e1rea de la salud y \u00e1reas afines.<\/p>\t\t\t\t\t\t\t\t<\/div>\n\t\t\t\t<\/div>\n\t\t\t\t<div class=\"elementor-element elementor-element-mnji3us elementor-widget elementor-widget-image\" data-id=\"mnji3us\" data-element_type=\"widget\" data-widget_type=\"image.default\">\n\t\t\t\t<div class=\"elementor-widget-container\">\n\t\t\t\t\t\t\t\t\t\t\t\t<figure class=\"wp-caption\">\n\t\t\t\t\t\t\t\t\t\t<img decoding=\"async\" width=\"768\" height=\"510\" src=\"https:\/\/institutosantosdumont.org.br\/wp-content\/uploads\/2017\/09\/1WB3896_editada-768x510.jpg\" class=\"attachment-medium_large size-medium_large wp-image-13160\" alt=\"\" srcset=\"https:\/\/institutosantosdumont.org.br\/wp-content\/uploads\/2017\/09\/1WB3896_editada-768x510.jpg 768w, https:\/\/institutosantosdumont.org.br\/wp-content\/uploads\/2017\/09\/1WB3896_editada-300x199.jpg 300w, https:\/\/institutosantosdumont.org.br\/wp-content\/uploads\/2017\/09\/1WB3896_editada-1024x680.jpg 1024w, https:\/\/institutosantosdumont.org.br\/wp-content\/uploads\/2017\/09\/1WB3896_editada.jpg 2000w\" sizes=\"(max-width: 768px) 100vw, 768px\" \/>\t\t\t\t\t\t\t\t\t\t\t<figcaption class=\"widget-image-caption wp-caption-text\">Fachada de Anita el d\u00eda de su inauguraci\u00f3n. Foto de 2008 - Archivo de Memoria ISD<\/figcaption>\n\t\t\t\t\t\t\t\t\t\t<\/figure>\n\t\t\t\t\t\t\t\t\t<\/div>\n\t\t\t\t<\/div>\n\t\t\t\t<div class=\"elementor-element elementor-element-45c71c7 elementor-widget elementor-widget-text-editor\" data-id=\"45c71c7\" data-element_type=\"widget\" data-widget_type=\"text-editor.default\">\n\t\t\t\t<div class=\"elementor-widget-container\">\n\t\t\t\t\t\t\t\t\t<p>En 2013, IIN-ELS comenz\u00f3 a ofrecer la <span style=\"font-weight: bold;\">primer programa de posgrado en Neuroingenier\u00eda en Brasil<\/span>, en el \u00e1rea de Ingenier\u00eda Biom\u00e9dica, autorizado por la Coordinaci\u00f3n de Perfeccionamiento del Personal de Educaci\u00f3n Superior (CAPES). Se trata de un \u00e1rea de conocimiento que integra t\u00e9cnicas de ingenier\u00eda y neurociencia para estudiar y comprender el funcionamiento del sistema nervioso, as\u00ed como para crear interfaces entre el cerebro humano y dispositivos artificiales.<\/p><p>En 2014, el IIN-ELS sale del barrio de Candel\u00e1ria, en Natal, y pasa a operar en Maca\u00edba.\u00a0<\/p><p>El 17 de octubre de 2016, ISD ampli\u00f3 su \u00e1rea de actuaci\u00f3n, ampliando el alcance de los servicios de Anita a trav\u00e9s de la Ordenanza N\u00b0 1.430 del Ministerio de Salud, que la calific\u00f3 como <b>Centro Especializado en Rehabilitaci\u00f3n Auditiva, F\u00edsica e Intelectual (CER III)<\/b>.<\/p><p>El 6 de agosto de 2021, la Ordenanza N\u00b0 1.842 oficializ\u00f3 el cambio de categor\u00eda del Centro de Rehabilitaci\u00f3n Especializada del Instituto Santos Dumont (<b>CER ISD<\/b>) de III a <b>IV<\/b> para atender a personas con discapacidad visual.<\/p><p>EL<span style=\"font-weight: bold;\">\u00a0primer CER IV del Gran Natal<\/span>, y el segundo en Rio Grande do Norte, atiende a pacientes de la 7\u00aa Regi\u00f3n Sanitaria, que incluye los municipios de Maca\u00edba, Natal, Parnamirim, Extremoz y S\u00e3o Gon\u00e7alo do Amarante. Esta regi\u00f3n tiene 1.371.945 habitantes, lo que corresponde a casi 39% de la poblaci\u00f3n de Rio Grande do Norte.\u00a0<\/p>\t\t\t\t\t\t\t\t<\/div>\n\t\t\t\t<\/div>\n\t\t\t\t<div class=\"elementor-element elementor-element-6i5egte elementor-widget elementor-widget-text-editor\" data-id=\"6i5egte\" data-element_type=\"widget\" data-widget_type=\"text-editor.default\">\n\t\t\t\t<div class=\"elementor-widget-container\">\n\t\t\t\t\t\t\t\t\t<p>En 2018, Anita celebr\u00f3 su d\u00e9cimo aniversario con una serie de acciones que involucraron a ex empleados, socios de la educaci\u00f3n y la comunidad, as\u00ed como simpatizantes de autoridades p\u00fablicas y proveedores.<\/p>\t\t\t\t\t\t\t\t<\/div>\n\t\t\t\t<\/div>\n\t\t\t\t<section class=\"elementor-section elementor-inner-section elementor-element elementor-element-df972aa elementor-section-boxed elementor-section-height-default elementor-section-height-default\" data-id=\"df972aa\" data-element_type=\"section\">\n\t\t\t\t\t\t<div class=\"elementor-container elementor-column-gap-default\">\n\t\t\t\t\t<div class=\"elementor-column elementor-col-100 elementor-inner-column elementor-element elementor-element-e422f2c\" data-id=\"e422f2c\" data-element_type=\"column\">\n\t\t\t<div class=\"elementor-widget-wrap elementor-element-populated\">\n\t\t\t\t\t\t<div class=\"elementor-element elementor-element-dss2wab elementor-widget elementor-widget-image\" data-id=\"dss2wab\" data-element_type=\"widget\" data-widget_type=\"image.default\">\n\t\t\t\t<div class=\"elementor-widget-container\">\n\t\t\t\t\t\t\t\t\t\t\t\t<figure class=\"wp-caption\">\n\t\t\t\t\t\t\t\t\t\t<img loading=\"lazy\" decoding=\"async\" width=\"800\" height=\"633\" src=\"https:\/\/institutosantosdumont.org.br\/wp-content\/uploads\/2019\/01\/2018-11-19-Panoramica-painel-Andruchak-Foto-Ariane-Mondo_tratadaJNeto_menor-1024x810.jpg\" class=\"attachment-large size-large wp-image-15561\" alt=\"\" srcset=\"https:\/\/institutosantosdumont.org.br\/wp-content\/uploads\/2019\/01\/2018-11-19-Panoramica-painel-Andruchak-Foto-Ariane-Mondo_tratadaJNeto_menor-1024x810.jpg 1024w, https:\/\/institutosantosdumont.org.br\/wp-content\/uploads\/2019\/01\/2018-11-19-Panoramica-painel-Andruchak-Foto-Ariane-Mondo_tratadaJNeto_menor-300x237.jpg 300w, https:\/\/institutosantosdumont.org.br\/wp-content\/uploads\/2019\/01\/2018-11-19-Panoramica-painel-Andruchak-Foto-Ariane-Mondo_tratadaJNeto_menor-768x607.jpg 768w, https:\/\/institutosantosdumont.org.br\/wp-content\/uploads\/2019\/01\/2018-11-19-Panoramica-painel-Andruchak-Foto-Ariane-Mondo_tratadaJNeto_menor.jpg 1600w\" sizes=\"(max-width: 800px) 100vw, 800px\" \/>\t\t\t\t\t\t\t\t\t\t\t<figcaption class=\"widget-image-caption wp-caption-text\">La fachada de Anita fue dise\u00f1ada por el artista Marcos Andruchak y pintada en colaboraci\u00f3n para celebrar el d\u00e9cimo aniversario del Centro. Foto: Ascom ISD 2018.<\/figcaption>\n\t\t\t\t\t\t\t\t\t\t<\/figure>\n\t\t\t\t\t\t\t\t\t<\/div>\n\t\t\t\t<\/div>\n\t\t\t\t\t<\/div>\n\t\t<\/div>\n\t\t\t\t\t<\/div>\n\t\t<\/section>\n\t\t\t\t<div class=\"elementor-element elementor-element-a38bb16 elementor-widget-divider--view-line elementor-widget elementor-widget-divider\" data-id=\"a38bb16\" data-element_type=\"widget\" data-widget_type=\"divider.default\">\n\t\t\t\t<div class=\"elementor-widget-container\">\n\t\t\t\t\t\t\t<div class=\"elementor-divider\">\n\t\t\t<span class=\"elementor-divider-separator\">\n\t\t\t\t\t\t<\/span>\n\t\t<\/div>\n\t\t\t\t\t\t<\/div>\n\t\t\t\t<\/div>\n\t\t\t\t<div class=\"elementor-element elementor-element-0748564 elementor-widget elementor-widget-text-editor\" data-id=\"0748564\" data-element_type=\"widget\" data-widget_type=\"text-editor.default\">\n\t\t\t\t<div class=\"elementor-widget-container\">\n\t\t\t\t\t\t\t\t\t<p>En 2019, el IIN-ELS cumpli\u00f3 un a\u00f1o en su nueva sede con la siembra del <a href=\"https:\/\/institutosantosdumont.org.br\/es\/2019\/04\/02\/baoba-ciencia\/\" target=\"_blank\" rel=\"noopener\"><strong>Baobab de la ciencia<\/strong><\/a>, adem\u00e1s del panel pintado en exclusiva que nos regala la artista Anna Benigna.<\/p>\t\t\t\t\t\t\t\t<\/div>\n\t\t\t\t<\/div>\n\t\t\t\t<section class=\"elementor-section elementor-inner-section elementor-element elementor-element-b0400ee elementor-section-boxed elementor-section-height-default elementor-section-height-default\" data-id=\"b0400ee\" data-element_type=\"section\">\n\t\t\t\t\t\t<div class=\"elementor-container elementor-column-gap-default\">\n\t\t\t\t\t<div class=\"elementor-column elementor-col-50 elementor-inner-column elementor-element elementor-element-9bf206d\" data-id=\"9bf206d\" data-element_type=\"column\">\n\t\t\t<div class=\"elementor-widget-wrap elementor-element-populated\">\n\t\t\t\t\t\t<div class=\"elementor-element elementor-element-5f88aef elementor-widget elementor-widget-image\" data-id=\"5f88aef\" data-element_type=\"widget\" data-widget_type=\"image.default\">\n\t\t\t\t<div class=\"elementor-widget-container\">\n\t\t\t\t\t\t\t\t\t\t\t\t<figure class=\"wp-caption\">\n\t\t\t\t\t\t\t\t\t\t<img loading=\"lazy\" decoding=\"async\" width=\"800\" height=\"640\" src=\"https:\/\/institutosantosdumont.org.br\/wp-content\/uploads\/2019\/04\/IMG_3629_CEL_menor-1024x819.jpg\" class=\"attachment-large size-large wp-image-16217\" alt=\"\" srcset=\"https:\/\/institutosantosdumont.org.br\/wp-content\/uploads\/2019\/04\/IMG_3629_CEL_menor-1024x819.jpg 1024w, https:\/\/institutosantosdumont.org.br\/wp-content\/uploads\/2019\/04\/IMG_3629_CEL_menor-300x240.jpg 300w, https:\/\/institutosantosdumont.org.br\/wp-content\/uploads\/2019\/04\/IMG_3629_CEL_menor-768x614.jpg 768w, https:\/\/institutosantosdumont.org.br\/wp-content\/uploads\/2019\/04\/IMG_3629_CEL_menor.jpg 1500w\" sizes=\"(max-width: 800px) 100vw, 800px\" \/>\t\t\t\t\t\t\t\t\t\t\t<figcaption class=\"widget-image-caption wp-caption-text\">La artista Anna Benigna y la obra creada especialmente para el primer aniversario de la nueva sede del IIN-ELS. Foto: Ascom ISD 2019.<\/figcaption>\n\t\t\t\t\t\t\t\t\t\t<\/figure>\n\t\t\t\t\t\t\t\t\t<\/div>\n\t\t\t\t<\/div>\n\t\t\t\t\t<\/div>\n\t\t<\/div>\n\t\t\t\t<div class=\"elementor-column elementor-col-50 elementor-inner-column elementor-element elementor-element-42b2ded\" data-id=\"42b2ded\" data-element_type=\"column\">\n\t\t\t<div class=\"elementor-widget-wrap elementor-element-populated\">\n\t\t\t\t\t\t<div class=\"elementor-element elementor-element-vggf3k7 elementor-widget elementor-widget-image\" data-id=\"vggf3k7\" data-element_type=\"widget\" data-widget_type=\"image.default\">\n\t\t\t\t<div class=\"elementor-widget-container\">\n\t\t\t\t\t\t\t\t\t\t\t\t<figure class=\"wp-caption\">\n\t\t\t\t\t\t\t\t\t\t<img loading=\"lazy\" decoding=\"async\" width=\"800\" height=\"533\" src=\"https:\/\/institutosantosdumont.org.br\/wp-content\/uploads\/2019\/04\/10-anos-IINELS.jpg\" class=\"attachment-large size-large wp-image-16216\" alt=\"\" srcset=\"https:\/\/institutosantosdumont.org.br\/wp-content\/uploads\/2019\/04\/10-anos-IINELS.jpg 960w, https:\/\/institutosantosdumont.org.br\/wp-content\/uploads\/2019\/04\/10-anos-IINELS-300x200.jpg 300w, https:\/\/institutosantosdumont.org.br\/wp-content\/uploads\/2019\/04\/10-anos-IINELS-768x512.jpg 768w\" sizes=\"(max-width: 800px) 100vw, 800px\" \/>\t\t\t\t\t\t\t\t\t\t\t<figcaption class=\"widget-image-caption wp-caption-text\">Reubicaci\u00f3n de edificios del IIN-ELS. Fotos: Archivo de Memoria ISD<\/figcaption>\n\t\t\t\t\t\t\t\t\t\t<\/figure>\n\t\t\t\t\t\t\t\t\t<\/div>\n\t\t\t\t<\/div>\n\t\t\t\t\t<\/div>\n\t\t<\/div>\n\t\t\t\t\t<\/div>\n\t\t<\/section>\n\t\t\t\t<div class=\"elementor-element elementor-element-cc9a38f elementor-widget elementor-widget-spacer\" data-id=\"cc9a38f\" data-element_type=\"widget\" data-widget_type=\"spacer.default\">\n\t\t\t\t<div class=\"elementor-widget-container\">\n\t\t\t\t\t\t\t<div class=\"elementor-spacer\">\n\t\t\t<div class=\"elementor-spacer-inner\"><\/div>\n\t\t<\/div>\n\t\t\t\t\t\t<\/div>\n\t\t\t\t<\/div>\n\t\t\t\t<div class=\"elementor-element elementor-element-1p8puk9 elementor-widget elementor-widget-text-editor\" data-id=\"1p8puk9\" data-element_type=\"widget\" data-widget_type=\"text-editor.default\">\n\t\t\t\t<div class=\"elementor-widget-container\">\n\t\t\t\t\t\t\t\t\t<p>Entienda qu\u00e9 es el Instituto Santos Dumont (ISD) viendo el video institucional. Las acciones del Instituto se dividen en tres l\u00edneas de acci\u00f3n: <b>educaci\u00f3n cient\u00edfica, educaci\u00f3n para la salud e investigaci\u00f3n en neurociencias y neuroingenier\u00eda<\/b>, cambiando la realidad del Nordeste brasile\u00f1o.<\/p>\t\t\t\t\t\t\t\t<\/div>\n\t\t\t\t<\/div>\n\t\t\t\t<div class=\"elementor-element elementor-element-okiqmac elementor-widget elementor-widget-video\" data-id=\"okiqmac\" data-element_type=\"widget\" data-settings=\"{&quot;youtube_url&quot;:&quot;https:\\\/\\\/www.youtube.com\\\/watch?v=iHNW8Rimbfc&quot;,&quot;video_type&quot;:&quot;youtube&quot;,&quot;controls&quot;:&quot;yes&quot;}\" data-widget_type=\"video.default\">\n\t\t\t\t<div class=\"elementor-widget-container\">\n\t\t\t\t\t\t\t<div class=\"elementor-wrapper elementor-open-inline\">\n\t\t\t<div class=\"elementor-video\"><\/div>\t\t<\/div>\n\t\t\t\t\t\t<\/div>\n\t\t\t\t<\/div>\n\t\t\t\t<div class=\"elementor-element elementor-element-91zgrew elementor-widget elementor-widget-spacer\" data-id=\"91zgrew\" data-element_type=\"widget\" data-widget_type=\"spacer.default\">\n\t\t\t\t<div class=\"elementor-widget-container\">\n\t\t\t\t\t\t\t<div class=\"elementor-spacer\">\n\t\t\t<div class=\"elementor-spacer-inner\"><\/div>\n\t\t<\/div>\n\t\t\t\t\t\t<\/div>\n\t\t\t\t<\/div>\n\t\t\t\t\t<\/div>\n\t\t<\/div>\n\t\t\t\t\t<\/div>\n\t\t<\/section>\n\t\t\t\t<\/div>","protected":false},"excerpt":{"rendered":"<p>El Instituto Santos Dumont (ISD) fue concebido por el neurocient\u00edfico Miguel Nicolelis y constituido y calificado como Organizaci\u00f3n Social en 2014. Sin embargo, sus unidades operan desde 2006 en el Nordeste brasile\u00f1o, gracias a la alianza del Instituto con la Asociaci\u00f3n Alberto Santos Dumont de Apoyo a la Investigaci\u00f3n (AASDAP), que gestion\u00f3 estos espacios en sus primeros a\u00f1os de [\u2026]<\/p>","protected":false},"author":6,"featured_media":0,"parent":10896,"menu_order":0,"comment_status":"closed","ping_status":"closed","template":"","meta":{"_acf_changed":false,"footnotes":""},"class_list":["post-11678","page","type-page","status-publish","hentry"],"acf":[],"_links":{"self":[{"href":"https:\/\/institutosantosdumont.org.br\/es\/wp-json\/wp\/v2\/pages\/11678","targetHints":{"allow":["GET"]}}],"collection":[{"href":"https:\/\/institutosantosdumont.org.br\/es\/wp-json\/wp\/v2\/pages"}],"about":[{"href":"https:\/\/institutosantosdumont.org.br\/es\/wp-json\/wp\/v2\/types\/page"}],"author":[{"embeddable":true,"href":"https:\/\/institutosantosdumont.org.br\/es\/wp-json\/wp\/v2\/users\/6"}],"replies":[{"embeddable":true,"href":"https:\/\/institutosantosdumont.org.br\/es\/wp-json\/wp\/v2\/comments?post=11678"}],"version-history":[{"count":0,"href":"https:\/\/institutosantosdumont.org.br\/es\/wp-json\/wp\/v2\/pages\/11678\/revisions"}],"up":[{"embeddable":true,"href":"https:\/\/institutosantosdumont.org.br\/es\/wp-json\/wp\/v2\/pages\/10896"}],"wp:attachment":[{"href":"https:\/\/institutosantosdumont.org.br\/es\/wp-json\/wp\/v2\/media?parent=11678"}],"curies":[{"name":"wp","href":"https:\/\/api.w.org\/{rel}","templated":true}]}}