{"id":11727,"date":"2017-09-22T11:27:58","date_gmt":"2017-09-22T14:27:58","guid":{"rendered":"http:\/\/www.institutosantosdumont.org.br\/?page_id=11727"},"modified":"2017-09-26T10:56:09","modified_gmt":"2017-09-26T13:56:09","slug":"organizacao-social","status":"publish","type":"page","link":"https:\/\/institutosantosdumont.org.br\/es\/organizacao-social\/","title":{"rendered":"Calificaci\u00f3n como Organizaci\u00f3n Social"},"content":{"rendered":"<div data-elementor-type=\"wp-post\" data-elementor-id=\"11727\" class=\"elementor elementor-11727 elementor-bc-flex-widget\" data-elementor-post-type=\"page\">\n\t\t\t\t\t\t<section class=\"elementor-section elementor-top-section elementor-element elementor-element-rslz93n elementor-section-boxed elementor-section-height-default elementor-section-height-default\" data-id=\"rslz93n\" data-element_type=\"section\">\n\t\t\t\t\t\t<div class=\"elementor-container elementor-column-gap-default\">\n\t\t\t\t\t<div class=\"elementor-column elementor-col-100 elementor-top-column elementor-element elementor-element-s4nx7g9\" data-id=\"s4nx7g9\" data-element_type=\"column\">\n\t\t\t<div class=\"elementor-widget-wrap elementor-element-populated\">\n\t\t\t\t\t\t<div class=\"elementor-element elementor-element-gr062pe elementor-widget elementor-widget-spacer\" data-id=\"gr062pe\" data-element_type=\"widget\" data-widget_type=\"spacer.default\">\n\t\t\t\t<div class=\"elementor-widget-container\">\n\t\t\t\t\t\t\t<div class=\"elementor-spacer\">\n\t\t\t<div class=\"elementor-spacer-inner\"><\/div>\n\t\t<\/div>\n\t\t\t\t\t\t<\/div>\n\t\t\t\t<\/div>\n\t\t\t\t<div class=\"elementor-element elementor-element-qnuqsq7 elementor-widget elementor-widget-text-editor\" data-id=\"qnuqsq7\" data-element_type=\"widget\" data-widget_type=\"text-editor.default\">\n\t\t\t\t<div class=\"elementor-widget-container\">\n\t\t\t\t\t\t\t\t\t<p><span style=\"font-weight: 400;\">EL <a href=\"https:\/\/institutosantosdumont.org.br\/es\/sobre-isd\/\" target=\"_blank\" rel=\"noopener noreferrer\"><strong>Instituto Santos Dumont (ISD)<\/strong><\/a> opera en una categor\u00eda diferenciada de asociaci\u00f3n entre los sectores p\u00fablico y privado, denominada\u00a0<\/span><b>Organizaci\u00f3n Social<\/b><span style=\"font-weight: 400;\"> (T\u00da).\u00a0<\/span><span style=\"font-weight: 400;\">Es una persona jur\u00eddica de derecho privado, <\/span><b>no lucrativo<\/b><span style=\"font-weight: 400;\">, que recibe recursos de las Autoridades P\u00fablicas para llevar a cabo\u00a0<\/span><b>inter\u00e9s p\u00fablico<\/b><span style=\"font-weight: 400;\">.\u00a0<\/span><span style=\"font-weight: 400;\">Los sistemas operativos est\u00e1n regulados por <a href=\"https:\/\/institutosantosdumont.org.br\/wp-content\/uploads\/2017\/09\/lei-federal-9637-os.pdf\" target=\"_blank\" rel=\"noopener noreferrer\"><strong>Ley Federal n\u00fam. 9.637<\/strong><\/a>, 18 de mayo de 1998.\u00a0<\/span><\/p><p><span style=\"font-weight: 400;\">Para convertirse en OS, una instituci\u00f3n debe operar en una de las siguientes \u00e1reas: <strong>docencia, investigaci\u00f3n cient\u00edfica, desarrollo tecnol\u00f3gico, protecci\u00f3n y preservaci\u00f3n del medio ambiente, la cultura o la salud<\/strong>. EL <\/span><a href=\"https:\/\/institutosantosdumont.org.br\/wp-content\/uploads\/2017\/09\/decreto-presidencial-qualificacao-isd.pdf\" target=\"_blank\" rel=\"noopener noreferrer\"><b>Decreto Presidencial<\/b><\/a><span style=\"font-weight: 400;\"> de 27 de febrero de 2014, calific\u00f3 a ISD como Organizaci\u00f3n Social, con el objeto de: <em>\u201cDesarrollar proyectos de educaci\u00f3n e investigaci\u00f3n cient\u00edfica a trav\u00e9s de la creaci\u00f3n de un entorno multidisciplinario, con el objetivo de desarrollar investigaciones de vanguardia en m\u00faltiples \u00e1reas del conocimiento, involucrando proyectos de desarrollo educativo, social y econ\u00f3mico\u201d<\/em>.<\/span><\/p><p><span style=\"font-weight: 400;\">Al ser un sistema operativo, el ISD cumple con requisitos espec\u00edficos. Adem\u00e1s de tener finalidad sin fines de lucro, cualquier super\u00e1vit financiero resultante de sus actividades o de las donaciones recibidas deber\u00e1 incorporarse al patrimonio de la Instituci\u00f3n. El ISD debe tener<\/span><b> \u00f3rganos colegiados de gobierno<\/b><span style=\"font-weight: 400;\">, con la participaci\u00f3n de representantes del Poder P\u00fablico y de la sociedad; <\/span><b>dar a conocer sus acciones<\/b><span style=\"font-weight: 400;\">; y someterse al control de <\/span><a href=\"http:\/\/portal.tcu.gov.br\" target=\"_blank\" rel=\"noopener noreferrer\"><b>Tribunal Federal de Cuentas (TCU)<\/b><\/a><span style=\"font-weight: 400;\">\u00a0sobre los recursos p\u00fablicos recibidos.<\/span><\/p><p><span style=\"font-weight: 400;\">La formalizaci\u00f3n de la colaboraci\u00f3n entre ISD y las Administraciones P\u00fablicas se produce mediante la celebraci\u00f3n de un <\/span><b><a href=\"https:\/\/institutosantosdumont.org.br\/es\/contrato-gestao-mec\/\" target=\"_blank\" rel=\"noopener noreferrer\">Contrato de Gesti\u00f3n (CG)<\/a>\u00a0<\/b><span style=\"font-weight: 400;\">, que establece objetivos a alcanzar y controla los resultados obtenidos. El ISD CG fue firmado con el <\/span><b><a href=\"http:\/\/portal.mec.gov.br\/index.php\" target=\"_blank\" rel=\"noopener noreferrer\">Ministerio de Educaci\u00f3n (MEC)<\/a>\u00a0<\/b>por primera vez en 2014.<span style=\"font-weight: 400;\">\u00a0Cada semestre, uno <\/span><b>Comit\u00e9 de Seguimiento y Evaluaci\u00f3n<\/b><span style=\"font-weight: 400;\"> establecido por el MEC (integrado por especialistas en las \u00e1reas de actuaci\u00f3n de ISD) eval\u00faa el cumplimiento de las metas acordadas en el CG y define los pr\u00f3ximos objetivos a alcanzar.<\/span><\/p><p>\u00a0<\/p><h2><strong>DOCUMENTOS<\/strong><\/h2>\t\t\t\t\t\t\t\t<\/div>\n\t\t\t\t<\/div>\n\t\t\t\t<div class=\"elementor-element elementor-element-gc51x2w elementor-widget elementor-widget-spacer\" data-id=\"gc51x2w\" data-element_type=\"widget\" data-widget_type=\"spacer.default\">\n\t\t\t\t<div class=\"elementor-widget-container\">\n\t\t\t\t\t\t\t<div class=\"elementor-spacer\">\n\t\t\t<div class=\"elementor-spacer-inner\"><\/div>\n\t\t<\/div>\n\t\t\t\t\t\t<\/div>\n\t\t\t\t<\/div>\n\t\t\t\t<section class=\"elementor-section elementor-inner-section elementor-element elementor-element-oc937s4 elementor-section-boxed elementor-section-height-default elementor-section-height-default\" data-id=\"oc937s4\" data-element_type=\"section\">\n\t\t\t\t\t\t<div class=\"elementor-container elementor-column-gap-default\">\n\t\t\t\t\t<div class=\"elementor-column elementor-col-50 elementor-inner-column elementor-element elementor-element-ql4ko76\" data-id=\"ql4ko76\" data-element_type=\"column\">\n\t\t\t<div class=\"elementor-widget-wrap elementor-element-populated\">\n\t\t\t\t\t\t<div class=\"elementor-element elementor-element-c61zjb1 elementor-button-warning elementor-align-center elementor-widget elementor-widget-button\" data-id=\"c61zjb1\" data-element_type=\"widget\" data-widget_type=\"button.default\">\n\t\t\t\t<div class=\"elementor-widget-container\">\n\t\t\t\t\t\t\t\t\t<div class=\"elementor-button-wrapper\">\n\t\t\t\t\t<a class=\"elementor-button elementor-button-link elementor-size-lg\" href=\"https:\/\/institutosantosdumont.org.br\/wp-content\/uploads\/2017\/09\/lei-federal-9637-os.pdf\" target=\"_blank\">\n\t\t\t\t\t\t<span class=\"elementor-button-content-wrapper\">\n\t\t\t\t\t\t<span class=\"elementor-button-icon\">\n\t\t\t\t\t\t\t\t\t<i class=\"fa fa-file-text-o\" aria-hidden=\"true\"><\/i>\n\t\t\t\t\t\t\t<\/span>\n\t\t\t\t\t\t\t\t\t<span class=\"elementor-button-text\">Ley Federal N. 9.637 que Califica las OS<\/span>\n\t\t\t\t\t<\/span>\n\t\t\t\t\t<\/a>\n\t\t\t\t<\/div>\n\t\t\t\t\t\t\t\t<\/div>\n\t\t\t\t<\/div>\n\t\t\t\t\t<\/div>\n\t\t<\/div>\n\t\t\t\t<div class=\"elementor-column elementor-col-50 elementor-inner-column elementor-element elementor-element-oj8imgx\" data-id=\"oj8imgx\" data-element_type=\"column\">\n\t\t\t<div class=\"elementor-widget-wrap elementor-element-populated\">\n\t\t\t\t\t\t<div class=\"elementor-element elementor-element-yeyu10g elementor-button-warning elementor-align-center elementor-widget elementor-widget-button\" data-id=\"yeyu10g\" data-element_type=\"widget\" data-widget_type=\"button.default\">\n\t\t\t\t<div class=\"elementor-widget-container\">\n\t\t\t\t\t\t\t\t\t<div class=\"elementor-button-wrapper\">\n\t\t\t\t\t<a class=\"elementor-button elementor-button-link elementor-size-lg\" href=\"https:\/\/institutosantosdumont.org.br\/wp-content\/uploads\/2017\/09\/decreto-presidencial-qualificacao-isd.pdf\" target=\"_blank\">\n\t\t\t\t\t\t<span class=\"elementor-button-content-wrapper\">\n\t\t\t\t\t\t<span class=\"elementor-button-icon\">\n\t\t\t\t\t\t\t\t\t<i class=\"fa fa-file-text-o\" aria-hidden=\"true\"><\/i>\n\t\t\t\t\t\t\t<\/span>\n\t\t\t\t\t\t\t\t\t<span class=\"elementor-button-text\">Decreto Presidencial sobre Calificaci\u00f3n ISD<\/span>\n\t\t\t\t\t<\/span>\n\t\t\t\t\t<\/a>\n\t\t\t\t<\/div>\n\t\t\t\t\t\t\t\t<\/div>\n\t\t\t\t<\/div>\n\t\t\t\t\t<\/div>\n\t\t<\/div>\n\t\t\t\t\t<\/div>\n\t\t<\/section>\n\t\t\t\t<div class=\"elementor-element elementor-element-twjlb61 elementor-widget elementor-widget-spacer\" data-id=\"twjlb61\" data-element_type=\"widget\" data-widget_type=\"spacer.default\">\n\t\t\t\t<div class=\"elementor-widget-container\">\n\t\t\t\t\t\t\t<div class=\"elementor-spacer\">\n\t\t\t<div class=\"elementor-spacer-inner\"><\/div>\n\t\t<\/div>\n\t\t\t\t\t\t<\/div>\n\t\t\t\t<\/div>\n\t\t\t\t\t<\/div>\n\t\t<\/div>\n\t\t\t\t\t<\/div>\n\t\t<\/section>\n\t\t\t\t<\/div>","protected":false},"excerpt":{"rendered":"<p>El Instituto Santos Dumont (ISD) opera en una categor\u00eda espec\u00edfica de asociaci\u00f3n p\u00fablico-privada, conocida como Organizaci\u00f3n Social (OS). Se trata de una entidad jur\u00eddica privada sin fines de lucro que recibe financiaci\u00f3n del gobierno para prestar servicios de inter\u00e9s p\u00fablico. Las OS est\u00e1n reguladas por la Ley Federal N.\u00ba 9.637 del 18 de mayo de [\u2026]<\/p>","protected":false},"author":6,"featured_media":0,"parent":0,"menu_order":0,"comment_status":"closed","ping_status":"closed","template":"template-page.php","meta":{"_acf_changed":false,"footnotes":""},"class_list":["post-11727","page","type-page","status-publish","hentry"],"acf":[],"_links":{"self":[{"href":"https:\/\/institutosantosdumont.org.br\/es\/wp-json\/wp\/v2\/pages\/11727","targetHints":{"allow":["GET"]}}],"collection":[{"href":"https:\/\/institutosantosdumont.org.br\/es\/wp-json\/wp\/v2\/pages"}],"about":[{"href":"https:\/\/institutosantosdumont.org.br\/es\/wp-json\/wp\/v2\/types\/page"}],"author":[{"embeddable":true,"href":"https:\/\/institutosantosdumont.org.br\/es\/wp-json\/wp\/v2\/users\/6"}],"replies":[{"embeddable":true,"href":"https:\/\/institutosantosdumont.org.br\/es\/wp-json\/wp\/v2\/comments?post=11727"}],"version-history":[{"count":0,"href":"https:\/\/institutosantosdumont.org.br\/es\/wp-json\/wp\/v2\/pages\/11727\/revisions"}],"wp:attachment":[{"href":"https:\/\/institutosantosdumont.org.br\/es\/wp-json\/wp\/v2\/media?parent=11727"}],"curies":[{"name":"wp","href":"https:\/\/api.w.org\/{rel}","templated":true}]}}