{"id":13667,"date":"2018-04-19T16:09:44","date_gmt":"2018-04-19T19:09:44","guid":{"rendered":"http:\/\/www.institutosantosdumont.org.br\/?page_id=13667"},"modified":"2022-02-09T09:45:16","modified_gmt":"2022-02-09T12:45:16","slug":"about-us","status":"publish","type":"page","link":"https:\/\/institutosantosdumont.org.br\/es\/about-us\/","title":{"rendered":"Sobre nosotros"},"content":{"rendered":"<div data-elementor-type=\"wp-post\" data-elementor-id=\"13667\" class=\"elementor elementor-13667\" data-elementor-post-type=\"page\">\n\t\t\t\t\t\t<section class=\"elementor-section elementor-top-section elementor-element elementor-element-irtulka elementor-section-boxed elementor-section-height-default elementor-section-height-default\" data-id=\"irtulka\" data-element_type=\"section\">\n\t\t\t\t\t\t<div class=\"elementor-container elementor-column-gap-default\">\n\t\t\t\t\t<div class=\"elementor-column elementor-col-100 elementor-top-column elementor-element elementor-element-mvhxoci\" data-id=\"mvhxoci\" data-element_type=\"column\">\n\t\t\t<div class=\"elementor-widget-wrap elementor-element-populated\">\n\t\t\t\t\t\t<section class=\"elementor-section elementor-inner-section elementor-element elementor-element-275e9cb3 elementor-section-boxed elementor-section-height-default elementor-section-height-default\" data-id=\"275e9cb3\" data-element_type=\"section\">\n\t\t\t\t\t\t<div class=\"elementor-container elementor-column-gap-default\">\n\t\t\t\t\t<div class=\"elementor-column elementor-col-50 elementor-inner-column elementor-element elementor-element-2b8b7b7d\" data-id=\"2b8b7b7d\" data-element_type=\"column\">\n\t\t\t<div class=\"elementor-widget-wrap elementor-element-populated\">\n\t\t\t\t\t\t<div class=\"elementor-element elementor-element-1026f15 elementor-widget elementor-widget-image\" data-id=\"1026f15\" data-element_type=\"widget\" data-widget_type=\"image.default\">\n\t\t\t\t<div class=\"elementor-widget-container\">\n\t\t\t\t\t\t\t\t\t\t\t\t\t\t\t<img fetchpriority=\"high\" decoding=\"async\" width=\"800\" height=\"600\" src=\"https:\/\/institutosantosdumont.org.br\/wp-content\/uploads\/2021\/12\/Fisioterapia-no-0G-e-no-Anita-com-crian\u00e7a-com-microcefalia-e-adultos-_-Fotos-e-V\u00eddeos-Ascom-ISD-13-1024x768.jpg\" class=\"attachment-large size-large wp-image-23003\" alt=\"\" srcset=\"https:\/\/institutosantosdumont.org.br\/wp-content\/uploads\/2021\/12\/Fisioterapia-no-0G-e-no-Anita-com-crian\u00e7a-com-microcefalia-e-adultos-_-Fotos-e-V\u00eddeos-Ascom-ISD-13-1024x768.jpg 1024w, https:\/\/institutosantosdumont.org.br\/wp-content\/uploads\/2021\/12\/Fisioterapia-no-0G-e-no-Anita-com-crian\u00e7a-com-microcefalia-e-adultos-_-Fotos-e-V\u00eddeos-Ascom-ISD-13-300x225.jpg 300w, https:\/\/institutosantosdumont.org.br\/wp-content\/uploads\/2021\/12\/Fisioterapia-no-0G-e-no-Anita-com-crian\u00e7a-com-microcefalia-e-adultos-_-Fotos-e-V\u00eddeos-Ascom-ISD-13-768x576.jpg 768w\" sizes=\"(max-width: 800px) 100vw, 800px\" \/>\t\t\t\t\t\t\t\t\t\t\t\t\t\t\t<\/div>\n\t\t\t\t<\/div>\n\t\t\t\t\t<\/div>\n\t\t<\/div>\n\t\t\t\t<div class=\"elementor-column elementor-col-50 elementor-inner-column elementor-element elementor-element-621ac14c\" data-id=\"621ac14c\" data-element_type=\"column\">\n\t\t\t<div class=\"elementor-widget-wrap elementor-element-populated\">\n\t\t\t\t\t\t<div class=\"elementor-element elementor-element-83316b9 elementor-widget elementor-widget-image\" data-id=\"83316b9\" data-element_type=\"widget\" data-widget_type=\"image.default\">\n\t\t\t\t<div class=\"elementor-widget-container\">\n\t\t\t\t\t\t\t\t\t\t\t\t\t\t\t<img decoding=\"async\" width=\"800\" height=\"600\" src=\"https:\/\/institutosantosdumont.org.br\/wp-content\/uploads\/2022\/01\/Renova\u00e7\u00e3o-do-contrato-do-MEC-com-o-ISD-possibilitar\u00e1-amplia\u00e7\u00e3o-de-atendimentos-\u00e0-popula\u00e7\u00e3o-_-Foto-ASCOM-ISD-1024x768.jpeg\" class=\"attachment-large size-large wp-image-23213\" alt=\"\" srcset=\"https:\/\/institutosantosdumont.org.br\/wp-content\/uploads\/2022\/01\/Renova\u00e7\u00e3o-do-contrato-do-MEC-com-o-ISD-possibilitar\u00e1-amplia\u00e7\u00e3o-de-atendimentos-\u00e0-popula\u00e7\u00e3o-_-Foto-ASCOM-ISD.jpeg 1024w, https:\/\/institutosantosdumont.org.br\/wp-content\/uploads\/2022\/01\/Renova\u00e7\u00e3o-do-contrato-do-MEC-com-o-ISD-possibilitar\u00e1-amplia\u00e7\u00e3o-de-atendimentos-\u00e0-popula\u00e7\u00e3o-_-Foto-ASCOM-ISD-300x225.jpeg 300w, https:\/\/institutosantosdumont.org.br\/wp-content\/uploads\/2022\/01\/Renova\u00e7\u00e3o-do-contrato-do-MEC-com-o-ISD-possibilitar\u00e1-amplia\u00e7\u00e3o-de-atendimentos-\u00e0-popula\u00e7\u00e3o-_-Foto-ASCOM-ISD-768x576.jpeg 768w\" sizes=\"(max-width: 800px) 100vw, 800px\" \/>\t\t\t\t\t\t\t\t\t\t\t\t\t\t\t<\/div>\n\t\t\t\t<\/div>\n\t\t\t\t\t<\/div>\n\t\t<\/div>\n\t\t\t\t\t<\/div>\n\t\t<\/section>\n\t\t\t\t<div class=\"elementor-element elementor-element-kqgbvas elementor-widget elementor-widget-text-editor\" data-id=\"kqgbvas\" data-element_type=\"widget\" data-widget_type=\"text-editor.default\">\n\t\t\t\t<div class=\"elementor-widget-container\">\n\t\t\t\t\t\t\t\t\t<p>Ideado por el neurocient\u00edfico <a href=\"http:\/\/www.beyondboundariesnicolelis.net\" target=\"_blank\" rel=\"noopener noreferrer nofollow\"><strong>miguel nicolelis<\/strong><\/a>, el <b>Instituto Santos Dumont (<em>Instituto Santos Dumont<\/em> \u2013 Distrito Escolar Independiente)<\/b> busca inspiraci\u00f3n en la ic\u00f3nica e innovadora figura de <strong>Santos Dumont<\/strong>, padre de la aviaci\u00f3n y uno de los mayores cient\u00edficos brasile\u00f1os de todos los tiempos. El Nordeste de Brasil fue elegido intencionalmente para el ISD que act\u00faa para fomentar el desarrollo humano, social y financiero de esa regi\u00f3n. La Instituci\u00f3n considera la responsabilidad social y la innovaci\u00f3n como motores de todas las acciones de docencia, investigaci\u00f3n y extensi\u00f3n desarrolladas en \u00e1reas de Educaci\u00f3n, Neurociencias, Neuroingenier\u00eda, Salud Materno Infantil y en Rehabilitaci\u00f3n.<\/p><p>El <strong>Decreto presidencial brasile\u00f1o del 27 de febrero de 2014<\/strong>, calific\u00f3 a ISD como <strong>Organizaci\u00f3n social<\/strong>. Este tipo \u00fanico de asociaci\u00f3n entre los sectores p\u00fablico y privado permite al Gobierno financiar una<strong> organizaci\u00f3n sin fines de lucro<\/strong> para realizar servicios con <strong>inter\u00e9s p\u00fablico<\/strong>. Actualmente, ISD desarrolla sus actividades a trav\u00e9s de un contrato de gesti\u00f3n suscrito con la <strong>Ministerio de Educaci\u00f3n de Brasil (MEC)<\/strong>.<\/p><p>Para dar alas a un proyecto tan desafiante y gratificante, ISD ha establecido una asociaci\u00f3n crucial con la\u00a0<a href=\"http:\/\/www.ufrn.br\/\" target=\"_blank\" rel=\"noopener noreferrer nofollow\"><strong>Universidad Federal de Rio Grande do Norte\/UFRN<\/strong><\/a> (como abreviatura en portugu\u00e9s) unir esfuerzos en varios proyectos. El Instituto tambi\u00e9n ha establecido alianzas con otras instituciones en Brasil y en otros pa\u00edses como Estados Unidos, Escocia, Jap\u00f3n, Francia, M\u00e9xico, Portugal, Suecia y Suiza.\u00a0<\/p><p>El ISD cumple su Misi\u00f3n a trav\u00e9s de proyectos y actividades en las siguientes Unidades:<\/p>\t\t\t\t\t\t\t\t<\/div>\n\t\t\t\t<\/div>\n\t\t\t\t<section class=\"elementor-section elementor-inner-section elementor-element elementor-element-1bd5afe1 elementor-section-boxed elementor-section-height-default elementor-section-height-default\" data-id=\"1bd5afe1\" data-element_type=\"section\" data-settings=\"{&quot;background_background&quot;:&quot;classic&quot;}\">\n\t\t\t\t\t\t<div class=\"elementor-container elementor-column-gap-no\">\n\t\t\t\t\t<div class=\"elementor-column elementor-col-50 elementor-inner-column elementor-element elementor-element-6559e687\" data-id=\"6559e687\" data-element_type=\"column\" data-settings=\"{&quot;background_background&quot;:&quot;classic&quot;}\">\n\t\t\t<div class=\"elementor-widget-wrap elementor-element-populated\">\n\t\t\t\t\t\t<div class=\"elementor-element elementor-element-72e8e1a2 elementor-widget elementor-widget-image\" data-id=\"72e8e1a2\" data-element_type=\"widget\" data-widget_type=\"image.default\">\n\t\t\t\t<div class=\"elementor-widget-container\">\n\t\t\t\t\t\t\t\t\t\t\t\t\t\t\t<img decoding=\"async\" width=\"1200\" height=\"675\" src=\"https:\/\/institutosantosdumont.org.br\/wp-content\/uploads\/2017\/06\/campus-cerebro-iinels.jpg\" class=\"attachment-full size-full wp-image-14896\" alt=\"\" srcset=\"https:\/\/institutosantosdumont.org.br\/wp-content\/uploads\/2017\/06\/campus-cerebro-iinels.jpg 1200w, https:\/\/institutosantosdumont.org.br\/wp-content\/uploads\/2017\/06\/campus-cerebro-iinels-300x169.jpg 300w, https:\/\/institutosantosdumont.org.br\/wp-content\/uploads\/2017\/06\/campus-cerebro-iinels-768x432.jpg 768w, https:\/\/institutosantosdumont.org.br\/wp-content\/uploads\/2017\/06\/campus-cerebro-iinels-1024x576.jpg 1024w\" sizes=\"(max-width: 1200px) 100vw, 1200px\" \/>\t\t\t\t\t\t\t\t\t\t\t\t\t\t\t<\/div>\n\t\t\t\t<\/div>\n\t\t\t\t<div class=\"elementor-element elementor-element-55dde69 elementor-widget elementor-widget-heading\" data-id=\"55dde69\" data-element_type=\"widget\" data-widget_type=\"heading.default\">\n\t\t\t\t<div class=\"elementor-widget-container\">\n\t\t\t\t\t<h3 class=\"elementor-heading-title elementor-size-large\">Instituto Internacional de Neurociencias Edmond y Lily Safra<\/h3>\t\t\t\t<\/div>\n\t\t\t\t<\/div>\n\t\t\t\t<div class=\"elementor-element elementor-element-72b85185 elementor-widget elementor-widget-text-editor\" data-id=\"72b85185\" data-element_type=\"widget\" data-widget_type=\"text-editor.default\">\n\t\t\t\t<div class=\"elementor-widget-container\">\n\t\t\t\t\t\t\t\t\t<p>Ubicado en Maca\u00edba-RN, el IIN-ELS (por sus siglas en portugu\u00e9s) desarrolla investigaci\u00f3n cient\u00edfica traslacional innovadora en dos l\u00edneas principales: Interfaz Cerebro-M\u00e1quina (BMIs) y Neuromodulaci\u00f3n. Desde 2013 ofrece el primer M\u00e1ster en Neuroingenier\u00eda homologado por <strong>Gobierno de Brasil \/ CAPES<\/strong>. Puede encontrar m\u00e1s informaci\u00f3n <a href=\"https:\/\/institutosantosdumont.org.br\/es\/instituto-neurociencias\/\" target=\"_blank\" rel=\"noopener\"><strong>AQU\u00cd<\/strong><\/a> (en portugu\u00e9s).<\/p>\t\t\t\t\t\t\t\t<\/div>\n\t\t\t\t<\/div>\n\t\t\t\t\t<\/div>\n\t\t<\/div>\n\t\t\t\t<div class=\"elementor-column elementor-col-50 elementor-inner-column elementor-element elementor-element-91c73fa\" data-id=\"91c73fa\" data-element_type=\"column\" data-settings=\"{&quot;background_background&quot;:&quot;classic&quot;}\">\n\t\t\t<div class=\"elementor-widget-wrap elementor-element-populated\">\n\t\t\t\t\t\t<div class=\"elementor-element elementor-element-27b62aed elementor-widget elementor-widget-image\" data-id=\"27b62aed\" data-element_type=\"widget\" data-widget_type=\"image.default\">\n\t\t\t\t<div class=\"elementor-widget-container\">\n\t\t\t\t\t\t\t\t\t\t\t\t\t\t\t<img loading=\"lazy\" decoding=\"async\" width=\"6000\" height=\"4000\" src=\"https:\/\/institutosantosdumont.org.br\/wp-content\/uploads\/2017\/05\/Fachada-do-CEPS-Anita-Garibaldi-_-Foto-ASCOM-ISD-1-1.jpg\" class=\"attachment-full size-full wp-image-22361\" alt=\"\" srcset=\"https:\/\/institutosantosdumont.org.br\/wp-content\/uploads\/2017\/05\/Fachada-do-CEPS-Anita-Garibaldi-_-Foto-ASCOM-ISD-1-1.jpg 6000w, https:\/\/institutosantosdumont.org.br\/wp-content\/uploads\/2017\/05\/Fachada-do-CEPS-Anita-Garibaldi-_-Foto-ASCOM-ISD-1-1-300x200.jpg 300w, https:\/\/institutosantosdumont.org.br\/wp-content\/uploads\/2017\/05\/Fachada-do-CEPS-Anita-Garibaldi-_-Foto-ASCOM-ISD-1-1-768x512.jpg 768w, https:\/\/institutosantosdumont.org.br\/wp-content\/uploads\/2017\/05\/Fachada-do-CEPS-Anita-Garibaldi-_-Foto-ASCOM-ISD-1-1-1024x683.jpg 1024w\" sizes=\"(max-width: 6000px) 100vw, 6000px\" \/>\t\t\t\t\t\t\t\t\t\t\t\t\t\t\t<\/div>\n\t\t\t\t<\/div>\n\t\t\t\t<div class=\"elementor-element elementor-element-46f98947 elementor-widget elementor-widget-heading\" data-id=\"46f98947\" data-element_type=\"widget\" data-widget_type=\"heading.default\">\n\t\t\t\t<div class=\"elementor-widget-container\">\n\t\t\t\t\t<h3 class=\"elementor-heading-title elementor-size-large\">Centro Anita Garibaldi de Educaci\u00f3n e Investigaci\u00f3n en Salud (Anita)<\/h3>\t\t\t\t<\/div>\n\t\t\t\t<\/div>\n\t\t\t\t<div class=\"elementor-element elementor-element-75427c3e elementor-widget elementor-widget-text-editor\" data-id=\"75427c3e\" data-element_type=\"widget\" data-widget_type=\"text-editor.default\">\n\t\t\t\t<div class=\"elementor-widget-container\">\n\t\t\t\t\t\t\t\t\t<p><span style=\"color: #ffffff;\">Tambi\u00e9n ubicada en Maca\u00edba, Anita (por sus siglas en portugu\u00e9s) dedica sus esfuerzos a la formaci\u00f3n, desarrollo y educaci\u00f3n continua de profesionales de la salud. Integra la\u00a0<strong>Sistema \u00danico de Salud de Brasil (SUS)<\/strong>\u00a0como servicio de referencia para la atenci\u00f3n multidisciplinaria a la salud materno-infantil, as\u00ed como a la rehabilitaci\u00f3n en el estado de Rio Grande do Norte. Puede encontrar m\u00e1s informaci\u00f3n <a style=\"color: #ffffff;\" href=\"https:\/\/institutosantosdumont.org.br\/es\/unidades\/saude-anita-garibaldi\/\" target=\"_blank\" rel=\"noopener\"><strong>AQU\u00cd<\/strong><\/a> (en portugu\u00e9s).<\/span><\/p>\t\t\t\t\t\t\t\t<\/div>\n\t\t\t\t<\/div>\n\t\t\t\t\t<\/div>\n\t\t<\/div>\n\t\t\t\t\t<\/div>\n\t\t<\/section>\n\t\t\t\t<div class=\"elementor-element elementor-element-pr743d4 elementor-widget elementor-widget-spacer\" data-id=\"pr743d4\" data-element_type=\"widget\" data-widget_type=\"spacer.default\">\n\t\t\t\t<div class=\"elementor-widget-container\">\n\t\t\t\t\t\t\t<div class=\"elementor-spacer\">\n\t\t\t<div class=\"elementor-spacer-inner\"><\/div>\n\t\t<\/div>\n\t\t\t\t\t\t<\/div>\n\t\t\t\t<\/div>\n\t\t\t\t<section class=\"elementor-section elementor-inner-section elementor-element elementor-element-8mi3sgf elementor-section-boxed elementor-section-height-default elementor-section-height-default\" data-id=\"8mi3sgf\" data-element_type=\"section\" data-settings=\"{&quot;background_background&quot;:&quot;classic&quot;}\">\n\t\t\t\t\t\t<div class=\"elementor-container elementor-column-gap-default\">\n\t\t\t\t\t<div class=\"elementor-column elementor-col-50 elementor-inner-column elementor-element elementor-element-chlmbsv\" data-id=\"chlmbsv\" data-element_type=\"column\" data-settings=\"{&quot;background_background&quot;:&quot;classic&quot;}\">\n\t\t\t<div class=\"elementor-widget-wrap elementor-element-populated\">\n\t\t\t\t\t\t<div class=\"elementor-element elementor-element-ihwg5u9 elementor-view-default elementor-widget elementor-widget-icon\" data-id=\"ihwg5u9\" data-element_type=\"widget\" data-widget_type=\"icon.default\">\n\t\t\t\t<div class=\"elementor-widget-container\">\n\t\t\t\t\t\t\t<div class=\"elementor-icon-wrapper\">\n\t\t\t<div class=\"elementor-icon\">\n\t\t\t\t\t\t\t<i class=\"fa fa-bullseye\" aria-hidden=\"true\"><\/i>\n\t\t\t\t\t\t<\/div>\n\t\t<\/div>\n\t\t\t\t\t\t<\/div>\n\t\t\t\t<\/div>\n\t\t\t\t\t<\/div>\n\t\t<\/div>\n\t\t\t\t<div class=\"elementor-column elementor-col-50 elementor-inner-column elementor-element elementor-element-crzzu46\" data-id=\"crzzu46\" data-element_type=\"column\" data-settings=\"{&quot;background_background&quot;:&quot;classic&quot;}\">\n\t\t\t<div class=\"elementor-widget-wrap elementor-element-populated\">\n\t\t\t\t\t\t<div class=\"elementor-element elementor-element-j528ltm elementor-widget elementor-widget-heading\" data-id=\"j528ltm\" data-element_type=\"widget\" data-widget_type=\"heading.default\">\n\t\t\t\t<div class=\"elementor-widget-container\">\n\t\t\t\t\t<h3 class=\"elementor-heading-title elementor-size-large\">MISI\u00d3N<\/h3>\t\t\t\t<\/div>\n\t\t\t\t<\/div>\n\t\t\t\t<div class=\"elementor-element elementor-element-051qccu elementor-widget elementor-widget-text-editor\" data-id=\"051qccu\" data-element_type=\"widget\" data-widget_type=\"text-editor.default\">\n\t\t\t\t<div class=\"elementor-widget-container\">\n\t\t\t\t\t\t\t\t\t<p style=\"text-align: left;\"><span style=\"color: #ffffff;\">Promover la educaci\u00f3n para la vida, formando ciudadanos mediante una ense\u00f1anza integral,<\/span><br \/><span style=\"color: #ffffff;\">acciones de investigaci\u00f3n y extensi\u00f3n, y contribuir a una transformaci\u00f3n m\u00e1s justa y humanizada de la sociedad.\u00a0<\/span><span style=\"color: #ffffff;\">La realidad social brasile\u00f1a.<\/span><\/p>\t\t\t\t\t\t\t\t<\/div>\n\t\t\t\t<\/div>\n\t\t\t\t\t<\/div>\n\t\t<\/div>\n\t\t\t\t\t<\/div>\n\t\t<\/section>\n\t\t\t\t<div class=\"elementor-element elementor-element-poqubud elementor-widget elementor-widget-spacer\" data-id=\"poqubud\" data-element_type=\"widget\" data-widget_type=\"spacer.default\">\n\t\t\t\t<div class=\"elementor-widget-container\">\n\t\t\t\t\t\t\t<div class=\"elementor-spacer\">\n\t\t\t<div class=\"elementor-spacer-inner\"><\/div>\n\t\t<\/div>\n\t\t\t\t\t\t<\/div>\n\t\t\t\t<\/div>\n\t\t\t\t<section class=\"elementor-section elementor-inner-section elementor-element elementor-element-62t6jqc elementor-section-boxed elementor-section-height-default elementor-section-height-default\" data-id=\"62t6jqc\" data-element_type=\"section\" data-settings=\"{&quot;background_background&quot;:&quot;classic&quot;}\">\n\t\t\t\t\t\t<div class=\"elementor-container elementor-column-gap-default\">\n\t\t\t\t\t<div class=\"elementor-column elementor-col-50 elementor-inner-column elementor-element elementor-element-r9ixq8j\" data-id=\"r9ixq8j\" data-element_type=\"column\" data-settings=\"{&quot;background_background&quot;:&quot;classic&quot;}\">\n\t\t\t<div class=\"elementor-widget-wrap elementor-element-populated\">\n\t\t\t\t\t\t<div class=\"elementor-element elementor-element-m0w973i elementor-view-default elementor-widget elementor-widget-icon\" data-id=\"m0w973i\" data-element_type=\"widget\" data-widget_type=\"icon.default\">\n\t\t\t\t<div class=\"elementor-widget-container\">\n\t\t\t\t\t\t\t<div class=\"elementor-icon-wrapper\">\n\t\t\t<div class=\"elementor-icon\">\n\t\t\t\t\t\t\t<i class=\"fa fa-eye\" aria-hidden=\"true\"><\/i>\n\t\t\t\t\t\t<\/div>\n\t\t<\/div>\n\t\t\t\t\t\t<\/div>\n\t\t\t\t<\/div>\n\t\t\t\t\t<\/div>\n\t\t<\/div>\n\t\t\t\t<div class=\"elementor-column elementor-col-50 elementor-inner-column elementor-element elementor-element-csjnhur\" data-id=\"csjnhur\" data-element_type=\"column\" data-settings=\"{&quot;background_background&quot;:&quot;classic&quot;}\">\n\t\t\t<div class=\"elementor-widget-wrap elementor-element-populated\">\n\t\t\t\t\t\t<div class=\"elementor-element elementor-element-q572kka elementor-widget elementor-widget-heading\" data-id=\"q572kka\" data-element_type=\"widget\" data-widget_type=\"heading.default\">\n\t\t\t\t<div class=\"elementor-widget-container\">\n\t\t\t\t\t<h3 class=\"elementor-heading-title elementor-size-large\">VISI\u00d3N<\/h3>\t\t\t\t<\/div>\n\t\t\t\t<\/div>\n\t\t\t\t<div class=\"elementor-element elementor-element-ekpne3o elementor-widget elementor-widget-text-editor\" data-id=\"ekpne3o\" data-element_type=\"widget\" data-widget_type=\"text-editor.default\">\n\t\t\t\t<div class=\"elementor-widget-container\">\n\t\t\t\t\t\t\t\t\t<p style=\"text-align: left;\"><span style=\"color: #ffffff;\">Ser reconocidos internacionalmente como un centro de Educaci\u00f3n, Ciencia y Tecnolog\u00eda en los campos de Salud Maternoinfantil, Rehabilitaci\u00f3n, Neurociencias y Neuroingenier\u00eda.<\/span><\/p>\t\t\t\t\t\t\t\t<\/div>\n\t\t\t\t<\/div>\n\t\t\t\t\t<\/div>\n\t\t<\/div>\n\t\t\t\t\t<\/div>\n\t\t<\/section>\n\t\t\t\t<div class=\"elementor-element elementor-element-qiqoxtj elementor-widget elementor-widget-spacer\" data-id=\"qiqoxtj\" data-element_type=\"widget\" data-widget_type=\"spacer.default\">\n\t\t\t\t<div class=\"elementor-widget-container\">\n\t\t\t\t\t\t\t<div class=\"elementor-spacer\">\n\t\t\t<div class=\"elementor-spacer-inner\"><\/div>\n\t\t<\/div>\n\t\t\t\t\t\t<\/div>\n\t\t\t\t<\/div>\n\t\t\t\t<div class=\"elementor-element elementor-element-0416be1 elementor-widget elementor-widget-text-editor\" data-id=\"0416be1\" data-element_type=\"widget\" data-widget_type=\"text-editor.default\">\n\t\t\t\t<div class=\"elementor-widget-container\">\n\t\t\t\t\t\t\t\t\t<p>\u00bfTienes curiosidad por la historia y el trabajo del <strong>Instituto Santos Dumont<\/strong>? A continuaci\u00f3n pod\u00e9is acceder a la revista del ISD, realizada en 2019, que trae informaci\u00f3n sobre el funcionamiento y las instalaciones del <strong>Instituto Internacional de Neurociencias Edmond y Lily Safra<\/strong> y el <strong>Centro Anita Garibaldi de Educaci\u00f3n e Investigaci\u00f3n en Salud<\/strong>. La publicaci\u00f3n tambi\u00e9n cuenta con datos sobre el ciclo del contrato de gesti\u00f3n con el Ministerio de Educaci\u00f3n de Brasil entre 2014 y 2018.<\/p>\t\t\t\t\t\t\t\t<\/div>\n\t\t\t\t<\/div>\n\t\t\t\t<div class=\"elementor-element elementor-element-3831286f elementor-button-danger elementor-align-center elementor-widget elementor-widget-button\" data-id=\"3831286f\" data-element_type=\"widget\" data-widget_type=\"button.default\">\n\t\t\t\t<div class=\"elementor-widget-container\">\n\t\t\t\t\t\t\t\t\t<div class=\"elementor-button-wrapper\">\n\t\t\t\t\t<a class=\"elementor-button elementor-button-link elementor-size-xl\" href=\"https:\/\/institutosantosdumont.org.br\/wp-content\/uploads\/2019\/08\/Santos-Dumont-Institute-English-Magazine-2019-compactado.pdf\" target=\"_blank\">\n\t\t\t\t\t\t<span class=\"elementor-button-content-wrapper\">\n\t\t\t\t\t\t<span class=\"elementor-button-icon\">\n\t\t\t\t\t\t\t\t\t<i class=\"fa fa-book\" aria-hidden=\"true\"><\/i>\n\t\t\t\t\t\t\t<\/span>\n\t\t\t\t\t\t\t\t\t<span class=\"elementor-button-text\">Revista: Encuentra el archivo PDF aqu\u00ed o echa un vistazo a la versi\u00f3n Flipbook a continuaci\u00f3n.<\/span>\n\t\t\t\t\t<\/span>\n\t\t\t\t\t<\/a>\n\t\t\t\t<\/div>\n\t\t\t\t\t\t\t\t<\/div>\n\t\t\t\t<\/div>\n\t\t\t\t<div class=\"elementor-element elementor-element-74218005 elementor-widget elementor-widget-html\" data-id=\"74218005\" data-element_type=\"widget\" data-widget_type=\"html.default\">\n\t\t\t\t<div class=\"elementor-widget-container\">\n\t\t\t\t\t<style>.embed-container { position: relative; padding-bottom:56.25%; height:0; overflow: hidden; max-width: 100%; } .embed-container iframe, .embed-container object, .embed-container embed { position: absolute; top: 0; left: 0; width: 100%; height: 100%;}<\/style><div class='embed-container' data-page-width='452' data-page-height='640' id='ypembedcontainer' ><iframe   src=\"https:\/\/www.yumpu.com\/en\/embed\/view\/9R67ehcTZ4G1WqUA\" frameborder=\"0\" allowfullscreen=\"true\"  allowtransparency=\"true\"><\/iframe><\/div><script src='https:\/\/players.yumpu.com\/modules\/embed\/yp_r_iframe.js' ><\/script>\t\t\t\t<\/div>\n\t\t\t\t<\/div>\n\t\t\t\t<div class=\"elementor-element elementor-element-ilwmkvb elementor-widget elementor-widget-spacer\" data-id=\"ilwmkvb\" data-element_type=\"widget\" data-widget_type=\"spacer.default\">\n\t\t\t\t<div class=\"elementor-widget-container\">\n\t\t\t\t\t\t\t<div class=\"elementor-spacer\">\n\t\t\t<div class=\"elementor-spacer-inner\"><\/div>\n\t\t<\/div>\n\t\t\t\t\t\t<\/div>\n\t\t\t\t<\/div>\n\t\t\t\t\t<\/div>\n\t\t<\/div>\n\t\t\t\t\t<\/div>\n\t\t<\/section>\n\t\t\t\t<\/div>","protected":false},"excerpt":{"rendered":"<p>Ideado por el neurocient\u00edfico Miguel Nicolelis, el Instituto Santos Dumont (ISD) se inspira en la ic\u00f3nica e innovadora figura de Santos Dumont, padre de la aviaci\u00f3n y uno de los cient\u00edficos brasile\u00f1os m\u00e1s destacados de todos los tiempos. El noreste de Brasil fue elegido intencionalmente para el ISD, que busca fomentar el desarrollo humano, social y econ\u00f3mico [\u2026]<\/p>","protected":false},"author":6,"featured_media":0,"parent":0,"menu_order":0,"comment_status":"closed","ping_status":"closed","template":"template-page.php","meta":{"_acf_changed":false,"footnotes":""},"class_list":["post-13667","page","type-page","status-publish","hentry"],"acf":[],"_links":{"self":[{"href":"https:\/\/institutosantosdumont.org.br\/es\/wp-json\/wp\/v2\/pages\/13667","targetHints":{"allow":["GET"]}}],"collection":[{"href":"https:\/\/institutosantosdumont.org.br\/es\/wp-json\/wp\/v2\/pages"}],"about":[{"href":"https:\/\/institutosantosdumont.org.br\/es\/wp-json\/wp\/v2\/types\/page"}],"author":[{"embeddable":true,"href":"https:\/\/institutosantosdumont.org.br\/es\/wp-json\/wp\/v2\/users\/6"}],"replies":[{"embeddable":true,"href":"https:\/\/institutosantosdumont.org.br\/es\/wp-json\/wp\/v2\/comments?post=13667"}],"version-history":[{"count":0,"href":"https:\/\/institutosantosdumont.org.br\/es\/wp-json\/wp\/v2\/pages\/13667\/revisions"}],"wp:attachment":[{"href":"https:\/\/institutosantosdumont.org.br\/es\/wp-json\/wp\/v2\/media?parent=13667"}],"curies":[{"name":"wp","href":"https:\/\/api.w.org\/{rel}","templated":true}]}}