{"id":14030,"date":"2018-06-03T08:15:37","date_gmt":"2018-06-03T11:15:37","guid":{"rendered":"http:\/\/www.institutosantosdumont.org.br\/?page_id=14030"},"modified":"2022-01-24T15:55:26","modified_gmt":"2022-01-24T18:55:26","slug":"neurociencias-neuroengenharia","status":"publish","type":"page","link":"https:\/\/institutosantosdumont.org.br\/es\/neurociencias-neuroengenharia\/","title":{"rendered":"Neurociencias y Neuroingenier\u00eda"},"content":{"rendered":"<div data-elementor-type=\"wp-post\" data-elementor-id=\"14030\" class=\"elementor elementor-14030\" data-elementor-post-type=\"page\">\n\t\t\t\t\t\t<section class=\"elementor-section elementor-top-section elementor-element elementor-element-pu654i4 elementor-section-boxed elementor-section-height-default elementor-section-height-default\" data-id=\"pu654i4\" data-element_type=\"section\">\n\t\t\t\t\t\t<div class=\"elementor-container elementor-column-gap-default\">\n\t\t\t\t\t<div class=\"elementor-column elementor-col-100 elementor-top-column elementor-element elementor-element-anty3cj\" data-id=\"anty3cj\" data-element_type=\"column\">\n\t\t\t<div class=\"elementor-widget-wrap elementor-element-populated\">\n\t\t\t\t\t\t<div class=\"elementor-element elementor-element-p6kmcb4 elementor-widget elementor-widget-spacer\" data-id=\"p6kmcb4\" data-element_type=\"widget\" data-widget_type=\"spacer.default\">\n\t\t\t\t<div class=\"elementor-widget-container\">\n\t\t\t\t\t\t\t<div class=\"elementor-spacer\">\n\t\t\t<div class=\"elementor-spacer-inner\"><\/div>\n\t\t<\/div>\n\t\t\t\t\t\t<\/div>\n\t\t\t\t<\/div>\n\t\t\t\t<div class=\"elementor-element elementor-element-n290ni8 elementor-widget elementor-widget-text-editor\" data-id=\"n290ni8\" data-element_type=\"widget\" data-widget_type=\"text-editor.default\">\n\t\t\t\t<div class=\"elementor-widget-container\">\n\t\t\t\t\t\t\t\t\t<p>El Instituto Internacional de Neurociencia Edmond y Lily Safra (IIN-ELS) tiene la distinci\u00f3n de realizar investigaci\u00f3n traslacional, que comienza en la ciencia b\u00e1sica y termina en la aplicaci\u00f3n pr\u00e1ctica del conocimiento aprendido. Tanto el IIN-ELS como la Maestr\u00eda en Neuroingenier\u00eda del IIN-ELS realizan investigaciones en dos \u00e1reas de concentraci\u00f3n: <strong>Interfaz cerebro-m\u00e1quina (IMC)<\/strong> y <strong>Neuromodulaci\u00f3n<\/strong>.<\/p><p>\u00a0<\/p><p>\u00a0<\/p><h2><strong>Interfaz cerebro-m\u00e1quina (ICM)<\/strong><\/h2><p>Establecer <strong>comunicaci\u00f3n directa entre el sistema nervioso y los artefactos rob\u00f3ticos<\/strong>, electr\u00f3nico o computacional, mediante el uso de se\u00f1ales neurofisiol\u00f3gicas y microestimulaci\u00f3n cerebral. Ejemplos de se\u00f1ales capturadas del sistema nervioso central son electroencefalogramas, electrocorticogramas, actividad unitaria de registros extracelulares, potencial de campo local de registros extracelulares, im\u00e1genes por resonancia magn\u00e9tica funcional y magnetoencefalograf\u00eda. Ejemplos de artefactos perif\u00e9ricos controlados son pr\u00f3tesis rob\u00f3ticas, veh\u00edculos y computadoras.<\/p><p>El desarrollo de ICM tiene un gran potencial terap\u00e9utico y tecnol\u00f3gico de asistencia para una variedad de enfermedades neurol\u00f3gicas que afectan dram\u00e1ticamente la funci\u00f3n motora, como <strong>par\u00e1lisis cerebral, enfermedad de Parkinson y accidente cerebrovascular<\/strong>. Una mayor investigaci\u00f3n sobre la ICM podr\u00eda conducir a la aparici\u00f3n de una nueva generaci\u00f3n de dispositivos neuropr\u00f3tesis capaces de restaurar una variedad de funciones neurol\u00f3gicas en pacientes gravemente limitados por su discapacidad.<\/p><p>El desarrollo del ICM permite <strong>extrapolar los medios<\/strong> conocidos hasta la fecha y desarrollar nuevas interfaces como cerebro-m\u00e1quina-cerebro, y estudios de la din\u00e1mica de interacci\u00f3n entre cerebros durante conductas de interacci\u00f3n social. Al mismo tiempo, es necesario desarrollar tecnolog\u00eda.<strong> materiales biocompatibles<\/strong>, as\u00ed como <strong>matrices de microelectrodos<\/strong> m\u00e1s eficiente para evaluar el efecto del ICM durante el uso cr\u00f3nico. En conjunto, la investigaci\u00f3n de componentes individuales para la implementaci\u00f3n del ICM requiere un desarrollo tecnol\u00f3gico avanzado, integrado con la comprensi\u00f3n de los mecanismos neurobiol\u00f3gicos del sistema. En este enfoque, la investigaci\u00f3n del ICM permite el desarrollo de <strong>tecnolog\u00edas de asistencia<\/strong> extremadamente avanzado.<\/p>\t\t\t\t\t\t\t\t<\/div>\n\t\t\t\t<\/div>\n\t\t\t\t<div class=\"elementor-element elementor-element-9760b5e elementor-widget-divider--view-line elementor-widget elementor-widget-divider\" data-id=\"9760b5e\" data-element_type=\"widget\" data-widget_type=\"divider.default\">\n\t\t\t\t<div class=\"elementor-widget-container\">\n\t\t\t\t\t\t\t<div class=\"elementor-divider\">\n\t\t\t<span class=\"elementor-divider-separator\">\n\t\t\t\t\t\t<\/span>\n\t\t<\/div>\n\t\t\t\t\t\t<\/div>\n\t\t\t\t<\/div>\n\t\t\t\t<div class=\"elementor-element elementor-element-883da99 elementor-widget elementor-widget-text-editor\" data-id=\"883da99\" data-element_type=\"widget\" data-widget_type=\"text-editor.default\">\n\t\t\t\t<div class=\"elementor-widget-container\">\n\t\t\t\t\t\t\t\t\t<h2><strong>Neuromodulaci\u00f3n<\/strong><\/h2><div><strong>\u00a0<\/strong><\/div><p>Consiste en el uso de agentes qu\u00edmicos, biol\u00f3gicos o f\u00edsicos para restaurar, modular, inhibir o aumentar <strong>funciones del sistema nervioso<\/strong>. Se puede realizar de forma no invasiva, con estimulaci\u00f3n transcraneal mediante corriente el\u00e9ctrica o magn\u00e9tica transcraneal, o de forma invasiva, como mediante la implantaci\u00f3n de dispositivos en el sistema nervioso central o perif\u00e9rico, que liberan un agente qu\u00edmico o f\u00edsico. Ejemplos de agentes qu\u00edmicos son moduladores de canales i\u00f3nicos; y de los f\u00edsicos, estimulaci\u00f3n el\u00e9ctrica.<\/p><p>Actualmente se ha utilizado la neuromodulaci\u00f3n con estimulaci\u00f3n el\u00e9ctrica para tratar <strong>Parkinson, temblor esencial, dolor cr\u00f3nico, epilepsia, discapacidad auditiva (sordera), depresi\u00f3n, diston\u00eda, s\u00edndrome de Tourette y trastorno obsesivo-compulsivo.<\/strong>. Adem\u00e1s de estas enfermedades y trastornos, se est\u00e1n investigando muchas otras. La obesidad y los trastornos alimentarios, los tinnitus, los accidentes cerebrovasculares, el coma, la par\u00e1lisis y los d\u00e9ficits motores, la discapacidad visual (ceguera) y la angina de pecho son ejemplos de trastornos que son el foco de estudios que eval\u00faan la eficacia cl\u00ednica de diversas terapias de neuromodulaci\u00f3n para los pacientes.<\/p><p>Otra rama de investigaci\u00f3n en esta \u00e1rea es el desarrollo tecnol\u00f3gico de nuevos equipos y productos o la mejora de los existentes, como el tama\u00f1o y formato de microelectrodos y materiales biocompatibles. Los estudios de desarrollo tecnol\u00f3gico planifican y prueban conceptos que representan una evoluci\u00f3n del estado actual de las tecnolog\u00edas actuales. <strong>neuromoduladores<\/strong>, construyendo aquellos que se utilizar\u00e1n en las pr\u00f3ximas d\u00e9cadas.<\/p><p>La investigaci\u00f3n de par\u00e1metros f\u00edsicos, como la intensidad de la corriente, la frecuencia y la polaridad, sigue siendo desconocida. T\u00fa <strong>aspectos neurobiol\u00f3gicos<\/strong> relacionados con los par\u00e1metros f\u00edsicos requieren m\u00e1s investigaciones met\u00f3dicas para comprender los fen\u00f3menos fisicoqu\u00edmicos inducidos en el sistema nervioso, permitiendo la exploraci\u00f3n de mecanismos esenciales para las tecnolog\u00edas de asistencia accesibles a la poblaci\u00f3n menos favorecida.<\/p><p>El desarrollo de neuromoduladores requiere investigaciones y desarrollo de dispositivos espec\u00edficos para acceder a sitios del sistema nervioso central y perif\u00e9rico. Estas investigaciones avanzadas en neuromodulaci\u00f3n pueden superar los conocimientos actuales m\u00e1s all\u00e1 de las expectativas de dispositivos para la intervenci\u00f3n en cambios o trastornos establecidos, para nuevas aplicaciones y prevenci\u00f3n mediante <strong>sistemas inteligentes<\/strong> retroalimentaci\u00f3n del sistema nervioso.<\/p>\t\t\t\t\t\t\t\t<\/div>\n\t\t\t\t<\/div>\n\t\t\t\t<div class=\"elementor-element elementor-element-sxwm2nd elementor-button-success elementor-align-center elementor-widget elementor-widget-button\" data-id=\"sxwm2nd\" data-element_type=\"widget\" data-widget_type=\"button.default\">\n\t\t\t\t<div class=\"elementor-widget-container\">\n\t\t\t\t\t\t\t\t\t<div class=\"elementor-button-wrapper\">\n\t\t\t\t\t<a class=\"elementor-button elementor-button-link elementor-size-lg\" href=\"https:\/\/institutosantosdumont.org.br\/es\/eixos-tematicos-pesquisa\/\">\n\t\t\t\t\t\t<span class=\"elementor-button-content-wrapper\">\n\t\t\t\t\t\t\t\t\t<span class=\"elementor-button-text\">EJES TEM\u00c1TICOS DE INVESTIGACI\u00d3N EN EL IIN-ELS<\/span>\n\t\t\t\t\t<\/span>\n\t\t\t\t\t<\/a>\n\t\t\t\t<\/div>\n\t\t\t\t\t\t\t\t<\/div>\n\t\t\t\t<\/div>\n\t\t\t\t<div class=\"elementor-element elementor-element-cm1lf4d elementor-widget elementor-widget-spacer\" data-id=\"cm1lf4d\" data-element_type=\"widget\" data-widget_type=\"spacer.default\">\n\t\t\t\t<div class=\"elementor-widget-container\">\n\t\t\t\t\t\t\t<div class=\"elementor-spacer\">\n\t\t\t<div class=\"elementor-spacer-inner\"><\/div>\n\t\t<\/div>\n\t\t\t\t\t\t<\/div>\n\t\t\t\t<\/div>\n\t\t\t\t\t<\/div>\n\t\t<\/div>\n\t\t\t\t\t<\/div>\n\t\t<\/section>\n\t\t\t\t<\/div>","protected":false},"excerpt":{"rendered":"<p>El Instituto Internacional de Neurociencia Edmond y Lily Safra (IIN-ELS) se distingue por su investigaci\u00f3n traslacional, que comienza con la ciencia b\u00e1sica y culmina en la aplicaci\u00f3n pr\u00e1ctica de los conocimientos adquiridos. Tanto el IIN-ELS como su Maestr\u00eda en Neuroingenier\u00eda realizan investigaci\u00f3n en dos \u00e1reas de concentraci\u00f3n: Interfaz Cerebro-Computadora (BCI) [\u2026]<\/p>","protected":false},"author":6,"featured_media":0,"parent":0,"menu_order":0,"comment_status":"closed","ping_status":"closed","template":"template-page.php","meta":{"_acf_changed":false,"footnotes":""},"class_list":["post-14030","page","type-page","status-publish","hentry"],"acf":[],"_links":{"self":[{"href":"https:\/\/institutosantosdumont.org.br\/es\/wp-json\/wp\/v2\/pages\/14030","targetHints":{"allow":["GET"]}}],"collection":[{"href":"https:\/\/institutosantosdumont.org.br\/es\/wp-json\/wp\/v2\/pages"}],"about":[{"href":"https:\/\/institutosantosdumont.org.br\/es\/wp-json\/wp\/v2\/types\/page"}],"author":[{"embeddable":true,"href":"https:\/\/institutosantosdumont.org.br\/es\/wp-json\/wp\/v2\/users\/6"}],"replies":[{"embeddable":true,"href":"https:\/\/institutosantosdumont.org.br\/es\/wp-json\/wp\/v2\/comments?post=14030"}],"version-history":[{"count":0,"href":"https:\/\/institutosantosdumont.org.br\/es\/wp-json\/wp\/v2\/pages\/14030\/revisions"}],"wp:attachment":[{"href":"https:\/\/institutosantosdumont.org.br\/es\/wp-json\/wp\/v2\/media?parent=14030"}],"curies":[{"name":"wp","href":"https:\/\/api.w.org\/{rel}","templated":true}]}}