{"id":14622,"date":"2018-09-18T08:55:14","date_gmt":"2018-09-18T11:55:14","guid":{"rendered":"http:\/\/www.institutosantosdumont.org.br\/?page_id=14622"},"modified":"2018-09-21T16:59:03","modified_gmt":"2018-09-21T19:59:03","slug":"barriguda-project","status":"publish","type":"page","link":"https:\/\/institutosantosdumont.org.br\/es\/barriguda-project\/","title":{"rendered":"Proyecto Barriguda"},"content":{"rendered":"<div data-elementor-type=\"wp-page\" data-elementor-id=\"14622\" class=\"elementor elementor-14622 elementor-bc-flex-widget\" data-elementor-post-type=\"page\">\n\t\t\t\t\t\t<section class=\"elementor-section elementor-top-section elementor-element elementor-element-w0bgslv elementor-section-boxed elementor-section-height-default elementor-section-height-default\" data-id=\"w0bgslv\" data-element_type=\"section\">\n\t\t\t\t\t\t<div class=\"elementor-container elementor-column-gap-default\">\n\t\t\t\t\t<div class=\"elementor-column elementor-col-100 elementor-top-column elementor-element elementor-element-orewls0\" data-id=\"orewls0\" data-element_type=\"column\">\n\t\t\t<div class=\"elementor-widget-wrap elementor-element-populated\">\n\t\t\t\t\t\t<div class=\"elementor-element elementor-element-b8nhz0i elementor-widget elementor-widget-spacer\" data-id=\"b8nhz0i\" data-element_type=\"widget\" data-widget_type=\"spacer.default\">\n\t\t\t\t<div class=\"elementor-widget-container\">\n\t\t\t\t\t\t\t<div class=\"elementor-spacer\">\n\t\t\t<div class=\"elementor-spacer-inner\"><\/div>\n\t\t<\/div>\n\t\t\t\t\t\t<\/div>\n\t\t\t\t<\/div>\n\t\t\t\t<section class=\"elementor-section elementor-inner-section elementor-element elementor-element-b2xuu9w elementor-section-boxed elementor-section-height-default elementor-section-height-default\" data-id=\"b2xuu9w\" data-element_type=\"section\">\n\t\t\t\t\t\t<div class=\"elementor-container elementor-column-gap-default\">\n\t\t\t\t\t<div class=\"elementor-column elementor-col-33 elementor-inner-column elementor-element elementor-element-goq7yjn\" data-id=\"goq7yjn\" data-element_type=\"column\">\n\t\t\t<div class=\"elementor-widget-wrap\">\n\t\t\t\t\t\t\t<\/div>\n\t\t<\/div>\n\t\t\t\t<div class=\"elementor-column elementor-col-33 elementor-inner-column elementor-element elementor-element-79m0lag\" data-id=\"79m0lag\" data-element_type=\"column\">\n\t\t\t<div class=\"elementor-widget-wrap elementor-element-populated\">\n\t\t\t\t\t\t<div class=\"elementor-element elementor-element-lwpidka elementor-widget elementor-widget-image\" data-id=\"lwpidka\" data-element_type=\"widget\" data-widget_type=\"image.default\">\n\t\t\t\t<div class=\"elementor-widget-container\">\n\t\t\t\t\t\t\t\t\t\t\t\t<figure class=\"wp-caption\">\n\t\t\t\t\t\t\t\t\t\t<img fetchpriority=\"high\" decoding=\"async\" width=\"800\" height=\"533\" src=\"https:\/\/institutosantosdumont.org.br\/wp-content\/uploads\/2018\/09\/2018-Multiprofessional-medical-consultation-at-the-Quilombola-Community-Photo-Ariane-Mondo-ISD-1024x682.jpg\" class=\"attachment-large size-large wp-image-14671\" alt=\"\" srcset=\"https:\/\/institutosantosdumont.org.br\/wp-content\/uploads\/2018\/09\/2018-Multiprofessional-medical-consultation-at-the-Quilombola-Community-Photo-Ariane-Mondo-ISD-1024x682.jpg 1024w, https:\/\/institutosantosdumont.org.br\/wp-content\/uploads\/2018\/09\/2018-Multiprofessional-medical-consultation-at-the-Quilombola-Community-Photo-Ariane-Mondo-ISD-300x200.jpg 300w, https:\/\/institutosantosdumont.org.br\/wp-content\/uploads\/2018\/09\/2018-Multiprofessional-medical-consultation-at-the-Quilombola-Community-Photo-Ariane-Mondo-ISD-768x512.jpg 768w, https:\/\/institutosantosdumont.org.br\/wp-content\/uploads\/2018\/09\/2018-Multiprofessional-medical-consultation-at-the-Quilombola-Community-Photo-Ariane-Mondo-ISD.jpg 2000w\" sizes=\"(max-width: 800px) 100vw, 800px\" \/>\t\t\t\t\t\t\t\t\t\t\t<figcaption class=\"widget-image-caption wp-caption-text\">Atenci\u00f3n prenatal en el Centro de Salud comunitario de Capoeiras.<\/figcaption>\n\t\t\t\t\t\t\t\t\t\t<\/figure>\n\t\t\t\t\t\t\t\t\t<\/div>\n\t\t\t\t<\/div>\n\t\t\t\t\t<\/div>\n\t\t<\/div>\n\t\t\t\t<div class=\"elementor-column elementor-col-33 elementor-inner-column elementor-element elementor-element-bb5cfey\" data-id=\"bb5cfey\" data-element_type=\"column\">\n\t\t\t<div class=\"elementor-widget-wrap\">\n\t\t\t\t\t\t\t<\/div>\n\t\t<\/div>\n\t\t\t\t\t<\/div>\n\t\t<\/section>\n\t\t\t\t<div class=\"elementor-element elementor-element-izqix8o elementor-widget elementor-widget-text-editor\" data-id=\"izqix8o\" data-element_type=\"widget\" data-widget_type=\"text-editor.default\">\n\t\t\t\t<div class=\"elementor-widget-container\">\n\t\t\t\t\t\t\t\t\t<p>En 2015, el Instituto Santos Dumont (ISD por sus siglas en portugu\u00e9s) inici\u00f3 el <strong>Proyecto Barriguda<\/strong>, a trav\u00e9s de la <strong>Centro de Educaci\u00f3n e Investigaci\u00f3n en Salud Anita Garibaldi (CEPS)<\/strong>, en la comunidad Capoeiras Quilombola, ubicada en Maca\u00edba (Noreste brasile\u00f1o) en zona rural y no cuenta con equipo de atenci\u00f3n primaria.<\/p><p>El proyecto piloto se desarroll\u00f3 mediante una intervenci\u00f3n de investigaci\u00f3n-acci\u00f3n cuyo objetivo fue identificar las necesidades de salud materna de la poblaci\u00f3n de Capoeiras y establecer una estrategia de atenci\u00f3n para esta poblaci\u00f3n espec\u00edfica. Tras esta etapa, se implement\u00f3 un servicio de atenci\u00f3n prenatal interprofesional, que cont\u00f3 con la participaci\u00f3n de estudiantes como miembros del equipo (m\u00e9dico, enfermera, fisioterapeuta, psic\u00f3logo, trabajador social y residentes de Ginecolog\u00eda y Obstetricia). La formaci\u00f3n de los profesionales incluy\u00f3 debates y estudios sobre la antropolog\u00eda de la comunidad en cuesti\u00f3n, pol\u00edticas p\u00fablicas para la salud de la poblaci\u00f3n negra y competencia cultural.<\/p><p>La atenci\u00f3n a las embarazadas de la comunidad comenz\u00f3 a ser realizada por el equipo del consultorio de medicina familiar semanalmente. Esto incluy\u00f3 acciones de educaci\u00f3n para la salud mediante tecnolog\u00edas blandas, din\u00e1micas de grupo, t\u00e9cnicas de relajaci\u00f3n, actividades art\u00edsticas y culturales.<\/p><p>Desde 2016 tiene una interfaz directa con la <strong>Universidad Federal de Rio Grande do Norte (UFRN)<\/strong>, mediante el m\u00f3dulo electivo de los cursos de salud de grado con la asignatura \u201cCompetencia Cultural en la Atenci\u00f3n de la Salud de las Mujeres Quilombolas\u201d. Actualmente, Barriguda tambi\u00e9n es un proyecto de extensi\u00f3n de la UFRN.<\/p><p>En 2017, el Proyecto Barriguda fue premiado por la Organizaci\u00f3n Panamericana de la Salud (OPS\/OMS) y el Consejo Nacional de Salud en el concurso \u00abLaboratorio de Innovaci\u00f3n\u00bb para el Sistema \u00danico de Salud (SUS) de Brasil, en la categor\u00eda de Participaci\u00f3n Social, en reconocimiento a los importantes resultados obtenidos en la promoci\u00f3n del acceso a la salud para mujeres en situaci\u00f3n de vulnerabilidad. Lea el informe completo en portugu\u00e9s. <a href=\"https:\/\/institutosantosdumont.org.br\/es\/2017\/08\/23\/projeto-barriguda-recebe-premio-da-organizacao-pan-americana-da-saude-e-do-conselho-nacional-de-saude\/\" target=\"_blank\" rel=\"noopener noreferrer\"><strong>AQU\u00cd<\/strong><\/a>.\u00a0\u00a0<\/p><p>En 2018, el proyecto recibi\u00f3, en Limerick (Irlanda), el premio \u201c<strong>Proyectos que funcionan<\/strong>\u201d concurso, promovido por la\u00a0<a href=\"https:\/\/www.faimer.org\/\" target=\"_blank\" rel=\"noopener noreferrer\"><strong>Fundaci\u00f3n para el Avance de la Educaci\u00f3n e Investigaci\u00f3n M\u00e9dica Internacional (Faimer)<\/strong><\/a>, instituci\u00f3n internacional comprometida con la mejora de la salud mundial a trav\u00e9s de la educaci\u00f3n. La ceremonia de entrega de premios tuvo lugar durante la Conferencia.\u00a0<a href=\"https:\/\/thenetworktufh.org\/\" target=\"_blank\" rel=\"noopener noreferrer\"><strong>La Red: Hacia la Unidad por la Salud (TUFH)<\/strong><\/a>Lea el informe completo <a href=\"https:\/\/institutosantosdumont.org.br\/en\/2018\/08\/21\/barriguda-project-tufh-2018\/\" target=\"_blank\" rel=\"noopener noreferrer\"><strong>AQU\u00cd<\/strong><\/a>.\u00a0<\/p>\t\t\t\t\t\t\t\t<\/div>\n\t\t\t\t<\/div>\n\t\t\t\t<section class=\"elementor-section elementor-inner-section elementor-element elementor-element-0w5cpvl elementor-section-boxed elementor-section-height-default elementor-section-height-default\" data-id=\"0w5cpvl\" data-element_type=\"section\">\n\t\t\t\t\t\t<div class=\"elementor-container elementor-column-gap-default\">\n\t\t\t\t\t<div class=\"elementor-column elementor-col-33 elementor-inner-column elementor-element elementor-element-t75xrdv\" data-id=\"t75xrdv\" data-element_type=\"column\">\n\t\t\t<div class=\"elementor-widget-wrap\">\n\t\t\t\t\t\t\t<\/div>\n\t\t<\/div>\n\t\t\t\t<div class=\"elementor-column elementor-col-33 elementor-inner-column elementor-element elementor-element-mdmb5vm\" data-id=\"mdmb5vm\" data-element_type=\"column\">\n\t\t\t<div class=\"elementor-widget-wrap elementor-element-populated\">\n\t\t\t\t\t\t<div class=\"elementor-element elementor-element-n6544fa elementor-widget elementor-widget-image\" data-id=\"n6544fa\" data-element_type=\"widget\" data-widget_type=\"image.default\">\n\t\t\t\t<div class=\"elementor-widget-container\">\n\t\t\t\t\t\t\t\t\t\t\t\t<figure class=\"wp-caption\">\n\t\t\t\t\t\t\t\t\t\t<img decoding=\"async\" width=\"800\" height=\"450\" src=\"https:\/\/institutosantosdumont.org.br\/wp-content\/uploads\/2018\/06\/mestrado-quilombola-capoeiras_capa_materia-1024x576.jpg\" class=\"attachment-large size-large wp-image-13999\" alt=\"\" srcset=\"https:\/\/institutosantosdumont.org.br\/wp-content\/uploads\/2018\/06\/mestrado-quilombola-capoeiras_capa_materia-1024x576.jpg 1024w, https:\/\/institutosantosdumont.org.br\/wp-content\/uploads\/2018\/06\/mestrado-quilombola-capoeiras_capa_materia-300x169.jpg 300w, https:\/\/institutosantosdumont.org.br\/wp-content\/uploads\/2018\/06\/mestrado-quilombola-capoeiras_capa_materia-768x432.jpg 768w, https:\/\/institutosantosdumont.org.br\/wp-content\/uploads\/2018\/06\/mestrado-quilombola-capoeiras_capa_materia.jpg 1200w\" sizes=\"(max-width: 800px) 100vw, 800px\" \/>\t\t\t\t\t\t\t\t\t\t\t<figcaption class=\"widget-image-caption wp-caption-text\">Fotograf\u00eda grupal de miembros de la comunidad, maestros y estudiantes dentro del centro comunitario. <\/figcaption>\n\t\t\t\t\t\t\t\t\t\t<\/figure>\n\t\t\t\t\t\t\t\t\t<\/div>\n\t\t\t\t<\/div>\n\t\t\t\t\t<\/div>\n\t\t<\/div>\n\t\t\t\t<div class=\"elementor-column elementor-col-33 elementor-inner-column elementor-element elementor-element-cya5oy6\" data-id=\"cya5oy6\" data-element_type=\"column\">\n\t\t\t<div class=\"elementor-widget-wrap\">\n\t\t\t\t\t\t\t<\/div>\n\t\t<\/div>\n\t\t\t\t\t<\/div>\n\t\t<\/section>\n\t\t\t\t<div class=\"elementor-element elementor-element-4yy55sa elementor-widget elementor-widget-spacer\" data-id=\"4yy55sa\" data-element_type=\"widget\" data-widget_type=\"spacer.default\">\n\t\t\t\t<div class=\"elementor-widget-container\">\n\t\t\t\t\t\t\t<div class=\"elementor-spacer\">\n\t\t\t<div class=\"elementor-spacer-inner\"><\/div>\n\t\t<\/div>\n\t\t\t\t\t\t<\/div>\n\t\t\t\t<\/div>\n\t\t\t\t<div class=\"elementor-element elementor-element-bma4ecc elementor-button-warning elementor-align-center elementor-widget elementor-widget-button\" data-id=\"bma4ecc\" data-element_type=\"widget\" data-widget_type=\"button.default\">\n\t\t\t\t<div class=\"elementor-widget-container\">\n\t\t\t\t\t\t\t\t\t<div class=\"elementor-button-wrapper\">\n\t\t\t\t\t<a class=\"elementor-button elementor-size-md\" role=\"button\">\n\t\t\t\t\t\t<span class=\"elementor-button-content-wrapper\">\n\t\t\t\t\t\t<span class=\"elementor-button-icon\">\n\t\t\t\t\t\t\t\t\t<i class=\"fa fa-video-camera\" aria-hidden=\"true\"><\/i>\n\t\t\t\t\t\t\t<\/span>\n\t\t\t\t\t\t\t\t\t<span class=\"elementor-button-text\">Galer\u00eda de v\u00eddeos<\/span>\n\t\t\t\t\t<\/span>\n\t\t\t\t\t<\/a>\n\t\t\t\t<\/div>\n\t\t\t\t\t\t\t\t<\/div>\n\t\t\t\t<\/div>\n\t\t\t\t<div class=\"elementor-element elementor-element-wlyyeo7 elementor-widget elementor-widget-video\" data-id=\"wlyyeo7\" data-element_type=\"widget\" data-settings=\"{&quot;youtube_url&quot;:&quot;https:\\\/\\\/youtu.be\\\/YsdWhlWXIfQ&quot;,&quot;video_type&quot;:&quot;youtube&quot;,&quot;controls&quot;:&quot;yes&quot;}\" data-widget_type=\"video.default\">\n\t\t\t\t<div class=\"elementor-widget-container\">\n\t\t\t\t\t\t\t<div class=\"elementor-wrapper elementor-open-inline\">\n\t\t\t<div class=\"elementor-video\"><\/div>\t\t<\/div>\n\t\t\t\t\t\t<\/div>\n\t\t\t\t<\/div>\n\t\t\t\t<div class=\"elementor-element elementor-element-o53qed4 elementor-button-warning elementor-align-center elementor-widget elementor-widget-button\" data-id=\"o53qed4\" data-element_type=\"widget\" data-widget_type=\"button.default\">\n\t\t\t\t<div class=\"elementor-widget-container\">\n\t\t\t\t\t\t\t\t\t<div class=\"elementor-button-wrapper\">\n\t\t\t\t\t<a class=\"elementor-button elementor-size-md\" role=\"button\">\n\t\t\t\t\t\t<span class=\"elementor-button-content-wrapper\">\n\t\t\t\t\t\t<span class=\"elementor-button-icon\">\n\t\t\t\t\t\t\t\t\t<i class=\"fa fa-book\" aria-hidden=\"true\"><\/i>\n\t\t\t\t\t\t\t<\/span>\n\t\t\t\t\t\t\t\t\t<span class=\"elementor-button-text\">Art\u00edculos cient\u00edficos<\/span>\n\t\t\t\t\t<\/span>\n\t\t\t\t\t<\/a>\n\t\t\t\t<\/div>\n\t\t\t\t\t\t\t\t<\/div>\n\t\t\t\t<\/div>\n\t\t\t\t<div class=\"elementor-element elementor-element-94xev6z elementor-widget elementor-widget-text-editor\" data-id=\"94xev6z\" data-element_type=\"widget\" data-widget_type=\"text-editor.default\">\n\t\t\t\t<div class=\"elementor-widget-container\">\n\t\t\t\t\t\t\t\t\t<p><strong>2018<\/strong>\u00a0\u2013\u00a0<a href=\"http:\/\/www.socialinnovationsjournal.org\/editions\/issue-50\/75-disruptive-innovations\/2869-barriguda-project-incorporating-cultural-competence-into-education-of-health-professions\" target=\"_blank\" rel=\"noopener noreferrer\"><strong>Proyecto Barriguda: Incorporaci\u00f3n de la competencia cultural en la educaci\u00f3n de las profesiones sanitarias<\/strong><\/a>\u00a0(Revista de Innovaciones Sociales \u2013 N\u00famero 50 \u2013 13 de agosto de 2018)<\/p><p><strong>2018<\/strong>\u00a0\u2013\u00a0<a href=\"https:\/\/institutosantosdumont.org.br\/wp-content\/uploads\/2018\/07\/Artigo-Barriguda_Rev-Bras-Educ-Medica-JUN-2018.pdf\" target=\"_blank\" rel=\"noopener noreferrer\"><b>Incorporaci\u00f3n de la competencia cultural para la atenci\u00f3n de la salud materna en poblaciones quilombolas en la educaci\u00f3n sobre profesiones sanitarias<\/b><\/a>\u00a0(Revista Brasile\u00f1a de Educaci\u00f3n M\u00e9dica \u2013 vol. 42 n.\u00ba 2 Brasilia abril\/junio 2018)<\/p>\t\t\t\t\t\t\t\t<\/div>\n\t\t\t\t<\/div>\n\t\t\t\t<div class=\"elementor-element elementor-element-rzwnyqi elementor-widget elementor-widget-spacer\" data-id=\"rzwnyqi\" data-element_type=\"widget\" data-widget_type=\"spacer.default\">\n\t\t\t\t<div class=\"elementor-widget-container\">\n\t\t\t\t\t\t\t<div class=\"elementor-spacer\">\n\t\t\t<div class=\"elementor-spacer-inner\"><\/div>\n\t\t<\/div>\n\t\t\t\t\t\t<\/div>\n\t\t\t\t<\/div>\n\t\t\t\t<div class=\"elementor-element elementor-element-d4okh6i elementor-widget elementor-widget-text-editor\" data-id=\"d4okh6i\" data-element_type=\"widget\" data-widget_type=\"text-editor.default\">\n\t\t\t\t<div class=\"elementor-widget-container\">\n\t\t\t\t\t\t\t\t\t<p>Para ver la p\u00e1gina web del proyecto en portugu\u00e9s, visite:\u00a0<\/p><p><strong><a href=\"https:\/\/institutosantosdumont.org.br\/es\/extensao\/barriguda-comunidade-quilombola\/\" target=\"_blank\" rel=\"noopener noreferrer\">https:\/\/institutosantosdumont.org.br\/extensao\/barriguda-comunidade-quilombola\/<\/a><\/strong><\/p>\t\t\t\t\t\t\t\t<\/div>\n\t\t\t\t<\/div>\n\t\t\t\t<div class=\"elementor-element elementor-element-csmk3si elementor-widget elementor-widget-spacer\" data-id=\"csmk3si\" data-element_type=\"widget\" data-widget_type=\"spacer.default\">\n\t\t\t\t<div class=\"elementor-widget-container\">\n\t\t\t\t\t\t\t<div class=\"elementor-spacer\">\n\t\t\t<div class=\"elementor-spacer-inner\"><\/div>\n\t\t<\/div>\n\t\t\t\t\t\t<\/div>\n\t\t\t\t<\/div>\n\t\t\t\t\t<\/div>\n\t\t<\/div>\n\t\t\t\t\t<\/div>\n\t\t<\/section>\n\t\t\t\t<\/div>","protected":false},"excerpt":{"rendered":"<p>&nbsp; Atenci\u00f3n prenatal en el Centro de Salud Comunitario de Capoeiras. En 2015, el Instituto Santos Dumont (ISD) inici\u00f3 el Proyecto Barriguda, a trav\u00e9s del Centro de Educaci\u00f3n e Investigaci\u00f3n en Salud Anita Garibaldi (CEPS), en la comunidad quilombola de Capoeiras, ubicada en Maca\u00edba (Noreste brasile\u00f1o), en una zona rural sin atenci\u00f3n primaria.<\/p>","protected":false},"author":6,"featured_media":0,"parent":0,"menu_order":0,"comment_status":"closed","ping_status":"closed","template":"template-page.php","meta":{"_acf_changed":false,"footnotes":""},"class_list":["post-14622","page","type-page","status-publish","hentry"],"acf":[],"_links":{"self":[{"href":"https:\/\/institutosantosdumont.org.br\/es\/wp-json\/wp\/v2\/pages\/14622","targetHints":{"allow":["GET"]}}],"collection":[{"href":"https:\/\/institutosantosdumont.org.br\/es\/wp-json\/wp\/v2\/pages"}],"about":[{"href":"https:\/\/institutosantosdumont.org.br\/es\/wp-json\/wp\/v2\/types\/page"}],"author":[{"embeddable":true,"href":"https:\/\/institutosantosdumont.org.br\/es\/wp-json\/wp\/v2\/users\/6"}],"replies":[{"embeddable":true,"href":"https:\/\/institutosantosdumont.org.br\/es\/wp-json\/wp\/v2\/comments?post=14622"}],"version-history":[{"count":0,"href":"https:\/\/institutosantosdumont.org.br\/es\/wp-json\/wp\/v2\/pages\/14622\/revisions"}],"wp:attachment":[{"href":"https:\/\/institutosantosdumont.org.br\/es\/wp-json\/wp\/v2\/media?parent=14622"}],"curies":[{"name":"wp","href":"https:\/\/api.w.org\/{rel}","templated":true}]}}