{"id":14950,"date":"2018-11-22T14:53:48","date_gmt":"2018-11-22T16:53:48","guid":{"rendered":"http:\/\/www.institutosantosdumont.org.br\/?page_id=14950"},"modified":"2022-10-14T15:50:36","modified_gmt":"2022-10-14T18:50:36","slug":"jornada-bexiga-neurogenica","status":"publish","type":"page","link":"https:\/\/institutosantosdumont.org.br\/es\/jornada-bexiga-neurogenica\/","title":{"rendered":"Viaje de la vejiga neurog\u00e9nica"},"content":{"rendered":"<div data-elementor-type=\"wp-post\" data-elementor-id=\"14950\" class=\"elementor elementor-14950\" data-elementor-post-type=\"page\">\n\t\t\t\t\t\t<section class=\"elementor-section elementor-top-section elementor-element elementor-element-rnqofnn elementor-section-boxed elementor-section-height-default elementor-section-height-default\" data-id=\"rnqofnn\" data-element_type=\"section\">\n\t\t\t\t\t\t<div class=\"elementor-container elementor-column-gap-default\">\n\t\t\t\t\t<div class=\"elementor-column elementor-col-100 elementor-top-column elementor-element elementor-element-fvmzdql\" data-id=\"fvmzdql\" data-element_type=\"column\">\n\t\t\t<div class=\"elementor-widget-wrap elementor-element-populated\">\n\t\t\t\t\t\t<div class=\"elementor-element elementor-element-afdrqwi elementor-widget elementor-widget-spacer\" data-id=\"afdrqwi\" data-element_type=\"widget\" data-widget_type=\"spacer.default\">\n\t\t\t\t<div class=\"elementor-widget-container\">\n\t\t\t\t\t\t\t<div class=\"elementor-spacer\">\n\t\t\t<div class=\"elementor-spacer-inner\"><\/div>\n\t\t<\/div>\n\t\t\t\t\t\t<\/div>\n\t\t\t\t<\/div>\n\t\t\t\t<div class=\"elementor-element elementor-element-c27a1b8 elementor-widget elementor-widget-spacer\" data-id=\"c27a1b8\" data-element_type=\"widget\" data-widget_type=\"spacer.default\">\n\t\t\t\t<div class=\"elementor-widget-container\">\n\t\t\t\t\t\t\t<div class=\"elementor-spacer\">\n\t\t\t<div class=\"elementor-spacer-inner\"><\/div>\n\t\t<\/div>\n\t\t\t\t\t\t<\/div>\n\t\t\t\t<\/div>\n\t\t\t\t<div class=\"elementor-element elementor-element-4ad12a9 elementor-widget elementor-widget-image\" data-id=\"4ad12a9\" data-element_type=\"widget\" data-widget_type=\"image.default\">\n\t\t\t\t<div class=\"elementor-widget-container\">\n\t\t\t\t\t\t\t\t\t\t\t\t\t\t\t<img decoding=\"async\" src=\"https:\/\/institutosantosdumont.org.br\/wp-content\/uploads\/2022\/10\/Site-ISD.png\" title=\"\" alt=\"\" loading=\"lazy\" \/>\t\t\t\t\t\t\t\t\t\t\t\t\t\t\t<\/div>\n\t\t\t\t<\/div>\n\t\t\t\t<div class=\"elementor-element elementor-element-96ecda5 elementor-widget elementor-widget-image\" data-id=\"96ecda5\" data-element_type=\"widget\" data-widget_type=\"image.default\">\n\t\t\t\t<div class=\"elementor-widget-container\">\n\t\t\t\t\t\t\t\t\t\t\t\t\t\t\t<img fetchpriority=\"high\" decoding=\"async\" width=\"800\" height=\"292\" src=\"https:\/\/institutosantosdumont.org.br\/wp-content\/uploads\/2022\/10\/Site-ISD-4-1024x374.png\" class=\"attachment-large size-large wp-image-25078\" alt=\"\" srcset=\"https:\/\/institutosantosdumont.org.br\/wp-content\/uploads\/2022\/10\/Site-ISD-4-1024x374.png 1024w, https:\/\/institutosantosdumont.org.br\/wp-content\/uploads\/2022\/10\/Site-ISD-4-300x110.png 300w, https:\/\/institutosantosdumont.org.br\/wp-content\/uploads\/2022\/10\/Site-ISD-4-768x281.png 768w, https:\/\/institutosantosdumont.org.br\/wp-content\/uploads\/2022\/10\/Site-ISD-4.png 1919w\" sizes=\"(max-width: 800px) 100vw, 800px\" \/>\t\t\t\t\t\t\t\t\t\t\t\t\t\t\t<\/div>\n\t\t\t\t<\/div>\n\t\t\t\t<div class=\"elementor-element elementor-element-48ce2d4 elementor-widget elementor-widget-spacer\" data-id=\"48ce2d4\" data-element_type=\"widget\" data-widget_type=\"spacer.default\">\n\t\t\t\t<div class=\"elementor-widget-container\">\n\t\t\t\t\t\t\t<div class=\"elementor-spacer\">\n\t\t\t<div class=\"elementor-spacer-inner\"><\/div>\n\t\t<\/div>\n\t\t\t\t\t\t<\/div>\n\t\t\t\t<\/div>\n\t\t\t\t<div class=\"elementor-element elementor-element-e96cf3a elementor-countdown--label-block elementor-widget elementor-widget-countdown\" data-id=\"e96cf3a\" data-element_type=\"widget\" data-widget_type=\"countdown.default\">\n\t\t\t\t<div class=\"elementor-widget-container\">\n\t\t\t\t\t\t\t<div class=\"elementor-countdown-wrapper\" data-date=\"1669377600\">\n\t\t\t<div class=\"elementor-countdown-item\"><span class=\"elementor-countdown-digits elementor-countdown-days\"><\/span> <span class=\"elementor-countdown-label\">D\u00edas<\/span><\/div><div class=\"elementor-countdown-item\"><span class=\"elementor-countdown-digits elementor-countdown-hours\"><\/span> <span class=\"elementor-countdown-label\">Horas<\/span><\/div><div class=\"elementor-countdown-item\"><span class=\"elementor-countdown-digits elementor-countdown-minutes\"><\/span> <span class=\"elementor-countdown-label\">Minutos<\/span><\/div><div class=\"elementor-countdown-item\"><span class=\"elementor-countdown-digits elementor-countdown-seconds\"><\/span> <span class=\"elementor-countdown-label\">Art\u00edculos de segunda clase<\/span><\/div>\t\t<\/div>\n\t\t\t\t\t\t<\/div>\n\t\t\t\t<\/div>\n\t\t\t\t<div class=\"elementor-element elementor-element-add4c14 elementor-widget elementor-widget-spacer\" data-id=\"add4c14\" data-element_type=\"widget\" data-widget_type=\"spacer.default\">\n\t\t\t\t<div class=\"elementor-widget-container\">\n\t\t\t\t\t\t\t<div class=\"elementor-spacer\">\n\t\t\t<div class=\"elementor-spacer-inner\"><\/div>\n\t\t<\/div>\n\t\t\t\t\t\t<\/div>\n\t\t\t\t<\/div>\n\t\t\t\t<div class=\"elementor-element elementor-element-bc6c63f elementor-widget elementor-widget-text-editor\" data-id=\"bc6c63f\" data-element_type=\"widget\" data-widget_type=\"text-editor.default\">\n\t\t\t\t<div class=\"elementor-widget-container\">\n\t\t\t\t\t\t\t\t\t<p><span style=\"font-size: 18.2px;\">La Vejiga Neurog\u00e9nica (BN) comprende la incapacidad de controlar el acto de orinar debido a una disfunci\u00f3n o enfermedad del sistema nervioso central o perif\u00e9rico.\u00a0<\/span><\/p><p><span style=\"font-size: 18.2px;\">Los d\u00edas 25 y 26 de noviembre de 2022, el Instituto Santos Dumont (ISD) promueve la <b>5\u00aa edici\u00f3n de la Jornada de Intervenci\u00f3n Multidisciplinar en Vejiga Neurog\u00e9nica<\/b>, que tiene lugar en <b>formato h\u00edbrido,<\/b> con posibilidad de seguir las actividades de forma presencial en el Instituto Santos Dumont de Maca\u00edba (RN) o virtualmente, donde s\u00f3lo estar\u00e1n disponibles 50 plazas para inscripci\u00f3n remota. El p\u00fablico objetivo incluye profesionales, estudiantes de pregrado y posgrado e investigadores de diferentes \u00e1reas de la salud que atienden a pacientes con este trastorno.\u00a0<\/span><\/p>\t\t\t\t\t\t\t\t<\/div>\n\t\t\t\t<\/div>\n\t\t\t\t<div class=\"elementor-element elementor-element-36b0de3 elementor-widget elementor-widget-text-editor\" data-id=\"36b0de3\" data-element_type=\"widget\" data-widget_type=\"text-editor.default\">\n\t\t\t\t<div class=\"elementor-widget-container\">\n\t\t\t\t\t\t\t\t\t<h2><strong>Edici\u00f3n 2022<\/strong><\/h2>\t\t\t\t\t\t\t\t<\/div>\n\t\t\t\t<\/div>\n\t\t\t\t<div class=\"elementor-element elementor-element-b97049e elementor-widget elementor-widget-text-editor\" data-id=\"b97049e\" data-element_type=\"widget\" data-widget_type=\"text-editor.default\">\n\t\t\t\t<div class=\"elementor-widget-container\">\n\t\t\t\t\t\t\t\t\t<p dir=\"ltr\" style=\"line-height: 1.38; background-color: #ffffff; margin-top: 0pt; margin-bottom: 0pt; padding: 0pt 0pt 23pt 0pt;\"><span style=\"font-size: 13.5pt; font-family: Arial; color: #000000; background-color: transparent; font-weight: 400; font-style: normal; font-variant: normal; text-decoration: none; vertical-align: baseline; white-space: pre-wrap;\">La edici\u00f3n 2022 tiene como tema: <\/span><span style=\"font-size: 13.5pt; font-family: Arial; color: #000000; background-color: transparent; font-weight: bold; font-style: normal; font-variant: normal; text-decoration: none; vertical-align: baseline; white-space: pre-wrap;\">\u201cInnovaci\u00f3n y Tecnolog\u00eda Sanitaria en el Tratamiento de Vejiga e Intestino Neurog\u00e9nicos\u201d. <\/span><span style=\"font-size: 13.5pt; font-family: Arial; color: #000000; background-color: transparent; font-weight: 400; font-style: normal; font-variant: normal; text-decoration: none; vertical-align: baseline; white-space: pre-wrap;\">En su quinta edici\u00f3n, Jornada presenta cuatro minicursos el primer d\u00eda del evento. Por la ma\u00f1ana se realizar\u00e1n dos minicursos dirigidos a la evaluaci\u00f3n de la vejiga neurog\u00e9nica y del intestino neurog\u00e9nico y, por la tarde, se realizar\u00e1n dos minicursos dirigidos al tratamiento de la BN y el IN. Los minicursos s\u00f3lo se ofrecer\u00e1n de forma presencial.\u00a0<\/span><\/p><p dir=\"ltr\" style=\"line-height: 1.38; background-color: #ffffff; margin-top: 0pt; margin-bottom: 0pt; padding: 0pt 0pt 23pt 0pt;\"><span style=\"font-size: 13.5pt; font-family: Arial; color: #000000; background-color: transparent; font-weight: 400; font-style: normal; font-variant: normal; text-decoration: none; vertical-align: baseline; white-space: pre-wrap;\">El segundo d\u00eda, el programa consta de conferencias y exposici\u00f3n de trabajos cient\u00edficos. Las presentaciones, en formato resumen, se podr\u00e1n realizar hasta el 26 de octubre. <\/span><a href=\"https:\/\/drive.google.com\/file\/d\/1Pk4aV50TlegTydBpZYyXkILdlGvCqCcI\/view?usp=sharing\" target=\"_blank\" rel=\"noopener noreferrer nofollow\"><b>haga clic aqu\u00ed<\/b><\/a><span style=\"font-size: 13.5pt; font-family: Arial; color: #000000; background-color: transparent; font-weight: 400; font-style: normal; font-variant: normal; text-decoration: none; vertical-align: baseline; white-space: pre-wrap;\"> y consultar las normas para la presentaci\u00f3n de trabajos cient\u00edficos.\u00a0<\/span><\/p><p>\u00a0<\/p><p dir=\"ltr\" style=\"line-height: 1.38; background-color: #ffffff; margin-top: 0pt; margin-bottom: 23pt;\"><span style=\"font-size: 13.5pt; font-family: Arial; color: #000000; background-color: transparent; font-weight: 400; font-style: normal; font-variant: normal; text-decoration: none; vertical-align: baseline; white-space: pre-wrap;\">La inscripci\u00f3n para los minicursos y el viaje est\u00e1 disponible por separado en los enlaces siguientes:\u00a0<\/span><\/p>\t\t\t\t\t\t\t\t<\/div>\n\t\t\t\t<\/div>\n\t\t\t\t<div class=\"elementor-element elementor-element-1d23aa1 elementor-widget elementor-widget-spacer\" data-id=\"1d23aa1\" data-element_type=\"widget\" data-widget_type=\"spacer.default\">\n\t\t\t\t<div class=\"elementor-widget-container\">\n\t\t\t\t\t\t\t<div class=\"elementor-spacer\">\n\t\t\t<div class=\"elementor-spacer-inner\"><\/div>\n\t\t<\/div>\n\t\t\t\t\t\t<\/div>\n\t\t\t\t<\/div>\n\t\t\t\t<div class=\"elementor-element elementor-element-eaebc08 elementor-button-success elementor-align-center elementor-widget elementor-widget-button\" data-id=\"eaebc08\" data-element_type=\"widget\" data-widget_type=\"button.default\">\n\t\t\t\t<div class=\"elementor-widget-container\">\n\t\t\t\t\t\t\t\t\t<div class=\"elementor-button-wrapper\">\n\t\t\t\t\t<a class=\"elementor-button elementor-button-link elementor-size-xl\" href=\"https:\/\/forms.gle\/KjLauyLLNZDtKVsy7\" target=\"_blank\" rel=\"noopener noreferrer nofollow\">\n\t\t\t\t\t\t<span class=\"elementor-button-content-wrapper\">\n\t\t\t\t\t\t<span class=\"elementor-button-icon\">\n\t\t\t\t\t\t\t\t\t<i class=\"fa fa-wpforms\" aria-hidden=\"true\"><\/i>\n\t\t\t\t\t\t\t<\/span>\n\t\t\t\t\t\t\t\t\t<span class=\"elementor-button-text\">V Jornada de la Vejiga Neurog\u00e9nica: 25 y 26 de noviembre de 2022. <br>\n\u00a1Haz clic para registrarte! <\/span>\n\t\t\t\t\t<\/span>\n\t\t\t\t\t<\/a>\n\t\t\t\t<\/div>\n\t\t\t\t\t\t\t\t<\/div>\n\t\t\t\t<\/div>\n\t\t\t\t<div class=\"elementor-element elementor-element-c62cfb9 elementor-button-success elementor-align-center elementor-widget elementor-widget-button\" data-id=\"c62cfb9\" data-element_type=\"widget\" data-widget_type=\"button.default\">\n\t\t\t\t<div class=\"elementor-widget-container\">\n\t\t\t\t\t\t\t\t\t<div class=\"elementor-button-wrapper\">\n\t\t\t\t\t<a class=\"elementor-button elementor-button-link elementor-size-xl\" href=\"https:\/\/forms.gle\/Z2UPo2JSByckK7Cu9\" target=\"_blank\" rel=\"noopener noreferrer nofollow\">\n\t\t\t\t\t\t<span class=\"elementor-button-content-wrapper\">\n\t\t\t\t\t\t<span class=\"elementor-button-icon\">\n\t\t\t\t\t\t\t\t\t<i class=\"fa fa-wpforms\" aria-hidden=\"true\"><\/i>\n\t\t\t\t\t\t\t<\/span>\n\t\t\t\t\t\t\t\t\t<span class=\"elementor-button-text\">Haz clic aqu\u00ed para reservar tu plaza en los minicursos de la V Jornada<\/span>\n\t\t\t\t\t<\/span>\n\t\t\t\t\t<\/a>\n\t\t\t\t<\/div>\n\t\t\t\t\t\t\t\t<\/div>\n\t\t\t\t<\/div>\n\t\t\t\t<div class=\"elementor-element elementor-element-3f13e0a elementor-button-success elementor-align-center elementor-widget elementor-widget-button\" data-id=\"3f13e0a\" data-element_type=\"widget\" data-widget_type=\"button.default\">\n\t\t\t\t<div class=\"elementor-widget-container\">\n\t\t\t\t\t\t\t\t\t<div class=\"elementor-button-wrapper\">\n\t\t\t\t\t<a class=\"elementor-button elementor-button-link elementor-size-xl\" href=\"https:\/\/forms.gle\/Y39jtLx2joD8qfrYA\" target=\"_blank\" rel=\"noopener noreferrer nofollow\">\n\t\t\t\t\t\t<span class=\"elementor-button-content-wrapper\">\n\t\t\t\t\t\t<span class=\"elementor-button-icon\">\n\t\t\t\t\t\t\t\t\t<i class=\"fa fa-wpforms\" aria-hidden=\"true\"><\/i>\n\t\t\t\t\t\t\t<\/span>\n\t\t\t\t\t\t\t\t\t<span class=\"elementor-button-text\">Haz clic aqu\u00ed para enviar tu trabajo cient\u00edfico a la V Jornada <\/span>\n\t\t\t\t\t<\/span>\n\t\t\t\t\t<\/a>\n\t\t\t\t<\/div>\n\t\t\t\t\t\t\t\t<\/div>\n\t\t\t\t<\/div>\n\t\t\t\t<div class=\"elementor-element elementor-element-0732839 elementor-button-warning elementor-align-center elementor-widget elementor-widget-button\" data-id=\"0732839\" data-element_type=\"widget\" data-widget_type=\"button.default\">\n\t\t\t\t<div class=\"elementor-widget-container\">\n\t\t\t\t\t\t\t\t\t<div class=\"elementor-button-wrapper\">\n\t\t\t\t\t<a class=\"elementor-button elementor-button-link elementor-size-sm\" href=\"https:\/\/institutosantosdumont.org.br\/wp-content\/uploads\/2022\/10\/Programa\u00e7\u00e3o-proposta-JIMBN-2022.docx-2.pdf\">\n\t\t\t\t\t\t<span class=\"elementor-button-content-wrapper\">\n\t\t\t\t\t\t\t\t\t<span class=\"elementor-button-text\">Haz clic aqu\u00ed y consulta la programaci\u00f3n completa de la V Jornada<\/span>\n\t\t\t\t\t<\/span>\n\t\t\t\t\t<\/a>\n\t\t\t\t<\/div>\n\t\t\t\t\t\t\t\t<\/div>\n\t\t\t\t<\/div>\n\t\t\t\t\t<\/div>\n\t\t<\/div>\n\t\t\t\t\t<\/div>\n\t\t<\/section>\n\t\t\t\t<section class=\"elementor-section elementor-top-section elementor-element elementor-element-06f8bee elementor-section-boxed elementor-section-height-default elementor-section-height-default\" data-id=\"06f8bee\" data-element_type=\"section\">\n\t\t\t\t\t\t<div class=\"elementor-container elementor-column-gap-default\">\n\t\t\t\t\t<div class=\"elementor-column elementor-col-100 elementor-top-column elementor-element elementor-element-6ec61c3\" data-id=\"6ec61c3\" data-element_type=\"column\">\n\t\t\t<div class=\"elementor-widget-wrap elementor-element-populated\">\n\t\t\t\t\t\t<div class=\"elementor-element elementor-element-100427e elementor-widget elementor-widget-text-editor\" data-id=\"100427e\" data-element_type=\"widget\" data-widget_type=\"text-editor.default\">\n\t\t\t\t<div class=\"elementor-widget-container\">\n\t\t\t\t\t\t\t\t\t<h2><strong>Historia<\/strong><\/h2>\t\t\t\t\t\t\t\t<\/div>\n\t\t\t\t<\/div>\n\t\t\t\t<div class=\"elementor-element elementor-element-f6ccd73 elementor-widget elementor-widget-text-editor\" data-id=\"f6ccd73\" data-element_type=\"widget\" data-widget_type=\"text-editor.default\">\n\t\t\t\t<div class=\"elementor-widget-container\">\n\t\t\t\t\t\t\t\t\t<div>La primera edici\u00f3n de la Jornada Multidisciplinaria de Intervenci\u00f3n en Vejiga Neurog\u00e9nica tuvo lugar en 2017 y fue promovida en colaboraci\u00f3n con la Universidad Federal de Rio Grande do Norte (UFRN). Este a\u00f1o, el evento abord\u00f3 de manera m\u00e1s focalizada la acci\u00f3n multidisciplinaria en la atenci\u00f3n al ni\u00f1o con Vejiga Neurog\u00e9nica (BN) en general, discutiendo qu\u00e9 se ha hecho para atender a estos pacientes y c\u00f3mo es posible avanzar en estrategias de atenci\u00f3n, con una mirada en la Clasificaci\u00f3n Internacional del Funcionamiento, la Discapacidad y la Salud (ICF) sobre BN, disfunci\u00f3n vesical e intestinal en pacientes con Lesi\u00f3n de la M\u00e9dula Espinal, adem\u00e1s de apoyo psicol\u00f3gico a las familias de ni\u00f1os con BN.<\/div><p>\u00a0<\/p><div dir=\"auto\"><span style=\"font-weight: bold;\">En el a\u00f1o 2018<\/span>, el foco estuvo en el tratamiento de los ni\u00f1os mediante la t\u00e9cnica de neuromodulaci\u00f3n, el perfil de los ni\u00f1os que acuden al ur\u00f3logo, las infecciones del tracto urinario, el reflujo vesicouretral y el manejo de la fisioterapia.<br \/><span style=\"font-size: 1.3em;\">\u00a0<\/span><\/div><div dir=\"auto\"><span style=\"font-weight: bold;\">En 2019,<\/span>\u00a0Ampliamos nuestra visi\u00f3n de las disfunciones neurog\u00e9nicas en pacientes neurot\u00edpicos, con s\u00edndrome cong\u00e9nito del virus Zika y en pacientes con enfermedad de Parkinson.<\/div><div dir=\"auto\">\u00a0<\/div><div dir=\"auto\"><span style=\"font-weight: bold;\">En 2021,<\/span>\u00a0Tuvimos un enfoque enfocado en el seguimiento de los pacientes con BN desde la fase hospitalaria hasta la ambulatoria, pasando por todos los niveles de atenci\u00f3n en salud y abordando las formas en que la red de salud articula el manejo de estos pacientes. Al acto asistieron m\u00e9dicos de Atenci\u00f3n Primaria, ur\u00f3logos, fisioterapeutas, enfermeras, psic\u00f3logos y trabajadores sociales.<\/div>\t\t\t\t\t\t\t\t<\/div>\n\t\t\t\t<\/div>\n\t\t\t\t\t<\/div>\n\t\t<\/div>\n\t\t\t\t\t<\/div>\n\t\t<\/section>\n\t\t\t\t<section class=\"elementor-section elementor-top-section elementor-element elementor-element-a4a767f elementor-section-boxed elementor-section-height-default elementor-section-height-default\" data-id=\"a4a767f\" data-element_type=\"section\">\n\t\t\t\t\t\t<div class=\"elementor-container elementor-column-gap-default\">\n\t\t\t\t\t<div class=\"elementor-column elementor-col-100 elementor-top-column elementor-element elementor-element-a8d52ab\" data-id=\"a8d52ab\" data-element_type=\"column\">\n\t\t\t<div class=\"elementor-widget-wrap elementor-element-populated\">\n\t\t\t\t\t\t\t<\/div>\n\t\t<\/div>\n\t\t\t\t\t<\/div>\n\t\t<\/section>\n\t\t\t\t<\/div>","protected":false},"excerpt":{"rendered":"<p>La vejiga neurog\u00e9nica (BN) implica la incapacidad para controlar la micci\u00f3n debido a una disfunci\u00f3n o enfermedad del sistema nervioso central o perif\u00e9rico. Los d\u00edas 25 y 26 de noviembre de 2022, el Instituto Santos Dumont (ISD) organizar\u00e1 la 5.\u00aa Conferencia de Intervenci\u00f3n Multidisciplinaria sobre Vejiga Neurog\u00e9nica, [\u2026]<\/p>","protected":false},"author":6,"featured_media":0,"parent":0,"menu_order":0,"comment_status":"closed","ping_status":"closed","template":"template-page.php","meta":{"_acf_changed":false,"footnotes":""},"class_list":["post-14950","page","type-page","status-publish","hentry"],"acf":[],"_links":{"self":[{"href":"https:\/\/institutosantosdumont.org.br\/es\/wp-json\/wp\/v2\/pages\/14950","targetHints":{"allow":["GET"]}}],"collection":[{"href":"https:\/\/institutosantosdumont.org.br\/es\/wp-json\/wp\/v2\/pages"}],"about":[{"href":"https:\/\/institutosantosdumont.org.br\/es\/wp-json\/wp\/v2\/types\/page"}],"author":[{"embeddable":true,"href":"https:\/\/institutosantosdumont.org.br\/es\/wp-json\/wp\/v2\/users\/6"}],"replies":[{"embeddable":true,"href":"https:\/\/institutosantosdumont.org.br\/es\/wp-json\/wp\/v2\/comments?post=14950"}],"version-history":[{"count":0,"href":"https:\/\/institutosantosdumont.org.br\/es\/wp-json\/wp\/v2\/pages\/14950\/revisions"}],"wp:attachment":[{"href":"https:\/\/institutosantosdumont.org.br\/es\/wp-json\/wp\/v2\/media?parent=14950"}],"curies":[{"name":"wp","href":"https:\/\/api.w.org\/{rel}","templated":true}]}}