{"id":15970,"date":"2019-02-21T16:41:09","date_gmt":"2019-02-21T19:41:09","guid":{"rendered":"http:\/\/www.institutosantosdumont.org.br\/?page_id=15970"},"modified":"2020-07-04T08:32:40","modified_gmt":"2020-07-04T11:32:40","slug":"orgaos-controle","status":"publish","type":"page","link":"https:\/\/institutosantosdumont.org.br\/es\/orgaos-controle\/","title":{"rendered":"\u00d3rganos de Control Federal"},"content":{"rendered":"<div data-elementor-type=\"wp-post\" data-elementor-id=\"15970\" class=\"elementor elementor-15970\" data-elementor-post-type=\"page\">\n\t\t\t\t\t\t<section class=\"elementor-section elementor-top-section elementor-element elementor-element-ohtljyz elementor-section-boxed elementor-section-height-default elementor-section-height-default\" data-id=\"ohtljyz\" data-element_type=\"section\">\n\t\t\t\t\t\t<div class=\"elementor-container elementor-column-gap-default\">\n\t\t\t\t\t<div class=\"elementor-column elementor-col-100 elementor-top-column elementor-element elementor-element-qwnlzwv\" data-id=\"qwnlzwv\" data-element_type=\"column\">\n\t\t\t<div class=\"elementor-widget-wrap elementor-element-populated\">\n\t\t\t\t\t\t<div class=\"elementor-element elementor-element-kcbrxiu elementor-widget elementor-widget-spacer\" data-id=\"kcbrxiu\" data-element_type=\"widget\" data-widget_type=\"spacer.default\">\n\t\t\t\t<div class=\"elementor-widget-container\">\n\t\t\t\t\t\t\t<div class=\"elementor-spacer\">\n\t\t\t<div class=\"elementor-spacer-inner\"><\/div>\n\t\t<\/div>\n\t\t\t\t\t\t<\/div>\n\t\t\t\t<\/div>\n\t\t\t\t<div class=\"elementor-element elementor-element-dqrgwms elementor-widget elementor-widget-spacer\" data-id=\"dqrgwms\" data-element_type=\"widget\" data-widget_type=\"spacer.default\">\n\t\t\t\t<div class=\"elementor-widget-container\">\n\t\t\t\t\t\t\t<div class=\"elementor-spacer\">\n\t\t\t<div class=\"elementor-spacer-inner\"><\/div>\n\t\t<\/div>\n\t\t\t\t\t\t<\/div>\n\t\t\t\t<\/div>\n\t\t\t\t<div class=\"elementor-element elementor-element-rescunn elementor-widget elementor-widget-text-editor\" data-id=\"rescunn\" data-element_type=\"widget\" data-widget_type=\"text-editor.default\">\n\t\t\t\t<div class=\"elementor-widget-container\">\n\t\t\t\t\t\t\t\t\t<p>El Instituto de Docencia e Investigaci\u00f3n Alberto Santos Dumont \u2013 ISD gestiona recursos del Poder P\u00fablico a trav\u00e9s de\u00a0<a href=\"https:\/\/institutosantosdumont.org.br\/es\/contrato-gestao-mec\/\">Contrato de gesti\u00f3n<\/a>\u00a0con el Ministerio de Educaci\u00f3n (MEC) y se gu\u00eda por los principios constitucionales de la Administraci\u00f3n P\u00fablica. Sus actividades son evaluadas, monitoreadas e inspeccionadas por los \u00f3rganos de control federal y por el Comit\u00e9 de Seguimiento y Evaluaci\u00f3n del Contrato de Gesti\u00f3n (CAACG\/MEC), constituido por el \u00d3rgano de Control, que analiza semestralmente el cumplimiento de las metas e indicadores acordados con el MEC.<\/p><p>En virtud de este Acuerdo, entre 2014 y 2019 se transfirieron 101,2 millones de R$, de los 247 millones de R$ previstos inicialmente.<\/p><p>El Contrato de Gesti\u00f3n, suscrito entre el Instituto de Ensino e Pesquisa Alberto Santos Dumont \u2013ISD y el Ministerio de Educaci\u00f3n \u2013MEC, fue objeto de an\u00e1lisis por el Tribunal de Cuentas de la Federaci\u00f3n a trav\u00e9s del proceso de fiscalizaci\u00f3n TC 009.796\/2015-0, y cuyo an\u00e1lisis continu\u00f3 en los procesos TC 016.008\/2016-2 y TC 015.677\/2019-2.<\/p><p>Mediante Sentencia 1975\/2019, dictada en el \u00e1mbito del TC 015.677\/2019-2, el Tribunal reconoci\u00f3 el pleno cumplimiento, por parte de ISD, de las notas bajo su responsabilidad, previamente publicadas en las Sentencias 1335\/2016 y 2194\/2018.<\/p><p>Considerando que el Tribunal reconoci\u00f3 el cumplimiento por parte del ISD de todas las recomendaciones formuladas en el marco del procedimiento de auditor\u00eda y que no existen medidas adicionales que deba tomar el Instituto, por el momento, en el contexto de los procesos del Tribunal de Cuentas Federal, se presenta en <a href=\"https:\/\/institutosantosdumont.org.br\/wp-content\/uploads\/2020\/07\/S\u00edntese-dos-Ac\u00f3rd\u00e3os-do-TCU-dirigidos-ao-ISD_Atualiza\u00e7\u00e3o-Junho-2020.pdf\">tabla adjunta<\/a> un resumen de las Sentencias del Tribunal de Cuentas Federal dirigidas al ISD, con sus respectivas determinaciones, medidas y resultados. Hacer clic <a href=\"https:\/\/institutosantosdumont.org.br\/wp-content\/uploads\/2020\/07\/S\u00edntese-dos-Ac\u00f3rd\u00e3os-do-TCU-dirigidos-ao-ISD_Atualiza\u00e7\u00e3o-Junho-2020.pdf\">aqu\u00ed<\/a>\u00a0o el bot\u00f3n de abajo para acceder al documento.<\/p>\t\t\t\t\t\t\t\t<\/div>\n\t\t\t\t<\/div>\n\t\t\t\t<div class=\"elementor-element elementor-element-0988649 elementor-button-success elementor-align-center elementor-widget elementor-widget-button\" data-id=\"0988649\" data-element_type=\"widget\" data-widget_type=\"button.default\">\n\t\t\t\t<div class=\"elementor-widget-container\">\n\t\t\t\t\t\t\t\t\t<div class=\"elementor-button-wrapper\">\n\t\t\t\t\t<a class=\"elementor-button elementor-button-link elementor-size-xl\" href=\"https:\/\/institutosantosdumont.org.br\/wp-content\/uploads\/2020\/07\/S\u00edntese-dos-Ac\u00f3rd\u00e3os-do-TCU-dirigidos-ao-ISD_Atualiza\u00e7\u00e3o-Junho-2020.pdf\">\n\t\t\t\t\t\t<span class=\"elementor-button-content-wrapper\">\n\t\t\t\t\t\t\t\t\t<span class=\"elementor-button-text\">Resumen de las Sentencias del TCU dirigidas al ISD<\/span>\n\t\t\t\t\t<\/span>\n\t\t\t\t\t<\/a>\n\t\t\t\t<\/div>\n\t\t\t\t\t\t\t\t<\/div>\n\t\t\t\t<\/div>\n\t\t\t\t<section class=\"elementor-section elementor-inner-section elementor-element elementor-element-akbqpry elementor-section-boxed elementor-section-height-default elementor-section-height-default\" data-id=\"akbqpry\" data-element_type=\"section\" data-settings=\"{&quot;background_background&quot;:&quot;classic&quot;}\">\n\t\t\t\t\t\t<div class=\"elementor-container elementor-column-gap-no\">\n\t\t\t\t\t<div class=\"elementor-column elementor-col-100 elementor-inner-column elementor-element elementor-element-ijlftbm\" data-id=\"ijlftbm\" data-element_type=\"column\" data-settings=\"{&quot;background_background&quot;:&quot;classic&quot;}\">\n\t\t\t<div class=\"elementor-widget-wrap\">\n\t\t\t\t\t\t\t<\/div>\n\t\t<\/div>\n\t\t\t\t\t<\/div>\n\t\t<\/section>\n\t\t\t\t<div class=\"elementor-element elementor-element-piogood elementor-widget elementor-widget-spacer\" data-id=\"piogood\" data-element_type=\"widget\" data-widget_type=\"spacer.default\">\n\t\t\t\t<div class=\"elementor-widget-container\">\n\t\t\t\t\t\t\t<div class=\"elementor-spacer\">\n\t\t\t<div class=\"elementor-spacer-inner\"><\/div>\n\t\t<\/div>\n\t\t\t\t\t\t<\/div>\n\t\t\t\t<\/div>\n\t\t\t\t<div class=\"elementor-element elementor-element-wdiulbn elementor-widget elementor-widget-spacer\" data-id=\"wdiulbn\" data-element_type=\"widget\" data-widget_type=\"spacer.default\">\n\t\t\t\t<div class=\"elementor-widget-container\">\n\t\t\t\t\t\t\t<div class=\"elementor-spacer\">\n\t\t\t<div class=\"elementor-spacer-inner\"><\/div>\n\t\t<\/div>\n\t\t\t\t\t\t<\/div>\n\t\t\t\t<\/div>\n\t\t\t\t<div class=\"elementor-element elementor-element-slqxocn elementor-widget elementor-widget-spacer\" data-id=\"slqxocn\" data-element_type=\"widget\" data-widget_type=\"spacer.default\">\n\t\t\t\t<div class=\"elementor-widget-container\">\n\t\t\t\t\t\t\t<div class=\"elementor-spacer\">\n\t\t\t<div class=\"elementor-spacer-inner\"><\/div>\n\t\t<\/div>\n\t\t\t\t\t\t<\/div>\n\t\t\t\t<\/div>\n\t\t\t\t\t<\/div>\n\t\t<\/div>\n\t\t\t\t\t<\/div>\n\t\t<\/section>\n\t\t\t\t<\/div>","protected":false},"excerpt":{"rendered":"<p>El Instituto de Ense\u00f1anza e Investigaci\u00f3n Alberto Santos Dumont (ISD) gestiona fondos p\u00fablicos mediante un Contrato de Gesti\u00f3n con el Ministerio de Educaci\u00f3n (MEC) y se rige por los principios constitucionales de la Administraci\u00f3n P\u00fablica. Sus actividades son evaluadas, monitoreadas y supervisadas por los organismos federales de control y el Comit\u00e9 de Monitoreo y Evaluaci\u00f3n de [\u2026]<\/p>","protected":false},"author":6,"featured_media":0,"parent":0,"menu_order":0,"comment_status":"closed","ping_status":"closed","template":"template-page.php","meta":{"_acf_changed":false,"footnotes":""},"class_list":["post-15970","page","type-page","status-publish","hentry"],"acf":[],"_links":{"self":[{"href":"https:\/\/institutosantosdumont.org.br\/es\/wp-json\/wp\/v2\/pages\/15970","targetHints":{"allow":["GET"]}}],"collection":[{"href":"https:\/\/institutosantosdumont.org.br\/es\/wp-json\/wp\/v2\/pages"}],"about":[{"href":"https:\/\/institutosantosdumont.org.br\/es\/wp-json\/wp\/v2\/types\/page"}],"author":[{"embeddable":true,"href":"https:\/\/institutosantosdumont.org.br\/es\/wp-json\/wp\/v2\/users\/6"}],"replies":[{"embeddable":true,"href":"https:\/\/institutosantosdumont.org.br\/es\/wp-json\/wp\/v2\/comments?post=15970"}],"version-history":[{"count":0,"href":"https:\/\/institutosantosdumont.org.br\/es\/wp-json\/wp\/v2\/pages\/15970\/revisions"}],"wp:attachment":[{"href":"https:\/\/institutosantosdumont.org.br\/es\/wp-json\/wp\/v2\/media?parent=15970"}],"curies":[{"name":"wp","href":"https:\/\/api.w.org\/{rel}","templated":true}]}}