{"id":18326,"date":"2020-04-28T17:23:14","date_gmt":"2020-04-28T20:23:14","guid":{"rendered":"http:\/\/www.institutosantosdumont.org.br\/?page_id=18326"},"modified":"2020-12-15T15:06:15","modified_gmt":"2020-12-15T18:06:15","slug":"covid-19","status":"publish","type":"page","link":"https:\/\/institutosantosdumont.org.br\/es\/covid-19\/","title":{"rendered":"COVID-19"},"content":{"rendered":"<div data-elementor-type=\"wp-post\" data-elementor-id=\"18326\" class=\"elementor elementor-18326\" data-elementor-post-type=\"page\">\n\t\t\t\t\t\t<section class=\"elementor-section elementor-top-section elementor-element elementor-element-5e3c373 elementor-section-boxed elementor-section-height-default elementor-section-height-default\" data-id=\"5e3c373\" data-element_type=\"section\">\n\t\t\t\t\t\t<div class=\"elementor-container elementor-column-gap-default\">\n\t\t\t\t\t<div class=\"elementor-column elementor-col-100 elementor-top-column elementor-element elementor-element-d443e8e\" data-id=\"d443e8e\" data-element_type=\"column\">\n\t\t\t<div class=\"elementor-widget-wrap elementor-element-populated\">\n\t\t\t\t\t\t<div class=\"elementor-element elementor-element-8532e26 elementor-widget elementor-widget-image\" data-id=\"8532e26\" data-element_type=\"widget\" data-widget_type=\"image.default\">\n\t\t\t\t<div class=\"elementor-widget-container\">\n\t\t\t\t\t\t\t\t\t\t\t\t<figure class=\"wp-caption\">\n\t\t\t\t\t\t\t\t\t\t<img fetchpriority=\"high\" decoding=\"async\" width=\"800\" height=\"450\" src=\"https:\/\/institutosantosdumont.org.br\/wp-content\/uploads\/2020\/04\/23312-1024x576.png\" class=\"attachment-large size-large wp-image-18643\" alt=\"\" srcset=\"https:\/\/institutosantosdumont.org.br\/wp-content\/uploads\/2020\/04\/23312-1024x576.png 1024w, https:\/\/institutosantosdumont.org.br\/wp-content\/uploads\/2020\/04\/23312-300x169.png 300w, https:\/\/institutosantosdumont.org.br\/wp-content\/uploads\/2020\/04\/23312-768x432.png 768w\" sizes=\"(max-width: 800px) 100vw, 800px\" \/>\t\t\t\t\t\t\t\t\t\t\t<figcaption class=\"widget-image-caption wp-caption-text\">Ilustraci\u00f3n creada en los Centros para el Control y la Prevenci\u00f3n de Enfermedades de EE. UU. (CDC) revela la morfolog\u00eda ultraestructural del coronavirus | Cr\u00e9dito de la imagen: CDC - Alissa Eckert, MS, Dan Higgins, MAMS<\/figcaption>\n\t\t\t\t\t\t\t\t\t\t<\/figure>\n\t\t\t\t\t\t\t\t\t<\/div>\n\t\t\t\t<\/div>\n\t\t\t\t<div class=\"elementor-element elementor-element-8fd4a60 elementor-widget elementor-widget-text-editor\" data-id=\"8fd4a60\" data-element_type=\"widget\" data-widget_type=\"text-editor.default\">\n\t\t\t\t<div class=\"elementor-widget-container\">\n\t\t\t\t\t\t\t\t\t<p>Ante la grave crisis provocada por el nuevo\u00a0<a href=\"https:\/\/coronavirus.saude.gov.br\/\" target=\"_blank\" rel=\"noopener noreferrer nofollow\">coronavirus<\/a>\u00a0El Instituto Santos Dumont (ISD), Organizaci\u00f3n Social financiada por el Ministerio de Educaci\u00f3n, viene adoptando una serie de medidas desde mediados de marzo para reducir los riesgos a la poblaci\u00f3n y ofrecer soluciones en los distintos frentes en los que act\u00faa. Acciones relacionadas con la educaci\u00f3n, la difusi\u00f3n de informaci\u00f3n verificada sobre las precauciones que el momento requiere, adem\u00e1s de la producci\u00f3n de Equipos de Protecci\u00f3n Individual (EPP) para donaci\u00f3n a hospitales han resultado de verdaderos grupos de trabajo en su centro de investigaci\u00f3n en neurociencias y neuroingenier\u00eda, el <a href=\"https:\/\/institutosantosdumont.org.br\/es\/instituto-neurociencias\/\">Instituto Internacional de Neurociencias Edmond y Lily Safra (IIN-ELS)<\/a>, y en su centro de formaci\u00f3n de profesiones y servicios de salud prestados por el SUS \u2013 el <a href=\"https:\/\/institutosantosdumont.org.br\/es\/unidades\/saude-anita-garibaldi\/\">Centro de Educaci\u00f3n e Investigaci\u00f3n en Salud Anita Garibaldi<\/a>. El ISD es un referente en docencia, investigaci\u00f3n, extensi\u00f3n y atenci\u00f3n en salud materno-infantil, de personas con discapacidad y en las \u00e1reas de neurociencias y neuroingenier\u00eda. Haga clic en el video y los botones a continuaci\u00f3n para ver las acciones del Instituto frente a la pandemia:<\/p>\t\t\t\t\t\t\t\t<\/div>\n\t\t\t\t<\/div>\n\t\t\t\t<div class=\"elementor-element elementor-element-2a18974 elementor-widget elementor-widget-video\" data-id=\"2a18974\" data-element_type=\"widget\" data-settings=\"{&quot;youtube_url&quot;:&quot;https:\\\/\\\/www.youtube.com\\\/watch?v=0MVnvqumWAw&quot;,&quot;video_type&quot;:&quot;youtube&quot;,&quot;controls&quot;:&quot;yes&quot;}\" data-widget_type=\"video.default\">\n\t\t\t\t<div class=\"elementor-widget-container\">\n\t\t\t\t\t\t\t<div class=\"elementor-wrapper elementor-open-inline\">\n\t\t\t<div class=\"elementor-video\"><\/div>\t\t<\/div>\n\t\t\t\t\t\t<\/div>\n\t\t\t\t<\/div>\n\t\t\t\t<div class=\"elementor-element elementor-element-2cfc77f elementor-button-success elementor-align-center elementor-widget elementor-widget-button\" data-id=\"2cfc77f\" data-element_type=\"widget\" data-widget_type=\"button.default\">\n\t\t\t\t<div class=\"elementor-widget-container\">\n\t\t\t\t\t\t\t\t\t<div class=\"elementor-button-wrapper\">\n\t\t\t\t\t<a class=\"elementor-button elementor-button-link elementor-size-sm\" href=\"https:\/\/institutosantosdumont.org.br\/es\/materiais-educativos-covid-19\/\">\n\t\t\t\t\t\t<span class=\"elementor-button-content-wrapper\">\n\t\t\t\t\t\t\t\t\t<span class=\"elementor-button-text\">Materiales educativos del ISD<\/span>\n\t\t\t\t\t<\/span>\n\t\t\t\t\t<\/a>\n\t\t\t\t<\/div>\n\t\t\t\t\t\t\t\t<\/div>\n\t\t\t\t<\/div>\n\t\t\t\t<div class=\"elementor-element elementor-element-ad9de1b elementor-button-success elementor-align-center elementor-widget elementor-widget-button\" data-id=\"ad9de1b\" data-element_type=\"widget\" data-widget_type=\"button.default\">\n\t\t\t\t<div class=\"elementor-widget-container\">\n\t\t\t\t\t\t\t\t\t<div class=\"elementor-button-wrapper\">\n\t\t\t\t\t<a class=\"elementor-button elementor-button-link elementor-size-sm\" href=\"https:\/\/institutosantosdumont.org.br\/es\/nossas-noticias-covid19\/\">\n\t\t\t\t\t\t<span class=\"elementor-button-content-wrapper\">\n\t\t\t\t\t\t\t\t\t<span class=\"elementor-button-text\">Nuestras noticias<\/span>\n\t\t\t\t\t<\/span>\n\t\t\t\t\t<\/a>\n\t\t\t\t<\/div>\n\t\t\t\t\t\t\t\t<\/div>\n\t\t\t\t<\/div>\n\t\t\t\t<div class=\"elementor-element elementor-element-0e664b1 elementor-button-success elementor-align-center elementor-widget elementor-widget-button\" data-id=\"0e664b1\" data-element_type=\"widget\" data-widget_type=\"button.default\">\n\t\t\t\t<div class=\"elementor-widget-container\">\n\t\t\t\t\t\t\t\t\t<div class=\"elementor-button-wrapper\">\n\t\t\t\t\t<a class=\"elementor-button elementor-button-link elementor-size-sm\" href=\"https:\/\/institutosantosdumont.org.br\/es\/mascaras-escudo-anti-covid19\/\">\n\t\t\t\t\t\t<span class=\"elementor-button-content-wrapper\">\n\t\t\t\t\t\t\t\t\t<span class=\"elementor-button-text\">M\u00e1scaras de escudo<\/span>\n\t\t\t\t\t<\/span>\n\t\t\t\t\t<\/a>\n\t\t\t\t<\/div>\n\t\t\t\t\t\t\t\t<\/div>\n\t\t\t\t<\/div>\n\t\t\t\t<div class=\"elementor-element elementor-element-033f6ed elementor-button-success elementor-align-center elementor-widget elementor-widget-button\" data-id=\"033f6ed\" data-element_type=\"widget\" data-widget_type=\"button.default\">\n\t\t\t\t<div class=\"elementor-widget-container\">\n\t\t\t\t\t\t\t\t\t<div class=\"elementor-button-wrapper\">\n\t\t\t\t\t<a class=\"elementor-button elementor-button-link elementor-size-sm\" href=\"https:\/\/institutosantosdumont.org.br\/es\/all-you-need-to-know-in-order-to-help\/\">\n\t\t\t\t\t\t<span class=\"elementor-button-content-wrapper\">\n\t\t\t\t\t\t\t\t\t<span class=\"elementor-button-text\">Todo lo que necesitas saber para ayudar<\/span>\n\t\t\t\t\t<\/span>\n\t\t\t\t\t<\/a>\n\t\t\t\t<\/div>\n\t\t\t\t\t\t\t\t<\/div>\n\t\t\t\t<\/div>\n\t\t\t\t<div class=\"elementor-element elementor-element-4dda75a elementor-button-success elementor-align-center elementor-widget elementor-widget-button\" data-id=\"4dda75a\" data-element_type=\"widget\" data-widget_type=\"button.default\">\n\t\t\t\t<div class=\"elementor-widget-container\">\n\t\t\t\t\t\t\t\t\t<div class=\"elementor-button-wrapper\">\n\t\t\t\t\t<a class=\"elementor-button elementor-button-link elementor-size-sm\" href=\"https:\/\/institutosantosdumont.org.br\/es\/pesquisa-desenvolvimento-anti-covid19\/\">\n\t\t\t\t\t\t<span class=\"elementor-button-content-wrapper\">\n\t\t\t\t\t\t\t\t\t<span class=\"elementor-button-text\">Investigaci\u00f3n y desarrollo<\/span>\n\t\t\t\t\t<\/span>\n\t\t\t\t\t<\/a>\n\t\t\t\t<\/div>\n\t\t\t\t\t\t\t\t<\/div>\n\t\t\t\t<\/div>\n\t\t\t\t<div class=\"elementor-element elementor-element-2a5098c elementor-button-success elementor-align-center elementor-widget elementor-widget-button\" data-id=\"2a5098c\" data-element_type=\"widget\" data-widget_type=\"button.default\">\n\t\t\t\t<div class=\"elementor-widget-container\">\n\t\t\t\t\t\t\t\t\t<div class=\"elementor-button-wrapper\">\n\t\t\t\t\t<a class=\"elementor-button elementor-button-link elementor-size-sm\" href=\"https:\/\/institutosantosdumont.org.br\/es\/prestacao-de-contas\/\">\n\t\t\t\t\t\t<span class=\"elementor-button-content-wrapper\">\n\t\t\t\t\t\t\t\t\t<span class=\"elementor-button-text\">Responsabilidad<\/span>\n\t\t\t\t\t<\/span>\n\t\t\t\t\t<\/a>\n\t\t\t\t<\/div>\n\t\t\t\t\t\t\t\t<\/div>\n\t\t\t\t<\/div>\n\t\t\t\t\t<\/div>\n\t\t<\/div>\n\t\t\t\t\t<\/div>\n\t\t<\/section>\n\t\t\t\t<section class=\"elementor-section elementor-top-section elementor-element elementor-element-b7e6963 elementor-section-boxed elementor-section-height-default elementor-section-height-default\" data-id=\"b7e6963\" data-element_type=\"section\">\n\t\t\t\t\t\t<div class=\"elementor-container elementor-column-gap-default\">\n\t\t\t\t\t<div class=\"elementor-column elementor-col-100 elementor-top-column elementor-element elementor-element-2ec57c4\" data-id=\"2ec57c4\" data-element_type=\"column\">\n\t\t\t<div class=\"elementor-widget-wrap\">\n\t\t\t\t\t\t\t<\/div>\n\t\t<\/div>\n\t\t\t\t\t<\/div>\n\t\t<\/section>\n\t\t\t\t<\/div>","protected":false},"excerpt":{"rendered":"<p>Ilustra\u00e7\u00e3o criada no Centro de Controle e Preven\u00e7\u00e3o de Doen\u00e7as (CDC), dos EUA, revela morfologia ultraestrutural do coronav\u00edrus | Cr\u00e9dito da imagem: CDC &#8211; Alissa Eckert, MS, Dan Higgins, MAMS Diante da grave crise causada pelo novo\u00a0coronav\u00edrus\u00a0, o Instituto Santos Dumont (ISD), Organiza\u00e7\u00e3o Social financiada pelo Minist\u00e9rio da Educa\u00e7\u00e3o, adota desde meados de mar\u00e7o uma [&hellip;]<\/p>","protected":false},"author":10,"featured_media":0,"parent":0,"menu_order":0,"comment_status":"closed","ping_status":"closed","template":"template-page.php","meta":{"_acf_changed":false,"footnotes":""},"class_list":["post-18326","page","type-page","status-publish","hentry"],"acf":[],"_links":{"self":[{"href":"https:\/\/institutosantosdumont.org.br\/es\/wp-json\/wp\/v2\/pages\/18326","targetHints":{"allow":["GET"]}}],"collection":[{"href":"https:\/\/institutosantosdumont.org.br\/es\/wp-json\/wp\/v2\/pages"}],"about":[{"href":"https:\/\/institutosantosdumont.org.br\/es\/wp-json\/wp\/v2\/types\/page"}],"author":[{"embeddable":true,"href":"https:\/\/institutosantosdumont.org.br\/es\/wp-json\/wp\/v2\/users\/10"}],"replies":[{"embeddable":true,"href":"https:\/\/institutosantosdumont.org.br\/es\/wp-json\/wp\/v2\/comments?post=18326"}],"version-history":[{"count":0,"href":"https:\/\/institutosantosdumont.org.br\/es\/wp-json\/wp\/v2\/pages\/18326\/revisions"}],"wp:attachment":[{"href":"https:\/\/institutosantosdumont.org.br\/es\/wp-json\/wp\/v2\/media?parent=18326"}],"curies":[{"name":"wp","href":"https:\/\/api.w.org\/{rel}","templated":true}]}}