{"id":18331,"date":"2020-04-01T17:02:17","date_gmt":"2020-04-01T20:02:17","guid":{"rendered":"http:\/\/www.institutosantosdumont.org.br\/?page_id=18331"},"modified":"2020-06-05T13:19:43","modified_gmt":"2020-06-05T16:19:43","slug":"mascaras-escudo-anti-covid19","status":"publish","type":"page","link":"https:\/\/institutosantosdumont.org.br\/es\/mascaras-escudo-anti-covid19\/","title":{"rendered":"Mascarillas protectoras x Covid-19"},"content":{"rendered":"<div data-elementor-type=\"wp-post\" data-elementor-id=\"18331\" class=\"elementor elementor-18331\" data-elementor-post-type=\"page\">\n\t\t\t\t\t\t<section class=\"elementor-section elementor-top-section elementor-element elementor-element-902be1c elementor-section-boxed elementor-section-height-default elementor-section-height-default\" data-id=\"902be1c\" data-element_type=\"section\">\n\t\t\t\t\t\t<div class=\"elementor-container elementor-column-gap-default\">\n\t\t\t\t\t<div class=\"elementor-column elementor-col-100 elementor-top-column elementor-element elementor-element-bcdf2ac\" data-id=\"bcdf2ac\" data-element_type=\"column\">\n\t\t\t<div class=\"elementor-widget-wrap elementor-element-populated\">\n\t\t\t\t\t\t<div class=\"elementor-element elementor-element-2671be2 elementor-widget elementor-widget-video\" data-id=\"2671be2\" data-element_type=\"widget\" data-settings=\"{&quot;youtube_url&quot;:&quot;https:\\\/\\\/www.youtube.com\\\/watch?v=MZbRwR_tkMk&quot;,&quot;video_type&quot;:&quot;youtube&quot;,&quot;controls&quot;:&quot;yes&quot;}\" data-widget_type=\"video.default\">\n\t\t\t\t<div class=\"elementor-widget-container\">\n\t\t\t\t\t\t\t<div class=\"elementor-wrapper elementor-open-inline\">\n\t\t\t<div class=\"elementor-video\"><\/div>\t\t<\/div>\n\t\t\t\t\t\t<\/div>\n\t\t\t\t<\/div>\n\t\t\t\t<div class=\"elementor-element elementor-element-fb307b8 elementor-tabs-view-vertical elementor-widget elementor-widget-tabs\" data-id=\"fb307b8\" data-element_type=\"widget\" data-widget_type=\"tabs.default\">\n\t\t\t\t<div class=\"elementor-widget-container\">\n\t\t\t\t\t\t\t<div class=\"elementor-tabs\">\n\t\t\t<div class=\"elementor-tabs-wrapper\" role=\"tablist\" >\n\t\t\t\t\t\t\t\t\t<div id=\"elementor-tab-title-2631\" class=\"elementor-tab-title elementor-tab-desktop-title\" aria-selected=\"true\" data-tab=\"1\" role=\"tab\" tabindex=\"0\" aria-controls=\"elementor-tab-content-2631\" aria-expanded=\"false\">\u00bfA qui\u00e9n donamos?<\/div>\n\t\t\t\t\t\t\t\t\t<div id=\"elementor-tab-title-2632\" class=\"elementor-tab-title elementor-tab-desktop-title\" aria-selected=\"false\" data-tab=\"2\" role=\"tab\" tabindex=\"-1\" aria-controls=\"elementor-tab-content-2632\" aria-expanded=\"false\">C\u00f3mo colaborar <\/div>\n\t\t\t\t\t\t\t\t\t<div id=\"elementor-tab-title-2633\" class=\"elementor-tab-title elementor-tab-desktop-title\" aria-selected=\"false\" data-tab=\"3\" role=\"tab\" tabindex=\"-1\" aria-controls=\"elementor-tab-content-2633\" aria-expanded=\"false\">Todo lo que necesitas saber para ayudar<\/div>\n\t\t\t\t\t\t\t<\/div>\n\t\t\t<div class=\"elementor-tabs-content-wrapper\" role=\"tablist\" aria-orientation=\"vertical\">\n\t\t\t\t\t\t\t\t\t<div class=\"elementor-tab-title elementor-tab-mobile-title\" aria-selected=\"true\" data-tab=\"1\" role=\"tab\" tabindex=\"0\" aria-controls=\"elementor-tab-content-2631\" aria-expanded=\"false\">\u00bfA qui\u00e9n donamos?<\/div>\n\t\t\t\t\t<div id=\"elementor-tab-content-2631\" class=\"elementor-tab-content elementor-clearfix\" data-tab=\"1\" role=\"tabpanel\" aria-labelledby=\"elementor-tab-title-2631\" tabindex=\"0\" hidden=\"false\"><ul><li>Las m\u00e1scaras protectoras producidas por investigadores y estudiantes del ISD son donadas a hospitales, servicios de urgencia y emergencia, as\u00ed como a salas de maternidad, en Rio Grande do Norte. Para obtener m\u00e1s informaci\u00f3n e instrucciones paso a paso para solicitar una donaci\u00f3n, haga clic en\u00a0<a href=\"https:\/\/bit.ly\/3dU6c83\" target=\"_blank\" rel=\"noopener noreferrer nofollow\">aqu\u00ed<\/a>.<\/li><\/ul><\/div>\n\t\t\t\t\t\t\t\t\t<div class=\"elementor-tab-title elementor-tab-mobile-title\" aria-selected=\"false\" data-tab=\"2\" role=\"tab\" tabindex=\"-1\" aria-controls=\"elementor-tab-content-2632\" aria-expanded=\"false\">C\u00f3mo colaborar <\/div>\n\t\t\t\t\t<div id=\"elementor-tab-content-2632\" class=\"elementor-tab-content elementor-clearfix\" data-tab=\"2\" role=\"tabpanel\" aria-labelledby=\"elementor-tab-title-2632\" tabindex=\"0\" hidden=\"hidden\"><ul><li>ISD recibe donaciones de insumos de producci\u00f3n (acetato y filamentos para impresoras 3D), impresoras rotas -para construir nuevas m\u00e1quinas y agilizar el trabajo-, as\u00ed como dinero para la compra de insumos. Las donaciones financieras son posibles mediante transferencia, tarjeta de cr\u00e9dito o PayPal. Para obtener instrucciones paso a paso sobre la donaci\u00f3n, haga clic. <a href=\"https:\/\/bit.ly\/2R5BXB1\" target=\"_blank\" rel=\"noopener noreferrer nofollow\">aqu\u00ed<\/a><\/li><\/ul><\/div>\n\t\t\t\t\t\t\t\t\t<div class=\"elementor-tab-title elementor-tab-mobile-title\" aria-selected=\"false\" data-tab=\"3\" role=\"tab\" tabindex=\"-1\" aria-controls=\"elementor-tab-content-2633\" aria-expanded=\"false\">Todo lo que necesitas saber para ayudar<\/div>\n\t\t\t\t\t<div id=\"elementor-tab-content-2633\" class=\"elementor-tab-content elementor-clearfix\" data-tab=\"3\" role=\"tabpanel\" aria-labelledby=\"elementor-tab-title-2633\" tabindex=\"0\" hidden=\"hidden\"><ul><li>El filamento de impresi\u00f3n 3D y el acetato para careta est\u00e1n agotados o las fechas de entrega no son las adecuadas. Construir ventiladores mec\u00e1nicos es costoso y ahora necesitamos su colaboraci\u00f3n. Por favor done materiales o dinero en efectivo si lo desea. <a href=\"https:\/\/bit.ly\/2JDHniI\" target=\"_blank\" rel=\"noopener noreferrer nofollow\">haga clic aqu\u00ed<\/a> S\u00e9 m\u00e1s.<\/li><\/ul><\/div>\n\t\t\t\t\t\t\t<\/div>\n\t\t<\/div>\n\t\t\t\t\t\t<\/div>\n\t\t\t\t<\/div>\n\t\t\t\t<div class=\"elementor-element elementor-element-b121d53 elementor-widget elementor-widget-text-editor\" data-id=\"b121d53\" data-element_type=\"widget\" data-widget_type=\"text-editor.default\">\n\t\t\t\t<div class=\"elementor-widget-container\">\n\t\t\t\t\t\t\t\t\t<p>Las &#039;mascarillas protectoras&#039;, tambi\u00e9n llamadas &#039;protectores faciales&#039;, son fundamentales para el trabajo de los profesionales sanitarios en procedimientos con mayor riesgo de contaminaci\u00f3n. Sin embargo, son escasos en el mercado dada la explosi\u00f3n de la demanda con la <a href=\"https:\/\/coronavirus.saude.gov.br\/\" target=\"_blank\" rel=\"noopener noreferrer nofollow\">coronavirus<\/a>\u00a0(Covid-19) afectando al mundo.<\/p><p>Los producidos en el Instituto Internacional de Neurociencia Edmond y Lily Safra (IIN-ELS), en el Instituto Santos Dumont (ISD), son donados y no vendidos.\u00a0<\/p><p>Liderando el proyecto est\u00e1n investigadores y estudiantes de <a href=\"https:\/\/institutosantosdumont.org.br\/es\/pos-graduacao-neuroengenharia\/\">maestr\u00eda en neuroingenier\u00eda<\/a> del Instituto.<\/p><p>En esta l\u00ednea de producci\u00f3n, las piezas se &#039;construyen&#039; con la ayuda de impresoras 3D, a un coste de 5 rands por unidad. Est\u00e1n hechos de acetato pl\u00e1stico y son similares a los productos que se venden actualmente en Internet por precios que oscilan entre 25 R$ y 90 R$.<\/p><p><strong>cuando usar<\/strong><\/p><p>De acuerdo a <a href=\"http:\/\/portal.anvisa.gov.br\/documents\/33852\/271858\/NOTA+T%C3%89CNICA+N%C2%BA+05-2020+GVIMS-GGTES-ANVISA+-+ORIENTA%C3%87%C3%95ES+PARA+A+PREVEN%C3%87%C3%83O+E+O+CONTROLE+DE+INFEC%C3%87%C3%95ES+PELO+NOVO+CORONAV%C3%8DRUS+EM+INSTITUI%C3%87%C3%95ES+DE+LONGA+PERMAN%C3%8ANCIA+PARA+IDOSOS%28ILPI%29\/8dcf5820-fe26-49dd-adf9-1cee4e6d3096\" target=\"_blank\" rel=\"noopener noreferrer nofollow\">Agencia Nacional de Vigilancia Sanitaria (Anvisa)<\/a>, protectores faciales como estos deben utilizarse cuando exista riesgo de exposici\u00f3n del profesional a salpicaduras de sangre, secreciones y excreciones corporales. <a href=\"https:\/\/www.gov.uk\/government\/publications\/wuhan-novel-coronavirus-infection-prevention-and-control\/covid-19-personal-protective-equipment-ppe#section-10\" target=\"_blank\" rel=\"noopener noreferrer nofollow\">El servicio de salud p\u00fablica brit\u00e1nico.\u00a0<\/a>\u00a0Refuerza que este tipo de equipos tambi\u00e9n ayudan a proteger contra la contaminaci\u00f3n provocada por gotitas respiratorias y aerosoles.<\/p><p><strong>como usar<\/strong><\/p><ul><li>La &#039;mascarilla escudo&#039; deber\u00e1 utilizarse conjuntamente con otros EPI: gorro, delantal, guantes, mascarilla desechable y gafas.<\/li><li>Debe tener las dimensiones necesarias para cubrir el frente y los costados del rostro.<\/li><\/ul><p><strong>C\u00f3mo limpiar una mascarilla de acetato\u00a0<\/strong><\/p><ul><li>Con agua y jab\u00f3n;<\/li><li>Alcohol 70%<\/li><li>O hipoclorito sobre gasa o algod\u00f3n, para no rayar el material.<\/li><\/ul><p>*Despu\u00e9s de una correcta limpieza, el producto se puede reutilizar.<\/p><p><strong>C\u00f3mo ayudar a superar los desaf\u00edos de producci\u00f3n<\/strong><\/p><p>La escasez de materias primas para fabricar mascarillas es uno de los varios desaf\u00edos que enfrentan los investigadores para aumentar el suministro a los hospitales.<\/p><p>Adem\u00e1s del acetato -la pel\u00edcula utilizada para fabricar la parte frontal de las piezas-, faltan rollos de filamentos para impresoras 3D (materiales que en las impresoras comunes cumplir\u00edan el papel de tinta), adem\u00e1s de una mayor disponibilidad de m\u00e1quinas para el trabajo y una log\u00edstica m\u00e1s eficiente para el transporte de materiales.<\/p><p><em>*Para m\u00e1s informaci\u00f3n sobre <a href=\"https:\/\/bit.ly\/2R5BXB1\" target=\"_blank\" rel=\"noopener noreferrer nofollow\">como colaborar<\/a> con la donaci\u00f3n de materiales o dinero para la producci\u00f3n del ISD, haga clic <a href=\"https:\/\/bit.ly\/2R5BXB1\" data-wplink-edit=\"true\" target=\"_blank\" rel=\"noopener noreferrer nofollow\">aqu\u00ed.<\/a><\/em><\/p><p><em>*Para m\u00e1s informaci\u00f3n sobre a qui\u00e9n donamos las mascarillas y la gu\u00eda paso a paso para solicitar una donaci\u00f3n, haz clic <a href=\"https:\/\/bit.ly\/3dU6c83\" target=\"_blank\" rel=\"noopener noreferrer nofollow\">aqu\u00ed<\/a>.<\/em><\/p>\t\t\t\t\t\t\t\t<\/div>\n\t\t\t\t<\/div>\n\t\t\t\t\t<\/div>\n\t\t<\/div>\n\t\t\t\t\t<\/div>\n\t\t<\/section>\n\t\t\t\t<\/div>","protected":false},"excerpt":{"rendered":"<p>A quem doamos Como colaborar All you need to know in order to help A quem doamos As m\u00e1scaras-escudo produzidas por pesquisadores e alunos do ISD s\u00e3o doadas a hospitais, servi\u00e7os de urg\u00eancia e emerg\u00eancia, al\u00e9m de maternidades, no Rio Grande do Norte. Para mais informa\u00e7\u00f5es e o passo-a-passo para solicitar doa\u00e7\u00e3o, clique\u00a0aqui. Como colaborar [&hellip;]<\/p>","protected":false},"author":10,"featured_media":0,"parent":0,"menu_order":0,"comment_status":"closed","ping_status":"closed","template":"template-page.php","meta":{"_acf_changed":false,"footnotes":""},"class_list":["post-18331","page","type-page","status-publish","hentry"],"acf":[],"_links":{"self":[{"href":"https:\/\/institutosantosdumont.org.br\/es\/wp-json\/wp\/v2\/pages\/18331","targetHints":{"allow":["GET"]}}],"collection":[{"href":"https:\/\/institutosantosdumont.org.br\/es\/wp-json\/wp\/v2\/pages"}],"about":[{"href":"https:\/\/institutosantosdumont.org.br\/es\/wp-json\/wp\/v2\/types\/page"}],"author":[{"embeddable":true,"href":"https:\/\/institutosantosdumont.org.br\/es\/wp-json\/wp\/v2\/users\/10"}],"replies":[{"embeddable":true,"href":"https:\/\/institutosantosdumont.org.br\/es\/wp-json\/wp\/v2\/comments?post=18331"}],"version-history":[{"count":0,"href":"https:\/\/institutosantosdumont.org.br\/es\/wp-json\/wp\/v2\/pages\/18331\/revisions"}],"wp:attachment":[{"href":"https:\/\/institutosantosdumont.org.br\/es\/wp-json\/wp\/v2\/media?parent=18331"}],"curies":[{"name":"wp","href":"https:\/\/api.w.org\/{rel}","templated":true}]}}