{"id":18338,"date":"2020-04-01T17:04:26","date_gmt":"2020-04-01T20:04:26","guid":{"rendered":"http:\/\/www.institutosantosdumont.org.br\/?page_id=18338"},"modified":"2020-05-07T09:36:29","modified_gmt":"2020-05-07T12:36:29","slug":"prestacao-de-contas","status":"publish","type":"page","link":"https:\/\/institutosantosdumont.org.br\/es\/prestacao-de-contas\/","title":{"rendered":"Responsabilidad del Distrito Escolar Independiente: Covid-19"},"content":{"rendered":"<div data-elementor-type=\"wp-post\" data-elementor-id=\"18338\" class=\"elementor elementor-18338\" data-elementor-post-type=\"page\">\n\t\t\t\t\t\t<section class=\"elementor-section elementor-top-section elementor-element elementor-element-2283aa7 elementor-section-boxed elementor-section-height-default elementor-section-height-default\" data-id=\"2283aa7\" data-element_type=\"section\">\n\t\t\t\t\t\t<div class=\"elementor-container elementor-column-gap-default\">\n\t\t\t\t\t<div class=\"elementor-column elementor-col-100 elementor-top-column elementor-element elementor-element-602d5ed\" data-id=\"602d5ed\" data-element_type=\"column\">\n\t\t\t<div class=\"elementor-widget-wrap elementor-element-populated\">\n\t\t\t\t\t\t<div class=\"elementor-element elementor-element-2ff7bb5 elementor-position-top elementor-widget elementor-widget-image-box\" data-id=\"2ff7bb5\" data-element_type=\"widget\" data-widget_type=\"image-box.default\">\n\t\t\t\t<div class=\"elementor-widget-container\">\n\t\t\t\t\t<div class=\"elementor-image-box-wrapper\"><figure class=\"elementor-image-box-img\"><img fetchpriority=\"high\" decoding=\"async\" width=\"1599\" height=\"777\" src=\"https:\/\/institutosantosdumont.org.br\/wp-content\/uploads\/2020\/05\/ISD-reinicia-produ\u00e7\u00e3o-de-m\u00e1scaras-escudo_Cr\u00e9dito-Divulga\u00e7\u00e3o-ISD_fotos-tiradas-em-06-de-maio-de-2020-8.jpg\" class=\"attachment-full size-full wp-image-18708\" alt=\"\" srcset=\"https:\/\/institutosantosdumont.org.br\/wp-content\/uploads\/2020\/05\/ISD-reinicia-produ\u00e7\u00e3o-de-m\u00e1scaras-escudo_Cr\u00e9dito-Divulga\u00e7\u00e3o-ISD_fotos-tiradas-em-06-de-maio-de-2020-8.jpg 1599w, https:\/\/institutosantosdumont.org.br\/wp-content\/uploads\/2020\/05\/ISD-reinicia-produ\u00e7\u00e3o-de-m\u00e1scaras-escudo_Cr\u00e9dito-Divulga\u00e7\u00e3o-ISD_fotos-tiradas-em-06-de-maio-de-2020-8-300x146.jpg 300w, https:\/\/institutosantosdumont.org.br\/wp-content\/uploads\/2020\/05\/ISD-reinicia-produ\u00e7\u00e3o-de-m\u00e1scaras-escudo_Cr\u00e9dito-Divulga\u00e7\u00e3o-ISD_fotos-tiradas-em-06-de-maio-de-2020-8-768x373.jpg 768w, https:\/\/institutosantosdumont.org.br\/wp-content\/uploads\/2020\/05\/ISD-reinicia-produ\u00e7\u00e3o-de-m\u00e1scaras-escudo_Cr\u00e9dito-Divulga\u00e7\u00e3o-ISD_fotos-tiradas-em-06-de-maio-de-2020-8-1024x498.jpg 1024w\" sizes=\"(max-width: 1599px) 100vw, 1599px\" \/><\/figure><div class=\"elementor-image-box-content\"><h3 class=\"elementor-image-box-title\">APORTES: Donaciones recibidas para la elaboraci\u00f3n de mascarillas de escudo<\/h3><p class=\"elementor-image-box-description\">El Instituto Santos Dumont (ISD) recibe donaciones de acetato, filamentos de impresoras 3D o dinero en efectivo, para la compra de materias primas. Los materiales son para la producci\u00f3n de protectores faciales, producidos y donados por estudiantes e investigadores del Instituto para unidades de salud que atienden a pacientes con Covid-19 en Rio Grande do Norte. Consulte la lista de donantes a continuaci\u00f3n y, para obtener m\u00e1s informaci\u00f3n, visite la p\u00e1gina https:\/\/institutosantosdumont.org.br\/como-colaborar-producao-anti-covid19\/.<\/p><\/div><\/div>\t\t\t\t<\/div>\n\t\t\t\t<\/div>\n\t\t\t\t\t<\/div>\n\t\t<\/div>\n\t\t\t\t\t<\/div>\n\t\t<\/section>\n\t\t\t\t<section class=\"elementor-section elementor-top-section elementor-element elementor-element-658512e elementor-section-boxed elementor-section-height-default elementor-section-height-default\" data-id=\"658512e\" data-element_type=\"section\">\n\t\t\t\t\t\t<div class=\"elementor-container elementor-column-gap-default\">\n\t\t\t\t\t<div class=\"elementor-column elementor-col-100 elementor-top-column elementor-element elementor-element-c610109\" data-id=\"c610109\" data-element_type=\"column\">\n\t\t\t<div class=\"elementor-widget-wrap elementor-element-populated\">\n\t\t\t\t\t\t<div class=\"elementor-element elementor-element-3967353 elementor-widget elementor-widget-price-list\" data-id=\"3967353\" data-element_type=\"widget\" data-widget_type=\"price-list.default\">\n\t\t\t\t<div class=\"elementor-widget-container\">\n\t\t\t\t\t\n\t\t<ul class=\"elementor-price-list\">\n\n\t\t\t\t\t\t\t\t\t<li><a class=\"elementor-price-list-item\" href=\"https:\/\/www.gtmax3d.com.br\/\" target=\"_blank\" rel=\"noopener noreferrer nofollow\">\t\t\t\t\n\t\t\t\t<div class=\"elementor-price-list-text\">\n\t\t\t\t\t\t\t\t\t<div class=\"elementor-price-list-header\">\n\t\t\t\t\t\t\t\t\t\t\t<span class=\"elementor-price-list-title\">\n\t\t\t\t\t\t\tGTMax3D fabricante de Impresoras y Filamentos 3D\t\t\t\t\t\t<\/span>\n\t\t\t\t\t\t\t\t\t\t\t\t\t\t\t\t\t\t<span class=\"elementor-price-list-separator\"><\/span>\n\t\t\t\t\t\t\t\t\t\t\t\t\t\t\t\t\t\t\t<span class=\"elementor-price-list-price\">20 kg de filamentos ABS<\/span>\n\t\t\t\t\t\t\t\t\t\t<\/div>\n\t\t\t\t\t\t\t\t\t\t\t\t\t\t\t<p class=\"elementor-price-list-description\">\n\t\t\t\t\t\t\tCNPJ: 07.483.598\/0001-66  \t\t\t\t\t\t<\/p>\n\t\t\t\t\t\t\t\t<\/div>\n\t\t\t\t<\/a><\/li>\t\t\t\t\t\t\t\t\t\t\t\t<li><a class=\"elementor-price-list-item\" href=\"https:\/\/ortorio.com\/\" target=\"_blank\" rel=\"noopener noreferrer nofollow\">\t\t\t\t\n\t\t\t\t<div class=\"elementor-price-list-text\">\n\t\t\t\t\t\t\t\t\t<div class=\"elementor-price-list-header\">\n\t\t\t\t\t\t\t\t\t\t\t<span class=\"elementor-price-list-title\">\n\t\t\t\t\t\t\tOrtorio\t\t\t\t\t\t<\/span>\n\t\t\t\t\t\t\t\t\t\t\t\t\t\t\t\t\t\t<span class=\"elementor-price-list-separator\"><\/span>\n\t\t\t\t\t\t\t\t\t\t\t\t\t\t\t\t\t\t\t<span class=\"elementor-price-list-price\">200 fl de acetato<\/span>\n\t\t\t\t\t\t\t\t\t\t<\/div>\n\t\t\t\t\t\t\t\t\t\t\t\t\t\t\t<p class=\"elementor-price-list-description\">\n\t\t\t\t\t\t\tCNPJ: 13.000.723\/0001-32\t\t\t\t\t\t<\/p>\n\t\t\t\t\t\t\t\t<\/div>\n\t\t\t\t<\/a><\/li>\t\t\t\t\t\t\t\t\t\t\t\t<li><a class=\"elementor-price-list-item\" href=\"http:\/\/www.funpec.br\/site\/index.php\" target=\"_blank\" rel=\"noopener noreferrer nofollow\">\t\t\t\t\n\t\t\t\t<div class=\"elementor-price-list-text\">\n\t\t\t\t\t\t\t\t\t<div class=\"elementor-price-list-header\">\n\t\t\t\t\t\t\t\t\t\t\t<span class=\"elementor-price-list-title\">\n\t\t\t\t\t\t\tFundaci\u00f3n de Investigaci\u00f3n y Cultura del Norte de Rio Grande do Sul (Funpec)\t\t\t\t\t\t<\/span>\n\t\t\t\t\t\t\t\t\t\t\t\t\t\t\t\t\t\t<span class=\"elementor-price-list-separator\"><\/span>\n\t\t\t\t\t\t\t\t\t\t\t\t\t\t\t\t\t\t\t<span class=\"elementor-price-list-price\">100 fls de acetato y 20 kg de filamentos <\/span>\n\t\t\t\t\t\t\t\t\t\t<\/div>\n\t\t\t\t\t\t\t\t\t\t\t\t\t\t\t<p class=\"elementor-price-list-description\">\n\t\t\t\t\t\t\tCNPJ: 08.469.280\/0001-93\t\t\t\t\t\t<\/p>\n\t\t\t\t\t\t\t\t<\/div>\n\t\t\t\t<\/a><\/li>\t\t\t\t\t\n\t\t<\/ul>\n\n\t\t\t\t\t\t<\/div>\n\t\t\t\t<\/div>\n\t\t\t\t\t<\/div>\n\t\t<\/div>\n\t\t\t\t\t<\/div>\n\t\t<\/section>\n\t\t\t\t<\/div>","protected":false},"excerpt":{"rendered":"<p>SUMINISTROS: Donaciones recibidas para la producci\u00f3n de protectores faciales. El Instituto Santos Dumont (ISD) recibe donaciones de acetato, filamentos para impresoras 3D o fondos para la compra de materias primas. Los materiales son para la producci\u00f3n de protectores faciales, producidos y donados por estudiantes e investigadores del Instituto a unidades de salud que atienden a pacientes con COVID-19 [\u2026]<\/p>","protected":false},"author":10,"featured_media":0,"parent":0,"menu_order":0,"comment_status":"closed","ping_status":"closed","template":"template-page.php","meta":{"_acf_changed":false,"footnotes":""},"class_list":["post-18338","page","type-page","status-publish","hentry"],"acf":[],"_links":{"self":[{"href":"https:\/\/institutosantosdumont.org.br\/es\/wp-json\/wp\/v2\/pages\/18338","targetHints":{"allow":["GET"]}}],"collection":[{"href":"https:\/\/institutosantosdumont.org.br\/es\/wp-json\/wp\/v2\/pages"}],"about":[{"href":"https:\/\/institutosantosdumont.org.br\/es\/wp-json\/wp\/v2\/types\/page"}],"author":[{"embeddable":true,"href":"https:\/\/institutosantosdumont.org.br\/es\/wp-json\/wp\/v2\/users\/10"}],"replies":[{"embeddable":true,"href":"https:\/\/institutosantosdumont.org.br\/es\/wp-json\/wp\/v2\/comments?post=18338"}],"version-history":[{"count":0,"href":"https:\/\/institutosantosdumont.org.br\/es\/wp-json\/wp\/v2\/pages\/18338\/revisions"}],"wp:attachment":[{"href":"https:\/\/institutosantosdumont.org.br\/es\/wp-json\/wp\/v2\/media?parent=18338"}],"curies":[{"name":"wp","href":"https:\/\/api.w.org\/{rel}","templated":true}]}}