{"id":18377,"date":"2020-04-02T16:16:59","date_gmt":"2020-04-02T19:16:59","guid":{"rendered":"http:\/\/www.institutosantosdumont.org.br\/?page_id=18377"},"modified":"2020-04-28T17:13:09","modified_gmt":"2020-04-28T20:13:09","slug":"all-you-need-to-know-in-order-to-help","status":"publish","type":"page","link":"https:\/\/institutosantosdumont.org.br\/es\/all-you-need-to-know-in-order-to-help\/","title":{"rendered":"Todo lo que necesitas saber para ayudar"},"content":{"rendered":"<div data-elementor-type=\"wp-post\" data-elementor-id=\"18377\" class=\"elementor elementor-18377\" data-elementor-post-type=\"page\">\n\t\t\t\t\t\t<section class=\"elementor-section elementor-top-section elementor-element elementor-element-32c9a60 elementor-section-boxed elementor-section-height-default elementor-section-height-default\" data-id=\"32c9a60\" data-element_type=\"section\">\n\t\t\t\t\t\t<div class=\"elementor-container elementor-column-gap-default\">\n\t\t\t\t\t<div class=\"elementor-column elementor-col-100 elementor-top-column elementor-element elementor-element-218d9b4\" data-id=\"218d9b4\" data-element_type=\"column\">\n\t\t\t<div class=\"elementor-widget-wrap elementor-element-populated\">\n\t\t\t\t\t\t<div class=\"elementor-element elementor-element-8b87d23 elementor-widget elementor-widget-video\" data-id=\"8b87d23\" data-element_type=\"widget\" data-settings=\"{&quot;youtube_url&quot;:&quot;https:\\\/\\\/www.youtube.com\\\/watch?v=MZbRwR_tkMk&quot;,&quot;video_type&quot;:&quot;youtube&quot;,&quot;controls&quot;:&quot;yes&quot;}\" data-widget_type=\"video.default\">\n\t\t\t\t<div class=\"elementor-widget-container\">\n\t\t\t\t\t\t\t<div class=\"elementor-wrapper elementor-open-inline\">\n\t\t\t<div class=\"elementor-video\"><\/div>\t\t<\/div>\n\t\t\t\t\t\t<\/div>\n\t\t\t\t<\/div>\n\t\t\t\t<div class=\"elementor-element elementor-element-e94589f elementor-widget elementor-widget-text-editor\" data-id=\"e94589f\" data-element_type=\"widget\" data-widget_type=\"text-editor.default\">\n\t\t\t\t<div class=\"elementor-widget-container\">\n\t\t\t\t\t\t\t\t\t<p>\u00bfCu\u00e1ntas vidas podemos salvar si trabajamos juntos compartiendo conocimientos, esfuerzos y recursos?<\/p><p>Es f\u00e1cil decirlo: se pueden salvar millones de vidas si trabajamos en soluciones para mitigar la propagaci\u00f3n del COVID-19.<\/p><p>Recientemente el <a href=\"https:\/\/institutosantosdumont.org.br\/es\/instituto-neurociencias\/\">Instituto Santos Dumont<\/a> comenz\u00f3 a luchar contra la propagaci\u00f3n del Coronavirus en dos de sus unidades en Macaiba\/RN, Brasil:<\/p><p>1 \u2013 <a href=\"https:\/\/institutosantosdumont.org.br\/es\/unidades\/saude-anita-garibaldi\/\">Centro de Educaci\u00f3n e Investigaci\u00f3n Anita Garibaldi<\/a> Proporciona asistencia de emergencia para mujeres embarazadas y ni\u00f1os con infecci\u00f3n conocida o sospechada por COVID-19. Si es necesario, en el futuro se podr\u00e1n utilizar habitaciones adicionales.<\/p><p>2 \u2013 <a href=\"https:\/\/institutosantosdumont.org.br\/es\/instituto-neurociencias\/\">Instituto Internacional de Neurociencia Edmond y Lily Safra<\/a> Proporciona protectores faciales para prevenir la contaminaci\u00f3n de los profesionales de la salud, investiga sistemas de ventilaci\u00f3n mec\u00e1nica de bajo costo, v\u00e1lvulas de respiraci\u00f3n y otros equipos de protecci\u00f3n personal (EPP).<\/p><p>Las caretas m\u00e9dicas son escasas o no est\u00e1n disponibles para los profesionales de la salud de los hospitales p\u00fablicos y privados del estado de Rio Grande do Norte. Sin embargo, hay empresas que las venden desde 5 hasta 18 US$. En solo cuatro d\u00edas, fabricamos y donamos 200 protectores faciales y estamos produciendo 800 m\u00e1s, con un aumento diario en la demanda por parte de los hospitales. Estamos iniciando la fabricaci\u00f3n de ventiladores de emergencia de c\u00f3digo abierto, imprimiendo v\u00e1lvulas de ventiladores y buscando soluciones alternativas para filtros de v\u00e1lvulas (si tiene alguna sugerencia al respecto, estaremos encantados de conocerla).<\/p><p>Este trabajo es voluntario, ya que estamos practicando el distanciamiento social. Los filamentos de impresi\u00f3n 3D y acetatos para pantallas faciales est\u00e1n agotados o las fechas de entrega no son las adecuadas. Construir ventiladores mec\u00e1nicos es costoso y ahora... <strong>Necesitamos tu colaboraci\u00f3n<\/strong>.<\/p><p>Por favor <strong>Comparte esta publicaci\u00f3n y dona<\/strong> materiales o dinero en efectivo si lo desea.<\/p><ul><li><strong>PARA DONACIONES PUEDES UTILIZAR PAYPAL O TARJETA DE CR\u00c9DITO:<\/strong><\/li><\/ul><p>Para elegir una de esas opciones, siga los pasos a continuaci\u00f3n:<\/p><ol><li>Haga clic en el bot\u00f3n amarillo (Donar) a continuaci\u00f3n;<\/li><li>Escriba la cantidad que desea donar;<\/li><li>Elija \u201cDonar con PayPal\u201d o \u201cDonar con tarjeta de d\u00e9bito o cr\u00e9dito\u201d;<\/li><li>Si elige PayPal, necesitar\u00e1 tener una cuenta PayPal e ingresar sus datos de inicio de sesi\u00f3n. Si no tienes una cuenta, puedes crear una. Si decide donar con tarjeta, deber\u00e1 informar los datos de su tarjeta;<\/li><li>Confirmar la operaci\u00f3n.<\/li><\/ol><p><em>Haga clic a continuaci\u00f3n para continuar:<\/em><\/p><p>\u00a0<\/p><form action=\"https:\/\/www.paypal.com\/cgi-bin\/webscr\" method=\"post\" target=\"_top\" data-trp-original-action=\"https:\/\/www.paypal.com\/cgi-bin\/webscr\"><p><input name=\"cmd\" type=\"hidden\" value=\"_s-xclick\" \/><\/p><p><input name=\"hosted_button_id\" type=\"hidden\" value=\"LE997FM56G3NC\" \/><\/p><p><input title=\"PayPal: \u00a1La forma m\u00e1s segura y sencilla de pagar en l\u00ednea!\" alt=\"Donate with PayPal button\" name=\"submit\" src=\"https:\/\/www.paypalobjects.com\/en_US\/i\/btn\/btn_donateCC_LG.gif\" type=\"image\" \/><\/p><p><img decoding=\"async\" src=\"https:\/\/www.paypal.com\/en_US\/i\/scr\/pixel.gif\" alt=\"\" width=\"1\" height=\"1\" border=\"0\" \/><\/p><p><em>Las donaciones se publicar\u00e1n en <a href=\"mailto:institutosantosdumont.org.br\/covid-19\/\">Institutosantosdumont.org.br\/covid-19\/<\/a>. Si lo deseas env\u00eda un correo electr\u00f3nico a <a href=\"mailto:covid19@isd.org.br\">covid19@isd.org.br<\/a><\/em><\/p><input type=\"hidden\" name=\"trp-form-language\" value=\"es\"\/><\/form><p><span style=\"font-size: 1.3em;\">Cada vida importa. Ay\u00fadanos a salvar a tantos como sea posible.<\/span><\/p><p>Y, una vez m\u00e1s, \u00a1juntos somos m\u00e1s fuertes! Superaremos este momento de pandemia de COVID-19 y estaremos orgullosos de nuestras acciones en el futuro.<\/p><p><strong>Fabricio Brasil<\/strong><\/p><p>Doctor en Neurociencia y coordinador del <a href=\"https:\/\/institutosantosdumont.org.br\/es\/pos-graduacao-neuroengenharia\/\">Neuroingenier\u00eda<\/a> programa de posgrado en ISD<\/p>\t\t\t\t\t\t\t\t<\/div>\n\t\t\t\t<\/div>\n\t\t\t\t<div class=\"elementor-element elementor-element-3d9dda5 elementor-align-center elementor-button-warning elementor-widget elementor-widget-button\" data-id=\"3d9dda5\" data-element_type=\"widget\" data-widget_type=\"button.default\">\n\t\t\t\t<div class=\"elementor-widget-container\">\n\t\t\t\t\t\t\t\t\t<div class=\"elementor-button-wrapper\">\n\t\t\t\t\t<a class=\"elementor-button elementor-button-link elementor-size-xl\" href=\"https:\/\/www.paypal.com\/cgi-bin\/webscr?cmd=_s-xclick&#038;hosted_button_id=834KG57B36SD4&#038;source=url\" target=\"_blank\" rel=\"noopener noreferrer nofollow\">\n\t\t\t\t\t\t<span class=\"elementor-button-content-wrapper\">\n\t\t\t\t\t\t\t\t\t<span class=\"elementor-button-text\">Donar<\/span>\n\t\t\t\t\t<\/span>\n\t\t\t\t\t<\/a>\n\t\t\t\t<\/div>\n\t\t\t\t\t\t\t\t<\/div>\n\t\t\t\t<\/div>\n\t\t\t\t\t<\/div>\n\t\t<\/div>\n\t\t\t\t\t<\/div>\n\t\t<\/section>\n\t\t\t\t<\/div>","protected":false},"excerpt":{"rendered":"<p>https:\/\/www.youtube.com\/watch?v=MZbRwR_tkMk How many lives can we save if we work together sharing knowledge, efforts, and resources? It is easy to say, millions of lives can be saved if we work on solutions to mitigate the propagation of COVID-19. Recently the Santos Dumont Institute started to fight against the spread of the Coronavirus in two of [&hellip;]<\/p>","protected":false},"author":10,"featured_media":0,"parent":0,"menu_order":0,"comment_status":"closed","ping_status":"closed","template":"template-page.php","meta":{"_acf_changed":false,"footnotes":""},"class_list":["post-18377","page","type-page","status-publish","hentry"],"acf":[],"_links":{"self":[{"href":"https:\/\/institutosantosdumont.org.br\/es\/wp-json\/wp\/v2\/pages\/18377","targetHints":{"allow":["GET"]}}],"collection":[{"href":"https:\/\/institutosantosdumont.org.br\/es\/wp-json\/wp\/v2\/pages"}],"about":[{"href":"https:\/\/institutosantosdumont.org.br\/es\/wp-json\/wp\/v2\/types\/page"}],"author":[{"embeddable":true,"href":"https:\/\/institutosantosdumont.org.br\/es\/wp-json\/wp\/v2\/users\/10"}],"replies":[{"embeddable":true,"href":"https:\/\/institutosantosdumont.org.br\/es\/wp-json\/wp\/v2\/comments?post=18377"}],"version-history":[{"count":0,"href":"https:\/\/institutosantosdumont.org.br\/es\/wp-json\/wp\/v2\/pages\/18377\/revisions"}],"wp:attachment":[{"href":"https:\/\/institutosantosdumont.org.br\/es\/wp-json\/wp\/v2\/media?parent=18377"}],"curies":[{"name":"wp","href":"https:\/\/api.w.org\/{rel}","templated":true}]}}