{"id":18593,"date":"2020-04-27T18:38:35","date_gmt":"2020-04-27T21:38:35","guid":{"rendered":"http:\/\/www.institutosantosdumont.org.br\/?page_id=18593"},"modified":"2021-04-05T08:54:56","modified_gmt":"2021-04-05T11:54:56","slug":"materiais-educativos-covid-19","status":"publish","type":"page","link":"https:\/\/institutosantosdumont.org.br\/es\/materiais-educativos-covid-19\/","title":{"rendered":"Materiales educativos del ISD: Covid-19"},"content":{"rendered":"<div data-elementor-type=\"wp-post\" data-elementor-id=\"18593\" class=\"elementor elementor-18593\" data-elementor-post-type=\"page\">\n\t\t\t\t\t\t<section class=\"elementor-section elementor-top-section elementor-element elementor-element-e329221 elementor-section-boxed elementor-section-height-default elementor-section-height-default\" data-id=\"e329221\" data-element_type=\"section\">\n\t\t\t\t\t\t<div class=\"elementor-container elementor-column-gap-default\">\n\t\t\t\t\t<div class=\"elementor-column elementor-col-100 elementor-top-column elementor-element elementor-element-c16de8d\" data-id=\"c16de8d\" data-element_type=\"column\">\n\t\t\t<div class=\"elementor-widget-wrap elementor-element-populated\">\n\t\t\t\t\t\t<div class=\"elementor-element elementor-element-ee8be64 elementor-widget elementor-widget-text-editor\" data-id=\"ee8be64\" data-element_type=\"widget\" data-widget_type=\"text-editor.default\">\n\t\t\t\t<div class=\"elementor-widget-container\">\n\t\t\t\t\t\t\t\t\t<p>En cuanto a las acciones de Educaci\u00f3n Permanente en Salud relacionadas al nuevo coronavirus, el ISD ha concentrado esfuerzos para atender las demandas de la sociedad, especialmente de los pacientes que atiende en sus diversos ambulatorios, as\u00ed como de los servicios de atenci\u00f3n a la salud maternoinfantil de Rio Grande do Norte, incluidas las maternidades de referencia.<\/p><p>A trav\u00e9s de canales como ilustraciones, videos, folletos y carpetas, los equipos del Instituto muestran desde c\u00f3mo identificar los s\u00edntomas del COVID-19, hasta cambios pr\u00e1cticos en los servicios diarios, precauciones a adoptar y actividades de integraci\u00f3n y ocio para una rutina saludable durante la cuarentena. Otro esfuerzo del Instituto en este sentido fue la recopilaci\u00f3n y publicaci\u00f3n del conocimiento espec\u00edfico ahora disponible para proponer gu\u00edas sobre el manejo cl\u00ednico de la enfermedad durante el embarazo y el per\u00edodo perinatal.\u00a0<\/p><p>Haga clic en los botones a continuaci\u00f3n para acceder al contenido y seguir las actualizaciones de la p\u00e1gina para ver nuevas publicaciones:<\/p>\t\t\t\t\t\t\t\t<\/div>\n\t\t\t\t<\/div>\n\t\t\t\t<div class=\"elementor-element elementor-element-ff23cd6 elementor-button-success elementor-align-center elementor-widget elementor-widget-button\" data-id=\"ff23cd6\" data-element_type=\"widget\" data-widget_type=\"button.default\">\n\t\t\t\t<div class=\"elementor-widget-container\">\n\t\t\t\t\t\t\t\t\t<div class=\"elementor-button-wrapper\">\n\t\t\t\t\t<a class=\"elementor-button elementor-button-link elementor-size-xl\" href=\"https:\/\/institutosantosdumont.org.br\/es\/2020\/06\/18\/covid-19-e-gravidez-a-gravida-e-a-puerpera-merecem-sim-cuidados-muito-especiais\/\">\n\t\t\t\t\t\t<span class=\"elementor-button-content-wrapper\">\n\t\t\t\t\t\t\t\t\t<span class=\"elementor-button-text\">Covid-19 y embarazo: \u00abLas mujeres embarazadas y las que han dado a luz recientemente merecen una atenci\u00f3n muy especial\u00bb<\/span>\n\t\t\t\t\t<\/span>\n\t\t\t\t\t<\/a>\n\t\t\t\t<\/div>\n\t\t\t\t\t\t\t\t<\/div>\n\t\t\t\t<\/div>\n\t\t\t\t<div class=\"elementor-element elementor-element-fe65f6c elementor-button-success elementor-align-center elementor-widget elementor-widget-button\" data-id=\"fe65f6c\" data-element_type=\"widget\" data-widget_type=\"button.default\">\n\t\t\t\t<div class=\"elementor-widget-container\">\n\t\t\t\t\t\t\t\t\t<div class=\"elementor-button-wrapper\">\n\t\t\t\t\t<a class=\"elementor-button elementor-button-link elementor-size-xl\" href=\"https:\/\/institutosantosdumont.org.br\/es\/informativos-isd-covid-19\/\">\n\t\t\t\t\t\t<span class=\"elementor-button-content-wrapper\">\n\t\t\t\t\t\t\t\t\t<span class=\"elementor-button-text\">Informaci\u00f3n sobre la COVID-19 y el embarazo<\/span>\n\t\t\t\t\t<\/span>\n\t\t\t\t\t<\/a>\n\t\t\t\t<\/div>\n\t\t\t\t\t\t\t\t<\/div>\n\t\t\t\t<\/div>\n\t\t\t\t<div class=\"elementor-element elementor-element-043cb64 elementor-align-center elementor-button-success elementor-widget elementor-widget-button\" data-id=\"043cb64\" data-element_type=\"widget\" data-widget_type=\"button.default\">\n\t\t\t\t<div class=\"elementor-widget-container\">\n\t\t\t\t\t\t\t\t\t<div class=\"elementor-button-wrapper\">\n\t\t\t\t\t<a class=\"elementor-button elementor-button-link elementor-size-xl\" href=\"https:\/\/institutosantosdumont.org.br\/es\/ilustracoes-covid-19\/\">\n\t\t\t\t\t\t<span class=\"elementor-button-content-wrapper\">\n\t\t\t\t\t\t\t\t\t<span class=\"elementor-button-text\">Ilustraciones Mujeres Embarazadas x Nuevo Coronavirus<\/span>\n\t\t\t\t\t<\/span>\n\t\t\t\t\t<\/a>\n\t\t\t\t<\/div>\n\t\t\t\t\t\t\t\t<\/div>\n\t\t\t\t<\/div>\n\t\t\t\t<div class=\"elementor-element elementor-element-c9c5563 elementor-button-success elementor-align-center elementor-widget elementor-widget-button\" data-id=\"c9c5563\" data-element_type=\"widget\" data-widget_type=\"button.default\">\n\t\t\t\t<div class=\"elementor-widget-container\">\n\t\t\t\t\t\t\t\t\t<div class=\"elementor-button-wrapper\">\n\t\t\t\t\t<a class=\"elementor-button elementor-button-link elementor-size-xl\" href=\"https:\/\/institutosantosdumont.org.br\/es\/serie-isd-contra-a-covid-19-perguntas-e-respostas\/\">\n\t\t\t\t\t\t<span class=\"elementor-button-content-wrapper\">\n\t\t\t\t\t\t\t\t\t<span class=\"elementor-button-text\">Preguntas y respuestas sobre la pandemia, en la serie ISD contra el Covid-19<\/span>\n\t\t\t\t\t<\/span>\n\t\t\t\t\t<\/a>\n\t\t\t\t<\/div>\n\t\t\t\t\t\t\t\t<\/div>\n\t\t\t\t<\/div>\n\t\t\t\t<div class=\"elementor-element elementor-element-847401e elementor-button-success elementor-align-center elementor-widget elementor-widget-button\" data-id=\"847401e\" data-element_type=\"widget\" data-widget_type=\"button.default\">\n\t\t\t\t<div class=\"elementor-widget-container\">\n\t\t\t\t\t\t\t\t\t<div class=\"elementor-button-wrapper\">\n\t\t\t\t\t<a class=\"elementor-button elementor-button-link elementor-size-xl\" href=\"https:\/\/institutosantosdumont.org.br\/es\/2020\/05\/19\/covid-19-e-autismo-cartilha-traz-brincadeiras-e-dicas-para-quarentena\/\">\n\t\t\t\t\t\t<span class=\"elementor-button-content-wrapper\">\n\t\t\t\t\t\t\t\t\t<span class=\"elementor-button-text\">Folleto de apoyo para ni\u00f1os con autismo en el contexto del nuevo coronavirus y Covid-19<\/span>\n\t\t\t\t\t<\/span>\n\t\t\t\t\t<\/a>\n\t\t\t\t<\/div>\n\t\t\t\t\t\t\t\t<\/div>\n\t\t\t\t<\/div>\n\t\t\t\t<div class=\"elementor-element elementor-element-9fa50c3 elementor-button-success elementor-align-center elementor-widget elementor-widget-button\" data-id=\"9fa50c3\" data-element_type=\"widget\" data-widget_type=\"button.default\">\n\t\t\t\t<div class=\"elementor-widget-container\">\n\t\t\t\t\t\t\t\t\t<div class=\"elementor-button-wrapper\">\n\t\t\t\t\t<a class=\"elementor-button elementor-button-link elementor-size-xl\" href=\"https:\/\/institutosantosdumont.org.br\/es\/2020\/05\/08\/coronavirus-informativos-explicam-auxilio-emergencial-e-mudancas-no-acesso-a-servicos\/\">\n\t\t\t\t\t\t<span class=\"elementor-button-content-wrapper\">\n\t\t\t\t\t\t\t\t\t<span class=\"elementor-button-text\">La informaci\u00f3n explica la ayuda de emergencia y los cambios en el acceso a los servicios.<\/span>\n\t\t\t\t\t<\/span>\n\t\t\t\t\t<\/a>\n\t\t\t\t<\/div>\n\t\t\t\t\t\t\t\t<\/div>\n\t\t\t\t<\/div>\n\t\t\t\t<div class=\"elementor-element elementor-element-cc186be elementor-align-center elementor-button-success elementor-widget elementor-widget-button\" data-id=\"cc186be\" data-element_type=\"widget\" data-widget_type=\"button.default\">\n\t\t\t\t<div class=\"elementor-widget-container\">\n\t\t\t\t\t\t\t\t\t<div class=\"elementor-button-wrapper\">\n\t\t\t\t\t<a class=\"elementor-button elementor-button-link elementor-size-xl\" href=\"https:\/\/institutosantosdumont.org.br\/es\/videos-isd-covid-19\/\">\n\t\t\t\t\t\t<span class=\"elementor-button-content-wrapper\">\n\t\t\t\t\t\t\t\t\t<span class=\"elementor-button-text\">V\u00eddeos<\/span>\n\t\t\t\t\t<\/span>\n\t\t\t\t\t<\/a>\n\t\t\t\t<\/div>\n\t\t\t\t\t\t\t\t<\/div>\n\t\t\t\t<\/div>\n\t\t\t\t\t<\/div>\n\t\t<\/div>\n\t\t\t\t\t<\/div>\n\t\t<\/section>\n\t\t\t\t<\/div>","protected":false},"excerpt":{"rendered":"<p>No que se refere \u00e0s a\u00e7\u00f5es de Educa\u00e7\u00e3o Permanente em Sa\u00fade relacionadas ao novo coronav\u00edrus, o ISD tem concentrado esfor\u00e7os para atender \u00e0s demandas da sociedade, especialmente de pacientes que atende em suas diversas cl\u00ednicas, bem como dos servi\u00e7os de aten\u00e7\u00e3o \u00e0 sa\u00fade materno-infantil do Rio Grande do Norte, incluindo as maternidades de refer\u00eancia. Por [&hellip;]<\/p>","protected":false},"author":10,"featured_media":0,"parent":0,"menu_order":0,"comment_status":"closed","ping_status":"closed","template":"template-page.php","meta":{"_acf_changed":false,"footnotes":""},"class_list":["post-18593","page","type-page","status-publish","hentry"],"acf":[],"_links":{"self":[{"href":"https:\/\/institutosantosdumont.org.br\/es\/wp-json\/wp\/v2\/pages\/18593","targetHints":{"allow":["GET"]}}],"collection":[{"href":"https:\/\/institutosantosdumont.org.br\/es\/wp-json\/wp\/v2\/pages"}],"about":[{"href":"https:\/\/institutosantosdumont.org.br\/es\/wp-json\/wp\/v2\/types\/page"}],"author":[{"embeddable":true,"href":"https:\/\/institutosantosdumont.org.br\/es\/wp-json\/wp\/v2\/users\/10"}],"replies":[{"embeddable":true,"href":"https:\/\/institutosantosdumont.org.br\/es\/wp-json\/wp\/v2\/comments?post=18593"}],"version-history":[{"count":0,"href":"https:\/\/institutosantosdumont.org.br\/es\/wp-json\/wp\/v2\/pages\/18593\/revisions"}],"wp:attachment":[{"href":"https:\/\/institutosantosdumont.org.br\/es\/wp-json\/wp\/v2\/media?parent=18593"}],"curies":[{"name":"wp","href":"https:\/\/api.w.org\/{rel}","templated":true}]}}