{"id":18604,"date":"2020-04-28T10:18:34","date_gmt":"2020-04-28T13:18:34","guid":{"rendered":"http:\/\/www.institutosantosdumont.org.br\/?page_id=18604"},"modified":"2020-04-28T18:36:18","modified_gmt":"2020-04-28T21:36:18","slug":"ilustracoes-covid-19","status":"publish","type":"page","link":"https:\/\/institutosantosdumont.org.br\/es\/ilustracoes-covid-19\/","title":{"rendered":"Ilustraciones del ISD: Covid-19"},"content":{"rendered":"<div data-elementor-type=\"wp-post\" data-elementor-id=\"18604\" class=\"elementor elementor-18604\" data-elementor-post-type=\"page\">\n\t\t\t\t\t\t<section class=\"elementor-section elementor-top-section elementor-element elementor-element-e644e4f elementor-section-boxed elementor-section-height-default elementor-section-height-default\" data-id=\"e644e4f\" data-element_type=\"section\">\n\t\t\t\t\t\t<div class=\"elementor-container elementor-column-gap-default\">\n\t\t\t\t\t<div class=\"elementor-column elementor-col-100 elementor-top-column elementor-element elementor-element-a42d619\" data-id=\"a42d619\" data-element_type=\"column\">\n\t\t\t<div class=\"elementor-widget-wrap elementor-element-populated\">\n\t\t\t\t\t\t<div class=\"elementor-element elementor-element-5943923 elementor-position-top elementor-widget elementor-widget-image-box\" data-id=\"5943923\" data-element_type=\"widget\" data-widget_type=\"image-box.default\">\n\t\t\t\t<div class=\"elementor-widget-container\">\n\t\t\t\t\t<div class=\"elementor-image-box-wrapper\"><figure class=\"elementor-image-box-img\"><img fetchpriority=\"high\" decoding=\"async\" width=\"1200\" height=\"675\" src=\"https:\/\/institutosantosdumont.org.br\/wp-content\/uploads\/2020\/03\/capa-site-ilustra\u00e7\u00f5es-coronavirus.jpg\" class=\"attachment-full size-full wp-image-18423\" alt=\"\" srcset=\"https:\/\/institutosantosdumont.org.br\/wp-content\/uploads\/2020\/03\/capa-site-ilustra\u00e7\u00f5es-coronavirus.jpg 1200w, https:\/\/institutosantosdumont.org.br\/wp-content\/uploads\/2020\/03\/capa-site-ilustra\u00e7\u00f5es-coronavirus-300x169.jpg 300w, https:\/\/institutosantosdumont.org.br\/wp-content\/uploads\/2020\/03\/capa-site-ilustra\u00e7\u00f5es-coronavirus-768x432.jpg 768w, https:\/\/institutosantosdumont.org.br\/wp-content\/uploads\/2020\/03\/capa-site-ilustra\u00e7\u00f5es-coronavirus-1024x576.jpg 1024w\" sizes=\"(max-width: 1200px) 100vw, 1200px\" \/><\/figure><div class=\"elementor-image-box-content\"><h3 class=\"elementor-image-box-title\">Mujeres embarazadas x Covid-19<\/h3><p class=\"elementor-image-box-description\">Ante la grave situaci\u00f3n de la pandemia del nuevo coronavirus que enfrenta Brasil y el mundo, el Instituto Santos Dumont (ISD), Organizaci\u00f3n Social financiada por el Ministerio de Educaci\u00f3n (MEC), lanza una serie de publicaciones para orientaci\u00f3n en casos de sospecha y confirmaci\u00f3n de la enfermedad en uno de sus p\u00fablicos prioritarios: las mujeres embarazadas. El contenido se dividi\u00f3 en 3 ilustraciones y presenta respuestas a las 10 preguntas identificadas como las m\u00e1s comunes sobre el embarazo y la lactancia materna en el contexto de la Covid-19, una propuesta de diagrama de flujo para la atenci\u00f3n ambulatoria de los casos y una lista de verificaci\u00f3n para los profesionales de la salud en el \u00e1rea de hospitalizaci\u00f3n.\n\n<\/p><\/div><\/div>\t\t\t\t<\/div>\n\t\t\t\t<\/div>\n\t\t\t\t<div class=\"elementor-element elementor-element-6a87418 elementor-align-center elementor-button-success elementor-widget elementor-widget-button\" data-id=\"6a87418\" data-element_type=\"widget\" data-widget_type=\"button.default\">\n\t\t\t\t<div class=\"elementor-widget-container\">\n\t\t\t\t\t\t\t\t\t<div class=\"elementor-button-wrapper\">\n\t\t\t\t\t<a class=\"elementor-button elementor-button-link elementor-size-sm\" href=\"https:\/\/institutosantosdumont.org.br\/es\/2020\/03\/27\/coronavirus-isd-responde-10-duvidas-e-traz-ilustracoes-para-orientar-atendimento-de-gravidas\/\">\n\t\t\t\t\t\t<span class=\"elementor-button-content-wrapper\">\n\t\t\t\t\t\t\t\t\t<span class=\"elementor-button-text\">Haga clic para leer m\u00e1s y descargar<\/span>\n\t\t\t\t\t<\/span>\n\t\t\t\t\t<\/a>\n\t\t\t\t<\/div>\n\t\t\t\t\t\t\t\t<\/div>\n\t\t\t\t<\/div>\n\t\t\t\t\t<\/div>\n\t\t<\/div>\n\t\t\t\t\t<\/div>\n\t\t<\/section>\n\t\t\t\t<\/div>","protected":false},"excerpt":{"rendered":"<p>Mulheres gr\u00e1vidas x Covid-19 Diante do grave quadro de pandemia do novo coronav\u00edrus que o Brasil e o mundo enfrentam, o Instituto Santos Dumont (ISD), Organiza\u00e7\u00e3o Social financiada pelo Minist\u00e9rio da Educa\u00e7\u00e3o (MEC), divulga uma s\u00e9rie de publica\u00e7\u00f5es para orienta\u00e7\u00e3o em casos de suspeita e confirma\u00e7\u00e3o da doen\u00e7a em um dos seus p\u00fablicos priorit\u00e1rios: As [&hellip;]<\/p>","protected":false},"author":10,"featured_media":0,"parent":0,"menu_order":0,"comment_status":"closed","ping_status":"closed","template":"template-page.php","meta":{"_acf_changed":false,"footnotes":""},"class_list":["post-18604","page","type-page","status-publish","hentry"],"acf":[],"_links":{"self":[{"href":"https:\/\/institutosantosdumont.org.br\/es\/wp-json\/wp\/v2\/pages\/18604","targetHints":{"allow":["GET"]}}],"collection":[{"href":"https:\/\/institutosantosdumont.org.br\/es\/wp-json\/wp\/v2\/pages"}],"about":[{"href":"https:\/\/institutosantosdumont.org.br\/es\/wp-json\/wp\/v2\/types\/page"}],"author":[{"embeddable":true,"href":"https:\/\/institutosantosdumont.org.br\/es\/wp-json\/wp\/v2\/users\/10"}],"replies":[{"embeddable":true,"href":"https:\/\/institutosantosdumont.org.br\/es\/wp-json\/wp\/v2\/comments?post=18604"}],"version-history":[{"count":0,"href":"https:\/\/institutosantosdumont.org.br\/es\/wp-json\/wp\/v2\/pages\/18604\/revisions"}],"wp:attachment":[{"href":"https:\/\/institutosantosdumont.org.br\/es\/wp-json\/wp\/v2\/media?parent=18604"}],"curies":[{"name":"wp","href":"https:\/\/api.w.org\/{rel}","templated":true}]}}