{"id":18609,"date":"2020-04-28T10:32:00","date_gmt":"2020-04-28T13:32:00","guid":{"rendered":"http:\/\/www.institutosantosdumont.org.br\/?page_id=18609"},"modified":"2020-06-17T09:13:36","modified_gmt":"2020-06-17T12:13:36","slug":"videos-isd-covid-19","status":"publish","type":"page","link":"https:\/\/institutosantosdumont.org.br\/es\/videos-isd-covid-19\/","title":{"rendered":"V\u00eddeos del Distrito Escolar Independiente: Covid-19"},"content":{"rendered":"<div data-elementor-type=\"wp-post\" data-elementor-id=\"18609\" class=\"elementor elementor-18609\" data-elementor-post-type=\"page\">\n\t\t\t\t\t\t<section class=\"elementor-section elementor-top-section elementor-element elementor-element-88ab148 elementor-section-boxed elementor-section-height-default elementor-section-height-default\" data-id=\"88ab148\" data-element_type=\"section\">\n\t\t\t\t\t\t<div class=\"elementor-container elementor-column-gap-default\">\n\t\t\t\t\t<div class=\"elementor-column elementor-col-100 elementor-top-column elementor-element elementor-element-d16a622\" data-id=\"d16a622\" data-element_type=\"column\">\n\t\t\t<div class=\"elementor-widget-wrap elementor-element-populated\">\n\t\t\t\t\t\t<div class=\"elementor-element elementor-element-9bc7e38 elementor-skin-carousel elementor-arrows-yes elementor-pagination-type-bullets elementor-pagination-position-outside elementor-widget elementor-widget-media-carousel\" data-id=\"9bc7e38\" data-element_type=\"widget\" data-settings=\"{&quot;skin&quot;:&quot;carousel&quot;,&quot;effect&quot;:&quot;slide&quot;,&quot;show_arrows&quot;:&quot;yes&quot;,&quot;pagination&quot;:&quot;bullets&quot;,&quot;speed&quot;:500,&quot;autoplay&quot;:&quot;yes&quot;,&quot;autoplay_speed&quot;:5000,&quot;loop&quot;:&quot;yes&quot;,&quot;pause_on_hover&quot;:&quot;yes&quot;,&quot;pause_on_interaction&quot;:&quot;yes&quot;,&quot;space_between&quot;:{&quot;unit&quot;:&quot;px&quot;,&quot;size&quot;:10,&quot;sizes&quot;:[]},&quot;space_between_tablet&quot;:{&quot;unit&quot;:&quot;px&quot;,&quot;size&quot;:10,&quot;sizes&quot;:[]},&quot;space_between_mobile&quot;:{&quot;unit&quot;:&quot;px&quot;,&quot;size&quot;:10,&quot;sizes&quot;:[]}}\" data-widget_type=\"media-carousel.default\">\n\t\t\t\t<div class=\"elementor-widget-container\">\n\t\t\t\t\t\t\t\t\t<div class=\"elementor-swiper\">\n\t\t\t\t\t<div class=\"elementor-main-swiper swiper\" role=\"region\" aria-roledescription=\"carousel\" aria-label=\"Diapositivas\" data-no-translation-aria-label=\"\">\n\t\t\t\t<div class=\"swiper-wrapper\">\n\t\t\t\t\t\t\t\t\t\t\t<div class=\"swiper-slide\" role=\"group\" aria-roledescription=\"slide\">\n\t\t\t\t\t\t\t<a href=\"https:\/\/institutosantosdumont.org.br\/wp-content\/uploads\/2020\/04\/capa-site-dificuldades-respiratorias-covid.jpg\" data-elementor-open-lightbox=\"yes\" data-elementor-lightbox-slideshow=\"9bc7e38\" data-elementor-lightbox-title=\"capa site - dificuldades respiratorias covid\" data-e-action-hash=\"#elementor-action%3Aaction%3Dlightbox%26settings%3DeyJpZCI6MTg1MTksInVybCI6Imh0dHBzOlwvXC9pbnN0aXR1dG9zYW50b3NkdW1vbnQub3JnLmJyXC93cC1jb250ZW50XC91cGxvYWRzXC8yMDIwXC8wNFwvY2FwYS1zaXRlLWRpZmljdWxkYWRlcy1yZXNwaXJhdG9yaWFzLWNvdmlkLmpwZyIsInNsaWRlc2hvdyI6IjliYzdlMzgifQ%3D%3D\" data-elementor-lightbox-video=\"https:\/\/www.youtube.com\/embed\/_qNpDqWH_hM?feature=oembed&amp;autoplay=1&amp;rel=0&amp;controls=0\">\t\t<div class=\"elementor-carousel-image\" role=\"img\" aria-label=\"capa site - dificuldades respiratorias covid\" style=\"background-image: url(&#039;https:\/\/institutosantosdumont.org.br\/wp-content\/uploads\/2020\/04\/capa-site-dificuldades-respiratorias-covid.jpg&#039;)\">\n\n\t\t\t\n\t\t\t\t\t\t\t<div class=\"elementor-custom-embed-play\">\n\t\t\t\t\t<i aria-hidden=\"true\" class=\"eicon-play\"><\/i>\t\t\t\t\t<span class=\"elementor-screen-only\" data-no-translation=\"\" data-trp-gettext=\"\">Jugar<\/span>\n\t\t\t\t<\/div>\n\t\t\t\t\t<\/div>\n\t\t<\/a>\t\t\t\t\t\t<\/div>\n\t\t\t\t\t\t\t\t\t\t\t<div class=\"swiper-slide\" role=\"group\" aria-roledescription=\"slide\">\n\t\t\t\t\t\t\t<a href=\"https:\/\/institutosantosdumont.org.br\/wp-content\/uploads\/2020\/06\/Psic\u00f3loga-do-ISD-refor\u00e7a-necessidade-de-auto-cuidado-na-pandemia.png\" data-elementor-open-lightbox=\"yes\" data-elementor-lightbox-slideshow=\"9bc7e38\" data-elementor-lightbox-title=\"Psic\u00f3loga do ISD refor\u00e7a necessidade de auto-cuidado na pandemia\" data-e-action-hash=\"#elementor-action%3Aaction%3Dlightbox%26settings%3DeyJpZCI6MTkzNzcsInVybCI6Imh0dHBzOlwvXC9pbnN0aXR1dG9zYW50b3NkdW1vbnQub3JnLmJyXC93cC1jb250ZW50XC91cGxvYWRzXC8yMDIwXC8wNlwvUHNpY1x1MDBmM2xvZ2EtZG8tSVNELXJlZm9yXHUwMGU3YS1uZWNlc3NpZGFkZS1kZS1hdXRvLWN1aWRhZG8tbmEtcGFuZGVtaWEucG5nIiwic2xpZGVzaG93IjoiOWJjN2UzOCJ9\" data-elementor-lightbox-video=\"https:\/\/www.youtube.com\/embed\/LV66-4B_Nwg?feature=oembed&amp;autoplay=1&amp;rel=0&amp;controls=0\">\t\t<div class=\"elementor-carousel-image\" role=\"img\" aria-label=\"Psic\u00f3loga do ISD refor\u00e7a necessidade de auto-cuidado na pandemia\" style=\"background-image: url(&#039;https:\/\/institutosantosdumont.org.br\/wp-content\/uploads\/2020\/06\/Psic\u00f3loga-do-ISD-refor\u00e7a-necessidade-de-auto-cuidado-na-pandemia.png&#039;)\">\n\n\t\t\t\n\t\t\t\t\t\t\t<div class=\"elementor-custom-embed-play\">\n\t\t\t\t\t<i aria-hidden=\"true\" class=\"eicon-play\"><\/i>\t\t\t\t\t<span class=\"elementor-screen-only\" data-no-translation=\"\" data-trp-gettext=\"\">Jugar<\/span>\n\t\t\t\t<\/div>\n\t\t\t\t\t<\/div>\n\t\t<\/a>\t\t\t\t\t\t<\/div>\n\t\t\t\t\t\t\t\t\t\t\t<div class=\"swiper-slide\" role=\"group\" aria-roledescription=\"slide\">\n\t\t\t\t\t\t\t<a href=\"https:\/\/institutosantosdumont.org.br\/wp-content\/uploads\/2020\/06\/V\u00eddeo-ensina-a-higienizar-\u00f3rteses-pr\u00f3teses-e-outros-dispositivos-_still.png\" data-elementor-open-lightbox=\"yes\" data-elementor-lightbox-slideshow=\"9bc7e38\" data-elementor-lightbox-title=\"V\u00eddeo ensina a higienizar \u00f3rteses, pr\u00f3teses e outros dispositivos _still\" data-e-action-hash=\"#elementor-action%3Aaction%3Dlightbox%26settings%3DeyJpZCI6MTkzMDQsInVybCI6Imh0dHBzOlwvXC9pbnN0aXR1dG9zYW50b3NkdW1vbnQub3JnLmJyXC93cC1jb250ZW50XC91cGxvYWRzXC8yMDIwXC8wNlwvVlx1MDBlZGRlby1lbnNpbmEtYS1oaWdpZW5pemFyLVx1MDBmM3J0ZXNlcy1wclx1MDBmM3Rlc2VzLWUtb3V0cm9zLWRpc3Bvc2l0aXZvcy1fc3RpbGwucG5nIiwic2xpZGVzaG93IjoiOWJjN2UzOCJ9\" data-elementor-lightbox-video=\"https:\/\/www.youtube.com\/embed\/a1kWq47kDC0?feature=oembed&amp;autoplay=1&amp;rel=0&amp;controls=0\">\t\t<div class=\"elementor-carousel-image\" role=\"img\" aria-label=\"V\u00eddeo ensina a higienizar \u00f3rteses, pr\u00f3teses e outros dispositivos _still\" style=\"background-image: url(&#039;https:\/\/institutosantosdumont.org.br\/wp-content\/uploads\/2020\/06\/V\u00eddeo-ensina-a-higienizar-\u00f3rteses-pr\u00f3teses-e-outros-dispositivos-_still.png&#039;)\">\n\n\t\t\t\n\t\t\t\t\t\t\t<div class=\"elementor-custom-embed-play\">\n\t\t\t\t\t<i aria-hidden=\"true\" class=\"eicon-play\"><\/i>\t\t\t\t\t<span class=\"elementor-screen-only\" data-no-translation=\"\" data-trp-gettext=\"\">Jugar<\/span>\n\t\t\t\t<\/div>\n\t\t\t\t\t<\/div>\n\t\t<\/a>\t\t\t\t\t\t<\/div>\n\t\t\t\t\t\t\t\t\t\t\t<div class=\"swiper-slide\" role=\"group\" aria-roledescription=\"slide\">\n\t\t\t\t\t\t\t<a href=\"https:\/\/institutosantosdumont.org.br\/wp-content\/uploads\/2020\/05\/Coronav\u00edrus_os-riscos-e-cuidados-com-o-uso-de-fones-de-ouvido_thumbnail.jpg\" data-elementor-open-lightbox=\"yes\" data-elementor-lightbox-slideshow=\"9bc7e38\" data-elementor-lightbox-title=\"Coronav\u00edrus_os riscos e cuidados com o uso de fones de ouvido_thumbnail\" data-e-action-hash=\"#elementor-action%3Aaction%3Dlightbox%26settings%3DeyJpZCI6MTkxOTgsInVybCI6Imh0dHBzOlwvXC9pbnN0aXR1dG9zYW50b3NkdW1vbnQub3JnLmJyXC93cC1jb250ZW50XC91cGxvYWRzXC8yMDIwXC8wNVwvQ29yb25hdlx1MDBlZHJ1c19vcy1yaXNjb3MtZS1jdWlkYWRvcy1jb20tby11c28tZGUtZm9uZXMtZGUtb3V2aWRvX3RodW1ibmFpbC5qcGciLCJzbGlkZXNob3ciOiI5YmM3ZTM4In0%3D\" data-elementor-lightbox-video=\"https:\/\/www.youtube.com\/embed\/rNJoYyYxfp8?feature=oembed&amp;autoplay=1&amp;rel=0&amp;controls=0\">\t\t<div class=\"elementor-carousel-image\" role=\"img\" aria-label=\"Coronav\u00edrus_os riscos e cuidados com o uso de fones de ouvido_thumbnail\" style=\"background-image: url(&#039;https:\/\/institutosantosdumont.org.br\/wp-content\/uploads\/2020\/05\/Coronav\u00edrus_os-riscos-e-cuidados-com-o-uso-de-fones-de-ouvido_thumbnail.jpg&#039;)\">\n\n\t\t\t\n\t\t\t\t\t\t\t<div class=\"elementor-custom-embed-play\">\n\t\t\t\t\t<i aria-hidden=\"true\" class=\"eicon-play\"><\/i>\t\t\t\t\t<span class=\"elementor-screen-only\" data-no-translation=\"\" data-trp-gettext=\"\">Jugar<\/span>\n\t\t\t\t<\/div>\n\t\t\t\t\t<\/div>\n\t\t<\/a>\t\t\t\t\t\t<\/div>\n\t\t\t\t\t\t\t\t\t\t\t<div class=\"swiper-slide\" role=\"group\" aria-roledescription=\"slide\">\n\t\t\t\t\t\t\t<a href=\"https:\/\/institutosantosdumont.org.br\/wp-content\/uploads\/2020\/06\/Coronav\u00edrus_higieniza\u00e7\u00e3o-de-alimentos-e-embalagens-ajuda-na-preven\u00e7\u00e3o.png\" data-elementor-open-lightbox=\"yes\" data-elementor-lightbox-slideshow=\"9bc7e38\" data-elementor-lightbox-title=\"Coronav\u00edrus_higieniza\u00e7\u00e3o de alimentos e embalagens ajuda na preven\u00e7\u00e3o\" data-e-action-hash=\"#elementor-action%3Aaction%3Dlightbox%26settings%3DeyJpZCI6MTkzMDgsInVybCI6Imh0dHBzOlwvXC9pbnN0aXR1dG9zYW50b3NkdW1vbnQub3JnLmJyXC93cC1jb250ZW50XC91cGxvYWRzXC8yMDIwXC8wNlwvQ29yb25hdlx1MDBlZHJ1c19oaWdpZW5pemFcdTAwZTdcdTAwZTNvLWRlLWFsaW1lbnRvcy1lLWVtYmFsYWdlbnMtYWp1ZGEtbmEtcHJldmVuXHUwMGU3XHUwMGUzby5wbmciLCJzbGlkZXNob3ciOiI5YmM3ZTM4In0%3D\" data-elementor-lightbox-video=\"https:\/\/www.youtube.com\/embed\/AwkBqBcS7iw?feature=oembed&amp;autoplay=1&amp;rel=0&amp;controls=0\">\t\t<div class=\"elementor-carousel-image\" role=\"img\" aria-label=\"Coronav\u00edrus_higieniza\u00e7\u00e3o de alimentos e embalagens ajuda na preven\u00e7\u00e3o\" style=\"background-image: url(&#039;https:\/\/institutosantosdumont.org.br\/wp-content\/uploads\/2020\/06\/Coronav\u00edrus_higieniza\u00e7\u00e3o-de-alimentos-e-embalagens-ajuda-na-preven\u00e7\u00e3o.png&#039;)\">\n\n\t\t\t\n\t\t\t\t\t\t\t<div class=\"elementor-custom-embed-play\">\n\t\t\t\t\t<i aria-hidden=\"true\" class=\"eicon-play\"><\/i>\t\t\t\t\t<span class=\"elementor-screen-only\" data-no-translation=\"\" data-trp-gettext=\"\">Jugar<\/span>\n\t\t\t\t<\/div>\n\t\t\t\t\t<\/div>\n\t\t<\/a>\t\t\t\t\t\t<\/div>\n\t\t\t\t\t\t\t\t\t\t\t<div class=\"swiper-slide\" role=\"group\" aria-roledescription=\"slide\">\n\t\t\t\t\t\t\t<a href=\"https:\/\/institutosantosdumont.org.br\/wp-content\/uploads\/2020\/06\/Coronav\u00edrus_como-limpar-aparelhos-auditivos.png\" data-elementor-open-lightbox=\"yes\" data-elementor-lightbox-slideshow=\"9bc7e38\" data-elementor-lightbox-title=\"Coronav\u00edrus_como limpar aparelhos auditivos\" data-e-action-hash=\"#elementor-action%3Aaction%3Dlightbox%26settings%3DeyJpZCI6MTkzNDMsInVybCI6Imh0dHBzOlwvXC9pbnN0aXR1dG9zYW50b3NkdW1vbnQub3JnLmJyXC93cC1jb250ZW50XC91cGxvYWRzXC8yMDIwXC8wNlwvQ29yb25hdlx1MDBlZHJ1c19jb21vLWxpbXBhci1hcGFyZWxob3MtYXVkaXRpdm9zLnBuZyIsInNsaWRlc2hvdyI6IjliYzdlMzgifQ%3D%3D\" data-elementor-lightbox-video=\"https:\/\/www.youtube.com\/embed\/mo81Oe1_U9Q?feature=oembed&amp;autoplay=1&amp;rel=0&amp;controls=0\">\t\t<div class=\"elementor-carousel-image\" role=\"img\" aria-label=\"Coronav\u00edrus_como limpar aparelhos auditivos\" style=\"background-image: url(&#039;https:\/\/institutosantosdumont.org.br\/wp-content\/uploads\/2020\/06\/Coronav\u00edrus_como-limpar-aparelhos-auditivos.png&#039;)\">\n\n\t\t\t\n\t\t\t\t\t\t\t<div class=\"elementor-custom-embed-play\">\n\t\t\t\t\t<i aria-hidden=\"true\" class=\"eicon-play\"><\/i>\t\t\t\t\t<span class=\"elementor-screen-only\" data-no-translation=\"\" data-trp-gettext=\"\">Jugar<\/span>\n\t\t\t\t<\/div>\n\t\t\t\t\t<\/div>\n\t\t<\/a>\t\t\t\t\t\t<\/div>\n\t\t\t\t\t\t\t\t\t\t\t<div class=\"swiper-slide\" role=\"group\" aria-roledescription=\"slide\">\n\t\t\t\t\t\t\t<a href=\"https:\/\/institutosantosdumont.org.br\/wp-content\/uploads\/2020\/06\/thumbnail_alimentos-que-ajudam-a-fortalecer-a-imunidade.png\" data-elementor-open-lightbox=\"yes\" data-elementor-lightbox-slideshow=\"9bc7e38\" data-elementor-lightbox-title=\"thumbnail_alimentos que ajudam a fortalecer a imunidade\" data-e-action-hash=\"#elementor-action%3Aaction%3Dlightbox%26settings%3DeyJpZCI6MTk1MDAsInVybCI6Imh0dHBzOlwvXC9pbnN0aXR1dG9zYW50b3NkdW1vbnQub3JnLmJyXC93cC1jb250ZW50XC91cGxvYWRzXC8yMDIwXC8wNlwvdGh1bWJuYWlsX2FsaW1lbnRvcy1xdWUtYWp1ZGFtLWEtZm9ydGFsZWNlci1hLWltdW5pZGFkZS5wbmciLCJzbGlkZXNob3ciOiI5YmM3ZTM4In0%3D\" data-elementor-lightbox-video=\"https:\/\/www.youtube.com\/embed\/gNIfTFjK7Yw?feature=oembed&amp;autoplay=1&amp;rel=0&amp;controls=0\">\t\t<div class=\"elementor-carousel-image\" role=\"img\" aria-label=\"thumbnail_alimentos que ajudam a fortalecer a imunidade\" style=\"background-image: url(&#039;https:\/\/institutosantosdumont.org.br\/wp-content\/uploads\/2020\/06\/thumbnail_alimentos-que-ajudam-a-fortalecer-a-imunidade.png&#039;)\">\n\n\t\t\t\n\t\t\t\t\t\t\t<div class=\"elementor-custom-embed-play\">\n\t\t\t\t\t<i aria-hidden=\"true\" class=\"eicon-play\"><\/i>\t\t\t\t\t<span class=\"elementor-screen-only\" data-no-translation=\"\" data-trp-gettext=\"\">Jugar<\/span>\n\t\t\t\t<\/div>\n\t\t\t\t\t<\/div>\n\t\t<\/a>\t\t\t\t\t\t<\/div>\n\t\t\t\t\t\t\t\t\t<\/div>\n\t\t\t\t\t\t\t\t\t\t\t\t\t\t\t<div class=\"elementor-swiper-button elementor-swiper-button-prev\" role=\"button\" tabindex=\"0\" aria-label=\"Anterior\" data-no-translation-aria-label=\"\">\n\t\t\t\t\t\t\t<i aria-hidden=\"true\" class=\"eicon-chevron-left\"><\/i>\t\t\t\t\t\t<\/div>\n\t\t\t\t\t\t<div class=\"elementor-swiper-button elementor-swiper-button-next\" role=\"button\" tabindex=\"0\" aria-label=\"Pr\u00f3ximo\" data-no-translation-aria-label=\"\">\n\t\t\t\t\t\t\t<i aria-hidden=\"true\" class=\"eicon-chevron-right\"><\/i>\t\t\t\t\t\t<\/div>\n\t\t\t\t\t\t\t\t\t\t\t\t\t\t\t\t<div class=\"swiper-pagination\"><\/div>\n\t\t\t\t\t\t\t\t\t\t\t\t<\/div>\n\t\t\t\t<\/div>\n\t\t\t\t\t\t\t\t<\/div>\n\t\t\t\t<\/div>\n\t\t\t\t\t<\/div>\n\t\t<\/div>\n\t\t\t\t\t<\/div>\n\t\t<\/section>\n\t\t\t\t<\/div>","protected":false},"excerpt":{"rendered":"","protected":false},"author":10,"featured_media":0,"parent":0,"menu_order":0,"comment_status":"closed","ping_status":"closed","template":"template-page.php","meta":{"_acf_changed":false,"footnotes":""},"class_list":["post-18609","page","type-page","status-publish","hentry"],"acf":[],"_links":{"self":[{"href":"https:\/\/institutosantosdumont.org.br\/es\/wp-json\/wp\/v2\/pages\/18609","targetHints":{"allow":["GET"]}}],"collection":[{"href":"https:\/\/institutosantosdumont.org.br\/es\/wp-json\/wp\/v2\/pages"}],"about":[{"href":"https:\/\/institutosantosdumont.org.br\/es\/wp-json\/wp\/v2\/types\/page"}],"author":[{"embeddable":true,"href":"https:\/\/institutosantosdumont.org.br\/es\/wp-json\/wp\/v2\/users\/10"}],"replies":[{"embeddable":true,"href":"https:\/\/institutosantosdumont.org.br\/es\/wp-json\/wp\/v2\/comments?post=18609"}],"version-history":[{"count":0,"href":"https:\/\/institutosantosdumont.org.br\/es\/wp-json\/wp\/v2\/pages\/18609\/revisions"}],"wp:attachment":[{"href":"https:\/\/institutosantosdumont.org.br\/es\/wp-json\/wp\/v2\/media?parent=18609"}],"curies":[{"name":"wp","href":"https:\/\/api.w.org\/{rel}","templated":true}]}}