{"id":20003,"date":"2020-11-04T16:50:23","date_gmt":"2020-11-04T19:50:23","guid":{"rendered":"http:\/\/www.institutosantosdumont.org.br\/?page_id=20003"},"modified":"2025-06-18T11:59:48","modified_gmt":"2025-06-18T14:59:48","slug":"sobre-o-cep-isd","status":"publish","type":"page","link":"https:\/\/institutosantosdumont.org.br\/es\/sobre-o-cep-isd\/","title":{"rendered":"Acerca de CEP\/ISD"},"content":{"rendered":"<div data-elementor-type=\"wp-post\" data-elementor-id=\"20003\" class=\"elementor elementor-20003\" data-elementor-post-type=\"page\">\n\t\t\t\t\t\t<section class=\"elementor-section elementor-top-section elementor-element elementor-element-e0c00f1 elementor-section-boxed elementor-section-height-default elementor-section-height-default\" data-id=\"e0c00f1\" data-element_type=\"section\">\n\t\t\t\t\t\t<div class=\"elementor-container elementor-column-gap-default\">\n\t\t\t\t\t<div class=\"elementor-column elementor-col-100 elementor-top-column elementor-element elementor-element-9c626d7\" data-id=\"9c626d7\" data-element_type=\"column\">\n\t\t\t<div class=\"elementor-widget-wrap elementor-element-populated\">\n\t\t\t\t\t\t<div class=\"elementor-element elementor-element-2e3e70f elementor-widget elementor-widget-image\" data-id=\"2e3e70f\" data-element_type=\"widget\" data-widget_type=\"image.default\">\n\t\t\t\t<div class=\"elementor-widget-container\">\n\t\t\t\t\t\t\t\t\t\t\t\t\t\t\t<img fetchpriority=\"high\" decoding=\"async\" width=\"768\" height=\"512\" src=\"https:\/\/institutosantosdumont.org.br\/wp-content\/uploads\/2020\/10\/IINELS-Lab-Microscopia-Confocal-2019-Foto-Ariane-Mondo-Ascom-ISD-768x512.jpg\" class=\"attachment-medium_large size-medium_large wp-image-20089\" alt=\"\" srcset=\"https:\/\/institutosantosdumont.org.br\/wp-content\/uploads\/2020\/10\/IINELS-Lab-Microscopia-Confocal-2019-Foto-Ariane-Mondo-Ascom-ISD-768x512.jpg 768w, https:\/\/institutosantosdumont.org.br\/wp-content\/uploads\/2020\/10\/IINELS-Lab-Microscopia-Confocal-2019-Foto-Ariane-Mondo-Ascom-ISD-300x200.jpg 300w, https:\/\/institutosantosdumont.org.br\/wp-content\/uploads\/2020\/10\/IINELS-Lab-Microscopia-Confocal-2019-Foto-Ariane-Mondo-Ascom-ISD-1024x683.jpg 1024w, https:\/\/institutosantosdumont.org.br\/wp-content\/uploads\/2020\/10\/IINELS-Lab-Microscopia-Confocal-2019-Foto-Ariane-Mondo-Ascom-ISD-e1604676606430.jpg 1200w\" sizes=\"(max-width: 768px) 100vw, 768px\" \/>\t\t\t\t\t\t\t\t\t\t\t\t\t\t\t<\/div>\n\t\t\t\t<\/div>\n\t\t\t\t<div class=\"elementor-element elementor-element-399e008 elementor-widget elementor-widget-text-editor\" data-id=\"399e008\" data-element_type=\"widget\" data-widget_type=\"text-editor.default\">\n\t\t\t\t<div class=\"elementor-widget-container\">\n\t\t\t\t\t\t\t\t\t<h6><span style=\"font-weight: 400;\">El Comit\u00e9 de \u00c9tica en Investigaci\u00f3n del Instituto de Docencia e Investigaci\u00f3n Alberto Santos Dumont (CEP\/ISD) fue creado el 3 de febrero de 2020 y registrado por la Comisi\u00f3n <\/span><span style=\"font-weight: 400;\">Comit\u00e9 Nacional de \u00c9tica en Investigaci\u00f3n \u2013 CONEP el 28 de septiembre de 2020, bajo el n\u00famero 10147.<\/span><\/h6><h6>El CEP es un \u00f3rgano deliberativo, consultivo y educativo, formado por un grupo interdisciplinario e independiente, con el objetivo de evaluar \u00e9ticamente la investigaci\u00f3n con seres humanos en el ISD y en instituciones afines, especialmente en las unidades del Instituto.<\/h6><h6>El Comit\u00e9 trabaja para proteger la integridad y dignidad de los participantes de la investigaci\u00f3n, buscando establecer pautas \u00e9ticas para la investigaci\u00f3n en el \u00e1rea de la salud.<\/h6><h6>Los miembros del CEP\/ISD act\u00faan de forma voluntaria e independiente, siempre en defensa de los participantes y en favor del desarrollo \u00e9tico de la investigaci\u00f3n en las instituciones asociadas.<\/h6><h6><span style=\"font-weight: 400;\">El mandato de <a href=\"https:\/\/institutosantosdumont.org.br\/wp-content\/uploads\/2020\/10\/MEMBROS.docx\">Miembros del comit\u00e9<\/a> es de tres a\u00f1os, permiti\u00e9ndose renovaci\u00f3n.\u00a0<\/span><\/h6><h3><strong>Env\u00edo de proyectos para revisi\u00f3n<\/strong><\/h3><p><span style=\"font-weight: 400;\">Los proyectos de investigaci\u00f3n que involucren a seres humanos, directa e indirectamente, deber\u00e1n presentarse a este Comit\u00e9 a trav\u00e9s de <a href=\"https:\/\/plataformabrasil.saude.gov.br\/login.jsf\" target=\"_blank\" rel=\"noopener noreferrer nofollow\">Plataforma Brasil<\/a>, <\/span><span style=\"font-weight: 400;\">de conformidad con la Resoluci\u00f3n del Consejo Nacional de Salud (CNS) N\u00b0 466, de 12 de diciembre de 2012, y <\/span><i><span style=\"font-weight: 400;\">Resoluci\u00f3n No. 510,<\/span><\/i><span style=\"font-weight: 400;\"> 7 de abril de 2016.<\/span><\/p><h4><strong><span style=\"color: #e77c0c;\">Siga los enlaces a continuaci\u00f3n para obtener m\u00e1s orientaci\u00f3n.<\/span><\/strong><\/h4><p><span style=\"text-decoration: underline;\"><strong><a href=\"https:\/\/youtu.be\/7HOX1IsMlUw?feature=shared\" target=\"_blank\" rel=\"noopener noreferrer nofollow\">Instrucciones para el registro de su usuario en la Plataforma Brasil<\/a><\/strong><\/span><\/p><p><a href=\"https:\/\/institutosantosdumont.org.br\/es\/plataforma-brasil\/\"><span style=\"text-decoration: underline;\"><strong>Acceso a la Plataforma de Brasil para Presentaci\u00f3n de Trabajos<\/strong><\/span><\/a><\/p><p><span style=\"text-decoration: underline;\"><strong><a href=\"https:\/\/institutosantosdumont.org.br\/es\/documentos-cep-isd\/\">Documentos OBLIGATORIOS para la presentaci\u00f3n del proyecto<\/a><\/strong><\/span><\/p><p><span style=\"text-decoration: underline;\"><strong><a href=\"https:\/\/institutosantosdumont.org.br\/es\/modulos-educativos\/\">M\u00f3dulos educativos (imprescindibles para miembros del CEP e investigadores)<\/a><\/strong><\/span><\/p><p><span style=\"text-decoration: underline;\"><strong><a href=\"https:\/\/institutosantosdumont.org.br\/es\/cronograma-cep-isd\/\">Horario del CEP<\/a><\/strong><\/span><\/p><p><span style=\"text-decoration: underline;\"><strong><a href=\"https:\/\/institutosantosdumont.org.br\/es\/orientacoes-conep\/\">Lineamientos del CONEP<\/a><\/strong><\/span><\/p><p><span style=\"text-decoration: underline;\"><strong><a href=\"https:\/\/institutosantosdumont.org.br\/es\/membros-cep-isd\/\">Miembros del CEP\/ISD<\/a><\/strong><\/span><\/p><p><span style=\"font-weight: 400;\">Entre los proyectos que no necesitan ser evaluados por el Comit\u00e9 se encuentran: encuestas de opini\u00f3n p\u00fablica con participantes no identificados, encuestas censales y encuestas que utilizan datos de dominio p\u00fablico (de conformidad con el art\u00edculo 1 de la Res 510\/16 CNS).<\/span><\/p><p><span style=\"font-weight: bolder;\">Reuniones<\/span><\/p><p>Las reuniones del CEP\/ISD se llevan a cabo dos veces al mes. El horario est\u00e1 disponible en los enlaces de arriba. Haga clic aqu\u00ed.\u00a0<span style=\"text-decoration: underline;\"><span style=\"color: #0000ff;\"><a style=\"color: #0000ff; text-decoration: underline;\" href=\"https:\/\/institutosantosdumont.org.br\/wp-content\/uploads\/2020\/10\/Regimento-Interno-CEP-ISD.pdf\">aqu\u00ed<\/a><\/span><\/span>\u00a0para ver el\u00a0<a href=\"https:\/\/institutosantosdumont.org.br\/wp-content\/uploads\/2020\/10\/Regimento-Interno-CEP-ISD.pdf\">Reglamento Interno del Comit\u00e9<\/a>.<\/p>\t\t\t\t\t\t\t\t<\/div>\n\t\t\t\t<\/div>\n\t\t\t\t<div class=\"elementor-element elementor-element-383c0d1 elementor-widget-divider--view-line elementor-widget elementor-widget-divider\" data-id=\"383c0d1\" data-element_type=\"widget\" data-widget_type=\"divider.default\">\n\t\t\t\t<div class=\"elementor-widget-container\">\n\t\t\t\t\t\t\t<div class=\"elementor-divider\">\n\t\t\t<span class=\"elementor-divider-separator\">\n\t\t\t\t\t\t<\/span>\n\t\t<\/div>\n\t\t\t\t\t\t<\/div>\n\t\t\t\t<\/div>\n\t\t\t\t<div class=\"elementor-element elementor-element-650e9e0 elementor-widget elementor-widget-text-editor\" data-id=\"650e9e0\" data-element_type=\"widget\" data-widget_type=\"text-editor.default\">\n\t\t\t\t<div class=\"elementor-widget-container\">\n\t\t\t\t\t\t\t\t\t<p><a href=\"https:\/\/institutosantosdumont.org.br\/es\/contatos-cep-isd\/\"><strong>CONTACTO<\/strong><\/a><br \/>Tel\u00e9fono celular: (84) 9131-4360<br \/>Correo electr\u00f3nico: cep@isd.org.br<\/p><p><strong>Horas<\/strong><br \/>Martes: 8 am a 12 pm<br \/>Viernes: 13:00 a 17:00 horas.<\/p><p><strong>Ubicaci\u00f3n<\/strong><br \/>Instituto de Docencia e Investigaci\u00f3n Alberto Santos Dumont<br \/>Av Santos Dumont, 1560. 2do piso, sala 24<br \/>C\u00f3digo postal: 59288-899<br \/>Maca\u00edba, R\u00edo Grande del Norte<\/p>\t\t\t\t\t\t\t\t<\/div>\n\t\t\t\t<\/div>\n\t\t\t\t\t<\/div>\n\t\t<\/div>\n\t\t\t\t\t<\/div>\n\t\t<\/section>\n\t\t\t\t<section class=\"elementor-section elementor-top-section elementor-element elementor-element-74077e0 elementor-section-boxed elementor-section-height-default elementor-section-height-default\" data-id=\"74077e0\" data-element_type=\"section\">\n\t\t\t\t\t\t<div class=\"elementor-container elementor-column-gap-default\">\n\t\t\t\t\t<div class=\"elementor-column elementor-col-100 elementor-top-column elementor-element elementor-element-ac110ea\" data-id=\"ac110ea\" data-element_type=\"column\">\n\t\t\t<div class=\"elementor-widget-wrap elementor-element-populated\">\n\t\t\t\t\t\t<div class=\"elementor-element elementor-element-891f078 elementor-widget elementor-widget-google_maps\" data-id=\"891f078\" data-element_type=\"widget\" data-widget_type=\"google_maps.default\">\n\t\t\t\t<div class=\"elementor-widget-container\">\n\t\t\t\t\t\t\t<div class=\"elementor-custom-embed\">\n\t\t\t<iframe loading=\"lazy\"\n\t\t\t\t\tsrc=\"https:\/\/maps.google.com\/maps?q=Instituto%20Internacional%20de%20Neuroci%C3%AAncias&#038;t=m&#038;z=9&#038;output=embed&#038;iwloc=near\"\n\t\t\t\t\ttitle=\"Instituto Internacional de Neurociencias\"\n\t\t\t\t\taria-label=\"Instituto Internacional de Neurociencias\"\n\t\t\t><\/iframe>\n\t\t<\/div>\n\t\t\t\t\t\t<\/div>\n\t\t\t\t<\/div>\n\t\t\t\t\t<\/div>\n\t\t<\/div>\n\t\t\t\t\t<\/div>\n\t\t<\/section>\n\t\t\t\t<\/div>","protected":false},"excerpt":{"rendered":"<p>El Comit\u00e9 de \u00c9tica en Investigaci\u00f3n del Instituto de Ense\u00f1anza e Investigaci\u00f3n Alberto Santos Dumont (CEP\/ISD) fue creado el 3 de febrero de 2020 y registrado por la Comisi\u00f3n Nacional de \u00c9tica en Investigaci\u00f3n \u2013 CONEP el 28 de septiembre de 2020, bajo el n\u00famero 10147. El CEP es un \u00f3rgano deliberativo, consultivo y educativo, formado [\u2026]<\/p>","protected":false},"author":10,"featured_media":0,"parent":0,"menu_order":0,"comment_status":"closed","ping_status":"closed","template":"","meta":{"_acf_changed":false,"footnotes":""},"class_list":["post-20003","page","type-page","status-publish","hentry"],"acf":[],"_links":{"self":[{"href":"https:\/\/institutosantosdumont.org.br\/es\/wp-json\/wp\/v2\/pages\/20003","targetHints":{"allow":["GET"]}}],"collection":[{"href":"https:\/\/institutosantosdumont.org.br\/es\/wp-json\/wp\/v2\/pages"}],"about":[{"href":"https:\/\/institutosantosdumont.org.br\/es\/wp-json\/wp\/v2\/types\/page"}],"author":[{"embeddable":true,"href":"https:\/\/institutosantosdumont.org.br\/es\/wp-json\/wp\/v2\/users\/10"}],"replies":[{"embeddable":true,"href":"https:\/\/institutosantosdumont.org.br\/es\/wp-json\/wp\/v2\/comments?post=20003"}],"version-history":[{"count":9,"href":"https:\/\/institutosantosdumont.org.br\/es\/wp-json\/wp\/v2\/pages\/20003\/revisions"}],"predecessor-version":[{"id":32581,"href":"https:\/\/institutosantosdumont.org.br\/es\/wp-json\/wp\/v2\/pages\/20003\/revisions\/32581"}],"wp:attachment":[{"href":"https:\/\/institutosantosdumont.org.br\/es\/wp-json\/wp\/v2\/media?parent=20003"}],"curies":[{"name":"wp","href":"https:\/\/api.w.org\/{rel}","templated":true}]}}