{"id":20042,"date":"2020-11-04T16:50:06","date_gmt":"2020-11-04T19:50:06","guid":{"rendered":"http:\/\/www.institutosantosdumont.org.br\/?page_id=20042"},"modified":"2023-12-07T08:47:32","modified_gmt":"2023-12-07T11:47:32","slug":"contatos-cep-isd","status":"publish","type":"page","link":"https:\/\/institutosantosdumont.org.br\/es\/contatos-cep-isd\/","title":{"rendered":"Contactos CEP\/ISD"},"content":{"rendered":"<div data-elementor-type=\"wp-post\" data-elementor-id=\"20042\" class=\"elementor elementor-20042\" data-elementor-post-type=\"page\">\n\t\t\t\t\t\t<section class=\"elementor-section elementor-top-section elementor-element elementor-element-3effe5a elementor-section-boxed elementor-section-height-default elementor-section-height-default\" data-id=\"3effe5a\" data-element_type=\"section\">\n\t\t\t\t\t\t<div class=\"elementor-container elementor-column-gap-default\">\n\t\t\t\t\t<div class=\"elementor-column elementor-col-100 elementor-top-column elementor-element elementor-element-fd2158f\" data-id=\"fd2158f\" data-element_type=\"column\">\n\t\t\t<div class=\"elementor-widget-wrap elementor-element-populated\">\n\t\t\t\t\t\t<div class=\"elementor-element elementor-element-a6ef689 elementor-widget elementor-widget-text-editor\" data-id=\"a6ef689\" data-element_type=\"widget\" data-widget_type=\"text-editor.default\">\n\t\t\t\t<div class=\"elementor-widget-container\">\n\t\t\t\t\t\t\t\t\t<p><strong>CONT\u00c1CTENOS<\/strong><\/p><p>Vea a continuaci\u00f3n los datos de contacto del Comit\u00e9 de \u00c9tica en Investigaci\u00f3n en Humanos del Instituto de Docencia e Investigaci\u00f3n Alberto Santos Dumont.<\/p>\t\t\t\t\t\t\t\t<\/div>\n\t\t\t\t<\/div>\n\t\t\t\t<div class=\"elementor-element elementor-element-7986b49 elementor-view-default elementor-widget elementor-widget-icon\" data-id=\"7986b49\" data-element_type=\"widget\" data-widget_type=\"icon.default\">\n\t\t\t\t<div class=\"elementor-widget-container\">\n\t\t\t\t\t\t\t<div class=\"elementor-icon-wrapper\">\n\t\t\t<div class=\"elementor-icon\">\n\t\t\t\t\t\t\t<i class=\"fa fa-phone\" aria-hidden=\"true\"><\/i>\n\t\t\t\t\t\t<\/div>\n\t\t<\/div>\n\t\t\t\t\t\t<\/div>\n\t\t\t\t<\/div>\n\t\t\t\t<div class=\"elementor-element elementor-element-b1b234e elementor-widget elementor-widget-text-editor\" data-id=\"b1b234e\" data-element_type=\"widget\" data-widget_type=\"text-editor.default\">\n\t\t\t\t<div class=\"elementor-widget-container\">\n\t\t\t\t\t\t\t\t\t<p><b>Tel\u00e9fono m\u00f3vil:<\/b><span style=\"font-weight: 400;\">\u00a0<\/span>(84) 99131-4360<\/p><p>\u00a0<\/p>\t\t\t\t\t\t\t\t<\/div>\n\t\t\t\t<\/div>\n\t\t\t\t<div class=\"elementor-element elementor-element-9ae5cd4 elementor-view-default elementor-widget elementor-widget-icon\" data-id=\"9ae5cd4\" data-element_type=\"widget\" data-widget_type=\"icon.default\">\n\t\t\t\t<div class=\"elementor-widget-container\">\n\t\t\t\t\t\t\t<div class=\"elementor-icon-wrapper\">\n\t\t\t<div class=\"elementor-icon\">\n\t\t\t\t\t\t\t<i class=\"fa fa-at\" aria-hidden=\"true\"><\/i>\n\t\t\t\t\t\t<\/div>\n\t\t<\/div>\n\t\t\t\t\t\t<\/div>\n\t\t\t\t<\/div>\n\t\t\t\t<div class=\"elementor-element elementor-element-0c764c0 elementor-widget elementor-widget-text-editor\" data-id=\"0c764c0\" data-element_type=\"widget\" data-widget_type=\"text-editor.default\">\n\t\t\t\t<div class=\"elementor-widget-container\">\n\t\t\t\t\t\t\t\t\t<p><b>Correo electr\u00f3nico:<\/b> <a href=\"mailto:cep@isd.org.br\"><span style=\"font-weight: 400;\">cep@isd.org.br<\/span><\/a><\/p>\t\t\t\t\t\t\t\t<\/div>\n\t\t\t\t<\/div>\n\t\t\t\t<div class=\"elementor-element elementor-element-552cf92 elementor-view-default elementor-widget elementor-widget-icon\" data-id=\"552cf92\" data-element_type=\"widget\" data-widget_type=\"icon.default\">\n\t\t\t\t<div class=\"elementor-widget-container\">\n\t\t\t\t\t\t\t<div class=\"elementor-icon-wrapper\">\n\t\t\t<div class=\"elementor-icon\">\n\t\t\t\t\t\t\t<i class=\"fa fa-clock-o\" aria-hidden=\"true\"><\/i>\n\t\t\t\t\t\t<\/div>\n\t\t<\/div>\n\t\t\t\t\t\t<\/div>\n\t\t\t\t<\/div>\n\t\t\t\t<div class=\"elementor-element elementor-element-99ffdbf elementor-widget elementor-widget-text-editor\" data-id=\"99ffdbf\" data-element_type=\"widget\" data-widget_type=\"text-editor.default\">\n\t\t\t\t<div class=\"elementor-widget-container\">\n\t\t\t\t\t\t\t\t\t<p><b>Tiempo<\/b><\/p>\n<p>Martes, de 8 a 12 h.<\/p><p>Viernes, de 13 a 17 horas<\/p>\t\t\t\t\t\t\t\t<\/div>\n\t\t\t\t<\/div>\n\t\t\t\t<div class=\"elementor-element elementor-element-00e0e94 elementor-view-default elementor-widget elementor-widget-icon\" data-id=\"00e0e94\" data-element_type=\"widget\" data-widget_type=\"icon.default\">\n\t\t\t\t<div class=\"elementor-widget-container\">\n\t\t\t\t\t\t\t<div class=\"elementor-icon-wrapper\">\n\t\t\t<div class=\"elementor-icon\">\n\t\t\t\t\t\t\t<i class=\"fa fa-location-arrow\" aria-hidden=\"true\"><\/i>\n\t\t\t\t\t\t<\/div>\n\t\t<\/div>\n\t\t\t\t\t\t<\/div>\n\t\t\t\t<\/div>\n\t\t\t\t<div class=\"elementor-element elementor-element-3a54210 elementor-widget elementor-widget-text-editor\" data-id=\"3a54210\" data-element_type=\"widget\" data-widget_type=\"text-editor.default\">\n\t\t\t\t<div class=\"elementor-widget-container\">\n\t\t\t\t\t\t\t\t\t<p><b>Ubicaci\u00f3n<\/b><\/p><p><span style=\"font-weight: 400;\">Instituto de Docencia e Investigaci\u00f3n Alberto Santos Dumont<\/span><\/p><p><span style=\"font-weight: 400;\">Av Santos Dumont, 1560. 2do piso, sala 24<\/span><\/p><p><span style=\"font-weight: 400;\">C\u00f3digo postal: 59288-899<\/span><\/p><p><span style=\"font-weight: 400;\">Maca\u00edba, R\u00edo Grande del Norte<\/span><\/p>\t\t\t\t\t\t\t\t<\/div>\n\t\t\t\t<\/div>\n\t\t\t\t<div class=\"elementor-element elementor-element-2035b59 elementor-widget elementor-widget-google_maps\" data-id=\"2035b59\" data-element_type=\"widget\" data-widget_type=\"google_maps.default\">\n\t\t\t\t<div class=\"elementor-widget-container\">\n\t\t\t\t\t\t\t<div class=\"elementor-custom-embed\">\n\t\t\t<iframe loading=\"lazy\"\n\t\t\t\t\tsrc=\"https:\/\/maps.google.com\/maps?q=Av%20Santos%20Dumont%2C%201560.%202%C2%BA%20andar%2C%20sala%2024%20%20CEP%3A%2059280-000&#038;t=m&#038;z=10&#038;output=embed&#038;iwloc=near\"\n\t\t\t\t\ttitle=\"Av Santos Dumont, 1560. 2do piso, sala 24 CEP: 59280-000\"\n\t\t\t\t\taria-label=\"Av Santos Dumont, 1560. 2do piso, sala 24 CEP: 59280-000\"\n\t\t\t><\/iframe>\n\t\t<\/div>\n\t\t\t\t\t\t<\/div>\n\t\t\t\t<\/div>\n\t\t\t\t\t<\/div>\n\t\t<\/div>\n\t\t\t\t\t<\/div>\n\t\t<\/section>\n\t\t\t\t<\/div>","protected":false},"excerpt":{"rendered":"<p>CONT\u00c1CTENOS. Consulte a continuaci\u00f3n los datos de contacto del Comit\u00e9 de \u00c9tica en Investigaci\u00f3n con Seres Humanos del Instituto de Educaci\u00f3n e Investigaci\u00f3n Alberto Santos Dumont. Tel\u00e9fono celular: (84) 99131-4360 Correo electr\u00f3nico: cep@isd.org.br Horario: Martes, de 8:00 a 12:00 h. Viernes, de 13:00 a 17:00 h. Ubicaci\u00f3n: Instituto de Educaci\u00f3n e Investigaci\u00f3n Alberto Santos Dumont, Av. Santos Dumont, 1560. 2.\u00ba piso, sala [\u2026]<\/p>","protected":false},"author":10,"featured_media":0,"parent":0,"menu_order":0,"comment_status":"closed","ping_status":"closed","template":"","meta":{"_acf_changed":false,"footnotes":""},"class_list":["post-20042","page","type-page","status-publish","hentry"],"acf":[],"_links":{"self":[{"href":"https:\/\/institutosantosdumont.org.br\/es\/wp-json\/wp\/v2\/pages\/20042","targetHints":{"allow":["GET"]}}],"collection":[{"href":"https:\/\/institutosantosdumont.org.br\/es\/wp-json\/wp\/v2\/pages"}],"about":[{"href":"https:\/\/institutosantosdumont.org.br\/es\/wp-json\/wp\/v2\/types\/page"}],"author":[{"embeddable":true,"href":"https:\/\/institutosantosdumont.org.br\/es\/wp-json\/wp\/v2\/users\/10"}],"replies":[{"embeddable":true,"href":"https:\/\/institutosantosdumont.org.br\/es\/wp-json\/wp\/v2\/comments?post=20042"}],"version-history":[{"count":0,"href":"https:\/\/institutosantosdumont.org.br\/es\/wp-json\/wp\/v2\/pages\/20042\/revisions"}],"wp:attachment":[{"href":"https:\/\/institutosantosdumont.org.br\/es\/wp-json\/wp\/v2\/media?parent=20042"}],"curies":[{"name":"wp","href":"https:\/\/api.w.org\/{rel}","templated":true}]}}