{"id":20081,"date":"2020-11-04T16:50:18","date_gmt":"2020-11-04T19:50:18","guid":{"rendered":"http:\/\/www.institutosantosdumont.org.br\/?page_id=20081"},"modified":"2025-05-29T12:24:03","modified_gmt":"2025-05-29T15:24:03","slug":"membros-cep-isd","status":"publish","type":"page","link":"https:\/\/institutosantosdumont.org.br\/es\/membros-cep-isd\/","title":{"rendered":"Miembros del CEP\/ISD"},"content":{"rendered":"<div data-elementor-type=\"wp-post\" data-elementor-id=\"20081\" class=\"elementor elementor-20081\" data-elementor-post-type=\"page\">\n\t\t\t\t\t\t<section class=\"elementor-section elementor-top-section elementor-element elementor-element-f5f30b4 elementor-section-boxed elementor-section-height-default elementor-section-height-default\" data-id=\"f5f30b4\" data-element_type=\"section\">\n\t\t\t\t\t\t<div class=\"elementor-container elementor-column-gap-default\">\n\t\t\t\t\t<div class=\"elementor-column elementor-col-100 elementor-top-column elementor-element elementor-element-d4c94e8\" data-id=\"d4c94e8\" data-element_type=\"column\">\n\t\t\t<div class=\"elementor-widget-wrap elementor-element-populated\">\n\t\t\t\t\t\t<div class=\"elementor-element elementor-element-9143696 elementor-widget elementor-widget-text-editor\" data-id=\"9143696\" data-element_type=\"widget\" data-widget_type=\"text-editor.default\">\n\t\t\t\t<div class=\"elementor-widget-container\">\n\t\t\t\t\t\t\t\t\t<p><span style=\"font-weight: 400;\">El CEP\/ISD est\u00e1 integrado por nueve miembros titulares y nueve suplentes. El trabajo se realiza de forma voluntaria e independiente, en mandatos de tres a\u00f1os de duraci\u00f3n. El objetivo: defender los intereses de los participantes de la investigaci\u00f3n en su integridad y dignidad, contribuyendo al desarrollo de la investigaci\u00f3n dentro de est\u00e1ndares \u00e9ticos. Vea qui\u00e9nes son los miembros actuales a continuaci\u00f3n.&nbsp;<\/span><\/p>\t\t\t\t\t\t\t\t<\/div>\n\t\t\t\t<\/div>\n\t\t\t\t<div class=\"elementor-element elementor-element-053368e elementor-tabs-view-horizontal elementor-widget elementor-widget-tabs\" data-id=\"053368e\" data-element_type=\"widget\" data-widget_type=\"tabs.default\">\n\t\t\t\t<div class=\"elementor-widget-container\">\n\t\t\t\t\t\t\t<div class=\"elementor-tabs\">\n\t\t\t<div class=\"elementor-tabs-wrapper\" role=\"tablist\" >\n\t\t\t\t\t\t\t\t\t<div id=\"elementor-tab-title-5451\" class=\"elementor-tab-title elementor-tab-desktop-title\" aria-selected=\"true\" data-tab=\"1\" role=\"tab\" tabindex=\"0\" aria-controls=\"elementor-tab-content-5451\" aria-expanded=\"false\">TITULARES<\/div>\n\t\t\t\t\t\t\t\t\t<div id=\"elementor-tab-title-5452\" class=\"elementor-tab-title elementor-tab-desktop-title\" aria-selected=\"false\" data-tab=\"2\" role=\"tab\" tabindex=\"-1\" aria-controls=\"elementor-tab-content-5452\" aria-expanded=\"false\">SUSTITUTOS<\/div>\n\t\t\t\t\t\t\t\t\t<div id=\"elementor-tab-title-5453\" class=\"elementor-tab-title elementor-tab-desktop-title\" aria-selected=\"false\" data-tab=\"3\" role=\"tab\" tabindex=\"-1\" aria-controls=\"elementor-tab-content-5453\" aria-expanded=\"false\">FUNCIONARIO ADMINISTRATIVO<\/div>\n\t\t\t\t\t\t\t<\/div>\n\t\t\t<div class=\"elementor-tabs-content-wrapper\" role=\"tablist\" aria-orientation=\"vertical\">\n\t\t\t\t\t\t\t\t\t<div class=\"elementor-tab-title elementor-tab-mobile-title\" aria-selected=\"true\" data-tab=\"1\" role=\"tab\" tabindex=\"0\" aria-controls=\"elementor-tab-content-5451\" aria-expanded=\"false\">TITULARES<\/div>\n\t\t\t\t\t<div id=\"elementor-tab-content-5451\" class=\"elementor-tab-content elementor-clearfix\" data-tab=\"1\" role=\"tabpanel\" aria-labelledby=\"elementor-tab-title-5451\" tabindex=\"0\" hidden=\"false\"><p><span style=\"font-family: arial, sans-serif;\"><b>Caroline Cunha do Esp\u00edritu Santo<\/b><\/span><span style=\"color: #000000; font-family: arial, sans-serif;\">\u00a0- Fisioterapeuta<span style=\"font-weight: bold;\">\u00a0<wbr \/>COORDINADOR<\/span><\/span><\/p><p><span style=\"font-family: arial, sans-serif;\"><b>Larissa Ramalho Dantas Varella Dutra<\/b><\/span><span style=\"color: #000000; font-family: arial, sans-serif;\"><span style=\"font-weight: bold;\">\u00a0<\/span>- Fisioterapeuta<span style=\"font-weight: bold;\">\u00a0COORDINADOR ADJUNTO<\/span><\/span><\/p><p><span style=\"font-family: arial, sans-serif;\"><b>Andr\u00e9 Felipe Oliveira de Azevedo Dantas\u00a0<\/b>- Ingeniero<\/span><\/p><p><span style=\"font-family: arial, sans-serif;\"><b>Luana Cec\u00edlia Farache Lemos Leal\u00a0<\/b><\/span><span style=\"font-family: arial, sans-serif; color: var( --e-global-color-text ); font-weight: var( --e-global-typography-text-font-weight );\">- Fisioterapeuta<\/span><\/p><p><span style=\"font-family: arial, sans-serif;\"><b>Daniele Caroline Leoncio Ferreira<\/b><\/span><span style=\"color: #000000; font-family: arial, sans-serif;\">\u00a0\u2013 Psic\u00f3logo<\/span><\/p><p><span style=\"font-family: arial, sans-serif;\"><b>Andressa Radiske<\/b><\/span><span style=\"color: #000000; font-family: arial, sans-serif;\">\u00a0\u2013 Biom\u00e9dico<\/span><\/p><p><span style=\"font-family: arial, sans-serif;\"><b>Carolina Ara\u00fajo Dam\u00e1sio Santos<\/b><\/span><span style=\"color: #000000; font-family: arial, sans-serif;\"><span style=\"font-weight: bold;\">\u00a0<\/span>- Doctor<\/span><\/p><p><span style=\"font-family: arial, sans-serif;\"><b>Fabricio Lima Brasil<\/b><\/span><span style=\"color: #000000; font-family: arial, sans-serif;\">\u00a0- Ingeniero<\/span><\/p><p style=\"color: #222222; font-family: Arial, Helvetica, sans-serif;\"><span style=\"color: #000000; font-family: arial, sans-serif; font-weight: bold;\">Jeciane Fernandes Gomes de Barros\u00a0<\/span><span style=\"color: #000000; font-family: arial, sans-serif;\">\u2013<\/span><span style=\"color: #000000; font-family: arial, sans-serif; font-weight: bold;\">\u00a0<\/span><span style=\"color: #000000; font-family: arial, sans-serif;\">Representante de los participantes de la investigaci\u00f3n<\/span><span style=\"color: #000000; font-family: arial, sans-serif;\"><br \/><\/span><\/p><\/div>\n\t\t\t\t\t\t\t\t\t<div class=\"elementor-tab-title elementor-tab-mobile-title\" aria-selected=\"false\" data-tab=\"2\" role=\"tab\" tabindex=\"-1\" aria-controls=\"elementor-tab-content-5452\" aria-expanded=\"false\">SUSTITUTOS<\/div>\n\t\t\t\t\t<div id=\"elementor-tab-content-5452\" class=\"elementor-tab-content elementor-clearfix\" data-tab=\"2\" role=\"tabpanel\" aria-labelledby=\"elementor-tab-title-5452\" tabindex=\"0\" hidden=\"hidden\"><div><p><span style=\"font-family: arial, sans-serif; font-weight: 700;\">Fab\u00edola Rodrigues de Fran\u00e7a Campos<\/span><span style=\"font-family: arial, sans-serif;\"><b>&nbsp;<\/b><\/span><span style=\"color: #000000; font-family: arial, sans-serif; font-size: 14px;\"><span style=\"font-weight: bold;\">&nbsp;<\/span>\u2013<span style=\"font-weight: bold;\">&nbsp;<\/span>Fisioterapeuta<\/span><\/p>\n<p><span style=\"font-family: arial, sans-serif; font-weight: 700;\">F\u00e1bio Ricardo de Oliveira Galv\u00e3o&nbsp;<\/span><span style=\"color: #000000; font-family: arial, sans-serif; font-size: 14px;\">\u2013<\/span><span style=\"color: #000000; font-family: arial, sans-serif; font-size: 14px; font-weight: bold;\">&nbsp;<\/span><span style=\"font-family: arial, sans-serif;\">Terapeuta Ocupacional<\/span><\/p>\n<div>\n<p><span style=\"font-family: arial, sans-serif;\"><b>Gabriel Alves Vasiljevic Mendes<\/b><\/span><span style=\"color: #000000; font-family: arial, sans-serif; font-size: 14px;\"><span style=\"font-weight: bold;\">&nbsp;<\/span>\u2013 Cient\u00edfico inform\u00e1tico<\/span><\/p>\n<p><span style=\"font-family: arial, sans-serif; font-weight: 700;\">Mar\u00eda Clara Eugenia de Oliveira<\/span><span style=\"color: #000000; font-family: arial, sans-serif; font-size: 14px;\"><span style=\"font-weight: bold;\">&nbsp;<\/span>\u2013&nbsp;<\/span><span style=\"font-family: arial, sans-serif;\">Fisioterapeuta<\/span><\/p>\n<p><span style=\"font-family: arial, sans-serif;\"><b>Bruno Carvalho Pereira<\/b><\/span><span style=\"color: #000000; font-family: arial, sans-serif; font-size: 14px;\"><span style=\"font-weight: bold;\">&nbsp;<span style=\"font-weight: 400;\">\u2013<\/span>&nbsp;<\/span>Psic\u00f3logo<\/span><\/p>\n<p><span style=\"font-family: arial, sans-serif;\"><b>Fernando da Silva Fiorin<\/b><\/span><span style=\"color: #000000; font-family: arial, sans-serif; font-size: 14px;\"><span style=\"font-weight: bold;\">&nbsp;<\/span>\u2013 Educador f\u00edsico<\/span><\/p>\n<p><span style=\"font-family: arial, sans-serif;\"><b>Hougelle Simpl\u00edcio Gomes Pereira<\/b><\/span><span style=\"color: #000000; font-family: arial, sans-serif; font-size: 14px;\">&nbsp;<\/span><span style=\"font-family: arial, sans-serif; color: var( --e-global-color-text ); font-weight: var( --e-global-typography-text-font-weight );\">- Doctor<\/span><\/p>\n<p><span style=\"font-family: arial, sans-serif;\"><b>Felipe Porto Fiuza<\/b><\/span><span style=\"font-family: arial, sans-serif;\">&nbsp;<\/span><span style=\"color: var( --e-global-color-text ); font-weight: var( --e-global-typography-text-font-weight ); font-family: arial, sans-serif;\">\u2013 Bi\u00f3logo<\/span><span style=\"font-family: arial, sans-serif; color: var( --e-global-color-text ); font-weight: var( --e-global-typography-text-font-weight );\"><br><\/span><\/p>\n<p><span style=\"font-family: arial, sans-serif;\"><b>Roberto Alves Sobrinho<\/b><\/span><span style=\"color: #000000; font-family: arial, sans-serif; font-size: 14px; font-weight: bold;\">&nbsp;<\/span><span style=\"color: #000000; font-family: arial, sans-serif; font-size: 14px;\">\u2013<\/span><span style=\"color: #000000; font-family: arial, sans-serif; font-size: 14px; font-weight: bold;\">&nbsp;<\/span><span style=\"color: #000000; font-family: arial, sans-serif; font-size: 14px;\">Representante de los participantes de la investigaci\u00f3n<\/span><span style=\"color: #000000; font-family: arial, sans-serif; font-size: 14px;\"><br><\/span><\/p>\n<\/div>\n<\/div>\n<div style=\"color: #222222; font-family: Arial, Helvetica, sans-serif; font-size: small;\">\n<div>&nbsp;<\/div>\n<\/div><\/div>\n\t\t\t\t\t\t\t\t\t<div class=\"elementor-tab-title elementor-tab-mobile-title\" aria-selected=\"false\" data-tab=\"3\" role=\"tab\" tabindex=\"-1\" aria-controls=\"elementor-tab-content-5453\" aria-expanded=\"false\">FUNCIONARIO ADMINISTRATIVO<\/div>\n\t\t\t\t\t<div id=\"elementor-tab-content-5453\" class=\"elementor-tab-content elementor-clearfix\" data-tab=\"3\" role=\"tabpanel\" aria-labelledby=\"elementor-tab-title-5453\" tabindex=\"0\" hidden=\"hidden\"><p><strong>V\u00edtor de Oliveira e Silva \u2013<\/strong> Ingeniero<\/p><\/div>\n\t\t\t\t\t\t\t<\/div>\n\t\t<\/div>\n\t\t\t\t\t\t<\/div>\n\t\t\t\t<\/div>\n\t\t\t\t\t<\/div>\n\t\t<\/div>\n\t\t\t\t\t<\/div>\n\t\t<\/section>\n\t\t\t\t<\/div>","protected":false},"excerpt":{"rendered":"<p>El CEP\/ISD est\u00e1 compuesto por nueve miembros titulares y nueve suplentes. Su trabajo se realiza de forma voluntaria e independiente, con un mandato de tres a\u00f1os. Su objetivo es defender los intereses de los participantes en la investigaci\u00f3n, su integridad y dignidad, contribuyendo al desarrollo de la investigaci\u00f3n dentro de los est\u00e1ndares \u00e9ticos. A continuaci\u00f3n, conozca qui\u00e9nes son [\u2026]<\/p>","protected":false},"author":10,"featured_media":0,"parent":0,"menu_order":0,"comment_status":"closed","ping_status":"closed","template":"","meta":{"_acf_changed":false,"footnotes":""},"class_list":["post-20081","page","type-page","status-publish","hentry"],"acf":[],"_links":{"self":[{"href":"https:\/\/institutosantosdumont.org.br\/es\/wp-json\/wp\/v2\/pages\/20081","targetHints":{"allow":["GET"]}}],"collection":[{"href":"https:\/\/institutosantosdumont.org.br\/es\/wp-json\/wp\/v2\/pages"}],"about":[{"href":"https:\/\/institutosantosdumont.org.br\/es\/wp-json\/wp\/v2\/types\/page"}],"author":[{"embeddable":true,"href":"https:\/\/institutosantosdumont.org.br\/es\/wp-json\/wp\/v2\/users\/10"}],"replies":[{"embeddable":true,"href":"https:\/\/institutosantosdumont.org.br\/es\/wp-json\/wp\/v2\/comments?post=20081"}],"version-history":[{"count":3,"href":"https:\/\/institutosantosdumont.org.br\/es\/wp-json\/wp\/v2\/pages\/20081\/revisions"}],"predecessor-version":[{"id":32428,"href":"https:\/\/institutosantosdumont.org.br\/es\/wp-json\/wp\/v2\/pages\/20081\/revisions\/32428"}],"wp:attachment":[{"href":"https:\/\/institutosantosdumont.org.br\/es\/wp-json\/wp\/v2\/media?parent=20081"}],"curies":[{"name":"wp","href":"https:\/\/api.w.org\/{rel}","templated":true}]}}