{"id":20795,"date":"2020-12-23T15:57:26","date_gmt":"2020-12-23T18:57:26","guid":{"rendered":"http:\/\/www.institutosantosdumont.org.br\/?page_id=20795"},"modified":"2020-12-23T16:14:54","modified_gmt":"2020-12-23T19:14:54","slug":"neurotalks","status":"publish","type":"page","link":"https:\/\/institutosantosdumont.org.br\/es\/neurotalks\/","title":{"rendered":"Neurocharlas"},"content":{"rendered":"<div data-elementor-type=\"wp-post\" data-elementor-id=\"20795\" class=\"elementor elementor-20795\" data-elementor-post-type=\"page\">\n\t\t\t\t\t\t<section class=\"elementor-section elementor-top-section elementor-element elementor-element-a9af1f5 elementor-section-boxed elementor-section-height-default elementor-section-height-default\" data-id=\"a9af1f5\" data-element_type=\"section\">\n\t\t\t\t\t\t<div class=\"elementor-container elementor-column-gap-default\">\n\t\t\t\t\t<div class=\"elementor-column elementor-col-100 elementor-top-column elementor-element elementor-element-8851633\" data-id=\"8851633\" data-element_type=\"column\">\n\t\t\t<div class=\"elementor-widget-wrap elementor-element-populated\">\n\t\t\t\t\t\t<div class=\"elementor-element elementor-element-f19b39a elementor-widget elementor-widget-text-editor\" data-id=\"f19b39a\" data-element_type=\"widget\" data-widget_type=\"text-editor.default\">\n\t\t\t\t<div class=\"elementor-widget-container\">\n\t\t\t\t\t\t\t\t\t<p>La ciencia est\u00e1 impulsada por preguntas en busca de soluciones. Las ideas innovadoras motivan la investigaci\u00f3n transformadora. Y son estas preguntas e ideas las que el Instituto Internacional de Neurociencia Edmond and Lily Safra, del Instituto Santos Dumont (IIN-ELS\/ISD), quiere revelar a trav\u00e9s de NeuroTalks, una plataforma completamente online y gratuita para discutir y presentar ideas sobre la diferentes \u00e1reas dentro de la neurociencia.<\/p><p>La plataforma funcionar\u00e1 en esta p\u00e1gina del sitio web de ISD y en un <a href=\"https:\/\/www.youtube.com\/channel\/UCZ-EPym4mHvHrRgkRkej1tQ\" target=\"_blank\" rel=\"noopener noreferrer nofollow\">playlist especial en el canal del Instituto Santos Dumont en YouTube<\/a>. Contendr\u00e1 videos y res\u00famenes presentados por investigadores, estudiantes de pregrado, estudiantes de maestr\u00eda y doctorados del propio Instituto y de otras instituciones.<\/p><p>La intenci\u00f3n es presentar en forma de v\u00eddeo las ideas y motivaciones de la investigaci\u00f3n en desarrollo o ya finalizada. Las producciones seleccionadas por el tribunal examinador se pondr\u00e1n a disposici\u00f3n del p\u00fablico.<\/p><p>Para el gerente del IIN-ELS y coordinador de investigaciones del Instituto, Edgard Morya, la iniciativa es innovadora y funciona como un &#039;congreso permanente&#039;. \u201cNeuroTalks ser\u00e1 una plataforma de divulgaci\u00f3n cient\u00edfica similar a un congreso, lo que cambia es que no necesitamos esperar todo el a\u00f1o para conocer trabajos innovadores, es una especie de congreso virtual y permanente donde se investigar\u00e1n diferentes temas dentro de la neurociencia. ser presentado\u201d, explica Morya.<\/p><p>Haga clic en los botones a continuaci\u00f3n para acceder al contenido. La p\u00e1gina se actualizar\u00e1 constantemente:<\/p>\t\t\t\t\t\t\t\t<\/div>\n\t\t\t\t<\/div>\n\t\t\t\t<div class=\"elementor-element elementor-element-1f68e38 elementor-button-success elementor-align-center elementor-widget elementor-widget-button\" data-id=\"1f68e38\" data-element_type=\"widget\" data-widget_type=\"button.default\">\n\t\t\t\t<div class=\"elementor-widget-container\">\n\t\t\t\t\t\t\t\t\t<div class=\"elementor-button-wrapper\">\n\t\t\t\t\t<a class=\"elementor-button elementor-button-link elementor-size-md\" href=\"https:\/\/institutosantosdumont.org.br\/es\/neurotalks-resumos\/\">\n\t\t\t\t\t\t<span class=\"elementor-button-content-wrapper\">\n\t\t\t\t\t\t\t\t\t<span class=\"elementor-button-text\">RES\u00daMENES<\/span>\n\t\t\t\t\t<\/span>\n\t\t\t\t\t<\/a>\n\t\t\t\t<\/div>\n\t\t\t\t\t\t\t\t<\/div>\n\t\t\t\t<\/div>\n\t\t\t\t<div class=\"elementor-element elementor-element-000f4c4 elementor-button-success elementor-align-center elementor-widget elementor-widget-button\" data-id=\"000f4c4\" data-element_type=\"widget\" data-widget_type=\"button.default\">\n\t\t\t\t<div class=\"elementor-widget-container\">\n\t\t\t\t\t\t\t\t\t<div class=\"elementor-button-wrapper\">\n\t\t\t\t\t<a class=\"elementor-button elementor-button-link elementor-size-md\" href=\"https:\/\/institutosantosdumont.org.br\/es\/neurotalks-videos\/\">\n\t\t\t\t\t\t<span class=\"elementor-button-content-wrapper\">\n\t\t\t\t\t\t\t\t\t<span class=\"elementor-button-text\">V\u00cdDEOS<\/span>\n\t\t\t\t\t<\/span>\n\t\t\t\t\t<\/a>\n\t\t\t\t<\/div>\n\t\t\t\t\t\t\t\t<\/div>\n\t\t\t\t<\/div>\n\t\t\t\t\t<\/div>\n\t\t<\/div>\n\t\t\t\t\t<\/div>\n\t\t<\/section>\n\t\t\t\t<\/div>","protected":false},"excerpt":{"rendered":"<p>La ciencia se rige por preguntas que buscan soluciones. Las ideas innovadoras motivan la investigaci\u00f3n transformadora. Y son estas preguntas e ideas las que el Instituto Internacional de Neurociencias Edmond y Lily Safra, del Instituto Santos Dumont (IIN-ELS\/ISD), quiere revelar a trav\u00e9s de NeuroTalks, una plataforma completamente en l\u00ednea y gratuita para el debate y la presentaci\u00f3n de ideas sobre [\u2026]<\/p>","protected":false},"author":10,"featured_media":0,"parent":0,"menu_order":0,"comment_status":"closed","ping_status":"closed","template":"template-page.php","meta":{"_acf_changed":false,"footnotes":""},"class_list":["post-20795","page","type-page","status-publish","hentry"],"acf":[],"_links":{"self":[{"href":"https:\/\/institutosantosdumont.org.br\/es\/wp-json\/wp\/v2\/pages\/20795","targetHints":{"allow":["GET"]}}],"collection":[{"href":"https:\/\/institutosantosdumont.org.br\/es\/wp-json\/wp\/v2\/pages"}],"about":[{"href":"https:\/\/institutosantosdumont.org.br\/es\/wp-json\/wp\/v2\/types\/page"}],"author":[{"embeddable":true,"href":"https:\/\/institutosantosdumont.org.br\/es\/wp-json\/wp\/v2\/users\/10"}],"replies":[{"embeddable":true,"href":"https:\/\/institutosantosdumont.org.br\/es\/wp-json\/wp\/v2\/comments?post=20795"}],"version-history":[{"count":0,"href":"https:\/\/institutosantosdumont.org.br\/es\/wp-json\/wp\/v2\/pages\/20795\/revisions"}],"wp:attachment":[{"href":"https:\/\/institutosantosdumont.org.br\/es\/wp-json\/wp\/v2\/media?parent=20795"}],"curies":[{"name":"wp","href":"https:\/\/api.w.org\/{rel}","templated":true}]}}