{"id":20800,"date":"2020-12-23T16:00:48","date_gmt":"2020-12-23T19:00:48","guid":{"rendered":"http:\/\/www.institutosantosdumont.org.br\/?page_id=20800"},"modified":"2021-01-05T10:35:45","modified_gmt":"2021-01-05T13:35:45","slug":"neurotalks-videos","status":"publish","type":"page","link":"https:\/\/institutosantosdumont.org.br\/es\/neurotalks-videos\/","title":{"rendered":"Neurocharlas \u2013 V\u00eddeos"},"content":{"rendered":"<div data-elementor-type=\"wp-post\" data-elementor-id=\"20800\" class=\"elementor elementor-20800\" data-elementor-post-type=\"page\">\n\t\t\t\t\t\t<section class=\"elementor-section elementor-top-section elementor-element elementor-element-3913ae0 elementor-section-boxed elementor-section-height-default elementor-section-height-default\" data-id=\"3913ae0\" data-element_type=\"section\">\n\t\t\t\t\t\t<div class=\"elementor-container elementor-column-gap-default\">\n\t\t\t\t\t<div class=\"elementor-column elementor-col-100 elementor-top-column elementor-element elementor-element-67a0000\" data-id=\"67a0000\" data-element_type=\"column\">\n\t\t\t<div class=\"elementor-widget-wrap elementor-element-populated\">\n\t\t\t\t\t\t<div class=\"elementor-element elementor-element-ef44c76 elementor-widget elementor-widget-text-editor\" data-id=\"ef44c76\" data-element_type=\"widget\" data-widget_type=\"text-editor.default\">\n\t\t\t\t<div class=\"elementor-widget-container\">\n\t\t\t\t\t\t\t\t\t<p><span style=\"font-weight: 400;\">Con el objetivo de presentar ideas y motivaciones para la investigaci\u00f3n en el \u00e1rea de la neurociencia, NeuroTalks es un espacio online gratuito de divulgaci\u00f3n cient\u00edfica creado por el Instituto Internacional de Neurociencias Edmond and Lily Safra, del Instituto Santos Dumont. Ya est\u00e1n disponibles en <a href=\"https:\/\/www.youtube.com\/channel\/UCZ-EPym4mHvHrRgkRkej1tQ\" target=\"_blank\" rel=\"noopener noreferrer nofollow\">Canal de YouTube del Distrito Escolar Independiente<\/a>, 15 v\u00eddeos explicativos elaborados por profesionales de diferentes \u00e1reas como fisioterapia, logopedia, psicolog\u00eda, biomedicina e inform\u00e1tica. Los autores de los trabajos son estudiantes y exalumnos de la Maestr\u00eda en Neuroingenier\u00eda y de la Residencia Multiprofesional en Atenci\u00f3n a la Salud de Personas con Discapacidad, programas de posgrado pioneros del ISD en Brasil.\u00a0<\/span><\/p><p><strong>Mira los v\u00eddeos a continuaci\u00f3n:\u00a0<\/strong><\/p>\t\t\t\t\t\t\t\t<\/div>\n\t\t\t\t<\/div>\n\t\t\t\t\t<\/div>\n\t\t<\/div>\n\t\t\t\t\t<\/div>\n\t\t<\/section>\n\t\t\t\t<section class=\"elementor-section elementor-top-section elementor-element elementor-element-348c52d elementor-section-boxed elementor-section-height-default elementor-section-height-default\" data-id=\"348c52d\" data-element_type=\"section\">\n\t\t\t\t\t\t<div class=\"elementor-container elementor-column-gap-default\">\n\t\t\t\t\t<div class=\"elementor-column elementor-col-100 elementor-top-column elementor-element elementor-element-a5cb567\" data-id=\"a5cb567\" data-element_type=\"column\">\n\t\t\t<div class=\"elementor-widget-wrap\">\n\t\t\t\t\t\t\t<\/div>\n\t\t<\/div>\n\t\t\t\t\t<\/div>\n\t\t<\/section>\n\t\t\t\t<section class=\"elementor-section elementor-top-section elementor-element elementor-element-4825fae elementor-section-boxed elementor-section-height-default elementor-section-height-default\" data-id=\"4825fae\" data-element_type=\"section\">\n\t\t\t\t\t\t<div class=\"elementor-container elementor-column-gap-default\">\n\t\t\t\t\t<div class=\"elementor-column elementor-col-100 elementor-top-column elementor-element elementor-element-d0a44d3\" data-id=\"d0a44d3\" data-element_type=\"column\">\n\t\t\t<div class=\"elementor-widget-wrap elementor-element-populated\">\n\t\t\t\t\t\t<div class=\"elementor-element elementor-element-b67c587 elementor-skin-carousel elementor-arrows-yes elementor-pagination-type-bullets elementor-pagination-position-outside elementor-widget elementor-widget-media-carousel\" data-id=\"b67c587\" data-element_type=\"widget\" data-settings=\"{&quot;space_between&quot;:{&quot;unit&quot;:&quot;px&quot;,&quot;size&quot;:10,&quot;sizes&quot;:[]},&quot;space_between_tablet&quot;:{&quot;unit&quot;:&quot;px&quot;,&quot;size&quot;:10,&quot;sizes&quot;:[]},&quot;space_between_mobile&quot;:{&quot;unit&quot;:&quot;px&quot;,&quot;size&quot;:10,&quot;sizes&quot;:[]},&quot;skin&quot;:&quot;carousel&quot;,&quot;effect&quot;:&quot;slide&quot;,&quot;show_arrows&quot;:&quot;yes&quot;,&quot;pagination&quot;:&quot;bullets&quot;,&quot;speed&quot;:500,&quot;autoplay&quot;:&quot;yes&quot;,&quot;autoplay_speed&quot;:5000,&quot;loop&quot;:&quot;yes&quot;,&quot;pause_on_hover&quot;:&quot;yes&quot;,&quot;pause_on_interaction&quot;:&quot;yes&quot;}\" data-widget_type=\"media-carousel.default\">\n\t\t\t\t<div class=\"elementor-widget-container\">\n\t\t\t\t\t\t\t\t\t<div class=\"elementor-swiper\">\n\t\t\t\t\t<div class=\"elementor-main-swiper swiper\" role=\"region\" aria-roledescription=\"carousel\" aria-label=\"Diapositivas\">\n\t\t\t\t<div class=\"swiper-wrapper\">\n\t\t\t\t\t\t\t\t\t\t\t<div class=\"swiper-slide\" role=\"group\" aria-roledescription=\"slide\">\n\t\t\t\t\t\t\t<a href=\"https:\/\/institutosantosdumont.org.br\/wp-content\/uploads\/2020\/12\/2.png\" data-elementor-open-lightbox=\"yes\" data-elementor-lightbox-slideshow=\"b67c587\" data-elementor-lightbox-title=\"2\" data-e-action-hash=\"#elementor-action%3Aaction%3Dlightbox%26settings%3DeyJpZCI6MjA4MjksInVybCI6Imh0dHBzOlwvXC9pbnN0aXR1dG9zYW50b3NkdW1vbnQub3JnLmJyXC93cC1jb250ZW50XC91cGxvYWRzXC8yMDIwXC8xMlwvMi5wbmciLCJzbGlkZXNob3ciOiJiNjdjNTg3In0%3D\" data-elementor-lightbox-video=\"https:\/\/www.youtube.com\/embed\/82vr4qA3Kc8?feature=oembed&amp;autoplay=1&amp;rel=0&amp;controls=0\">\t\t<div class=\"elementor-carousel-image\" role=\"img\" aria-label=\"2\" style=\"background-image: url(&#039;https:\/\/institutosantosdumont.org.br\/wp-content\/uploads\/2020\/12\/2.png&#039;)\">\n\n\t\t\t\n\t\t\t\t\t\t\t<div class=\"elementor-custom-embed-play\">\n\t\t\t\t\t<i aria-hidden=\"true\" class=\"eicon-play\"><\/i>\t\t\t\t\t<span class=\"elementor-screen-only\">Jugar<\/span>\n\t\t\t\t<\/div>\n\t\t\t\t\t<\/div>\n\t\t<\/a>\t\t\t\t\t\t<\/div>\n\t\t\t\t\t\t\t\t\t\t\t<div class=\"swiper-slide\" role=\"group\" aria-roledescription=\"slide\">\n\t\t\t\t\t\t\t<a href=\"https:\/\/institutosantosdumont.org.br\/wp-content\/uploads\/2020\/12\/4.png\" data-elementor-open-lightbox=\"yes\" data-elementor-lightbox-slideshow=\"b67c587\" data-elementor-lightbox-title=\"4\" data-e-action-hash=\"#elementor-action%3Aaction%3Dlightbox%26settings%3DeyJpZCI6MjA4MzMsInVybCI6Imh0dHBzOlwvXC9pbnN0aXR1dG9zYW50b3NkdW1vbnQub3JnLmJyXC93cC1jb250ZW50XC91cGxvYWRzXC8yMDIwXC8xMlwvNC5wbmciLCJzbGlkZXNob3ciOiJiNjdjNTg3In0%3D\" data-elementor-lightbox-video=\"https:\/\/www.youtube.com\/embed\/eew5BHOcMnY?feature=oembed&amp;autoplay=1&amp;rel=0&amp;controls=0\">\t\t<div class=\"elementor-carousel-image\" role=\"img\" aria-label=\"4\" style=\"background-image: url(&#039;https:\/\/institutosantosdumont.org.br\/wp-content\/uploads\/2020\/12\/4.png&#039;)\">\n\n\t\t\t\n\t\t\t\t\t\t\t<div class=\"elementor-custom-embed-play\">\n\t\t\t\t\t<i aria-hidden=\"true\" class=\"eicon-play\"><\/i>\t\t\t\t\t<span class=\"elementor-screen-only\">Jugar<\/span>\n\t\t\t\t<\/div>\n\t\t\t\t\t<\/div>\n\t\t<\/a>\t\t\t\t\t\t<\/div>\n\t\t\t\t\t\t\t\t\t\t\t<div class=\"swiper-slide\" role=\"group\" aria-roledescription=\"slide\">\n\t\t\t\t\t\t\t<a href=\"https:\/\/institutosantosdumont.org.br\/wp-content\/uploads\/2020\/12\/3.png\" data-elementor-open-lightbox=\"yes\" data-elementor-lightbox-slideshow=\"b67c587\" data-elementor-lightbox-title=\"3\" data-e-action-hash=\"#elementor-action%3Aaction%3Dlightbox%26settings%3DeyJpZCI6MjA4MzIsInVybCI6Imh0dHBzOlwvXC9pbnN0aXR1dG9zYW50b3NkdW1vbnQub3JnLmJyXC93cC1jb250ZW50XC91cGxvYWRzXC8yMDIwXC8xMlwvMy5wbmciLCJzbGlkZXNob3ciOiJiNjdjNTg3In0%3D\" data-elementor-lightbox-video=\"https:\/\/www.youtube.com\/embed\/fi0hsNUQV-k?feature=oembed&amp;autoplay=1&amp;rel=0&amp;controls=0\">\t\t<div class=\"elementor-carousel-image\" role=\"img\" aria-label=\"3\" style=\"background-image: url(&#039;https:\/\/institutosantosdumont.org.br\/wp-content\/uploads\/2020\/12\/3.png&#039;)\">\n\n\t\t\t\n\t\t\t\t\t\t\t<div class=\"elementor-custom-embed-play\">\n\t\t\t\t\t<i aria-hidden=\"true\" class=\"eicon-play\"><\/i>\t\t\t\t\t<span class=\"elementor-screen-only\">Jugar<\/span>\n\t\t\t\t<\/div>\n\t\t\t\t\t<\/div>\n\t\t<\/a>\t\t\t\t\t\t<\/div>\n\t\t\t\t\t\t\t\t\t\t\t<div class=\"swiper-slide\" role=\"group\" aria-roledescription=\"slide\">\n\t\t\t\t\t\t\t<a href=\"https:\/\/institutosantosdumont.org.br\/wp-content\/uploads\/2020\/12\/5.png\" data-elementor-open-lightbox=\"yes\" data-elementor-lightbox-slideshow=\"b67c587\" data-elementor-lightbox-title=\"5\" data-e-action-hash=\"#elementor-action%3Aaction%3Dlightbox%26settings%3DeyJpZCI6MjA4MzQsInVybCI6Imh0dHBzOlwvXC9pbnN0aXR1dG9zYW50b3NkdW1vbnQub3JnLmJyXC93cC1jb250ZW50XC91cGxvYWRzXC8yMDIwXC8xMlwvNS5wbmciLCJzbGlkZXNob3ciOiJiNjdjNTg3In0%3D\" data-elementor-lightbox-video=\"https:\/\/www.youtube.com\/embed\/FvirpPTa2GU?feature=oembed&amp;autoplay=1&amp;rel=0&amp;controls=0\">\t\t<div class=\"elementor-carousel-image\" role=\"img\" aria-label=\"5\" style=\"background-image: url(&#039;https:\/\/institutosantosdumont.org.br\/wp-content\/uploads\/2020\/12\/5.png&#039;)\">\n\n\t\t\t\n\t\t\t\t\t\t\t<div class=\"elementor-custom-embed-play\">\n\t\t\t\t\t<i aria-hidden=\"true\" class=\"eicon-play\"><\/i>\t\t\t\t\t<span class=\"elementor-screen-only\">Jugar<\/span>\n\t\t\t\t<\/div>\n\t\t\t\t\t<\/div>\n\t\t<\/a>\t\t\t\t\t\t<\/div>\n\t\t\t\t\t\t\t\t\t\t\t<div class=\"swiper-slide\" role=\"group\" aria-roledescription=\"slide\">\n\t\t\t\t\t\t\t<a href=\"https:\/\/institutosantosdumont.org.br\/wp-content\/uploads\/2020\/12\/12.png\" data-elementor-open-lightbox=\"yes\" data-elementor-lightbox-slideshow=\"b67c587\" data-elementor-lightbox-title=\"12\" data-e-action-hash=\"#elementor-action%3Aaction%3Dlightbox%26settings%3DeyJpZCI6MjA4NDEsInVybCI6Imh0dHBzOlwvXC9pbnN0aXR1dG9zYW50b3NkdW1vbnQub3JnLmJyXC93cC1jb250ZW50XC91cGxvYWRzXC8yMDIwXC8xMlwvMTIucG5nIiwic2xpZGVzaG93IjoiYjY3YzU4NyJ9\" data-elementor-lightbox-video=\"https:\/\/www.youtube.com\/embed\/UbuEPJZp8TA?feature=oembed&amp;autoplay=1&amp;rel=0&amp;controls=0\">\t\t<div class=\"elementor-carousel-image\" role=\"img\" aria-label=\"12\" style=\"background-image: url(&#039;https:\/\/institutosantosdumont.org.br\/wp-content\/uploads\/2020\/12\/12.png&#039;)\">\n\n\t\t\t\n\t\t\t\t\t\t\t<div class=\"elementor-custom-embed-play\">\n\t\t\t\t\t<i aria-hidden=\"true\" class=\"eicon-play\"><\/i>\t\t\t\t\t<span class=\"elementor-screen-only\">Jugar<\/span>\n\t\t\t\t<\/div>\n\t\t\t\t\t<\/div>\n\t\t<\/a>\t\t\t\t\t\t<\/div>\n\t\t\t\t\t\t\t\t\t\t\t<div class=\"swiper-slide\" role=\"group\" aria-roledescription=\"slide\">\n\t\t\t\t\t\t\t<a href=\"https:\/\/institutosantosdumont.org.br\/wp-content\/uploads\/2020\/12\/7.png\" data-elementor-open-lightbox=\"yes\" data-elementor-lightbox-slideshow=\"b67c587\" data-elementor-lightbox-title=\"7\" data-e-action-hash=\"#elementor-action%3Aaction%3Dlightbox%26settings%3DeyJpZCI6MjA4MzYsInVybCI6Imh0dHBzOlwvXC9pbnN0aXR1dG9zYW50b3NkdW1vbnQub3JnLmJyXC93cC1jb250ZW50XC91cGxvYWRzXC8yMDIwXC8xMlwvNy5wbmciLCJzbGlkZXNob3ciOiJiNjdjNTg3In0%3D\" data-elementor-lightbox-video=\"https:\/\/www.youtube.com\/embed\/lKWzxqoAeu8?feature=oembed&amp;autoplay=1&amp;rel=0&amp;controls=0\">\t\t<div class=\"elementor-carousel-image\" role=\"img\" aria-label=\"7\" style=\"background-image: url(&#039;https:\/\/institutosantosdumont.org.br\/wp-content\/uploads\/2020\/12\/7.png&#039;)\">\n\n\t\t\t\n\t\t\t\t\t\t\t<div class=\"elementor-custom-embed-play\">\n\t\t\t\t\t<i aria-hidden=\"true\" class=\"eicon-play\"><\/i>\t\t\t\t\t<span class=\"elementor-screen-only\">Jugar<\/span>\n\t\t\t\t<\/div>\n\t\t\t\t\t<\/div>\n\t\t<\/a>\t\t\t\t\t\t<\/div>\n\t\t\t\t\t\t\t\t\t\t\t<div class=\"swiper-slide\" role=\"group\" aria-roledescription=\"slide\">\n\t\t\t\t\t\t\t<a href=\"https:\/\/institutosantosdumont.org.br\/wp-content\/uploads\/2020\/12\/14.png\" data-elementor-open-lightbox=\"yes\" data-elementor-lightbox-slideshow=\"b67c587\" data-elementor-lightbox-title=\"14\" data-e-action-hash=\"#elementor-action%3Aaction%3Dlightbox%26settings%3DeyJpZCI6MjA4NDMsInVybCI6Imh0dHBzOlwvXC9pbnN0aXR1dG9zYW50b3NkdW1vbnQub3JnLmJyXC93cC1jb250ZW50XC91cGxvYWRzXC8yMDIwXC8xMlwvMTQucG5nIiwic2xpZGVzaG93IjoiYjY3YzU4NyJ9\" data-elementor-lightbox-video=\"https:\/\/www.youtube.com\/embed\/ZfTUPEtQKJc?feature=oembed&amp;autoplay=1&amp;rel=0&amp;controls=0\">\t\t<div class=\"elementor-carousel-image\" role=\"img\" aria-label=\"14\" style=\"background-image: url(&#039;https:\/\/institutosantosdumont.org.br\/wp-content\/uploads\/2020\/12\/14.png&#039;)\">\n\n\t\t\t\n\t\t\t\t\t\t\t<div class=\"elementor-custom-embed-play\">\n\t\t\t\t\t<i aria-hidden=\"true\" class=\"eicon-play\"><\/i>\t\t\t\t\t<span class=\"elementor-screen-only\">Jugar<\/span>\n\t\t\t\t<\/div>\n\t\t\t\t\t<\/div>\n\t\t<\/a>\t\t\t\t\t\t<\/div>\n\t\t\t\t\t\t\t\t\t\t\t<div class=\"swiper-slide\" role=\"group\" aria-roledescription=\"slide\">\n\t\t\t\t\t\t\t<a href=\"https:\/\/www.youtube.com\/watch?v=Lmcv3zfau5Q&#038;list=PLIrvE52C79tSu8OYhSCwYYm-dLCsb5Bdf&#038;index=9\" target=\"_blank\" rel=\"noopener noreferrer nofollow\">\t\t<div class=\"elementor-carousel-image\" role=\"img\" aria-label=\"9\" style=\"background-image: url(&#039;https:\/\/institutosantosdumont.org.br\/wp-content\/uploads\/2020\/12\/9.png&#039;)\">\n\n\t\t\t\n\t\t\t\t\t<\/div>\n\t\t<\/a>\t\t\t\t\t\t<\/div>\n\t\t\t\t\t\t\t\t\t\t\t<div class=\"swiper-slide\" role=\"group\" aria-roledescription=\"slide\">\n\t\t\t\t\t\t\t<a href=\"https:\/\/www.youtube.com\/watch?v=vqXHa9FeJbA&#038;list=PLIrvE52C79tSu8OYhSCwYYm-dLCsb5Bdf&#038;index=10\" target=\"_blank\" rel=\"noopener noreferrer nofollow\">\t\t<div class=\"elementor-carousel-image\" role=\"img\" aria-label=\"13\" style=\"background-image: url(&#039;https:\/\/institutosantosdumont.org.br\/wp-content\/uploads\/2020\/12\/13.png&#039;)\">\n\n\t\t\t\n\t\t\t\t\t<\/div>\n\t\t<\/a>\t\t\t\t\t\t<\/div>\n\t\t\t\t\t\t\t\t\t\t\t<div class=\"swiper-slide\" role=\"group\" aria-roledescription=\"slide\">\n\t\t\t\t\t\t\t<a href=\"https:\/\/www.youtube.com\/watch?v=NN0ydafdcLk&#038;list=PLIrvE52C79tSu8OYhSCwYYm-dLCsb5Bdf&#038;index=11\" target=\"_blank\" rel=\"noopener noreferrer nofollow\">\t\t<div class=\"elementor-carousel-image\" role=\"img\" aria-label=\"10\" style=\"background-image: url(&#039;https:\/\/institutosantosdumont.org.br\/wp-content\/uploads\/2020\/12\/10.png&#039;)\">\n\n\t\t\t\n\t\t\t\t\t<\/div>\n\t\t<\/a>\t\t\t\t\t\t<\/div>\n\t\t\t\t\t\t\t\t\t\t\t<div class=\"swiper-slide\" role=\"group\" aria-roledescription=\"slide\">\n\t\t\t\t\t\t\t\t\t<div class=\"elementor-carousel-image\" role=\"img\" aria-label=\"15\" style=\"background-image: url(&#039;https:\/\/institutosantosdumont.org.br\/wp-content\/uploads\/2020\/12\/15-1.png&#039;)\">\n\n\t\t\t\n\t\t\t\t\t<\/div>\n\t\t\t\t\t\t\t\t<\/div>\n\t\t\t\t\t\t\t\t\t\t\t<div class=\"swiper-slide\" role=\"group\" aria-roledescription=\"slide\">\n\t\t\t\t\t\t\t<a href=\"https:\/\/www.youtube.com\/watch?v=NKJy40UvhTo&#038;list=PLIrvE52C79tSu8OYhSCwYYm-dLCsb5Bdf&#038;index=13\" target=\"_blank\" rel=\"noopener noreferrer nofollow\">\t\t<div class=\"elementor-carousel-image\" role=\"img\" aria-label=\"16\" style=\"background-image: url(&#039;https:\/\/institutosantosdumont.org.br\/wp-content\/uploads\/2020\/12\/16-1.png&#039;)\">\n\n\t\t\t\n\t\t\t\t\t<\/div>\n\t\t<\/a>\t\t\t\t\t\t<\/div>\n\t\t\t\t\t\t\t\t\t\t\t<div class=\"swiper-slide\" role=\"group\" aria-roledescription=\"slide\">\n\t\t\t\t\t\t\t<a href=\"https:\/\/www.youtube.com\/watch?v=tuEPDlgGH3M&#038;list=PLIrvE52C79tSu8OYhSCwYYm-dLCsb5Bdf&#038;index=14\" target=\"_blank\" rel=\"noopener noreferrer nofollow\">\t\t<div class=\"elementor-carousel-image\" role=\"img\" aria-label=\"6\" style=\"background-image: url(&#039;https:\/\/institutosantosdumont.org.br\/wp-content\/uploads\/2020\/12\/6.png&#039;)\">\n\n\t\t\t\n\t\t\t\t\t<\/div>\n\t\t<\/a>\t\t\t\t\t\t<\/div>\n\t\t\t\t\t\t\t\t\t\t\t<div class=\"swiper-slide\" role=\"group\" aria-roledescription=\"slide\">\n\t\t\t\t\t\t\t<a href=\"https:\/\/www.youtube.com\/watch?v=TxkyuU8f5AA&#038;list=PLIrvE52C79tSu8OYhSCwYYm-dLCsb5Bdf&#038;index=15\" target=\"_blank\" rel=\"noopener noreferrer nofollow\">\t\t<div class=\"elementor-carousel-image\" role=\"img\" aria-label=\"11\" style=\"background-image: url(&#039;https:\/\/institutosantosdumont.org.br\/wp-content\/uploads\/2020\/12\/11.png&#039;)\">\n\n\t\t\t\n\t\t\t\t\t<\/div>\n\t\t<\/a>\t\t\t\t\t\t<\/div>\n\t\t\t\t\t\t\t\t\t\t\t<div class=\"swiper-slide\" role=\"group\" aria-roledescription=\"slide\">\n\t\t\t\t\t\t\t<a href=\"https:\/\/www.youtube.com\/watch?v=TxkyuU8f5AA&#038;list=PLIrvE52C79tSu8OYhSCwYYm-dLCsb5Bdf&#038;index=15\" target=\"_blank\" rel=\"noopener noreferrer nofollow\">\t\t<div class=\"elementor-carousel-image\" role=\"img\" aria-label=\"8\" style=\"background-image: url(&#039;https:\/\/institutosantosdumont.org.br\/wp-content\/uploads\/2020\/12\/8.png&#039;)\">\n\n\t\t\t\n\t\t\t\t\t<\/div>\n\t\t<\/a>\t\t\t\t\t\t<\/div>\n\t\t\t\t\t\t\t\t\t<\/div>\n\t\t\t\t\t\t\t\t\t\t\t\t\t\t\t<div class=\"elementor-swiper-button elementor-swiper-button-prev\" role=\"button\" tabindex=\"0\" aria-label=\"Anterior\">\n\t\t\t\t\t\t\t<i aria-hidden=\"true\" class=\"eicon-chevron-left\"><\/i>\t\t\t\t\t\t<\/div>\n\t\t\t\t\t\t<div class=\"elementor-swiper-button elementor-swiper-button-next\" role=\"button\" tabindex=\"0\" aria-label=\"Pr\u00f3ximo\">\n\t\t\t\t\t\t\t<i aria-hidden=\"true\" class=\"eicon-chevron-right\"><\/i>\t\t\t\t\t\t<\/div>\n\t\t\t\t\t\t\t\t\t\t\t\t\t\t\t\t<div class=\"swiper-pagination\"><\/div>\n\t\t\t\t\t\t\t\t\t\t\t\t<\/div>\n\t\t\t\t<\/div>\n\t\t\t\t\t\t\t\t<\/div>\n\t\t\t\t<\/div>\n\t\t\t\t\t<\/div>\n\t\t<\/div>\n\t\t\t\t\t<\/div>\n\t\t<\/section>\n\t\t\t\t<\/div>","protected":false},"excerpt":{"rendered":"<p>NeuroTalks, un espacio gratuito en l\u00ednea para la divulgaci\u00f3n cient\u00edfica creado por el Instituto Internacional de Neurociencia Edmond y Lily Safra del Instituto Santos Dumont, tiene como objetivo presentar ideas y motivaciones de investigaci\u00f3n en neurociencia. Quince videos explicativos producidos por profesionales de la neurociencia ya est\u00e1n disponibles en el canal de YouTube del ISD.<\/p>","protected":false},"author":10,"featured_media":0,"parent":0,"menu_order":0,"comment_status":"closed","ping_status":"closed","template":"template-page.php","meta":{"_acf_changed":false,"footnotes":""},"class_list":["post-20800","page","type-page","status-publish","hentry"],"acf":[],"_links":{"self":[{"href":"https:\/\/institutosantosdumont.org.br\/es\/wp-json\/wp\/v2\/pages\/20800","targetHints":{"allow":["GET"]}}],"collection":[{"href":"https:\/\/institutosantosdumont.org.br\/es\/wp-json\/wp\/v2\/pages"}],"about":[{"href":"https:\/\/institutosantosdumont.org.br\/es\/wp-json\/wp\/v2\/types\/page"}],"author":[{"embeddable":true,"href":"https:\/\/institutosantosdumont.org.br\/es\/wp-json\/wp\/v2\/users\/10"}],"replies":[{"embeddable":true,"href":"https:\/\/institutosantosdumont.org.br\/es\/wp-json\/wp\/v2\/comments?post=20800"}],"version-history":[{"count":0,"href":"https:\/\/institutosantosdumont.org.br\/es\/wp-json\/wp\/v2\/pages\/20800\/revisions"}],"wp:attachment":[{"href":"https:\/\/institutosantosdumont.org.br\/es\/wp-json\/wp\/v2\/media?parent=20800"}],"curies":[{"name":"wp","href":"https:\/\/api.w.org\/{rel}","templated":true}]}}