{"id":21640,"date":"2021-05-13T11:29:06","date_gmt":"2021-05-13T14:29:06","guid":{"rendered":"http:\/\/www.institutosantosdumont.org.br\/?page_id=21640"},"modified":"2021-05-17T10:46:41","modified_gmt":"2021-05-17T13:46:41","slug":"expediente-2","status":"publish","type":"page","link":"https:\/\/institutosantosdumont.org.br\/es\/expediente-2\/","title":{"rendered":"Horas"},"content":{"rendered":"<div data-elementor-type=\"wp-post\" data-elementor-id=\"21640\" class=\"elementor elementor-21640\" data-elementor-post-type=\"page\">\n\t\t\t\t\t\t<section class=\"elementor-section elementor-top-section elementor-element elementor-element-a463a90 elementor-section-boxed elementor-section-height-default elementor-section-height-default\" data-id=\"a463a90\" data-element_type=\"section\">\n\t\t\t\t\t\t<div class=\"elementor-container elementor-column-gap-default\">\n\t\t\t\t\t<div class=\"elementor-column elementor-col-100 elementor-top-column elementor-element elementor-element-299caeb\" data-id=\"299caeb\" data-element_type=\"column\">\n\t\t\t<div class=\"elementor-widget-wrap elementor-element-populated\">\n\t\t\t\t\t\t<div class=\"elementor-element elementor-element-129b853 elementor-widget elementor-widget-text-editor\" data-id=\"129b853\" data-element_type=\"widget\" data-widget_type=\"text-editor.default\">\n\t\t\t\t<div class=\"elementor-widget-container\">\n\t\t\t\t\t\t\t\t\t<h2><strong>Actas del Simposio de Neuroingenier\u00eda - Calendario\u00a0<\/strong><\/h2>\t\t\t\t\t\t\t\t<\/div>\n\t\t\t\t<\/div>\n\t\t\t\t\t<\/div>\n\t\t<\/div>\n\t\t\t\t\t<\/div>\n\t\t<\/section>\n\t\t\t\t<section class=\"elementor-section elementor-top-section elementor-element elementor-element-4125668 elementor-section-boxed elementor-section-height-default elementor-section-height-default\" data-id=\"4125668\" data-element_type=\"section\">\n\t\t\t\t\t\t<div class=\"elementor-container elementor-column-gap-default\">\n\t\t\t\t\t<div class=\"elementor-column elementor-col-100 elementor-top-column elementor-element elementor-element-4e1cd10\" data-id=\"4e1cd10\" data-element_type=\"column\">\n\t\t\t<div class=\"elementor-widget-wrap elementor-element-populated\">\n\t\t\t\t\t\t<div class=\"elementor-element elementor-element-c26ebb9 elementor-widget elementor-widget-text-editor\" data-id=\"c26ebb9\" data-element_type=\"widget\" data-widget_type=\"text-editor.default\">\n\t\t\t\t<div class=\"elementor-widget-container\">\n\t\t\t\t\t\t\t\t\t<p><br \/><strong>Editor(es):<\/strong> Marcelo Carvalho, Camila Campos, Fabr\u00edcio Brasil, Edgard Morya.<\/p><p><br \/><strong>Frecuencia:<\/strong> Anual.<\/p><p><br \/><em>Instituto de Docencia e Investigaci\u00f3n (ISD) Alberto Santos Dumont.<\/em><br \/><em>Estrada Vicinal, no 1.560, Zona Rural, CEP 59280-000, Maca\u00edba\/RN.<\/em><br \/><em>Secretar\u00eda de Investigaci\u00f3n y Posgrado \/ ISD.<\/em><\/p>\t\t\t\t\t\t\t\t<\/div>\n\t\t\t\t<\/div>\n\t\t\t\t\t<\/div>\n\t\t<\/div>\n\t\t\t\t\t<\/div>\n\t\t<\/section>\n\t\t\t\t<\/div>","protected":false},"excerpt":{"rendered":"<p>Actas del Simposio de Neuroingenier\u00eda \u2013 Editor(es) del equipo editorial: Marcelo Carvalho, Camila Campos, Fabr\u00edcio Brasil, Edgard Morya. Frecuencia: Anual. Instituto de Docencia e Investigaci\u00f3n Alberto Santos Dumont (ISD). Estrada Vicinal, no 1.560, Zona Rural, CEP 59280-000, Maca\u00edba\/RN. Secretar\u00eda de Investigaci\u00f3n y Posgrado \/ ISD.<\/p>","protected":false},"author":10,"featured_media":0,"parent":0,"menu_order":0,"comment_status":"closed","ping_status":"closed","template":"template-page.php","meta":{"_acf_changed":false,"footnotes":""},"class_list":["post-21640","page","type-page","status-publish","hentry"],"acf":[],"_links":{"self":[{"href":"https:\/\/institutosantosdumont.org.br\/es\/wp-json\/wp\/v2\/pages\/21640","targetHints":{"allow":["GET"]}}],"collection":[{"href":"https:\/\/institutosantosdumont.org.br\/es\/wp-json\/wp\/v2\/pages"}],"about":[{"href":"https:\/\/institutosantosdumont.org.br\/es\/wp-json\/wp\/v2\/types\/page"}],"author":[{"embeddable":true,"href":"https:\/\/institutosantosdumont.org.br\/es\/wp-json\/wp\/v2\/users\/10"}],"replies":[{"embeddable":true,"href":"https:\/\/institutosantosdumont.org.br\/es\/wp-json\/wp\/v2\/comments?post=21640"}],"version-history":[{"count":0,"href":"https:\/\/institutosantosdumont.org.br\/es\/wp-json\/wp\/v2\/pages\/21640\/revisions"}],"wp:attachment":[{"href":"https:\/\/institutosantosdumont.org.br\/es\/wp-json\/wp\/v2\/media?parent=21640"}],"curies":[{"name":"wp","href":"https:\/\/api.w.org\/{rel}","templated":true}]}}