{"id":21654,"date":"2021-05-13T11:46:21","date_gmt":"2021-05-13T14:46:21","guid":{"rendered":"http:\/\/www.institutosantosdumont.org.br\/?page_id=21654"},"modified":"2022-09-26T09:07:31","modified_gmt":"2022-09-26T12:07:31","slug":"edicao-2021","status":"publish","type":"page","link":"https:\/\/institutosantosdumont.org.br\/es\/edicao-2021\/","title":{"rendered":"VII Simposio de Neuroingenier\u00eda \u2013 2021"},"content":{"rendered":"<div data-elementor-type=\"wp-post\" data-elementor-id=\"21654\" class=\"elementor elementor-21654\" data-elementor-post-type=\"page\">\n\t\t\t\t\t\t<section class=\"elementor-section elementor-top-section elementor-element elementor-element-ba5a21a elementor-section-boxed elementor-section-height-default elementor-section-height-default\" data-id=\"ba5a21a\" data-element_type=\"section\">\n\t\t\t\t\t\t<div class=\"elementor-container elementor-column-gap-default\">\n\t\t\t\t\t<div class=\"elementor-column elementor-col-100 elementor-top-column elementor-element elementor-element-fcb1ecc\" data-id=\"fcb1ecc\" data-element_type=\"column\">\n\t\t\t<div class=\"elementor-widget-wrap elementor-element-populated\">\n\t\t\t\t\t\t<div class=\"elementor-element elementor-element-703d180 elementor-widget elementor-widget-image\" data-id=\"703d180\" data-element_type=\"widget\" data-widget_type=\"image.default\">\n\t\t\t\t<div class=\"elementor-widget-container\">\n\t\t\t\t\t\t\t\t\t\t\t\t\t\t\t<img fetchpriority=\"high\" decoding=\"async\" width=\"800\" height=\"299\" src=\"https:\/\/institutosantosdumont.org.br\/wp-content\/uploads\/2021\/09\/VII-Simposio-de-neuroengenharia-2-1024x383.png\" class=\"attachment-large size-large wp-image-22541\" alt=\"\" srcset=\"https:\/\/institutosantosdumont.org.br\/wp-content\/uploads\/2021\/09\/VII-Simposio-de-neuroengenharia-2-1024x383.png 1024w, https:\/\/institutosantosdumont.org.br\/wp-content\/uploads\/2021\/09\/VII-Simposio-de-neuroengenharia-2-300x112.png 300w, https:\/\/institutosantosdumont.org.br\/wp-content\/uploads\/2021\/09\/VII-Simposio-de-neuroengenharia-2-768x287.png 768w\" sizes=\"(max-width: 800px) 100vw, 800px\" \/>\t\t\t\t\t\t\t\t\t\t\t\t\t\t\t<\/div>\n\t\t\t\t<\/div>\n\t\t\t\t<div class=\"elementor-element elementor-element-c2bfbb0 elementor-widget elementor-widget-text-editor\" data-id=\"c2bfbb0\" data-element_type=\"widget\" data-widget_type=\"text-editor.default\">\n\t\t\t\t<div class=\"elementor-widget-container\">\n\t\t\t\t\t\t\t\t\t<p>EL <b>VII edici\u00f3n del Simposio de Neuroingenier\u00eda<\/b>, un evento promovido por<b> Instituto Santos Dumont<\/b>, se llev\u00f3 a cabo del 18 al 20 de octubre de 2021 de forma totalmente virtual y gratuita.\u00a0<\/p>\t\t\t\t\t\t\t\t<\/div>\n\t\t\t\t<\/div>\n\t\t\t\t\t<\/div>\n\t\t<\/div>\n\t\t\t\t\t<\/div>\n\t\t<\/section>\n\t\t\t\t<section class=\"elementor-section elementor-top-section elementor-element elementor-element-ddade1b elementor-section-boxed elementor-section-height-default elementor-section-height-default\" data-id=\"ddade1b\" data-element_type=\"section\">\n\t\t\t\t\t\t<div class=\"elementor-container elementor-column-gap-no\">\n\t\t\t\t\t<div class=\"elementor-column elementor-col-33 elementor-top-column elementor-element elementor-element-60721ef\" data-id=\"60721ef\" data-element_type=\"column\" data-settings=\"{&quot;background_background&quot;:&quot;classic&quot;}\">\n\t\t\t<div class=\"elementor-widget-wrap elementor-element-populated\">\n\t\t\t\t\t\t<div class=\"elementor-element elementor-element-42cae5f elementor-position-inline-start elementor-view-default elementor-mobile-position-block-start elementor-widget elementor-widget-icon-box\" data-id=\"42cae5f\" data-element_type=\"widget\" data-widget_type=\"icon-box.default\">\n\t\t\t\t<div class=\"elementor-widget-container\">\n\t\t\t\t\t\t\t<div class=\"elementor-icon-box-wrapper\">\n\n\t\t\t\t\t\t<div class=\"elementor-icon-box-icon\">\n\t\t\t\t<span  class=\"elementor-icon\">\n\t\t\t\t<i class=\"fa fa-user\" aria-hidden=\"true\"><\/i>\t\t\t\t<\/span>\n\t\t\t<\/div>\n\t\t\t\n\t\t\t\t\t\t<div class=\"elementor-icon-box-content\">\n\n\t\t\t\t\t\t\t\t\t<h3 class=\"elementor-icon-box-title\">\n\t\t\t\t\t\t<span  >\n\t\t\t\t\t\t\t709\t\t\t\t\t\t<\/span>\n\t\t\t\t\t<\/h3>\n\t\t\t\t\n\t\t\t\t\t\t\t\t\t<p class=\"elementor-icon-box-description\">\n\t\t\t\t\t\tinscripciones<br>para el evento <br>\t\t\t\t\t<\/p>\n\t\t\t\t\n\t\t\t<\/div>\n\t\t\t\n\t\t<\/div>\n\t\t\t\t\t\t<\/div>\n\t\t\t\t<\/div>\n\t\t\t\t\t<\/div>\n\t\t<\/div>\n\t\t\t\t<div class=\"elementor-column elementor-col-33 elementor-top-column elementor-element elementor-element-9dde357\" data-id=\"9dde357\" data-element_type=\"column\" data-settings=\"{&quot;background_background&quot;:&quot;classic&quot;}\">\n\t\t\t<div class=\"elementor-widget-wrap elementor-element-populated\">\n\t\t\t\t\t\t<div class=\"elementor-element elementor-element-1deee98 elementor-position-inline-start elementor-view-default elementor-mobile-position-block-start elementor-widget elementor-widget-icon-box\" data-id=\"1deee98\" data-element_type=\"widget\" data-widget_type=\"icon-box.default\">\n\t\t\t\t<div class=\"elementor-widget-container\">\n\t\t\t\t\t\t\t<div class=\"elementor-icon-box-wrapper\">\n\n\t\t\t\t\t\t<div class=\"elementor-icon-box-icon\">\n\t\t\t\t<span  class=\"elementor-icon\">\n\t\t\t\t<i class=\"fa fa-user-plus\" aria-hidden=\"true\"><\/i>\t\t\t\t<\/span>\n\t\t\t<\/div>\n\t\t\t\n\t\t\t\t\t\t<div class=\"elementor-icon-box-content\">\n\n\t\t\t\t\t\t\t\t\t<h3 class=\"elementor-icon-box-title\">\n\t\t\t\t\t\t<span  >\n\t\t\t\t\t\t\t10.209\t\t\t\t\t\t<\/span>\n\t\t\t\t\t<\/h3>\n\t\t\t\t\n\t\t\t\t\t\t\t\t\t<p class=\"elementor-icon-box-description\">\n\t\t\t\t\t\tvistas de contenido en la plataforma\t\t\t\t\t<\/p>\n\t\t\t\t\n\t\t\t<\/div>\n\t\t\t\n\t\t<\/div>\n\t\t\t\t\t\t<\/div>\n\t\t\t\t<\/div>\n\t\t\t\t\t<\/div>\n\t\t<\/div>\n\t\t\t\t<div class=\"elementor-column elementor-col-33 elementor-top-column elementor-element elementor-element-d406fc0\" data-id=\"d406fc0\" data-element_type=\"column\" data-settings=\"{&quot;background_background&quot;:&quot;classic&quot;}\">\n\t\t\t<div class=\"elementor-widget-wrap elementor-element-populated\">\n\t\t\t\t\t\t<div class=\"elementor-element elementor-element-7d974f3 elementor-position-inline-start elementor-view-default elementor-mobile-position-block-start elementor-widget elementor-widget-icon-box\" data-id=\"7d974f3\" data-element_type=\"widget\" data-widget_type=\"icon-box.default\">\n\t\t\t\t<div class=\"elementor-widget-container\">\n\t\t\t\t\t\t\t<div class=\"elementor-icon-box-wrapper\">\n\n\t\t\t\t\t\t<div class=\"elementor-icon-box-icon\">\n\t\t\t\t<span  class=\"elementor-icon\">\n\t\t\t\t<i class=\"fa fa-graduation-cap\" aria-hidden=\"true\"><\/i>\t\t\t\t<\/span>\n\t\t\t<\/div>\n\t\t\t\n\t\t\t\t\t\t<div class=\"elementor-icon-box-content\">\n\n\t\t\t\t\t\t\t\t\t<h3 class=\"elementor-icon-box-title\">\n\t\t\t\t\t\t<span  >\n\t\t\t\t\t\t\t59\t\t\t\t\t\t<\/span>\n\t\t\t\t\t<\/h3>\n\t\t\t\t\n\t\t\t\t\t\t\t\t\t<p class=\"elementor-icon-box-description\">\n\t\t\t\t\t\ttrabajos presentados<br>\t\t\t\t\t<\/p>\n\t\t\t\t\n\t\t\t<\/div>\n\t\t\t\n\t\t<\/div>\n\t\t\t\t\t\t<\/div>\n\t\t\t\t<\/div>\n\t\t\t\t\t<\/div>\n\t\t<\/div>\n\t\t\t\t\t<\/div>\n\t\t<\/section>\n\t\t\t\t<section class=\"elementor-section elementor-top-section elementor-element elementor-element-034c29d elementor-section-boxed elementor-section-height-default elementor-section-height-default\" data-id=\"034c29d\" data-element_type=\"section\">\n\t\t\t\t\t\t<div class=\"elementor-container elementor-column-gap-default\">\n\t\t\t\t\t<div class=\"elementor-column elementor-col-100 elementor-top-column elementor-element elementor-element-8082d2e\" data-id=\"8082d2e\" data-element_type=\"column\">\n\t\t\t<div class=\"elementor-widget-wrap elementor-element-populated\">\n\t\t\t\t\t\t<div class=\"elementor-element elementor-element-2466f94 elementor-button-warning elementor-align-center elementor-widget elementor-widget-button\" data-id=\"2466f94\" data-element_type=\"widget\" data-widget_type=\"button.default\">\n\t\t\t\t<div class=\"elementor-widget-container\">\n\t\t\t\t\t\t\t\t\t<div class=\"elementor-button-wrapper\">\n\t\t\t\t\t<a class=\"elementor-button elementor-button-link elementor-size-sm\" href=\"https:\/\/institutosantosdumont.org.br\/wp-content\/uploads\/2022\/01\/ARTIGOS-SIMP%C3%93SIO-DE-NEUROENGENHARIA-2021.pdf\">\n\t\t\t\t\t\t<span class=\"elementor-button-content-wrapper\">\n\t\t\t\t\t\t\t\t\t<span class=\"elementor-button-text\">Haga clic para acceder a las obras aprobadas <\/span>\n\t\t\t\t\t<\/span>\n\t\t\t\t\t<\/a>\n\t\t\t\t<\/div>\n\t\t\t\t\t\t\t\t<\/div>\n\t\t\t\t<\/div>\n\t\t\t\t\t<\/div>\n\t\t<\/div>\n\t\t\t\t\t<\/div>\n\t\t<\/section>\n\t\t\t\t<section class=\"elementor-section elementor-top-section elementor-element elementor-element-a1af953 elementor-section-boxed elementor-section-height-default elementor-section-height-default\" data-id=\"a1af953\" data-element_type=\"section\">\n\t\t\t\t\t\t<div class=\"elementor-container elementor-column-gap-default\">\n\t\t\t\t\t<div class=\"elementor-column elementor-col-100 elementor-top-column elementor-element elementor-element-b6f44e7\" data-id=\"b6f44e7\" data-element_type=\"column\">\n\t\t\t<div class=\"elementor-widget-wrap elementor-element-populated\">\n\t\t\t\t\t\t<div class=\"elementor-element elementor-element-0c94868 elementor-widget elementor-widget-text-editor\" data-id=\"0c94868\" data-element_type=\"widget\" data-widget_type=\"text-editor.default\">\n\t\t\t\t<div class=\"elementor-widget-container\">\n\t\t\t\t\t\t\t\t\t<h3><strong>Haga clic para ver las charlas del VII Simposio de Neuroingenier\u00eda<\/strong><\/h3>\t\t\t\t\t\t\t\t<\/div>\n\t\t\t\t<\/div>\n\t\t\t\t<div class=\"elementor-element elementor-element-6b6e351 elementor-skin-carousel elementor-arrows-yes elementor-pagination-type-bullets elementor-pagination-position-outside elementor-widget elementor-widget-media-carousel\" data-id=\"6b6e351\" data-element_type=\"widget\" data-settings=\"{&quot;skin&quot;:&quot;carousel&quot;,&quot;effect&quot;:&quot;slide&quot;,&quot;show_arrows&quot;:&quot;yes&quot;,&quot;pagination&quot;:&quot;bullets&quot;,&quot;speed&quot;:500,&quot;autoplay&quot;:&quot;yes&quot;,&quot;autoplay_speed&quot;:5000,&quot;loop&quot;:&quot;yes&quot;,&quot;pause_on_hover&quot;:&quot;yes&quot;,&quot;pause_on_interaction&quot;:&quot;yes&quot;,&quot;space_between&quot;:{&quot;unit&quot;:&quot;px&quot;,&quot;size&quot;:10,&quot;sizes&quot;:[]},&quot;space_between_tablet&quot;:{&quot;unit&quot;:&quot;px&quot;,&quot;size&quot;:10,&quot;sizes&quot;:[]},&quot;space_between_mobile&quot;:{&quot;unit&quot;:&quot;px&quot;,&quot;size&quot;:10,&quot;sizes&quot;:[]}}\" data-widget_type=\"media-carousel.default\">\n\t\t\t\t<div class=\"elementor-widget-container\">\n\t\t\t\t\t\t\t\t\t<div class=\"elementor-swiper\">\n\t\t\t\t\t<div class=\"elementor-main-swiper swiper\" role=\"region\" aria-roledescription=\"carousel\" aria-label=\"Diapositivas\">\n\t\t\t\t<div class=\"swiper-wrapper\">\n\t\t\t\t\t\t\t\t\t\t\t<div class=\"swiper-slide\" role=\"group\" aria-roledescription=\"slide\">\n\t\t\t\t\t\t\t<a href=\"https:\/\/youtu.be\/yDA4GIFsgCM\" target=\"_blank\" rel=\"noopener noreferrer nofollow\">\t\t<div class=\"elementor-carousel-image\" role=\"img\" aria-label=\"Memoria de reconocimiento de objetos que procesa prote\u00ednas clave involucradas (1)\" style=\"background-image: url(&#039;https:\/\/institutosantosdumont.org.br\/wp-content\/uploads\/2022\/03\/Processamento-da-mem\u00f3ria-de-reconhecimento-de-objetos-prote\u00ednas-chave-envolvidas-1.png&#039;)\">\n\n\t\t\t\n\t\t\t\t\t<\/div>\n\t\t<\/a>\t\t\t\t\t\t<\/div>\n\t\t\t\t\t\t\t\t\t\t\t<div class=\"swiper-slide\" role=\"group\" aria-roledescription=\"slide\">\n\t\t\t\t\t\t\t<a href=\"https:\/\/youtu.be\/5wzvPUkue6c\" target=\"_blank\" rel=\"noopener noreferrer nofollow\">\t\t<div class=\"elementor-carousel-image\" role=\"img\" aria-label=\"La memoria de reconocimiento de objetos procesa las prote\u00ednas clave involucradas\" style=\"background-image: url(&#039;https:\/\/institutosantosdumont.org.br\/wp-content\/uploads\/2022\/03\/Processamento-da-mem\u00f3ria-de-reconhecimento-de-objetos-prote\u00ednas-chave-envolvidas.png&#039;)\">\n\n\t\t\t\n\t\t\t\t\t<\/div>\n\t\t<\/a>\t\t\t\t\t\t<\/div>\n\t\t\t\t\t\t\t\t\t\t\t<div class=\"swiper-slide\" role=\"group\" aria-roledescription=\"slide\">\n\t\t\t\t\t\t\t<a href=\"https:\/\/youtu.be\/s63FHZRz1Z8\" target=\"_blank\" rel=\"noopener noreferrer nofollow\">\t\t<div class=\"elementor-carousel-image\" role=\"img\" aria-label=\"Uso de potenciales de campo para estudiar el funcionamiento del hipocampo\" style=\"background-image: url(&#039;https:\/\/institutosantosdumont.org.br\/wp-content\/uploads\/2022\/03\/Usando-potenciais-de-campo-para-estudar-o-funcionamento-do-hipocampo.png&#039;)\">\n\n\t\t\t\n\t\t\t\t\t<\/div>\n\t\t<\/a>\t\t\t\t\t\t<\/div>\n\t\t\t\t\t\t\t\t\t\t\t<div class=\"swiper-slide\" role=\"group\" aria-roledescription=\"slide\">\n\t\t\t\t\t\t\t<a href=\"https:\/\/youtu.be\/OL2vu_MYPX8\" target=\"_blank\" rel=\"noopener noreferrer nofollow\">\t\t<div class=\"elementor-carousel-image\" role=\"img\" aria-label=\"Papel del movimiento en la forma en que percibimos las emociones de los rostros\" style=\"background-image: url(&#039;https:\/\/institutosantosdumont.org.br\/wp-content\/uploads\/2022\/03\/Role-of-movement-in-the-way-we-perceive-emotion-from-faces.png&#039;)\">\n\n\t\t\t\n\t\t\t\t\t<\/div>\n\t\t<\/a>\t\t\t\t\t\t<\/div>\n\t\t\t\t\t\t\t\t\t\t\t<div class=\"swiper-slide\" role=\"group\" aria-roledescription=\"slide\">\n\t\t\t\t\t\t\t<a href=\"https:\/\/youtu.be\/Lul6FGwQ5Ok\" target=\"_blank\" rel=\"noopener noreferrer nofollow\">\t\t<div class=\"elementor-carousel-image\" role=\"img\" aria-label=\"La neuromodulaci\u00f3n como herramienta para modificar recuerdos traum\u00e1ticos.\" style=\"background-image: url(&#039;https:\/\/institutosantosdumont.org.br\/wp-content\/uploads\/2022\/03\/Neuromodula\u00e7\u00e3o-como-ferramenta-para-modificar-mem\u00f3rias-traum\u00e1ticas.png&#039;)\">\n\n\t\t\t\n\t\t\t\t\t<\/div>\n\t\t<\/a>\t\t\t\t\t\t<\/div>\n\t\t\t\t\t\t\t\t\t\t\t<div class=\"swiper-slide\" role=\"group\" aria-roledescription=\"slide\">\n\t\t\t\t\t\t\t<a href=\"https:\/\/youtu.be\/2uwezPberWo\" target=\"_blank\" rel=\"noopener noreferrer nofollow\">\t\t<div class=\"elementor-carousel-image\" role=\"img\" aria-label=\"Ciencia y tecnolog\u00eda como aliados de la transformaci\u00f3n social\" style=\"background-image: url(&#039;https:\/\/institutosantosdumont.org.br\/wp-content\/uploads\/2022\/03\/Ci\u00eancia-e-tecnologia-como-aliadas-da-transforma\u00e7\u00e3o-social.png&#039;)\">\n\n\t\t\t\n\t\t\t\t\t<\/div>\n\t\t<\/a>\t\t\t\t\t\t<\/div>\n\t\t\t\t\t\t\t\t\t\t\t<div class=\"swiper-slide\" role=\"group\" aria-roledescription=\"slide\">\n\t\t\t\t\t\t\t<a href=\"https:\/\/youtu.be\/WWfk342jOcg\" target=\"_blank\" rel=\"noopener noreferrer nofollow\">\t\t<div class=\"elementor-carousel-image\" role=\"img\" aria-label=\"Modelado de la terapia EMDR en ratas para explorar un nuevo mecanismo de acci\u00f3n\" style=\"background-image: url(&#039;https:\/\/institutosantosdumont.org.br\/wp-content\/uploads\/2022\/03\/Modelling-EMDR-therapy-in-rats-to-explore-a-novel-mechanism-of-action.png&#039;)\">\n\n\t\t\t\n\t\t\t\t\t<\/div>\n\t\t<\/a>\t\t\t\t\t\t<\/div>\n\t\t\t\t\t\t\t\t\t\t\t<div class=\"swiper-slide\" role=\"group\" aria-roledescription=\"slide\">\n\t\t\t\t\t\t\t<a href=\"https:\/\/youtu.be\/N_ovFdsnvGk\" target=\"_blank\" rel=\"noopener noreferrer nofollow\">\t\t<div class=\"elementor-carousel-image\" role=\"img\" aria-label=\"Conectividad funcional de la corteza retroesplenial en la memoria de reconocimiento.\" style=\"background-image: url(&#039;https:\/\/institutosantosdumont.org.br\/wp-content\/uploads\/2022\/03\/Conectividade-funcional-do-cortex-retrosplenial-na-mem\u00f3ria-de-reconhecimento.png&#039;)\">\n\n\t\t\t\n\t\t\t\t\t<\/div>\n\t\t<\/a>\t\t\t\t\t\t<\/div>\n\t\t\t\t\t\t\t\t\t\t\t<div class=\"swiper-slide\" role=\"group\" aria-roledescription=\"slide\">\n\t\t\t\t\t\t\t<a href=\"https:\/\/youtu.be\/_etLmhLtu48\" target=\"_blank\" rel=\"noopener noreferrer nofollow\">\t\t<div class=\"elementor-carousel-image\" role=\"img\" aria-label=\"Correlatos neuronales para la ejecuci\u00f3n temporal de acciones en el estriado dorsal.\" style=\"background-image: url(&#039;https:\/\/institutosantosdumont.org.br\/wp-content\/uploads\/2022\/03\/Neuronal-correlates-for-the-timely-execution-of-actions-in-the-dorsal-striatum.png&#039;)\">\n\n\t\t\t\n\t\t\t\t\t<\/div>\n\t\t<\/a>\t\t\t\t\t\t<\/div>\n\t\t\t\t\t\t\t\t\t\t\t<div class=\"swiper-slide\" role=\"group\" aria-roledescription=\"slide\">\n\t\t\t\t\t\t\t<a href=\"https:\/\/youtu.be\/6KkPB7V-q14\" target=\"_blank\" rel=\"noopener noreferrer nofollow\">\t\t<div class=\"elementor-carousel-image\" role=\"img\" aria-label=\"Optimizaci\u00f3n de la retroalimentaci\u00f3n sensorial en una interfaz cerebro-m\u00e1quina de circuito cerrado cortical en ratones\" style=\"background-image: url(&#039;https:\/\/institutosantosdumont.org.br\/wp-content\/uploads\/2022\/03\/Optimizing-sensory-feedback-in-a-cortical-closed-loop-brain-machine-interface-in-mice.png&#039;)\">\n\n\t\t\t\n\t\t\t\t\t<\/div>\n\t\t<\/a>\t\t\t\t\t\t<\/div>\n\t\t\t\t\t\t\t\t\t\t\t<div class=\"swiper-slide\" role=\"group\" aria-roledescription=\"slide\">\n\t\t\t\t\t\t\t<a href=\"https:\/\/youtu.be\/jGFpYCb9tFM\" target=\"_blank\" rel=\"noopener noreferrer nofollow\">\t\t<div class=\"elementor-carousel-image\" role=\"img\" aria-label=\"Un enfoque modular para las neuropr\u00f3tesis\" style=\"background-image: url(&#039;https:\/\/institutosantosdumont.org.br\/wp-content\/uploads\/2022\/03\/A-modular-approach-for-Neuroprosthetics.png&#039;)\">\n\n\t\t\t\n\t\t\t\t\t<\/div>\n\t\t<\/a>\t\t\t\t\t\t<\/div>\n\t\t\t\t\t\t\t\t\t<\/div>\n\t\t\t\t\t\t\t\t\t\t\t\t\t\t\t<div class=\"elementor-swiper-button elementor-swiper-button-prev\" role=\"button\" tabindex=\"0\" aria-label=\"Anterior\">\n\t\t\t\t\t\t\t<i aria-hidden=\"true\" class=\"eicon-chevron-left\"><\/i>\t\t\t\t\t\t<\/div>\n\t\t\t\t\t\t<div class=\"elementor-swiper-button elementor-swiper-button-next\" role=\"button\" tabindex=\"0\" aria-label=\"Pr\u00f3ximo\">\n\t\t\t\t\t\t\t<i aria-hidden=\"true\" class=\"eicon-chevron-right\"><\/i>\t\t\t\t\t\t<\/div>\n\t\t\t\t\t\t\t\t\t\t\t\t\t\t\t\t<div class=\"swiper-pagination\"><\/div>\n\t\t\t\t\t\t\t\t\t\t\t\t<\/div>\n\t\t\t\t<\/div>\n\t\t\t\t\t\t\t\t<\/div>\n\t\t\t\t<\/div>\n\t\t\t\t\t<\/div>\n\t\t<\/div>\n\t\t\t\t\t<\/div>\n\t\t<\/section>\n\t\t\t\t<section class=\"elementor-section elementor-top-section elementor-element elementor-element-26f060c elementor-section-boxed elementor-section-height-default elementor-section-height-default\" data-id=\"26f060c\" data-element_type=\"section\">\n\t\t\t\t\t\t<div class=\"elementor-container elementor-column-gap-default\">\n\t\t\t\t\t<div class=\"elementor-column elementor-col-100 elementor-top-column elementor-element elementor-element-6f4de64\" data-id=\"6f4de64\" data-element_type=\"column\">\n\t\t\t<div class=\"elementor-widget-wrap elementor-element-populated\">\n\t\t\t\t\t\t<div class=\"elementor-element elementor-element-bf964de elementor-widget elementor-widget-text-editor\" data-id=\"bf964de\" data-element_type=\"widget\" data-widget_type=\"text-editor.default\">\n\t\t\t\t<div class=\"elementor-widget-container\">\n\t\t\t\t\t\t\t\t\t<h3><strong>Haz clic para ver los tutoriales del VII Simposio de Neuroingenier\u00eda<\/strong><\/h3>\t\t\t\t\t\t\t\t<\/div>\n\t\t\t\t<\/div>\n\t\t\t\t<div class=\"elementor-element elementor-element-7488034 elementor-skin-carousel elementor-arrows-yes elementor-pagination-type-bullets elementor-pagination-position-outside elementor-widget elementor-widget-media-carousel\" data-id=\"7488034\" data-element_type=\"widget\" data-settings=\"{&quot;space_between&quot;:{&quot;unit&quot;:&quot;px&quot;,&quot;size&quot;:10,&quot;sizes&quot;:[]},&quot;space_between_tablet&quot;:{&quot;unit&quot;:&quot;px&quot;,&quot;size&quot;:10,&quot;sizes&quot;:[]},&quot;space_between_mobile&quot;:{&quot;unit&quot;:&quot;px&quot;,&quot;size&quot;:10,&quot;sizes&quot;:[]},&quot;skin&quot;:&quot;carousel&quot;,&quot;effect&quot;:&quot;slide&quot;,&quot;show_arrows&quot;:&quot;yes&quot;,&quot;pagination&quot;:&quot;bullets&quot;,&quot;speed&quot;:500,&quot;autoplay&quot;:&quot;yes&quot;,&quot;autoplay_speed&quot;:5000,&quot;loop&quot;:&quot;yes&quot;,&quot;pause_on_hover&quot;:&quot;yes&quot;,&quot;pause_on_interaction&quot;:&quot;yes&quot;}\" data-widget_type=\"media-carousel.default\">\n\t\t\t\t<div class=\"elementor-widget-container\">\n\t\t\t\t\t\t\t\t\t<div class=\"elementor-swiper\">\n\t\t\t\t\t<div class=\"elementor-main-swiper swiper\" role=\"region\" aria-roledescription=\"carousel\" aria-label=\"Diapositivas\">\n\t\t\t\t<div class=\"swiper-wrapper\">\n\t\t\t\t\t\t\t\t\t\t\t<div class=\"swiper-slide\" role=\"group\" aria-roledescription=\"slide\">\n\t\t\t\t\t\t\t<a href=\"https:\/\/youtu.be\/IB9yQachWiw\" target=\"_blank\" rel=\"noopener noreferrer nofollow\">\t\t<div class=\"elementor-carousel-image\" role=\"img\" aria-label=\"Inteligencia artificial (IA) para la neuroingenier\u00eda\" style=\"background-image: url(&#039;https:\/\/institutosantosdumont.org.br\/wp-content\/uploads\/2022\/03\/Intelig\u00eancia-Artificial-I.A.-para-Neuroengenharia-.png&#039;)\">\n\n\t\t\t\n\t\t\t\t\t<\/div>\n\t\t<\/a>\t\t\t\t\t\t<\/div>\n\t\t\t\t\t\t\t\t\t\t\t<div class=\"swiper-slide\" role=\"group\" aria-roledescription=\"slide\">\n\t\t\t\t\t\t\t<a href=\"https:\/\/youtu.be\/r5YtB7CJ95Y\" target=\"_blank\" rel=\"noopener noreferrer nofollow\">\t\t<div class=\"elementor-carousel-image\" role=\"img\" aria-label=\"Cirug\u00eda en modelos animales.\" style=\"background-image: url(&#039;https:\/\/institutosantosdumont.org.br\/wp-content\/uploads\/2022\/03\/Cirurgia-em-modelos-animais-.png&#039;)\">\n\n\t\t\t\n\t\t\t\t\t<\/div>\n\t\t<\/a>\t\t\t\t\t\t<\/div>\n\t\t\t\t\t\t\t\t\t\t\t<div class=\"swiper-slide\" role=\"group\" aria-roledescription=\"slide\">\n\t\t\t\t\t\t\t<a href=\"https:\/\/youtu.be\/Z6XbTOAneRo\" target=\"_blank\" rel=\"noopener noreferrer nofollow\">\t\t<div class=\"elementor-carousel-image\" role=\"img\" aria-label=\"Electrofisiolog\u00eda y neuromodulaci\u00f3n en roedores.\" style=\"background-image: url(&#039;https:\/\/institutosantosdumont.org.br\/wp-content\/uploads\/2022\/03\/Eletrofisiologia-e-neuromodula\u00e7\u00e3o-em-roedores.png&#039;)\">\n\n\t\t\t\n\t\t\t\t\t<\/div>\n\t\t<\/a>\t\t\t\t\t\t<\/div>\n\t\t\t\t\t\t\t\t\t\t\t<div class=\"swiper-slide\" role=\"group\" aria-roledescription=\"slide\">\n\t\t\t\t\t\t\t<a href=\"https:\/\/youtu.be\/rYwVXNtkYn8\" target=\"_blank\" rel=\"noopener noreferrer nofollow\">\t\t<div class=\"elementor-carousel-image\" role=\"img\" aria-label=\"T\u00e9cnicas de microscop\u00eda\" style=\"background-image: url(&#039;https:\/\/institutosantosdumont.org.br\/wp-content\/uploads\/2022\/03\/T\u00e9cnicas-de-microscopia.png&#039;)\">\n\n\t\t\t\n\t\t\t\t\t<\/div>\n\t\t<\/a>\t\t\t\t\t\t<\/div>\n\t\t\t\t\t\t\t\t\t<\/div>\n\t\t\t\t\t\t\t\t\t\t\t\t\t\t\t<div class=\"elementor-swiper-button elementor-swiper-button-prev\" role=\"button\" tabindex=\"0\" aria-label=\"Anterior\">\n\t\t\t\t\t\t\t<i aria-hidden=\"true\" class=\"eicon-chevron-left\"><\/i>\t\t\t\t\t\t<\/div>\n\t\t\t\t\t\t<div class=\"elementor-swiper-button elementor-swiper-button-next\" role=\"button\" tabindex=\"0\" aria-label=\"Pr\u00f3ximo\">\n\t\t\t\t\t\t\t<i aria-hidden=\"true\" class=\"eicon-chevron-right\"><\/i>\t\t\t\t\t\t<\/div>\n\t\t\t\t\t\t\t\t\t\t\t\t\t\t\t\t<div class=\"swiper-pagination\"><\/div>\n\t\t\t\t\t\t\t\t\t\t\t\t<\/div>\n\t\t\t\t<\/div>\n\t\t\t\t\t\t\t\t<\/div>\n\t\t\t\t<\/div>\n\t\t\t\t\t<\/div>\n\t\t<\/div>\n\t\t\t\t\t<\/div>\n\t\t<\/section>\n\t\t\t\t<section class=\"elementor-section elementor-top-section elementor-element elementor-element-a72577e elementor-section-boxed elementor-section-height-default elementor-section-height-default\" data-id=\"a72577e\" data-element_type=\"section\">\n\t\t\t\t\t\t<div class=\"elementor-container elementor-column-gap-default\">\n\t\t\t\t\t<div class=\"elementor-column elementor-col-100 elementor-top-column elementor-element elementor-element-31bace2\" data-id=\"31bace2\" data-element_type=\"column\">\n\t\t\t<div class=\"elementor-widget-wrap elementor-element-populated\">\n\t\t\t\t\t\t<div class=\"elementor-element elementor-element-49b813b elementor-widget elementor-widget-image\" data-id=\"49b813b\" data-element_type=\"widget\" data-widget_type=\"image.default\">\n\t\t\t\t<div class=\"elementor-widget-container\">\n\t\t\t\t\t\t\t\t\t\t\t\t\t\t\t<img decoding=\"async\" width=\"300\" height=\"112\" src=\"https:\/\/institutosantosdumont.org.br\/wp-content\/uploads\/2022\/03\/Design-sem-nome-13-300x112.png\" class=\"attachment-medium size-medium wp-image-23593\" alt=\"\" srcset=\"https:\/\/institutosantosdumont.org.br\/wp-content\/uploads\/2022\/03\/Design-sem-nome-13-300x112.png 300w, https:\/\/institutosantosdumont.org.br\/wp-content\/uploads\/2022\/03\/Design-sem-nome-13-768x287.png 768w, https:\/\/institutosantosdumont.org.br\/wp-content\/uploads\/2022\/03\/Design-sem-nome-13-1024x383.png 1024w\" sizes=\"(max-width: 300px) 100vw, 300px\" \/>\t\t\t\t\t\t\t\t\t\t\t\t\t\t\t<\/div>\n\t\t\t\t<\/div>\n\t\t\t\t\t<\/div>\n\t\t<\/div>\n\t\t\t\t\t<\/div>\n\t\t<\/section>\n\t\t\t\t<\/div>","protected":false},"excerpt":{"rendered":"<p>El 7\u00ba Simposio de Neuroingenier\u00eda, evento patrocinado por el Instituto Santos Dumont, se llev\u00f3 a cabo del 18 al 20 de octubre de 2021, de forma totalmente virtual y gratuita. 709 inscripciones al evento 10.209 visualizaciones del contenido en la plataforma 59 ponencias presentadas Haga clic para acceder a las ponencias aprobadas Haga clic para ver las ponencias del 7\u00ba Simposio [\u2026]<\/p>","protected":false},"author":10,"featured_media":0,"parent":0,"menu_order":0,"comment_status":"closed","ping_status":"closed","template":"template-page.php","meta":{"_acf_changed":false,"footnotes":""},"class_list":["post-21654","page","type-page","status-publish","hentry"],"acf":[],"_links":{"self":[{"href":"https:\/\/institutosantosdumont.org.br\/es\/wp-json\/wp\/v2\/pages\/21654","targetHints":{"allow":["GET"]}}],"collection":[{"href":"https:\/\/institutosantosdumont.org.br\/es\/wp-json\/wp\/v2\/pages"}],"about":[{"href":"https:\/\/institutosantosdumont.org.br\/es\/wp-json\/wp\/v2\/types\/page"}],"author":[{"embeddable":true,"href":"https:\/\/institutosantosdumont.org.br\/es\/wp-json\/wp\/v2\/users\/10"}],"replies":[{"embeddable":true,"href":"https:\/\/institutosantosdumont.org.br\/es\/wp-json\/wp\/v2\/comments?post=21654"}],"version-history":[{"count":0,"href":"https:\/\/institutosantosdumont.org.br\/es\/wp-json\/wp\/v2\/pages\/21654\/revisions"}],"wp:attachment":[{"href":"https:\/\/institutosantosdumont.org.br\/es\/wp-json\/wp\/v2\/media?parent=21654"}],"curies":[{"name":"wp","href":"https:\/\/api.w.org\/{rel}","templated":true}]}}