{"id":23405,"date":"2022-02-09T10:22:12","date_gmt":"2022-02-09T13:22:12","guid":{"rendered":"http:\/\/www.institutosantosdumont.org.br\/?page_id=23405"},"modified":"2022-03-10T16:05:28","modified_gmt":"2022-03-10T19:05:28","slug":"center-specialized-in-rehabilitation-cer-iv-isd","status":"publish","type":"page","link":"https:\/\/institutosantosdumont.org.br\/es\/center-specialized-in-rehabilitation-cer-iv-isd\/","title":{"rendered":"Centro Especializado en Rehabilitaci\u00f3n (CER IV ISD)"},"content":{"rendered":"<div data-elementor-type=\"wp-post\" data-elementor-id=\"23405\" class=\"elementor elementor-23405\" data-elementor-post-type=\"page\">\n\t\t\t\t\t\t<section class=\"elementor-section elementor-top-section elementor-element elementor-element-3909784 elementor-section-boxed elementor-section-height-default elementor-section-height-default\" data-id=\"3909784\" data-element_type=\"section\">\n\t\t\t\t\t\t<div class=\"elementor-container elementor-column-gap-default\">\n\t\t\t\t\t<div class=\"elementor-column elementor-col-100 elementor-top-column elementor-element elementor-element-8ffe787\" data-id=\"8ffe787\" data-element_type=\"column\">\n\t\t\t<div class=\"elementor-widget-wrap elementor-element-populated\">\n\t\t\t\t\t\t<div class=\"elementor-element elementor-element-29382c9 elementor-widget elementor-widget-text-editor\" data-id=\"29382c9\" data-element_type=\"widget\" data-widget_type=\"text-editor.default\">\n\t\t\t\t<div class=\"elementor-widget-container\">\n\t\t\t\t\t\t\t\t\t<p>El Instituto Santos Dumont est\u00e1 inserto en la Red de Atenci\u00f3n de Salud a Personas con Discapacidad como Centro Especializado en Rehabilitaci\u00f3n (CER), abarcando las ciudades de Maca\u00edba, Natal, Parnamirim, S\u00e3o Gon\u00e7alo do Amarante y Extremoz. Una ordenanza gubernamental (Ordenanza\/GM\/MS N\u00ba 1.842, del 6 de agosto de 2021) cambi\u00f3 oficialmente la categor\u00eda del Centro Especializado en Rehabilitaci\u00f3n, elev\u00e1ndolo de CER III a CER IV. La instituci\u00f3n atiende a pacientes con discapacidad f\u00edsica, visual, intelectual y auditiva.<\/p><p>El CER IV ISD es una operaci\u00f3n conjunta de sus dos unidades: el Centro Anita Garibaldi para la Educaci\u00f3n e Investigaci\u00f3n en Salud (Anita) y el Instituto Internacional de Neurociencias Edmond y Lily Safra (IIN-ELS), priorizando la integraci\u00f3n entre la atenci\u00f3n sanitaria de las personas con discapacidad, la actividad docente y la investigaci\u00f3n traslacional, as\u00ed como la integraci\u00f3n entre el servicio de salud, la docencia y la comunidad. Todas las acciones son acordadas con diferentes niveles gerenciales del Servicio \u00danico de Salud (SUS) para llenar los vac\u00edos asistenciales y construir respuestas a las demandas sociales.<\/p><p>El Instituto Santos Dumont es pionero en ofrecer una <strong>Programa de Maestr\u00eda en Neuroingenier\u00eda<\/strong> con un campo de investigaci\u00f3n multidisciplinario que integra neurociencias y m\u00e9todos de ingenier\u00eda con el fin de estudiar el sistema nervioso y desarrollar soluciones a las limitaciones y disfunciones asociadas a este sistema que sean aplicables a las personas atendidas por el CER IV ISD.<\/p><p>La instituci\u00f3n tambi\u00e9n es pionera en el <b>Programa de Residencia Multiprofesional en la Atenci\u00f3n de la Salud de la Persona con Discapacidad,<\/b> cuyo objetivo es educar y formar profesionales de la salud capaces de desarrollar las acciones definidas en el Plan Nacional para Personas con Discapacidad de la Derecha \u2013 \u201cVivir Sin Fronteras\u201d y que est\u00e9n comprometidos con la reducci\u00f3n de las desigualdades en los servicios de salud que enfrenta este p\u00fablico.<\/p>\t\t\t\t\t\t\t\t<\/div>\n\t\t\t\t<\/div>\n\t\t\t\t\t<\/div>\n\t\t<\/div>\n\t\t\t\t\t<\/div>\n\t\t<\/section>\n\t\t\t\t<section class=\"elementor-section elementor-top-section elementor-element elementor-element-59b273d elementor-section-boxed elementor-section-height-default elementor-section-height-default\" data-id=\"59b273d\" data-element_type=\"section\">\n\t\t\t\t\t\t<div class=\"elementor-container elementor-column-gap-default\">\n\t\t\t\t\t<div class=\"elementor-column elementor-col-33 elementor-top-column elementor-element elementor-element-b60b95b\" data-id=\"b60b95b\" data-element_type=\"column\">\n\t\t\t<div class=\"elementor-widget-wrap elementor-element-populated\">\n\t\t\t\t\t\t<div class=\"elementor-element elementor-element-c4bc9a0 elementor-widget elementor-widget-image\" data-id=\"c4bc9a0\" data-element_type=\"widget\" data-widget_type=\"image.default\">\n\t\t\t\t<div class=\"elementor-widget-container\">\n\t\t\t\t\t\t\t\t\t\t\t\t\t\t\t<img fetchpriority=\"high\" decoding=\"async\" width=\"800\" height=\"534\" src=\"https:\/\/institutosantosdumont.org.br\/wp-content\/uploads\/2022\/02\/Preceptora-multiprofissional-Fisioterapeuta-Camila-Sim\u00e3o-com-o-paciente-Leonardo-Lima-e1644343169594-1024x683.jpg\" class=\"attachment-large size-large wp-image-23355\" alt=\"\" srcset=\"https:\/\/institutosantosdumont.org.br\/wp-content\/uploads\/2022\/02\/Preceptora-multiprofissional-Fisioterapeuta-Camila-Sim\u00e3o-com-o-paciente-Leonardo-Lima-e1644343169594-1024x683.jpg 1024w, https:\/\/institutosantosdumont.org.br\/wp-content\/uploads\/2022\/02\/Preceptora-multiprofissional-Fisioterapeuta-Camila-Sim\u00e3o-com-o-paciente-Leonardo-Lima-e1644343169594-300x200.jpg 300w, https:\/\/institutosantosdumont.org.br\/wp-content\/uploads\/2022\/02\/Preceptora-multiprofissional-Fisioterapeuta-Camila-Sim\u00e3o-com-o-paciente-Leonardo-Lima-e1644343169594-768x512.jpg 768w\" sizes=\"(max-width: 800px) 100vw, 800px\" \/>\t\t\t\t\t\t\t\t\t\t\t\t\t\t\t<\/div>\n\t\t\t\t<\/div>\n\t\t\t\t\t<\/div>\n\t\t<\/div>\n\t\t\t\t<div class=\"elementor-column elementor-col-33 elementor-top-column elementor-element elementor-element-cb03cf7\" data-id=\"cb03cf7\" data-element_type=\"column\">\n\t\t\t<div class=\"elementor-widget-wrap elementor-element-populated\">\n\t\t\t\t\t\t<div class=\"elementor-element elementor-element-1f6d238 elementor-widget elementor-widget-image\" data-id=\"1f6d238\" data-element_type=\"widget\" data-widget_type=\"image.default\">\n\t\t\t\t<div class=\"elementor-widget-container\">\n\t\t\t\t\t\t\t\t\t\t\t\t\t\t\t<img decoding=\"async\" width=\"800\" height=\"600\" src=\"https:\/\/institutosantosdumont.org.br\/wp-content\/uploads\/2022\/02\/Aplica\u00e7\u00e3o-de-toxina-botul\u00ednica-em-pacientes-com-espasticidade-muscular-e1644343766601-1-1024x768.jpg\" class=\"attachment-large size-large wp-image-23357\" alt=\"\" srcset=\"https:\/\/institutosantosdumont.org.br\/wp-content\/uploads\/2022\/02\/Aplica\u00e7\u00e3o-de-toxina-botul\u00ednica-em-pacientes-com-espasticidade-muscular-e1644343766601-1-1024x768.jpg 1024w, https:\/\/institutosantosdumont.org.br\/wp-content\/uploads\/2022\/02\/Aplica\u00e7\u00e3o-de-toxina-botul\u00ednica-em-pacientes-com-espasticidade-muscular-e1644343766601-1-300x225.jpg 300w, https:\/\/institutosantosdumont.org.br\/wp-content\/uploads\/2022\/02\/Aplica\u00e7\u00e3o-de-toxina-botul\u00ednica-em-pacientes-com-espasticidade-muscular-e1644343766601-1-768x576.jpg 768w, https:\/\/institutosantosdumont.org.br\/wp-content\/uploads\/2022\/02\/Aplica\u00e7\u00e3o-de-toxina-botul\u00ednica-em-pacientes-com-espasticidade-muscular-e1644343766601-1.jpg 2000w\" sizes=\"(max-width: 800px) 100vw, 800px\" \/>\t\t\t\t\t\t\t\t\t\t\t\t\t\t\t<\/div>\n\t\t\t\t<\/div>\n\t\t\t\t\t<\/div>\n\t\t<\/div>\n\t\t\t\t<div class=\"elementor-column elementor-col-33 elementor-top-column elementor-element elementor-element-78c4ee0\" data-id=\"78c4ee0\" data-element_type=\"column\">\n\t\t\t<div class=\"elementor-widget-wrap elementor-element-populated\">\n\t\t\t\t\t\t<div class=\"elementor-element elementor-element-e16a040 elementor-widget elementor-widget-image\" data-id=\"e16a040\" data-element_type=\"widget\" data-widget_type=\"image.default\">\n\t\t\t\t<div class=\"elementor-widget-container\">\n\t\t\t\t\t\t\t\t\t\t\t\t\t\t\t<img decoding=\"async\" width=\"800\" height=\"533\" src=\"https:\/\/institutosantosdumont.org.br\/wp-content\/uploads\/2022\/02\/Preceptora-multiprofissional-terapeuta-ocupacional-Thays-Br\u00edgido-em-atendimento-na-sala-de-Integra\u00e7\u00e3o-Sensorial-do-Anita-1024x682.jpeg\" class=\"attachment-large size-large wp-image-23325\" alt=\"\" srcset=\"https:\/\/institutosantosdumont.org.br\/wp-content\/uploads\/2022\/02\/Preceptora-multiprofissional-terapeuta-ocupacional-Thays-Br\u00edgido-em-atendimento-na-sala-de-Integra\u00e7\u00e3o-Sensorial-do-Anita-1024x682.jpeg 1024w, https:\/\/institutosantosdumont.org.br\/wp-content\/uploads\/2022\/02\/Preceptora-multiprofissional-terapeuta-ocupacional-Thays-Br\u00edgido-em-atendimento-na-sala-de-Integra\u00e7\u00e3o-Sensorial-do-Anita-300x200.jpeg 300w, https:\/\/institutosantosdumont.org.br\/wp-content\/uploads\/2022\/02\/Preceptora-multiprofissional-terapeuta-ocupacional-Thays-Br\u00edgido-em-atendimento-na-sala-de-Integra\u00e7\u00e3o-Sensorial-do-Anita-768x512.jpeg 768w, https:\/\/institutosantosdumont.org.br\/wp-content\/uploads\/2022\/02\/Preceptora-multiprofissional-terapeuta-ocupacional-Thays-Br\u00edgido-em-atendimento-na-sala-de-Integra\u00e7\u00e3o-Sensorial-do-Anita.jpeg 1280w\" sizes=\"(max-width: 800px) 100vw, 800px\" \/>\t\t\t\t\t\t\t\t\t\t\t\t\t\t\t<\/div>\n\t\t\t\t<\/div>\n\t\t\t\t\t<\/div>\n\t\t<\/div>\n\t\t\t\t\t<\/div>\n\t\t<\/section>\n\t\t\t\t<section class=\"elementor-section elementor-top-section elementor-element elementor-element-2815496 elementor-section-boxed elementor-section-height-default elementor-section-height-default\" data-id=\"2815496\" data-element_type=\"section\">\n\t\t\t\t\t\t<div class=\"elementor-container elementor-column-gap-default\">\n\t\t\t\t\t<div class=\"elementor-column elementor-col-100 elementor-top-column elementor-element elementor-element-105c29c\" data-id=\"105c29c\" data-element_type=\"column\">\n\t\t\t<div class=\"elementor-widget-wrap elementor-element-populated\">\n\t\t\t\t\t\t<div class=\"elementor-element elementor-element-1100a91 elementor-widget-divider--view-line elementor-widget elementor-widget-divider\" data-id=\"1100a91\" data-element_type=\"widget\" data-widget_type=\"divider.default\">\n\t\t\t\t<div class=\"elementor-widget-container\">\n\t\t\t\t\t\t\t<div class=\"elementor-divider\">\n\t\t\t<span class=\"elementor-divider-separator\">\n\t\t\t\t\t\t<\/span>\n\t\t<\/div>\n\t\t\t\t\t\t<\/div>\n\t\t\t\t<\/div>\n\t\t\t\t\t<\/div>\n\t\t<\/div>\n\t\t\t\t\t<\/div>\n\t\t<\/section>\n\t\t\t\t<section class=\"elementor-section elementor-top-section elementor-element elementor-element-fd1bc6f elementor-section-boxed elementor-section-height-default elementor-section-height-default\" data-id=\"fd1bc6f\" data-element_type=\"section\">\n\t\t\t\t\t\t<div class=\"elementor-container elementor-column-gap-default\">\n\t\t\t\t\t<div class=\"elementor-column elementor-col-100 elementor-top-column elementor-element elementor-element-93374a6\" data-id=\"93374a6\" data-element_type=\"column\">\n\t\t\t<div class=\"elementor-widget-wrap elementor-element-populated\">\n\t\t\t\t\t\t<div class=\"elementor-element elementor-element-973abbf elementor-widget elementor-widget-text-editor\" data-id=\"973abbf\" data-element_type=\"widget\" data-widget_type=\"text-editor.default\">\n\t\t\t\t<div class=\"elementor-widget-container\">\n\t\t\t\t\t\t\t\t\t<h2><strong>Cl\u00ednicas<\/strong><\/h2>\t\t\t\t\t\t\t\t<\/div>\n\t\t\t\t<\/div>\n\t\t\t\t\t<\/div>\n\t\t<\/div>\n\t\t\t\t\t<\/div>\n\t\t<\/section>\n\t\t\t\t<section class=\"elementor-section elementor-top-section elementor-element elementor-element-cebf2d9 elementor-section-boxed elementor-section-height-default elementor-section-height-default\" data-id=\"cebf2d9\" data-element_type=\"section\">\n\t\t\t\t\t\t<div class=\"elementor-container elementor-column-gap-default\">\n\t\t\t\t\t<div class=\"elementor-column elementor-col-100 elementor-top-column elementor-element elementor-element-91e675f\" data-id=\"91e675f\" data-element_type=\"column\">\n\t\t\t<div class=\"elementor-widget-wrap elementor-element-populated\">\n\t\t\t\t\t\t<div class=\"elementor-element elementor-element-f93f314 elementor-widget elementor-widget-text-editor\" data-id=\"f93f314\" data-element_type=\"widget\" data-widget_type=\"text-editor.default\">\n\t\t\t\t<div class=\"elementor-widget-container\">\n\t\t\t\t\t\t\t\t\t<p>Las acciones del CER IV ISD se organizan en cl\u00ednicas especializadas, destinadas al uso de los habitantes de la 7\u00aa Regi\u00f3n Sanitaria de Rio Grande do Norte, algunas de ellas con cobertura estatal. Cada cl\u00ednica presenta criterios de inclusi\u00f3n espec\u00edficos, los cuales se describen a continuaci\u00f3n:<\/p>\t\t\t\t\t\t\t\t<\/div>\n\t\t\t\t<\/div>\n\t\t\t\t<div class=\"elementor-element elementor-element-c1711fa elementor-widget elementor-widget-accordion\" data-id=\"c1711fa\" data-element_type=\"widget\" data-widget_type=\"accordion.default\">\n\t\t\t\t<div class=\"elementor-widget-container\">\n\t\t\t\t\t\t\t<div class=\"elementor-accordion\">\n\t\t\t\t\t\t\t<div class=\"elementor-accordion-item\">\n\t\t\t\t\t<div id=\"elementor-tab-title-2021\" class=\"elementor-tab-title\" data-tab=\"1\" role=\"button\" aria-controls=\"elementor-tab-content-2021\" aria-expanded=\"false\">\n\t\t\t\t\t\t\t\t\t\t\t\t\t<span class=\"elementor-accordion-icon elementor-accordion-icon-left\" aria-hidden=\"true\">\n\t\t\t\t\t\t\t\t\t\t\t\t\t\t\t<span class=\"elementor-accordion-icon-closed\"><i class=\"fas fa-plus\"><\/i><\/span>\n\t\t\t\t\t\t\t\t<span class=\"elementor-accordion-icon-opened\"><i class=\"fas fa-minus\"><\/i><\/span>\n\t\t\t\t\t\t\t\t\t\t\t\t\t\t<\/span>\n\t\t\t\t\t\t\t\t\t\t\t\t<a class=\"elementor-accordion-title\" tabindex=\"0\">Enfermedad de Parkinson<\/a>\n\t\t\t\t\t<\/div>\n\t\t\t\t\t<div id=\"elementor-tab-content-2021\" class=\"elementor-tab-content elementor-clearfix\" data-tab=\"1\" role=\"region\" aria-labelledby=\"elementor-tab-title-2021\"><p><span style=\"font-weight: 400;\">Individuos de todas las edades con diagn\u00f3stico de Enfermedad de Parkinson.<\/span><\/p><\/div>\n\t\t\t\t<\/div>\n\t\t\t\t\t\t\t<div class=\"elementor-accordion-item\">\n\t\t\t\t\t<div id=\"elementor-tab-title-2022\" class=\"elementor-tab-title\" data-tab=\"2\" role=\"button\" aria-controls=\"elementor-tab-content-2022\" aria-expanded=\"false\">\n\t\t\t\t\t\t\t\t\t\t\t\t\t<span class=\"elementor-accordion-icon elementor-accordion-icon-left\" aria-hidden=\"true\">\n\t\t\t\t\t\t\t\t\t\t\t\t\t\t\t<span class=\"elementor-accordion-icon-closed\"><i class=\"fas fa-plus\"><\/i><\/span>\n\t\t\t\t\t\t\t\t<span class=\"elementor-accordion-icon-opened\"><i class=\"fas fa-minus\"><\/i><\/span>\n\t\t\t\t\t\t\t\t\t\t\t\t\t\t<\/span>\n\t\t\t\t\t\t\t\t\t\t\t\t<a class=\"elementor-accordion-title\" tabindex=\"0\">Lesi\u00f3n de la m\u00e9dula espinal (adultos)<\/a>\n\t\t\t\t\t<\/div>\n\t\t\t\t\t<div id=\"elementor-tab-content-2022\" class=\"elementor-tab-content elementor-clearfix\" data-tab=\"2\" role=\"region\" aria-labelledby=\"elementor-tab-title-2022\"><p>Personas mayores de 17 a\u00f1os con paraplesia o cuadraparesia por lesi\u00f3n de la m\u00e9dula espinal que viven en la ciudad de Maca\u00edba.<\/p><\/div>\n\t\t\t\t<\/div>\n\t\t\t\t\t\t\t<div class=\"elementor-accordion-item\">\n\t\t\t\t\t<div id=\"elementor-tab-title-2023\" class=\"elementor-tab-title\" data-tab=\"3\" role=\"button\" aria-controls=\"elementor-tab-content-2023\" aria-expanded=\"false\">\n\t\t\t\t\t\t\t\t\t\t\t\t\t<span class=\"elementor-accordion-icon elementor-accordion-icon-left\" aria-hidden=\"true\">\n\t\t\t\t\t\t\t\t\t\t\t\t\t\t\t<span class=\"elementor-accordion-icon-closed\"><i class=\"fas fa-plus\"><\/i><\/span>\n\t\t\t\t\t\t\t\t<span class=\"elementor-accordion-icon-opened\"><i class=\"fas fa-minus\"><\/i><\/span>\n\t\t\t\t\t\t\t\t\t\t\t\t\t\t<\/span>\n\t\t\t\t\t\t\t\t\t\t\t\t<a class=\"elementor-accordion-title\" tabindex=\"0\">Lesi\u00f3n de la m\u00e9dula espinal (ni\u00f1os y adolescentes)<\/a>\n\t\t\t\t\t<\/div>\n\t\t\t\t\t<div id=\"elementor-tab-content-2023\" class=\"elementor-tab-content elementor-clearfix\" data-tab=\"3\" role=\"region\" aria-labelledby=\"elementor-tab-title-2023\"><p>Ni\u00f1os y adolescentes de 0 a 16 a\u00f1os con lesi\u00f3n medular cong\u00e9nita o adquirida. Para las personas vinculadas a la Asociaci\u00f3n Neurinho, no existen restricciones territoriales (cobertura estatal).\u00a0<\/p><\/div>\n\t\t\t\t<\/div>\n\t\t\t\t\t\t\t<div class=\"elementor-accordion-item\">\n\t\t\t\t\t<div id=\"elementor-tab-title-2024\" class=\"elementor-tab-title\" data-tab=\"4\" role=\"button\" aria-controls=\"elementor-tab-content-2024\" aria-expanded=\"false\">\n\t\t\t\t\t\t\t\t\t\t\t\t\t<span class=\"elementor-accordion-icon elementor-accordion-icon-left\" aria-hidden=\"true\">\n\t\t\t\t\t\t\t\t\t\t\t\t\t\t\t<span class=\"elementor-accordion-icon-closed\"><i class=\"fas fa-plus\"><\/i><\/span>\n\t\t\t\t\t\t\t\t<span class=\"elementor-accordion-icon-opened\"><i class=\"fas fa-minus\"><\/i><\/span>\n\t\t\t\t\t\t\t\t\t\t\t\t\t\t<\/span>\n\t\t\t\t\t\t\t\t\t\t\t\t<a class=\"elementor-accordion-title\" tabindex=\"0\">microcefalia<\/a>\n\t\t\t\t\t<\/div>\n\t\t\t\t\t<div id=\"elementor-tab-content-2024\" class=\"elementor-tab-content elementor-clearfix\" data-tab=\"4\" role=\"region\" aria-labelledby=\"elementor-tab-title-2024\"><p>Ni\u00f1os de 0 a 5 a\u00f1os con microcefalia cong\u00e9nita. Para las personas vinculadas a la Asociaci\u00f3n Neurinho, no existen restricciones territoriales (cobertura estatal).<\/p><\/div>\n\t\t\t\t<\/div>\n\t\t\t\t\t\t\t<div class=\"elementor-accordion-item\">\n\t\t\t\t\t<div id=\"elementor-tab-title-2025\" class=\"elementor-tab-title\" data-tab=\"5\" role=\"button\" aria-controls=\"elementor-tab-content-2025\" aria-expanded=\"false\">\n\t\t\t\t\t\t\t\t\t\t\t\t\t<span class=\"elementor-accordion-icon elementor-accordion-icon-left\" aria-hidden=\"true\">\n\t\t\t\t\t\t\t\t\t\t\t\t\t\t\t<span class=\"elementor-accordion-icon-closed\"><i class=\"fas fa-plus\"><\/i><\/span>\n\t\t\t\t\t\t\t\t<span class=\"elementor-accordion-icon-opened\"><i class=\"fas fa-minus\"><\/i><\/span>\n\t\t\t\t\t\t\t\t\t\t\t\t\t\t<\/span>\n\t\t\t\t\t\t\t\t\t\t\t\t<a class=\"elementor-accordion-title\" tabindex=\"0\">Precocidad<\/a>\n\t\t\t\t\t<\/div>\n\t\t\t\t\t<div id=\"elementor-tab-content-2025\" class=\"elementor-tab-content elementor-clearfix\" data-tab=\"5\" role=\"region\" aria-labelledby=\"elementor-tab-title-2025\"><p>Ni\u00f1os de 0 a 3 a\u00f1os que nacieron con edad gestacional menor a 37 semanas y alto riesgo perinatal de sufrir trastornos neurol\u00f3gicos (<span style=\"font-weight: 400;\">hipoxia neonatal, bajo peso al nacer, peque\u00f1o para la edad gestacional, hemorragia periventricular, entre otros factores de riesgo).<\/span><\/p><\/div>\n\t\t\t\t<\/div>\n\t\t\t\t\t\t\t<div class=\"elementor-accordion-item\">\n\t\t\t\t\t<div id=\"elementor-tab-title-2026\" class=\"elementor-tab-title\" data-tab=\"6\" role=\"button\" aria-controls=\"elementor-tab-content-2026\" aria-expanded=\"false\">\n\t\t\t\t\t\t\t\t\t\t\t\t\t<span class=\"elementor-accordion-icon elementor-accordion-icon-left\" aria-hidden=\"true\">\n\t\t\t\t\t\t\t\t\t\t\t\t\t\t\t<span class=\"elementor-accordion-icon-closed\"><i class=\"fas fa-plus\"><\/i><\/span>\n\t\t\t\t\t\t\t\t<span class=\"elementor-accordion-icon-opened\"><i class=\"fas fa-minus\"><\/i><\/span>\n\t\t\t\t\t\t\t\t\t\t\t\t\t\t<\/span>\n\t\t\t\t\t\t\t\t\t\t\t\t<a class=\"elementor-accordion-title\" tabindex=\"0\">Neurodesarrollo<\/a>\n\t\t\t\t\t<\/div>\n\t\t\t\t\t<div id=\"elementor-tab-content-2026\" class=\"elementor-tab-content elementor-clearfix\" data-tab=\"6\" role=\"region\" aria-labelledby=\"elementor-tab-title-2026\"><p>Ni\u00f1os de 0 a 3 a\u00f1os seguidos por el servicio materno infantil de Anita con retraso en el desarrollo neuropsicomotor (para las personas que viven en la ciudad de Maca\u00edba, el grupo de edad se ampl\u00eda hasta los 16 a\u00f1os).<\/p><\/div>\n\t\t\t\t<\/div>\n\t\t\t\t\t\t\t<div class=\"elementor-accordion-item\">\n\t\t\t\t\t<div id=\"elementor-tab-title-2027\" class=\"elementor-tab-title\" data-tab=\"7\" role=\"button\" aria-controls=\"elementor-tab-content-2027\" aria-expanded=\"false\">\n\t\t\t\t\t\t\t\t\t\t\t\t\t<span class=\"elementor-accordion-icon elementor-accordion-icon-left\" aria-hidden=\"true\">\n\t\t\t\t\t\t\t\t\t\t\t\t\t\t\t<span class=\"elementor-accordion-icon-closed\"><i class=\"fas fa-plus\"><\/i><\/span>\n\t\t\t\t\t\t\t\t<span class=\"elementor-accordion-icon-opened\"><i class=\"fas fa-minus\"><\/i><\/span>\n\t\t\t\t\t\t\t\t\t\t\t\t\t\t<\/span>\n\t\t\t\t\t\t\t\t\t\t\t\t<a class=\"elementor-accordion-title\" tabindex=\"0\">Vejiga neurog\u00e9nica<\/a>\n\t\t\t\t\t<\/div>\n\t\t\t\t\t<div id=\"elementor-tab-content-2027\" class=\"elementor-tab-content elementor-clearfix\" data-tab=\"7\" role=\"region\" aria-labelledby=\"elementor-tab-title-2027\"><p>Ni\u00f1os de 0 a 12 a\u00f1os con trastornos de la vejiga y los intestinos \u2013 para investigaci\u00f3n diagn\u00f3stica y manejo terap\u00e9utico de la afecci\u00f3n (cobertura a nivel estatal). Para los usuarios de las dem\u00e1s cl\u00ednicas especializadas del CER IV ISD no hay l\u00edmite de edad.\u00a0<\/p><\/div>\n\t\t\t\t<\/div>\n\t\t\t\t\t\t\t<div class=\"elementor-accordion-item\">\n\t\t\t\t\t<div id=\"elementor-tab-title-2028\" class=\"elementor-tab-title\" data-tab=\"8\" role=\"button\" aria-controls=\"elementor-tab-content-2028\" aria-expanded=\"false\">\n\t\t\t\t\t\t\t\t\t\t\t\t\t<span class=\"elementor-accordion-icon elementor-accordion-icon-left\" aria-hidden=\"true\">\n\t\t\t\t\t\t\t\t\t\t\t\t\t\t\t<span class=\"elementor-accordion-icon-closed\"><i class=\"fas fa-plus\"><\/i><\/span>\n\t\t\t\t\t\t\t\t<span class=\"elementor-accordion-icon-opened\"><i class=\"fas fa-minus\"><\/i><\/span>\n\t\t\t\t\t\t\t\t\t\t\t\t\t\t<\/span>\n\t\t\t\t\t\t\t\t\t\t\t\t<a class=\"elementor-accordion-title\" tabindex=\"0\">Trastorno del espectro autista<\/a>\n\t\t\t\t\t<\/div>\n\t\t\t\t\t<div id=\"elementor-tab-content-2028\" class=\"elementor-tab-content elementor-clearfix\" data-tab=\"8\" role=\"region\" aria-labelledby=\"elementor-tab-title-2028\"><p>Ni\u00f1os de 0 a 5 a\u00f1os con diagn\u00f3stico sospechado o confirmado de Trastorno del Espectro Autista para estimulaci\u00f3n temprana. Ni\u00f1os de 6 a 12 a\u00f1os para evaluaci\u00f3n y confirmaci\u00f3n de diagn\u00f3stico.<\/p><\/div>\n\t\t\t\t<\/div>\n\t\t\t\t\t\t\t<div class=\"elementor-accordion-item\">\n\t\t\t\t\t<div id=\"elementor-tab-title-2029\" class=\"elementor-tab-title\" data-tab=\"9\" role=\"button\" aria-controls=\"elementor-tab-content-2029\" aria-expanded=\"false\">\n\t\t\t\t\t\t\t\t\t\t\t\t\t<span class=\"elementor-accordion-icon elementor-accordion-icon-left\" aria-hidden=\"true\">\n\t\t\t\t\t\t\t\t\t\t\t\t\t\t\t<span class=\"elementor-accordion-icon-closed\"><i class=\"fas fa-plus\"><\/i><\/span>\n\t\t\t\t\t\t\t\t<span class=\"elementor-accordion-icon-opened\"><i class=\"fas fa-minus\"><\/i><\/span>\n\t\t\t\t\t\t\t\t\t\t\t\t\t\t<\/span>\n\t\t\t\t\t\t\t\t\t\t\t\t<a class=\"elementor-accordion-title\" tabindex=\"0\">Epilepsia refractaria<\/a>\n\t\t\t\t\t<\/div>\n\t\t\t\t\t<div id=\"elementor-tab-content-2029\" class=\"elementor-tab-content elementor-clearfix\" data-tab=\"9\" role=\"region\" aria-labelledby=\"elementor-tab-title-2029\"><p>Personas de todas las edades con epilepsia refractaria, que hayan estado tomando al menos dos medicamentos durante seis meses y a\u00fan tengan crisis epil\u00e9pticas (cobertura estatal).<\/p><\/div>\n\t\t\t\t<\/div>\n\t\t\t\t\t\t\t<div class=\"elementor-accordion-item\">\n\t\t\t\t\t<div id=\"elementor-tab-title-20210\" class=\"elementor-tab-title\" data-tab=\"10\" role=\"button\" aria-controls=\"elementor-tab-content-20210\" aria-expanded=\"false\">\n\t\t\t\t\t\t\t\t\t\t\t\t\t<span class=\"elementor-accordion-icon elementor-accordion-icon-left\" aria-hidden=\"true\">\n\t\t\t\t\t\t\t\t\t\t\t\t\t\t\t<span class=\"elementor-accordion-icon-closed\"><i class=\"fas fa-plus\"><\/i><\/span>\n\t\t\t\t\t\t\t\t<span class=\"elementor-accordion-icon-opened\"><i class=\"fas fa-minus\"><\/i><\/span>\n\t\t\t\t\t\t\t\t\t\t\t\t\t\t<\/span>\n\t\t\t\t\t\t\t\t\t\t\t\t<a class=\"elementor-accordion-title\" tabindex=\"0\">Salud de la auditor\u00eda<\/a>\n\t\t\t\t\t<\/div>\n\t\t\t\t\t<div id=\"elementor-tab-content-20210\" class=\"elementor-tab-content elementor-clearfix\" data-tab=\"10\" role=\"region\" aria-labelledby=\"elementor-tab-title-20210\"><p>Personas de todas las edades con discapacidad auditiva para pruebas auditivas, rehabilitaci\u00f3n auditiva, selecci\u00f3n, indicaci\u00f3n, dispensaci\u00f3n y adaptaci\u00f3n del Dispositivo Individual de Amplificaci\u00f3n del Sonido (AASI).<\/p><p><strong>Pruebas auditivas:<\/strong><\/p><ul><li>Prueba de o\u00eddo (emisiones otoac\u00fasticas);<\/li><li>Potencial Evocado Auditivo del Tronco Encef\u00e1lico;<\/li><li>Audiometr\u00eda tonal y vocal;<\/li><li><span style=\"font-weight: 400;\">Immitanciametr\u00eda;<\/span><\/li><li>Audiometr\u00eda de Refuerzo Visual;<\/li><li><span style=\"font-weight: 400;\">Ganancia de inserci\u00f3n;<\/span><\/li><li>Acufenometr\u00eda (examen indicado para medir la frecuencia e intensidad del tinnitus).<\/li><\/ul><\/div>\n\t\t\t\t<\/div>\n\t\t\t\t\t\t\t\t<\/div>\n\t\t\t\t\t\t<\/div>\n\t\t\t\t<\/div>\n\t\t\t\t<div class=\"elementor-element elementor-element-ffc6115 elementor-widget-divider--view-line elementor-widget elementor-widget-divider\" data-id=\"ffc6115\" data-element_type=\"widget\" data-widget_type=\"divider.default\">\n\t\t\t\t<div class=\"elementor-widget-container\">\n\t\t\t\t\t\t\t<div class=\"elementor-divider\">\n\t\t\t<span class=\"elementor-divider-separator\">\n\t\t\t\t\t\t<\/span>\n\t\t<\/div>\n\t\t\t\t\t\t<\/div>\n\t\t\t\t<\/div>\n\t\t\t\t\t<\/div>\n\t\t<\/div>\n\t\t\t\t\t<\/div>\n\t\t<\/section>\n\t\t\t\t<\/div>","protected":false},"excerpt":{"rendered":"<p>The Santos Dumont Institute is inserted in the Healthcare Network for People with Disabilities as a Center Specialized in Rehabilitation (CER, as portuguese abbreviation), covering the cities of Maca\u00edba, Natal, Parnamirim, S\u00e3o Gon\u00e7alo do Amarante e Extremoz. A government ordinance (Portaria\/GM\/MS N\u00ba 1.842, from August 6th 2021) officially changed the category of the Center Specialized [&hellip;]<\/p>","protected":false},"author":10,"featured_media":0,"parent":0,"menu_order":0,"comment_status":"closed","ping_status":"closed","template":"template-page.php","meta":{"_acf_changed":false,"footnotes":""},"class_list":["post-23405","page","type-page","status-publish","hentry"],"acf":[],"_links":{"self":[{"href":"https:\/\/institutosantosdumont.org.br\/es\/wp-json\/wp\/v2\/pages\/23405","targetHints":{"allow":["GET"]}}],"collection":[{"href":"https:\/\/institutosantosdumont.org.br\/es\/wp-json\/wp\/v2\/pages"}],"about":[{"href":"https:\/\/institutosantosdumont.org.br\/es\/wp-json\/wp\/v2\/types\/page"}],"author":[{"embeddable":true,"href":"https:\/\/institutosantosdumont.org.br\/es\/wp-json\/wp\/v2\/users\/10"}],"replies":[{"embeddable":true,"href":"https:\/\/institutosantosdumont.org.br\/es\/wp-json\/wp\/v2\/comments?post=23405"}],"version-history":[{"count":0,"href":"https:\/\/institutosantosdumont.org.br\/es\/wp-json\/wp\/v2\/pages\/23405\/revisions"}],"wp:attachment":[{"href":"https:\/\/institutosantosdumont.org.br\/es\/wp-json\/wp\/v2\/media?parent=23405"}],"curies":[{"name":"wp","href":"https:\/\/api.w.org\/{rel}","templated":true}]}}