{"id":23722,"date":"2022-03-09T13:59:25","date_gmt":"2022-03-09T16:59:25","guid":{"rendered":"http:\/\/www.institutosantosdumont.org.br\/?page_id=23722"},"modified":"2022-03-09T15:25:27","modified_gmt":"2022-03-09T18:25:27","slug":"frequently-asked-questions-faq","status":"publish","type":"page","link":"https:\/\/institutosantosdumont.org.br\/es\/masters-program-neuroengineering\/frequently-asked-questions-faq\/","title":{"rendered":"Preguntas frecuentes (FAQ)"},"content":{"rendered":"<div data-elementor-type=\"wp-post\" data-elementor-id=\"23722\" class=\"elementor elementor-23722\" data-elementor-post-type=\"page\">\n\t\t\t\t\t\t<section class=\"elementor-section elementor-top-section elementor-element elementor-element-nw4dufm elementor-section-boxed elementor-section-height-default elementor-section-height-default\" data-id=\"nw4dufm\" data-element_type=\"section\">\n\t\t\t\t\t\t<div class=\"elementor-container elementor-column-gap-default\">\n\t\t\t\t\t<div class=\"elementor-column elementor-col-100 elementor-top-column elementor-element elementor-element-nte0q4z\" data-id=\"nte0q4z\" data-element_type=\"column\">\n\t\t\t<div class=\"elementor-widget-wrap elementor-element-populated\">\n\t\t\t\t\t\t<div class=\"elementor-element elementor-element-li29mwe elementor-widget elementor-widget-spacer\" data-id=\"li29mwe\" data-element_type=\"widget\" data-widget_type=\"spacer.default\">\n\t\t\t\t<div class=\"elementor-widget-container\">\n\t\t\t\t\t\t\t<div class=\"elementor-spacer\">\n\t\t\t<div class=\"elementor-spacer-inner\"><\/div>\n\t\t<\/div>\n\t\t\t\t\t\t<\/div>\n\t\t\t\t<\/div>\n\t\t\t\t<div class=\"elementor-element elementor-element-szl85ka elementor-widget elementor-widget-text-editor\" data-id=\"szl85ka\" data-element_type=\"widget\" data-widget_type=\"text-editor.default\">\n\t\t\t\t<div class=\"elementor-widget-container\">\n\t\t\t\t\t\t\t\t\t<p style=\"text-align: center;\">El Instituto Internacional de Neurociencias Edmond y Lily Safra, una de las unidades del Instituto Santos Dumont ubicado en Maca\u00edba, Brasil, ofrece la \u00fanica maestr\u00eda en Neuroingenier\u00eda reconocida por el Ministerio de Educaci\u00f3n de Brasil desde 2013.\u00a0<\/p><p style=\"text-align: center;\">Consulta las respuestas a las preguntas m\u00e1s frecuentes sobre el curso.<\/p>\t\t\t\t\t\t\t\t<\/div>\n\t\t\t\t<\/div>\n\t\t\t\t<div class=\"elementor-element elementor-element-dbty34i elementor-widget elementor-widget-accordion\" data-id=\"dbty34i\" data-element_type=\"widget\" data-widget_type=\"accordion.default\">\n\t\t\t\t<div class=\"elementor-widget-container\">\n\t\t\t\t\t\t\t<div class=\"elementor-accordion\">\n\t\t\t\t\t\t\t<div class=\"elementor-accordion-item\">\n\t\t\t\t\t<div id=\"elementor-tab-title-5611\" class=\"elementor-tab-title\" data-tab=\"1\" role=\"button\" aria-controls=\"elementor-tab-content-5611\" aria-expanded=\"false\">\n\t\t\t\t\t\t\t\t\t\t\t\t\t<span class=\"elementor-accordion-icon elementor-accordion-icon-left\" aria-hidden=\"true\">\n\t\t\t\t\t\t\t\t\t\t\t\t\t\t\t<span class=\"elementor-accordion-icon-closed\"><i class=\"fas fa-plus\"><\/i><\/span>\n\t\t\t\t\t\t\t\t<span class=\"elementor-accordion-icon-opened\"><i class=\"fas fa-minus\"><\/i><\/span>\n\t\t\t\t\t\t\t\t\t\t\t\t\t\t<\/span>\n\t\t\t\t\t\t\t\t\t\t\t\t<a class=\"elementor-accordion-title\" tabindex=\"0\">\u00bfQu\u00e9 competencias se desarrollan en el M\u00e1ster en Neuroingenier\u00eda?<\/a>\n\t\t\t\t\t<\/div>\n\t\t\t\t\t<div id=\"elementor-tab-content-5611\" class=\"elementor-tab-content elementor-clearfix\" data-tab=\"1\" role=\"region\" aria-labelledby=\"elementor-tab-title-5611\"><p>El estudiante de Maestr\u00eda en Neuroingenier\u00eda del Instituto Santos Dumont desarrolla habilidades en \u00e1reas multidisciplinarias que integran m\u00e9todos de neurociencia e ingenier\u00eda para estudiar el funcionamiento del sistema nervioso y desarrollar soluciones para las limitaciones y disfunciones asociadas. Entre las habilidades desarrolladas por los estudiantes se encuentran la construcci\u00f3n de matrices de microelectrodos, la cirug\u00eda estereot\u00e1ctica, el registro electrofisiol\u00f3gico, el an\u00e1lisis histol\u00f3gico e inmunohistoqu\u00edmico, el an\u00e1lisis y procesamiento de se\u00f1ales neuronales, los sistemas de realidad virtual, Lokomat y ZeroG en la rehabilitaci\u00f3n de pacientes, el prototipado, la estimulaci\u00f3n invasiva y no invasiva, entre otras.<\/p><\/div>\n\t\t\t\t<\/div>\n\t\t\t\t\t\t\t<div class=\"elementor-accordion-item\">\n\t\t\t\t\t<div id=\"elementor-tab-title-5612\" class=\"elementor-tab-title\" data-tab=\"2\" role=\"button\" aria-controls=\"elementor-tab-content-5612\" aria-expanded=\"false\">\n\t\t\t\t\t\t\t\t\t\t\t\t\t<span class=\"elementor-accordion-icon elementor-accordion-icon-left\" aria-hidden=\"true\">\n\t\t\t\t\t\t\t\t\t\t\t\t\t\t\t<span class=\"elementor-accordion-icon-closed\"><i class=\"fas fa-plus\"><\/i><\/span>\n\t\t\t\t\t\t\t\t<span class=\"elementor-accordion-icon-opened\"><i class=\"fas fa-minus\"><\/i><\/span>\n\t\t\t\t\t\t\t\t\t\t\t\t\t\t<\/span>\n\t\t\t\t\t\t\t\t\t\t\t\t<a class=\"elementor-accordion-title\" tabindex=\"0\">\u00bfCu\u00e1les son las perspectivas profesionales tras finalizar el curso?<\/a>\n\t\t\t\t\t<\/div>\n\t\t\t\t\t<div id=\"elementor-tab-content-5612\" class=\"elementor-tab-content elementor-clearfix\" data-tab=\"2\" role=\"region\" aria-labelledby=\"elementor-tab-title-5612\"><p>Los profesionales con t\u00edtulo de maestr\u00eda en Neuroingenier\u00eda pueden desempe\u00f1arse en numerosas \u00e1reas que abarcan aspectos de investigaci\u00f3n experimental, computacional, te\u00f3rica, cl\u00ednica y aplicada a nivel molecular, celular y de sistemas en diferentes \u00e1reas, tales como Interfaz Cerebro-M\u00e1quina, Neuromodulaci\u00f3n, Neurociencia Computacional y Procesamiento de Se\u00f1ales, rehabilitaci\u00f3n, Interfaz Cerebro-Cerebro, pr\u00f3tesis y \u00f3rtesis, biocompatibilidad, enfermedades neurodegenerativas, microcefalia, enfermedades psiqui\u00e1tricas y de la cognici\u00f3n, entre otras, as\u00ed como continuar sus estudios en el campo de las neurociencias y desempe\u00f1ar labores docentes en instituciones educativas.<\/p><\/div>\n\t\t\t\t<\/div>\n\t\t\t\t\t\t\t<div class=\"elementor-accordion-item\">\n\t\t\t\t\t<div id=\"elementor-tab-title-5613\" class=\"elementor-tab-title\" data-tab=\"3\" role=\"button\" aria-controls=\"elementor-tab-content-5613\" aria-expanded=\"false\">\n\t\t\t\t\t\t\t\t\t\t\t\t\t<span class=\"elementor-accordion-icon elementor-accordion-icon-left\" aria-hidden=\"true\">\n\t\t\t\t\t\t\t\t\t\t\t\t\t\t\t<span class=\"elementor-accordion-icon-closed\"><i class=\"fas fa-plus\"><\/i><\/span>\n\t\t\t\t\t\t\t\t<span class=\"elementor-accordion-icon-opened\"><i class=\"fas fa-minus\"><\/i><\/span>\n\t\t\t\t\t\t\t\t\t\t\t\t\t\t<\/span>\n\t\t\t\t\t\t\t\t\t\t\t\t<a class=\"elementor-accordion-title\" tabindex=\"0\">\u00bfCu\u00e1les son los plazos m\u00e1ximos para la calificaci\u00f3n y defensa de la tesis de M\u00e1ster?<\/a>\n\t\t\t\t\t<\/div>\n\t\t\t\t\t<div id=\"elementor-tab-content-5613\" class=\"elementor-tab-content elementor-clearfix\" data-tab=\"3\" role=\"region\" aria-labelledby=\"elementor-tab-title-5613\"><p>El plazo m\u00e1ximo para la calificaci\u00f3n de los estudiantes becados es de hasta un a\u00f1o desde su ingreso a la maestr\u00eda. Quienes no deseen solicitar la beca podr\u00e1n calificar dentro de los 18 meses posteriores a su ingreso a la maestr\u00eda. La defensa del t\u00edtulo de maestr\u00eda debe realizarse, indefectiblemente, hasta dos a\u00f1os despu\u00e9s del ingreso al programa.<\/p><\/div>\n\t\t\t\t<\/div>\n\t\t\t\t\t\t\t<div class=\"elementor-accordion-item\">\n\t\t\t\t\t<div id=\"elementor-tab-title-5614\" class=\"elementor-tab-title\" data-tab=\"4\" role=\"button\" aria-controls=\"elementor-tab-content-5614\" aria-expanded=\"false\">\n\t\t\t\t\t\t\t\t\t\t\t\t\t<span class=\"elementor-accordion-icon elementor-accordion-icon-left\" aria-hidden=\"true\">\n\t\t\t\t\t\t\t\t\t\t\t\t\t\t\t<span class=\"elementor-accordion-icon-closed\"><i class=\"fas fa-plus\"><\/i><\/span>\n\t\t\t\t\t\t\t\t<span class=\"elementor-accordion-icon-opened\"><i class=\"fas fa-minus\"><\/i><\/span>\n\t\t\t\t\t\t\t\t\t\t\t\t\t\t<\/span>\n\t\t\t\t\t\t\t\t\t\t\t\t<a class=\"elementor-accordion-title\" tabindex=\"0\">\u00bfEl Programa de Posgrado ofrece becas? De ser as\u00ed, \u00bfcu\u00e1les son los criterios para obtenerlas y mantenerlas?<\/a>\n\t\t\t\t\t<\/div>\n\t\t\t\t\t<div id=\"elementor-tab-content-5614\" class=\"elementor-tab-content elementor-clearfix\" data-tab=\"4\" role=\"region\" aria-labelledby=\"elementor-tab-title-5614\"><p>El Programa de Posgrado en Neuroingenier\u00eda ofrece becas seg\u00fan la disponibilidad de las agencias de financiaci\u00f3n de la investigaci\u00f3n y otras fuentes de financiaci\u00f3n. Cuando el n\u00famero de becas sea inferior a la demanda, los estudiantes candidatos se clasificar\u00e1n seg\u00fan los siguientes criterios: 1) antig\u00fcedad en el curso (los estudiantes con mayor antig\u00fcedad tienen prioridad para obtener la beca); 2) clasificaci\u00f3n en el proceso de selecci\u00f3n; 3) evaluaci\u00f3n socioecon\u00f3mica.<\/p><\/div>\n\t\t\t\t<\/div>\n\t\t\t\t\t\t\t<div class=\"elementor-accordion-item\">\n\t\t\t\t\t<div id=\"elementor-tab-title-5615\" class=\"elementor-tab-title\" data-tab=\"5\" role=\"button\" aria-controls=\"elementor-tab-content-5615\" aria-expanded=\"false\">\n\t\t\t\t\t\t\t\t\t\t\t\t\t<span class=\"elementor-accordion-icon elementor-accordion-icon-left\" aria-hidden=\"true\">\n\t\t\t\t\t\t\t\t\t\t\t\t\t\t\t<span class=\"elementor-accordion-icon-closed\"><i class=\"fas fa-plus\"><\/i><\/span>\n\t\t\t\t\t\t\t\t<span class=\"elementor-accordion-icon-opened\"><i class=\"fas fa-minus\"><\/i><\/span>\n\t\t\t\t\t\t\t\t\t\t\t\t\t\t<\/span>\n\t\t\t\t\t\t\t\t\t\t\t\t<a class=\"elementor-accordion-title\" tabindex=\"0\">\u00bfPueden los becarios realizar actividades profesionales remuneradas durante el per\u00edodo de la beca?<\/a>\n\t\t\t\t\t<\/div>\n\t\t\t\t\t<div id=\"elementor-tab-content-5615\" class=\"elementor-tab-content elementor-clearfix\" data-tab=\"5\" role=\"region\" aria-labelledby=\"elementor-tab-title-5615\"><p>Los becarios del ISD no deben tener una relaci\u00f3n laboral o funcional, ni siquiera acad\u00e9mica, con percepci\u00f3n de remuneraci\u00f3n en la misma regi\u00f3n metropolitana o municipio donde se ubica el PGIIN-ELS. Para m\u00e1s detalles, consulte el reglamento de becas del Instituto.<\/p><\/div>\n\t\t\t\t<\/div>\n\t\t\t\t\t\t\t<div class=\"elementor-accordion-item\">\n\t\t\t\t\t<div id=\"elementor-tab-title-5616\" class=\"elementor-tab-title\" data-tab=\"6\" role=\"button\" aria-controls=\"elementor-tab-content-5616\" aria-expanded=\"false\">\n\t\t\t\t\t\t\t\t\t\t\t\t\t<span class=\"elementor-accordion-icon elementor-accordion-icon-left\" aria-hidden=\"true\">\n\t\t\t\t\t\t\t\t\t\t\t\t\t\t\t<span class=\"elementor-accordion-icon-closed\"><i class=\"fas fa-plus\"><\/i><\/span>\n\t\t\t\t\t\t\t\t<span class=\"elementor-accordion-icon-opened\"><i class=\"fas fa-minus\"><\/i><\/span>\n\t\t\t\t\t\t\t\t\t\t\t\t\t\t<\/span>\n\t\t\t\t\t\t\t\t\t\t\t\t<a class=\"elementor-accordion-title\" tabindex=\"0\">\u00bfC\u00f3mo se elige al supervisor y el proyecto en el que trabajar\u00e1 el estudiante de maestr\u00eda?<\/a>\n\t\t\t\t\t<\/div>\n\t\t\t\t\t<div id=\"elementor-tab-content-5616\" class=\"elementor-tab-content elementor-clearfix\" data-tab=\"6\" role=\"region\" aria-labelledby=\"elementor-tab-title-5616\"><p>La selecci\u00f3n del supervisor y del proyecto en el que trabajar\u00e1 el estudiante se realiza durante el proceso de solicitud. Al postularse al programa, el candidato debe elegir su \u00e1rea de inter\u00e9s entre las publicadas en el proceso de inscripci\u00f3n.\u00a0<\/p><\/div>\n\t\t\t\t<\/div>\n\t\t\t\t\t\t\t<div class=\"elementor-accordion-item\">\n\t\t\t\t\t<div id=\"elementor-tab-title-5617\" class=\"elementor-tab-title\" data-tab=\"7\" role=\"button\" aria-controls=\"elementor-tab-content-5617\" aria-expanded=\"false\">\n\t\t\t\t\t\t\t\t\t\t\t\t\t<span class=\"elementor-accordion-icon elementor-accordion-icon-left\" aria-hidden=\"true\">\n\t\t\t\t\t\t\t\t\t\t\t\t\t\t\t<span class=\"elementor-accordion-icon-closed\"><i class=\"fas fa-plus\"><\/i><\/span>\n\t\t\t\t\t\t\t\t<span class=\"elementor-accordion-icon-opened\"><i class=\"fas fa-minus\"><\/i><\/span>\n\t\t\t\t\t\t\t\t\t\t\t\t\t\t<\/span>\n\t\t\t\t\t\t\t\t\t\t\t\t<a class=\"elementor-accordion-title\" tabindex=\"0\">\u00bfCu\u00e1les son las ubicaciones y horarios de las actividades para los estudiantes de Neuroingenier\u00eda?<\/a>\n\t\t\t\t\t<\/div>\n\t\t\t\t\t<div id=\"elementor-tab-content-5617\" class=\"elementor-tab-content elementor-clearfix\" data-tab=\"7\" role=\"region\" aria-labelledby=\"elementor-tab-title-5617\"><p>Los estudiantes de la Maestr\u00eda en Neuroingenier\u00eda del Instituto Santos Dumont pueden utilizar toda la infraestructura disponible en las unidades del ISD para desarrollar sus actividades de investigaci\u00f3n y docencia. Las actividades suelen tener lugar entre las 8:00 y las 17:00. Los estudiantes becados deben dedicarse exclusivamente al Programa.<\/p><\/div>\n\t\t\t\t<\/div>\n\t\t\t\t\t\t\t<div class=\"elementor-accordion-item\">\n\t\t\t\t\t<div id=\"elementor-tab-title-5618\" class=\"elementor-tab-title\" data-tab=\"8\" role=\"button\" aria-controls=\"elementor-tab-content-5618\" aria-expanded=\"false\">\n\t\t\t\t\t\t\t\t\t\t\t\t\t<span class=\"elementor-accordion-icon elementor-accordion-icon-left\" aria-hidden=\"true\">\n\t\t\t\t\t\t\t\t\t\t\t\t\t\t\t<span class=\"elementor-accordion-icon-closed\"><i class=\"fas fa-plus\"><\/i><\/span>\n\t\t\t\t\t\t\t\t<span class=\"elementor-accordion-icon-opened\"><i class=\"fas fa-minus\"><\/i><\/span>\n\t\t\t\t\t\t\t\t\t\t\t\t\t\t<\/span>\n\t\t\t\t\t\t\t\t\t\t\t\t<a class=\"elementor-accordion-title\" tabindex=\"0\">\u00bfQu\u00e9 opciones de transporte y alimentaci\u00f3n est\u00e1n disponibles para los estudiantes?<\/a>\n\t\t\t\t\t<\/div>\n\t\t\t\t\t<div id=\"elementor-tab-content-5618\" class=\"elementor-tab-content elementor-clearfix\" data-tab=\"8\" role=\"region\" aria-labelledby=\"elementor-tab-title-5618\"><p>El ISD ofrece transporte p\u00fablico gratuito entre Natal y Maca\u00edba para sus estudiantes y personal. Para obtener informaci\u00f3n sobre horarios y rutas, contacte con el Departamento de Investigaci\u00f3n y Posgrado (pgiinels@isd.org.br). Tambi\u00e9n existen opciones de furgonetas y autobuses del sistema municipal de transporte de Maca\u00edba y Natal. Consulte la p\u00e1gina del Ayuntamiento para m\u00e1s informaci\u00f3n.<\/p><p>En cuanto a la alimentaci\u00f3n, existen diversas opciones, como comedores, cafeter\u00edas y servicios de entrega a domicilio. El centro de Maca\u00edba est\u00e1 cerca y tambi\u00e9n ofrece opciones de comida. El ISD ofrece transporte gratuito entre sus centros de investigaci\u00f3n y salud y el centro de Maca\u00edba a la hora del almuerzo. Finalmente, el IIN-ELS cuenta con una peque\u00f1a cocina con refrigerador y microondas, que se puede utilizar para las comidas.<\/p><\/div>\n\t\t\t\t<\/div>\n\t\t\t\t\t\t\t<div class=\"elementor-accordion-item\">\n\t\t\t\t\t<div id=\"elementor-tab-title-5619\" class=\"elementor-tab-title\" data-tab=\"9\" role=\"button\" aria-controls=\"elementor-tab-content-5619\" aria-expanded=\"false\">\n\t\t\t\t\t\t\t\t\t\t\t\t\t<span class=\"elementor-accordion-icon elementor-accordion-icon-left\" aria-hidden=\"true\">\n\t\t\t\t\t\t\t\t\t\t\t\t\t\t\t<span class=\"elementor-accordion-icon-closed\"><i class=\"fas fa-plus\"><\/i><\/span>\n\t\t\t\t\t\t\t\t<span class=\"elementor-accordion-icon-opened\"><i class=\"fas fa-minus\"><\/i><\/span>\n\t\t\t\t\t\t\t\t\t\t\t\t\t\t<\/span>\n\t\t\t\t\t\t\t\t\t\t\t\t<a class=\"elementor-accordion-title\" tabindex=\"0\">\u00bfC\u00f3mo puede el estudiante demostrar su competencia en el idioma ingl\u00e9s?<\/a>\n\t\t\t\t\t<\/div>\n\t\t\t\t\t<div id=\"elementor-tab-content-5619\" class=\"elementor-tab-content elementor-clearfix\" data-tab=\"9\" role=\"region\" aria-labelledby=\"elementor-tab-title-5619\"><p>Todos los estudiantes de maestr\u00eda deben presentar prueba de dominio del ingl\u00e9s antes de completar la maestr\u00eda.<\/p><p>Se aceptar\u00e1n certificados con una puntuaci\u00f3n de 5,5 en el Sistema Internacional de Evaluaci\u00f3n del Idioma Ingl\u00e9s (IELTS) o los siguientes equivalentes:<\/p><p>\u2013 Cambridge General: First Certificate in English (FCE)<br \/>\u2013 Prueba de Ingl\u00e9s para la Comunicaci\u00f3n Internacional (TOEIC): 790<br \/>\u2013 Prueba de ingl\u00e9s como lengua extranjera (TOEFL): 463 \u2013 Versi\u00f3n en papel<br \/>\u2013 Prueba de ingl\u00e9s como lengua extranjera (TOEFL): 87 \u2013 Versi\u00f3n para Internet<br \/>\u2013 Tambi\u00e9n se aceptar\u00e1n certificados equivalentes a los que figuran en el marco com\u00fan europeo de referencia.<\/p><p>Se aceptar\u00e1n certificados de ex\u00e1menes realizados hasta 5 a\u00f1os antes de la defensa.<\/p><\/div>\n\t\t\t\t<\/div>\n\t\t\t\t\t\t\t<div class=\"elementor-accordion-item\">\n\t\t\t\t\t<div id=\"elementor-tab-title-56110\" class=\"elementor-tab-title\" data-tab=\"10\" role=\"button\" aria-controls=\"elementor-tab-content-56110\" aria-expanded=\"false\">\n\t\t\t\t\t\t\t\t\t\t\t\t\t<span class=\"elementor-accordion-icon elementor-accordion-icon-left\" aria-hidden=\"true\">\n\t\t\t\t\t\t\t\t\t\t\t\t\t\t\t<span class=\"elementor-accordion-icon-closed\"><i class=\"fas fa-plus\"><\/i><\/span>\n\t\t\t\t\t\t\t\t<span class=\"elementor-accordion-icon-opened\"><i class=\"fas fa-minus\"><\/i><\/span>\n\t\t\t\t\t\t\t\t\t\t\t\t\t\t<\/span>\n\t\t\t\t\t\t\t\t\t\t\t\t<a class=\"elementor-accordion-title\" tabindex=\"0\">\u00bfExiste la intenci\u00f3n de crear un curso de Doctorado en Neuroingenier\u00eda en el IIN-ELS?<\/a>\n\t\t\t\t\t<\/div>\n\t\t\t\t\t<div id=\"elementor-tab-content-56110\" class=\"elementor-tab-content elementor-clearfix\" data-tab=\"10\" role=\"region\" aria-labelledby=\"elementor-tab-title-56110\"><p>S\u00ed. Uno de los objetivos del Instituto Santos Dumont es promover un programa de doctorado en Neurociencias y Salud. El Instituto ha buscado cumplir con los requisitos de la Coordinaci\u00f3n de Perfeccionamiento de Personal de Educaci\u00f3n Superior (Capes) para la apertura de este programa. Actualmente, los estudiantes de las instituciones pueden desarrollar parte de su proyecto de doctorado en colaboraci\u00f3n con el IIN-ELS. Para m\u00e1s informaci\u00f3n, consulte con el SPPG IIN-ELS (pgiinels@isd.org.br).<\/p><\/div>\n\t\t\t\t<\/div>\n\t\t\t\t\t\t\t\t<\/div>\n\t\t\t\t\t\t<\/div>\n\t\t\t\t<\/div>\n\t\t\t\t<div class=\"elementor-element elementor-element-y5b1www elementor-widget elementor-widget-spacer\" data-id=\"y5b1www\" data-element_type=\"widget\" data-widget_type=\"spacer.default\">\n\t\t\t\t<div class=\"elementor-widget-container\">\n\t\t\t\t\t\t\t<div class=\"elementor-spacer\">\n\t\t\t<div class=\"elementor-spacer-inner\"><\/div>\n\t\t<\/div>\n\t\t\t\t\t\t<\/div>\n\t\t\t\t<\/div>\n\t\t\t\t\t<\/div>\n\t\t<\/div>\n\t\t\t\t\t<\/div>\n\t\t<\/section>\n\t\t\t\t<\/div>","protected":false},"excerpt":{"rendered":"<p>The International Institute of Neurosciences Edmond and Lily Safra, one of the units of the Santos Dumont Institute located in Maca\u00edba, Brazil, offers the only master&#8217;s degree in Neuroengineering recognized by the brazilian Ministry of Education since 2013.\u00a0 Check out the answers to the most frequently asked questions about the course. What skills are developed [&hellip;]<\/p>","protected":false},"author":10,"featured_media":0,"parent":13699,"menu_order":0,"comment_status":"closed","ping_status":"closed","template":"template-page.php","meta":{"_acf_changed":false,"footnotes":""},"class_list":["post-23722","page","type-page","status-publish","hentry"],"acf":[],"_links":{"self":[{"href":"https:\/\/institutosantosdumont.org.br\/es\/wp-json\/wp\/v2\/pages\/23722","targetHints":{"allow":["GET"]}}],"collection":[{"href":"https:\/\/institutosantosdumont.org.br\/es\/wp-json\/wp\/v2\/pages"}],"about":[{"href":"https:\/\/institutosantosdumont.org.br\/es\/wp-json\/wp\/v2\/types\/page"}],"author":[{"embeddable":true,"href":"https:\/\/institutosantosdumont.org.br\/es\/wp-json\/wp\/v2\/users\/10"}],"replies":[{"embeddable":true,"href":"https:\/\/institutosantosdumont.org.br\/es\/wp-json\/wp\/v2\/comments?post=23722"}],"version-history":[{"count":0,"href":"https:\/\/institutosantosdumont.org.br\/es\/wp-json\/wp\/v2\/pages\/23722\/revisions"}],"up":[{"embeddable":true,"href":"https:\/\/institutosantosdumont.org.br\/es\/wp-json\/wp\/v2\/pages\/13699"}],"wp:attachment":[{"href":"https:\/\/institutosantosdumont.org.br\/es\/wp-json\/wp\/v2\/media?parent=23722"}],"curies":[{"name":"wp","href":"https:\/\/api.w.org\/{rel}","templated":true}]}}