{"id":24530,"date":"2022-06-15T15:19:08","date_gmt":"2022-06-15T18:19:08","guid":{"rendered":"http:\/\/www.institutosantosdumont.org.br\/?page_id=24530"},"modified":"2022-06-17T09:30:58","modified_gmt":"2022-06-17T12:30:58","slug":"perguntas-frequentes-respcd","status":"publish","type":"page","link":"https:\/\/institutosantosdumont.org.br\/es\/residencia-multiprofissional\/perguntas-frequentes-respcd\/","title":{"rendered":"Preguntas frecuentes sobre RESPCD"},"content":{"rendered":"<div data-elementor-type=\"wp-post\" data-elementor-id=\"24530\" class=\"elementor elementor-24530\" data-elementor-post-type=\"page\">\n\t\t\t\t\t\t<section class=\"elementor-section elementor-top-section elementor-element elementor-element-b82e16c elementor-section-boxed elementor-section-height-default elementor-section-height-default\" data-id=\"b82e16c\" data-element_type=\"section\">\n\t\t\t\t\t\t<div class=\"elementor-container elementor-column-gap-default\">\n\t\t\t\t\t<div class=\"elementor-column elementor-col-100 elementor-top-column elementor-element elementor-element-48c24bd\" data-id=\"48c24bd\" data-element_type=\"column\">\n\t\t\t<div class=\"elementor-widget-wrap elementor-element-populated\">\n\t\t\t\t\t\t<div class=\"elementor-element elementor-element-f521e60 elementor-widget elementor-widget-spacer\" data-id=\"f521e60\" data-element_type=\"widget\" data-widget_type=\"spacer.default\">\n\t\t\t\t<div class=\"elementor-widget-container\">\n\t\t\t\t\t\t\t<div class=\"elementor-spacer\">\n\t\t\t<div class=\"elementor-spacer-inner\"><\/div>\n\t\t<\/div>\n\t\t\t\t\t\t<\/div>\n\t\t\t\t<\/div>\n\t\t\t\t<div class=\"elementor-element elementor-element-4fdd7de elementor-widget elementor-widget-text-editor\" data-id=\"4fdd7de\" data-element_type=\"widget\" data-widget_type=\"text-editor.default\">\n\t\t\t\t<div class=\"elementor-widget-container\">\n\t\t\t\t\t\t\t\t\t<p>Desde 2017, el Centro de Educaci\u00f3n e Investigaci\u00f3n en Salud Anita Garibaldi (Anita), del Instituto Santos Dumont (ISD), ofrece el \u00fanico programa de Residencia Multidisciplinaria en Atenci\u00f3n a la Salud de Personas con Discapacidad en Brasil. A continuaci\u00f3n, consulte las respuestas a las preguntas m\u00e1s frecuentes sobre el programa.<\/p>\t\t\t\t\t\t\t\t<\/div>\n\t\t\t\t<\/div>\n\t\t\t\t<div class=\"elementor-element elementor-element-ad50442 elementor-widget elementor-widget-accordion\" data-id=\"ad50442\" data-element_type=\"widget\" data-widget_type=\"accordion.default\">\n\t\t\t\t<div class=\"elementor-widget-container\">\n\t\t\t\t\t\t\t<div class=\"elementor-accordion\">\n\t\t\t\t\t\t\t<div class=\"elementor-accordion-item\">\n\t\t\t\t\t<div id=\"elementor-tab-title-1811\" class=\"elementor-tab-title\" data-tab=\"1\" role=\"button\" aria-controls=\"elementor-tab-content-1811\" aria-expanded=\"false\">\n\t\t\t\t\t\t\t\t\t\t\t\t\t<span class=\"elementor-accordion-icon elementor-accordion-icon-left\" aria-hidden=\"true\">\n\t\t\t\t\t\t\t\t\t\t\t\t\t\t\t<span class=\"elementor-accordion-icon-closed\"><i class=\"fas fa-plus\"><\/i><\/span>\n\t\t\t\t\t\t\t\t<span class=\"elementor-accordion-icon-opened\"><i class=\"fas fa-minus\"><\/i><\/span>\n\t\t\t\t\t\t\t\t\t\t\t\t\t\t<\/span>\n\t\t\t\t\t\t\t\t\t\t\t\t<a class=\"elementor-accordion-title\" tabindex=\"0\">\u00bfCu\u00e1les son las \u00e1reas de concentraci\u00f3n de RESPCD?<\/a>\n\t\t\t\t\t<\/div>\n\t\t\t\t\t<div id=\"elementor-tab-content-1811\" class=\"elementor-tab-content elementor-clearfix\" data-tab=\"1\" role=\"region\" aria-labelledby=\"elementor-tab-title-1811\"><p><span style=\"font-weight: 400;\">Fisioterapia, Logopedia, Psicolog\u00eda y Trabajo Social.\u00a0<\/span><span style=\"font-weight: 400;\">ISD tiene autorizaci\u00f3n del MEC para ampliar vacantes de Terapia Ocupacional, Farmacia y Enfermer\u00eda, pero est\u00e1 a la espera de aviso para postular a becas.\u00a0<\/span><\/p><\/div>\n\t\t\t\t<\/div>\n\t\t\t\t\t\t\t<div class=\"elementor-accordion-item\">\n\t\t\t\t\t<div id=\"elementor-tab-title-1812\" class=\"elementor-tab-title\" data-tab=\"2\" role=\"button\" aria-controls=\"elementor-tab-content-1812\" aria-expanded=\"false\">\n\t\t\t\t\t\t\t\t\t\t\t\t\t<span class=\"elementor-accordion-icon elementor-accordion-icon-left\" aria-hidden=\"true\">\n\t\t\t\t\t\t\t\t\t\t\t\t\t\t\t<span class=\"elementor-accordion-icon-closed\"><i class=\"fas fa-plus\"><\/i><\/span>\n\t\t\t\t\t\t\t\t<span class=\"elementor-accordion-icon-opened\"><i class=\"fas fa-minus\"><\/i><\/span>\n\t\t\t\t\t\t\t\t\t\t\t\t\t\t<\/span>\n\t\t\t\t\t\t\t\t\t\t\t\t<a class=\"elementor-accordion-title\" tabindex=\"0\">\u00bfCu\u00e1l es el valor de la beca y qui\u00e9n la financia?<\/a>\n\t\t\t\t\t<\/div>\n\t\t\t\t\t<div id=\"elementor-tab-content-1812\" class=\"elementor-tab-content elementor-clearfix\" data-tab=\"2\" role=\"region\" aria-labelledby=\"elementor-tab-title-1812\"><p>El valor actualizado, seg\u00fan Ordenanza Interministerial n\u00ba 9, de 13 de octubre de 2021, es R$4.106,09. Las becas est\u00e1n financiadas por el Ministerio de Salud.<\/p><\/div>\n\t\t\t\t<\/div>\n\t\t\t\t\t\t\t<div class=\"elementor-accordion-item\">\n\t\t\t\t\t<div id=\"elementor-tab-title-1813\" class=\"elementor-tab-title\" data-tab=\"3\" role=\"button\" aria-controls=\"elementor-tab-content-1813\" aria-expanded=\"false\">\n\t\t\t\t\t\t\t\t\t\t\t\t\t<span class=\"elementor-accordion-icon elementor-accordion-icon-left\" aria-hidden=\"true\">\n\t\t\t\t\t\t\t\t\t\t\t\t\t\t\t<span class=\"elementor-accordion-icon-closed\"><i class=\"fas fa-plus\"><\/i><\/span>\n\t\t\t\t\t\t\t\t<span class=\"elementor-accordion-icon-opened\"><i class=\"fas fa-minus\"><\/i><\/span>\n\t\t\t\t\t\t\t\t\t\t\t\t\t\t<\/span>\n\t\t\t\t\t\t\t\t\t\t\t\t<a class=\"elementor-accordion-title\" tabindex=\"0\">\u00bfD\u00f3nde se llevan a cabo las actividades del programa? \u00bfSe ofrece alg\u00fan tipo de veh\u00edculo de transporte?<\/a>\n\t\t\t\t\t<\/div>\n\t\t\t\t\t<div id=\"elementor-tab-content-1813\" class=\"elementor-tab-content elementor-clearfix\" data-tab=\"3\" role=\"region\" aria-labelledby=\"elementor-tab-title-1813\"><p>La mayor parte de la carga de trabajo de RESPCD se lleva a cabo en las unidades del Instituto Santos Dumont, el Centro de Investigaci\u00f3n y Educaci\u00f3n en Salud Anita Garibaldi (Anita) y el Instituto Internacional de Neurociencias Edmond y Lily Safra (IIN-ELS). Los residentes de RESPCD tambi\u00e9n realizan pr\u00e1cticas en otras instituciones. Por ejemplo, la pasant\u00eda en Atenci\u00f3n Primaria se realiza en Unidades B\u00e1sicas de Salud de los municipios socios, actualmente Maca\u00edba (RN) y Paranamirim (RN). Los residentes tambi\u00e9n pueden realizar pr\u00e1cticas en campos opcionales a trav\u00e9s de asociaciones establecidas, que pueden ser instituciones locales, nacionales o incluso internacionales.<\/p><p>Para llegar a las dos unidades vinculadas al Instituto Santos Dumont, Anita y al IIN-ELS, ubicadas en el municipio de Maca\u00edba\/RN, se dispone de transporte que va y viene desde la capital Natal\/RN hasta Maca\u00edba\/RN.<\/p><\/div>\n\t\t\t\t<\/div>\n\t\t\t\t\t\t\t<div class=\"elementor-accordion-item\">\n\t\t\t\t\t<div id=\"elementor-tab-title-1814\" class=\"elementor-tab-title\" data-tab=\"4\" role=\"button\" aria-controls=\"elementor-tab-content-1814\" aria-expanded=\"false\">\n\t\t\t\t\t\t\t\t\t\t\t\t\t<span class=\"elementor-accordion-icon elementor-accordion-icon-left\" aria-hidden=\"true\">\n\t\t\t\t\t\t\t\t\t\t\t\t\t\t\t<span class=\"elementor-accordion-icon-closed\"><i class=\"fas fa-plus\"><\/i><\/span>\n\t\t\t\t\t\t\t\t<span class=\"elementor-accordion-icon-opened\"><i class=\"fas fa-minus\"><\/i><\/span>\n\t\t\t\t\t\t\t\t\t\t\t\t\t\t<\/span>\n\t\t\t\t\t\t\t\t\t\t\t\t<a class=\"elementor-accordion-title\" tabindex=\"0\">\u00bfCu\u00e1l es la carga de trabajo semanal? \u00bfCu\u00e1ntos d\u00edas de la semana cubren las actividades?<\/a>\n\t\t\t\t\t<\/div>\n\t\t\t\t\t<div id=\"elementor-tab-content-1814\" class=\"elementor-tab-content elementor-clearfix\" data-tab=\"4\" role=\"region\" aria-labelledby=\"elementor-tab-title-1814\"><p><span style=\"font-weight: 400;\">Los residentes realizan semanalmente actividades te\u00f3ricas y pr\u00e1cticas, por un total de 60 horas. Las actividades se desarrollan de lunes a s\u00e1bado.\u00a0<\/span><\/p><\/div>\n\t\t\t\t<\/div>\n\t\t\t\t\t\t\t<div class=\"elementor-accordion-item\">\n\t\t\t\t\t<div id=\"elementor-tab-title-1815\" class=\"elementor-tab-title\" data-tab=\"5\" role=\"button\" aria-controls=\"elementor-tab-content-1815\" aria-expanded=\"false\">\n\t\t\t\t\t\t\t\t\t\t\t\t\t<span class=\"elementor-accordion-icon elementor-accordion-icon-left\" aria-hidden=\"true\">\n\t\t\t\t\t\t\t\t\t\t\t\t\t\t\t<span class=\"elementor-accordion-icon-closed\"><i class=\"fas fa-plus\"><\/i><\/span>\n\t\t\t\t\t\t\t\t<span class=\"elementor-accordion-icon-opened\"><i class=\"fas fa-minus\"><\/i><\/span>\n\t\t\t\t\t\t\t\t\t\t\t\t\t\t<\/span>\n\t\t\t\t\t\t\t\t\t\t\t\t<a class=\"elementor-accordion-title\" tabindex=\"0\">\u00bfC\u00f3mo funciona el trabajo conjunto con la Maestr\u00eda en Neuroingenier\u00eda?<\/a>\n\t\t\t\t\t<\/div>\n\t\t\t\t\t<div id=\"elementor-tab-content-1815\" class=\"elementor-tab-content elementor-clearfix\" data-tab=\"5\" role=\"region\" aria-labelledby=\"elementor-tab-title-1815\"><p><span style=\"font-weight: 400;\">La matriz curricular del eje transversal del Programa RESPCD comparte algunas materias en com\u00fan con la Maestr\u00eda en Neuroingenier\u00eda. Se trata de materias que tienen relaci\u00f3n directa con el cuidado de la salud de las personas con discapacidad, como la Bio\u00e9tica y la Educaci\u00f3n para la Ciudadan\u00eda Global. Esto permite al residente aprovechar las materias para completar cr\u00e9ditos de la maestr\u00eda en un menor per\u00edodo de tiempo, en los casos en que los residentes sean aprobados en el proceso de selecci\u00f3n para la maestr\u00eda en neuroingenier\u00eda. En 2022, por ejemplo, hay 6 graduados del RESPCD involucrados en la maestr\u00eda en neuroingenier\u00eda. Adem\u00e1s, esta acci\u00f3n permite fortalecer la integraci\u00f3n docencia-investigaci\u00f3n-servicio-comunidad y la formaci\u00f3n de estos profesionales, que comparten ideas de soluciones innovadoras a los problemas de salud.<\/span><\/p><\/div>\n\t\t\t\t<\/div>\n\t\t\t\t\t\t\t<div class=\"elementor-accordion-item\">\n\t\t\t\t\t<div id=\"elementor-tab-title-1816\" class=\"elementor-tab-title\" data-tab=\"6\" role=\"button\" aria-controls=\"elementor-tab-content-1816\" aria-expanded=\"false\">\n\t\t\t\t\t\t\t\t\t\t\t\t\t<span class=\"elementor-accordion-icon elementor-accordion-icon-left\" aria-hidden=\"true\">\n\t\t\t\t\t\t\t\t\t\t\t\t\t\t\t<span class=\"elementor-accordion-icon-closed\"><i class=\"fas fa-plus\"><\/i><\/span>\n\t\t\t\t\t\t\t\t<span class=\"elementor-accordion-icon-opened\"><i class=\"fas fa-minus\"><\/i><\/span>\n\t\t\t\t\t\t\t\t\t\t\t\t\t\t<\/span>\n\t\t\t\t\t\t\t\t\t\t\t\t<a class=\"elementor-accordion-title\" tabindex=\"0\">\u00bfD\u00f3nde pueden trabajar estos especialistas?<\/a>\n\t\t\t\t\t<\/div>\n\t\t\t\t\t<div id=\"elementor-tab-content-1816\" class=\"elementor-tab-content elementor-clearfix\" data-tab=\"6\" role=\"region\" aria-labelledby=\"elementor-tab-title-1816\"><p><span style=\"font-weight: 400;\">Los especialistas en la atenci\u00f3n de la salud de personas con discapacidad podr\u00e1n trabajar en cualesquiera unidades o centros de salud que atiendan a personas con discapacidad en todos los niveles de atenci\u00f3n sanitaria.\u00a0<\/span><\/p><\/div>\n\t\t\t\t<\/div>\n\t\t\t\t\t\t\t\t<\/div>\n\t\t\t\t\t\t<\/div>\n\t\t\t\t<\/div>\n\t\t\t\t<div class=\"elementor-element elementor-element-04e225c elementor-widget elementor-widget-spacer\" data-id=\"04e225c\" data-element_type=\"widget\" data-widget_type=\"spacer.default\">\n\t\t\t\t<div class=\"elementor-widget-container\">\n\t\t\t\t\t\t\t<div class=\"elementor-spacer\">\n\t\t\t<div class=\"elementor-spacer-inner\"><\/div>\n\t\t<\/div>\n\t\t\t\t\t\t<\/div>\n\t\t\t\t<\/div>\n\t\t\t\t\t<\/div>\n\t\t<\/div>\n\t\t\t\t\t<\/div>\n\t\t<\/section>\n\t\t\t\t<\/div>","protected":false},"excerpt":{"rendered":"<p>El Centro de Educaci\u00f3n e Investigaci\u00f3n en Salud Anita Garibaldi (Anita), perteneciente al Instituto Santos Dumont (ISD), ofrece desde 2017 el \u00fanico Programa de Residencia Multiprofesional en Atenci\u00f3n a la Salud para Personas con Discapacidad de Brasil. A continuaci\u00f3n, encontrar\u00e1 respuestas a preguntas frecuentes sobre el programa. \u00bfCu\u00e1les son las \u00e1reas de concentraci\u00f3n del RESPCD? [\u2026]<\/p>","protected":false},"author":10,"featured_media":21691,"parent":12818,"menu_order":0,"comment_status":"closed","ping_status":"closed","template":"template-page.php","meta":{"_acf_changed":false,"footnotes":""},"class_list":["post-24530","page","type-page","status-publish","has-post-thumbnail","hentry"],"acf":[],"_links":{"self":[{"href":"https:\/\/institutosantosdumont.org.br\/es\/wp-json\/wp\/v2\/pages\/24530","targetHints":{"allow":["GET"]}}],"collection":[{"href":"https:\/\/institutosantosdumont.org.br\/es\/wp-json\/wp\/v2\/pages"}],"about":[{"href":"https:\/\/institutosantosdumont.org.br\/es\/wp-json\/wp\/v2\/types\/page"}],"author":[{"embeddable":true,"href":"https:\/\/institutosantosdumont.org.br\/es\/wp-json\/wp\/v2\/users\/10"}],"replies":[{"embeddable":true,"href":"https:\/\/institutosantosdumont.org.br\/es\/wp-json\/wp\/v2\/comments?post=24530"}],"version-history":[{"count":1,"href":"https:\/\/institutosantosdumont.org.br\/es\/wp-json\/wp\/v2\/pages\/24530\/revisions"}],"predecessor-version":[{"id":32979,"href":"https:\/\/institutosantosdumont.org.br\/es\/wp-json\/wp\/v2\/pages\/24530\/revisions\/32979"}],"up":[{"embeddable":true,"href":"https:\/\/institutosantosdumont.org.br\/es\/wp-json\/wp\/v2\/pages\/12818"}],"wp:featuredmedia":[{"embeddable":true,"href":"https:\/\/institutosantosdumont.org.br\/es\/wp-json\/wp\/v2\/media\/21691"}],"wp:attachment":[{"href":"https:\/\/institutosantosdumont.org.br\/es\/wp-json\/wp\/v2\/media?parent=24530"}],"curies":[{"name":"wp","href":"https:\/\/api.w.org\/{rel}","templated":true}]}}