{"id":24704,"date":"2022-07-13T10:20:39","date_gmt":"2022-07-13T13:20:39","guid":{"rendered":"http:\/\/www.institutosantosdumont.org.br\/?page_id=24704"},"modified":"2025-03-25T09:45:32","modified_gmt":"2025-03-25T12:45:32","slug":"portas-abertas","status":"publish","type":"page","link":"https:\/\/institutosantosdumont.org.br\/es\/portas-abertas\/","title":{"rendered":"puertas abiertas"},"content":{"rendered":"<div data-elementor-type=\"wp-post\" data-elementor-id=\"24704\" class=\"elementor elementor-24704\" data-elementor-post-type=\"page\">\n\t\t\t\t<div class=\"elementor-element elementor-element-bb19872 e-flex e-con-boxed e-con e-parent\" data-id=\"bb19872\" data-element_type=\"container\">\n\t\t\t\t\t<div class=\"e-con-inner\">\n\t\t<div class=\"elementor-element elementor-element-f65b855 e-con-full e-flex e-con e-child\" data-id=\"f65b855\" data-element_type=\"container\">\n\t\t\t\t<div class=\"elementor-element elementor-element-7d1d06d elementor-widget elementor-widget-text-editor\" data-id=\"7d1d06d\" data-element_type=\"widget\" data-widget_type=\"text-editor.default\">\n\t\t\t\t<div class=\"elementor-widget-container\">\n\t\t\t\t\t\t\t\t\t<h6 style=\"text-align: center;\">El Instituto Santos Dumont (ISD) est\u00e1 abierto para recibir visitantes interesados en visitar las instalaciones de investigaci\u00f3n y el espacio expositivo del Instituto Internacional de Neurociencia Edmond y Lily Safra (IIN-ELS), una de sus unidades ubicada en el municipio de Maca\u00edba (RN) .\u00a0<\/h6><h6 style=\"text-align: center;\">Las visitas pueden realizarse en\u00a0<span style=\"font-weight: bold;\">mi\u00e9rcoles por la ma\u00f1ana\u00a0<\/span>o en\u00a0<span style=\"font-weight: bold;\">jueves a las<\/span><span style=\"font-weight: bolder;\">\u00a0tarde,\u00a0<\/span>y debe ser\u00a0<span style=\"font-weight: bold;\">previamente programado.<br \/><br \/>\u00a1IMPORTANTE!<br \/>El prop\u00f3sito de las visitas es presentar el Instituto, no discutir propuestas de proyectos. Si desea discutir un proyecto con m\u00e1s detalle, comun\u00edquese con uno de nuestros investigadores en <span style=\"text-decoration: underline;\"><a href=\"https:\/\/institutosantosdumont.org.br\/es\/pesquisadores-iinels\/\">enlace<\/a><\/span><a href=\"https:\/\/institutosantosdumont.org.br\/es\/pesquisadores-iinels\/\">.<\/a><\/span><\/h6>\t\t\t\t\t\t\t\t<\/div>\n\t\t\t\t<\/div>\n\t\t\t\t<div class=\"elementor-element elementor-element-b00a21a elementor-align-center elementor-widget elementor-widget-button\" data-id=\"b00a21a\" data-element_type=\"widget\" data-widget_type=\"button.default\">\n\t\t\t\t<div class=\"elementor-widget-container\">\n\t\t\t\t\t\t\t\t\t<div class=\"elementor-button-wrapper\">\n\t\t\t\t\t<a class=\"elementor-button elementor-button-link elementor-size-sm\" href=\"https:\/\/docs.google.com\/forms\/d\/e\/1FAIpQLScTblcJB9PHdg3dEplKcupVRKiG26WIhJ3gzDbx4EPHfJNqEA\/viewform\" target=\"_blank\" rel=\"noopener noreferrer nofollow\">\n\t\t\t\t\t\t<span class=\"elementor-button-content-wrapper\">\n\t\t\t\t\t\t\t\t\t<span class=\"elementor-button-text\">Haga clic para programar su visita<\/span>\n\t\t\t\t\t<\/span>\n\t\t\t\t\t<\/a>\n\t\t\t\t<\/div>\n\t\t\t\t\t\t\t\t<\/div>\n\t\t\t\t<\/div>\n\t\t\t\t<div class=\"elementor-element elementor-element-6661d2e elementor-widget elementor-widget-gallery\" data-id=\"6661d2e\" data-element_type=\"widget\" data-settings=\"{&quot;gallery_layout&quot;:&quot;justified&quot;,&quot;overlay_description&quot;:&quot;caption&quot;,&quot;lazyload&quot;:&quot;yes&quot;,&quot;ideal_row_height&quot;:{&quot;unit&quot;:&quot;px&quot;,&quot;size&quot;:200,&quot;sizes&quot;:[]},&quot;ideal_row_height_tablet&quot;:{&quot;unit&quot;:&quot;px&quot;,&quot;size&quot;:150,&quot;sizes&quot;:[]},&quot;ideal_row_height_mobile&quot;:{&quot;unit&quot;:&quot;px&quot;,&quot;size&quot;:150,&quot;sizes&quot;:[]},&quot;gap&quot;:{&quot;unit&quot;:&quot;px&quot;,&quot;size&quot;:10,&quot;sizes&quot;:[]},&quot;gap_tablet&quot;:{&quot;unit&quot;:&quot;px&quot;,&quot;size&quot;:10,&quot;sizes&quot;:[]},&quot;gap_mobile&quot;:{&quot;unit&quot;:&quot;px&quot;,&quot;size&quot;:10,&quot;sizes&quot;:[]},&quot;link_to&quot;:&quot;file&quot;,&quot;overlay_background&quot;:&quot;yes&quot;,&quot;content_hover_animation&quot;:&quot;fade-in&quot;}\" data-widget_type=\"gallery.default\">\n\t\t\t\t<div class=\"elementor-widget-container\">\n\t\t\t\t\t\t\t<div class=\"elementor-gallery__container\">\n\t\t\t\t\t\t\t<a class=\"e-gallery-item elementor-gallery-item elementor-animated-content\" href=\"https:\/\/institutosantosdumont.org.br\/wp-content\/uploads\/2023\/06\/23032023-DJI_0032-scaled.webp\" data-elementor-open-lightbox=\"yes\" data-elementor-lightbox-slideshow=\"6661d2e\" data-elementor-lightbox-title=\"23032023-DJI_0032\" data-e-action-hash=\"#elementor-action%3Aaction%3Dlightbox%26settings%3DeyJpZCI6MjY0ODUsInVybCI6Imh0dHBzOlwvXC9pbnN0aXR1dG9zYW50b3NkdW1vbnQub3JnLmJyXC93cC1jb250ZW50XC91cGxvYWRzXC8yMDIzXC8wNlwvMjMwMzIwMjMtREpJXzAwMzItc2NhbGVkLndlYnAiLCJzbGlkZXNob3ciOiI2NjYxZDJlIn0%3D\">\n\t\t\t\t\t<div class=\"e-gallery-image elementor-gallery-item__image\" data-thumbnail=\"https:\/\/institutosantosdumont.org.br\/wp-content\/uploads\/2023\/06\/23032023-DJI_0032-300x169.webp\" data-width=\"300\" data-height=\"169\" aria-label=\"\" role=\"img\" ><\/div>\n\t\t\t\t\t\t\t\t\t\t\t<div class=\"elementor-gallery-item__overlay\"><\/div>\n\t\t\t\t\t\t\t\t\t\t\t\t\t\t\t<div class=\"elementor-gallery-item__content\">\n\t\t\t\t\t\t\t\t\t\t\t\t\t\t<div class=\"elementor-gallery-item__description\">\n\t\t\t\t\t\t\t\t\t\t\t\t\t\t\t\t\t\tImagen a\u00e9rea del Instituto Internacional de Neurociencia Edmond y Lily Safra (IIN-ELS), en Maca\u00edba (RN). Foto: Canind\u00e9 Soares.\t\t\t\t\t\t\t\t<\/div>\n\t\t\t\t\t\t\t\t\t\t\t\t<\/div>\n\t\t\t\t\t\t\t\t\t<\/a>\n\t\t\t\t\t\t\t<a class=\"e-gallery-item elementor-gallery-item elementor-animated-content\" href=\"https:\/\/institutosantosdumont.org.br\/wp-content\/uploads\/2023\/06\/IMG_4348-scaled.webp\" data-elementor-open-lightbox=\"yes\" data-elementor-lightbox-slideshow=\"6661d2e\" data-elementor-lightbox-title=\"IMG_4348\" data-e-action-hash=\"#elementor-action%3Aaction%3Dlightbox%26settings%3DeyJpZCI6MjY0ODcsInVybCI6Imh0dHBzOlwvXC9pbnN0aXR1dG9zYW50b3NkdW1vbnQub3JnLmJyXC93cC1jb250ZW50XC91cGxvYWRzXC8yMDIzXC8wNlwvSU1HXzQzNDgtc2NhbGVkLndlYnAiLCJzbGlkZXNob3ciOiI2NjYxZDJlIn0%3D\">\n\t\t\t\t\t<div class=\"e-gallery-image elementor-gallery-item__image\" data-thumbnail=\"https:\/\/institutosantosdumont.org.br\/wp-content\/uploads\/2023\/06\/IMG_4348-300x225.webp\" data-width=\"300\" data-height=\"225\" aria-label=\"\" role=\"img\" ><\/div>\n\t\t\t\t\t\t\t\t\t\t\t<div class=\"elementor-gallery-item__overlay\"><\/div>\n\t\t\t\t\t\t\t\t\t\t\t\t\t\t\t<div class=\"elementor-gallery-item__content\">\n\t\t\t\t\t\t\t\t\t\t\t\t\t\t<div class=\"elementor-gallery-item__description\">\n\t\t\t\t\t\t\t\t\t\t\t\t\t\t\t\t\t\tVisita de ni\u00f1os y adolescentes de Parnamirim a ISD durante la Semana Nacional de Ciencia y Tecnolog\u00eda 2022. Foto: Ascom ISD\t\t\t\t\t\t\t\t<\/div>\n\t\t\t\t\t\t\t\t\t\t\t\t<\/div>\n\t\t\t\t\t\t\t\t\t<\/a>\n\t\t\t\t\t\t\t<a class=\"e-gallery-item elementor-gallery-item elementor-animated-content\" href=\"https:\/\/institutosantosdumont.org.br\/wp-content\/uploads\/2023\/06\/Crianca-da-Comunidade-Quilombola-Capoeiras-dos-Negros_-em-Macaiba_-conhece-o-IIN-ELS-durante-a-SNCT-_1-scaled.webp\" data-elementor-open-lightbox=\"yes\" data-elementor-lightbox-slideshow=\"6661d2e\" data-elementor-lightbox-title=\"Crian\u00e7a-da-Comunidade-Quilombola-Capoeiras-dos-Negros_-em-Maca\u00edba_-conhece-o-IIN-ELS-durante-a-SNCT-_1\" data-e-action-hash=\"#elementor-action%3Aaction%3Dlightbox%26settings%3DeyJpZCI6MjY0ODgsInVybCI6Imh0dHBzOlwvXC9pbnN0aXR1dG9zYW50b3NkdW1vbnQub3JnLmJyXC93cC1jb250ZW50XC91cGxvYWRzXC8yMDIzXC8wNlwvQ3JpYW5jYS1kYS1Db211bmlkYWRlLVF1aWxvbWJvbGEtQ2Fwb2VpcmFzLWRvcy1OZWdyb3NfLWVtLU1hY2FpYmFfLWNvbmhlY2Utby1JSU4tRUxTLWR1cmFudGUtYS1TTkNULV8xLXNjYWxlZC53ZWJwIiwic2xpZGVzaG93IjoiNjY2MWQyZSJ9\">\n\t\t\t\t\t<div class=\"e-gallery-image elementor-gallery-item__image\" data-thumbnail=\"https:\/\/institutosantosdumont.org.br\/wp-content\/uploads\/2023\/06\/Crianca-da-Comunidade-Quilombola-Capoeiras-dos-Negros_-em-Macaiba_-conhece-o-IIN-ELS-durante-a-SNCT-_1-300x209.webp\" data-width=\"300\" data-height=\"209\" aria-label=\"\" role=\"img\" ><\/div>\n\t\t\t\t\t\t\t\t\t\t\t<div class=\"elementor-gallery-item__overlay\"><\/div>\n\t\t\t\t\t\t\t\t\t\t\t\t\t\t\t<div class=\"elementor-gallery-item__content\">\n\t\t\t\t\t\t\t\t\t\t\t\t\t\t<div class=\"elementor-gallery-item__description\">\n\t\t\t\t\t\t\t\t\t\t\t\t\t\t\t\t\t\tVisita de ni\u00f1os de la Comunidad Quilombola de Capoeiras, de Maca\u00edba (RN), al ISD en 2021. Foto: Ascom ISD\t\t\t\t\t\t\t\t<\/div>\n\t\t\t\t\t\t\t\t\t\t\t\t<\/div>\n\t\t\t\t\t\t\t\t\t<\/a>\n\t\t\t\t\t\t\t<a class=\"e-gallery-item elementor-gallery-item elementor-animated-content\" href=\"https:\/\/institutosantosdumont.org.br\/wp-content\/uploads\/2023\/06\/Criancas-e-adolescentes-da-rede-publica-de-educacao-do-RN-participando-da-SNCT-no-ISD-em-2021-scaled.webp\" data-elementor-open-lightbox=\"yes\" data-elementor-lightbox-slideshow=\"6661d2e\" data-elementor-lightbox-title=\"Crian\u00e7as-e-adolescentes-da-rede-p\u00fablica-de-educa\u00e7\u00e3o-do-RN-participando-da-SNCT-no-ISD-em-2021\" data-e-action-hash=\"#elementor-action%3Aaction%3Dlightbox%26settings%3DeyJpZCI6MjY0OTAsInVybCI6Imh0dHBzOlwvXC9pbnN0aXR1dG9zYW50b3NkdW1vbnQub3JnLmJyXC93cC1jb250ZW50XC91cGxvYWRzXC8yMDIzXC8wNlwvQ3JpYW5jYXMtZS1hZG9sZXNjZW50ZXMtZGEtcmVkZS1wdWJsaWNhLWRlLWVkdWNhY2FvLWRvLVJOLXBhcnRpY2lwYW5kby1kYS1TTkNULW5vLUlTRC1lbS0yMDIxLXNjYWxlZC53ZWJwIiwic2xpZGVzaG93IjoiNjY2MWQyZSJ9\">\n\t\t\t\t\t<div class=\"e-gallery-image elementor-gallery-item__image\" data-thumbnail=\"https:\/\/institutosantosdumont.org.br\/wp-content\/uploads\/2023\/06\/Criancas-e-adolescentes-da-rede-publica-de-educacao-do-RN-participando-da-SNCT-no-ISD-em-2021-300x200.webp\" data-width=\"300\" data-height=\"200\" aria-label=\"\" role=\"img\" ><\/div>\n\t\t\t\t\t\t\t\t\t\t\t<div class=\"elementor-gallery-item__overlay\"><\/div>\n\t\t\t\t\t\t\t\t\t\t\t\t\t\t\t<div class=\"elementor-gallery-item__content\">\n\t\t\t\t\t\t\t\t\t\t\t\t\t\t<div class=\"elementor-gallery-item__description\">\n\t\t\t\t\t\t\t\t\t\t\t\t\t\t\t\t\t\tNi\u00f1os y adolescentes de escuelas p\u00fablicas de RN visitan el ISD durante la Semana Nacional de Ciencia y Tecnolog\u00eda 2021. Foto: Ascom ISD.\t\t\t\t\t\t\t\t<\/div>\n\t\t\t\t\t\t\t\t\t\t\t\t<\/div>\n\t\t\t\t\t\t\t\t\t<\/a>\n\t\t\t\t\t<\/div>\n\t\t\t\t\t<\/div>\n\t\t\t\t<\/div>\n\t\t\t\t<\/div>\n\t\t\t\t\t<\/div>\n\t\t\t\t<\/div>\n\t\t\t\t<\/div>","protected":false},"excerpt":{"rendered":"<p>El Instituto Santos Dumont (ISD) abre sus puertas a los visitantes interesados en visitar las instalaciones de investigaci\u00f3n y el espacio expositivo del Instituto Internacional de Neurociencias Edmond y Lily Safra (IIN-ELS), una de sus unidades ubicada en el municipio de Maca\u00edba, Rio Grande do Norte. Las visitas pueden realizarse los mi\u00e9rcoles por la ma\u00f1ana o los jueves por la tarde, y deben programarse con antelaci\u00f3n. [\u2026]<\/p>","protected":false},"author":10,"featured_media":0,"parent":0,"menu_order":0,"comment_status":"closed","ping_status":"closed","template":"","meta":{"_acf_changed":false,"footnotes":""},"class_list":["post-24704","page","type-page","status-publish","hentry"],"acf":[],"_links":{"self":[{"href":"https:\/\/institutosantosdumont.org.br\/es\/wp-json\/wp\/v2\/pages\/24704","targetHints":{"allow":["GET"]}}],"collection":[{"href":"https:\/\/institutosantosdumont.org.br\/es\/wp-json\/wp\/v2\/pages"}],"about":[{"href":"https:\/\/institutosantosdumont.org.br\/es\/wp-json\/wp\/v2\/types\/page"}],"author":[{"embeddable":true,"href":"https:\/\/institutosantosdumont.org.br\/es\/wp-json\/wp\/v2\/users\/10"}],"replies":[{"embeddable":true,"href":"https:\/\/institutosantosdumont.org.br\/es\/wp-json\/wp\/v2\/comments?post=24704"}],"version-history":[{"count":3,"href":"https:\/\/institutosantosdumont.org.br\/es\/wp-json\/wp\/v2\/pages\/24704\/revisions"}],"predecessor-version":[{"id":31991,"href":"https:\/\/institutosantosdumont.org.br\/es\/wp-json\/wp\/v2\/pages\/24704\/revisions\/31991"}],"wp:attachment":[{"href":"https:\/\/institutosantosdumont.org.br\/es\/wp-json\/wp\/v2\/media?parent=24704"}],"curies":[{"name":"wp","href":"https:\/\/api.w.org\/{rel}","templated":true}]}}