{"id":28054,"date":"2024-01-11T16:36:13","date_gmt":"2024-01-11T19:36:13","guid":{"rendered":"https:\/\/www.institutosantosdumont.org.br\/?page_id=28054"},"modified":"2025-10-07T16:34:58","modified_gmt":"2025-10-07T19:34:58","slug":"corpo-tecnico","status":"publish","type":"page","link":"https:\/\/institutosantosdumont.org.br\/es\/corpo-tecnico\/","title":{"rendered":"Personal t\u00e9cnico"},"content":{"rendered":"<div data-elementor-type=\"wp-page\" data-elementor-id=\"28054\" class=\"elementor elementor-28054\" data-elementor-post-type=\"page\">\n\t\t\t\t<div class=\"elementor-element elementor-element-445b470 e-flex e-con-boxed e-con e-parent\" data-id=\"445b470\" data-element_type=\"container\">\n\t\t\t\t\t<div class=\"e-con-inner\">\n\t\t\t\t<div class=\"elementor-element elementor-element-07be08b elementor-widget elementor-widget-text-editor\" data-id=\"07be08b\" data-element_type=\"widget\" data-widget_type=\"text-editor.default\">\n\t\t\t\t<div class=\"elementor-widget-container\">\n\t\t\t\t\t\t\t\t\t<p style=\"text-align: center;\">El Instituto Santos Dumont cuenta con un equipo calificado de t\u00e9cnicos de investigaci\u00f3n y desarrollo, disponibles para ayudar en la realizaci\u00f3n de experimentos en nuestras instalaciones.\u00a0<\/p><p style=\"text-align: center;\">En total, la instituci\u00f3n cuenta con cuatro t\u00e9cnicos de apoyo a la investigaci\u00f3n y el desarrollo, que se dividen en cuatro \u00e1reas principales de actividad: <strong>Electrofisiolog\u00eda y comportamiento animal (incluidas neuropr\u00f3tesis); Electrofisiolog\u00eda humana y neurorrehabilitaci\u00f3n; Neurobiolog\u00eda y Microscop\u00eda y Neuroingenier\u00eda.\u00a0<\/strong><\/p><p style=\"text-align: center;\">Adem\u00e1s del equipo de t\u00e9cnicos de apoyo a la investigaci\u00f3n y desarrollo, el ISD tambi\u00e9n cuenta con un veterinario responsable del vivero y tres t\u00e9cnicos auxiliares, que trabajan en el cuidado y atenci\u00f3n de los animales utilizados para la docencia y la investigaci\u00f3n, orientaci\u00f3n y formaci\u00f3n de investigadores para la realizaci\u00f3n de investigaciones. . en modelos animales.<\/p>\t\t\t\t\t\t\t\t<\/div>\n\t\t\t\t<\/div>\n\t\t\t\t\t<\/div>\n\t\t\t\t<\/div>\n\t\t<div class=\"elementor-element elementor-element-45d992f e-flex e-con-boxed e-con e-parent\" data-id=\"45d992f\" data-element_type=\"container\">\n\t\t\t\t\t<div class=\"e-con-inner\">\n\t\t\t\t<div class=\"elementor-element elementor-element-7d5758c elementor-widget elementor-widget-text-editor\" data-id=\"7d5758c\" data-element_type=\"widget\" data-widget_type=\"text-editor.default\">\n\t\t\t\t<div class=\"elementor-widget-container\">\n\t\t\t\t\t\t\t\t\t<h5 style=\"text-align: center;\"><strong>Conoce a nuestro equipo de T\u00e9cnicos de Soporte a la Investigaci\u00f3n y el Desarrollo:<\/strong><\/h5>\t\t\t\t\t\t\t\t<\/div>\n\t\t\t\t<\/div>\n\t\t\t\t\t<\/div>\n\t\t\t\t<\/div>\n\t\t<div class=\"elementor-element elementor-element-4167c22 e-flex e-con-boxed e-con e-parent\" data-id=\"4167c22\" data-element_type=\"container\">\n\t\t\t\t\t<div class=\"e-con-inner\">\n\t\t<div class=\"elementor-element elementor-element-dda30b8 e-flex e-con-boxed e-con e-child\" data-id=\"dda30b8\" data-element_type=\"container\">\n\t\t\t\t\t<div class=\"e-con-inner\">\n\t\t<div class=\"elementor-element elementor-element-ff4488f e-con-full e-flex e-con e-child\" data-id=\"ff4488f\" data-element_type=\"container\">\n\t\t\t\t<div class=\"elementor-element elementor-element-f6bdcba elementor-widget elementor-widget-image\" data-id=\"f6bdcba\" data-element_type=\"widget\" data-widget_type=\"image.default\">\n\t\t\t\t<div class=\"elementor-widget-container\">\n\t\t\t\t\t\t\t\t\t\t\t\t\t\t\t<img decoding=\"async\" src=\"https:\/\/institutosantosdumont.org.br\/wp-content\/uploads\/2025\/09\/1.webp\" title=\"1\" alt=\"1\" loading=\"lazy\" \/>\t\t\t\t\t\t\t\t\t\t\t\t\t\t\t<\/div>\n\t\t\t\t<\/div>\n\t\t\t\t<\/div>\n\t\t<div class=\"elementor-element elementor-element-5f676aa e-con-full e-flex e-con e-child\" data-id=\"5f676aa\" data-element_type=\"container\">\n\t\t\t\t<div class=\"elementor-element elementor-element-4b50d3c elementor-widget elementor-widget-text-editor\" data-id=\"4b50d3c\" data-element_type=\"widget\" data-widget_type=\"text-editor.default\">\n\t\t\t\t<div class=\"elementor-widget-container\">\n\t\t\t\t\t\t\t\t\t<h5><strong>C\u00e1mara Diego Aquino<\/strong><\/h5>\t\t\t\t\t\t\t\t<\/div>\n\t\t\t\t<\/div>\n\t\t\t\t<div class=\"elementor-element elementor-element-3f997a5 elementor-widget elementor-widget-text-editor\" data-id=\"3f997a5\" data-element_type=\"widget\" data-widget_type=\"text-editor.default\">\n\t\t\t\t<div class=\"elementor-widget-container\">\n\t\t\t\t\t\t\t\t\t<p><b><i><a href=\"http:\/\/lattes.cnpq.br\/6684801641670984\" target=\"_blank\" rel=\"noopener noreferrer nofollow\">CV Lattes<\/a>\u00a0<\/i><\/b><\/p><p>Mag\u00edster en Psicobiolog\u00eda por la Universidad Federal de Rio Grande do Norte (UFRN) y licenciada en Ciencias Biol\u00f3gicas (UFRN). Tiene experiencia en las \u00e1reas de envejecimiento, Parkinson y cronobiolog\u00eda. Es el responsable del laboratorio h\u00famedo, donde se realizan tinciones de Nissl, inmunohistoqu\u00edmica, t\u00e9cnicas de inmunofluorescencia, as\u00ed como microtom\u00eda criost\u00e1tica, microscop\u00eda (campo brillante y fluorescencia) y confocal.<\/p>\t\t\t\t\t\t\t\t<\/div>\n\t\t\t\t<\/div>\n\t\t\t\t<\/div>\n\t\t\t\t\t<\/div>\n\t\t\t\t<\/div>\n\t\t\t\t\t<\/div>\n\t\t\t\t<\/div>\n\t\t<div class=\"elementor-element elementor-element-af0faf1 e-flex e-con-boxed e-con e-parent\" data-id=\"af0faf1\" data-element_type=\"container\">\n\t\t\t\t\t<div class=\"e-con-inner\">\n\t\t<div class=\"elementor-element elementor-element-a045ec0 e-flex e-con-boxed e-con e-child\" data-id=\"a045ec0\" data-element_type=\"container\">\n\t\t\t\t\t<div class=\"e-con-inner\">\n\t\t<div class=\"elementor-element elementor-element-6483bed e-con-full e-flex e-con e-child\" data-id=\"6483bed\" data-element_type=\"container\">\n\t\t\t\t<div class=\"elementor-element elementor-element-fa8ac07 elementor-widget__width-initial elementor-widget elementor-widget-image\" data-id=\"fa8ac07\" data-element_type=\"widget\" data-widget_type=\"image.default\">\n\t\t\t\t<div class=\"elementor-widget-container\">\n\t\t\t\t\t\t\t\t\t\t\t\t\t\t\t<img decoding=\"async\" src=\"https:\/\/institutosantosdumont.org.br\/wp-content\/uploads\/2025\/09\/2.webp\" title=\"2\" alt=\"2\" loading=\"lazy\" \/>\t\t\t\t\t\t\t\t\t\t\t\t\t\t\t<\/div>\n\t\t\t\t<\/div>\n\t\t\t\t<\/div>\n\t\t<div class=\"elementor-element elementor-element-3e9dc74 e-con-full e-flex e-con e-child\" data-id=\"3e9dc74\" data-element_type=\"container\">\n\t\t\t\t<div class=\"elementor-element elementor-element-1a0895b elementor-widget elementor-widget-text-editor\" data-id=\"1a0895b\" data-element_type=\"widget\" data-widget_type=\"text-editor.default\">\n\t\t\t\t<div class=\"elementor-widget-container\">\n\t\t\t\t\t\t\t\t\t<h5><b>Alan Michel Bezerra Furtunato<\/b><\/h5>\t\t\t\t\t\t\t\t<\/div>\n\t\t\t\t<\/div>\n\t\t\t\t<div class=\"elementor-element elementor-element-2b83781 elementor-widget elementor-widget-text-editor\" data-id=\"2b83781\" data-element_type=\"widget\" data-widget_type=\"text-editor.default\">\n\t\t\t\t<div class=\"elementor-widget-container\">\n\t\t\t\t\t\t\t\t\t<p><a href=\"http:\/\/lattes.cnpq.br\/6156382699121472\" target=\"_blank\" rel=\"noopener noreferrer nofollow\"><em><strong>CV Lattes<\/strong><\/em><\/a><\/p><p>Cient\u00edfico biom\u00e9dico con maestr\u00eda y doctorado en psicobiolog\u00eda del Programa de Posgrado en Psicobiolog\u00eda de la UFRN (2020). Investiga la neurofisiolog\u00eda del ejercicio f\u00edsico en roedores en el Laboratorio de Fisiolog\u00eda del Ejercicio (LAFISE\/UFRN), en colaboraci\u00f3n con el Laboratorio de Neurofisiolog\u00eda Computacional (Instituto del Cerebro\/UFRN). Actualmente colabora en la investigaci\u00f3n sobre la neurofisiolog\u00eda del ejercicio f\u00edsico y el sue\u00f1o. Tiene experiencia en neuroingenier\u00eda (construcci\u00f3n de micromotores y matrices de tetrodos m\u00f3viles), neurocirug\u00eda estereot\u00e1ctica y t\u00e9cnicas histol\u00f3gicas. En el ISD, es responsable de los laboratorios de investigaci\u00f3n con modelos animales.\u00a0<\/p>\t\t\t\t\t\t\t\t<\/div>\n\t\t\t\t<\/div>\n\t\t\t\t<\/div>\n\t\t\t\t\t<\/div>\n\t\t\t\t<\/div>\n\t\t\t\t\t<\/div>\n\t\t\t\t<\/div>\n\t\t<div class=\"elementor-element elementor-element-20a00c6 e-flex e-con-boxed e-con e-parent\" data-id=\"20a00c6\" data-element_type=\"container\">\n\t\t\t\t\t<div class=\"e-con-inner\">\n\t\t<div class=\"elementor-element elementor-element-afaa96b e-flex e-con-boxed e-con e-child\" data-id=\"afaa96b\" data-element_type=\"container\">\n\t\t\t\t\t<div class=\"e-con-inner\">\n\t\t<div class=\"elementor-element elementor-element-b35e727 e-con-full e-flex e-con e-child\" data-id=\"b35e727\" data-element_type=\"container\">\n\t\t\t\t<div class=\"elementor-element elementor-element-e8ba91e elementor-widget__width-initial elementor-widget elementor-widget-image\" data-id=\"e8ba91e\" data-element_type=\"widget\" data-widget_type=\"image.default\">\n\t\t\t\t<div class=\"elementor-widget-container\">\n\t\t\t\t\t\t\t\t\t\t\t\t\t\t\t<img decoding=\"async\" src=\"https:\/\/institutosantosdumont.org.br\/wp-content\/uploads\/2025\/09\/3.webp\" title=\"3\" alt=\"3\" loading=\"lazy\" \/>\t\t\t\t\t\t\t\t\t\t\t\t\t\t\t<\/div>\n\t\t\t\t<\/div>\n\t\t\t\t<\/div>\n\t\t<div class=\"elementor-element elementor-element-5c1c5e0 e-con-full e-flex e-con e-child\" data-id=\"5c1c5e0\" data-element_type=\"container\">\n\t\t\t\t<div class=\"elementor-element elementor-element-760c5d8 elementor-widget elementor-widget-text-editor\" data-id=\"760c5d8\" data-element_type=\"widget\" data-widget_type=\"text-editor.default\">\n\t\t\t\t<div class=\"elementor-widget-container\">\n\t\t\t\t\t\t\t\t\t<h5><b>Jo\u00e3o Rodrigo de Oliveira<\/b><\/h5>\t\t\t\t\t\t\t\t<\/div>\n\t\t\t\t<\/div>\n\t\t\t\t<div class=\"elementor-element elementor-element-60b2629 elementor-widget elementor-widget-text-editor\" data-id=\"60b2629\" data-element_type=\"widget\" data-widget_type=\"text-editor.default\">\n\t\t\t\t<div class=\"elementor-widget-container\">\n\t\t\t\t\t\t\t\t\t<p><a href=\"http:\/\/lattes.cnpq.br\/6156382699121472\" target=\"_blank\" rel=\"noopener noreferrer nofollow\"><em><strong>CV Lattes<\/strong><\/em><\/a><\/p><p>Licenciado en Fisioterapia (2011-2016) por la Universidad Federal de Rio Grande do Norte (UFRN). M\u00e1ster en Neuroingenier\u00eda (2017-2019) por el Instituto Santos Dumont (ISD). Doctor en Psicobiolog\u00eda por la UFRN (2025). Experiencia en neurobiolog\u00eda de la cognici\u00f3n utilizando modelos animales y soporte t\u00e9cnico para equipos biom\u00e9dicos enfocados en la investigaci\u00f3n en neurociencia humana. En el ISD, es responsable del laboratorio de investigaci\u00f3n humana.<\/p>\t\t\t\t\t\t\t\t<\/div>\n\t\t\t\t<\/div>\n\t\t\t\t<\/div>\n\t\t\t\t\t<\/div>\n\t\t\t\t<\/div>\n\t\t\t\t\t<\/div>\n\t\t\t\t<\/div>\n\t\t<div class=\"elementor-element elementor-element-7359ee3 e-flex e-con-boxed e-con e-parent\" data-id=\"7359ee3\" data-element_type=\"container\">\n\t\t\t\t\t<div class=\"e-con-inner\">\n\t\t<div class=\"elementor-element elementor-element-0988c9b e-flex e-con-boxed e-con e-child\" data-id=\"0988c9b\" data-element_type=\"container\">\n\t\t\t\t\t<div class=\"e-con-inner\">\n\t\t<div class=\"elementor-element elementor-element-e972ab2 e-con-full e-flex e-con e-child\" data-id=\"e972ab2\" data-element_type=\"container\">\n\t\t\t\t<div class=\"elementor-element elementor-element-c64c6a4 elementor-widget__width-initial elementor-widget elementor-widget-image\" data-id=\"c64c6a4\" data-element_type=\"widget\" data-widget_type=\"image.default\">\n\t\t\t\t<div class=\"elementor-widget-container\">\n\t\t\t\t\t\t\t\t\t\t\t\t\t\t\t<img decoding=\"async\" src=\"https:\/\/institutosantosdumont.org.br\/wp-content\/uploads\/2025\/09\/4.webp\" title=\"4\" alt=\"4\" loading=\"lazy\" \/>\t\t\t\t\t\t\t\t\t\t\t\t\t\t\t<\/div>\n\t\t\t\t<\/div>\n\t\t\t\t<\/div>\n\t\t<div class=\"elementor-element elementor-element-d875e3e e-con-full e-flex e-con e-child\" data-id=\"d875e3e\" data-element_type=\"container\">\n\t\t\t\t<div class=\"elementor-element elementor-element-9afd550 elementor-widget elementor-widget-text-editor\" data-id=\"9afd550\" data-element_type=\"widget\" data-widget_type=\"text-editor.default\">\n\t\t\t\t<div class=\"elementor-widget-container\">\n\t\t\t\t\t\t\t\t\t<h5><b>Rafael Guedes Augusto de Oliveira<\/b><\/h5>\t\t\t\t\t\t\t\t<\/div>\n\t\t\t\t<\/div>\n\t\t\t\t<div class=\"elementor-element elementor-element-38fabaf elementor-widget elementor-widget-text-editor\" data-id=\"38fabaf\" data-element_type=\"widget\" data-widget_type=\"text-editor.default\">\n\t\t\t\t<div class=\"elementor-widget-container\">\n\t\t\t\t\t\t\t\t\t<p><a href=\"http:\/\/lattes.cnpq.br\/6156382699121472\" target=\"_blank\" rel=\"noopener noreferrer nofollow\"><em><strong>CV Lattes<\/strong><\/em><\/a><\/p><p>Es licenciado en Ingenier\u00eda Mecatr\u00f3nica por la UFRN (2023) y actualmente cursa una maestr\u00eda en el Programa de Posgrado en Ingenier\u00eda El\u00e9ctrica e Inform\u00e1tica (PPgEEC\/UFRN). Tiene experiencia en control y automatizaci\u00f3n, as\u00ed como en el desarrollo y construcci\u00f3n de circuitos impresos. En el ISD, dirige el laboratorio de Neuroingenier\u00eda, donde se realizan procesos de impresi\u00f3n 3D, soldadura y mecanizado de placas.<\/p>\t\t\t\t\t\t\t\t<\/div>\n\t\t\t\t<\/div>\n\t\t\t\t<\/div>\n\t\t\t\t\t<\/div>\n\t\t\t\t<\/div>\n\t\t\t\t\t<\/div>\n\t\t\t\t<\/div>\n\t\t<div class=\"elementor-element elementor-element-287b5a2 e-flex e-con-boxed e-con e-parent\" data-id=\"287b5a2\" data-element_type=\"container\">\n\t\t\t\t\t<div class=\"e-con-inner\">\n\t\t\t\t<div class=\"elementor-element elementor-element-309aa53 elementor-widget-divider--view-line elementor-widget elementor-widget-divider\" data-id=\"309aa53\" data-element_type=\"widget\" data-widget_type=\"divider.default\">\n\t\t\t\t<div class=\"elementor-widget-container\">\n\t\t\t\t\t\t\t<div class=\"elementor-divider\">\n\t\t\t<span class=\"elementor-divider-separator\">\n\t\t\t\t\t\t<\/span>\n\t\t<\/div>\n\t\t\t\t\t\t<\/div>\n\t\t\t\t<\/div>\n\t\t\t\t\t<\/div>\n\t\t\t\t<\/div>\n\t\t<div class=\"elementor-element elementor-element-558abd0 e-flex e-con-boxed e-con e-parent\" data-id=\"558abd0\" data-element_type=\"container\">\n\t\t\t\t\t<div class=\"e-con-inner\">\n\t\t\t\t<div class=\"elementor-element elementor-element-a8803a1 elementor-widget elementor-widget-text-editor\" data-id=\"a8803a1\" data-element_type=\"widget\" data-widget_type=\"text-editor.default\">\n\t\t\t\t<div class=\"elementor-widget-container\">\n\t\t\t\t\t\t\t\t\t<h5 style=\"text-align: center;\"><strong>Conozca a nuestro equipo t\u00e9cnico responsable del vivero y centro quir\u00fargico:<\/strong><\/h5>\t\t\t\t\t\t\t\t<\/div>\n\t\t\t\t<\/div>\n\t\t\t\t\t<\/div>\n\t\t\t\t<\/div>\n\t\t<div class=\"elementor-element elementor-element-f141235 e-flex e-con-boxed e-con e-parent\" data-id=\"f141235\" data-element_type=\"container\">\n\t\t\t\t\t<div class=\"e-con-inner\">\n\t\t<div class=\"elementor-element elementor-element-d233269 e-flex e-con-boxed e-con e-child\" data-id=\"d233269\" data-element_type=\"container\">\n\t\t\t\t\t<div class=\"e-con-inner\">\n\t\t<div class=\"elementor-element elementor-element-d45116d e-con-full e-flex e-con e-child\" data-id=\"d45116d\" data-element_type=\"container\">\n\t\t\t\t<div class=\"elementor-element elementor-element-042be60 elementor-widget elementor-widget-image\" data-id=\"042be60\" data-element_type=\"widget\" data-widget_type=\"image.default\">\n\t\t\t\t<div class=\"elementor-widget-container\">\n\t\t\t\t\t\t\t\t\t\t\t\t\t\t\t<img decoding=\"async\" src=\"https:\/\/institutosantosdumont.org.br\/wp-content\/uploads\/2023\/11\/1-1.png\" title=\"1\" alt=\"1\" loading=\"lazy\" \/>\t\t\t\t\t\t\t\t\t\t\t\t\t\t\t<\/div>\n\t\t\t\t<\/div>\n\t\t\t\t<\/div>\n\t\t<div class=\"elementor-element elementor-element-6712316 e-con-full e-flex e-con e-child\" data-id=\"6712316\" data-element_type=\"container\">\n\t\t\t\t<div class=\"elementor-element elementor-element-884867d elementor-widget elementor-widget-text-editor\" data-id=\"884867d\" data-element_type=\"widget\" data-widget_type=\"text-editor.default\">\n\t\t\t\t<div class=\"elementor-widget-container\">\n\t\t\t\t\t\t\t\t\t<h5><strong>Val\u00e9ria Arbo\u00e9s Petronilo<\/strong><\/h5>\t\t\t\t\t\t\t\t<\/div>\n\t\t\t\t<\/div>\n\t\t\t\t<div class=\"elementor-element elementor-element-b2a448b elementor-widget elementor-widget-text-editor\" data-id=\"b2a448b\" data-element_type=\"widget\" data-widget_type=\"text-editor.default\">\n\t\t\t\t<div class=\"elementor-widget-container\">\n\t\t\t\t\t\t\t\t\t<p><strong><a href=\"http:\/\/lattes.cnpq.br\/1078366966015907\" target=\"_blank\" rel=\"noopener noreferrer nofollow\"><em>CV Lattes<\/em><\/a><br \/><br \/><\/strong>Licenciada en Medicina Veterinaria (2004) por la Universidad Federal Rural de Pernambuco (UFRPE), act\u00faa como veterinaria en el ISD, donde desde 2006 es Responsable T\u00e9cnica de la creaci\u00f3n y experimentaci\u00f3n del vivero. Es coordinadora del Comit\u00e9 de \u00c9tica para el Uso de Animales de ISD, con experiencia en medicina veterinaria para animales de laboratorio, bioter\u00eda; Bio\u00e9tica y bioseguridad en la experimentaci\u00f3n animal. Actual, principalmente, en los siguientes temas: manejo, cr\u00eda, salud y bienestar de animales de experimentaci\u00f3n, Cirug\u00eda estereot\u00e1xica experimental en roedores y tit\u00edes. En el vivero planifica, supervisa, act\u00faa y vigila los procesos y cuidados de las especies animales utilizadas en la investigaci\u00f3n y la docencia, adem\u00e1s de prestar asistencia y cuidados b\u00e1sicos a los animales y otras responsabilidades. En investigaci\u00f3n, orienta y desarrolla la formaci\u00f3n de t\u00e9cnicos e investigadores sobre el manejo, manipulaci\u00f3n y procedimientos realizados con animales.<\/p>\t\t\t\t\t\t\t\t<\/div>\n\t\t\t\t<\/div>\n\t\t\t\t<\/div>\n\t\t\t\t\t<\/div>\n\t\t\t\t<\/div>\n\t\t\t\t\t<\/div>\n\t\t\t\t<\/div>\n\t\t<div class=\"elementor-element elementor-element-05d21e7 e-flex e-con-boxed e-con e-parent\" data-id=\"05d21e7\" data-element_type=\"container\">\n\t\t\t\t\t<div class=\"e-con-inner\">\n\t\t<div class=\"elementor-element elementor-element-c8a5187 e-flex e-con-boxed e-con e-child\" data-id=\"c8a5187\" data-element_type=\"container\">\n\t\t\t\t\t<div class=\"e-con-inner\">\n\t\t<div class=\"elementor-element elementor-element-a616113 e-con-full e-flex e-con e-child\" data-id=\"a616113\" data-element_type=\"container\">\n\t\t\t\t<div class=\"elementor-element elementor-element-6c15580 elementor-widget elementor-widget-image\" data-id=\"6c15580\" data-element_type=\"widget\" data-widget_type=\"image.default\">\n\t\t\t\t<div class=\"elementor-widget-container\">\n\t\t\t\t\t\t\t\t\t\t\t\t\t\t\t<img decoding=\"async\" src=\"https:\/\/institutosantosdumont.org.br\/wp-content\/uploads\/2023\/11\/3-1.png\" title=\"3\" alt=\"3\" loading=\"lazy\" \/>\t\t\t\t\t\t\t\t\t\t\t\t\t\t\t<\/div>\n\t\t\t\t<\/div>\n\t\t\t\t<\/div>\n\t\t<div class=\"elementor-element elementor-element-c1b7e81 e-con-full e-flex e-con e-child\" data-id=\"c1b7e81\" data-element_type=\"container\">\n\t\t\t\t<div class=\"elementor-element elementor-element-3207053 elementor-widget elementor-widget-text-editor\" data-id=\"3207053\" data-element_type=\"widget\" data-widget_type=\"text-editor.default\">\n\t\t\t\t<div class=\"elementor-widget-container\">\n\t\t\t\t\t\t\t\t\t<h5><strong>Alexandre Magno de Freitas Dias<\/strong><\/h5>\t\t\t\t\t\t\t\t<\/div>\n\t\t\t\t<\/div>\n\t\t\t\t<div class=\"elementor-element elementor-element-bc6fec9 elementor-widget elementor-widget-text-editor\" data-id=\"bc6fec9\" data-element_type=\"widget\" data-widget_type=\"text-editor.default\">\n\t\t\t\t<div class=\"elementor-widget-container\">\n\t\t\t\t\t\t\t\t\t<p>Complet\u00f3 la educaci\u00f3n primaria en la Escola Estadual Henrique Castricano de Sousa. Se desempe\u00f1a como Asistente de Vivarium en el Instituto Santos Dumont desde 2009. Tiene experiencia en el manejo de animales de laboratorio, con enfoque en tit\u00edes. En el vivero, es responsable del manejo, control y cuidado de los animales del vivero de tit\u00edes, incluida la reproducci\u00f3n, desde el apareamiento hasta el destete. Ayuda a los investigadores a manipular y controlar animales; mantiene la limpieza y organizaci\u00f3n del ambiente, prepara y pone a disposici\u00f3n de los animales los alimentos.<\/p>\t\t\t\t\t\t\t\t<\/div>\n\t\t\t\t<\/div>\n\t\t\t\t<\/div>\n\t\t\t\t\t<\/div>\n\t\t\t\t<\/div>\n\t\t\t\t\t<\/div>\n\t\t\t\t<\/div>\n\t\t<div class=\"elementor-element elementor-element-baee266 e-flex e-con-boxed e-con e-parent\" data-id=\"baee266\" data-element_type=\"container\">\n\t\t\t\t\t<div class=\"e-con-inner\">\n\t\t<div class=\"elementor-element elementor-element-d192530 e-flex e-con-boxed e-con e-child\" data-id=\"d192530\" data-element_type=\"container\">\n\t\t\t\t\t<div class=\"e-con-inner\">\n\t\t<div class=\"elementor-element elementor-element-3113221 e-con-full e-flex e-con e-child\" data-id=\"3113221\" data-element_type=\"container\">\n\t\t\t\t<div class=\"elementor-element elementor-element-eee9421 elementor-widget elementor-widget-image\" data-id=\"eee9421\" data-element_type=\"widget\" data-widget_type=\"image.default\">\n\t\t\t\t<div class=\"elementor-widget-container\">\n\t\t\t\t\t\t\t\t\t\t\t\t\t\t\t<img decoding=\"async\" src=\"https:\/\/institutosantosdumont.org.br\/wp-content\/uploads\/2023\/11\/4-1.png\" title=\"4\" alt=\"4\" loading=\"lazy\" \/>\t\t\t\t\t\t\t\t\t\t\t\t\t\t\t<\/div>\n\t\t\t\t<\/div>\n\t\t\t\t<\/div>\n\t\t<div class=\"elementor-element elementor-element-ce57e02 e-con-full e-flex e-con e-child\" data-id=\"ce57e02\" data-element_type=\"container\">\n\t\t\t\t<div class=\"elementor-element elementor-element-3536b62 elementor-widget elementor-widget-text-editor\" data-id=\"3536b62\" data-element_type=\"widget\" data-widget_type=\"text-editor.default\">\n\t\t\t\t<div class=\"elementor-widget-container\">\n\t\t\t\t\t\t\t\t\t<h5><strong>Sergio Caciano de Oliveira Neto<\/strong><\/h5>\t\t\t\t\t\t\t\t<\/div>\n\t\t\t\t<\/div>\n\t\t\t\t<div class=\"elementor-element elementor-element-385e3b8 elementor-widget elementor-widget-text-editor\" data-id=\"385e3b8\" data-element_type=\"widget\" data-widget_type=\"text-editor.default\">\n\t\t\t\t<div class=\"elementor-widget-container\">\n\t\t\t\t\t\t\t\t\t<p>Licenciado en Geograf\u00eda por la Universidad Estadual Vale do Acara\u00fa (2011). Se desempe\u00f1a como Asistente de Vivarium en el Instituto Santos Dumont desde 2010. Tiene experiencia en el manejo de animales de laboratorio (ratas, ratones y tit\u00edes). En el vivero de roedores, es responsable del control y cuidado de los animales del vivero experimental; ayuda a los investigadores en el manejo y seguimiento de los animales; mantiene la limpieza y organizaci\u00f3n del medio ambiente; realiza control de existencias; garantiza el intercambio de jaulas y la disponibilidad de alimento para los animales.<\/p>\t\t\t\t\t\t\t\t<\/div>\n\t\t\t\t<\/div>\n\t\t\t\t<\/div>\n\t\t\t\t\t<\/div>\n\t\t\t\t<\/div>\n\t\t\t\t\t<\/div>\n\t\t\t\t<\/div>\n\t\t<div class=\"elementor-element elementor-element-fcc9dde e-flex e-con-boxed e-con e-parent\" data-id=\"fcc9dde\" data-element_type=\"container\">\n\t\t\t\t\t<div class=\"e-con-inner\">\n\t\t<div class=\"elementor-element elementor-element-6bddf3b e-flex e-con-boxed e-con e-child\" data-id=\"6bddf3b\" data-element_type=\"container\">\n\t\t\t\t\t<div class=\"e-con-inner\">\n\t\t<div class=\"elementor-element elementor-element-ef6b079 e-con-full e-flex e-con e-child\" data-id=\"ef6b079\" data-element_type=\"container\">\n\t\t\t\t<div class=\"elementor-element elementor-element-da3d56b elementor-widget elementor-widget-image\" data-id=\"da3d56b\" data-element_type=\"widget\" data-widget_type=\"image.default\">\n\t\t\t\t<div class=\"elementor-widget-container\">\n\t\t\t\t\t\t\t\t\t\t\t\t\t\t\t<img decoding=\"async\" src=\"https:\/\/institutosantosdumont.org.br\/wp-content\/uploads\/2023\/11\/2-1.png\" title=\"2\" alt=\"2\" loading=\"lazy\" \/>\t\t\t\t\t\t\t\t\t\t\t\t\t\t\t<\/div>\n\t\t\t\t<\/div>\n\t\t\t\t<\/div>\n\t\t<div class=\"elementor-element elementor-element-a020b72 e-con-full e-flex e-con e-child\" data-id=\"a020b72\" data-element_type=\"container\">\n\t\t\t\t<div class=\"elementor-element elementor-element-4751ba7 elementor-widget elementor-widget-text-editor\" data-id=\"4751ba7\" data-element_type=\"widget\" data-widget_type=\"text-editor.default\">\n\t\t\t\t<div class=\"elementor-widget-container\">\n\t\t\t\t\t\t\t\t\t<h5><strong>Sidney Pereira da Cruz<\/strong><\/h5>\t\t\t\t\t\t\t\t<\/div>\n\t\t\t\t<\/div>\n\t\t\t\t<div class=\"elementor-element elementor-element-33ddeda elementor-widget elementor-widget-text-editor\" data-id=\"33ddeda\" data-element_type=\"widget\" data-widget_type=\"text-editor.default\">\n\t\t\t\t<div class=\"elementor-widget-container\">\n\t\t\t\t\t\t\t\t\t<p>Realiz\u00f3 sus estudios secundarios en la Escola Estadual Mario Franciscon (2001). Se desempe\u00f1a como Asistente de Vivero en el Instituto Santos Dumont desde 2010. En el vivero de roedores es responsable del control y cuidado de los animales, incluida la reproducci\u00f3n, desde el apareamiento hasta el destete; ayuda a los investigadores en el manejo y seguimiento de los animales; gestiona y controla a los animales; mantiene la limpieza y organizaci\u00f3n del medio ambiente; realiza control de existencias; garantiza el intercambio de jaulas y la disponibilidad de alimento para los animales.<\/p>\t\t\t\t\t\t\t\t<\/div>\n\t\t\t\t<\/div>\n\t\t\t\t<\/div>\n\t\t\t\t\t<\/div>\n\t\t\t\t<\/div>\n\t\t\t\t\t<\/div>\n\t\t\t\t<\/div>\n\t\t\t\t<\/div>","protected":false},"excerpt":{"rendered":"<p>El Instituto Santos Dumont cuenta con un equipo cualificado de t\u00e9cnicos de investigaci\u00f3n y desarrollo disponibles para asistir en la realizaci\u00f3n de experimentos en nuestras instalaciones. En total, la instituci\u00f3n cuenta con cuatro t\u00e9cnicos de apoyo a la investigaci\u00f3n y el desarrollo, que trabajan en cuatro \u00e1reas principales: Electrofisiolog\u00eda y Comportamiento Animal (incluida la Neuropr\u00f3tesis); [\u2026]<\/p>","protected":false},"author":10,"featured_media":0,"parent":0,"menu_order":0,"comment_status":"closed","ping_status":"closed","template":"","meta":{"_acf_changed":false,"footnotes":""},"class_list":["post-28054","page","type-page","status-publish","hentry"],"acf":[],"_links":{"self":[{"href":"https:\/\/institutosantosdumont.org.br\/es\/wp-json\/wp\/v2\/pages\/28054","targetHints":{"allow":["GET"]}}],"collection":[{"href":"https:\/\/institutosantosdumont.org.br\/es\/wp-json\/wp\/v2\/pages"}],"about":[{"href":"https:\/\/institutosantosdumont.org.br\/es\/wp-json\/wp\/v2\/types\/page"}],"author":[{"embeddable":true,"href":"https:\/\/institutosantosdumont.org.br\/es\/wp-json\/wp\/v2\/users\/10"}],"replies":[{"embeddable":true,"href":"https:\/\/institutosantosdumont.org.br\/es\/wp-json\/wp\/v2\/comments?post=28054"}],"version-history":[{"count":15,"href":"https:\/\/institutosantosdumont.org.br\/es\/wp-json\/wp\/v2\/pages\/28054\/revisions"}],"predecessor-version":[{"id":33661,"href":"https:\/\/institutosantosdumont.org.br\/es\/wp-json\/wp\/v2\/pages\/28054\/revisions\/33661"}],"wp:attachment":[{"href":"https:\/\/institutosantosdumont.org.br\/es\/wp-json\/wp\/v2\/media?parent=28054"}],"curies":[{"name":"wp","href":"https:\/\/api.w.org\/{rel}","templated":true}]}}