{"id":29147,"date":"2024-05-10T14:48:31","date_gmt":"2024-05-10T17:48:31","guid":{"rendered":"https:\/\/www.institutosantosdumont.org.br\/?page_id=29147"},"modified":"2025-03-24T14:19:55","modified_gmt":"2025-03-24T17:19:55","slug":"jornada-da-rede-de-cuidados-pcd","status":"publish","type":"page","link":"https:\/\/institutosantosdumont.org.br\/es\/jornada-da-rede-de-cuidados-pcd\/","title":{"rendered":"D\u00eda de la Red de Atenci\u00f3n a Personas con Discapacidad"},"content":{"rendered":"<div data-elementor-type=\"wp-post\" data-elementor-id=\"29147\" class=\"elementor elementor-29147\" data-elementor-post-type=\"page\">\n\t\t\t\t\t\t<section class=\"elementor-section elementor-top-section elementor-element elementor-element-ccaf8a1 elementor-section-boxed elementor-section-height-default elementor-section-height-default\" data-id=\"ccaf8a1\" data-element_type=\"section\">\n\t\t\t\t\t\t<div class=\"elementor-container elementor-column-gap-default\">\n\t\t\t\t\t<div class=\"elementor-column elementor-col-100 elementor-top-column elementor-element elementor-element-c0a182d\" data-id=\"c0a182d\" data-element_type=\"column\">\n\t\t\t<div class=\"elementor-widget-wrap elementor-element-populated\">\n\t\t\t\t\t\t<div class=\"elementor-element elementor-element-528d32b elementor-widget elementor-widget-text-editor\" data-id=\"528d32b\" data-element_type=\"widget\" data-widget_type=\"text-editor.default\">\n\t\t\t\t<div class=\"elementor-widget-container\">\n\t\t\t\t\t\t\t\t\t<p><img fetchpriority=\"high\" decoding=\"async\" class=\"aligncenter size-full wp-image-31902\" src=\"https:\/\/institutosantosdumont.org.br\/wp-content\/uploads\/2025\/03\/Jornada-Rede-de-Cuidados-a-Pessoa-com-Deficiencia.png\" alt=\"\" width=\"598\" height=\"118\" srcset=\"https:\/\/institutosantosdumont.org.br\/wp-content\/uploads\/2025\/03\/Jornada-Rede-de-Cuidados-a-Pessoa-com-Deficiencia.png 598w, https:\/\/institutosantosdumont.org.br\/wp-content\/uploads\/2025\/03\/Jornada-Rede-de-Cuidados-a-Pessoa-com-Deficiencia-300x59.png 300w, https:\/\/institutosantosdumont.org.br\/wp-content\/uploads\/2025\/03\/Jornada-Rede-de-Cuidados-a-Pessoa-com-Deficiencia-18x4.png 18w\" sizes=\"(max-width: 598px) 100vw, 598px\" \/><\/p><div><p><span style=\"font-weight: 400;\">La Jornada de la Red de Atenci\u00f3n a Personas con Discapacidad de Rio Grande do Norte es una <\/span><b>evento anual de divulgaci\u00f3n<\/b><span style=\"font-weight: 400;\">\u00a0organizado por ISD, cuyo objetivo principal es promover acciones de atenci\u00f3n centradas en el paciente y la familia con car\u00e1cter investigador, docente y de extensi\u00f3n, as\u00ed como fortalecer la integraci\u00f3n entre usuarios y trabajadores que trabajan en la rehabilitaci\u00f3n de pacientes.\u00a0<\/span><\/p><p><span style=\"font-weight: 400;\">La segunda edici\u00f3n del evento tendr\u00e1 lugar los d\u00edas <strong>4, 5 y <\/strong><\/span><b>6 de junio de 2025<\/b><span style=\"font-weight: 400;\">, en las instalaciones del Instituto Internacional de Neurociencias Edmond y Liliy Safra (IIN-ELS), y tendr\u00e1 como tema \u201cTransformaci\u00f3n del Cuidado: PTS como camino\u201d.<\/span><\/p><p><span style=\"font-weight: 400;\">Reforzando el papel de<\/span><b> Centro de Rehabilitaci\u00f3n Especializada (CER) de ISD<\/b><span style=\"font-weight: 400;\"> Como ambiente de integraci\u00f3n entre docencia, servicio y comunidad, el evento busca fortalecer la Red RN PcD, reuniendo agentes de diferentes<\/span> <span style=\"font-weight: 400;\">centros de rehabilitaci\u00f3n en torno a temas de relevancia cient\u00edfica y social, con actualizaciones en conocimientos, habilidades, innovaci\u00f3n y tecnolog\u00edas sanitarias.<\/span><\/p><\/div>\t\t\t\t\t\t\t\t<\/div>\n\t\t\t\t<\/div>\n\t\t\t\t\t<\/div>\n\t\t<\/div>\n\t\t\t\t\t<\/div>\n\t\t<\/section>\n\t\t\t\t<section class=\"elementor-section elementor-top-section elementor-element elementor-element-ca3afd0 elementor-section-boxed elementor-section-height-default elementor-section-height-default\" data-id=\"ca3afd0\" data-element_type=\"section\">\n\t\t\t\t\t\t<div class=\"elementor-container elementor-column-gap-default\">\n\t\t\t\t\t<div class=\"elementor-column elementor-col-100 elementor-top-column elementor-element elementor-element-4f45d43\" data-id=\"4f45d43\" data-element_type=\"column\">\n\t\t\t<div class=\"elementor-widget-wrap elementor-element-populated\">\n\t\t\t\t<div class=\"elementor-element elementor-element-4efcfb1 e-flex e-con-boxed e-con e-parent\" data-id=\"4efcfb1\" data-element_type=\"container\">\n\t\t\t\t\t<div class=\"e-con-inner\">\n\t\t\t\t<div class=\"elementor-element elementor-element-60186ef elementor-widget elementor-widget-text-editor\" data-id=\"60186ef\" data-element_type=\"widget\" data-widget_type=\"text-editor.default\">\n\t\t\t\t<div class=\"elementor-widget-container\">\n\t\t\t\t\t\t\t\t\t<p><b>Inscripci\u00f3n y presentaci\u00f3n de trabajos<\/b><\/p><p>La inscripci\u00f3n y presentaci\u00f3n de trabajos se podr\u00e1 realizar a trav\u00e9s de <a href=\"https:\/\/eventos.congresse.me\/jornadapcdrn\/edicoes\/jornadapcdrn\" target=\"_blank\" rel=\"noopener noreferrer nofollow\">sitio web oficial del Viaje<\/a>. Las plazas son limitadas.<\/p>\t\t\t\t\t\t\t\t<\/div>\n\t\t\t\t<\/div>\n\t\t\t\t\t<\/div>\n\t\t\t\t<\/div>\n\t\t\t\t<div class=\"elementor-element elementor-element-9f0e47f elementor-button-success elementor-align-center elementor-widget elementor-widget-button\" data-id=\"9f0e47f\" data-element_type=\"widget\" data-widget_type=\"button.default\">\n\t\t\t\t<div class=\"elementor-widget-container\">\n\t\t\t\t\t\t\t\t\t<div class=\"elementor-button-wrapper\">\n\t\t\t\t\t<a class=\"elementor-button elementor-button-link elementor-size-sm\" href=\"https:\/\/eventos.congresse.me\/jornadapcdrn\/edicoes\/jornadapcdrn\" target=\"_blank\" rel=\"noopener noreferrer nofollow\">\n\t\t\t\t\t\t<span class=\"elementor-button-content-wrapper\">\n\t\t\t\t\t\t\t\t\t<span class=\"elementor-button-text\">SITIO OFICIAL<\/span>\n\t\t\t\t\t<\/span>\n\t\t\t\t\t<\/a>\n\t\t\t\t<\/div>\n\t\t\t\t\t\t\t\t<\/div>\n\t\t\t\t<\/div>\n\t\t<div class=\"elementor-element elementor-element-2d44442 e-flex e-con-boxed e-con e-parent\" data-id=\"2d44442\" data-element_type=\"container\">\n\t\t\t\t\t<div class=\"e-con-inner\">\n\t\t\t\t<div class=\"elementor-element elementor-element-6c13011 elementor-widget elementor-widget-text-editor\" data-id=\"6c13011\" data-element_type=\"widget\" data-widget_type=\"text-editor.default\">\n\t\t\t\t<div class=\"elementor-widget-container\">\n\t\t\t\t\t\t\t\t\t<p><b>\u00a0<\/b><\/p><p><b>Anales de<\/b><b style=\"color: var( --e-global-color-text ); font-family: var( --e-global-typography-text-font-family ), Sans-serif; text-align: var(--text-align);\">\u00a01er d\u00eda de la red\u00a0<\/b><b style=\"color: var( --e-global-color-text ); font-family: var( --e-global-typography-text-font-family ), Sans-serif; text-align: var(--text-align);\">Cuidado personal\u00a0<\/b><b style=\"color: var( --e-global-color-text ); font-family: var( --e-global-typography-text-font-family ), Sans-serif; text-align: var(--text-align);\">con discapacidad\u00a0<\/b><b style=\"color: var( --e-global-color-text ); font-family: var( --e-global-typography-text-font-family ), Sans-serif; text-align: var(--text-align);\">R\u00edo Grande del Norte<\/b><\/p><p><span style=\"color: var( --e-global-color-text ); font-family: var( --e-global-typography-text-font-family ), Sans-serif; font-weight: var( --e-global-typography-text-font-weight ); text-align: var(--text-align);\">Haga clic en el bot\u00f3n a continuaci\u00f3n para ver las actas del evento.\u00a0<\/span><\/p>\t\t\t\t\t\t\t\t<\/div>\n\t\t\t\t<\/div>\n\t\t\t\t\t<\/div>\n\t\t\t\t<\/div>\n\t\t\t\t<div class=\"elementor-element elementor-element-b5dced6 elementor-button-success elementor-align-center elementor-widget elementor-widget-button\" data-id=\"b5dced6\" data-element_type=\"widget\" data-widget_type=\"button.default\">\n\t\t\t\t<div class=\"elementor-widget-container\">\n\t\t\t\t\t\t\t\t\t<div class=\"elementor-button-wrapper\">\n\t\t\t\t\t<a class=\"elementor-button elementor-button-link elementor-size-sm\" href=\"https:\/\/institutosantosdumont.org.br\/wp-content\/uploads\/2024\/11\/Anais-da-I-Jornada-da-Rede-de-Cuidados-a-Pessoa-com-Deficiencia-do-Rio-Grande-do-Norte.pdf\" target=\"_blank\">\n\t\t\t\t\t\t<span class=\"elementor-button-content-wrapper\">\n\t\t\t\t\t\t\t\t\t<span class=\"elementor-button-text\">ANUNCIOS DE EVENTOS<\/span>\n\t\t\t\t\t<\/span>\n\t\t\t\t\t<\/a>\n\t\t\t\t<\/div>\n\t\t\t\t\t\t\t\t<\/div>\n\t\t\t\t<\/div>\n\t\t\t\t\t<\/div>\n\t\t<\/div>\n\t\t\t\t\t<\/div>\n\t\t<\/section>\n\t\t<div class=\"elementor-element elementor-element-0baa059 e-flex e-con-boxed e-con e-parent\" data-id=\"0baa059\" data-element_type=\"container\">\n\t\t\t\t\t<div class=\"e-con-inner\">\n\t\t\t\t\t<\/div>\n\t\t\t\t<\/div>\n\t\t\t\t<\/div>","protected":false},"excerpt":{"rendered":"<p>La Jornada de Atenci\u00f3n a la Red de Personas con Discapacidad de Rio Grande do Norte es un evento anual de divulgaci\u00f3n organizado por el ISD, cuyo principal objetivo es promover acciones de atenci\u00f3n centradas en el paciente y la familia con car\u00e1cter de investigaci\u00f3n, docencia y extensi\u00f3n, as\u00ed como fortalecer la integraci\u00f3n entre usuarios y trabajadores que act\u00faan en [\u2026]<\/p>","protected":false},"author":10,"featured_media":0,"parent":0,"menu_order":0,"comment_status":"closed","ping_status":"closed","template":"","meta":{"_acf_changed":false,"footnotes":""},"class_list":["post-29147","page","type-page","status-publish","hentry"],"acf":[],"_links":{"self":[{"href":"https:\/\/institutosantosdumont.org.br\/es\/wp-json\/wp\/v2\/pages\/29147","targetHints":{"allow":["GET"]}}],"collection":[{"href":"https:\/\/institutosantosdumont.org.br\/es\/wp-json\/wp\/v2\/pages"}],"about":[{"href":"https:\/\/institutosantosdumont.org.br\/es\/wp-json\/wp\/v2\/types\/page"}],"author":[{"embeddable":true,"href":"https:\/\/institutosantosdumont.org.br\/es\/wp-json\/wp\/v2\/users\/10"}],"replies":[{"embeddable":true,"href":"https:\/\/institutosantosdumont.org.br\/es\/wp-json\/wp\/v2\/comments?post=29147"}],"version-history":[{"count":9,"href":"https:\/\/institutosantosdumont.org.br\/es\/wp-json\/wp\/v2\/pages\/29147\/revisions"}],"predecessor-version":[{"id":31971,"href":"https:\/\/institutosantosdumont.org.br\/es\/wp-json\/wp\/v2\/pages\/29147\/revisions\/31971"}],"wp:attachment":[{"href":"https:\/\/institutosantosdumont.org.br\/es\/wp-json\/wp\/v2\/media?parent=29147"}],"curies":[{"name":"wp","href":"https:\/\/api.w.org\/{rel}","templated":true}]}}